{"id":1001386030,"date":"2019-05-29T09:39:45","date_gmt":"2019-05-29T07:39:45","guid":{"rendered":"https:\/\/www.rupes.com\/?page_id=1001386030"},"modified":"2019-05-29T10:59:01","modified_gmt":"2019-05-29T08:59:01","slug":"economie-denergie-elevee","status":"publish","type":"page","link":"https:\/\/www.rupes.com\/fr\/systeme-daspiration\/economie-denergie-elevee\/","title":{"rendered":"\u00c9CONOMIE D\u2019\u00c9NERGIE \u00c9LEV\u00c9E"},"content":{"rendered":"<h2>SYST\u00c8ME \u00c0 \u00c9CONOMIE D\u2019\u00c9NERGIE \u00c9LEV\u00c9E et \u00c0 <em>HAUTES PERFORMANCES D\u2019ASPIRATION<\/em><\/h2>\n<p>Les unit\u00e9s d\u2019aspiration RUPES permettent de r\u00e9aliser des petites, moyennes et grandes installations industrielles.  Les <strong>performances \u00e9lev\u00e9es<\/strong> d\u2019aspiration et <strong>l\u2019efficacit\u00e9 \u00e9nerg\u00e9tique<\/strong> \u00e9lev\u00e9e garantissent des <strong>\u00e9conomies d\u2019\u00e9nergie maximales<\/strong> pendant le cycle de production, r\u00e9duisant les co\u00fbts de production. <\/p>\n<p>Les unit\u00e9s d\u2019aspiration RUPES avec <strong>SYST\u00c8ME ONDULEUR<\/strong> permettent de g\u00e9rer la consommation d\u2019\u00e9nergie en mode automatique, ce qui permet de r\u00e9aliser <strong>d\u2019importantes \u00e9conomies d\u2019\u00e9nergie<\/strong> et de <strong>hautes performances<\/strong> dans de nombreuses applications industrielles.<\/p>\n<p><img decoding=\"async\" class=\"aligncenter\" src=\"https:\/\/www.rupes.com\/wp-content\/uploads\/2019\/05\/ico_energetico-150x150.png\" alt=\"\" width=\"100\" height=\"100\" \/><\/p>\n<hr \/>\n<h3 style=\"text-align: center;\"><strong>UNIT\u00c9S D\u2019ASPIRATION AVEC SYST\u00c8ME ONDULEUR<\/strong><\/h3>\n<p style=\"text-align: center;\">Des solutions id\u00e9ales \u00e0 <strong>haute efficacit\u00e9 \u00e9nerg\u00e9tique<\/strong> garantissant toujours des performances d\u2019aspiration maximales.<\/p>\n<p>&nbsp;<\/p>\n<div class=\"clearfix\">\n<p><img fetchpriority=\"high\" decoding=\"async\" class=\"aligncenter size-full\" src=\"https:\/\/www.rupes.com\/wp-content\/uploads\/2019\/05\/foto2.jpg\" alt=\"\" width=\"1600\" height=\"800\" \/><\/p>\n<\/div>\n<p>&nbsp;<\/p>\n<p>&nbsp;<\/p>\n","protected":false},"excerpt":{"rendered":"<p>SYST\u00c8ME \u00c0 \u00c9CONOMIE D\u2019\u00c9NERGIE \u00c9LEV\u00c9E et \u00c0 HAUTES PERFORMANCES D\u2019ASPIRATION Les unit\u00e9s d\u2019aspiration RUPES permettent de r\u00e9aliser des petites, moyennes et grandes installations industrielles. Les performances \u00e9lev\u00e9es d\u2019aspiration et l\u2019efficacit\u00e9 <\/p>\n","protected":false},"author":1,"featured_media":0,"parent":1001385987,"menu_order":0,"comment_status":"closed","ping_status":"closed","template":"page-dustextractionsystem.php","meta":{"_acf_changed":false,"footnotes":""},"class_list":["post-1001386030","page","type-page","status-publish","hentry"],"acf":{"scegliSlider":"default","addVideoSlider":false,"video":"","gallery":false,"full_page":false,"php_code":"","select_form":1001385778},"_links":{"self":[{"href":"https:\/\/www.rupes.com\/fr\/wp-json\/wp\/v2\/pages\/1001386030","targetHints":{"allow":["GET"]}}],"collection":[{"href":"https:\/\/www.rupes.com\/fr\/wp-json\/wp\/v2\/pages"}],"about":[{"href":"https:\/\/www.rupes.com\/fr\/wp-json\/wp\/v2\/types\/page"}],"author":[{"embeddable":true,"href":"https:\/\/www.rupes.com\/fr\/wp-json\/wp\/v2\/users\/1"}],"replies":[{"embeddable":true,"href":"https:\/\/www.rupes.com\/fr\/wp-json\/wp\/v2\/comments?post=1001386030"}],"version-history":[{"count":0,"href":"https:\/\/www.rupes.com\/fr\/wp-json\/wp\/v2\/pages\/1001386030\/revisions"}],"up":[{"embeddable":true,"href":"https:\/\/www.rupes.com\/fr\/wp-json\/wp\/v2\/pages\/1001385987"}],"wp:attachment":[{"href":"https:\/\/www.rupes.com\/fr\/wp-json\/wp\/v2\/media?parent=1001386030"}],"curies":[{"name":"wp","href":"https:\/\/api.w.org\/{rel}","templated":true}]}}