{"id":1001386016,"date":"2019-05-29T09:27:07","date_gmt":"2019-05-29T07:27:07","guid":{"rendered":"https:\/\/www.rupes.com\/?page_id=1001386016"},"modified":"2019-05-29T10:59:07","modified_gmt":"2019-05-29T08:59:07","slug":"technologie-de-filtrage","status":"publish","type":"page","link":"https:\/\/www.rupes.com\/fr\/systeme-daspiration\/technologie-de-filtrage\/","title":{"rendered":"TECHNOLOGIE DE FILTRAGE"},"content":{"rendered":"<h2>TECHNOLOGIE DE FILTRAGE \u00e0 <em>HAUTE EFFICACIT\u00c9<\/em><\/h2>\n<p>Gr\u00e2ce \u00e0 plus de <strong>40 ans d\u2019exp\u00e9rience, de recherche et de d\u00e9veloppement<\/strong> sur la classification des poussi\u00e8res et sur la technologie de filtrage, les unit\u00e9s d\u2019aspiration RUPES peuvent \u00eatre install\u00e9es dans de <strong>nombreuses applications industrielles diff\u00e9rentes<\/strong>, garantissant une efficacit\u00e9 de filtrage \u00e9lev\u00e9e (99,5% avec des poussi\u00e8res jusqu\u2019\u00e0 0, 3 [\u00b5m]) et une <strong>haute fiabilit\u00e9<\/strong> d\u2019utilisation.<\/p>\n<p><img decoding=\"async\" class=\"aligncenter \" src=\"https:\/\/www.rupes.com\/wp-content\/uploads\/2019\/05\/ico_filtrazione-150x150.png\" alt=\"\" width=\"130\" height=\"130\" \/><\/p>\n<hr \/>\n<div class=\"clearfix\"><\/div>\n<table style=\"border-spacing: 30px;\">\n<tbody>\n<tr>\n<td width=\"25%\"><img decoding=\"async\" class=\"size-medium aligncenter\" src=\"https:\/\/www.rupes.com\/wp-content\/uploads\/2019\/05\/tecnologia-filtrante_img1-300x300.jpg\" alt=\"\" \/><\/td>\n<td>\n<h3>SYST\u00c8ME DE FILTRAGE CYCLONIQUE<\/h3>\n<p>Gr\u00e2ce \u00e0 une entr\u00e9e tangentielle, le <strong>syst\u00e8me cyclonique RUPES<\/strong> s\u00e9pare les poussi\u00e8res du flux d\u2019air, for\u00e7ant ainsi les particules \u00e0 se d\u00e9poser sur le fond du r\u00e9cipient.<\/td>\n<\/tr>\n<\/tbody>\n<\/table>\n<table style=\"border-spacing: 30px;\">\n<tbody>\n<tr>\n<td>\n<h3>BOUCLIER CYCLONIQUE EN M\u00c9TAL<\/h3>\n<p>Le <strong>bouclier cyclonique en m\u00e9tal RUPES<\/strong> a \u00e9t\u00e9 con\u00e7u pour <strong>prot\u00e9ger<\/strong> le filtre contre les particules et les d\u00e9bris qui pourraient l\u2019endommager. Gr\u00e2ce aux <strong>micro-trous<\/strong> pr\u00e9sents \u00e0 sa surface, il garantit <strong>une efficacit\u00e9 de filtrage<\/strong> \u00e9lev\u00e9e tout en maintenant des <strong>performances d\u2019aspiration \u00e9lev\u00e9es<\/strong>.<\/td>\n<td width=\"25%\"><img decoding=\"async\" class=\"aligncenter size-medium\" src=\"https:\/\/www.rupes.com\/wp-content\/uploads\/2019\/05\/tecnologia-filtrante_img2-300x252.jpg\" alt=\"\" \/><\/td>\n<\/tr>\n<\/tbody>\n<\/table>\n<table style=\"border-spacing: 30px;\">\n<tbody>\n<tr>\n<td width=\"25%\"><img decoding=\"async\" class=\"aligncenter size-medium \" src=\"https:\/\/www.rupes.com\/wp-content\/uploads\/2019\/05\/tecnologia-filtrante_img5-300x300.jpg\" alt=\"\" \/><\/td>\n<td>\n<h3>FILTRE EN PTFE<\/h3>\n<p><strong>Les filtres<\/strong> pr\u00e9sents dans les unit\u00e9s d\u2019aspiration RUPES ont \u00e9t\u00e9 <strong>con\u00e7us et fabriqu\u00e9s<\/strong> avec une <strong>structure sp\u00e9ciale en m\u00e9tal<\/strong> et un <strong>mat\u00e9riau filtrant PTFE<\/strong> qui garantit de nombreuses applications intensives:<br \/>\n&#8211; <strong>Filtration \u00e0 haut rendement<\/strong> (99,5% avec des poussi\u00e8res de dimensions jusqu\u2019\u00e0 0,3 \u00b5m) ;<br \/>\n&#8211; <strong>R\u00e9sistance \u00c9lev\u00e9e dans le temps<\/strong> ;<br \/>\n&#8211; <strong>R\u00e9duction des co\u00fbts<\/strong> de maintenance.\n<\/td>\n<\/tr>\n<\/tbody>\n<\/table>\n<table style=\"border-spacing: 30px;\">\n<tbody>\n<tr>\n<td>\n<h3>SYST\u00c8ME DE NETTOYAGE AUTOMATIQUE ROTOR JET SYSTEM<\/h3>\n<p><strong>Le Rotor-Jet System de RUPES<\/strong> est le r\u00e9sultat d\u2019une <strong>\u00e9tude d\u2019ing\u00e9nierie pr\u00e9cise de recherche et de d\u00e9veloppement<\/strong> qui \u00e0 travers un jet d\u2019air comprim\u00e9 localis\u00e9 <strong>\u00e9limine<\/strong> la poussi\u00e8re de la surface filtrante du filtre.<br \/>\nCe syst\u00e8me de nettoyage automatique du filtre assure : <\/p>\n<p>&#8211; <strong>Un nettoyage direct et local<\/strong> de la surface filtrante \u00e0 haute pression ;<br \/>\n&#8211; <strong>Excellente performance<\/strong> d\u2019aspiration pendant l\u2019utilisation ;<br \/>\n&#8211; <strong>Plus longue dur\u00e9e de vie<\/strong> du filtre.<\/p>\n<\/td>\n<td width=\"25%\"><img decoding=\"async\" class=\"aligncenter size-medium\" src=\"https:\/\/www.rupes.com\/wp-content\/uploads\/2019\/05\/tecnologia-filtrante_img6-300x300.jpg\" alt=\"\" \/><\/td>\n<\/tr>\n<\/tbody>\n<\/table>\n","protected":false},"excerpt":{"rendered":"<p>TECHNOLOGIE DE FILTRAGE \u00e0 HAUTE EFFICACIT\u00c9 Gr\u00e2ce \u00e0 plus de 40 ans d\u2019exp\u00e9rience, de recherche et de d\u00e9veloppement sur la classification des poussi\u00e8res et sur la technologie de filtrage, les <\/p>\n","protected":false},"author":1,"featured_media":0,"parent":1001385987,"menu_order":0,"comment_status":"closed","ping_status":"closed","template":"page-dustextractionsystem.php","meta":{"_acf_changed":false,"footnotes":""},"class_list":["post-1001386016","page","type-page","status-publish","hentry"],"acf":{"scegliSlider":"default","addVideoSlider":false,"video":"","gallery":false,"full_page":false,"php_code":"","select_form":1001385778},"_links":{"self":[{"href":"https:\/\/www.rupes.com\/fr\/wp-json\/wp\/v2\/pages\/1001386016","targetHints":{"allow":["GET"]}}],"collection":[{"href":"https:\/\/www.rupes.com\/fr\/wp-json\/wp\/v2\/pages"}],"about":[{"href":"https:\/\/www.rupes.com\/fr\/wp-json\/wp\/v2\/types\/page"}],"author":[{"embeddable":true,"href":"https:\/\/www.rupes.com\/fr\/wp-json\/wp\/v2\/users\/1"}],"replies":[{"embeddable":true,"href":"https:\/\/www.rupes.com\/fr\/wp-json\/wp\/v2\/comments?post=1001386016"}],"version-history":[{"count":0,"href":"https:\/\/www.rupes.com\/fr\/wp-json\/wp\/v2\/pages\/1001386016\/revisions"}],"up":[{"embeddable":true,"href":"https:\/\/www.rupes.com\/fr\/wp-json\/wp\/v2\/pages\/1001385987"}],"wp:attachment":[{"href":"https:\/\/www.rupes.com\/fr\/wp-json\/wp\/v2\/media?parent=1001386016"}],"curies":[{"name":"wp","href":"https:\/\/api.w.org\/{rel}","templated":true}]}}