{"id":1001385987,"date":"2019-05-29T10:42:24","date_gmt":"2019-05-29T08:42:24","guid":{"rendered":"https:\/\/www.rupes.com\/?page_id=1001385987"},"modified":"2019-05-29T11:00:42","modified_gmt":"2019-05-29T09:00:42","slug":"systeme-daspiration","status":"publish","type":"page","link":"https:\/\/www.rupes.com\/fr\/systeme-daspiration\/","title":{"rendered":"Syst\u00e8me d\u2019Aspiration"},"content":{"rendered":"<h2>Syst\u00e8me d\u2019Aspiration <em>Centralis\u00e9e de Poussi\u00e8re<\/em><\/h2>\n<p>Le syst\u00e8me d\u2019aspiration centralis\u00e9e de poussi\u00e8re RUPES destin\u00e9 aux micro-poussi\u00e8res fines, est la <strong>solution id\u00e9ale<\/strong> pour travailler de mani\u00e8re <strong>professionnelle<\/strong>, s\u00fbre et efficace, tout en pr\u00e9servant la <strong>propret\u00e9 et la sant\u00e9<\/strong> du lieu de travail.  <\/p>\n<p>Les micro-poussi\u00e8res g\u00e9n\u00e9r\u00e9es lors du pon\u00e7age ou similaires peuvent \u00eatre extr\u00eamement nocives pour la sant\u00e9 si elles sont inhal\u00e9es par les op\u00e9rateurs. <\/p>\n<p>Le syst\u00e8me d\u2019aspiration centralis\u00e9e de poussi\u00e8re RUPES est capable d\u2019<strong>\u00e9liminer compl\u00e8tement<\/strong> la pr\u00e9sence de particules dans l\u2019environnement gr\u00e2ce \u00e0 sa <strong>technologie de filtration<\/strong> \u00e0 <strong>haute efficacit\u00e9<\/strong> et gr\u00e2ce \u00e0 l\u2019<strong>excellente performance d\u2019aspiration<\/strong> fournie \u00e0 plusieurs endroits de la zone de travail. <\/p>\n<div style=\"text-align: center;\">\n<div style=\"display: inline-block; margin: 0px 6px;\"><a style=\"color: #000; text-decoration: none;\" href=\"https:\/\/www.rupes.com\/fr\/systeme-daspiration\/economie-denergie-elevee\/\"><br \/>\n<img decoding=\"async\" class=\"aligncenter size-thumbnail \" src=\"https:\/\/www.rupes.com\/wp-content\/uploads\/2019\/05\/ico_energetico-150x150.png\" alt=\"\" width=\"80\" height=\"80\" \/><br \/>\n<strong>\u00c9conomie d\u2019\u00c9nergie<\/strong><\/a><\/div>\n<div style=\"display: inline-block; margin: 0px 6px;\"><a style=\"color: #000; text-decoration: none;\" href=\"https:\/\/www.rupes.com\/fr\/systeme-daspiration\/technologie-de-filtrage\/\"><br \/>\n<img decoding=\"async\" class=\"size-thumbnail  aligncenter\" src=\"https:\/\/www.rupes.com\/wp-content\/uploads\/2019\/05\/ico_filtrazione-150x150.png\" alt=\"\" width=\"80\" height=\"80\" \/><br \/>\n<strong>Technologie de filtrage<\/strong><\/a><\/div>\n<div style=\"display: inline-block; margin: 0px 6px;\"><a style=\"color: #000; text-decoration: none;\" href=\"https:\/\/www.rupes.com\/fr\/systeme-daspiration\/securite-et-protection\/\"><br \/>\n<img decoding=\"async\" class=\"aligncenter size-thumbnail\" src=\"https:\/\/www.rupes.com\/wp-content\/uploads\/2019\/05\/ico_protezione-150x150.png\" alt=\"\" width=\"80\" height=\"80\" \/><br \/>\n<strong>S\u00e9curit\u00e9 et protection<\/strong><\/a><\/div>\n<div style=\"display: inline-block; margin: 0px 6px;\"><a style=\"color: #000; text-decoration: none;\" href=\"https:\/\/www.rupes.com\/fr\/systeme-daspiration\/reduction-des-couts\/\"><br \/>\n<img loading=\"lazy\" decoding=\"async\" class=\"aligncenter size-thumbnail\" src=\"https:\/\/www.rupes.com\/wp-content\/uploads\/2019\/05\/ico_risparmio-150x150.png\" alt=\"\" width=\"80\" height=\"80\" \/><br \/>\n<strong>R\u00e9duction des co\u00fbts <\/strong><\/a><\/div>\n<div style=\"display: inline-block; margin: 0px 6px;\"><a style=\"color: #000; text-decoration: none;\" href=\"https:\/\/www.rupes.com\/fr\/systeme-daspiration\/technologie-intelligente\/\"><br \/>\n<img loading=\"lazy\" decoding=\"async\" class=\"aligncenter size-thumbnail \" src=\"https:\/\/www.rupes.com\/wp-content\/uploads\/2019\/05\/ico_innovazione-150x150.png\" alt=\"\" width=\"80\" height=\"80\" \/><br \/>\n<strong>Technologie Intelligente 4.0<\/strong><\/a><\/div>\n<div style=\"display: inline-block; margin: 0px 8px;\"><a style=\"color: #000; text-decoration: none;\" href=\"https:\/\/www.rupes.com\/fr\/systeme-daspiration\/conception-3d\/\"><br \/>\n<img loading=\"lazy\" decoding=\"async\" class=\"size-thumbnail aligncenter\" src=\"https:\/\/www.rupes.com\/wp-content\/uploads\/2019\/05\/project-150x150.png\" alt=\"\" width=\"80\" height=\"80\" \/><br \/>\n<strong>Conception 3D<\/strong><\/a><\/div>\n<\/div>\n<hr \/>\n<p>&nbsp;<\/p>\n<p><img loading=\"lazy\" decoding=\"async\" class=\"aligncenter size-full\" src=\"https:\/\/www.rupes.com\/wp-content\/uploads\/2019\/05\/foto1.jpg\" alt=\"\" width=\"1600\" height=\"717\" \/><\/p>\n","protected":false},"excerpt":{"rendered":"<p>Syst\u00e8me d\u2019Aspiration Centralis\u00e9e de Poussi\u00e8re Le syst\u00e8me d\u2019aspiration centralis\u00e9e de poussi\u00e8re RUPES destin\u00e9 aux micro-poussi\u00e8res fines, est la solution id\u00e9ale pour travailler de mani\u00e8re professionnelle, s\u00fbre et efficace, tout en <\/p>\n","protected":false},"author":1,"featured_media":0,"parent":0,"menu_order":0,"comment_status":"closed","ping_status":"closed","template":"page-dustextractionsystem.php","meta":{"_acf_changed":false,"footnotes":""},"class_list":["post-1001385987","page","type-page","status-publish","hentry"],"acf":{"scegliSlider":"default","addVideoSlider":false,"video":"","gallery":false,"full_page":false,"php_code":"","select_form":1001385778},"_links":{"self":[{"href":"https:\/\/www.rupes.com\/fr\/wp-json\/wp\/v2\/pages\/1001385987","targetHints":{"allow":["GET"]}}],"collection":[{"href":"https:\/\/www.rupes.com\/fr\/wp-json\/wp\/v2\/pages"}],"about":[{"href":"https:\/\/www.rupes.com\/fr\/wp-json\/wp\/v2\/types\/page"}],"author":[{"embeddable":true,"href":"https:\/\/www.rupes.com\/fr\/wp-json\/wp\/v2\/users\/1"}],"replies":[{"embeddable":true,"href":"https:\/\/www.rupes.com\/fr\/wp-json\/wp\/v2\/comments?post=1001385987"}],"version-history":[{"count":0,"href":"https:\/\/www.rupes.com\/fr\/wp-json\/wp\/v2\/pages\/1001385987\/revisions"}],"wp:attachment":[{"href":"https:\/\/www.rupes.com\/fr\/wp-json\/wp\/v2\/media?parent=1001385987"}],"curies":[{"name":"wp","href":"https:\/\/api.w.org\/{rel}","templated":true}]}}