{"id":1001410244,"date":"2026-01-23T12:24:35","date_gmt":"2026-01-23T11:24:35","guid":{"rendered":"https:\/\/www.rupes.com\/?post_type=product&#038;p=1001410244"},"modified":"2026-01-23T12:24:36","modified_gmt":"2026-01-23T11:24:36","slug":"smartfix-double-sided-twisted-wool-pad","status":"publish","type":"product","link":"https:\/\/www.rupes.com\/es\/product\/smartfix-double-sided-twisted-wool-pad\/","title":{"rendered":"SMARTFIX Double-Sided Twisted Wool Pad"},"content":{"rendered":"","protected":false},"featured_media":0,"template":"","meta":{"_acf_changed":true},"categoryproduct":[888965156,888965161],"class_list":["post-1001410244","product","type-product","status-publish","hentry","category_product-consumables","category_product-consumables-polishing-pads"],"acf":{"product_codice":"9.DSW180HH","scheda_nuova":true,"contact_form":true,"attiva_flag_new_product":true,"attiva_voice_speech":false,"product_home":"0","attiva_special_message":"disattivo","product_titolo_it":"Tampone SMARTFIX Double-Sided Twisted in lana","product_titolo_de":"SMARTFIX Double-Sided Twisted Wool Pad","product_titolo_fr":"SMARTFIX Double-Sided Twisted Wool Pad","product_titolo_es":"SMARTFIX Double-Sided Twisted Wool Pad","product_descrizione_en":"<p>The SMARTFIX Twisted Wool Pad is engineered to deliver outstanding cutting power, reduced risk of rotary swirls, and improved process efficiency, all while providing a smooth, stable, and vibration-free polishing experience. Crafted with 100% natural wool, long recognized as one of the finest on the market, these pads ensure exceptional cutting performance, consistent results, and durability in even the most demanding correction tasks. The natural twisted wool construction guarantees fast and efficient defect removal while maintaining excellent control during rotary polishing.<\/p>\n<p>Designed to maximize performance when used with our Rotary Coarse Compound, XC2 or new marine compounds, XC100 and XC300, the SMARTFIX Twisted Wool Pad are fully compatible with the BigFoot LH19E and virtually any rotary polisher, making it the ideal choice for professionals seeking top-level efficiency and reliability.<\/p>\n","product_descrizione_it":"<p>Il tampone SMARTFIX Double-sided Twisted in lana \u00e8 progettato per offrire un\u2019eccellente capacit\u00e0 di taglio, ridurre il rischio di segni di rotazione e migliorare l\u2019efficienza del processo, garantendo al tempo stesso una lucidatura fluida, stabile e priva di vibrazioni. Realizzato con lana naturale al 100%, riconosciuta come una delle migliori sul mercato, assicura prestazioni di taglio superiori, risultati costanti e lunga durata anche nelle correzioni pi\u00f9 impegnative. La struttura in lana intrecciata naturale permette una rimozione rapida ed efficiente dei difetti mantenendo un controllo ottimale durante la lucidatura rotativa.<\/p>\n<p>Progettato per offrire le massime prestazioni in combinazione con la pasta abrasiva per rotativa Coarse XC2 o con le paste marine RUPES MARINE XC-100 e XC-300, il tampone SMARTFIX Double-sided Twisted in lana\u00e8 completamente compatibile con la BigFoot LH19E e con quasi tutte le lucidatrici rotative, risultando la scelta ideale per i professionisti che cercano prestazioni elevate, efficienza e affidabilit\u00e0.<\/p>\n","product_descrizione_de":"<p>The SMARTFIX Twisted Wool Pad is engineered to deliver outstanding cutting power, reduced risk of rotary swirls, and improved process efficiency, all while providing a smooth, stable, and vibration-free polishing experience. Crafted with 100% natural wool, long recognized as one of the finest on the market, these pads ensure exceptional cutting performance, consistent results, and durability in even the most demanding correction tasks. The natural twisted wool construction guarantees fast and efficient defect removal while maintaining excellent control during rotary polishing. Designed to maximize performance when used with our Rotary Coarse Compound, XC2 or new marine compounds, XC100 and XC300, the SMARTFIX Twisted Wool Pad are fully compatible with the BigFoot LH19E and virtually any rotary polisher, making it the ideal choice for professionals seeking top-level efficiency and reliability.<\/p>\n","product_descrizione_fr":"<p>Le SMARTFIX Twisted Wool Pad est con\u00e7u pour offrir une grande puissance de coupe, un risque r\u00e9duit de marques de rotation et une efficacit\u00e9 optimale, tout en garantissant un polissage fluide, stable et sans vibrations. Fabriqu\u00e9 en laine 100 % naturelle de premi\u00e8re qualit\u00e9, il assure des performances constantes, une coupe rapide et une durabilit\u00e9 exceptionnelle, m\u00eame dans les travaux les plus exigeants. Sa structure en laine torsad\u00e9e naturelle permet une \u00e9limination rapide des d\u00e9fauts tout en conservant un excellent contr\u00f4le pendant le polissage rotatif. Con\u00e7u pour de meilleures performances avec les p\u00e2tes abrasives XC2 ou les compos\u00e9s marins RUPES MARINE XC-100 et RUPES MARINE XC-300, le SMARTFIX Twisted Wool Pad est compatible avec la BigFoot LH19E et la plupart des polisseuses rotatives, offrant ainsi efficacit\u00e9 et fiabilit\u00e9 aux professionnels.<\/p>\n","product_descrizione_es":"<p>La SMARTFIX Twisted Wool Pad est\u00e1 dise\u00f1ada para ofrecer un alto poder de corte, menor riesgo de marcas circulares y mayor eficiencia, garantizando al mismo tiempo una experiencia de pulido suave, estable y sin vibraciones. Fabricada con lana 100% natural de la m\u00e1s alta calidad, asegura un rendimiento de corte excelente, resultados uniformes y gran durabilidad incluso en las tareas m\u00e1s exigentes. Su estructura de lana trenzada natural permite una eliminaci\u00f3n r\u00e1pida y eficiente de defectos, manteniendo un control \u00f3ptimo durante el pulido rotativo. Dise\u00f1ada para rendir al m\u00e1ximo con nuestras pastas abrasivas rotativas XC2 y los compuestos marinos RUPES MARINE XC-100 y RUPES MARINE XC-300, la SMARTFIX Twisted Wool Pad es totalmente compatible con la BigFoot LH19E y con la mayor\u00eda de las pulidoras rotativas, siendo la elecci\u00f3n perfecta para los profesionales que buscan eficiencia y fiabilidad.<\/p>\n","product_scheda_en":"","product_scheda_it":"","product_scheda_de":"","product_scheda_fr":"","product_scheda_es":"","thumb":false,"gallery":[{"ID":1001410257,"id":1001410257,"title":"SMARTFIX_TWISTED_02","filename":"SMARTFIX_TWISTED_02.jpg","filesize":361340,"url":"https:\/\/www.rupes.com\/wp-content\/uploads\/2026\/01\/SMARTFIX_TWISTED_02.jpg","link":"https:\/\/www.rupes.com\/es\/product\/smartfix-double-sided-twisted-wool-pad\/smartfix_twisted_02-2\/","alt":"","author":"1","description":"","caption":"","name":"smartfix_twisted_02-2","status":"inherit","uploaded_to":1001410244,"date":"2026-01-23 11:24:02","modified":"2026-01-23 11:24:02","menu_order":0,"mime_type":"image\/jpeg","type":"image","subtype":"jpeg","icon":"https:\/\/www.rupes.com\/wp-includes\/images\/media\/default.png","width":1254,"height":804,"sizes":{"thumbnail":"https:\/\/www.rupes.com\/wp-content\/uploads\/2026\/01\/SMARTFIX_TWISTED_02-150x150.jpg","thumbnail-width":150,"thumbnail-height":150,"medium":"https:\/\/www.rupes.com\/wp-content\/uploads\/2026\/01\/SMARTFIX_TWISTED_02-300x192.jpg","medium-width":300,"medium-height":192,"medium_large":"https:\/\/www.rupes.com\/wp-content\/uploads\/2026\/01\/SMARTFIX_TWISTED_02-768x492.jpg","medium_large-width":768,"medium_large-height":492,"large":"https:\/\/www.rupes.com\/wp-content\/uploads\/2026\/01\/SMARTFIX_TWISTED_02-1024x657.jpg","large-width":1024,"large-height":657,"1536x1536":"https:\/\/www.rupes.com\/wp-content\/uploads\/2026\/01\/SMARTFIX_TWISTED_02.jpg","1536x1536-width":1254,"1536x1536-height":804,"2048x2048":"https:\/\/www.rupes.com\/wp-content\/uploads\/2026\/01\/SMARTFIX_TWISTED_02.jpg","2048x2048-width":1254,"2048x2048-height":804,"thumb_news":"https:\/\/www.rupes.com\/wp-content\/uploads\/2026\/01\/SMARTFIX_TWISTED_02-350x200.jpg","thumb_news-width":350,"thumb_news-height":200,"boxhome_small":"https:\/\/www.rupes.com\/wp-content\/uploads\/2026\/01\/SMARTFIX_TWISTED_02-200x100.jpg","boxhome_small-width":200,"boxhome_small-height":100,"boxhome_medium":"https:\/\/www.rupes.com\/wp-content\/uploads\/2026\/01\/SMARTFIX_TWISTED_02-300x150.jpg","boxhome_medium-width":300,"boxhome_medium-height":150,"boxhome_large":"https:\/\/www.rupes.com\/wp-content\/uploads\/2026\/01\/SMARTFIX_TWISTED_02-450x200.jpg","boxhome_large-width":450,"boxhome_large-height":200,"boxproducts_large":"https:\/\/www.rupes.com\/wp-content\/uploads\/2026\/01\/SMARTFIX_TWISTED_02-1254x700.jpg","boxproducts_large-width":1254,"boxproducts_large-height":700,"boxproducts_midlarge":"https:\/\/www.rupes.com\/wp-content\/uploads\/2026\/01\/SMARTFIX_TWISTED_02-1254x560.jpg","boxproducts_midlarge-width":1254,"boxproducts_midlarge-height":560,"boxproducts_medium":"https:\/\/www.rupes.com\/wp-content\/uploads\/2026\/01\/SMARTFIX_TWISTED_02-1024x450.jpg","boxproducts_medium-width":1024,"boxproducts_medium-height":450,"boxproducts_small":"https:\/\/www.rupes.com\/wp-content\/uploads\/2026\/01\/SMARTFIX_TWISTED_02-700x305.jpg","boxproducts_small-width":700,"boxproducts_small-height":305,"boxproducts_mobile":"https:\/\/www.rupes.com\/wp-content\/uploads\/2026\/01\/SMARTFIX_TWISTED_02-400x175.jpg","boxproducts_mobile-width":400,"boxproducts_mobile-height":175,"product_thumb":"https:\/\/www.rupes.com\/wp-content\/uploads\/2026\/01\/SMARTFIX_TWISTED_02-300x192.jpg","product_thumb-width":300,"product_thumb-height":192,"product_home":"https:\/\/www.rupes.com\/wp-content\/uploads\/2026\/01\/SMARTFIX_TWISTED_02-1200x700.jpg","product_home-width":1200,"product_home-height":700,"gallery_first":"https:\/\/www.rupes.com\/wp-content\/uploads\/2026\/01\/SMARTFIX_TWISTED_02-780x500.jpg","gallery_first-width":780,"gallery_first-height":500,"gallery_thumb":"https:\/\/www.rupes.com\/wp-content\/uploads\/2026\/01\/SMARTFIX_TWISTED_02-105x67.jpg","gallery_thumb-width":105,"gallery_thumb-height":67,"category_image":"https:\/\/www.rupes.com\/wp-content\/uploads\/2026\/01\/SMARTFIX_TWISTED_02-200x128.jpg","category_image-width":200,"category_image-height":128,"category_thumb":"https:\/\/www.rupes.com\/wp-content\/uploads\/2026\/01\/SMARTFIX_TWISTED_02-100x64.jpg","category_thumb-width":100,"category_thumb-height":64}},{"ID":1001410262,"id":1001410262,"title":"SMARTFIX_TWISTED","filename":"SMARTFIX_TWISTED.jpg","filesize":220044,"url":"https:\/\/www.rupes.com\/wp-content\/uploads\/2026\/01\/SMARTFIX_TWISTED.jpg","link":"https:\/\/www.rupes.com\/es\/product\/smartfix-double-sided-twisted-wool-pad\/smartfix_twisted-2-2\/","alt":"","author":"1","description":"","caption":"","name":"smartfix_twisted-2-2","status":"inherit","uploaded_to":1001410244,"date":"2026-01-23 11:24:07","modified":"2026-01-23 11:24:07","menu_order":0,"mime_type":"image\/jpeg","type":"image","subtype":"jpeg","icon":"https:\/\/www.rupes.com\/wp-includes\/images\/media\/default.png","width":1254,"height":804,"sizes":{"thumbnail":"https:\/\/www.rupes.com\/wp-content\/uploads\/2026\/01\/SMARTFIX_TWISTED-150x150.jpg","thumbnail-width":150,"thumbnail-height":150,"medium":"https:\/\/www.rupes.com\/wp-content\/uploads\/2026\/01\/SMARTFIX_TWISTED-300x192.jpg","medium-width":300,"medium-height":192,"medium_large":"https:\/\/www.rupes.com\/wp-content\/uploads\/2026\/01\/SMARTFIX_TWISTED-768x492.jpg","medium_large-width":768,"medium_large-height":492,"large":"https:\/\/www.rupes.com\/wp-content\/uploads\/2026\/01\/SMARTFIX_TWISTED-1024x657.jpg","large-width":1024,"large-height":657,"1536x1536":"https:\/\/www.rupes.com\/wp-content\/uploads\/2026\/01\/SMARTFIX_TWISTED.jpg","1536x1536-width":1254,"1536x1536-height":804,"2048x2048":"https:\/\/www.rupes.com\/wp-content\/uploads\/2026\/01\/SMARTFIX_TWISTED.jpg","2048x2048-width":1254,"2048x2048-height":804,"thumb_news":"https:\/\/www.rupes.com\/wp-content\/uploads\/2026\/01\/SMARTFIX_TWISTED-350x200.jpg","thumb_news-width":350,"thumb_news-height":200,"boxhome_small":"https:\/\/www.rupes.com\/wp-content\/uploads\/2026\/01\/SMARTFIX_TWISTED-200x100.jpg","boxhome_small-width":200,"boxhome_small-height":100,"boxhome_medium":"https:\/\/www.rupes.com\/wp-content\/uploads\/2026\/01\/SMARTFIX_TWISTED-300x150.jpg","boxhome_medium-width":300,"boxhome_medium-height":150,"boxhome_large":"https:\/\/www.rupes.com\/wp-content\/uploads\/2026\/01\/SMARTFIX_TWISTED-450x200.jpg","boxhome_large-width":450,"boxhome_large-height":200,"boxproducts_large":"https:\/\/www.rupes.com\/wp-content\/uploads\/2026\/01\/SMARTFIX_TWISTED-1254x700.jpg","boxproducts_large-width":1254,"boxproducts_large-height":700,"boxproducts_midlarge":"https:\/\/www.rupes.com\/wp-content\/uploads\/2026\/01\/SMARTFIX_TWISTED-1254x560.jpg","boxproducts_midlarge-width":1254,"boxproducts_midlarge-height":560,"boxproducts_medium":"https:\/\/www.rupes.com\/wp-content\/uploads\/2026\/01\/SMARTFIX_TWISTED-1024x450.jpg","boxproducts_medium-width":1024,"boxproducts_medium-height":450,"boxproducts_small":"https:\/\/www.rupes.com\/wp-content\/uploads\/2026\/01\/SMARTFIX_TWISTED-700x305.jpg","boxproducts_small-width":700,"boxproducts_small-height":305,"boxproducts_mobile":"https:\/\/www.rupes.com\/wp-content\/uploads\/2026\/01\/SMARTFIX_TWISTED-400x175.jpg","boxproducts_mobile-width":400,"boxproducts_mobile-height":175,"product_thumb":"https:\/\/www.rupes.com\/wp-content\/uploads\/2026\/01\/SMARTFIX_TWISTED-300x192.jpg","product_thumb-width":300,"product_thumb-height":192,"product_home":"https:\/\/www.rupes.com\/wp-content\/uploads\/2026\/01\/SMARTFIX_TWISTED-1200x700.jpg","product_home-width":1200,"product_home-height":700,"gallery_first":"https:\/\/www.rupes.com\/wp-content\/uploads\/2026\/01\/SMARTFIX_TWISTED-780x500.jpg","gallery_first-width":780,"gallery_first-height":500,"gallery_thumb":"https:\/\/www.rupes.com\/wp-content\/uploads\/2026\/01\/SMARTFIX_TWISTED-105x67.jpg","gallery_thumb-width":105,"gallery_thumb-height":67,"category_image":"https:\/\/www.rupes.com\/wp-content\/uploads\/2026\/01\/SMARTFIX_TWISTED-200x128.jpg","category_image-width":200,"category_image-height":128,"category_thumb":"https:\/\/www.rupes.com\/wp-content\/uploads\/2026\/01\/SMARTFIX_TWISTED-100x64.jpg","category_thumb-width":100,"category_thumb-height":64}},{"ID":1001410267,"id":1001410267,"title":"Applicativa_TWISTED","filename":"Applicativa_TWISTED.jpg","filesize":402501,"url":"https:\/\/www.rupes.com\/wp-content\/uploads\/2026\/01\/Applicativa_TWISTED.jpg","link":"https:\/\/www.rupes.com\/es\/product\/smartfix-double-sided-twisted-wool-pad\/applicativa_twisted-2\/","alt":"","author":"1","description":"","caption":"","name":"applicativa_twisted-2","status":"inherit","uploaded_to":1001410244,"date":"2026-01-23 11:24:14","modified":"2026-01-23 11:24:14","menu_order":0,"mime_type":"image\/jpeg","type":"image","subtype":"jpeg","icon":"https:\/\/www.rupes.com\/wp-includes\/images\/media\/default.png","width":1974,"height":1316,"sizes":{"thumbnail":"https:\/\/www.rupes.com\/wp-content\/uploads\/2026\/01\/Applicativa_TWISTED-150x150.jpg","thumbnail-width":150,"thumbnail-height":150,"medium":"https:\/\/www.rupes.com\/wp-content\/uploads\/2026\/01\/Applicativa_TWISTED-300x200.jpg","medium-width":300,"medium-height":200,"medium_large":"https:\/\/www.rupes.com\/wp-content\/uploads\/2026\/01\/Applicativa_TWISTED-768x512.jpg","medium_large-width":768,"medium_large-height":512,"large":"https:\/\/www.rupes.com\/wp-content\/uploads\/2026\/01\/Applicativa_TWISTED-1024x683.jpg","large-width":1024,"large-height":683,"1536x1536":"https:\/\/www.rupes.com\/wp-content\/uploads\/2026\/01\/Applicativa_TWISTED-1536x1024.jpg","1536x1536-width":1536,"1536x1536-height":1024,"2048x2048":"https:\/\/www.rupes.com\/wp-content\/uploads\/2026\/01\/Applicativa_TWISTED.jpg","2048x2048-width":1974,"2048x2048-height":1316,"thumb_news":"https:\/\/www.rupes.com\/wp-content\/uploads\/2026\/01\/Applicativa_TWISTED-350x200.jpg","thumb_news-width":350,"thumb_news-height":200,"boxhome_small":"https:\/\/www.rupes.com\/wp-content\/uploads\/2026\/01\/Applicativa_TWISTED-200x100.jpg","boxhome_small-width":200,"boxhome_small-height":100,"boxhome_medium":"https:\/\/www.rupes.com\/wp-content\/uploads\/2026\/01\/Applicativa_TWISTED-300x150.jpg","boxhome_medium-width":300,"boxhome_medium-height":150,"boxhome_large":"https:\/\/www.rupes.com\/wp-content\/uploads\/2026\/01\/Applicativa_TWISTED-450x200.jpg","boxhome_large-width":450,"boxhome_large-height":200,"boxproducts_large":"https:\/\/www.rupes.com\/wp-content\/uploads\/2026\/01\/Applicativa_TWISTED-1600x700.jpg","boxproducts_large-width":1600,"boxproducts_large-height":700,"boxproducts_midlarge":"https:\/\/www.rupes.com\/wp-content\/uploads\/2026\/01\/Applicativa_TWISTED-1280x560.jpg","boxproducts_midlarge-width":1280,"boxproducts_midlarge-height":560,"boxproducts_medium":"https:\/\/www.rupes.com\/wp-content\/uploads\/2026\/01\/Applicativa_TWISTED-1024x450.jpg","boxproducts_medium-width":1024,"boxproducts_medium-height":450,"boxproducts_small":"https:\/\/www.rupes.com\/wp-content\/uploads\/2026\/01\/Applicativa_TWISTED-700x305.jpg","boxproducts_small-width":700,"boxproducts_small-height":305,"boxproducts_mobile":"https:\/\/www.rupes.com\/wp-content\/uploads\/2026\/01\/Applicativa_TWISTED-400x175.jpg","boxproducts_mobile-width":400,"boxproducts_mobile-height":175,"product_thumb":"https:\/\/www.rupes.com\/wp-content\/uploads\/2026\/01\/Applicativa_TWISTED-300x200.jpg","product_thumb-width":300,"product_thumb-height":200,"product_home":"https:\/\/www.rupes.com\/wp-content\/uploads\/2026\/01\/Applicativa_TWISTED-1200x700.jpg","product_home-width":1200,"product_home-height":700,"gallery_first":"https:\/\/www.rupes.com\/wp-content\/uploads\/2026\/01\/Applicativa_TWISTED-750x500.jpg","gallery_first-width":750,"gallery_first-height":500,"gallery_thumb":"https:\/\/www.rupes.com\/wp-content\/uploads\/2026\/01\/Applicativa_TWISTED-105x70.jpg","gallery_thumb-width":105,"gallery_thumb-height":70,"category_image":"https:\/\/www.rupes.com\/wp-content\/uploads\/2026\/01\/Applicativa_TWISTED-200x133.jpg","category_image-width":200,"category_image-height":133,"category_thumb":"https:\/\/www.rupes.com\/wp-content\/uploads\/2026\/01\/Applicativa_TWISTED-100x67.jpg","category_thumb-width":100,"category_thumb-height":67}}],"videos":false,"files":false,"product_b2b_code":"","product_b2b_pdf":"","code_usermanuals":"","code_usermanuals_usa":"","escludi_scheda_sicurezza":false,"blocco_dimensione":false,"varianti":false,"kit_vendita":false,"blocchi_prodotti_correlati":false,"seleziona_tag_notizie":false,"google_review_link":"","seleziona_le_recensioni":"","attiva_collegamento":false},"_links":{"self":[{"href":"https:\/\/www.rupes.com\/es\/wp-json\/wp\/v2\/products\/1001410244","targetHints":{"allow":["GET"]}}],"collection":[{"href":"https:\/\/www.rupes.com\/es\/wp-json\/wp\/v2\/products"}],"about":[{"href":"https:\/\/www.rupes.com\/es\/wp-json\/wp\/v2\/types\/product"}],"wp:attachment":[{"href":"https:\/\/www.rupes.com\/es\/wp-json\/wp\/v2\/media?parent=1001410244"}],"wp:term":[{"taxonomy":"category_product","embeddable":true,"href":"https:\/\/www.rupes.com\/es\/wp-json\/wp\/v2\/categoryproduct?post=1001410244"}],"curies":[{"name":"wp","href":"https:\/\/api.w.org\/{rel}","templated":true}]}}