{"id":1001409276,"date":"2025-03-03T12:25:53","date_gmt":"2025-03-03T11:25:53","guid":{"rendered":"https:\/\/www.rupes.com\/?post_type=product&#038;p=1001409276"},"modified":"2026-01-23T12:31:25","modified_gmt":"2026-01-23T11:31:25","slug":"180mm-sanding-backing-pad-for-protection-guard","status":"publish","type":"product","link":"https:\/\/www.rupes.com\/es\/product\/180mm-sanding-backing-pad-for-protection-guard\/","title":{"rendered":"180mm Sanding Backing Pad for Protection Guard"},"content":{"rendered":"","protected":false},"featured_media":0,"template":"","meta":{"_acf_changed":false},"categoryproduct":[888965157,888965156],"class_list":["post-1001409276","product","type-product","status-publish","hentry","category_product-consumables-backing-pads","category_product-consumables"],"acf":{"product_codice":"86.180\/C","scheda_nuova":true,"contact_form":true,"attiva_flag_new_product":false,"attiva_voice_speech":false,"product_home":"0","attiva_special_message":"disattivo","product_titolo_it":"Platorello di Levigatura da 180mm per Cappa Protettiva e Aspirante","product_titolo_de":"Schleifteller von 180 mm f\u00fcr Schutz- und Absaugkappe","product_titolo_fr":"Tampon de Pon\u00e7age de 180mm pour Garde de Protection et Aspirante","product_titolo_es":"Platero de Lijado de 180 mm para Protector con Colector de Polvo","product_descrizione_en":"<p>The 180mm Sanding Backing Pad (code: 86.180\/C) is specifically designed to work with the Protection Guard with Dust Collector (code: 825.098) on the RUPES LH31N and LH32EN Sanders.<\/p>\n","product_descrizione_it":"<p>Il platorello e di levigatura da 180 mm, codice 86.180\/C, \u00e8 specificamente progettato per funzionare con la Cappa Protettiva e Aspirante, codice: 825.098, sulle levigatrici RUPES LH31N e LH32EN.<\/p>\n","product_descrizione_de":"<p>Der Schleifteller von 180 mm, Code 86.180\/C, ist speziell daf\u00fcr entwickelt, mit der Schutz- und Absaugkappe, Code: 825.098, auf den RUPES Schleifmaschinen LH31N und LH32EN zu arbeiten.<\/p>\n","product_descrizione_fr":"<p>Le tampon de pon\u00e7age de 180 mm, code : 86.180\/C, est sp\u00e9cialement con\u00e7u pour fonctionner avec la Garde de Protection et Aspirante, code : 825.098, sur les ponceuses RUPES LH31N et LH32EN.<\/p>\n","product_descrizione_es":"<p>El plato de lijado de 180 mm, c\u00f3digo 86.180\/C, est\u00e1 espec\u00edficamente dise\u00f1ado para funcionar con la Capa Protectora y Aspirante, c\u00f3digo: 825.098, en las lijadoras RUPES LH31N y LH32EN.<\/p>\n","product_scheda_en":"","product_scheda_it":"","product_scheda_de":"","product_scheda_fr":"","product_scheda_es":"","thumb":false,"gallery":[{"ID":1001409281,"id":1001409281,"title":"86.180C","filename":"86.180C.jpg","filesize":142559,"url":"https:\/\/www.rupes.com\/wp-content\/uploads\/2025\/03\/86.180C.jpg","link":"https:\/\/www.rupes.com\/es\/product\/180mm-sanding-backing-pad-for-protection-guard\/86-180c-2\/","alt":"","author":"2","description":"","caption":"","name":"86-180c-2","status":"inherit","uploaded_to":1001409276,"date":"2025-03-03 11:19:52","modified":"2025-03-03 11:19:52","menu_order":0,"mime_type":"image\/jpeg","type":"image","subtype":"jpeg","icon":"https:\/\/www.rupes.com\/wp-includes\/images\/media\/default.png","width":1200,"height":800,"sizes":{"thumbnail":"https:\/\/www.rupes.com\/wp-content\/uploads\/2025\/03\/86.180C-150x150.jpg","thumbnail-width":150,"thumbnail-height":150,"medium":"https:\/\/www.rupes.com\/wp-content\/uploads\/2025\/03\/86.180C-300x200.jpg","medium-width":300,"medium-height":200,"medium_large":"https:\/\/www.rupes.com\/wp-content\/uploads\/2025\/03\/86.180C-768x512.jpg","medium_large-width":768,"medium_large-height":512,"large":"https:\/\/www.rupes.com\/wp-content\/uploads\/2025\/03\/86.180C-1024x683.jpg","large-width":1024,"large-height":683,"1536x1536":"https:\/\/www.rupes.com\/wp-content\/uploads\/2025\/03\/86.180C.jpg","1536x1536-width":1200,"1536x1536-height":800,"2048x2048":"https:\/\/www.rupes.com\/wp-content\/uploads\/2025\/03\/86.180C.jpg","2048x2048-width":1200,"2048x2048-height":800,"thumb_news":"https:\/\/www.rupes.com\/wp-content\/uploads\/2025\/03\/86.180C-350x200.jpg","thumb_news-width":350,"thumb_news-height":200,"boxhome_small":"https:\/\/www.rupes.com\/wp-content\/uploads\/2025\/03\/86.180C-200x100.jpg","boxhome_small-width":200,"boxhome_small-height":100,"boxhome_medium":"https:\/\/www.rupes.com\/wp-content\/uploads\/2025\/03\/86.180C-300x150.jpg","boxhome_medium-width":300,"boxhome_medium-height":150,"boxhome_large":"https:\/\/www.rupes.com\/wp-content\/uploads\/2025\/03\/86.180C-450x200.jpg","boxhome_large-width":450,"boxhome_large-height":200,"boxproducts_large":"https:\/\/www.rupes.com\/wp-content\/uploads\/2025\/03\/86.180C-1200x700.jpg","boxproducts_large-width":1200,"boxproducts_large-height":700,"boxproducts_midlarge":"https:\/\/www.rupes.com\/wp-content\/uploads\/2025\/03\/86.180C-1200x560.jpg","boxproducts_midlarge-width":1200,"boxproducts_midlarge-height":560,"boxproducts_medium":"https:\/\/www.rupes.com\/wp-content\/uploads\/2025\/03\/86.180C-1024x450.jpg","boxproducts_medium-width":1024,"boxproducts_medium-height":450,"boxproducts_small":"https:\/\/www.rupes.com\/wp-content\/uploads\/2025\/03\/86.180C-700x305.jpg","boxproducts_small-width":700,"boxproducts_small-height":305,"boxproducts_mobile":"https:\/\/www.rupes.com\/wp-content\/uploads\/2025\/03\/86.180C-400x175.jpg","boxproducts_mobile-width":400,"boxproducts_mobile-height":175,"product_thumb":"https:\/\/www.rupes.com\/wp-content\/uploads\/2025\/03\/86.180C-300x200.jpg","product_thumb-width":300,"product_thumb-height":200,"product_home":"https:\/\/www.rupes.com\/wp-content\/uploads\/2025\/03\/86.180C-1200x700.jpg","product_home-width":1200,"product_home-height":700,"gallery_first":"https:\/\/www.rupes.com\/wp-content\/uploads\/2025\/03\/86.180C-750x500.jpg","gallery_first-width":750,"gallery_first-height":500,"gallery_thumb":"https:\/\/www.rupes.com\/wp-content\/uploads\/2025\/03\/86.180C-105x70.jpg","gallery_thumb-width":105,"gallery_thumb-height":70,"category_image":"https:\/\/www.rupes.com\/wp-content\/uploads\/2025\/03\/86.180C-200x133.jpg","category_image-width":200,"category_image-height":133,"category_thumb":"https:\/\/www.rupes.com\/wp-content\/uploads\/2025\/03\/86.180C-100x67.jpg","category_thumb-width":100,"category_thumb-height":67}}],"videos":false,"files":false,"product_b2b_code":"","product_b2b_pdf":"","code_usermanuals":"","code_usermanuals_usa":"","escludi_scheda_sicurezza":false,"blocco_dimensione":false,"varianti":false,"kit_vendita":false,"blocchi_prodotti_correlati":false,"seleziona_tag_notizie":false,"google_review_link":"","seleziona_le_recensioni":"","attiva_collegamento":false},"_links":{"self":[{"href":"https:\/\/www.rupes.com\/es\/wp-json\/wp\/v2\/products\/1001409276","targetHints":{"allow":["GET"]}}],"collection":[{"href":"https:\/\/www.rupes.com\/es\/wp-json\/wp\/v2\/products"}],"about":[{"href":"https:\/\/www.rupes.com\/es\/wp-json\/wp\/v2\/types\/product"}],"wp:attachment":[{"href":"https:\/\/www.rupes.com\/es\/wp-json\/wp\/v2\/media?parent=1001409276"}],"wp:term":[{"taxonomy":"category_product","embeddable":true,"href":"https:\/\/www.rupes.com\/es\/wp-json\/wp\/v2\/categoryproduct?post=1001409276"}],"curies":[{"name":"wp","href":"https:\/\/api.w.org\/{rel}","templated":true}]}}