{"id":1001409160,"date":"2025-02-12T12:21:55","date_gmt":"2025-02-12T11:21:55","guid":{"rendered":"https:\/\/www.rupes.com\/?post_type=product&#038;p=1001409160"},"modified":"2026-04-08T15:17:27","modified_gmt":"2026-04-08T13:17:27","slug":"marine-xp-900-polymer-spray-sealant","status":"publish","type":"product","link":"https:\/\/www.rupes.com\/es\/product\/marine-xp-900-polymer-spray-sealant\/","title":{"rendered":"MARINE XP-900 POLYMER SPRAY SEALANT"},"content":{"rendered":"","protected":false},"featured_media":0,"template":"","meta":{"_acf_changed":false},"categoryproduct":[888965156,888967260],"class_list":["post-1001409160","product","type-product","status-publish","hentry","category_product-consumables","category_product-marine"],"acf":{"product_codice":"9.XP900","scheda_nuova":true,"contact_form":true,"attiva_flag_new_product":true,"attiva_voice_speech":false,"product_home":"0","attiva_special_message":"disattivo","product_titolo_it":"","product_titolo_de":"","product_titolo_fr":"","product_titolo_es":"","product_descrizione_en":"<p><strong>TO PROTECT GELCOAT AND PAINTED BOATS FROM UV RAYS AND OTHER EXTERNAL AGENTS<\/strong><br \/>\nA versatile protection product in the Marine System offering up to 3 months of durability. Suitable for gelcoat, metal, glass, vinyl, and painted surfaces, it provides UV protection, high gloss, and a smooth, hydrophobic finish for effortless cleaning. Its proprietary polymer sealant and nano-particle blend enhance optical clarity and water beading. With an easy spray-on, wipe-off application, it can also be used on wet surfaces as a drying aid while adding protection. For optimal results, reapply every 1-3 months or use as a topper to extend the durability of RUPES Marine XP-700. The use of XP-900 is not recommended in environments involving paint application.<\/p>\n","product_descrizione_it":"<p><strong>PER PROTEGGERE BARCHE IN GELCOAT E VERNICIATE DAI RAGGI UV E ALTRI AGENTI ESTERNI<\/strong><br \/>\nUn prodotto di protezione versatile all\u2019interno del RUPES MARINE System, che offre fino a 3 mesi di durata. Sicuro su gelcoat, metallo, vetro, vinile e superfici verniciate, fornisce protezione UV, alta brillantezza e una finitura liscia e idrofobica per una facile pulizia. La sua formula esclusiva, a base di sigillanti polimerici e nanoparticelle, migliora la profondit\u00e0 del colore e l\u2019effetto water beading. \u00c8 facile e veloce da usare con un panno in microfibra e pu\u00f2 essere applicato anche su superfici bagnate come aiuto nell\u2019asciugatura aggiungendo protezione. Per risultati ottimali, riapplicare ogni 1-3 mesi o utilizzare come topper per estendere la durata della RUPES MARINE XP-700. L\u2019uso di XP-900 non \u00e8 raccomandato in ambienti che prevedono l\u2019applicazione di vernici.<\/p>\n","product_descrizione_de":"<p>Ein vielseitiges Schutzprodukt im Marine System, das bis zu 3 Monate Haltbarkeit bietet. Es ist sicher f\u00fcr Gelcoat, Metall, Glas, Vinyl und lackierte Oberfl\u00e4chen und bietet UV-Schutz, hohen Glanz sowie eine glatte, hydrophobe Oberfl\u00e4che f\u00fcr m\u00fcheloses Reinigen. Die exklusive Polymer-Versiegelungsmischung und Nanopartikel verbessern die optische Klarheit und das Wassertropfenverhalten. Mit einer einfachen Spr\u00fch-auf, Wisch-ab-Anwendung kann es auch auf nassen Oberfl\u00e4chen als Trocknungshilfe verwendet werden, w\u00e4hrend es gleichzeitig Schutz bietet. F\u00fcr optimale Ergebnisse sollte es alle 1-3 Monate erneut aufgetragen oder als Verst\u00e4rkung verwendet werden, um die Haltbarkeit der RUPES Marine Wax zu verl\u00e4ngern.<\/p>\n<p>UM GELCOAT UND LACKIERTE BOOTE VOR UV-STRAHLEN UND ANDEREN EXTERNEN EINFL\u00dcSSEN ZU SCH\u00dcTZEN<\/p>\n","product_descrizione_fr":"<p>Un produit de protection polyvalent du Syst\u00e8me MARINE, offrant jusqu\u2019\u00e0 3 mois de durabilit\u00e9. S\u00fbr pour le gelcoat, le m\u00e9tal, le verre, le vinyle et les surfaces peintes, il procure une protection UV, une brillance \u00e9lev\u00e9e et une finition hydrophobe et lisse, facilitant le nettoyage. Son m\u00e9lange exclusif de scellant polym\u00e8re et de nanoparticules am\u00e9liore la clart\u00e9 optique et le perlage de l\u2019eau. Gr\u00e2ce \u00e0 son application simple en spray et essuyage, il peut \u00e9galement \u00eatre utilis\u00e9 sur une surface humide comme aide au s\u00e9chage tout en ajoutant une protection. Pour des r\u00e9sultats optimaux, r\u00e9appliquer tous les 1 \u00e0 3 mois ou l\u2019utiliser comme renfort pour prolonger la durabilit\u00e9 de la RUPES Marine Wax.<\/p>\n<p>POUR PROT\u00c9GER LE GELCOAT ET LES BATEAUX PEINTS CONTRE LES RAYONS UV ET AUTRES AGENTS<\/p>\n<p>&nbsp;<\/p>\n","product_descrizione_es":"<p>Un producto de protecci\u00f3n vers\u00e1til dentro del Sistema MARINE, que ofrece hasta 3 meses de durabilidad. Seguro para gelcoat, metal, vidrio, vinilo y superficies pintadas, proporciona protecci\u00f3n UV, alto brillo y un acabado suave e hidrof\u00f3bico para una limpieza sin esfuerzo. Su exclusiva mezcla de sellador de pol\u00edmeros y nanopart\u00edculas mejora la claridad \u00f3ptica y la repelencia al agua. Gracias a su f\u00e1cil aplicaci\u00f3n en spray y limpieza con microfibra, tambi\u00e9n puede usarse en superficies h\u00famedas como ayuda para el secado mientras a\u00f1ade protecci\u00f3n. Para resultados \u00f3ptimos, reaplicar cada 1-3 meses o utilizar como refuerzo para extender la durabilidad de la RUPES Marine Wax.<\/p>\n<p>PARA PROTEGER EL GELCOAT Y LAS EMBARCACIONES PINTADAS DE LOS RAYOS UV Y OTROS AGENTES EXTERNOS<\/p>\n","product_scheda_en":"","product_scheda_it":"","product_scheda_de":"","product_scheda_fr":"","product_scheda_es":"","thumb":false,"gallery":[{"ID":1001409922,"id":1001409922,"title":"Marine_XP-900","filename":"Marine_XP-900.jpg","filesize":279629,"url":"https:\/\/www.rupes.com\/wp-content\/uploads\/2025\/02\/Marine_XP-900.jpg","link":"https:\/\/www.rupes.com\/es\/product\/marine-xc-100-extra-cut-compound\/marine_xp-900-2\/","alt":"","author":"1","description":"","caption":"","name":"marine_xp-900-2","status":"inherit","uploaded_to":1001409136,"date":"2026-01-16 14:28:56","modified":"2026-01-16 14:31:24","menu_order":0,"mime_type":"image\/jpeg","type":"image","subtype":"jpeg","icon":"https:\/\/www.rupes.com\/wp-includes\/images\/media\/default.png","width":1080,"height":1920,"sizes":{"thumbnail":"https:\/\/www.rupes.com\/wp-content\/uploads\/2025\/02\/Marine_XP-900-150x150.jpg","thumbnail-width":150,"thumbnail-height":150,"medium":"https:\/\/www.rupes.com\/wp-content\/uploads\/2025\/02\/Marine_XP-900-169x300.jpg","medium-width":169,"medium-height":300,"medium_large":"https:\/\/www.rupes.com\/wp-content\/uploads\/2025\/02\/Marine_XP-900-768x1365.jpg","medium_large-width":768,"medium_large-height":1365,"large":"https:\/\/www.rupes.com\/wp-content\/uploads\/2025\/02\/Marine_XP-900-576x1024.jpg","large-width":576,"large-height":1024,"1536x1536":"https:\/\/www.rupes.com\/wp-content\/uploads\/2025\/02\/Marine_XP-900-864x1536.jpg","1536x1536-width":864,"1536x1536-height":1536,"2048x2048":"https:\/\/www.rupes.com\/wp-content\/uploads\/2025\/02\/Marine_XP-900.jpg","2048x2048-width":1080,"2048x2048-height":1920,"thumb_news":"https:\/\/www.rupes.com\/wp-content\/uploads\/2025\/02\/Marine_XP-900-350x200.jpg","thumb_news-width":350,"thumb_news-height":200,"boxhome_small":"https:\/\/www.rupes.com\/wp-content\/uploads\/2025\/02\/Marine_XP-900-200x100.jpg","boxhome_small-width":200,"boxhome_small-height":100,"boxhome_medium":"https:\/\/www.rupes.com\/wp-content\/uploads\/2025\/02\/Marine_XP-900-300x150.jpg","boxhome_medium-width":300,"boxhome_medium-height":150,"boxhome_large":"https:\/\/www.rupes.com\/wp-content\/uploads\/2025\/02\/Marine_XP-900-450x200.jpg","boxhome_large-width":450,"boxhome_large-height":200,"boxproducts_large":"https:\/\/www.rupes.com\/wp-content\/uploads\/2025\/02\/Marine_XP-900-1080x700.jpg","boxproducts_large-width":1080,"boxproducts_large-height":700,"boxproducts_midlarge":"https:\/\/www.rupes.com\/wp-content\/uploads\/2025\/02\/Marine_XP-900-1080x560.jpg","boxproducts_midlarge-width":1080,"boxproducts_midlarge-height":560,"boxproducts_medium":"https:\/\/www.rupes.com\/wp-content\/uploads\/2025\/02\/Marine_XP-900-1024x450.jpg","boxproducts_medium-width":1024,"boxproducts_medium-height":450,"boxproducts_small":"https:\/\/www.rupes.com\/wp-content\/uploads\/2025\/02\/Marine_XP-900-700x305.jpg","boxproducts_small-width":700,"boxproducts_small-height":305,"boxproducts_mobile":"https:\/\/www.rupes.com\/wp-content\/uploads\/2025\/02\/Marine_XP-900-400x175.jpg","boxproducts_mobile-width":400,"boxproducts_mobile-height":175,"product_thumb":"https:\/\/www.rupes.com\/wp-content\/uploads\/2025\/02\/Marine_XP-900-113x200.jpg","product_thumb-width":113,"product_thumb-height":200,"product_home":"https:\/\/www.rupes.com\/wp-content\/uploads\/2025\/02\/Marine_XP-900-1080x700.jpg","product_home-width":1080,"product_home-height":700,"gallery_first":"https:\/\/www.rupes.com\/wp-content\/uploads\/2025\/02\/Marine_XP-900-281x500.jpg","gallery_first-width":281,"gallery_first-height":500,"gallery_thumb":"https:\/\/www.rupes.com\/wp-content\/uploads\/2025\/02\/Marine_XP-900-45x80.jpg","gallery_thumb-width":45,"gallery_thumb-height":80,"category_image":"https:\/\/www.rupes.com\/wp-content\/uploads\/2025\/02\/Marine_XP-900-113x200.jpg","category_image-width":113,"category_image-height":200,"category_thumb":"https:\/\/www.rupes.com\/wp-content\/uploads\/2025\/02\/Marine_XP-900-56x100.jpg","category_thumb-width":56,"category_thumb-height":100}},{"ID":1001412463,"id":1001412463,"title":"Marine_XP900","filename":"Marine_XP900.jpg","filesize":231864,"url":"https:\/\/www.rupes.com\/wp-content\/uploads\/2025\/02\/Marine_XP900.jpg","link":"https:\/\/www.rupes.com\/es\/product\/marine-xp-900-polymer-spray-sealant\/marine_xp900-2\/","alt":"","author":"1","description":"","caption":"","name":"marine_xp900-2","status":"inherit","uploaded_to":1001409160,"date":"2026-04-08 13:17:19","modified":"2026-04-08 13:17:19","menu_order":0,"mime_type":"image\/jpeg","type":"image","subtype":"jpeg","icon":"https:\/\/www.rupes.com\/wp-includes\/images\/media\/default.png","width":1500,"height":844,"sizes":{"thumbnail":"https:\/\/www.rupes.com\/wp-content\/uploads\/2025\/02\/Marine_XP900-150x150.jpg","thumbnail-width":150,"thumbnail-height":150,"medium":"https:\/\/www.rupes.com\/wp-content\/uploads\/2025\/02\/Marine_XP900-300x169.jpg","medium-width":300,"medium-height":169,"medium_large":"https:\/\/www.rupes.com\/wp-content\/uploads\/2025\/02\/Marine_XP900-768x432.jpg","medium_large-width":768,"medium_large-height":432,"large":"https:\/\/www.rupes.com\/wp-content\/uploads\/2025\/02\/Marine_XP900-1024x576.jpg","large-width":1024,"large-height":576,"1536x1536":"https:\/\/www.rupes.com\/wp-content\/uploads\/2025\/02\/Marine_XP900.jpg","1536x1536-width":1500,"1536x1536-height":844,"2048x2048":"https:\/\/www.rupes.com\/wp-content\/uploads\/2025\/02\/Marine_XP900.jpg","2048x2048-width":1500,"2048x2048-height":844,"thumb_news":"https:\/\/www.rupes.com\/wp-content\/uploads\/2025\/02\/Marine_XP900-350x200.jpg","thumb_news-width":350,"thumb_news-height":200,"boxhome_small":"https:\/\/www.rupes.com\/wp-content\/uploads\/2025\/02\/Marine_XP900-200x100.jpg","boxhome_small-width":200,"boxhome_small-height":100,"boxhome_medium":"https:\/\/www.rupes.com\/wp-content\/uploads\/2025\/02\/Marine_XP900-300x150.jpg","boxhome_medium-width":300,"boxhome_medium-height":150,"boxhome_large":"https:\/\/www.rupes.com\/wp-content\/uploads\/2025\/02\/Marine_XP900-450x200.jpg","boxhome_large-width":450,"boxhome_large-height":200,"boxproducts_large":"https:\/\/www.rupes.com\/wp-content\/uploads\/2025\/02\/Marine_XP900-1500x700.jpg","boxproducts_large-width":1500,"boxproducts_large-height":700,"boxproducts_midlarge":"https:\/\/www.rupes.com\/wp-content\/uploads\/2025\/02\/Marine_XP900-1280x560.jpg","boxproducts_midlarge-width":1280,"boxproducts_midlarge-height":560,"boxproducts_medium":"https:\/\/www.rupes.com\/wp-content\/uploads\/2025\/02\/Marine_XP900-1024x450.jpg","boxproducts_medium-width":1024,"boxproducts_medium-height":450,"boxproducts_small":"https:\/\/www.rupes.com\/wp-content\/uploads\/2025\/02\/Marine_XP900-700x305.jpg","boxproducts_small-width":700,"boxproducts_small-height":305,"boxproducts_mobile":"https:\/\/www.rupes.com\/wp-content\/uploads\/2025\/02\/Marine_XP900-400x175.jpg","boxproducts_mobile-width":400,"boxproducts_mobile-height":175,"product_thumb":"https:\/\/www.rupes.com\/wp-content\/uploads\/2025\/02\/Marine_XP900-300x169.jpg","product_thumb-width":300,"product_thumb-height":169,"product_home":"https:\/\/www.rupes.com\/wp-content\/uploads\/2025\/02\/Marine_XP900-1200x700.jpg","product_home-width":1200,"product_home-height":700,"gallery_first":"https:\/\/www.rupes.com\/wp-content\/uploads\/2025\/02\/Marine_XP900-889x500.jpg","gallery_first-width":889,"gallery_first-height":500,"gallery_thumb":"https:\/\/www.rupes.com\/wp-content\/uploads\/2025\/02\/Marine_XP900-105x59.jpg","gallery_thumb-width":105,"gallery_thumb-height":59,"category_image":"https:\/\/www.rupes.com\/wp-content\/uploads\/2025\/02\/Marine_XP900-200x113.jpg","category_image-width":200,"category_image-height":113,"category_thumb":"https:\/\/www.rupes.com\/wp-content\/uploads\/2025\/02\/Marine_XP900-100x56.jpg","category_thumb-width":100,"category_thumb-height":56}}],"videos":false,"files":[{"label":"custom","etichetta_en":"Marine","etichetta_it":"","etichetta_de":"","etichetta_fr":"","etichetta_es":"","multilingua":"multi","file":false,"url_file":"https:\/\/www.rupes.com\/catalogue\/marine\/RUPES%20Marine_Brochure_EN.pdf","file_or_url":"url","file_it":false,"url_it":"https:\/\/www.rupes.com\/catalogue\/marine\/RUPES%20Marine_Brochure_IT.pdf","file_or_url_it":"url","file_de":false,"url_de":"https:\/\/www.rupes.com\/catalogue\/marine\/RUPES%20Marine_Brochure_DE.pdf","file_or_url_de":"url","file_fr":false,"url_fr":"https:\/\/www.rupes.com\/catalogue\/marine\/RUPES%20Marine_Brochure_FR.pdf","file_or_url_fr":"url","file_es":false,"url_es":"https:\/\/www.rupes.com\/catalogue\/marine\/RUPES%20Marine_Brochure_ES.pdf","file_or_url_es":"url"}],"product_b2b_code":"","product_b2b_pdf":"","code_usermanuals":"","code_usermanuals_usa":"","escludi_scheda_sicurezza":false,"blocco_dimensione":false,"varianti":false,"kit_vendita":false,"blocchi_prodotti_correlati":false,"seleziona_tag_notizie":false,"google_review_link":"","seleziona_le_recensioni":"","attiva_collegamento":false},"_links":{"self":[{"href":"https:\/\/www.rupes.com\/es\/wp-json\/wp\/v2\/products\/1001409160","targetHints":{"allow":["GET"]}}],"collection":[{"href":"https:\/\/www.rupes.com\/es\/wp-json\/wp\/v2\/products"}],"about":[{"href":"https:\/\/www.rupes.com\/es\/wp-json\/wp\/v2\/types\/product"}],"wp:attachment":[{"href":"https:\/\/www.rupes.com\/es\/wp-json\/wp\/v2\/media?parent=1001409160"}],"wp:term":[{"taxonomy":"category_product","embeddable":true,"href":"https:\/\/www.rupes.com\/es\/wp-json\/wp\/v2\/categoryproduct?post=1001409160"}],"curies":[{"name":"wp","href":"https:\/\/api.w.org\/{rel}","templated":true}]}}