{"id":1001405355,"date":"2023-11-10T08:39:15","date_gmt":"2023-11-10T07:39:15","guid":{"rendered":"https:\/\/www.rupes.com\/?post_type=product&#038;p=1001405355"},"modified":"2026-01-23T12:32:53","modified_gmt":"2026-01-23T11:32:53","slug":"backing-pads-precisionpro-for-ibrid-polishers","status":"publish","type":"product","link":"https:\/\/www.rupes.com\/es\/product\/backing-pads-precisionpro-for-ibrid-polishers\/","title":{"rendered":"PrecisionPro Backing Pad"},"content":{"rendered":"","protected":false},"featured_media":0,"template":"","meta":{"_acf_changed":false},"categoryproduct":[888965157,888965156],"class_list":["post-1001405355","product","type-product","status-publish","hentry","category_product-consumables-backing-pads","category_product-consumables"],"acf":{"product_codice":"980.710 - 981.710","scheda_nuova":true,"contact_form":true,"attiva_flag_new_product":false,"attiva_voice_speech":true,"product_home":"0","attiva_special_message":"disattivo","product_titolo_it":"Platorello PrecisionPro","product_titolo_de":"St\u00fctzteller PrecisionPro","product_titolo_fr":"","product_titolo_es":"","product_descrizione_en":"<p>These revolutionary backing pads have been meticulously designed to take your polishing experience to the next level.<\/p>\n<p>Without polyurethane, they not only bring durability to the forefront but also provide a lower center of gravity. This means enhanced stability during operation, allowing for greater control and precision in your work.<\/p>\n<p>The rubber edge adds an extra layer of finesse to your polishing tasks, ensuring that even the most delicate surfaces are treated with care. What truly sets our backing pads apart is their ability to guarantee better balancing, even with different polishing pads.<\/p>\n<p>This means you can effortlessly switch between various pads without compromising on performance or quality.<\/p>\n<p><strong>LOWER CENTER OF GRAVITY<\/strong><br \/>\nFor superior stability and control<\/p>\n<p><strong>RUBBER BORDER PROTECTION<\/strong><br \/>\nFor added surface protection and a smoother glide<\/p>\n<p><strong>BALANCING VERSATILITY<\/strong><br \/>\nPerfect balance with various polishing pads<\/p>\n","product_descrizione_it":"<p>Questi rivoluzionari platorelli sono stati specificatamente progettati per portare la tua esperienza di lucidatura a un livello superiore. Senza poliuretano, non solo mettono in primo piano la durabilit\u00e0, ma forniscono anche un baricentro pi\u00f9 basso. Ci\u00f2 significa maggiore stabilit\u00e0 durante il funzionamento, consentendo maggiore controllo e precisione nel lavoro.<\/p>\n<p>Il bordo in gomma aggiunge un ulteriore livello di precisione alle tue attivit\u00e0 di lucidatura, garantendo che anche le superfici pi\u00f9 delicate siano trattate con cura. Ci\u00f2 che distingue davvero i nostri platorelli \u00e8 la loro capacit\u00e0 di garantire un miglior bilanciamento, anche con tamponi diversi. Ci\u00f2 significa che puoi passare facilmente da un tampone all\u2019altro senza compromettere le prestazioni o la qualit\u00e0.<\/p>\n<p><strong>BARICENTRO PI\u00d9 BASSO<\/strong><br \/>\nPer stabilit\u00e0 e controllo superiori<\/p>\n<p><strong>PROTEZIONE DEL BORDO IN GOMMA<\/strong><br \/>\nPer una maggiore protezione della superficie e una lucidatura pi\u00f9 fluida<\/p>\n<p><strong>VERSATILIT\u00c0 EQUILIBRATA<\/strong><br \/>\nEquilibrio perfetto con vari tamponi di lucidatura<\/p>\n","product_descrizione_de":"<p>Diese revolution\u00e4ren St\u00fctzteller wurden sorgf\u00e4ltig entwickelt, um Ihr Poliererlebnis auf die n\u00e4chste Stufe zu heben.<\/p>\n<p>Ohne Polyurethan stellen sie nicht nur die Haltbarkeit in den Vordergrund, sondern sorgen auch f\u00fcr einen niedrigeren Schwerpunkt.<\/p>\n<p>Dies bedeutet eine h\u00f6here Stabilit\u00e4t w\u00e4hrend des Betriebs und erm\u00f6glicht eine bessere Kontrolle und Pr\u00e4zision bei der Arbeit.<\/p>\n<p>Die Gummikante verleiht Ihren Polierarbeiten ein zus\u00e4tzliches Ma\u00df an Finesse und stellt sicher, dass selbst die empfindlichsten Oberfl\u00e4chen schonend behandelt werden. Was unsere St\u00fctzteller wirklich auszeichnet, ist ihre F\u00e4higkeit, auch bei unterschiedlichen Polierpads f\u00fcr eine bessere Balance zu sorgen. Das bedeutet, dass Sie problemlos zwischen den Pads wechseln k\u00f6nnen, ohne Kompromisse bei der Leistung oder Qualit\u00e4t einzugehen.<\/p>\n<p><strong>NIEDRIGERER SCHWERPUNKT<\/strong><br \/>\nF\u00fcr \u00fcberragende Stabilit\u00e4t und Kontrolle<\/p>\n<p><strong>KANTENSCHUTZ AUS GUMMI<\/strong><br \/>\nF\u00fcr mehr Oberfl\u00e4chenschutz und sanfteres Gleiten<\/p>\n<p><strong>AUSGEWOGENE VIELSEITIGKEIT<\/strong><br \/>\nPerfekte Balance mit verschiedenen Polierpads<\/p>\n","product_descrizione_fr":"","product_descrizione_es":"","product_scheda_en":"","product_scheda_it":"","product_scheda_de":"","product_scheda_fr":"","product_scheda_es":"","thumb":false,"gallery":[{"ID":1001405001,"id":1001405001,"title":"HLR15-HLR21_backing-pad","filename":"HLR15-HLR21_backing-pad.jpg","filesize":79998,"url":"https:\/\/www.rupes.com\/wp-content\/uploads\/2023\/10\/HLR15-HLR21_backing-pad.jpg","link":"https:\/\/www.rupes.com\/es\/product\/random-orbital-polisher-bigfoot-hlr21-ibrid\/hlr15-hlr21_backing-pad-2\/","alt":"","author":"1","description":"","caption":"","name":"hlr15-hlr21_backing-pad-2","status":"inherit","uploaded_to":1001404929,"date":"2023-10-19 10:40:16","modified":"2023-11-09 11:48:12","menu_order":0,"mime_type":"image\/jpeg","type":"image","subtype":"jpeg","icon":"https:\/\/www.rupes.com\/wp-includes\/images\/media\/default.png","width":1600,"height":1067,"sizes":{"thumbnail":"https:\/\/www.rupes.com\/wp-content\/uploads\/2023\/10\/HLR15-HLR21_backing-pad-150x150.jpg","thumbnail-width":150,"thumbnail-height":150,"medium":"https:\/\/www.rupes.com\/wp-content\/uploads\/2023\/10\/HLR15-HLR21_backing-pad-300x200.jpg","medium-width":300,"medium-height":200,"medium_large":"https:\/\/www.rupes.com\/wp-content\/uploads\/2023\/10\/HLR15-HLR21_backing-pad-768x512.jpg","medium_large-width":768,"medium_large-height":512,"large":"https:\/\/www.rupes.com\/wp-content\/uploads\/2023\/10\/HLR15-HLR21_backing-pad-1024x683.jpg","large-width":1024,"large-height":683,"1536x1536":"https:\/\/www.rupes.com\/wp-content\/uploads\/2023\/10\/HLR15-HLR21_backing-pad-1536x1024.jpg","1536x1536-width":1536,"1536x1536-height":1024,"2048x2048":"https:\/\/www.rupes.com\/wp-content\/uploads\/2023\/10\/HLR15-HLR21_backing-pad.jpg","2048x2048-width":1600,"2048x2048-height":1067,"thumb_news":"https:\/\/www.rupes.com\/wp-content\/uploads\/2023\/10\/HLR15-HLR21_backing-pad-350x200.jpg","thumb_news-width":350,"thumb_news-height":200,"boxhome_small":"https:\/\/www.rupes.com\/wp-content\/uploads\/2023\/10\/HLR15-HLR21_backing-pad-200x100.jpg","boxhome_small-width":200,"boxhome_small-height":100,"boxhome_medium":"https:\/\/www.rupes.com\/wp-content\/uploads\/2023\/10\/HLR15-HLR21_backing-pad-300x150.jpg","boxhome_medium-width":300,"boxhome_medium-height":150,"boxhome_large":"https:\/\/www.rupes.com\/wp-content\/uploads\/2023\/10\/HLR15-HLR21_backing-pad-450x200.jpg","boxhome_large-width":450,"boxhome_large-height":200,"boxproducts_large":"https:\/\/www.rupes.com\/wp-content\/uploads\/2023\/10\/HLR15-HLR21_backing-pad-1600x700.jpg","boxproducts_large-width":1600,"boxproducts_large-height":700,"boxproducts_midlarge":"https:\/\/www.rupes.com\/wp-content\/uploads\/2023\/10\/HLR15-HLR21_backing-pad-1280x560.jpg","boxproducts_midlarge-width":1280,"boxproducts_midlarge-height":560,"boxproducts_medium":"https:\/\/www.rupes.com\/wp-content\/uploads\/2023\/10\/HLR15-HLR21_backing-pad-1024x450.jpg","boxproducts_medium-width":1024,"boxproducts_medium-height":450,"boxproducts_small":"https:\/\/www.rupes.com\/wp-content\/uploads\/2023\/10\/HLR15-HLR21_backing-pad-700x305.jpg","boxproducts_small-width":700,"boxproducts_small-height":305,"boxproducts_mobile":"https:\/\/www.rupes.com\/wp-content\/uploads\/2023\/10\/HLR15-HLR21_backing-pad-400x175.jpg","boxproducts_mobile-width":400,"boxproducts_mobile-height":175,"product_thumb":"https:\/\/www.rupes.com\/wp-content\/uploads\/2023\/10\/HLR15-HLR21_backing-pad-300x200.jpg","product_thumb-width":300,"product_thumb-height":200,"product_home":"https:\/\/www.rupes.com\/wp-content\/uploads\/2023\/10\/HLR15-HLR21_backing-pad-1200x700.jpg","product_home-width":1200,"product_home-height":700,"gallery_first":"https:\/\/www.rupes.com\/wp-content\/uploads\/2023\/10\/HLR15-HLR21_backing-pad-750x500.jpg","gallery_first-width":750,"gallery_first-height":500,"gallery_thumb":"https:\/\/www.rupes.com\/wp-content\/uploads\/2023\/10\/HLR15-HLR21_backing-pad-105x70.jpg","gallery_thumb-width":105,"gallery_thumb-height":70,"category_image":"https:\/\/www.rupes.com\/wp-content\/uploads\/2023\/10\/HLR15-HLR21_backing-pad-200x133.jpg","category_image-width":200,"category_image-height":133,"category_thumb":"https:\/\/www.rupes.com\/wp-content\/uploads\/2023\/10\/HLR15-HLR21_backing-pad-100x67.jpg","category_thumb-width":100,"category_thumb-height":67}},{"ID":1001405365,"id":1001405365,"title":"HLR15-HLR21_backing-pad_3","filename":"HLR15-HLR21_backing-pad_3.jpg","filesize":137230,"url":"https:\/\/www.rupes.com\/wp-content\/uploads\/2023\/11\/HLR15-HLR21_backing-pad_3.jpg","link":"https:\/\/www.rupes.com\/es\/product\/backing-pads-precisionpro-for-ibrid-polishers\/hlr15-hlr21_backing-pad_3-2\/","alt":"","author":"1","description":"","caption":"","name":"hlr15-hlr21_backing-pad_3-2","status":"inherit","uploaded_to":1001405355,"date":"2023-11-09 11:47:56","modified":"2023-11-09 11:47:56","menu_order":0,"mime_type":"image\/jpeg","type":"image","subtype":"jpeg","icon":"https:\/\/www.rupes.com\/wp-includes\/images\/media\/default.png","width":1600,"height":1067,"sizes":{"thumbnail":"https:\/\/www.rupes.com\/wp-content\/uploads\/2023\/11\/HLR15-HLR21_backing-pad_3-150x150.jpg","thumbnail-width":150,"thumbnail-height":150,"medium":"https:\/\/www.rupes.com\/wp-content\/uploads\/2023\/11\/HLR15-HLR21_backing-pad_3-300x200.jpg","medium-width":300,"medium-height":200,"medium_large":"https:\/\/www.rupes.com\/wp-content\/uploads\/2023\/11\/HLR15-HLR21_backing-pad_3-768x512.jpg","medium_large-width":768,"medium_large-height":512,"large":"https:\/\/www.rupes.com\/wp-content\/uploads\/2023\/11\/HLR15-HLR21_backing-pad_3-1024x683.jpg","large-width":1024,"large-height":683,"1536x1536":"https:\/\/www.rupes.com\/wp-content\/uploads\/2023\/11\/HLR15-HLR21_backing-pad_3-1536x1024.jpg","1536x1536-width":1536,"1536x1536-height":1024,"2048x2048":"https:\/\/www.rupes.com\/wp-content\/uploads\/2023\/11\/HLR15-HLR21_backing-pad_3.jpg","2048x2048-width":1600,"2048x2048-height":1067,"thumb_news":"https:\/\/www.rupes.com\/wp-content\/uploads\/2023\/11\/HLR15-HLR21_backing-pad_3-350x200.jpg","thumb_news-width":350,"thumb_news-height":200,"boxhome_small":"https:\/\/www.rupes.com\/wp-content\/uploads\/2023\/11\/HLR15-HLR21_backing-pad_3-200x100.jpg","boxhome_small-width":200,"boxhome_small-height":100,"boxhome_medium":"https:\/\/www.rupes.com\/wp-content\/uploads\/2023\/11\/HLR15-HLR21_backing-pad_3-300x150.jpg","boxhome_medium-width":300,"boxhome_medium-height":150,"boxhome_large":"https:\/\/www.rupes.com\/wp-content\/uploads\/2023\/11\/HLR15-HLR21_backing-pad_3-450x200.jpg","boxhome_large-width":450,"boxhome_large-height":200,"boxproducts_large":"https:\/\/www.rupes.com\/wp-content\/uploads\/2023\/11\/HLR15-HLR21_backing-pad_3-1600x700.jpg","boxproducts_large-width":1600,"boxproducts_large-height":700,"boxproducts_midlarge":"https:\/\/www.rupes.com\/wp-content\/uploads\/2023\/11\/HLR15-HLR21_backing-pad_3-1280x560.jpg","boxproducts_midlarge-width":1280,"boxproducts_midlarge-height":560,"boxproducts_medium":"https:\/\/www.rupes.com\/wp-content\/uploads\/2023\/11\/HLR15-HLR21_backing-pad_3-1024x450.jpg","boxproducts_medium-width":1024,"boxproducts_medium-height":450,"boxproducts_small":"https:\/\/www.rupes.com\/wp-content\/uploads\/2023\/11\/HLR15-HLR21_backing-pad_3-700x305.jpg","boxproducts_small-width":700,"boxproducts_small-height":305,"boxproducts_mobile":"https:\/\/www.rupes.com\/wp-content\/uploads\/2023\/11\/HLR15-HLR21_backing-pad_3-400x175.jpg","boxproducts_mobile-width":400,"boxproducts_mobile-height":175,"product_thumb":"https:\/\/www.rupes.com\/wp-content\/uploads\/2023\/11\/HLR15-HLR21_backing-pad_3-300x200.jpg","product_thumb-width":300,"product_thumb-height":200,"product_home":"https:\/\/www.rupes.com\/wp-content\/uploads\/2023\/11\/HLR15-HLR21_backing-pad_3-1200x700.jpg","product_home-width":1200,"product_home-height":700,"gallery_first":"https:\/\/www.rupes.com\/wp-content\/uploads\/2023\/11\/HLR15-HLR21_backing-pad_3-750x500.jpg","gallery_first-width":750,"gallery_first-height":500,"gallery_thumb":"https:\/\/www.rupes.com\/wp-content\/uploads\/2023\/11\/HLR15-HLR21_backing-pad_3-105x70.jpg","gallery_thumb-width":105,"gallery_thumb-height":70,"category_image":"https:\/\/www.rupes.com\/wp-content\/uploads\/2023\/11\/HLR15-HLR21_backing-pad_3-200x133.jpg","category_image-width":200,"category_image-height":133,"category_thumb":"https:\/\/www.rupes.com\/wp-content\/uploads\/2023\/11\/HLR15-HLR21_backing-pad_3-100x67.jpg","category_thumb-width":100,"category_thumb-height":67}},{"ID":1001405360,"id":1001405360,"title":"HLR15-HLR21_backing-pad_2","filename":"HLR15-HLR21_backing-pad_2.jpg","filesize":44695,"url":"https:\/\/www.rupes.com\/wp-content\/uploads\/2023\/11\/HLR15-HLR21_backing-pad_2.jpg","link":"https:\/\/www.rupes.com\/es\/product\/backing-pads-precisionpro-for-ibrid-polishers\/hlr15-hlr21_backing-pad_2-2\/","alt":"","author":"1","description":"","caption":"","name":"hlr15-hlr21_backing-pad_2-2","status":"inherit","uploaded_to":1001405355,"date":"2023-11-09 11:47:49","modified":"2023-11-09 11:48:07","menu_order":0,"mime_type":"image\/jpeg","type":"image","subtype":"jpeg","icon":"https:\/\/www.rupes.com\/wp-includes\/images\/media\/default.png","width":1600,"height":1067,"sizes":{"thumbnail":"https:\/\/www.rupes.com\/wp-content\/uploads\/2023\/11\/HLR15-HLR21_backing-pad_2-150x150.jpg","thumbnail-width":150,"thumbnail-height":150,"medium":"https:\/\/www.rupes.com\/wp-content\/uploads\/2023\/11\/HLR15-HLR21_backing-pad_2-300x200.jpg","medium-width":300,"medium-height":200,"medium_large":"https:\/\/www.rupes.com\/wp-content\/uploads\/2023\/11\/HLR15-HLR21_backing-pad_2-768x512.jpg","medium_large-width":768,"medium_large-height":512,"large":"https:\/\/www.rupes.com\/wp-content\/uploads\/2023\/11\/HLR15-HLR21_backing-pad_2-1024x683.jpg","large-width":1024,"large-height":683,"1536x1536":"https:\/\/www.rupes.com\/wp-content\/uploads\/2023\/11\/HLR15-HLR21_backing-pad_2-1536x1024.jpg","1536x1536-width":1536,"1536x1536-height":1024,"2048x2048":"https:\/\/www.rupes.com\/wp-content\/uploads\/2023\/11\/HLR15-HLR21_backing-pad_2.jpg","2048x2048-width":1600,"2048x2048-height":1067,"thumb_news":"https:\/\/www.rupes.com\/wp-content\/uploads\/2023\/11\/HLR15-HLR21_backing-pad_2-350x200.jpg","thumb_news-width":350,"thumb_news-height":200,"boxhome_small":"https:\/\/www.rupes.com\/wp-content\/uploads\/2023\/11\/HLR15-HLR21_backing-pad_2-200x100.jpg","boxhome_small-width":200,"boxhome_small-height":100,"boxhome_medium":"https:\/\/www.rupes.com\/wp-content\/uploads\/2023\/11\/HLR15-HLR21_backing-pad_2-300x150.jpg","boxhome_medium-width":300,"boxhome_medium-height":150,"boxhome_large":"https:\/\/www.rupes.com\/wp-content\/uploads\/2023\/11\/HLR15-HLR21_backing-pad_2-450x200.jpg","boxhome_large-width":450,"boxhome_large-height":200,"boxproducts_large":"https:\/\/www.rupes.com\/wp-content\/uploads\/2023\/11\/HLR15-HLR21_backing-pad_2-1600x700.jpg","boxproducts_large-width":1600,"boxproducts_large-height":700,"boxproducts_midlarge":"https:\/\/www.rupes.com\/wp-content\/uploads\/2023\/11\/HLR15-HLR21_backing-pad_2-1280x560.jpg","boxproducts_midlarge-width":1280,"boxproducts_midlarge-height":560,"boxproducts_medium":"https:\/\/www.rupes.com\/wp-content\/uploads\/2023\/11\/HLR15-HLR21_backing-pad_2-1024x450.jpg","boxproducts_medium-width":1024,"boxproducts_medium-height":450,"boxproducts_small":"https:\/\/www.rupes.com\/wp-content\/uploads\/2023\/11\/HLR15-HLR21_backing-pad_2-700x305.jpg","boxproducts_small-width":700,"boxproducts_small-height":305,"boxproducts_mobile":"https:\/\/www.rupes.com\/wp-content\/uploads\/2023\/11\/HLR15-HLR21_backing-pad_2-400x175.jpg","boxproducts_mobile-width":400,"boxproducts_mobile-height":175,"product_thumb":"https:\/\/www.rupes.com\/wp-content\/uploads\/2023\/11\/HLR15-HLR21_backing-pad_2-300x200.jpg","product_thumb-width":300,"product_thumb-height":200,"product_home":"https:\/\/www.rupes.com\/wp-content\/uploads\/2023\/11\/HLR15-HLR21_backing-pad_2-1200x700.jpg","product_home-width":1200,"product_home-height":700,"gallery_first":"https:\/\/www.rupes.com\/wp-content\/uploads\/2023\/11\/HLR15-HLR21_backing-pad_2-750x500.jpg","gallery_first-width":750,"gallery_first-height":500,"gallery_thumb":"https:\/\/www.rupes.com\/wp-content\/uploads\/2023\/11\/HLR15-HLR21_backing-pad_2-105x70.jpg","gallery_thumb-width":105,"gallery_thumb-height":70,"category_image":"https:\/\/www.rupes.com\/wp-content\/uploads\/2023\/11\/HLR15-HLR21_backing-pad_2-200x133.jpg","category_image-width":200,"category_image-height":133,"category_thumb":"https:\/\/www.rupes.com\/wp-content\/uploads\/2023\/11\/HLR15-HLR21_backing-pad_2-100x67.jpg","category_thumb-width":100,"category_thumb-height":67}}],"videos":false,"files":false,"product_b2b_code":"","product_b2b_pdf":"","code_usermanuals":"","code_usermanuals_usa":"","blocco_dimensione":[{"codice":"980.710","dimensione":"\u00d8125 mm - 5\u201d","immagine":{"ID":1001405365,"id":1001405365,"title":"HLR15-HLR21_backing-pad_3","filename":"HLR15-HLR21_backing-pad_3.jpg","filesize":137230,"url":"https:\/\/www.rupes.com\/wp-content\/uploads\/2023\/11\/HLR15-HLR21_backing-pad_3.jpg","link":"https:\/\/www.rupes.com\/es\/product\/backing-pads-precisionpro-for-ibrid-polishers\/hlr15-hlr21_backing-pad_3-2\/","alt":"","author":"1","description":"","caption":"","name":"hlr15-hlr21_backing-pad_3-2","status":"inherit","uploaded_to":1001405355,"date":"2023-11-09 11:47:56","modified":"2023-11-09 11:47:56","menu_order":0,"mime_type":"image\/jpeg","type":"image","subtype":"jpeg","icon":"https:\/\/www.rupes.com\/wp-includes\/images\/media\/default.png","width":1600,"height":1067,"sizes":{"thumbnail":"https:\/\/www.rupes.com\/wp-content\/uploads\/2023\/11\/HLR15-HLR21_backing-pad_3-150x150.jpg","thumbnail-width":150,"thumbnail-height":150,"medium":"https:\/\/www.rupes.com\/wp-content\/uploads\/2023\/11\/HLR15-HLR21_backing-pad_3-300x200.jpg","medium-width":300,"medium-height":200,"medium_large":"https:\/\/www.rupes.com\/wp-content\/uploads\/2023\/11\/HLR15-HLR21_backing-pad_3-768x512.jpg","medium_large-width":768,"medium_large-height":512,"large":"https:\/\/www.rupes.com\/wp-content\/uploads\/2023\/11\/HLR15-HLR21_backing-pad_3-1024x683.jpg","large-width":1024,"large-height":683,"1536x1536":"https:\/\/www.rupes.com\/wp-content\/uploads\/2023\/11\/HLR15-HLR21_backing-pad_3-1536x1024.jpg","1536x1536-width":1536,"1536x1536-height":1024,"2048x2048":"https:\/\/www.rupes.com\/wp-content\/uploads\/2023\/11\/HLR15-HLR21_backing-pad_3.jpg","2048x2048-width":1600,"2048x2048-height":1067,"thumb_news":"https:\/\/www.rupes.com\/wp-content\/uploads\/2023\/11\/HLR15-HLR21_backing-pad_3-350x200.jpg","thumb_news-width":350,"thumb_news-height":200,"boxhome_small":"https:\/\/www.rupes.com\/wp-content\/uploads\/2023\/11\/HLR15-HLR21_backing-pad_3-200x100.jpg","boxhome_small-width":200,"boxhome_small-height":100,"boxhome_medium":"https:\/\/www.rupes.com\/wp-content\/uploads\/2023\/11\/HLR15-HLR21_backing-pad_3-300x150.jpg","boxhome_medium-width":300,"boxhome_medium-height":150,"boxhome_large":"https:\/\/www.rupes.com\/wp-content\/uploads\/2023\/11\/HLR15-HLR21_backing-pad_3-450x200.jpg","boxhome_large-width":450,"boxhome_large-height":200,"boxproducts_large":"https:\/\/www.rupes.com\/wp-content\/uploads\/2023\/11\/HLR15-HLR21_backing-pad_3-1600x700.jpg","boxproducts_large-width":1600,"boxproducts_large-height":700,"boxproducts_midlarge":"https:\/\/www.rupes.com\/wp-content\/uploads\/2023\/11\/HLR15-HLR21_backing-pad_3-1280x560.jpg","boxproducts_midlarge-width":1280,"boxproducts_midlarge-height":560,"boxproducts_medium":"https:\/\/www.rupes.com\/wp-content\/uploads\/2023\/11\/HLR15-HLR21_backing-pad_3-1024x450.jpg","boxproducts_medium-width":1024,"boxproducts_medium-height":450,"boxproducts_small":"https:\/\/www.rupes.com\/wp-content\/uploads\/2023\/11\/HLR15-HLR21_backing-pad_3-700x305.jpg","boxproducts_small-width":700,"boxproducts_small-height":305,"boxproducts_mobile":"https:\/\/www.rupes.com\/wp-content\/uploads\/2023\/11\/HLR15-HLR21_backing-pad_3-400x175.jpg","boxproducts_mobile-width":400,"boxproducts_mobile-height":175,"product_thumb":"https:\/\/www.rupes.com\/wp-content\/uploads\/2023\/11\/HLR15-HLR21_backing-pad_3-300x200.jpg","product_thumb-width":300,"product_thumb-height":200,"product_home":"https:\/\/www.rupes.com\/wp-content\/uploads\/2023\/11\/HLR15-HLR21_backing-pad_3-1200x700.jpg","product_home-width":1200,"product_home-height":700,"gallery_first":"https:\/\/www.rupes.com\/wp-content\/uploads\/2023\/11\/HLR15-HLR21_backing-pad_3-750x500.jpg","gallery_first-width":750,"gallery_first-height":500,"gallery_thumb":"https:\/\/www.rupes.com\/wp-content\/uploads\/2023\/11\/HLR15-HLR21_backing-pad_3-105x70.jpg","gallery_thumb-width":105,"gallery_thumb-height":70,"category_image":"https:\/\/www.rupes.com\/wp-content\/uploads\/2023\/11\/HLR15-HLR21_backing-pad_3-200x133.jpg","category_image-width":200,"category_image-height":133,"category_thumb":"https:\/\/www.rupes.com\/wp-content\/uploads\/2023\/11\/HLR15-HLR21_backing-pad_3-100x67.jpg","category_thumb-width":100,"category_thumb-height":67}},"descrizione_en":"for HLR15","descrizione_it":"","descrizione_de":"","descrizione_fr":"","descrizione_es":""},{"codice":"981.710","dimensione":"\u00d8150 mm - 6\u201d","immagine":{"ID":1001405365,"id":1001405365,"title":"HLR15-HLR21_backing-pad_3","filename":"HLR15-HLR21_backing-pad_3.jpg","filesize":137230,"url":"https:\/\/www.rupes.com\/wp-content\/uploads\/2023\/11\/HLR15-HLR21_backing-pad_3.jpg","link":"https:\/\/www.rupes.com\/es\/product\/backing-pads-precisionpro-for-ibrid-polishers\/hlr15-hlr21_backing-pad_3-2\/","alt":"","author":"1","description":"","caption":"","name":"hlr15-hlr21_backing-pad_3-2","status":"inherit","uploaded_to":1001405355,"date":"2023-11-09 11:47:56","modified":"2023-11-09 11:47:56","menu_order":0,"mime_type":"image\/jpeg","type":"image","subtype":"jpeg","icon":"https:\/\/www.rupes.com\/wp-includes\/images\/media\/default.png","width":1600,"height":1067,"sizes":{"thumbnail":"https:\/\/www.rupes.com\/wp-content\/uploads\/2023\/11\/HLR15-HLR21_backing-pad_3-150x150.jpg","thumbnail-width":150,"thumbnail-height":150,"medium":"https:\/\/www.rupes.com\/wp-content\/uploads\/2023\/11\/HLR15-HLR21_backing-pad_3-300x200.jpg","medium-width":300,"medium-height":200,"medium_large":"https:\/\/www.rupes.com\/wp-content\/uploads\/2023\/11\/HLR15-HLR21_backing-pad_3-768x512.jpg","medium_large-width":768,"medium_large-height":512,"large":"https:\/\/www.rupes.com\/wp-content\/uploads\/2023\/11\/HLR15-HLR21_backing-pad_3-1024x683.jpg","large-width":1024,"large-height":683,"1536x1536":"https:\/\/www.rupes.com\/wp-content\/uploads\/2023\/11\/HLR15-HLR21_backing-pad_3-1536x1024.jpg","1536x1536-width":1536,"1536x1536-height":1024,"2048x2048":"https:\/\/www.rupes.com\/wp-content\/uploads\/2023\/11\/HLR15-HLR21_backing-pad_3.jpg","2048x2048-width":1600,"2048x2048-height":1067,"thumb_news":"https:\/\/www.rupes.com\/wp-content\/uploads\/2023\/11\/HLR15-HLR21_backing-pad_3-350x200.jpg","thumb_news-width":350,"thumb_news-height":200,"boxhome_small":"https:\/\/www.rupes.com\/wp-content\/uploads\/2023\/11\/HLR15-HLR21_backing-pad_3-200x100.jpg","boxhome_small-width":200,"boxhome_small-height":100,"boxhome_medium":"https:\/\/www.rupes.com\/wp-content\/uploads\/2023\/11\/HLR15-HLR21_backing-pad_3-300x150.jpg","boxhome_medium-width":300,"boxhome_medium-height":150,"boxhome_large":"https:\/\/www.rupes.com\/wp-content\/uploads\/2023\/11\/HLR15-HLR21_backing-pad_3-450x200.jpg","boxhome_large-width":450,"boxhome_large-height":200,"boxproducts_large":"https:\/\/www.rupes.com\/wp-content\/uploads\/2023\/11\/HLR15-HLR21_backing-pad_3-1600x700.jpg","boxproducts_large-width":1600,"boxproducts_large-height":700,"boxproducts_midlarge":"https:\/\/www.rupes.com\/wp-content\/uploads\/2023\/11\/HLR15-HLR21_backing-pad_3-1280x560.jpg","boxproducts_midlarge-width":1280,"boxproducts_midlarge-height":560,"boxproducts_medium":"https:\/\/www.rupes.com\/wp-content\/uploads\/2023\/11\/HLR15-HLR21_backing-pad_3-1024x450.jpg","boxproducts_medium-width":1024,"boxproducts_medium-height":450,"boxproducts_small":"https:\/\/www.rupes.com\/wp-content\/uploads\/2023\/11\/HLR15-HLR21_backing-pad_3-700x305.jpg","boxproducts_small-width":700,"boxproducts_small-height":305,"boxproducts_mobile":"https:\/\/www.rupes.com\/wp-content\/uploads\/2023\/11\/HLR15-HLR21_backing-pad_3-400x175.jpg","boxproducts_mobile-width":400,"boxproducts_mobile-height":175,"product_thumb":"https:\/\/www.rupes.com\/wp-content\/uploads\/2023\/11\/HLR15-HLR21_backing-pad_3-300x200.jpg","product_thumb-width":300,"product_thumb-height":200,"product_home":"https:\/\/www.rupes.com\/wp-content\/uploads\/2023\/11\/HLR15-HLR21_backing-pad_3-1200x700.jpg","product_home-width":1200,"product_home-height":700,"gallery_first":"https:\/\/www.rupes.com\/wp-content\/uploads\/2023\/11\/HLR15-HLR21_backing-pad_3-750x500.jpg","gallery_first-width":750,"gallery_first-height":500,"gallery_thumb":"https:\/\/www.rupes.com\/wp-content\/uploads\/2023\/11\/HLR15-HLR21_backing-pad_3-105x70.jpg","gallery_thumb-width":105,"gallery_thumb-height":70,"category_image":"https:\/\/www.rupes.com\/wp-content\/uploads\/2023\/11\/HLR15-HLR21_backing-pad_3-200x133.jpg","category_image-width":200,"category_image-height":133,"category_thumb":"https:\/\/www.rupes.com\/wp-content\/uploads\/2023\/11\/HLR15-HLR21_backing-pad_3-100x67.jpg","category_thumb-width":100,"category_thumb-height":67}},"descrizione_en":"for HLR21","descrizione_it":"","descrizione_de":"","descrizione_fr":"","descrizione_es":""}],"varianti":false,"kit_vendita":false,"blocchi_prodotti_correlati":[{"iconablocco":"fas fa-retweet","seleziona_i_prodotti":[1001405017,1001404929],"label":"compatible with","titolo_correlato_en":"","titolo_correlato_it":"","titolo_correlato_de":"","titolo_correlato_fr":"","titolo_correlato_es":""}],"seleziona_tag_notizie":false,"google_review_link":"","seleziona_le_recensioni":"","attiva_collegamento":false,"escludi_scheda_sicurezza":false},"_links":{"self":[{"href":"https:\/\/www.rupes.com\/es\/wp-json\/wp\/v2\/products\/1001405355","targetHints":{"allow":["GET"]}}],"collection":[{"href":"https:\/\/www.rupes.com\/es\/wp-json\/wp\/v2\/products"}],"about":[{"href":"https:\/\/www.rupes.com\/es\/wp-json\/wp\/v2\/types\/product"}],"wp:attachment":[{"href":"https:\/\/www.rupes.com\/es\/wp-json\/wp\/v2\/media?parent=1001405355"}],"wp:term":[{"taxonomy":"category_product","embeddable":true,"href":"https:\/\/www.rupes.com\/es\/wp-json\/wp\/v2\/categoryproduct?post=1001405355"}],"curies":[{"name":"wp","href":"https:\/\/api.w.org\/{rel}","templated":true}]}}