{"id":1001401861,"date":"2022-07-25T10:43:12","date_gmt":"2022-07-25T08:43:12","guid":{"rendered":"https:\/\/www.rupes.com\/?post_type=product&#038;p=1001401861"},"modified":"2022-07-25T17:08:28","modified_gmt":"2022-07-25T15:08:28","slug":"rupes-wheel-covers","status":"publish","type":"product","link":"https:\/\/www.rupes.com\/es\/product\/rupes-wheel-covers\/","title":{"rendered":"RUPES Wheel Covers"},"content":{"rendered":"<p>The new RUPES Wheel Covers, specially designed to protect wheels from damages and dirt, represent the perfect items for any body shop and detailing center. These waterproof high-quality products can prevent polishing residues and sanding dust, as well as chemicals and other substances, from settling on the tires and the wheel rims. They are very easy to put on, without having to lift the car or carring on any difficult operation.<\/p>\n","protected":false},"featured_media":0,"template":"","meta":{"_acf_changed":false},"categoryproduct":[888965420,888965424],"class_list":["post-1001401861","product","type-product","status-publish","hentry","category_product-merchandising","category_product-merchandising-various"],"acf":{"product_codice":"9.Z1147\/4","scheda_nuova":true,"contact_form":true,"attiva_flag_new_product":false,"attiva_voice_speech":true,"product_home":"0","attiva_special_message":"disattivo","product_titolo_it":"Copriruota RUPES","product_titolo_de":"RUPES Radabdeckung","product_titolo_fr":"","product_titolo_es":"","product_descrizione_en":"<p>The new RUPES Wheel Covers, specially designed to protect wheels from damages and dirt, represent the perfect items for any body shop and detailing center. These waterproof high-quality products can prevent polishing residues and sanding dust, as well as chemicals and other substances, from settling on the tires and the wheel rims. They are very easy to put on, without having to lift the car or carring on any difficult operation.<\/p>\n","product_descrizione_it":"<p>I nuovi Copriruota RUPES, appositamente studiati per proteggere le ruote dagli agenti esterni e dallo sporco, rappresentano gli accessori perfetti per qualsiasi carrozzeria e centro detailing. Questi prodotti, in materiale impermeabile di alta qualit\u00e0, impediscono che i residui di pasta abrasiva, la polvere di levigatura, nonch\u00e9 gli agenti chimici o altre sostanze, vadano a depositarsi sui pneumatici e sui cerchioni. Sono molto semplici ed intuitivi da montare, senza dover sollevare l\u2019auto o eseguire operazioni complicate.<\/p>\n","product_descrizione_de":"<p>Die neuen RUPES-Radabdeckungen, die speziell entwickelt wurden, um R\u00e4der vor Besch\u00e4digungen und Schmutz zu sch\u00fctzen, repr\u00e4sentieren die perfekten Artikel f\u00fcr jede Karosseriewerkstatt und jedes Detailing Center. Diese wasserdichten hochwertigen Produkte k\u00f6nnen Polierr\u00fcckst\u00e4nde und Schleifstaub sowie Chemikalien und andere Substanzen abhalten, welche sich auf den Reifen und den Felgen absetzen. Sie lassen sich sehr leicht anbringen, ohne das Auto anzuheben und ohne jede M\u00fche.<\/p>\n","product_descrizione_fr":"","product_descrizione_es":"","product_scheda_en":"","product_scheda_it":"","product_scheda_de":"","product_scheda_fr":"","product_scheda_es":"","thumb":false,"gallery":[{"ID":1001401881,"id":1001401881,"title":"DSC01419_mod_web","filename":"DSC01419_mod_web-2.jpg","filesize":446700,"url":"https:\/\/www.rupes.com\/wp-content\/uploads\/2022\/07\/DSC01419_mod_web-2.jpg","link":"https:\/\/www.rupes.com\/es\/product\/rupes-wheel-covers\/dsc01419_mod_web-2-2\/","alt":"","author":"2","description":"","caption":"","name":"dsc01419_mod_web-2-2","status":"inherit","uploaded_to":1001401861,"date":"2022-07-22 12:54:40","modified":"2022-07-22 12:54:40","menu_order":0,"mime_type":"image\/jpeg","type":"image","subtype":"jpeg","icon":"https:\/\/www.rupes.com\/wp-includes\/images\/media\/default.png","width":2500,"height":1667,"sizes":{"thumbnail":"https:\/\/www.rupes.com\/wp-content\/uploads\/2022\/07\/DSC01419_mod_web-2-150x150.jpg","thumbnail-width":150,"thumbnail-height":150,"medium":"https:\/\/www.rupes.com\/wp-content\/uploads\/2022\/07\/DSC01419_mod_web-2-300x200.jpg","medium-width":300,"medium-height":200,"medium_large":"https:\/\/www.rupes.com\/wp-content\/uploads\/2022\/07\/DSC01419_mod_web-2-768x512.jpg","medium_large-width":768,"medium_large-height":512,"large":"https:\/\/www.rupes.com\/wp-content\/uploads\/2022\/07\/DSC01419_mod_web-2-1024x683.jpg","large-width":1024,"large-height":683,"1536x1536":"https:\/\/www.rupes.com\/wp-content\/uploads\/2022\/07\/DSC01419_mod_web-2-1536x1024.jpg","1536x1536-width":1536,"1536x1536-height":1024,"2048x2048":"https:\/\/www.rupes.com\/wp-content\/uploads\/2022\/07\/DSC01419_mod_web-2-2048x1366.jpg","2048x2048-width":2048,"2048x2048-height":1366,"thumb_news":"https:\/\/www.rupes.com\/wp-content\/uploads\/2022\/07\/DSC01419_mod_web-2-350x200.jpg","thumb_news-width":350,"thumb_news-height":200,"boxhome_small":"https:\/\/www.rupes.com\/wp-content\/uploads\/2022\/07\/DSC01419_mod_web-2-200x100.jpg","boxhome_small-width":200,"boxhome_small-height":100,"boxhome_medium":"https:\/\/www.rupes.com\/wp-content\/uploads\/2022\/07\/DSC01419_mod_web-2-300x150.jpg","boxhome_medium-width":300,"boxhome_medium-height":150,"boxhome_large":"https:\/\/www.rupes.com\/wp-content\/uploads\/2022\/07\/DSC01419_mod_web-2-450x200.jpg","boxhome_large-width":450,"boxhome_large-height":200,"boxproducts_large":"https:\/\/www.rupes.com\/wp-content\/uploads\/2022\/07\/DSC01419_mod_web-2-1600x700.jpg","boxproducts_large-width":1600,"boxproducts_large-height":700,"boxproducts_midlarge":"https:\/\/www.rupes.com\/wp-content\/uploads\/2022\/07\/DSC01419_mod_web-2-1280x560.jpg","boxproducts_midlarge-width":1280,"boxproducts_midlarge-height":560,"boxproducts_medium":"https:\/\/www.rupes.com\/wp-content\/uploads\/2022\/07\/DSC01419_mod_web-2-1024x450.jpg","boxproducts_medium-width":1024,"boxproducts_medium-height":450,"boxproducts_small":"https:\/\/www.rupes.com\/wp-content\/uploads\/2022\/07\/DSC01419_mod_web-2-700x305.jpg","boxproducts_small-width":700,"boxproducts_small-height":305,"boxproducts_mobile":"https:\/\/www.rupes.com\/wp-content\/uploads\/2022\/07\/DSC01419_mod_web-2-400x175.jpg","boxproducts_mobile-width":400,"boxproducts_mobile-height":175,"product_thumb":"https:\/\/www.rupes.com\/wp-content\/uploads\/2022\/07\/DSC01419_mod_web-2-300x200.jpg","product_thumb-width":300,"product_thumb-height":200,"product_home":"https:\/\/www.rupes.com\/wp-content\/uploads\/2022\/07\/DSC01419_mod_web-2-1200x700.jpg","product_home-width":1200,"product_home-height":700,"gallery_first":"https:\/\/www.rupes.com\/wp-content\/uploads\/2022\/07\/DSC01419_mod_web-2-750x500.jpg","gallery_first-width":750,"gallery_first-height":500,"gallery_thumb":"https:\/\/www.rupes.com\/wp-content\/uploads\/2022\/07\/DSC01419_mod_web-2-105x70.jpg","gallery_thumb-width":105,"gallery_thumb-height":70,"category_image":"https:\/\/www.rupes.com\/wp-content\/uploads\/2022\/07\/DSC01419_mod_web-2-200x133.jpg","category_image-width":200,"category_image-height":133,"category_thumb":"https:\/\/www.rupes.com\/wp-content\/uploads\/2022\/07\/DSC01419_mod_web-2-100x67.jpg","category_thumb-width":100,"category_thumb-height":67}},{"ID":1001401886,"id":1001401886,"title":"DSC01417_mod_web","filename":"DSC01417_mod_web-4.jpg","filesize":416884,"url":"https:\/\/www.rupes.com\/wp-content\/uploads\/2022\/07\/DSC01417_mod_web-4.jpg","link":"https:\/\/www.rupes.com\/es\/product\/rupes-wheel-covers\/dsc01417_mod_web-3-2\/","alt":"","author":"2","description":"","caption":"","name":"dsc01417_mod_web-3-2","status":"inherit","uploaded_to":1001401861,"date":"2022-07-22 12:55:19","modified":"2022-07-22 12:55:27","menu_order":0,"mime_type":"image\/jpeg","type":"image","subtype":"jpeg","icon":"https:\/\/www.rupes.com\/wp-includes\/images\/media\/default.png","width":2500,"height":1667,"sizes":{"thumbnail":"https:\/\/www.rupes.com\/wp-content\/uploads\/2022\/07\/DSC01417_mod_web-4-150x150.jpg","thumbnail-width":150,"thumbnail-height":150,"medium":"https:\/\/www.rupes.com\/wp-content\/uploads\/2022\/07\/DSC01417_mod_web-4-300x200.jpg","medium-width":300,"medium-height":200,"medium_large":"https:\/\/www.rupes.com\/wp-content\/uploads\/2022\/07\/DSC01417_mod_web-4-768x512.jpg","medium_large-width":768,"medium_large-height":512,"large":"https:\/\/www.rupes.com\/wp-content\/uploads\/2022\/07\/DSC01417_mod_web-4-1024x683.jpg","large-width":1024,"large-height":683,"1536x1536":"https:\/\/www.rupes.com\/wp-content\/uploads\/2022\/07\/DSC01417_mod_web-4-1536x1024.jpg","1536x1536-width":1536,"1536x1536-height":1024,"2048x2048":"https:\/\/www.rupes.com\/wp-content\/uploads\/2022\/07\/DSC01417_mod_web-4-2048x1366.jpg","2048x2048-width":2048,"2048x2048-height":1366,"thumb_news":"https:\/\/www.rupes.com\/wp-content\/uploads\/2022\/07\/DSC01417_mod_web-4-350x200.jpg","thumb_news-width":350,"thumb_news-height":200,"boxhome_small":"https:\/\/www.rupes.com\/wp-content\/uploads\/2022\/07\/DSC01417_mod_web-4-200x100.jpg","boxhome_small-width":200,"boxhome_small-height":100,"boxhome_medium":"https:\/\/www.rupes.com\/wp-content\/uploads\/2022\/07\/DSC01417_mod_web-4-300x150.jpg","boxhome_medium-width":300,"boxhome_medium-height":150,"boxhome_large":"https:\/\/www.rupes.com\/wp-content\/uploads\/2022\/07\/DSC01417_mod_web-4-450x200.jpg","boxhome_large-width":450,"boxhome_large-height":200,"boxproducts_large":"https:\/\/www.rupes.com\/wp-content\/uploads\/2022\/07\/DSC01417_mod_web-4-1600x700.jpg","boxproducts_large-width":1600,"boxproducts_large-height":700,"boxproducts_midlarge":"https:\/\/www.rupes.com\/wp-content\/uploads\/2022\/07\/DSC01417_mod_web-4-1280x560.jpg","boxproducts_midlarge-width":1280,"boxproducts_midlarge-height":560,"boxproducts_medium":"https:\/\/www.rupes.com\/wp-content\/uploads\/2022\/07\/DSC01417_mod_web-4-1024x450.jpg","boxproducts_medium-width":1024,"boxproducts_medium-height":450,"boxproducts_small":"https:\/\/www.rupes.com\/wp-content\/uploads\/2022\/07\/DSC01417_mod_web-4-700x305.jpg","boxproducts_small-width":700,"boxproducts_small-height":305,"boxproducts_mobile":"https:\/\/www.rupes.com\/wp-content\/uploads\/2022\/07\/DSC01417_mod_web-4-400x175.jpg","boxproducts_mobile-width":400,"boxproducts_mobile-height":175,"product_thumb":"https:\/\/www.rupes.com\/wp-content\/uploads\/2022\/07\/DSC01417_mod_web-4-300x200.jpg","product_thumb-width":300,"product_thumb-height":200,"product_home":"https:\/\/www.rupes.com\/wp-content\/uploads\/2022\/07\/DSC01417_mod_web-4-1200x700.jpg","product_home-width":1200,"product_home-height":700,"gallery_first":"https:\/\/www.rupes.com\/wp-content\/uploads\/2022\/07\/DSC01417_mod_web-4-750x500.jpg","gallery_first-width":750,"gallery_first-height":500,"gallery_thumb":"https:\/\/www.rupes.com\/wp-content\/uploads\/2022\/07\/DSC01417_mod_web-4-105x70.jpg","gallery_thumb-width":105,"gallery_thumb-height":70,"category_image":"https:\/\/www.rupes.com\/wp-content\/uploads\/2022\/07\/DSC01417_mod_web-4-200x133.jpg","category_image-width":200,"category_image-height":133,"category_thumb":"https:\/\/www.rupes.com\/wp-content\/uploads\/2022\/07\/DSC01417_mod_web-4-100x67.jpg","category_thumb-width":100,"category_thumb-height":67}}],"videos":false,"files":false,"product_b2b_code":"","product_b2b_pdf":"","blocco_dimensione":false,"varianti":false,"kit_vendita":false,"blocchi_prodotti_correlati":false,"seleziona_tag_notizie":false,"google_review_link":"","seleziona_le_recensioni":"","attiva_collegamento":false},"_links":{"self":[{"href":"https:\/\/www.rupes.com\/es\/wp-json\/wp\/v2\/products\/1001401861","targetHints":{"allow":["GET"]}}],"collection":[{"href":"https:\/\/www.rupes.com\/es\/wp-json\/wp\/v2\/products"}],"about":[{"href":"https:\/\/www.rupes.com\/es\/wp-json\/wp\/v2\/types\/product"}],"wp:attachment":[{"href":"https:\/\/www.rupes.com\/es\/wp-json\/wp\/v2\/media?parent=1001401861"}],"wp:term":[{"taxonomy":"category_product","embeddable":true,"href":"https:\/\/www.rupes.com\/es\/wp-json\/wp\/v2\/categoryproduct?post=1001401861"}],"curies":[{"name":"wp","href":"https:\/\/api.w.org\/{rel}","templated":true}]}}