{"id":1001401373,"date":"2022-10-21T08:38:22","date_gmt":"2022-10-21T06:38:22","guid":{"rendered":"https:\/\/www.rupes.com\/?post_type=product&#038;p=1001401373"},"modified":"2026-01-23T09:24:51","modified_gmt":"2026-01-23T08:24:51","slug":"reveal-lite-residue-remover","status":"publish","type":"product","link":"https:\/\/www.rupes.com\/es\/product\/reveal-lite-residue-remover\/","title":{"rendered":"REVEAL LITE \u2013 RESIDUE REMOVER"},"content":{"rendered":"","protected":false},"featured_media":0,"template":"","meta":{"_acf_changed":false},"categoryproduct":[888965158,888965156],"class_list":["post-1001401373","product","type-product","status-publish","hentry","category_product-consumables-car-care-products","category_product-consumables"],"acf":{"product_codice":"9.REVEALM","scheda_nuova":true,"contact_form":true,"attiva_flag_new_product":false,"attiva_voice_speech":true,"product_home":"0","attiva_special_message":"disattivo","product_titolo_it":"","product_titolo_de":"","product_titolo_fr":"","product_titolo_es":"","product_descrizione_en":"<p><strong>REVEAL LITE<\/strong> is surface preparation and cleaning spray specifically formulated to remove compound and polish oils, residues, waxes, non-durable fillers, and other surface contamination remaining on surfaces before or after correction, It also works great as an exterior glass cleaner.<\/p>\n<p>Tips for Success:<\/p>\n<ol>\n<li>REVEAL LITE, spray generously onto the surface to be cleaned (if surface is freshly painted, spray onto a towel then wipe, do not spray directly on the surface).<\/li>\n<li>Wipe immediately with a clean, soft, microfiber polishing cloth until dry.<\/li>\n<li>Inspect surface and repeat treatment as necessary.<\/li>\n<\/ol>\n","product_descrizione_it":"<p>REVEAL LITE \u00e8 un prodotto per la preparazione e la pulizia delle superfici specificamente formulato per rimuovere residui, cere, coprenti e altri contaminanti rimasti sulle superfici prima o dopo la lucidatura.<\/p>\n<p>Efficace anche come detergente per vetri.<\/p>\n<p>&nbsp;<\/p>\n<p>Indicazioni per un corretto utilizzo:<\/p>\n<ol>\n<li>REVEAL LITE, applicare generosamente sulla superficie da pulire (se la superficie \u00e8 stata verniciata da poco, spruzzare il prodotto su un panno, non spruzzare direttamente sulla superficie).<\/li>\n<li>Pulire immediatamente con un panno per lucidatura in microfibra pulito e morbido fino a quando il prodotto non si sar\u00e0 asciugato.<\/li>\n<li>Ispezionare la superficie e ripetere il trattamento se necessario.<\/li>\n<\/ol>\n","product_descrizione_de":"<p><strong>REVEAL LITE<\/strong> ist ein Produkt zur Vorbereitung und Reinigung von Oberfl\u00e4chen, das speziell entwickelt wurde zum Entfernen von R\u00fcckst\u00e4nden, Wachse, Beschichtungen und anderen Verunreinigungen, die vor oder nach dem Polieren auf Oberfl\u00e4chen zur\u00fcckbleiben. Auch wirksam als Glasreiniger.<\/p>\n<p><strong>Hinweise zur korrekten Anwendung von REVEAL LITE:<\/strong><br \/>\n1. REVEAL LITE, gro\u00dfz\u00fcgig auf die zu reinigende Oberfl\u00e4che auftragen (wenn die Oberfl\u00e4che vor kurzem lackiert wurde, ein wenig Produkt auf ein Tuch spr\u00fchen, nicht direkt auf die Oberfl\u00e4che spr\u00fchen).<br \/>\n2. Sofort mit einem sauberen und weichen Mikrofaser-Poliertuch abwischen, bis das Produkt nicht ausgetrocknet ist.<br \/>\n3. \u00dcberpr\u00fcfen Sie die Oberfl\u00e4che und wiederholen Sie die Behandlung bei Bedarf.<\/p>\n","product_descrizione_fr":"","product_descrizione_es":"","product_scheda_en":"","product_scheda_it":"","product_scheda_de":"","product_scheda_fr":"","product_scheda_es":"","thumb":false,"gallery":[{"ID":1001402338,"id":1001402338,"title":"REVEAL-LITE_9REVEALM750","filename":"REVEAL-LITE_9REVEALM750.jpg","filesize":66194,"url":"https:\/\/www.rupes.com\/wp-content\/uploads\/2022\/10\/REVEAL-LITE_9REVEALM750.jpg","link":"https:\/\/www.rupes.com\/es\/product\/reveal-strong-residue-remover\/reveal-lite_9revealm750-2-2\/","alt":"","author":"1","description":"","caption":"","name":"reveal-lite_9revealm750-2-2","status":"inherit","uploaded_to":1001401372,"date":"2022-10-21 06:44:05","modified":"2022-10-21 06:44:45","menu_order":0,"mime_type":"image\/jpeg","type":"image","subtype":"jpeg","icon":"https:\/\/www.rupes.com\/wp-includes\/images\/media\/default.png","width":1600,"height":1067,"sizes":{"thumbnail":"https:\/\/www.rupes.com\/wp-content\/uploads\/2022\/10\/REVEAL-LITE_9REVEALM750-150x150.jpg","thumbnail-width":150,"thumbnail-height":150,"medium":"https:\/\/www.rupes.com\/wp-content\/uploads\/2022\/10\/REVEAL-LITE_9REVEALM750-300x200.jpg","medium-width":300,"medium-height":200,"medium_large":"https:\/\/www.rupes.com\/wp-content\/uploads\/2022\/10\/REVEAL-LITE_9REVEALM750-768x512.jpg","medium_large-width":768,"medium_large-height":512,"large":"https:\/\/www.rupes.com\/wp-content\/uploads\/2022\/10\/REVEAL-LITE_9REVEALM750-1024x683.jpg","large-width":1024,"large-height":683,"1536x1536":"https:\/\/www.rupes.com\/wp-content\/uploads\/2022\/10\/REVEAL-LITE_9REVEALM750-1536x1024.jpg","1536x1536-width":1536,"1536x1536-height":1024,"2048x2048":"https:\/\/www.rupes.com\/wp-content\/uploads\/2022\/10\/REVEAL-LITE_9REVEALM750.jpg","2048x2048-width":1600,"2048x2048-height":1067,"thumb_news":"https:\/\/www.rupes.com\/wp-content\/uploads\/2022\/10\/REVEAL-LITE_9REVEALM750-350x200.jpg","thumb_news-width":350,"thumb_news-height":200,"boxhome_small":"https:\/\/www.rupes.com\/wp-content\/uploads\/2022\/10\/REVEAL-LITE_9REVEALM750-200x100.jpg","boxhome_small-width":200,"boxhome_small-height":100,"boxhome_medium":"https:\/\/www.rupes.com\/wp-content\/uploads\/2022\/10\/REVEAL-LITE_9REVEALM750-300x150.jpg","boxhome_medium-width":300,"boxhome_medium-height":150,"boxhome_large":"https:\/\/www.rupes.com\/wp-content\/uploads\/2022\/10\/REVEAL-LITE_9REVEALM750-450x200.jpg","boxhome_large-width":450,"boxhome_large-height":200,"boxproducts_large":"https:\/\/www.rupes.com\/wp-content\/uploads\/2022\/10\/REVEAL-LITE_9REVEALM750-1600x700.jpg","boxproducts_large-width":1600,"boxproducts_large-height":700,"boxproducts_midlarge":"https:\/\/www.rupes.com\/wp-content\/uploads\/2022\/10\/REVEAL-LITE_9REVEALM750-1280x560.jpg","boxproducts_midlarge-width":1280,"boxproducts_midlarge-height":560,"boxproducts_medium":"https:\/\/www.rupes.com\/wp-content\/uploads\/2022\/10\/REVEAL-LITE_9REVEALM750-1024x450.jpg","boxproducts_medium-width":1024,"boxproducts_medium-height":450,"boxproducts_small":"https:\/\/www.rupes.com\/wp-content\/uploads\/2022\/10\/REVEAL-LITE_9REVEALM750-700x305.jpg","boxproducts_small-width":700,"boxproducts_small-height":305,"boxproducts_mobile":"https:\/\/www.rupes.com\/wp-content\/uploads\/2022\/10\/REVEAL-LITE_9REVEALM750-400x175.jpg","boxproducts_mobile-width":400,"boxproducts_mobile-height":175,"product_thumb":"https:\/\/www.rupes.com\/wp-content\/uploads\/2022\/10\/REVEAL-LITE_9REVEALM750-300x200.jpg","product_thumb-width":300,"product_thumb-height":200,"product_home":"https:\/\/www.rupes.com\/wp-content\/uploads\/2022\/10\/REVEAL-LITE_9REVEALM750-1200x700.jpg","product_home-width":1200,"product_home-height":700,"gallery_first":"https:\/\/www.rupes.com\/wp-content\/uploads\/2022\/10\/REVEAL-LITE_9REVEALM750-750x500.jpg","gallery_first-width":750,"gallery_first-height":500,"gallery_thumb":"https:\/\/www.rupes.com\/wp-content\/uploads\/2022\/10\/REVEAL-LITE_9REVEALM750-105x70.jpg","gallery_thumb-width":105,"gallery_thumb-height":70,"category_image":"https:\/\/www.rupes.com\/wp-content\/uploads\/2022\/10\/REVEAL-LITE_9REVEALM750-200x133.jpg","category_image-width":200,"category_image-height":133,"category_thumb":"https:\/\/www.rupes.com\/wp-content\/uploads\/2022\/10\/REVEAL-LITE_9REVEALM750-100x67.jpg","category_thumb-width":100,"category_thumb-height":67}},{"ID":1001410014,"id":1001410014,"title":"REVEALM5l","filename":"REVEALM5l-scaled.jpg","filesize":190483,"url":"https:\/\/www.rupes.com\/wp-content\/uploads\/2022\/10\/REVEALM5l-scaled.jpg","link":"https:\/\/www.rupes.com\/es\/product\/reveal-lite-residue-remover\/revealm5l-2\/","alt":"","author":"1","description":"","caption":"","name":"revealm5l-2","status":"inherit","uploaded_to":1001401373,"date":"2026-01-23 08:22:55","modified":"2026-01-23 08:22:55","menu_order":0,"mime_type":"image\/jpeg","type":"image","subtype":"jpeg","icon":"https:\/\/www.rupes.com\/wp-includes\/images\/media\/default.png","width":2560,"height":1707,"sizes":{"thumbnail":"https:\/\/www.rupes.com\/wp-content\/uploads\/2022\/10\/REVEALM5l-150x150.jpg","thumbnail-width":150,"thumbnail-height":150,"medium":"https:\/\/www.rupes.com\/wp-content\/uploads\/2022\/10\/REVEALM5l-300x200.jpg","medium-width":300,"medium-height":200,"medium_large":"https:\/\/www.rupes.com\/wp-content\/uploads\/2022\/10\/REVEALM5l-768x512.jpg","medium_large-width":768,"medium_large-height":512,"large":"https:\/\/www.rupes.com\/wp-content\/uploads\/2022\/10\/REVEALM5l-1024x683.jpg","large-width":1024,"large-height":683,"1536x1536":"https:\/\/www.rupes.com\/wp-content\/uploads\/2022\/10\/REVEALM5l-1536x1024.jpg","1536x1536-width":1536,"1536x1536-height":1024,"2048x2048":"https:\/\/www.rupes.com\/wp-content\/uploads\/2022\/10\/REVEALM5l-2048x1365.jpg","2048x2048-width":2048,"2048x2048-height":1365,"thumb_news":"https:\/\/www.rupes.com\/wp-content\/uploads\/2022\/10\/REVEALM5l-350x200.jpg","thumb_news-width":350,"thumb_news-height":200,"boxhome_small":"https:\/\/www.rupes.com\/wp-content\/uploads\/2022\/10\/REVEALM5l-200x100.jpg","boxhome_small-width":200,"boxhome_small-height":100,"boxhome_medium":"https:\/\/www.rupes.com\/wp-content\/uploads\/2022\/10\/REVEALM5l-300x150.jpg","boxhome_medium-width":300,"boxhome_medium-height":150,"boxhome_large":"https:\/\/www.rupes.com\/wp-content\/uploads\/2022\/10\/REVEALM5l-450x200.jpg","boxhome_large-width":450,"boxhome_large-height":200,"boxproducts_large":"https:\/\/www.rupes.com\/wp-content\/uploads\/2022\/10\/REVEALM5l-1600x700.jpg","boxproducts_large-width":1600,"boxproducts_large-height":700,"boxproducts_midlarge":"https:\/\/www.rupes.com\/wp-content\/uploads\/2022\/10\/REVEALM5l-1280x560.jpg","boxproducts_midlarge-width":1280,"boxproducts_midlarge-height":560,"boxproducts_medium":"https:\/\/www.rupes.com\/wp-content\/uploads\/2022\/10\/REVEALM5l-1024x450.jpg","boxproducts_medium-width":1024,"boxproducts_medium-height":450,"boxproducts_small":"https:\/\/www.rupes.com\/wp-content\/uploads\/2022\/10\/REVEALM5l-700x305.jpg","boxproducts_small-width":700,"boxproducts_small-height":305,"boxproducts_mobile":"https:\/\/www.rupes.com\/wp-content\/uploads\/2022\/10\/REVEALM5l-400x175.jpg","boxproducts_mobile-width":400,"boxproducts_mobile-height":175,"product_thumb":"https:\/\/www.rupes.com\/wp-content\/uploads\/2022\/10\/REVEALM5l-300x200.jpg","product_thumb-width":300,"product_thumb-height":200,"product_home":"https:\/\/www.rupes.com\/wp-content\/uploads\/2022\/10\/REVEALM5l-1200x700.jpg","product_home-width":1200,"product_home-height":700,"gallery_first":"https:\/\/www.rupes.com\/wp-content\/uploads\/2022\/10\/REVEALM5l-750x500.jpg","gallery_first-width":750,"gallery_first-height":500,"gallery_thumb":"https:\/\/www.rupes.com\/wp-content\/uploads\/2022\/10\/REVEALM5l-105x70.jpg","gallery_thumb-width":105,"gallery_thumb-height":70,"category_image":"https:\/\/www.rupes.com\/wp-content\/uploads\/2022\/10\/REVEALM5l-200x133.jpg","category_image-width":200,"category_image-height":133,"category_thumb":"https:\/\/www.rupes.com\/wp-content\/uploads\/2022\/10\/REVEALM5l-100x67.jpg","category_thumb-width":100,"category_thumb-height":67}}],"videos":false,"files":[{"label":"msds","etichetta_en":"","etichetta_it":"","etichetta_de":"","etichetta_fr":"","etichetta_es":"","multilingua":"no","file":false,"url_file":"https:\/\/www.rupes.com\/safety-data-sheet\/","file_or_url":"file","file_it":false,"url_it":"","file_or_url_it":"file","file_de":false,"url_de":"","file_or_url_de":"file","file_fr":false,"url_fr":"","file_or_url_fr":"file","file_es":false,"url_es":"","file_or_url_es":"file"},{"label":"custom","etichetta_en":"Technical sheet","etichetta_it":"Scheda tecnica","etichetta_de":"Datenblatt","etichetta_fr":"Fiche technique","etichetta_es":"Ficha t\u00e9cnica","multilingua":"multi","file":false,"url_file":"https:\/\/rupes.com\/technical-sheet\/technical-sheet-EN\/REVEAL-LITE.pdf","file_or_url":"url","file_it":false,"url_it":"https:\/\/rupes.com\/technical-sheet\/technical-sheet-IT\/REVEAL-LITE.pdf","file_or_url_it":"url","file_de":false,"url_de":"","file_or_url_de":"file","file_fr":false,"url_fr":"","file_or_url_fr":"file","file_es":false,"url_es":"","file_or_url_es":"file"}],"product_b2b_code":"","product_b2b_pdf":"","blocco_dimensione":[{"codice":"9.REVEALM750","dimensione":"750 ml","immagine":{"ID":1001402338,"id":1001402338,"title":"REVEAL-LITE_9REVEALM750","filename":"REVEAL-LITE_9REVEALM750.jpg","filesize":66194,"url":"https:\/\/www.rupes.com\/wp-content\/uploads\/2022\/10\/REVEAL-LITE_9REVEALM750.jpg","link":"https:\/\/www.rupes.com\/es\/product\/reveal-strong-residue-remover\/reveal-lite_9revealm750-2-2\/","alt":"","author":"1","description":"","caption":"","name":"reveal-lite_9revealm750-2-2","status":"inherit","uploaded_to":1001401372,"date":"2022-10-21 06:44:05","modified":"2022-10-21 06:44:45","menu_order":0,"mime_type":"image\/jpeg","type":"image","subtype":"jpeg","icon":"https:\/\/www.rupes.com\/wp-includes\/images\/media\/default.png","width":1600,"height":1067,"sizes":{"thumbnail":"https:\/\/www.rupes.com\/wp-content\/uploads\/2022\/10\/REVEAL-LITE_9REVEALM750-150x150.jpg","thumbnail-width":150,"thumbnail-height":150,"medium":"https:\/\/www.rupes.com\/wp-content\/uploads\/2022\/10\/REVEAL-LITE_9REVEALM750-300x200.jpg","medium-width":300,"medium-height":200,"medium_large":"https:\/\/www.rupes.com\/wp-content\/uploads\/2022\/10\/REVEAL-LITE_9REVEALM750-768x512.jpg","medium_large-width":768,"medium_large-height":512,"large":"https:\/\/www.rupes.com\/wp-content\/uploads\/2022\/10\/REVEAL-LITE_9REVEALM750-1024x683.jpg","large-width":1024,"large-height":683,"1536x1536":"https:\/\/www.rupes.com\/wp-content\/uploads\/2022\/10\/REVEAL-LITE_9REVEALM750-1536x1024.jpg","1536x1536-width":1536,"1536x1536-height":1024,"2048x2048":"https:\/\/www.rupes.com\/wp-content\/uploads\/2022\/10\/REVEAL-LITE_9REVEALM750.jpg","2048x2048-width":1600,"2048x2048-height":1067,"thumb_news":"https:\/\/www.rupes.com\/wp-content\/uploads\/2022\/10\/REVEAL-LITE_9REVEALM750-350x200.jpg","thumb_news-width":350,"thumb_news-height":200,"boxhome_small":"https:\/\/www.rupes.com\/wp-content\/uploads\/2022\/10\/REVEAL-LITE_9REVEALM750-200x100.jpg","boxhome_small-width":200,"boxhome_small-height":100,"boxhome_medium":"https:\/\/www.rupes.com\/wp-content\/uploads\/2022\/10\/REVEAL-LITE_9REVEALM750-300x150.jpg","boxhome_medium-width":300,"boxhome_medium-height":150,"boxhome_large":"https:\/\/www.rupes.com\/wp-content\/uploads\/2022\/10\/REVEAL-LITE_9REVEALM750-450x200.jpg","boxhome_large-width":450,"boxhome_large-height":200,"boxproducts_large":"https:\/\/www.rupes.com\/wp-content\/uploads\/2022\/10\/REVEAL-LITE_9REVEALM750-1600x700.jpg","boxproducts_large-width":1600,"boxproducts_large-height":700,"boxproducts_midlarge":"https:\/\/www.rupes.com\/wp-content\/uploads\/2022\/10\/REVEAL-LITE_9REVEALM750-1280x560.jpg","boxproducts_midlarge-width":1280,"boxproducts_midlarge-height":560,"boxproducts_medium":"https:\/\/www.rupes.com\/wp-content\/uploads\/2022\/10\/REVEAL-LITE_9REVEALM750-1024x450.jpg","boxproducts_medium-width":1024,"boxproducts_medium-height":450,"boxproducts_small":"https:\/\/www.rupes.com\/wp-content\/uploads\/2022\/10\/REVEAL-LITE_9REVEALM750-700x305.jpg","boxproducts_small-width":700,"boxproducts_small-height":305,"boxproducts_mobile":"https:\/\/www.rupes.com\/wp-content\/uploads\/2022\/10\/REVEAL-LITE_9REVEALM750-400x175.jpg","boxproducts_mobile-width":400,"boxproducts_mobile-height":175,"product_thumb":"https:\/\/www.rupes.com\/wp-content\/uploads\/2022\/10\/REVEAL-LITE_9REVEALM750-300x200.jpg","product_thumb-width":300,"product_thumb-height":200,"product_home":"https:\/\/www.rupes.com\/wp-content\/uploads\/2022\/10\/REVEAL-LITE_9REVEALM750-1200x700.jpg","product_home-width":1200,"product_home-height":700,"gallery_first":"https:\/\/www.rupes.com\/wp-content\/uploads\/2022\/10\/REVEAL-LITE_9REVEALM750-750x500.jpg","gallery_first-width":750,"gallery_first-height":500,"gallery_thumb":"https:\/\/www.rupes.com\/wp-content\/uploads\/2022\/10\/REVEAL-LITE_9REVEALM750-105x70.jpg","gallery_thumb-width":105,"gallery_thumb-height":70,"category_image":"https:\/\/www.rupes.com\/wp-content\/uploads\/2022\/10\/REVEAL-LITE_9REVEALM750-200x133.jpg","category_image-width":200,"category_image-height":133,"category_thumb":"https:\/\/www.rupes.com\/wp-content\/uploads\/2022\/10\/REVEAL-LITE_9REVEALM750-100x67.jpg","category_thumb-width":100,"category_thumb-height":67}},"descrizione_en":"Reveal Lite","descrizione_it":"","descrizione_de":"","descrizione_fr":"","descrizione_es":""},{"codice":"9.REVEALM5L","dimensione":"5 L","immagine":{"ID":1001410014,"id":1001410014,"title":"REVEALM5l","filename":"REVEALM5l-scaled.jpg","filesize":190483,"url":"https:\/\/www.rupes.com\/wp-content\/uploads\/2022\/10\/REVEALM5l-scaled.jpg","link":"https:\/\/www.rupes.com\/es\/product\/reveal-lite-residue-remover\/revealm5l-2\/","alt":"","author":"1","description":"","caption":"","name":"revealm5l-2","status":"inherit","uploaded_to":1001401373,"date":"2026-01-23 08:22:55","modified":"2026-01-23 08:22:55","menu_order":0,"mime_type":"image\/jpeg","type":"image","subtype":"jpeg","icon":"https:\/\/www.rupes.com\/wp-includes\/images\/media\/default.png","width":2560,"height":1707,"sizes":{"thumbnail":"https:\/\/www.rupes.com\/wp-content\/uploads\/2022\/10\/REVEALM5l-150x150.jpg","thumbnail-width":150,"thumbnail-height":150,"medium":"https:\/\/www.rupes.com\/wp-content\/uploads\/2022\/10\/REVEALM5l-300x200.jpg","medium-width":300,"medium-height":200,"medium_large":"https:\/\/www.rupes.com\/wp-content\/uploads\/2022\/10\/REVEALM5l-768x512.jpg","medium_large-width":768,"medium_large-height":512,"large":"https:\/\/www.rupes.com\/wp-content\/uploads\/2022\/10\/REVEALM5l-1024x683.jpg","large-width":1024,"large-height":683,"1536x1536":"https:\/\/www.rupes.com\/wp-content\/uploads\/2022\/10\/REVEALM5l-1536x1024.jpg","1536x1536-width":1536,"1536x1536-height":1024,"2048x2048":"https:\/\/www.rupes.com\/wp-content\/uploads\/2022\/10\/REVEALM5l-2048x1365.jpg","2048x2048-width":2048,"2048x2048-height":1365,"thumb_news":"https:\/\/www.rupes.com\/wp-content\/uploads\/2022\/10\/REVEALM5l-350x200.jpg","thumb_news-width":350,"thumb_news-height":200,"boxhome_small":"https:\/\/www.rupes.com\/wp-content\/uploads\/2022\/10\/REVEALM5l-200x100.jpg","boxhome_small-width":200,"boxhome_small-height":100,"boxhome_medium":"https:\/\/www.rupes.com\/wp-content\/uploads\/2022\/10\/REVEALM5l-300x150.jpg","boxhome_medium-width":300,"boxhome_medium-height":150,"boxhome_large":"https:\/\/www.rupes.com\/wp-content\/uploads\/2022\/10\/REVEALM5l-450x200.jpg","boxhome_large-width":450,"boxhome_large-height":200,"boxproducts_large":"https:\/\/www.rupes.com\/wp-content\/uploads\/2022\/10\/REVEALM5l-1600x700.jpg","boxproducts_large-width":1600,"boxproducts_large-height":700,"boxproducts_midlarge":"https:\/\/www.rupes.com\/wp-content\/uploads\/2022\/10\/REVEALM5l-1280x560.jpg","boxproducts_midlarge-width":1280,"boxproducts_midlarge-height":560,"boxproducts_medium":"https:\/\/www.rupes.com\/wp-content\/uploads\/2022\/10\/REVEALM5l-1024x450.jpg","boxproducts_medium-width":1024,"boxproducts_medium-height":450,"boxproducts_small":"https:\/\/www.rupes.com\/wp-content\/uploads\/2022\/10\/REVEALM5l-700x305.jpg","boxproducts_small-width":700,"boxproducts_small-height":305,"boxproducts_mobile":"https:\/\/www.rupes.com\/wp-content\/uploads\/2022\/10\/REVEALM5l-400x175.jpg","boxproducts_mobile-width":400,"boxproducts_mobile-height":175,"product_thumb":"https:\/\/www.rupes.com\/wp-content\/uploads\/2022\/10\/REVEALM5l-300x200.jpg","product_thumb-width":300,"product_thumb-height":200,"product_home":"https:\/\/www.rupes.com\/wp-content\/uploads\/2022\/10\/REVEALM5l-1200x700.jpg","product_home-width":1200,"product_home-height":700,"gallery_first":"https:\/\/www.rupes.com\/wp-content\/uploads\/2022\/10\/REVEALM5l-750x500.jpg","gallery_first-width":750,"gallery_first-height":500,"gallery_thumb":"https:\/\/www.rupes.com\/wp-content\/uploads\/2022\/10\/REVEALM5l-105x70.jpg","gallery_thumb-width":105,"gallery_thumb-height":70,"category_image":"https:\/\/www.rupes.com\/wp-content\/uploads\/2022\/10\/REVEALM5l-200x133.jpg","category_image-width":200,"category_image-height":133,"category_thumb":"https:\/\/www.rupes.com\/wp-content\/uploads\/2022\/10\/REVEALM5l-100x67.jpg","category_thumb-width":100,"category_thumb-height":67}},"descrizione_en":"Tank","descrizione_it":"","descrizione_de":"","descrizione_fr":"","descrizione_es":""}],"varianti":false,"kit_vendita":false,"blocchi_prodotti_correlati":[{"iconablocco":"fas fa-retweet","seleziona_i_prodotti":[1001401372],"label":"alternatives","titolo_correlato_en":"","titolo_correlato_it":"","titolo_correlato_de":"","titolo_correlato_fr":"","titolo_correlato_es":""}],"seleziona_tag_notizie":false,"google_review_link":"","seleziona_le_recensioni":"","attiva_collegamento":false,"code_usermanuals":"","code_usermanuals_usa":"","thumb_home":{"ID":1001402402,"id":1001402402,"title":"REVEAL_lite_home","filename":"REVEAL_lite_home-1.jpg","filesize":18185,"url":"https:\/\/www.rupes.com\/wp-content\/uploads\/2022\/10\/REVEAL_lite_home-1.jpg","link":"https:\/\/www.rupes.com\/es\/product\/reveal-lite-residue-remover\/reveal_lite_home-2\/","alt":"","author":"1","description":"","caption":"","name":"reveal_lite_home-2","status":"inherit","uploaded_to":1001401373,"date":"2022-11-21 13:56:46","modified":"2022-11-21 13:56:46","menu_order":0,"mime_type":"image\/jpeg","type":"image","subtype":"jpeg","icon":"https:\/\/www.rupes.com\/wp-includes\/images\/media\/default.png","width":720,"height":420,"sizes":{"thumbnail":"https:\/\/www.rupes.com\/wp-content\/uploads\/2022\/10\/REVEAL_lite_home-1-150x150.jpg","thumbnail-width":150,"thumbnail-height":150,"medium":"https:\/\/www.rupes.com\/wp-content\/uploads\/2022\/10\/REVEAL_lite_home-1-300x175.jpg","medium-width":300,"medium-height":175,"medium_large":"https:\/\/www.rupes.com\/wp-content\/uploads\/2022\/10\/REVEAL_lite_home-1.jpg","medium_large-width":720,"medium_large-height":420,"large":"https:\/\/www.rupes.com\/wp-content\/uploads\/2022\/10\/REVEAL_lite_home-1.jpg","large-width":720,"large-height":420,"1536x1536":"https:\/\/www.rupes.com\/wp-content\/uploads\/2022\/10\/REVEAL_lite_home-1.jpg","1536x1536-width":720,"1536x1536-height":420,"2048x2048":"https:\/\/www.rupes.com\/wp-content\/uploads\/2022\/10\/REVEAL_lite_home-1.jpg","2048x2048-width":720,"2048x2048-height":420,"thumb_news":"https:\/\/www.rupes.com\/wp-content\/uploads\/2022\/10\/REVEAL_lite_home-1-350x200.jpg","thumb_news-width":350,"thumb_news-height":200,"boxhome_small":"https:\/\/www.rupes.com\/wp-content\/uploads\/2022\/10\/REVEAL_lite_home-1-200x100.jpg","boxhome_small-width":200,"boxhome_small-height":100,"boxhome_medium":"https:\/\/www.rupes.com\/wp-content\/uploads\/2022\/10\/REVEAL_lite_home-1-300x150.jpg","boxhome_medium-width":300,"boxhome_medium-height":150,"boxhome_large":"https:\/\/www.rupes.com\/wp-content\/uploads\/2022\/10\/REVEAL_lite_home-1-450x200.jpg","boxhome_large-width":450,"boxhome_large-height":200,"boxproducts_large":"https:\/\/www.rupes.com\/wp-content\/uploads\/2022\/10\/REVEAL_lite_home-1.jpg","boxproducts_large-width":720,"boxproducts_large-height":420,"boxproducts_midlarge":"https:\/\/www.rupes.com\/wp-content\/uploads\/2022\/10\/REVEAL_lite_home-1.jpg","boxproducts_midlarge-width":720,"boxproducts_midlarge-height":420,"boxproducts_medium":"https:\/\/www.rupes.com\/wp-content\/uploads\/2022\/10\/REVEAL_lite_home-1.jpg","boxproducts_medium-width":720,"boxproducts_medium-height":420,"boxproducts_small":"https:\/\/www.rupes.com\/wp-content\/uploads\/2022\/10\/REVEAL_lite_home-1-700x305.jpg","boxproducts_small-width":700,"boxproducts_small-height":305,"boxproducts_mobile":"https:\/\/www.rupes.com\/wp-content\/uploads\/2022\/10\/REVEAL_lite_home-1-400x175.jpg","boxproducts_mobile-width":400,"boxproducts_mobile-height":175,"product_thumb":"https:\/\/www.rupes.com\/wp-content\/uploads\/2022\/10\/REVEAL_lite_home-1-300x175.jpg","product_thumb-width":300,"product_thumb-height":175,"product_home":"https:\/\/www.rupes.com\/wp-content\/uploads\/2022\/10\/REVEAL_lite_home-1.jpg","product_home-width":720,"product_home-height":420,"gallery_first":"https:\/\/www.rupes.com\/wp-content\/uploads\/2022\/10\/REVEAL_lite_home-1.jpg","gallery_first-width":720,"gallery_first-height":420,"gallery_thumb":"https:\/\/www.rupes.com\/wp-content\/uploads\/2022\/10\/REVEAL_lite_home-1-105x61.jpg","gallery_thumb-width":105,"gallery_thumb-height":61,"category_image":"https:\/\/www.rupes.com\/wp-content\/uploads\/2022\/10\/REVEAL_lite_home-1-200x117.jpg","category_image-width":200,"category_image-height":117,"category_thumb":"https:\/\/www.rupes.com\/wp-content\/uploads\/2022\/10\/REVEAL_lite_home-1-100x58.jpg","category_thumb-width":100,"category_thumb-height":58}},"attiva_titolo_diverso":false,"escludi_scheda_sicurezza":false},"_links":{"self":[{"href":"https:\/\/www.rupes.com\/es\/wp-json\/wp\/v2\/products\/1001401373","targetHints":{"allow":["GET"]}}],"collection":[{"href":"https:\/\/www.rupes.com\/es\/wp-json\/wp\/v2\/products"}],"about":[{"href":"https:\/\/www.rupes.com\/es\/wp-json\/wp\/v2\/types\/product"}],"wp:attachment":[{"href":"https:\/\/www.rupes.com\/es\/wp-json\/wp\/v2\/media?parent=1001401373"}],"wp:term":[{"taxonomy":"category_product","embeddable":true,"href":"https:\/\/www.rupes.com\/es\/wp-json\/wp\/v2\/categoryproduct?post=1001401373"}],"curies":[{"name":"wp","href":"https:\/\/api.w.org\/{rel}","templated":true}]}}