{"id":1001399322,"date":"2021-12-22T10:27:14","date_gmt":"2021-12-22T09:27:14","guid":{"rendered":"https:\/\/www.rupes.com\/?post_type=product&#038;p=1001399322"},"modified":"2023-11-10T10:07:16","modified_gmt":"2023-11-10T09:07:16","slug":"rupes-baseball-cap","status":"publish","type":"product","link":"https:\/\/www.rupes.com\/es\/product\/rupes-baseball-cap\/","title":{"rendered":"Rupes BASEBALL CAP"},"content":{"rendered":"","protected":false},"featured_media":0,"template":"","meta":{"_acf_changed":false},"categoryproduct":[888965421,888965420],"class_list":["post-1001399322","product","type-product","status-publish","hentry","category_product-merchandising-clothing","category_product-merchandising"],"acf":{"product_codice":"9.Z1124","scheda_nuova":true,"contact_form":true,"attiva_flag_new_product":false,"product_home":"0","attiva_special_message":"disattivo","product_titolo_it":"CAPPELLINO DA BASEBALL RUPES","product_titolo_de":"RUPES BASEBALL KAPPE","product_titolo_fr":"","product_titolo_es":"","product_descrizione_en":"<p>The new RUPES Baseball Cap is perfect for any occasion. This new stylish cap features a big RUPES logo in soft PVC on the front. The mesh backing provides ventilation and the adjustable snap at the back allows it to fit all sizes.<\/p>\n<ul>\n<li>Main fabric: 100% cotton<\/li>\n<li>Back fabric: 100% polyester<\/li>\n<\/ul>\n","product_descrizione_it":"<p>ll nuovo Cappellino da Baseball RUPES \u00e8 perfetto per ogni occasione. Presenta il logo RUPES in PVC morbido in rilievo sul davanti, un supporto in rete per una migliore traspirazione ed una fibbia regolabile che permette di adattarsi a tutte le taglie.<\/p>\n<ul>\n<li>Tessuto principale: 100% cotone<\/li>\n<li>Tessuto retro: 100% poliestere<\/li>\n<\/ul>\n","product_descrizione_de":"<p>Die neue RUPES Baseball Kappe ist perfekt f\u00fcr jeden Anlass. Diese neue stylische Kappe hat ein gro\u00dfes RUPES Logo aus Soft-PVC auf der Vorderseite. Die Netzr\u00fcckseite sorgt f\u00fcr Bel\u00fcftung und die verstellbare R\u00fcckseite erm\u00f6glicht eine Passform f\u00fcr alle Gr\u00f6\u00dfen.<\/p>\n<ul>\n<li>Hauptmaterial: 100% Baumwolle<\/li>\n<li>R\u00fcckseite: 100% Polyester<\/li>\n<\/ul>\n","product_descrizione_fr":"","product_descrizione_es":"","product_scheda_en":"","product_scheda_it":"","product_scheda_de":"","product_scheda_fr":"","product_scheda_es":"","thumb":false,"gallery":[{"ID":1001399327,"id":1001399327,"title":"9Z1124_Rupes_baseball-cup_Left-side","filename":"9Z1124_Rupes_baseball-cup_Left-side.jpg","filesize":94607,"url":"https:\/\/www.rupes.com\/wp-content\/uploads\/2021\/12\/9Z1124_Rupes_baseball-cup_Left-side.jpg","link":"https:\/\/www.rupes.com\/es\/product\/rupes-baseball-cap\/9z1124_rupes_baseball-cup_left-side-2\/","alt":"","author":"1","description":"","caption":"","name":"9z1124_rupes_baseball-cup_left-side-2","status":"inherit","uploaded_to":1001399322,"date":"2021-12-22 09:20:11","modified":"2021-12-22 09:20:11","menu_order":0,"mime_type":"image\/jpeg","type":"image","subtype":"jpeg","icon":"https:\/\/www.rupes.com\/wp-includes\/images\/media\/default.png","width":1200,"height":900,"sizes":{"thumbnail":"https:\/\/www.rupes.com\/wp-content\/uploads\/2021\/12\/9Z1124_Rupes_baseball-cup_Left-side-150x150.jpg","thumbnail-width":150,"thumbnail-height":150,"medium":"https:\/\/www.rupes.com\/wp-content\/uploads\/2021\/12\/9Z1124_Rupes_baseball-cup_Left-side-300x225.jpg","medium-width":300,"medium-height":225,"medium_large":"https:\/\/www.rupes.com\/wp-content\/uploads\/2021\/12\/9Z1124_Rupes_baseball-cup_Left-side-768x576.jpg","medium_large-width":768,"medium_large-height":576,"large":"https:\/\/www.rupes.com\/wp-content\/uploads\/2021\/12\/9Z1124_Rupes_baseball-cup_Left-side-1024x768.jpg","large-width":1024,"large-height":768,"1536x1536":"https:\/\/www.rupes.com\/wp-content\/uploads\/2021\/12\/9Z1124_Rupes_baseball-cup_Left-side.jpg","1536x1536-width":1200,"1536x1536-height":900,"2048x2048":"https:\/\/www.rupes.com\/wp-content\/uploads\/2021\/12\/9Z1124_Rupes_baseball-cup_Left-side.jpg","2048x2048-width":1200,"2048x2048-height":900,"thumb_news":"https:\/\/www.rupes.com\/wp-content\/uploads\/2021\/12\/9Z1124_Rupes_baseball-cup_Left-side-350x200.jpg","thumb_news-width":350,"thumb_news-height":200,"boxhome_small":"https:\/\/www.rupes.com\/wp-content\/uploads\/2021\/12\/9Z1124_Rupes_baseball-cup_Left-side-200x100.jpg","boxhome_small-width":200,"boxhome_small-height":100,"boxhome_medium":"https:\/\/www.rupes.com\/wp-content\/uploads\/2021\/12\/9Z1124_Rupes_baseball-cup_Left-side-300x150.jpg","boxhome_medium-width":300,"boxhome_medium-height":150,"boxhome_large":"https:\/\/www.rupes.com\/wp-content\/uploads\/2021\/12\/9Z1124_Rupes_baseball-cup_Left-side-450x200.jpg","boxhome_large-width":450,"boxhome_large-height":200,"boxproducts_large":"https:\/\/www.rupes.com\/wp-content\/uploads\/2021\/12\/9Z1124_Rupes_baseball-cup_Left-side-1200x700.jpg","boxproducts_large-width":1200,"boxproducts_large-height":700,"boxproducts_midlarge":"https:\/\/www.rupes.com\/wp-content\/uploads\/2021\/12\/9Z1124_Rupes_baseball-cup_Left-side-1200x560.jpg","boxproducts_midlarge-width":1200,"boxproducts_midlarge-height":560,"boxproducts_medium":"https:\/\/www.rupes.com\/wp-content\/uploads\/2021\/12\/9Z1124_Rupes_baseball-cup_Left-side-1024x450.jpg","boxproducts_medium-width":1024,"boxproducts_medium-height":450,"boxproducts_small":"https:\/\/www.rupes.com\/wp-content\/uploads\/2021\/12\/9Z1124_Rupes_baseball-cup_Left-side-700x305.jpg","boxproducts_small-width":700,"boxproducts_small-height":305,"boxproducts_mobile":"https:\/\/www.rupes.com\/wp-content\/uploads\/2021\/12\/9Z1124_Rupes_baseball-cup_Left-side-400x175.jpg","boxproducts_mobile-width":400,"boxproducts_mobile-height":175,"product_thumb":"https:\/\/www.rupes.com\/wp-content\/uploads\/2021\/12\/9Z1124_Rupes_baseball-cup_Left-side-267x200.jpg","product_thumb-width":267,"product_thumb-height":200,"product_home":"https:\/\/www.rupes.com\/wp-content\/uploads\/2021\/12\/9Z1124_Rupes_baseball-cup_Left-side-1200x700.jpg","product_home-width":1200,"product_home-height":700,"gallery_first":"https:\/\/www.rupes.com\/wp-content\/uploads\/2021\/12\/9Z1124_Rupes_baseball-cup_Left-side-667x500.jpg","gallery_first-width":667,"gallery_first-height":500,"gallery_thumb":"https:\/\/www.rupes.com\/wp-content\/uploads\/2021\/12\/9Z1124_Rupes_baseball-cup_Left-side-105x80.jpg","gallery_thumb-width":105,"gallery_thumb-height":80,"category_image":"https:\/\/www.rupes.com\/wp-content\/uploads\/2021\/12\/9Z1124_Rupes_baseball-cup_Left-side-200x150.jpg","category_image-width":200,"category_image-height":150,"category_thumb":"https:\/\/www.rupes.com\/wp-content\/uploads\/2021\/12\/9Z1124_Rupes_baseball-cup_Left-side-100x75.jpg","category_thumb-width":100,"category_thumb-height":75}},{"ID":1001399332,"id":1001399332,"title":"9Z1124_Rupes_baseball-cup_right-side","filename":"9Z1124_Rupes_baseball-cup_right-side.jpg","filesize":95500,"url":"https:\/\/www.rupes.com\/wp-content\/uploads\/2021\/12\/9Z1124_Rupes_baseball-cup_right-side.jpg","link":"https:\/\/www.rupes.com\/es\/product\/rupes-baseball-cap\/9z1124_rupes_baseball-cup_right-side-2\/","alt":"","author":"1","description":"","caption":"","name":"9z1124_rupes_baseball-cup_right-side-2","status":"inherit","uploaded_to":1001399322,"date":"2021-12-22 09:20:16","modified":"2021-12-22 09:20:16","menu_order":0,"mime_type":"image\/jpeg","type":"image","subtype":"jpeg","icon":"https:\/\/www.rupes.com\/wp-includes\/images\/media\/default.png","width":1200,"height":900,"sizes":{"thumbnail":"https:\/\/www.rupes.com\/wp-content\/uploads\/2021\/12\/9Z1124_Rupes_baseball-cup_right-side-150x150.jpg","thumbnail-width":150,"thumbnail-height":150,"medium":"https:\/\/www.rupes.com\/wp-content\/uploads\/2021\/12\/9Z1124_Rupes_baseball-cup_right-side-300x225.jpg","medium-width":300,"medium-height":225,"medium_large":"https:\/\/www.rupes.com\/wp-content\/uploads\/2021\/12\/9Z1124_Rupes_baseball-cup_right-side-768x576.jpg","medium_large-width":768,"medium_large-height":576,"large":"https:\/\/www.rupes.com\/wp-content\/uploads\/2021\/12\/9Z1124_Rupes_baseball-cup_right-side-1024x768.jpg","large-width":1024,"large-height":768,"1536x1536":"https:\/\/www.rupes.com\/wp-content\/uploads\/2021\/12\/9Z1124_Rupes_baseball-cup_right-side.jpg","1536x1536-width":1200,"1536x1536-height":900,"2048x2048":"https:\/\/www.rupes.com\/wp-content\/uploads\/2021\/12\/9Z1124_Rupes_baseball-cup_right-side.jpg","2048x2048-width":1200,"2048x2048-height":900,"thumb_news":"https:\/\/www.rupes.com\/wp-content\/uploads\/2021\/12\/9Z1124_Rupes_baseball-cup_right-side-350x200.jpg","thumb_news-width":350,"thumb_news-height":200,"boxhome_small":"https:\/\/www.rupes.com\/wp-content\/uploads\/2021\/12\/9Z1124_Rupes_baseball-cup_right-side-200x100.jpg","boxhome_small-width":200,"boxhome_small-height":100,"boxhome_medium":"https:\/\/www.rupes.com\/wp-content\/uploads\/2021\/12\/9Z1124_Rupes_baseball-cup_right-side-300x150.jpg","boxhome_medium-width":300,"boxhome_medium-height":150,"boxhome_large":"https:\/\/www.rupes.com\/wp-content\/uploads\/2021\/12\/9Z1124_Rupes_baseball-cup_right-side-450x200.jpg","boxhome_large-width":450,"boxhome_large-height":200,"boxproducts_large":"https:\/\/www.rupes.com\/wp-content\/uploads\/2021\/12\/9Z1124_Rupes_baseball-cup_right-side-1200x700.jpg","boxproducts_large-width":1200,"boxproducts_large-height":700,"boxproducts_midlarge":"https:\/\/www.rupes.com\/wp-content\/uploads\/2021\/12\/9Z1124_Rupes_baseball-cup_right-side-1200x560.jpg","boxproducts_midlarge-width":1200,"boxproducts_midlarge-height":560,"boxproducts_medium":"https:\/\/www.rupes.com\/wp-content\/uploads\/2021\/12\/9Z1124_Rupes_baseball-cup_right-side-1024x450.jpg","boxproducts_medium-width":1024,"boxproducts_medium-height":450,"boxproducts_small":"https:\/\/www.rupes.com\/wp-content\/uploads\/2021\/12\/9Z1124_Rupes_baseball-cup_right-side-700x305.jpg","boxproducts_small-width":700,"boxproducts_small-height":305,"boxproducts_mobile":"https:\/\/www.rupes.com\/wp-content\/uploads\/2021\/12\/9Z1124_Rupes_baseball-cup_right-side-400x175.jpg","boxproducts_mobile-width":400,"boxproducts_mobile-height":175,"product_thumb":"https:\/\/www.rupes.com\/wp-content\/uploads\/2021\/12\/9Z1124_Rupes_baseball-cup_right-side-267x200.jpg","product_thumb-width":267,"product_thumb-height":200,"product_home":"https:\/\/www.rupes.com\/wp-content\/uploads\/2021\/12\/9Z1124_Rupes_baseball-cup_right-side-1200x700.jpg","product_home-width":1200,"product_home-height":700,"gallery_first":"https:\/\/www.rupes.com\/wp-content\/uploads\/2021\/12\/9Z1124_Rupes_baseball-cup_right-side-667x500.jpg","gallery_first-width":667,"gallery_first-height":500,"gallery_thumb":"https:\/\/www.rupes.com\/wp-content\/uploads\/2021\/12\/9Z1124_Rupes_baseball-cup_right-side-105x80.jpg","gallery_thumb-width":105,"gallery_thumb-height":80,"category_image":"https:\/\/www.rupes.com\/wp-content\/uploads\/2021\/12\/9Z1124_Rupes_baseball-cup_right-side-200x150.jpg","category_image-width":200,"category_image-height":150,"category_thumb":"https:\/\/www.rupes.com\/wp-content\/uploads\/2021\/12\/9Z1124_Rupes_baseball-cup_right-side-100x75.jpg","category_thumb-width":100,"category_thumb-height":75}},{"ID":1001399337,"id":1001399337,"title":"9Z1124_Rupes_baseball-cup_Front","filename":"9Z1124_Rupes_baseball-cup_Front.jpg","filesize":92984,"url":"https:\/\/www.rupes.com\/wp-content\/uploads\/2021\/12\/9Z1124_Rupes_baseball-cup_Front.jpg","link":"https:\/\/www.rupes.com\/es\/product\/rupes-baseball-cap\/9z1124_rupes_baseball-cup_front-2\/","alt":"","author":"1","description":"","caption":"","name":"9z1124_rupes_baseball-cup_front-2","status":"inherit","uploaded_to":1001399322,"date":"2021-12-22 09:20:22","modified":"2021-12-22 09:20:22","menu_order":0,"mime_type":"image\/jpeg","type":"image","subtype":"jpeg","icon":"https:\/\/www.rupes.com\/wp-includes\/images\/media\/default.png","width":1200,"height":900,"sizes":{"thumbnail":"https:\/\/www.rupes.com\/wp-content\/uploads\/2021\/12\/9Z1124_Rupes_baseball-cup_Front-150x150.jpg","thumbnail-width":150,"thumbnail-height":150,"medium":"https:\/\/www.rupes.com\/wp-content\/uploads\/2021\/12\/9Z1124_Rupes_baseball-cup_Front-300x225.jpg","medium-width":300,"medium-height":225,"medium_large":"https:\/\/www.rupes.com\/wp-content\/uploads\/2021\/12\/9Z1124_Rupes_baseball-cup_Front-768x576.jpg","medium_large-width":768,"medium_large-height":576,"large":"https:\/\/www.rupes.com\/wp-content\/uploads\/2021\/12\/9Z1124_Rupes_baseball-cup_Front-1024x768.jpg","large-width":1024,"large-height":768,"1536x1536":"https:\/\/www.rupes.com\/wp-content\/uploads\/2021\/12\/9Z1124_Rupes_baseball-cup_Front.jpg","1536x1536-width":1200,"1536x1536-height":900,"2048x2048":"https:\/\/www.rupes.com\/wp-content\/uploads\/2021\/12\/9Z1124_Rupes_baseball-cup_Front.jpg","2048x2048-width":1200,"2048x2048-height":900,"thumb_news":"https:\/\/www.rupes.com\/wp-content\/uploads\/2021\/12\/9Z1124_Rupes_baseball-cup_Front-350x200.jpg","thumb_news-width":350,"thumb_news-height":200,"boxhome_small":"https:\/\/www.rupes.com\/wp-content\/uploads\/2021\/12\/9Z1124_Rupes_baseball-cup_Front-200x100.jpg","boxhome_small-width":200,"boxhome_small-height":100,"boxhome_medium":"https:\/\/www.rupes.com\/wp-content\/uploads\/2021\/12\/9Z1124_Rupes_baseball-cup_Front-300x150.jpg","boxhome_medium-width":300,"boxhome_medium-height":150,"boxhome_large":"https:\/\/www.rupes.com\/wp-content\/uploads\/2021\/12\/9Z1124_Rupes_baseball-cup_Front-450x200.jpg","boxhome_large-width":450,"boxhome_large-height":200,"boxproducts_large":"https:\/\/www.rupes.com\/wp-content\/uploads\/2021\/12\/9Z1124_Rupes_baseball-cup_Front-1200x700.jpg","boxproducts_large-width":1200,"boxproducts_large-height":700,"boxproducts_midlarge":"https:\/\/www.rupes.com\/wp-content\/uploads\/2021\/12\/9Z1124_Rupes_baseball-cup_Front-1200x560.jpg","boxproducts_midlarge-width":1200,"boxproducts_midlarge-height":560,"boxproducts_medium":"https:\/\/www.rupes.com\/wp-content\/uploads\/2021\/12\/9Z1124_Rupes_baseball-cup_Front-1024x450.jpg","boxproducts_medium-width":1024,"boxproducts_medium-height":450,"boxproducts_small":"https:\/\/www.rupes.com\/wp-content\/uploads\/2021\/12\/9Z1124_Rupes_baseball-cup_Front-700x305.jpg","boxproducts_small-width":700,"boxproducts_small-height":305,"boxproducts_mobile":"https:\/\/www.rupes.com\/wp-content\/uploads\/2021\/12\/9Z1124_Rupes_baseball-cup_Front-400x175.jpg","boxproducts_mobile-width":400,"boxproducts_mobile-height":175,"product_thumb":"https:\/\/www.rupes.com\/wp-content\/uploads\/2021\/12\/9Z1124_Rupes_baseball-cup_Front-267x200.jpg","product_thumb-width":267,"product_thumb-height":200,"product_home":"https:\/\/www.rupes.com\/wp-content\/uploads\/2021\/12\/9Z1124_Rupes_baseball-cup_Front-1200x700.jpg","product_home-width":1200,"product_home-height":700,"gallery_first":"https:\/\/www.rupes.com\/wp-content\/uploads\/2021\/12\/9Z1124_Rupes_baseball-cup_Front-667x500.jpg","gallery_first-width":667,"gallery_first-height":500,"gallery_thumb":"https:\/\/www.rupes.com\/wp-content\/uploads\/2021\/12\/9Z1124_Rupes_baseball-cup_Front-105x80.jpg","gallery_thumb-width":105,"gallery_thumb-height":80,"category_image":"https:\/\/www.rupes.com\/wp-content\/uploads\/2021\/12\/9Z1124_Rupes_baseball-cup_Front-200x150.jpg","category_image-width":200,"category_image-height":150,"category_thumb":"https:\/\/www.rupes.com\/wp-content\/uploads\/2021\/12\/9Z1124_Rupes_baseball-cup_Front-100x75.jpg","category_thumb-width":100,"category_thumb-height":75}}],"videos":false,"files":[{"label":"flyers","etichetta_en":"","etichetta_it":"","etichetta_de":"","etichetta_fr":"","etichetta_es":"","multilingua":"multi","file":{"ID":1001399342,"id":1001399342,"title":"NEW RUPES BASEBALL CAP_EN","filename":"NEW-RUPES-BASEBALL-CAP_EN.pdf","filesize":313127,"url":"https:\/\/www.rupes.com\/wp-content\/uploads\/2021\/12\/NEW-RUPES-BASEBALL-CAP_EN.pdf","link":"https:\/\/www.rupes.com\/es\/product\/rupes-baseball-cap\/new-rupes-baseball-cap_en-2\/","alt":"","author":"1","description":"","caption":"","name":"new-rupes-baseball-cap_en-2","status":"inherit","uploaded_to":1001399322,"date":"2021-12-22 09:37:10","modified":"2021-12-22 09:37:10","menu_order":0,"mime_type":"application\/pdf","type":"application","subtype":"pdf","icon":"https:\/\/www.rupes.com\/wp-includes\/images\/media\/document.png"},"url_file":"","file_or_url":"file","file_it":{"ID":1001399347,"id":1001399347,"title":"NUOVO CAPPELLINO BASEBALL RUPES_IT","filename":"NUOVO-CAPPELLINO-BASEBALL-RUPES_IT.pdf","filesize":313400,"url":"https:\/\/www.rupes.com\/wp-content\/uploads\/2021\/12\/NUOVO-CAPPELLINO-BASEBALL-RUPES_IT.pdf","link":"https:\/\/www.rupes.com\/es\/product\/rupes-baseball-cap\/nuovo-cappellino-baseball-rupes_it-2\/","alt":"","author":"1","description":"","caption":"","name":"nuovo-cappellino-baseball-rupes_it-2","status":"inherit","uploaded_to":1001399322,"date":"2021-12-22 09:37:12","modified":"2021-12-22 09:37:12","menu_order":0,"mime_type":"application\/pdf","type":"application","subtype":"pdf","icon":"https:\/\/www.rupes.com\/wp-includes\/images\/media\/document.png"},"url_it":"","file_or_url_it":"file","file_de":{"ID":1001399352,"id":1001399352,"title":"NEUE RUPES BASEBALL KAPPE_DE","filename":"NEUE-RUPES-BASEBALL-KAPPE_DE.pdf","filesize":313673,"url":"https:\/\/www.rupes.com\/wp-content\/uploads\/2021\/12\/NEUE-RUPES-BASEBALL-KAPPE_DE.pdf","link":"https:\/\/www.rupes.com\/es\/product\/rupes-baseball-cap\/neue-rupes-baseball-kappe_de-2\/","alt":"","author":"1","description":"","caption":"","name":"neue-rupes-baseball-kappe_de-2","status":"inherit","uploaded_to":1001399322,"date":"2021-12-22 09:37:13","modified":"2021-12-22 09:37:13","menu_order":0,"mime_type":"application\/pdf","type":"application","subtype":"pdf","icon":"https:\/\/www.rupes.com\/wp-includes\/images\/media\/document.png"},"url_de":"","file_or_url_de":"file","file_fr":false,"url_fr":"","file_or_url_fr":"file","file_es":false,"url_es":"","file_or_url_es":"file"}],"product_b2b_code":"","product_b2b_pdf":"","blocco_dimensione":false,"varianti":false,"kit_vendita":false,"blocchi_prodotti_correlati":[{"iconablocco":"fas fa-retweet","seleziona_i_prodotti":[1001384093,1001384625,1001398628],"label":"view related products","titolo_correlato_en":"","titolo_correlato_it":"","titolo_correlato_de":"","titolo_correlato_fr":"","titolo_correlato_es":""}],"seleziona_tag_notizie":false,"seleziona_le_recensioni":"","attiva_collegamento":true,"google_review_link":"","link_eshop":"https:\/\/shop.rupes.com\/en\/home\/51-rupes-baseball-cap.html","immagine_eshop":"https:\/\/shop.rupes.com\/229-thickbox_default\/rupes-baseball-cap.jpg","prezzo_eshop":"11,00","attiva_voice_speech":true,"code_usermanuals":"","code_usermanuals_usa":""},"_links":{"self":[{"href":"https:\/\/www.rupes.com\/es\/wp-json\/wp\/v2\/products\/1001399322","targetHints":{"allow":["GET"]}}],"collection":[{"href":"https:\/\/www.rupes.com\/es\/wp-json\/wp\/v2\/products"}],"about":[{"href":"https:\/\/www.rupes.com\/es\/wp-json\/wp\/v2\/types\/product"}],"wp:attachment":[{"href":"https:\/\/www.rupes.com\/es\/wp-json\/wp\/v2\/media?parent=1001399322"}],"wp:term":[{"taxonomy":"category_product","embeddable":true,"href":"https:\/\/www.rupes.com\/es\/wp-json\/wp\/v2\/categoryproduct?post=1001399322"}],"curies":[{"name":"wp","href":"https:\/\/api.w.org\/{rel}","templated":true}]}}