{"id":1001397731,"date":"2021-07-20T09:49:19","date_gmt":"2021-07-20T07:49:19","guid":{"rendered":"https:\/\/www.rupes.com\/?post_type=product&#038;p=1001397731"},"modified":"2023-11-10T10:07:23","modified_gmt":"2023-11-10T09:07:23","slug":"bottle-carrier-rupes","status":"publish","type":"product","link":"https:\/\/www.rupes.com\/es\/product\/bottle-carrier-rupes\/","title":{"rendered":"Bottle Carrier Rupes"},"content":{"rendered":"","protected":false},"featured_media":0,"template":"","meta":{"_acf_changed":false},"categoryproduct":[888965151,888965422,888965420,888965155],"class_list":["post-1001397731","product","type-product","status-publish","hentry","category_product-accessories","category_product-merchandising-bags","category_product-merchandising","category_product-accessories-others"],"acf":{"product_codice":"9.Z1113","scheda_nuova":true,"contact_form":true,"attiva_flag_new_product":false,"product_home":"0","attiva_special_message":"disattivo","product_titolo_it":"","product_titolo_de":"","product_titolo_fr":"","product_titolo_es":"","product_descrizione_en":"<p>The new RUPES Bottle Carrier is the perfect solution to carry polishing compound bottles and other items you need for any detailing job. This bag includes 8 main internal compartments as well as 6 lateral pockets for accessories.<\/p>\n<p>The RUPES Bottle Carrier is easily foldable to take up as little space as possible. It is made of 100% water resistant polyester and has the RUPES logo stitched on both sides. The metal handle is very resistant, with a soft foam grip and it also features a comfortable padded shoulder strap.<\/p>\n<p>DIMENSIONS (cm): 42L x 30H x 30W<\/p>\n<p>MATERIAL: 100% Polyester<\/p>\n","product_descrizione_it":"<p>Il nuovo RUPES Bottle Carrier \u00e8 la soluzione perfetta per trasportare bottiglie di paste abrasive ed altri prodotti necessari per affrontare qualsiasi lavoro di Detailing e carrozzeria. Questa borsa include 8 scomparti interni e 6 tasche laterali per gli accessori.<\/p>\n<p>Il RUPES Bottle Carrier \u00e8 facilmente pieghevole per occupare il minor spazio possibile, il logo RUPES \u00e8 cucito su entrambi i lati ed \u00e8 dotata di un resistente manico in metallo con una presa morbida in spugna e di una comoda tracolla rimovibile.<\/p>\n<p>DIMENSIONI (cm): 42L x 30H x 30W<\/p>\n<p>MATERIALE: 100% Poliestere<\/p>\n","product_descrizione_de":"","product_descrizione_fr":"","product_descrizione_es":"","product_scheda_en":"","product_scheda_it":"","product_scheda_de":"","product_scheda_fr":"","product_scheda_es":"","thumb":{"ID":1001397805,"id":1001397805,"title":"borsa_compound_vuota","filename":"borsa_compound_vuota-2-scaled.jpg","filesize":305724,"url":"https:\/\/www.rupes.com\/wp-content\/uploads\/2021\/07\/borsa_compound_vuota-2-scaled.jpg","link":"https:\/\/www.rupes.com\/es\/product\/bottle-carrier-rupes\/borsa_compound_vuota-4-2\/","alt":"","author":"2","description":"","caption":"","name":"borsa_compound_vuota-4-2","status":"inherit","uploaded_to":1001397731,"date":"2021-07-20 07:05:34","modified":"2021-07-20 07:05:34","menu_order":0,"mime_type":"image\/jpeg","type":"image","subtype":"jpeg","icon":"https:\/\/www.rupes.com\/wp-includes\/images\/media\/default.png","width":2560,"height":1685,"sizes":{"thumbnail":"https:\/\/www.rupes.com\/wp-content\/uploads\/2021\/07\/borsa_compound_vuota-2-150x150.jpg","thumbnail-width":150,"thumbnail-height":150,"medium":"https:\/\/www.rupes.com\/wp-content\/uploads\/2021\/07\/borsa_compound_vuota-2-300x197.jpg","medium-width":300,"medium-height":197,"medium_large":"https:\/\/www.rupes.com\/wp-content\/uploads\/2021\/07\/borsa_compound_vuota-2-768x506.jpg","medium_large-width":768,"medium_large-height":506,"large":"https:\/\/www.rupes.com\/wp-content\/uploads\/2021\/07\/borsa_compound_vuota-2-1024x674.jpg","large-width":1024,"large-height":674,"1536x1536":"https:\/\/www.rupes.com\/wp-content\/uploads\/2021\/07\/borsa_compound_vuota-2-1536x1011.jpg","1536x1536-width":1536,"1536x1536-height":1011,"2048x2048":"https:\/\/www.rupes.com\/wp-content\/uploads\/2021\/07\/borsa_compound_vuota-2-2048x1348.jpg","2048x2048-width":2048,"2048x2048-height":1348,"thumb_news":"https:\/\/www.rupes.com\/wp-content\/uploads\/2021\/07\/borsa_compound_vuota-2-350x200.jpg","thumb_news-width":350,"thumb_news-height":200,"boxhome_small":"https:\/\/www.rupes.com\/wp-content\/uploads\/2021\/07\/borsa_compound_vuota-2-200x100.jpg","boxhome_small-width":200,"boxhome_small-height":100,"boxhome_medium":"https:\/\/www.rupes.com\/wp-content\/uploads\/2021\/07\/borsa_compound_vuota-2-300x150.jpg","boxhome_medium-width":300,"boxhome_medium-height":150,"boxhome_large":"https:\/\/www.rupes.com\/wp-content\/uploads\/2021\/07\/borsa_compound_vuota-2-450x200.jpg","boxhome_large-width":450,"boxhome_large-height":200,"boxproducts_large":"https:\/\/www.rupes.com\/wp-content\/uploads\/2021\/07\/borsa_compound_vuota-2-1600x700.jpg","boxproducts_large-width":1600,"boxproducts_large-height":700,"boxproducts_midlarge":"https:\/\/www.rupes.com\/wp-content\/uploads\/2021\/07\/borsa_compound_vuota-2-1280x560.jpg","boxproducts_midlarge-width":1280,"boxproducts_midlarge-height":560,"boxproducts_medium":"https:\/\/www.rupes.com\/wp-content\/uploads\/2021\/07\/borsa_compound_vuota-2-1024x450.jpg","boxproducts_medium-width":1024,"boxproducts_medium-height":450,"boxproducts_small":"https:\/\/www.rupes.com\/wp-content\/uploads\/2021\/07\/borsa_compound_vuota-2-700x305.jpg","boxproducts_small-width":700,"boxproducts_small-height":305,"boxproducts_mobile":"https:\/\/www.rupes.com\/wp-content\/uploads\/2021\/07\/borsa_compound_vuota-2-400x175.jpg","boxproducts_mobile-width":400,"boxproducts_mobile-height":175,"product_thumb":"https:\/\/www.rupes.com\/wp-content\/uploads\/2021\/07\/borsa_compound_vuota-2-300x197.jpg","product_thumb-width":300,"product_thumb-height":197,"product_home":"https:\/\/www.rupes.com\/wp-content\/uploads\/2021\/07\/borsa_compound_vuota-2-1200x700.jpg","product_home-width":1200,"product_home-height":700,"gallery_first":"https:\/\/www.rupes.com\/wp-content\/uploads\/2021\/07\/borsa_compound_vuota-2-760x500.jpg","gallery_first-width":760,"gallery_first-height":500,"gallery_thumb":"https:\/\/www.rupes.com\/wp-content\/uploads\/2021\/07\/borsa_compound_vuota-2-105x69.jpg","gallery_thumb-width":105,"gallery_thumb-height":69,"category_image":"https:\/\/www.rupes.com\/wp-content\/uploads\/2021\/07\/borsa_compound_vuota-2-200x132.jpg","category_image-width":200,"category_image-height":132,"category_thumb":"https:\/\/www.rupes.com\/wp-content\/uploads\/2021\/07\/borsa_compound_vuota-2-100x66.jpg","category_thumb-width":100,"category_thumb-height":66}},"gallery":[{"ID":1001397800,"id":1001397800,"title":"borsa_compound_vuota","filename":"borsa_compound_vuota-1-scaled.jpg","filesize":305724,"url":"https:\/\/www.rupes.com\/wp-content\/uploads\/2021\/07\/borsa_compound_vuota-1-scaled.jpg","link":"https:\/\/www.rupes.com\/es\/product\/bottle-carrier-rupes\/borsa_compound_vuota-3-2\/","alt":"","author":"2","description":"","caption":"","name":"borsa_compound_vuota-3-2","status":"inherit","uploaded_to":1001397731,"date":"2021-07-20 07:05:31","modified":"2021-07-20 07:05:31","menu_order":0,"mime_type":"image\/jpeg","type":"image","subtype":"jpeg","icon":"https:\/\/www.rupes.com\/wp-includes\/images\/media\/default.png","width":2560,"height":1685,"sizes":{"thumbnail":"https:\/\/www.rupes.com\/wp-content\/uploads\/2021\/07\/borsa_compound_vuota-1-150x150.jpg","thumbnail-width":150,"thumbnail-height":150,"medium":"https:\/\/www.rupes.com\/wp-content\/uploads\/2021\/07\/borsa_compound_vuota-1-300x197.jpg","medium-width":300,"medium-height":197,"medium_large":"https:\/\/www.rupes.com\/wp-content\/uploads\/2021\/07\/borsa_compound_vuota-1-768x506.jpg","medium_large-width":768,"medium_large-height":506,"large":"https:\/\/www.rupes.com\/wp-content\/uploads\/2021\/07\/borsa_compound_vuota-1-1024x674.jpg","large-width":1024,"large-height":674,"1536x1536":"https:\/\/www.rupes.com\/wp-content\/uploads\/2021\/07\/borsa_compound_vuota-1-1536x1011.jpg","1536x1536-width":1536,"1536x1536-height":1011,"2048x2048":"https:\/\/www.rupes.com\/wp-content\/uploads\/2021\/07\/borsa_compound_vuota-1-2048x1348.jpg","2048x2048-width":2048,"2048x2048-height":1348,"thumb_news":"https:\/\/www.rupes.com\/wp-content\/uploads\/2021\/07\/borsa_compound_vuota-1-350x200.jpg","thumb_news-width":350,"thumb_news-height":200,"boxhome_small":"https:\/\/www.rupes.com\/wp-content\/uploads\/2021\/07\/borsa_compound_vuota-1-200x100.jpg","boxhome_small-width":200,"boxhome_small-height":100,"boxhome_medium":"https:\/\/www.rupes.com\/wp-content\/uploads\/2021\/07\/borsa_compound_vuota-1-300x150.jpg","boxhome_medium-width":300,"boxhome_medium-height":150,"boxhome_large":"https:\/\/www.rupes.com\/wp-content\/uploads\/2021\/07\/borsa_compound_vuota-1-450x200.jpg","boxhome_large-width":450,"boxhome_large-height":200,"boxproducts_large":"https:\/\/www.rupes.com\/wp-content\/uploads\/2021\/07\/borsa_compound_vuota-1-1600x700.jpg","boxproducts_large-width":1600,"boxproducts_large-height":700,"boxproducts_midlarge":"https:\/\/www.rupes.com\/wp-content\/uploads\/2021\/07\/borsa_compound_vuota-1-1280x560.jpg","boxproducts_midlarge-width":1280,"boxproducts_midlarge-height":560,"boxproducts_medium":"https:\/\/www.rupes.com\/wp-content\/uploads\/2021\/07\/borsa_compound_vuota-1-1024x450.jpg","boxproducts_medium-width":1024,"boxproducts_medium-height":450,"boxproducts_small":"https:\/\/www.rupes.com\/wp-content\/uploads\/2021\/07\/borsa_compound_vuota-1-700x305.jpg","boxproducts_small-width":700,"boxproducts_small-height":305,"boxproducts_mobile":"https:\/\/www.rupes.com\/wp-content\/uploads\/2021\/07\/borsa_compound_vuota-1-400x175.jpg","boxproducts_mobile-width":400,"boxproducts_mobile-height":175,"product_thumb":"https:\/\/www.rupes.com\/wp-content\/uploads\/2021\/07\/borsa_compound_vuota-1-300x197.jpg","product_thumb-width":300,"product_thumb-height":197,"product_home":"https:\/\/www.rupes.com\/wp-content\/uploads\/2021\/07\/borsa_compound_vuota-1-1200x700.jpg","product_home-width":1200,"product_home-height":700,"gallery_first":"https:\/\/www.rupes.com\/wp-content\/uploads\/2021\/07\/borsa_compound_vuota-1-760x500.jpg","gallery_first-width":760,"gallery_first-height":500,"gallery_thumb":"https:\/\/www.rupes.com\/wp-content\/uploads\/2021\/07\/borsa_compound_vuota-1-105x69.jpg","gallery_thumb-width":105,"gallery_thumb-height":69,"category_image":"https:\/\/www.rupes.com\/wp-content\/uploads\/2021\/07\/borsa_compound_vuota-1-200x132.jpg","category_image-width":200,"category_image-height":132,"category_thumb":"https:\/\/www.rupes.com\/wp-content\/uploads\/2021\/07\/borsa_compound_vuota-1-100x66.jpg","category_thumb-width":100,"category_thumb-height":66}},{"ID":1001397780,"id":1001397780,"title":"borsa_compound_chiusa","filename":"borsa_compound_chiusa-scaled.jpg","filesize":270230,"url":"https:\/\/www.rupes.com\/wp-content\/uploads\/2021\/07\/borsa_compound_chiusa-scaled.jpg","link":"https:\/\/www.rupes.com\/es\/product\/bottle-carrier-rupes\/borsa_compound_chiusa-2\/","alt":"","author":"2","description":"","caption":"","name":"borsa_compound_chiusa-2","status":"inherit","uploaded_to":1001397731,"date":"2021-07-19 14:01:07","modified":"2021-07-19 14:01:07","menu_order":0,"mime_type":"image\/jpeg","type":"image","subtype":"jpeg","icon":"https:\/\/www.rupes.com\/wp-includes\/images\/media\/default.png","width":2560,"height":1685,"sizes":{"thumbnail":"https:\/\/www.rupes.com\/wp-content\/uploads\/2021\/07\/borsa_compound_chiusa-150x150.jpg","thumbnail-width":150,"thumbnail-height":150,"medium":"https:\/\/www.rupes.com\/wp-content\/uploads\/2021\/07\/borsa_compound_chiusa-300x197.jpg","medium-width":300,"medium-height":197,"medium_large":"https:\/\/www.rupes.com\/wp-content\/uploads\/2021\/07\/borsa_compound_chiusa-768x506.jpg","medium_large-width":768,"medium_large-height":506,"large":"https:\/\/www.rupes.com\/wp-content\/uploads\/2021\/07\/borsa_compound_chiusa-1024x674.jpg","large-width":1024,"large-height":674,"1536x1536":"https:\/\/www.rupes.com\/wp-content\/uploads\/2021\/07\/borsa_compound_chiusa-1536x1011.jpg","1536x1536-width":1536,"1536x1536-height":1011,"2048x2048":"https:\/\/www.rupes.com\/wp-content\/uploads\/2021\/07\/borsa_compound_chiusa-2048x1348.jpg","2048x2048-width":2048,"2048x2048-height":1348,"thumb_news":"https:\/\/www.rupes.com\/wp-content\/uploads\/2021\/07\/borsa_compound_chiusa-350x200.jpg","thumb_news-width":350,"thumb_news-height":200,"boxhome_small":"https:\/\/www.rupes.com\/wp-content\/uploads\/2021\/07\/borsa_compound_chiusa-200x100.jpg","boxhome_small-width":200,"boxhome_small-height":100,"boxhome_medium":"https:\/\/www.rupes.com\/wp-content\/uploads\/2021\/07\/borsa_compound_chiusa-300x150.jpg","boxhome_medium-width":300,"boxhome_medium-height":150,"boxhome_large":"https:\/\/www.rupes.com\/wp-content\/uploads\/2021\/07\/borsa_compound_chiusa-450x200.jpg","boxhome_large-width":450,"boxhome_large-height":200,"boxproducts_large":"https:\/\/www.rupes.com\/wp-content\/uploads\/2021\/07\/borsa_compound_chiusa-1600x700.jpg","boxproducts_large-width":1600,"boxproducts_large-height":700,"boxproducts_midlarge":"https:\/\/www.rupes.com\/wp-content\/uploads\/2021\/07\/borsa_compound_chiusa-1280x560.jpg","boxproducts_midlarge-width":1280,"boxproducts_midlarge-height":560,"boxproducts_medium":"https:\/\/www.rupes.com\/wp-content\/uploads\/2021\/07\/borsa_compound_chiusa-1024x450.jpg","boxproducts_medium-width":1024,"boxproducts_medium-height":450,"boxproducts_small":"https:\/\/www.rupes.com\/wp-content\/uploads\/2021\/07\/borsa_compound_chiusa-700x305.jpg","boxproducts_small-width":700,"boxproducts_small-height":305,"boxproducts_mobile":"https:\/\/www.rupes.com\/wp-content\/uploads\/2021\/07\/borsa_compound_chiusa-400x175.jpg","boxproducts_mobile-width":400,"boxproducts_mobile-height":175,"product_thumb":"https:\/\/www.rupes.com\/wp-content\/uploads\/2021\/07\/borsa_compound_chiusa-300x197.jpg","product_thumb-width":300,"product_thumb-height":197,"product_home":"https:\/\/www.rupes.com\/wp-content\/uploads\/2021\/07\/borsa_compound_chiusa-1200x700.jpg","product_home-width":1200,"product_home-height":700,"gallery_first":"https:\/\/www.rupes.com\/wp-content\/uploads\/2021\/07\/borsa_compound_chiusa-760x500.jpg","gallery_first-width":760,"gallery_first-height":500,"gallery_thumb":"https:\/\/www.rupes.com\/wp-content\/uploads\/2021\/07\/borsa_compound_chiusa-105x69.jpg","gallery_thumb-width":105,"gallery_thumb-height":69,"category_image":"https:\/\/www.rupes.com\/wp-content\/uploads\/2021\/07\/borsa_compound_chiusa-200x132.jpg","category_image-width":200,"category_image-height":132,"category_thumb":"https:\/\/www.rupes.com\/wp-content\/uploads\/2021\/07\/borsa_compound_chiusa-100x66.jpg","category_thumb-width":100,"category_thumb-height":66}},{"ID":1001397795,"id":1001397795,"title":"borsa_compound_con_bottiglie","filename":"borsa_compound_con_bottiglie-1-scaled.jpg","filesize":270086,"url":"https:\/\/www.rupes.com\/wp-content\/uploads\/2021\/07\/borsa_compound_con_bottiglie-1-scaled.jpg","link":"https:\/\/www.rupes.com\/es\/product\/bottle-carrier-rupes\/borsa_compound_con_bottiglie-2-2\/","alt":"","author":"2","description":"","caption":"","name":"borsa_compound_con_bottiglie-2-2","status":"inherit","uploaded_to":1001397731,"date":"2021-07-19 14:04:44","modified":"2021-07-19 14:04:44","menu_order":0,"mime_type":"image\/jpeg","type":"image","subtype":"jpeg","icon":"https:\/\/www.rupes.com\/wp-includes\/images\/media\/default.png","width":2560,"height":1685,"sizes":{"thumbnail":"https:\/\/www.rupes.com\/wp-content\/uploads\/2021\/07\/borsa_compound_con_bottiglie-1-150x150.jpg","thumbnail-width":150,"thumbnail-height":150,"medium":"https:\/\/www.rupes.com\/wp-content\/uploads\/2021\/07\/borsa_compound_con_bottiglie-1-300x197.jpg","medium-width":300,"medium-height":197,"medium_large":"https:\/\/www.rupes.com\/wp-content\/uploads\/2021\/07\/borsa_compound_con_bottiglie-1-768x506.jpg","medium_large-width":768,"medium_large-height":506,"large":"https:\/\/www.rupes.com\/wp-content\/uploads\/2021\/07\/borsa_compound_con_bottiglie-1-1024x674.jpg","large-width":1024,"large-height":674,"1536x1536":"https:\/\/www.rupes.com\/wp-content\/uploads\/2021\/07\/borsa_compound_con_bottiglie-1-1536x1011.jpg","1536x1536-width":1536,"1536x1536-height":1011,"2048x2048":"https:\/\/www.rupes.com\/wp-content\/uploads\/2021\/07\/borsa_compound_con_bottiglie-1-2048x1348.jpg","2048x2048-width":2048,"2048x2048-height":1348,"thumb_news":"https:\/\/www.rupes.com\/wp-content\/uploads\/2021\/07\/borsa_compound_con_bottiglie-1-350x200.jpg","thumb_news-width":350,"thumb_news-height":200,"boxhome_small":"https:\/\/www.rupes.com\/wp-content\/uploads\/2021\/07\/borsa_compound_con_bottiglie-1-200x100.jpg","boxhome_small-width":200,"boxhome_small-height":100,"boxhome_medium":"https:\/\/www.rupes.com\/wp-content\/uploads\/2021\/07\/borsa_compound_con_bottiglie-1-300x150.jpg","boxhome_medium-width":300,"boxhome_medium-height":150,"boxhome_large":"https:\/\/www.rupes.com\/wp-content\/uploads\/2021\/07\/borsa_compound_con_bottiglie-1-450x200.jpg","boxhome_large-width":450,"boxhome_large-height":200,"boxproducts_large":"https:\/\/www.rupes.com\/wp-content\/uploads\/2021\/07\/borsa_compound_con_bottiglie-1-1600x700.jpg","boxproducts_large-width":1600,"boxproducts_large-height":700,"boxproducts_midlarge":"https:\/\/www.rupes.com\/wp-content\/uploads\/2021\/07\/borsa_compound_con_bottiglie-1-1280x560.jpg","boxproducts_midlarge-width":1280,"boxproducts_midlarge-height":560,"boxproducts_medium":"https:\/\/www.rupes.com\/wp-content\/uploads\/2021\/07\/borsa_compound_con_bottiglie-1-1024x450.jpg","boxproducts_medium-width":1024,"boxproducts_medium-height":450,"boxproducts_small":"https:\/\/www.rupes.com\/wp-content\/uploads\/2021\/07\/borsa_compound_con_bottiglie-1-700x305.jpg","boxproducts_small-width":700,"boxproducts_small-height":305,"boxproducts_mobile":"https:\/\/www.rupes.com\/wp-content\/uploads\/2021\/07\/borsa_compound_con_bottiglie-1-400x175.jpg","boxproducts_mobile-width":400,"boxproducts_mobile-height":175,"product_thumb":"https:\/\/www.rupes.com\/wp-content\/uploads\/2021\/07\/borsa_compound_con_bottiglie-1-300x197.jpg","product_thumb-width":300,"product_thumb-height":197,"product_home":"https:\/\/www.rupes.com\/wp-content\/uploads\/2021\/07\/borsa_compound_con_bottiglie-1-1200x700.jpg","product_home-width":1200,"product_home-height":700,"gallery_first":"https:\/\/www.rupes.com\/wp-content\/uploads\/2021\/07\/borsa_compound_con_bottiglie-1-760x500.jpg","gallery_first-width":760,"gallery_first-height":500,"gallery_thumb":"https:\/\/www.rupes.com\/wp-content\/uploads\/2021\/07\/borsa_compound_con_bottiglie-1-105x69.jpg","gallery_thumb-width":105,"gallery_thumb-height":69,"category_image":"https:\/\/www.rupes.com\/wp-content\/uploads\/2021\/07\/borsa_compound_con_bottiglie-1-200x132.jpg","category_image-width":200,"category_image-height":132,"category_thumb":"https:\/\/www.rupes.com\/wp-content\/uploads\/2021\/07\/borsa_compound_con_bottiglie-1-100x66.jpg","category_thumb-width":100,"category_thumb-height":66}}],"videos":false,"files":[{"label":"flyers","etichetta_en":"","etichetta_it":"","etichetta_de":"","etichetta_fr":"","etichetta_es":"","multilingua":"multi","file":{"ID":1001397810,"id":1001397810,"title":"NEW RUPES BOTTLE CARRIER_EN","filename":"NEW-RUPES-BOTTLE-CARRIER_EN.pdf","filesize":354464,"url":"https:\/\/www.rupes.com\/wp-content\/uploads\/2021\/07\/NEW-RUPES-BOTTLE-CARRIER_EN.pdf","link":"https:\/\/www.rupes.com\/es\/product\/bottle-carrier-rupes\/new-rupes-bottle-carrier_en-2\/","alt":"","author":"2","description":"","caption":"","name":"new-rupes-bottle-carrier_en-2","status":"inherit","uploaded_to":1001397731,"date":"2021-07-20 07:47:33","modified":"2021-07-20 07:47:33","menu_order":0,"mime_type":"application\/pdf","type":"application","subtype":"pdf","icon":"https:\/\/www.rupes.com\/wp-includes\/images\/media\/document.png"},"url_file":"","file_or_url":"file","file_it":{"ID":1001397820,"id":1001397820,"title":"NUOVO RUPES BOTTLE CARRIER_IT","filename":"NUOVO-RUPES-BOTTLE-CARRIER_IT-1.pdf","filesize":355027,"url":"https:\/\/www.rupes.com\/wp-content\/uploads\/2021\/07\/NUOVO-RUPES-BOTTLE-CARRIER_IT-1.pdf","link":"https:\/\/www.rupes.com\/es\/product\/bottle-carrier-rupes\/nuovo-rupes-bottle-carrier_it-2-2\/","alt":"","author":"2","description":"","caption":"","name":"nuovo-rupes-bottle-carrier_it-2-2","status":"inherit","uploaded_to":1001397731,"date":"2021-07-20 10:09:32","modified":"2021-07-20 10:09:32","menu_order":0,"mime_type":"application\/pdf","type":"application","subtype":"pdf","icon":"https:\/\/www.rupes.com\/wp-includes\/images\/media\/document.png"},"url_it":"","file_or_url_it":"file","file_de":{"ID":1001397868,"id":1001397868,"title":"NEW RUPES BOTTLE CARRIER_DE","filename":"NEW-RUPES-BOTTLE-CARRIER_DE.pdf","filesize":350078,"url":"https:\/\/www.rupes.com\/wp-content\/uploads\/2021\/07\/NEW-RUPES-BOTTLE-CARRIER_DE.pdf","link":"https:\/\/www.rupes.com\/es\/product\/bottle-carrier-rupes\/new-rupes-bottle-carrier_de-2\/","alt":"","author":"2","description":"","caption":"","name":"new-rupes-bottle-carrier_de-2","status":"inherit","uploaded_to":1001397731,"date":"2021-07-21 09:14:57","modified":"2021-07-21 09:14:57","menu_order":0,"mime_type":"application\/pdf","type":"application","subtype":"pdf","icon":"https:\/\/www.rupes.com\/wp-includes\/images\/media\/document.png"},"url_de":"","file_or_url_de":"file","file_fr":false,"url_fr":"","file_or_url_fr":"file","file_es":false,"url_es":"","file_or_url_es":"file"}],"product_b2b_code":"","product_b2b_pdf":"","blocco_dimensione":false,"varianti":false,"kit_vendita":false,"blocchi_prodotti_correlati":false,"seleziona_tag_notizie":false,"seleziona_le_recensioni":"","attiva_collegamento":true,"thumb_home":false,"attiva_titolo_diverso":false,"google_review_link":"","link_eshop":"https:\/\/shop.rupes.com\/it\/borse\/48-bottle-carrier.html","immagine_eshop":"https:\/\/shop.rupes.com\/217-large_default\/bottle-carrier.jpg","prezzo_eshop":"37,00","attiva_voice_speech":true,"code_usermanuals":"","code_usermanuals_usa":""},"_links":{"self":[{"href":"https:\/\/www.rupes.com\/es\/wp-json\/wp\/v2\/products\/1001397731","targetHints":{"allow":["GET"]}}],"collection":[{"href":"https:\/\/www.rupes.com\/es\/wp-json\/wp\/v2\/products"}],"about":[{"href":"https:\/\/www.rupes.com\/es\/wp-json\/wp\/v2\/types\/product"}],"wp:attachment":[{"href":"https:\/\/www.rupes.com\/es\/wp-json\/wp\/v2\/media?parent=1001397731"}],"wp:term":[{"taxonomy":"category_product","embeddable":true,"href":"https:\/\/www.rupes.com\/es\/wp-json\/wp\/v2\/categoryproduct?post=1001397731"}],"curies":[{"name":"wp","href":"https:\/\/api.w.org\/{rel}","templated":true}]}}