{"id":1001396494,"date":"2019-11-14T11:18:19","date_gmt":"2019-11-14T10:18:19","guid":{"rendered":"https:\/\/www.rupes.com\/?post_type=product&#038;p=1001396494"},"modified":"2025-01-28T12:27:11","modified_gmt":"2025-01-28T11:27:11","slug":"mille-black-edition-polishing-compound","status":"publish","type":"product","link":"https:\/\/www.rupes.com\/es\/product\/mille-black-edition-polishing-compound\/","title":{"rendered":"Mille Black Edition Polishing compound"},"content":{"rendered":"<p>The <strong>BigFoot Mille Black Edition<\/strong> is a <strong>cutting compound<\/strong> formulated by RUPES using the latest generation abrasives. This versatile and universal compound allows to <strong>correct severe defects<\/strong> and sanding marks, and represents the optimal solution for technicians who want to have a great performance and a smooth user experience with low dusting and easy wipe off on dark surfaces.<\/p>\n<p>When <strong>polishing dark surfaces<\/strong>, it is sometimes hard to properly remove compound residues. Thanks to its dark color, the BigFoot Mille Black Edition Compound residues will not be visible, making the wipe-off easier and quicker while improving the results.<\/p>\n","protected":false},"featured_media":0,"template":"","meta":{"_acf_changed":false},"categoryproduct":[888965156,888965164],"class_list":["post-1001396494","product","type-product","status-publish","hentry","category_product-consumables","category_product-consumables-polishing-compounds"],"acf":{"product_codice":"9.BGCOARSEBL","scheda_nuova":true,"contact_form":true,"attiva_flag_new_product":false,"product_home":"0","attiva_special_message":"disattivo","product_titolo_it":"Pasta abrasiva  per lucidatura Mille Black Edition","product_titolo_de":"Mille Black Edition Polierpaste","product_titolo_fr":"P\u00e2te \u00e0 polir Mille Black Edition","product_titolo_es":"Pasta abrasiva para el pulido Mille Black Edition","product_descrizione_en":"<p>The <strong>BigFoot Mille Black Edition<\/strong> is a <strong>cutting compound<\/strong> formulated by RUPES using the latest generation abrasives. This versatile and universal compound allows to <strong>correct severe defects<\/strong> and sanding marks, and represents the optimal solution for technicians who want to have a great performance and a smooth user experience with low dusting and easy wipe off on dark surfaces.<\/p>\n<p>When <strong>polishing dark surfaces<\/strong>, it is sometimes hard to properly remove compound residues. Thanks to its dark color, the BigFoot Mille Black Edition Compound residues will not be visible, making the wipe-off easier and quicker while improving the results.<\/p>\n","product_descrizione_it":"<p><strong>Bigfoot Mille Black<\/strong> \u00e8 una <strong>pasta abrasiva da taglio<\/strong> che contiene abrasivi di ultima generazione. Sviluppata per essere <strong>versatile e universale<\/strong>, consente di <strong>eliminare graffi anche profondi<\/strong> e segni di carteggiatura. Si caratterizza per una buona cremosit\u00e0 che consente di lavorare sempre in condizioni ottimali senza creare polvere, i residui di polvere al termine del processo di lucidatura sono semplici da rimuovere proprio grazie al fatto che rimangono liquidi e non impastano i panni utilizzati per rimuoverli.<\/p>\n<p>Una caratteristica importante di Mille Black \u00e8 il colore nero: quando si lucidano superfici scure, pu\u00f2 capitare che in alcune zone non si riescano ad eliminare perfettamente i residui di pasta abrasiva. Grazie al colore scuro tali residui non si vedranno!<\/p>\n","product_descrizione_de":"<p>Die <strong> BigFoot Mille Black Edition <\/strong> ist eine <strong> Schneidmasse <\/strong>, die von RUPES unter Verwendung der Schleifmittel der neuesten Generation formuliert wurde. Diese vielseitige und universelle Mischung erm\u00f6glicht die <strong> Korrektur schwerer Defekte <\/strong> und Schleifspuren und stellt die optimale L\u00f6sung f\u00fcr Techniker dar, die eine hervorragende Leistung und ein reibungsloses Benutzererlebnis mit geringem Staubgehalt und einfachem Abwischen auf dunklen Oberfl\u00e4chen w\u00fcnschen .<\/p>\n<p>Beim <strong> Polieren dunkler Oberfl\u00e4chen <\/strong> ist es manchmal schwierig, Verbindungsreste richtig zu entfernen. Dank seiner dunklen Farbe sind die R\u00fcckst\u00e4nde der BigFoot Mille Black Edition-Verbindung nicht sichtbar, was das Abwischen einfacher und schneller macht und gleichzeitig die Ergebnisse verbessert.<\/p>\n","product_descrizione_fr":"<p>Le <strong> BigFoot Mille Black Edition <\/strong> est un <strong> compos\u00e9 de coupe <\/strong> formul\u00e9 par RUPES avec des abrasifs de derni\u00e8re g\u00e9n\u00e9ration. Ce compos\u00e9 polyvalent et universel permet de <strong> corriger les d\u00e9fauts s\u00e9v\u00e8res <\/strong> et les marques de pon\u00e7age, et repr\u00e9sente la solution optimale pour les techniciens qui souhaitent avoir une grande performance et une exp\u00e9rience utilisateur fluide avec peu de poussi\u00e8re et un essuyage facile sur les surfaces sombres. .<\/p>\n<p>Lors du <strong> polissage de surfaces sombres <\/strong>, il est parfois difficile d&#8217;\u00e9liminer correctement les r\u00e9sidus de compos\u00e9. Gr\u00e2ce \u00e0 sa couleur sombre, les r\u00e9sidus de BigFoot Mille Black Edition Compound ne seront pas visibles, ce qui rend l&#8217;essuyage plus facile et plus rapide tout en am\u00e9liorant les r\u00e9sultats.<\/p>\n","product_descrizione_es":"<p>El <strong> BigFoot Mille Black Edition <\/strong> es un <strong> compuesto de corte <\/strong> formulado por RUPES utilizando abrasivos de \u00faltima generaci\u00f3n. Este compuesto vers\u00e1til y universal permite <strong> corregir defectos severos <\/strong> y marcas de lijado, y representa la soluci\u00f3n \u00f3ptima para los t\u00e9cnicos que desean tener un gran rendimiento y una experiencia de usuario fluida con poco polvo y f\u00e1cil limpieza en superficies oscuras. .<\/p>\n<p>Al <strong> pulir superficies oscuras <\/strong>, a veces es dif\u00edcil eliminar correctamente los residuos de compuestos. Gracias a su color oscuro, los residuos del compuesto BigFoot Mille Black Edition no ser\u00e1n visibles, lo que facilita y agiliza la limpieza y mejora los resultados.<\/p>\n","product_scheda_en":"","product_scheda_it":"","product_scheda_de":"","product_scheda_fr":"","product_scheda_es":"","thumb":false,"gallery":[{"ID":1001396550,"id":1001396550,"title":"Mille-Black-Edition-Polishing-compound","filename":"Mille-Black-Edition-Polishing-compound.jpg","filesize":28384,"url":"https:\/\/www.rupes.com\/wp-content\/uploads\/2021\/02\/Mille-Black-Edition-Polishing-compound.jpg","link":"https:\/\/www.rupes.com\/es\/product\/mille-black-edition-polishing-compound\/mille-black-edition-polishing-compound-2\/","alt":"Mille Black Edition Polishing compound","author":"1","description":"Mille Black Edition Polishing compound","caption":"Mille Black Edition Polishing compound","name":"mille-black-edition-polishing-compound-2","status":"inherit","uploaded_to":1001396494,"date":"2021-02-01 10:15:48","modified":"2021-02-01 10:16:12","menu_order":0,"mime_type":"image\/jpeg","type":"image","subtype":"jpeg","icon":"https:\/\/www.rupes.com\/wp-includes\/images\/media\/default.png","width":1200,"height":800,"sizes":{"thumbnail":"https:\/\/www.rupes.com\/wp-content\/uploads\/2021\/02\/Mille-Black-Edition-Polishing-compound-150x150.jpg","thumbnail-width":150,"thumbnail-height":150,"medium":"https:\/\/www.rupes.com\/wp-content\/uploads\/2021\/02\/Mille-Black-Edition-Polishing-compound-300x200.jpg","medium-width":300,"medium-height":200,"medium_large":"https:\/\/www.rupes.com\/wp-content\/uploads\/2021\/02\/Mille-Black-Edition-Polishing-compound-768x512.jpg","medium_large-width":768,"medium_large-height":512,"large":"https:\/\/www.rupes.com\/wp-content\/uploads\/2021\/02\/Mille-Black-Edition-Polishing-compound-1024x683.jpg","large-width":1024,"large-height":683,"1536x1536":"https:\/\/www.rupes.com\/wp-content\/uploads\/2021\/02\/Mille-Black-Edition-Polishing-compound.jpg","1536x1536-width":1200,"1536x1536-height":800,"2048x2048":"https:\/\/www.rupes.com\/wp-content\/uploads\/2021\/02\/Mille-Black-Edition-Polishing-compound.jpg","2048x2048-width":1200,"2048x2048-height":800,"thumb_news":"https:\/\/www.rupes.com\/wp-content\/uploads\/2021\/02\/Mille-Black-Edition-Polishing-compound-350x200.jpg","thumb_news-width":350,"thumb_news-height":200,"boxhome_small":"https:\/\/www.rupes.com\/wp-content\/uploads\/2021\/02\/Mille-Black-Edition-Polishing-compound-200x100.jpg","boxhome_small-width":200,"boxhome_small-height":100,"boxhome_medium":"https:\/\/www.rupes.com\/wp-content\/uploads\/2021\/02\/Mille-Black-Edition-Polishing-compound-300x150.jpg","boxhome_medium-width":300,"boxhome_medium-height":150,"boxhome_large":"https:\/\/www.rupes.com\/wp-content\/uploads\/2021\/02\/Mille-Black-Edition-Polishing-compound-450x200.jpg","boxhome_large-width":450,"boxhome_large-height":200,"boxproducts_large":"https:\/\/www.rupes.com\/wp-content\/uploads\/2021\/02\/Mille-Black-Edition-Polishing-compound-1200x700.jpg","boxproducts_large-width":1200,"boxproducts_large-height":700,"boxproducts_midlarge":"https:\/\/www.rupes.com\/wp-content\/uploads\/2021\/02\/Mille-Black-Edition-Polishing-compound-1200x560.jpg","boxproducts_midlarge-width":1200,"boxproducts_midlarge-height":560,"boxproducts_medium":"https:\/\/www.rupes.com\/wp-content\/uploads\/2021\/02\/Mille-Black-Edition-Polishing-compound-1024x450.jpg","boxproducts_medium-width":1024,"boxproducts_medium-height":450,"boxproducts_small":"https:\/\/www.rupes.com\/wp-content\/uploads\/2021\/02\/Mille-Black-Edition-Polishing-compound-700x305.jpg","boxproducts_small-width":700,"boxproducts_small-height":305,"boxproducts_mobile":"https:\/\/www.rupes.com\/wp-content\/uploads\/2021\/02\/Mille-Black-Edition-Polishing-compound-400x175.jpg","boxproducts_mobile-width":400,"boxproducts_mobile-height":175,"product_thumb":"https:\/\/www.rupes.com\/wp-content\/uploads\/2021\/02\/Mille-Black-Edition-Polishing-compound-300x200.jpg","product_thumb-width":300,"product_thumb-height":200,"product_home":"https:\/\/www.rupes.com\/wp-content\/uploads\/2021\/02\/Mille-Black-Edition-Polishing-compound-1200x700.jpg","product_home-width":1200,"product_home-height":700,"gallery_first":"https:\/\/www.rupes.com\/wp-content\/uploads\/2021\/02\/Mille-Black-Edition-Polishing-compound-750x500.jpg","gallery_first-width":750,"gallery_first-height":500,"gallery_thumb":"https:\/\/www.rupes.com\/wp-content\/uploads\/2021\/02\/Mille-Black-Edition-Polishing-compound-105x70.jpg","gallery_thumb-width":105,"gallery_thumb-height":70,"category_image":"https:\/\/www.rupes.com\/wp-content\/uploads\/2021\/02\/Mille-Black-Edition-Polishing-compound-200x133.jpg","category_image-width":200,"category_image-height":133,"category_thumb":"https:\/\/www.rupes.com\/wp-content\/uploads\/2021\/02\/Mille-Black-Edition-Polishing-compound-100x67.jpg","category_thumb-width":100,"category_thumb-height":67}}],"videos":false,"files":[{"label":"msds","etichetta_en":"","etichetta_it":"","etichetta_de":"","etichetta_fr":"","etichetta_es":"","multilingua":"no","file":false,"url_file":"https:\/\/www.rupes.com\/safety-data-sheet\/","file_or_url":"file","file_it":false,"url_it":"","file_or_url_it":"file","file_de":false,"url_de":"","file_or_url_de":"file","file_fr":false,"url_fr":"","file_or_url_fr":"file","file_es":false,"url_es":"","file_or_url_es":"file"},{"label":"custom","etichetta_en":"Technical sheet","etichetta_it":"Scheda tecnica","etichetta_de":"Datenblatt","etichetta_fr":"Fiche technique","etichetta_es":"Ficha t\u00e9cnica","multilingua":"multi","file":false,"url_file":"https:\/\/rupes.com\/technical-sheet\/technical-sheet-EN\/MILLE-COARSE-BLACK-LINE.pdf","file_or_url":"url","file_it":false,"url_it":"https:\/\/rupes.com\/technical-sheet\/technical-sheet-IT\/MILLE-COARSE-BLACK-LINE.pdf","file_or_url_it":"url","file_de":false,"url_de":"","file_or_url_de":"file","file_fr":false,"url_fr":"","file_or_url_fr":"file","file_es":false,"url_es":"","file_or_url_es":"file"}],"blocco_dimensione":[{"codice":"9.BGCOARSEBL","dimensione":"1000 ml","immagine":{"ID":1001396550,"id":1001396550,"title":"Mille-Black-Edition-Polishing-compound","filename":"Mille-Black-Edition-Polishing-compound.jpg","filesize":28384,"url":"https:\/\/www.rupes.com\/wp-content\/uploads\/2021\/02\/Mille-Black-Edition-Polishing-compound.jpg","link":"https:\/\/www.rupes.com\/es\/product\/mille-black-edition-polishing-compound\/mille-black-edition-polishing-compound-2\/","alt":"Mille Black Edition Polishing compound","author":"1","description":"Mille Black Edition Polishing compound","caption":"Mille Black Edition Polishing compound","name":"mille-black-edition-polishing-compound-2","status":"inherit","uploaded_to":1001396494,"date":"2021-02-01 10:15:48","modified":"2021-02-01 10:16:12","menu_order":0,"mime_type":"image\/jpeg","type":"image","subtype":"jpeg","icon":"https:\/\/www.rupes.com\/wp-includes\/images\/media\/default.png","width":1200,"height":800,"sizes":{"thumbnail":"https:\/\/www.rupes.com\/wp-content\/uploads\/2021\/02\/Mille-Black-Edition-Polishing-compound-150x150.jpg","thumbnail-width":150,"thumbnail-height":150,"medium":"https:\/\/www.rupes.com\/wp-content\/uploads\/2021\/02\/Mille-Black-Edition-Polishing-compound-300x200.jpg","medium-width":300,"medium-height":200,"medium_large":"https:\/\/www.rupes.com\/wp-content\/uploads\/2021\/02\/Mille-Black-Edition-Polishing-compound-768x512.jpg","medium_large-width":768,"medium_large-height":512,"large":"https:\/\/www.rupes.com\/wp-content\/uploads\/2021\/02\/Mille-Black-Edition-Polishing-compound-1024x683.jpg","large-width":1024,"large-height":683,"1536x1536":"https:\/\/www.rupes.com\/wp-content\/uploads\/2021\/02\/Mille-Black-Edition-Polishing-compound.jpg","1536x1536-width":1200,"1536x1536-height":800,"2048x2048":"https:\/\/www.rupes.com\/wp-content\/uploads\/2021\/02\/Mille-Black-Edition-Polishing-compound.jpg","2048x2048-width":1200,"2048x2048-height":800,"thumb_news":"https:\/\/www.rupes.com\/wp-content\/uploads\/2021\/02\/Mille-Black-Edition-Polishing-compound-350x200.jpg","thumb_news-width":350,"thumb_news-height":200,"boxhome_small":"https:\/\/www.rupes.com\/wp-content\/uploads\/2021\/02\/Mille-Black-Edition-Polishing-compound-200x100.jpg","boxhome_small-width":200,"boxhome_small-height":100,"boxhome_medium":"https:\/\/www.rupes.com\/wp-content\/uploads\/2021\/02\/Mille-Black-Edition-Polishing-compound-300x150.jpg","boxhome_medium-width":300,"boxhome_medium-height":150,"boxhome_large":"https:\/\/www.rupes.com\/wp-content\/uploads\/2021\/02\/Mille-Black-Edition-Polishing-compound-450x200.jpg","boxhome_large-width":450,"boxhome_large-height":200,"boxproducts_large":"https:\/\/www.rupes.com\/wp-content\/uploads\/2021\/02\/Mille-Black-Edition-Polishing-compound-1200x700.jpg","boxproducts_large-width":1200,"boxproducts_large-height":700,"boxproducts_midlarge":"https:\/\/www.rupes.com\/wp-content\/uploads\/2021\/02\/Mille-Black-Edition-Polishing-compound-1200x560.jpg","boxproducts_midlarge-width":1200,"boxproducts_midlarge-height":560,"boxproducts_medium":"https:\/\/www.rupes.com\/wp-content\/uploads\/2021\/02\/Mille-Black-Edition-Polishing-compound-1024x450.jpg","boxproducts_medium-width":1024,"boxproducts_medium-height":450,"boxproducts_small":"https:\/\/www.rupes.com\/wp-content\/uploads\/2021\/02\/Mille-Black-Edition-Polishing-compound-700x305.jpg","boxproducts_small-width":700,"boxproducts_small-height":305,"boxproducts_mobile":"https:\/\/www.rupes.com\/wp-content\/uploads\/2021\/02\/Mille-Black-Edition-Polishing-compound-400x175.jpg","boxproducts_mobile-width":400,"boxproducts_mobile-height":175,"product_thumb":"https:\/\/www.rupes.com\/wp-content\/uploads\/2021\/02\/Mille-Black-Edition-Polishing-compound-300x200.jpg","product_thumb-width":300,"product_thumb-height":200,"product_home":"https:\/\/www.rupes.com\/wp-content\/uploads\/2021\/02\/Mille-Black-Edition-Polishing-compound-1200x700.jpg","product_home-width":1200,"product_home-height":700,"gallery_first":"https:\/\/www.rupes.com\/wp-content\/uploads\/2021\/02\/Mille-Black-Edition-Polishing-compound-750x500.jpg","gallery_first-width":750,"gallery_first-height":500,"gallery_thumb":"https:\/\/www.rupes.com\/wp-content\/uploads\/2021\/02\/Mille-Black-Edition-Polishing-compound-105x70.jpg","gallery_thumb-width":105,"gallery_thumb-height":70,"category_image":"https:\/\/www.rupes.com\/wp-content\/uploads\/2021\/02\/Mille-Black-Edition-Polishing-compound-200x133.jpg","category_image-width":200,"category_image-height":133,"category_thumb":"https:\/\/www.rupes.com\/wp-content\/uploads\/2021\/02\/Mille-Black-Edition-Polishing-compound-100x67.jpg","category_thumb-width":100,"category_thumb-height":67}},"descrizione_en":"use with all gear driven polishers","descrizione_it":"Utilizzabile con tutte le lucidatrici gear driven","descrizione_de":"","descrizione_fr":"","descrizione_es":""},{"codice":"9.BGCOARSEBL5L","dimensione":"5 l","immagine":false,"descrizione_en":"use with all gear driven polishers","descrizione_it":"Utilizzabile con tutte le lucidatrici gear driven","descrizione_de":"","descrizione_fr":"","descrizione_es":""}],"varianti":false,"kit_vendita":false,"blocchi_prodotti_correlati":[{"iconablocco":"fas fa-share-alt","seleziona_i_prodotti":[1001384866,1001388659,1001388660,1001389492,1001389493,1001384721,1001389494],"label":"view related products","titolo_correlato_en":"","titolo_correlato_it":"","titolo_correlato_de":"","titolo_correlato_fr":"","titolo_correlato_es":""}],"seleziona_tag_notizie":[888962557],"seleziona_le_recensioni":[1001385704,1001357280],"product_b2b_code":"","product_b2b_pdf":"","attiva_collegamento":false,"attiva_voice_speech":false,"google_review_link":"","code_usermanuals":"","code_usermanuals_usa":"","escludi_scheda_sicurezza":false},"_links":{"self":[{"href":"https:\/\/www.rupes.com\/es\/wp-json\/wp\/v2\/products\/1001396494","targetHints":{"allow":["GET"]}}],"collection":[{"href":"https:\/\/www.rupes.com\/es\/wp-json\/wp\/v2\/products"}],"about":[{"href":"https:\/\/www.rupes.com\/es\/wp-json\/wp\/v2\/types\/product"}],"wp:attachment":[{"href":"https:\/\/www.rupes.com\/es\/wp-json\/wp\/v2\/media?parent=1001396494"}],"wp:term":[{"taxonomy":"category_product","embeddable":true,"href":"https:\/\/www.rupes.com\/es\/wp-json\/wp\/v2\/categoryproduct?post=1001396494"}],"curies":[{"name":"wp","href":"https:\/\/api.w.org\/{rel}","templated":true}]}}