{"id":1001384953,"date":"2019-03-08T02:20:17","date_gmt":"2019-03-08T02:20:17","guid":{"rendered":""},"modified":"2024-06-19T08:15:30","modified_gmt":"2024-06-19T06:15:30","slug":"pneumatic-triple-action-sander-with-o-150mm-pad-orbit-6mm","status":"publish","type":"product","link":"https:\/\/www.rupes.com\/es\/product\/pneumatic-triple-action-sander-with-o-150mm-pad-orbit-6mm\/","title":{"rendered":"Pneumatic triple action sander with \u00d8 150mm pad &#8211; orbit 6mm"},"content":{"rendered":"<p>Pneumatic triple action sander is ergonomic, lightweight and powerful. The <strong>TA6A<\/strong> introduces an innovative technology defined as \u201c<strong>Triple Action<\/strong>\u201d into the pneumatic sander category. The dual action random orbital movement of this pneumatic tool is combined with epicyclic gear reduction to deliver levels of torque and consistency that were never previously available with air-powered tools.<\/p>\n<p><img fetchpriority=\"high\" decoding=\"async\" class=\"size-medium wp-image-1001394177\" src=\"https:\/\/www.rupes.com\/wp-content\/uploads\/2019\/03\/TA6A_pneumatic-triple-action-sander_2-300x200.jpg\" alt=\"TA6A pneumatic triple action sander 2\" width=\"300\" height=\"200\" srcset=\"https:\/\/www.rupes.com\/wp-content\/uploads\/2019\/03\/TA6A_pneumatic-triple-action-sander_2-300x200.jpg 300w, https:\/\/www.rupes.com\/wp-content\/uploads\/2019\/03\/TA6A_pneumatic-triple-action-sander_2-1024x683.jpg 1024w, https:\/\/www.rupes.com\/wp-content\/uploads\/2019\/03\/TA6A_pneumatic-triple-action-sander_2-768x512.jpg 768w, https:\/\/www.rupes.com\/wp-content\/uploads\/2019\/03\/TA6A_pneumatic-triple-action-sander_2-750x500.jpg 750w, https:\/\/www.rupes.com\/wp-content\/uploads\/2019\/03\/TA6A_pneumatic-triple-action-sander_2-105x70.jpg 105w, https:\/\/www.rupes.com\/wp-content\/uploads\/2019\/03\/TA6A_pneumatic-triple-action-sander_2-200x133.jpg 200w, https:\/\/www.rupes.com\/wp-content\/uploads\/2019\/03\/TA6A_pneumatic-triple-action-sander_2-100x67.jpg 100w, https:\/\/www.rupes.com\/wp-content\/uploads\/2019\/03\/TA6A_pneumatic-triple-action-sander_2.jpg 1200w\" sizes=\"(max-width: 300px) 100vw, 300px\" \/><\/p>\n<p>This machine provides incredible balance, high levels of torque, is extremely intuitive and easy to maneuver. The TA6A can be used for sanding operations in several industries that include automotive manufacturing and repair, aviation, marine, industrial and many more.<\/p>\n<p>MAIN FEATURES:<\/p>\n<ul>\n<li>HIGH TORQUE EFFICIENCY AND PERFORMANCE<\/li>\n<li>REDUCTION IN WORKING TIMES<\/li>\n<li>EXTREMELY LOW VIBRATION LEVEL<\/li>\n<li>PERFECT BALANCE<\/li>\n<\/ul>\n","protected":false},"featured_media":0,"template":"","meta":{"_acf_changed":false},"categoryproduct":[888965181,888965184],"class_list":["post-1001384953","product","type-product","status-publish","hentry","category_product-pneumatic-tools","category_product-pneumatic-tools-sanders"],"acf":{"product_codice":"TA6A","scheda_nuova":true,"contact_form":true,"attiva_flag_new_product":false,"product_home":"0","attiva_special_message":"alert","product_titolo_it":"Levigatrice pneumatica triple action con platorello da \u00d8 150mm  - orbita 6mm","product_titolo_de":"EXZENTERSCHLEIFER TRIPLE ACTION \u00d8 150mm ORBIT 6mm","product_titolo_fr":"PONCEUSE PNEUMATIQUE TRIPLE ACTION \u00d8 150mm ORBIT 6mm","product_titolo_es":"LIJADORA NEUMATICA TRIPLE ACTION \u00d8 150mm ORBIT 6mm","product_descrizione_en":"<p>Ergonomic, lightweight and powerful. The <strong>TA6A<\/strong> introduces an innovative technology defined as \u201c<strong>Triple Action<\/strong>\u201d into the pneumatic sander category. The dual action random orbital movement of this pneumatic tool is combined with epicyclic gear reduction to deliver levels of torque and consistency that were never previously available with air-powered tools.<\/p>\n<p>This machine provides incredible balance, high levels of torque, is extremely intuitive and easy to maneuver. The TA6A can be used for sanding operations in several industries that include automotive manufacturing and repair, aviation, marine, industrial and many more.<\/p>\n<p>MAIN FEATURES:<\/p>\n<ul>\n<li>HIGH TORQUE EFFICIENCY AND PERFORMANCE<\/li>\n<li>REDUCTION IN WORKING TIMES<\/li>\n<li>EXTREMELY LOW VIBRATION LEVEL<\/li>\n<li>PERFECT BALANCE<\/li>\n<\/ul>\n","product_descrizione_it":"<p>Ergonomica, leggera e potente. La nuova <strong>TA6A<\/strong> introduce una tecnologia innovativa, definita \u201c<strong>Triple Action<\/strong>\u201d, nella categoria delle <strong>levigatrici pneumatiche<\/strong>. Il movimento rotorbitale dual action di questo utensile pneumatico \u00e8 combinato con riduzione ad ingranaggi epicicloidale, per offrire livelli di coppia e consistenza mai raggiunti precedentemente dagli utensili alimentati ad aria.<\/p>\n<p>L\u2019utensile offre un incredibile bilanciamento, elevati livelli di coppia, \u00e8 estremamente intuitivo e facile da usare. La TA6A pu\u00f2 essere utilizzata per le operazioni di levigatura in diversi ambiti industriali, che includono produzione e riparazione automotive, aviazione, nautica, industriale e molto altro.<\/p>\n<p>Caratteristiche<\/p>\n<ul>\n<li>ELEVATA EFFICIENZA DI COPPIA E PERFORMANCE<\/li>\n<li>RIDUZIONE DEI TEMPI DI LAVORO<\/li>\n<li>LIVELLO DI VIBRAZIONI ESTREMAMENTE BASSO<\/li>\n<li>PERFETTO BILANCIAMENTO<\/li>\n<li>LEGGENDARIA QUALIT\u00c0 ED EFFICIENZA RUPES<\/li>\n<\/ul>\n","product_descrizione_de":"<p><strong>TA6A Ergon\u00f3mica,<\/strong> ligera y potente. El <strong>TA6A <\/strong>introduce una tecnolog\u00eda innovadora definida como \u201c<em>Triple Acci\u00f3n<\/em> \u201c en la categor\u00eda de lijadora neum\u00e1tica. El movimiento orbital aleatorio de doble acci\u00f3n de esta herramienta neum\u00e1tica se combina con la reducci\u00f3n epic\u00edclica de engranajes para brindar niveles de par y consistencia que nunca antes estaban disponibles con herramientas neum\u00e1ticas.<\/p>\n<p>Esta m\u00e1quina proporciona un equilibrio incre\u00edble, altos niveles de par, es extremadamente intuitiva y f\u00e1cil de maniobrar. El TA6A se puede utilizar para operaciones de lijado en varias industrias que incluyen la fabricaci\u00f3n y reparaci\u00f3n de autom\u00f3viles, aviaci\u00f3n, marina, industrial y muchas m\u00e1s<\/p>\n<p>CARACTERISTICA PRINCIPAL:<\/p>\n<ul>\n<li>ALTO RENDIMIENTO DE EFICIENCIA Y RENDIMIENTO<\/li>\n<li>REDUCCI\u00d3N EN TIEMPOS DE TRABAJO<\/li>\n<li>EXTREMADAMENTE BAJO NIVEL DE VIBRACION<\/li>\n<li>BALANCE PERFECTO<\/li>\n<\/ul>\n","product_descrizione_fr":"<p>Ergonomique, l\u00e9g\u00e8re et puissante. La <strong>TA6A<\/strong> introduit une technologie innovante d\u00e9finie comme \u00ab\u00a0Triple Action\u00a0\u00bb dans la cat\u00e9gorie des ponceuses pneumatiques. Le mouvement orbital al\u00e9atoire \u00e0 double action de cet outil pneumatique est associ\u00e9 \u00e0 la r\u00e9duction par engrenages \u00e9picyclo\u00efdaux, pour fournir des niveaux de couple et de r\u00e9gularit\u00e9 jamais atteints auparavant avec des outils pneumatiques.<br \/>\nCette machine offre un \u00e9quilibre incroyable, des niveaux de couple \u00e9lev\u00e9s, est extr\u00eamement intuitive et facile \u00e0 man\u0153uvrer. La TA6A peut \u00eatre utilis\u00e9e pour les op\u00e9rations de pon\u00e7age dans plusieurs industries, telle que la fabrication et la r\u00e9paration d\u2019automobiles, l&#8217;aviation, la marine, l&#8217;industrie et bien d&#8217;autres.<br \/>\nCARACT\u00c9RISTIQUES PRINCIPALES\u00a0:<\/p>\n<ul>\n<li>EFFICACIT\u00c9 ET PERFORMANCES \u00c9LEV\u00c9ES DU COUPLE<\/li>\n<li>R\u00c9DUCTION DES TEMPS DE TRAVAIL<\/li>\n<li>NIVEAU DE VIBRATION EXTR\u00caMEMENT BAS<\/li>\n<li>\u00c9QUILIBRE PARFAIT<\/li>\n<\/ul>\n","product_descrizione_es":"<p><strong>TA6A Ergon\u00f3mica,<\/strong> ligera y potente. El <strong>TA6A <\/strong>introduce una tecnolog\u00eda innovadora definida como \u201c<em>Triple Acci\u00f3n<\/em> \u201c en la categor\u00eda de lijadora neum\u00e1tica. El movimiento orbital aleatorio de doble acci\u00f3n de esta herramienta neum\u00e1tica se combina con la reducci\u00f3n epic\u00edclica de engranajes para brindar niveles de par y consistencia que nunca antes estaban disponibles con herramientas neum\u00e1ticas.<\/p>\n<p>Esta m\u00e1quina proporciona un equilibrio incre\u00edble, altos niveles de par, es extremadamente intuitiva y f\u00e1cil de maniobrar. El TA6A se puede utilizar para operaciones de lijado en varias industrias que incluyen la fabricaci\u00f3n y reparaci\u00f3n de autom\u00f3viles, aviaci\u00f3n, marina, industrial y muchas m\u00e1s<\/p>\n<p>CARACTERISTICA PRINCIPAL:<\/p>\n<ul>\n<li>ALTO RENDIMIENTO DE EFICIENCIA Y RENDIMIENTO<\/li>\n<li>REDUCCI\u00d3N EN TIEMPOS DE TRABAJO<\/li>\n<li>EXTREMADAMENTE BAJO NIVEL DE VIBRACION<\/li>\n<li>BALANCE PERFECTO<\/li>\n<\/ul>\n","product_scheda_en":"<table border=\"1\" cellspacing=\"1\" cellpadding=\"1\">\n<tbody>\n<tr>\n<td>\u00d8 backing pad (mm\/in)<\/td>\n<td>150 &#8211; 6&#8243;<\/td>\n<\/tr>\n<tr>\n<td>\u00d8 orbit (mm\/in)<\/td>\n<td>6 &#8211; 1\/4&#8243;<\/td>\n<\/tr>\n<tr>\n<td>Working pressure (bar\/PSIG)<\/td>\n<td>6,2 &#8211; 90&#8243;<\/td>\n<\/tr>\n<tr>\n<td>Air consumption max (l\/min)<\/td>\n<td>400<\/td>\n<\/tr>\n<tr>\n<td>R.P.M.<\/td>\n<td>0 &#8211; 8000<\/td>\n<\/tr>\n<tr>\n<td>Weight (kg\/lbs)<\/td>\n<td>1,3 &#8211; 28,7<\/td>\n<\/tr>\n<tr>\n<td>Speed regulation<\/td>\n<td>\u2022<\/td>\n<\/tr>\n<tr>\n<td>Spindle thread<\/td>\n<td>M8<\/td>\n<\/tr>\n<\/tbody>\n<\/table>\n","product_scheda_it":"<table border=\"1\" cellspacing=\"1\" cellpadding=\"1\">\n<tbody>\n<tr>\n<td>\u00d8 platorello (mm\/in)<\/td>\n<td>150 &#8211; 6&#8243;<\/td>\n<\/tr>\n<tr>\n<td>\u00d8 orbita (mm\/in)<\/td>\n<td>6 &#8211; 1\/4&#8243;<\/td>\n<\/tr>\n<tr>\n<td>Pressione d\u2019esercizio (bar\/PSIG)<\/td>\n<td>6,2 &#8211; 90&#8243;<\/td>\n<\/tr>\n<tr>\n<td>Consumo d\u2019aria max (l\/min)<\/td>\n<td>400<\/td>\n<\/tr>\n<tr>\n<td>R.P.M.<\/td>\n<td>0 &#8211; 8000<\/td>\n<\/tr>\n<tr>\n<td>Peso (kg\/lbs)<\/td>\n<td>1,3 &#8211; 28,7<\/td>\n<\/tr>\n<tr>\n<td>Controllo della velocit\u00e0<\/td>\n<td>\u2022<\/td>\n<\/tr>\n<tr>\n<td>Filettatura albero mandrino<\/td>\n<td>M8<\/td>\n<\/tr>\n<\/tbody>\n<\/table>\n","product_scheda_de":"<table border=\"1\" cellspacing=\"1\" cellpadding=\"1\">\n<tbody>\n<tr>\n<td>\u00d8 St\u00fctzteller (mm\/in)<\/td>\n<td>150 &#8211; 6&#8243;<\/td>\n<\/tr>\n<tr>\n<td>\u00d8 Hub (mm\/in)<\/td>\n<td>6 &#8211; 1\/4&#8243;<\/td>\n<\/tr>\n<tr>\n<td>Arbeitsdruck (bar\/PSIG)<\/td>\n<td>6,2 &#8211; 90&#8243;<\/td>\n<\/tr>\n<tr>\n<td>Verbrauch Druckluft max. (l\/min)<\/td>\n<td>400<\/td>\n<\/tr>\n<tr>\n<td>R.P.M.<\/td>\n<td>0 &#8211; 8000<\/td>\n<\/tr>\n<tr>\n<td>Gewicht (kg\/lbs)<\/td>\n<td>1,3 &#8211; 28,7<\/td>\n<\/tr>\n<tr>\n<td>Geschwindigkeitsregulierung<\/td>\n<td>\u2022<\/td>\n<\/tr>\n<tr>\n<td>Wellengewinde<\/td>\n<td>M8<\/td>\n<\/tr>\n<\/tbody>\n<\/table>\n","product_scheda_fr":"","product_scheda_es":"<table border=\"1\" cellspacing=\"1\" cellpadding=\"1\">\n<tbody>\n<tr>\n<td>\u00d8 plato de soporte (mm\/in)<\/td>\n<td>150 &#8211; 6&#8243;<\/td>\n<\/tr>\n<tr>\n<td>\u00d8 \u00f3rbita (mm\/in)<\/td>\n<td>6 &#8211; 1\/4&#8243;<\/td>\n<\/tr>\n<tr>\n<td>Presi\u00f3n de funcionamiento (bar\/PSIG)<\/td>\n<td>6,2 &#8211; 90&#8243;<\/td>\n<\/tr>\n<tr>\n<td>Consumo m\u00e1x. de aire (l\/min)<\/td>\n<td>400<\/td>\n<\/tr>\n<tr>\n<td>R.P.M.<\/td>\n<td>0 &#8211; 8000<\/td>\n<\/tr>\n<tr>\n<td>Peso (kg\/lbs)<\/td>\n<td>1,3 &#8211; 28,7<\/td>\n<\/tr>\n<tr>\n<td>Control de velocidad<\/td>\n<td>\u2022<\/td>\n<\/tr>\n<tr>\n<td>Rosca de husillo<\/td>\n<td>M8<\/td>\n<\/tr>\n<\/tbody>\n<\/table>\n","thumb":false,"gallery":[{"ID":1001394176,"id":1001394176,"title":"TA6A_pneumatic-triple-action-sander_1","filename":"TA6A_pneumatic-triple-action-sander_1.jpg","filesize":64296,"url":"https:\/\/www.rupes.com\/wp-content\/uploads\/2019\/03\/TA6A_pneumatic-triple-action-sander_1.jpg","link":"https:\/\/www.rupes.com\/es\/product\/pneumatic-triple-action-sander-with-o-150mm-pad-orbit-6mm\/ta6a_pneumatic-triple-action-sander_1-2\/","alt":"TA6A pneumatic triple action sander 1","author":"1","description":"TA6A pneumatic triple action sander 1","caption":"TA6A pneumatic triple action sander 1","name":"ta6a_pneumatic-triple-action-sander_1-2","status":"inherit","uploaded_to":1001384953,"date":"2020-10-30 13:51:37","modified":"2020-10-30 13:52:03","menu_order":0,"mime_type":"image\/jpeg","type":"image","subtype":"jpeg","icon":"https:\/\/www.rupes.com\/wp-includes\/images\/media\/default.png","width":1200,"height":800,"sizes":{"thumbnail":"https:\/\/www.rupes.com\/wp-content\/uploads\/2019\/03\/TA6A_pneumatic-triple-action-sander_1-150x150.jpg","thumbnail-width":150,"thumbnail-height":150,"medium":"https:\/\/www.rupes.com\/wp-content\/uploads\/2019\/03\/TA6A_pneumatic-triple-action-sander_1-300x200.jpg","medium-width":300,"medium-height":200,"medium_large":"https:\/\/www.rupes.com\/wp-content\/uploads\/2019\/03\/TA6A_pneumatic-triple-action-sander_1-768x512.jpg","medium_large-width":768,"medium_large-height":512,"large":"https:\/\/www.rupes.com\/wp-content\/uploads\/2019\/03\/TA6A_pneumatic-triple-action-sander_1-1024x683.jpg","large-width":1024,"large-height":683,"1536x1536":"https:\/\/www.rupes.com\/wp-content\/uploads\/2019\/03\/TA6A_pneumatic-triple-action-sander_1.jpg","1536x1536-width":1200,"1536x1536-height":800,"2048x2048":"https:\/\/www.rupes.com\/wp-content\/uploads\/2019\/03\/TA6A_pneumatic-triple-action-sander_1.jpg","2048x2048-width":1200,"2048x2048-height":800,"thumb_news":"https:\/\/www.rupes.com\/wp-content\/uploads\/2019\/03\/TA6A_pneumatic-triple-action-sander_1-350x200.jpg","thumb_news-width":350,"thumb_news-height":200,"boxhome_small":"https:\/\/www.rupes.com\/wp-content\/uploads\/2019\/03\/TA6A_pneumatic-triple-action-sander_1-200x100.jpg","boxhome_small-width":200,"boxhome_small-height":100,"boxhome_medium":"https:\/\/www.rupes.com\/wp-content\/uploads\/2019\/03\/TA6A_pneumatic-triple-action-sander_1-300x150.jpg","boxhome_medium-width":300,"boxhome_medium-height":150,"boxhome_large":"https:\/\/www.rupes.com\/wp-content\/uploads\/2019\/03\/TA6A_pneumatic-triple-action-sander_1-450x200.jpg","boxhome_large-width":450,"boxhome_large-height":200,"boxproducts_large":"https:\/\/www.rupes.com\/wp-content\/uploads\/2019\/03\/TA6A_pneumatic-triple-action-sander_1-1200x700.jpg","boxproducts_large-width":1200,"boxproducts_large-height":700,"boxproducts_midlarge":"https:\/\/www.rupes.com\/wp-content\/uploads\/2019\/03\/TA6A_pneumatic-triple-action-sander_1-1200x560.jpg","boxproducts_midlarge-width":1200,"boxproducts_midlarge-height":560,"boxproducts_medium":"https:\/\/www.rupes.com\/wp-content\/uploads\/2019\/03\/TA6A_pneumatic-triple-action-sander_1-1024x450.jpg","boxproducts_medium-width":1024,"boxproducts_medium-height":450,"boxproducts_small":"https:\/\/www.rupes.com\/wp-content\/uploads\/2019\/03\/TA6A_pneumatic-triple-action-sander_1-700x305.jpg","boxproducts_small-width":700,"boxproducts_small-height":305,"boxproducts_mobile":"https:\/\/www.rupes.com\/wp-content\/uploads\/2019\/03\/TA6A_pneumatic-triple-action-sander_1-400x175.jpg","boxproducts_mobile-width":400,"boxproducts_mobile-height":175,"product_thumb":"https:\/\/www.rupes.com\/wp-content\/uploads\/2019\/03\/TA6A_pneumatic-triple-action-sander_1-300x200.jpg","product_thumb-width":300,"product_thumb-height":200,"product_home":"https:\/\/www.rupes.com\/wp-content\/uploads\/2019\/03\/TA6A_pneumatic-triple-action-sander_1-1200x700.jpg","product_home-width":1200,"product_home-height":700,"gallery_first":"https:\/\/www.rupes.com\/wp-content\/uploads\/2019\/03\/TA6A_pneumatic-triple-action-sander_1-750x500.jpg","gallery_first-width":750,"gallery_first-height":500,"gallery_thumb":"https:\/\/www.rupes.com\/wp-content\/uploads\/2019\/03\/TA6A_pneumatic-triple-action-sander_1-105x70.jpg","gallery_thumb-width":105,"gallery_thumb-height":70,"category_image":"https:\/\/www.rupes.com\/wp-content\/uploads\/2019\/03\/TA6A_pneumatic-triple-action-sander_1-200x133.jpg","category_image-width":200,"category_image-height":133,"category_thumb":"https:\/\/www.rupes.com\/wp-content\/uploads\/2019\/03\/TA6A_pneumatic-triple-action-sander_1-100x67.jpg","category_thumb-width":100,"category_thumb-height":67}},{"ID":1001394181,"id":1001394181,"title":"TA6A_pneumatic-triple-action-sander_2","filename":"TA6A_pneumatic-triple-action-sander_2.jpg","filesize":75958,"url":"https:\/\/www.rupes.com\/wp-content\/uploads\/2019\/03\/TA6A_pneumatic-triple-action-sander_2.jpg","link":"https:\/\/www.rupes.com\/es\/product\/pneumatic-triple-action-sander-with-o-150mm-pad-orbit-6mm\/ta6a_pneumatic-triple-action-sander_2-2\/","alt":"TA6A pneumatic triple action sander 2","author":"1","description":"TA6A pneumatic triple action sander 2","caption":"TA6A pneumatic triple action sander 2","name":"ta6a_pneumatic-triple-action-sander_2-2","status":"inherit","uploaded_to":1001384953,"date":"2020-10-30 13:51:39","modified":"2020-10-30 13:52:14","menu_order":0,"mime_type":"image\/jpeg","type":"image","subtype":"jpeg","icon":"https:\/\/www.rupes.com\/wp-includes\/images\/media\/default.png","width":1200,"height":800,"sizes":{"thumbnail":"https:\/\/www.rupes.com\/wp-content\/uploads\/2019\/03\/TA6A_pneumatic-triple-action-sander_2-150x150.jpg","thumbnail-width":150,"thumbnail-height":150,"medium":"https:\/\/www.rupes.com\/wp-content\/uploads\/2019\/03\/TA6A_pneumatic-triple-action-sander_2-300x200.jpg","medium-width":300,"medium-height":200,"medium_large":"https:\/\/www.rupes.com\/wp-content\/uploads\/2019\/03\/TA6A_pneumatic-triple-action-sander_2-768x512.jpg","medium_large-width":768,"medium_large-height":512,"large":"https:\/\/www.rupes.com\/wp-content\/uploads\/2019\/03\/TA6A_pneumatic-triple-action-sander_2-1024x683.jpg","large-width":1024,"large-height":683,"1536x1536":"https:\/\/www.rupes.com\/wp-content\/uploads\/2019\/03\/TA6A_pneumatic-triple-action-sander_2.jpg","1536x1536-width":1200,"1536x1536-height":800,"2048x2048":"https:\/\/www.rupes.com\/wp-content\/uploads\/2019\/03\/TA6A_pneumatic-triple-action-sander_2.jpg","2048x2048-width":1200,"2048x2048-height":800,"thumb_news":"https:\/\/www.rupes.com\/wp-content\/uploads\/2019\/03\/TA6A_pneumatic-triple-action-sander_2-350x200.jpg","thumb_news-width":350,"thumb_news-height":200,"boxhome_small":"https:\/\/www.rupes.com\/wp-content\/uploads\/2019\/03\/TA6A_pneumatic-triple-action-sander_2-200x100.jpg","boxhome_small-width":200,"boxhome_small-height":100,"boxhome_medium":"https:\/\/www.rupes.com\/wp-content\/uploads\/2019\/03\/TA6A_pneumatic-triple-action-sander_2-300x150.jpg","boxhome_medium-width":300,"boxhome_medium-height":150,"boxhome_large":"https:\/\/www.rupes.com\/wp-content\/uploads\/2019\/03\/TA6A_pneumatic-triple-action-sander_2-450x200.jpg","boxhome_large-width":450,"boxhome_large-height":200,"boxproducts_large":"https:\/\/www.rupes.com\/wp-content\/uploads\/2019\/03\/TA6A_pneumatic-triple-action-sander_2-1200x700.jpg","boxproducts_large-width":1200,"boxproducts_large-height":700,"boxproducts_midlarge":"https:\/\/www.rupes.com\/wp-content\/uploads\/2019\/03\/TA6A_pneumatic-triple-action-sander_2-1200x560.jpg","boxproducts_midlarge-width":1200,"boxproducts_midlarge-height":560,"boxproducts_medium":"https:\/\/www.rupes.com\/wp-content\/uploads\/2019\/03\/TA6A_pneumatic-triple-action-sander_2-1024x450.jpg","boxproducts_medium-width":1024,"boxproducts_medium-height":450,"boxproducts_small":"https:\/\/www.rupes.com\/wp-content\/uploads\/2019\/03\/TA6A_pneumatic-triple-action-sander_2-700x305.jpg","boxproducts_small-width":700,"boxproducts_small-height":305,"boxproducts_mobile":"https:\/\/www.rupes.com\/wp-content\/uploads\/2019\/03\/TA6A_pneumatic-triple-action-sander_2-400x175.jpg","boxproducts_mobile-width":400,"boxproducts_mobile-height":175,"product_thumb":"https:\/\/www.rupes.com\/wp-content\/uploads\/2019\/03\/TA6A_pneumatic-triple-action-sander_2-300x200.jpg","product_thumb-width":300,"product_thumb-height":200,"product_home":"https:\/\/www.rupes.com\/wp-content\/uploads\/2019\/03\/TA6A_pneumatic-triple-action-sander_2-1200x700.jpg","product_home-width":1200,"product_home-height":700,"gallery_first":"https:\/\/www.rupes.com\/wp-content\/uploads\/2019\/03\/TA6A_pneumatic-triple-action-sander_2-750x500.jpg","gallery_first-width":750,"gallery_first-height":500,"gallery_thumb":"https:\/\/www.rupes.com\/wp-content\/uploads\/2019\/03\/TA6A_pneumatic-triple-action-sander_2-105x70.jpg","gallery_thumb-width":105,"gallery_thumb-height":70,"category_image":"https:\/\/www.rupes.com\/wp-content\/uploads\/2019\/03\/TA6A_pneumatic-triple-action-sander_2-200x133.jpg","category_image-width":200,"category_image-height":133,"category_thumb":"https:\/\/www.rupes.com\/wp-content\/uploads\/2019\/03\/TA6A_pneumatic-triple-action-sander_2-100x67.jpg","category_thumb-width":100,"category_thumb-height":67}}],"videos":false,"files":false,"product_b2b_code":"TA6A","blocco_dimensione":false,"varianti":false,"kit_vendita":false,"blocchi_prodotti_correlati":[{"iconablocco":"fas fa-retweet","seleziona_i_prodotti":"","label":"alternatives","titolo_correlato_en":"","titolo_correlato_it":"","titolo_correlato_de":"","titolo_correlato_fr":"","titolo_correlato_es":""}],"seleziona_tag_notizie":[888963898],"seleziona_le_recensioni":"","product_b2b_pdf":"https:\/\/b2b.rupes.com\/cdn\/b2b.rupes.com\/areaftp\/esplosipdf\/TA6ARIC000.pdf","attiva_voice_speech":true,"google_review_link":"","attiva_collegamento":false,"code_usermanuals":"9.2805","code_usermanuals_usa":"","special_message":{"message_en":"Discontinued","message_it":"","message_de":"","message_fr":"","message_es":""}},"_links":{"self":[{"href":"https:\/\/www.rupes.com\/es\/wp-json\/wp\/v2\/products\/1001384953","targetHints":{"allow":["GET"]}}],"collection":[{"href":"https:\/\/www.rupes.com\/es\/wp-json\/wp\/v2\/products"}],"about":[{"href":"https:\/\/www.rupes.com\/es\/wp-json\/wp\/v2\/types\/product"}],"wp:attachment":[{"href":"https:\/\/www.rupes.com\/es\/wp-json\/wp\/v2\/media?parent=1001384953"}],"wp:term":[{"taxonomy":"category_product","embeddable":true,"href":"https:\/\/www.rupes.com\/es\/wp-json\/wp\/v2\/categoryproduct?post=1001384953"}],"curies":[{"name":"wp","href":"https:\/\/api.w.org\/{rel}","templated":true}]}}