{"id":1001384944,"date":"2019-03-08T02:20:15","date_gmt":"2019-03-08T02:20:15","guid":{"rendered":""},"modified":"2024-01-25T12:28:16","modified_gmt":"2024-01-25T11:28:16","slug":"orbital-sander-115-x-225-orbit-5mm-with-self-vacuum","status":"publish","type":"product","link":"https:\/\/www.rupes.com\/es\/product\/orbital-sander-115-x-225-orbit-5mm-with-self-vacuum\/","title":{"rendered":"Orbital sander 115 X 225 orbit 5mm with self vacuum and paper clip"},"content":{"rendered":"<p><strong>Orbital sander SSCA<\/strong><\/p>\n<p><img fetchpriority=\"high\" decoding=\"async\" class=\"size-medium wp-image-1001394781\" src=\"https:\/\/www.rupes.com\/wp-content\/uploads\/2019\/03\/ssca_orbital_sander_self_vacuum-300x300.jpg\" alt=\"orbital sander self vacuum with pad clips - ssca\" width=\"300\" height=\"300\" srcset=\"https:\/\/www.rupes.com\/wp-content\/uploads\/2019\/03\/ssca_orbital_sander_self_vacuum-300x300.jpg 300w, https:\/\/www.rupes.com\/wp-content\/uploads\/2019\/03\/ssca_orbital_sander_self_vacuum-150x150.jpg 150w, https:\/\/www.rupes.com\/wp-content\/uploads\/2019\/03\/ssca_orbital_sander_self_vacuum-200x200.jpg 200w, https:\/\/www.rupes.com\/wp-content\/uploads\/2019\/03\/ssca_orbital_sander_self_vacuum-500x500.jpg 500w, https:\/\/www.rupes.com\/wp-content\/uploads\/2019\/03\/ssca_orbital_sander_self_vacuum-80x80.jpg 80w, https:\/\/www.rupes.com\/wp-content\/uploads\/2019\/03\/ssca_orbital_sander_self_vacuum-100x100.jpg 100w, https:\/\/www.rupes.com\/wp-content\/uploads\/2019\/03\/ssca_orbital_sander_self_vacuum.jpg 560w\" sizes=\"(max-width: 300px) 100vw, 300px\" \/><\/p>\n<p>Integral dust extraction system<br \/>\nPowerful and aggressive, ideal for levelling surfaces<br \/>\nHigh torque motor\u00a0with gear transmission<br \/>\nHigh abrasive performance rating<br \/>\nRubber pad\u00a0for rolled abrasives<br \/>\nElectrical parts insulated\u00a0with special resins for greater protection and longer life of the tool<\/p>\n<p><strong>Applications<\/strong><\/p>\n<ul>\n<li>Smoothing and levelling surfaces<\/li>\n<li>Removing paint from wood<\/li>\n<li>Preparing surfaces for filling operations<\/li>\n<li>Sanding primer and large surfaces<\/li>\n<\/ul>\n","protected":false},"featured_media":0,"template":"","meta":{"_acf_changed":false},"categoryproduct":[888965171,888965177],"class_list":["post-1001384944","product","type-product","status-publish","hentry","category_product-electric-tools","category_product-electric-tools-sanders"],"acf":{"product_codice":"SSCA","scheda_nuova":true,"contact_form":true,"attiva_flag_new_product":false,"product_home":"0","attiva_special_message":"disattivo","product_titolo_it":"Levigatrice orbitale 115 X 225 orbita 5mm aspirazione incorporata con clips","product_titolo_de":"SCHWINGSCHLEIFER 115 X 225  HUB 5mm SELBSTGENERIERT clips","product_titolo_fr":"PONCEUSE ORBITALE  115 X 225 ORB 5mm AUTO ASPIRANTE  avec clips","product_titolo_es":"LIJADORA ORBITAL  115 X 225   ORB 5mm SELF VACUUM  clips","product_descrizione_en":"<p><strong>Orbital sander SSCA<\/strong><\/p>\n<p>Integral dust extraction system<br \/>\nPowerful and aggressive, ideal for levelling surfaces<br \/>\nHigh torque motor\u00a0with gear transmission<br \/>\nHigh abrasive performance rating<br \/>\nRubber pad\u00a0for rolled abrasives<br \/>\nElectrical parts insulated\u00a0with special resins for greater protection and longer life of the tool<\/p>\n<p><strong>Orbital sander SSCAVR<\/strong><\/p>\n<p>Integral dust extraction system<br \/>\nPowerful and aggressive, ideal for levelling surfaces<br \/>\nHigh torque motor\u00a0with gear transmission<br \/>\nHigh abrasive performance rating<br \/>\nMultihole rubber plate\u00a0for optimal dust extraction<br \/>\nElectrical parts insulated\u00a0with special resins for greater protection and longer life of the tool<\/p>\n<p><strong>Applications<\/strong><\/p>\n<ul>\n<li>Smoothing and levelling surfaces<\/li>\n<li>Removing paint from wood<\/li>\n<li>Preparing surfaces for filling operations<\/li>\n<li>Sanding primer and large surfaces<\/li>\n<\/ul>\n","product_descrizione_it":"<p><strong>SSCA<\/strong><\/p>\n<p>Sistema autoaspirante incorporato<br \/>\nPotente ed aggressiva, ideale per la spianatura ed il livellamento delle superfici<br \/>\nMotore con trasmissione ad ingranaggi per il corretto posizionamento<br \/>\ndel baricentro in asse con la piastra base<br \/>\nElevato indice di rendimento abrasivo<br \/>\nDotata di piastra in gomma per abrasivo in rotoli<br \/>\nParti elettriche isolate con resine speciali per una maggior protezione e durata dell\u2019utensile<\/p>\n<p><strong>SSCAVR<\/strong><\/p>\n<p><strong>Applicazioni<\/strong><\/p>\n<ul>\n<li>Spianatura e livellamento delle superfici<\/li>\n<li>Sverniciatura legno<\/li>\n<li>Preparazione superfici per operazioni di<\/li>\n<li>stuccatura<\/li>\n<li>Levigatura di fondi e grandi superfici<\/li>\n<\/ul>\n","product_descrizione_de":"<p><strong>SSCA<\/strong><\/p>\n<p>Integrierte Eigenabsaugung<br \/>\nLeistungsstark und aggressiv, ideal f\u00fcr das Anschleifen und Planen von Oberfl\u00e4chen<br \/>\nMotor mit Getriebe\u00fcbersetzung zur<br \/>\nkorrekten Schwerpunktpositionierung in einer Achse mit der Schleifplatte<br \/>\nHohe Abtragsleistung<br \/>\nSSCA: Erh\u00e4ltlich mit Gummi-Schleifplatte f\u00fcr Rollen-Schleifpapier<br \/>\nElektrische Teile \u2013 f\u00fcr verbesserten Schutz und l\u00e4ngere Lebensdauer des Werkzeugs \u2013 mit Spezialharzen isoliert<\/p>\n<p><strong>SSCAVR<\/strong><\/p>\n<p>&#8211; Integrierte Eigenabsaugung<br \/>\n&#8211; Leistungsstark und aggressiv, ideal f\u00fcr das Anschleifen und Planen von Oberfl\u00e4chen<br \/>\n&#8211; Motor mit Getriebe\u00fcbersetzung zur<br \/>\nkorrekten Schwerpunktpositionierung in einer Achse mit der Schleifplatte<br \/>\n&#8211; Hohe Abtragsleistung<br \/>\n&#8211; Erh\u00e4ltlich mit Gummi-Schleifplatte f\u00fcr Rollen-Schleifpapier<br \/>\n&#8211; Ausgestattet Multihole &#8211; Klettschleifplatte aus Gummi f\u00fcr optimale Absaugung (225&#215;115 mm)<br \/>\n&#8211; Elektrische Teile \u2013 f\u00fcr verbesserten Schutz und l\u00e4ngere Lebensdauer des Werkzeugs \u2013 mit Spezialharzen isoliert<\/p>\n<p><strong>Anwendungen<\/strong><\/p>\n<ul>\n<li>Anschleifen und Planen von Oberfl\u00e4chen<\/li>\n<li>Lackentfernung bei Holz<\/li>\n<li>Vorbereiten von Oberfl\u00e4chen f\u00fcr Putzarbeiten<\/li>\n<li>Schleifen von Grundanstrichen und gro\u00dfen Fl\u00e4chen<\/li>\n<\/ul>\n","product_descrizione_fr":"<p><strong>SSCA<\/strong><\/p>\n<p>Syst\u00e8me d\u2019aspiration automatique incorpor\u00e9 Puissantes et agressives, id\u00e9ales pour le planage et le nivellement des surfaces<br \/>\nMoteur avec transmission \u00e0 engrenages pour le positionnement correct<br \/>\ndu barycentre en axe avec la plaque de base<br \/>\nIndice \u00e9lev\u00e9 de rendement abrasif<br \/>\nMunie d&#8217;une plaque en caoutchouc pour abrasif en rouleaux<br \/>\nParties \u00e9lectriques isol\u00e9es avec des r\u00e9sines sp\u00e9ciales permettant d\u2019accro\u00eetre la protection et la dur\u00e9e de l\u2019outil<\/p>\n<p><strong>SSCAVR<\/strong><\/p>\n<p>Syst\u00e8me d\u2019aspiration automatique incorpor\u00e9<br \/>\nPuissantes et agressives, id\u00e9ales pour le planage et le nivellement des surfaces<br \/>\nMoteur avec transmission \u00e0 engrenages pour le positionnement correct du centre de gravit\u00e9 dans l\u2019axe de la plaque de base<br \/>\nHaut indice de rendement abrasif<br \/>\nSSCA VR : munie d\u2019une plaque en<br \/>\ncaoutchouc Multihole pour assurer une aspiration optimale (400&#215;70 mm)<br \/>\nParties \u00e9lectriques isol\u00e9es avec des<br \/>\nr\u00e9sines sp\u00e9ciales permettant d\u2019accro\u00eetre<br \/>\nla protection et la dur\u00e9e de l\u2019outil<\/p>\n<p><strong>Application<\/strong><\/p>\n<ul>\n<li>Planage et nivellement des surfaces<\/li>\n<li>D\u00e9capage du bois<\/li>\n<li>Pr\u00e9paration des surfaces pour op\u00e9rations d\u2019enduisage<\/li>\n<\/ul>\n<p>Pon\u00e7age de fonds et grandes surfaces<\/p>\n","product_descrizione_es":"","product_scheda_en":"<table border=\"1\" cellspacing=\"1\" cellpadding=\"1\">\n<tbody>\n<tr>\n<td><\/td>\n<td style=\"background: #d6eeff;\"><b>SSCA<\/b><\/td>\n<td>SSCAVR<\/td>\n<\/tr>\n<tr>\n<td align=\"left\">\u00d8 orbit (mm)<\/td>\n<td style=\"background: #d6eeff;\">5<\/td>\n<td>5<\/td>\n<\/tr>\n<tr>\n<td align=\"left\">Pad size (mm)<\/td>\n<td style=\"background: #d6eeff;\">210&#215;115<\/td>\n<td>225&#215;115<\/td>\n<\/tr>\n<tr>\n<td align=\"left\">Power (W)<\/td>\n<td style=\"background: #d6eeff;\">350<\/td>\n<td>350<\/td>\n<\/tr>\n<tr>\n<td align=\"left\">R.P.M.<\/td>\n<td style=\"background: #d6eeff;\">6000<\/td>\n<td>6000<\/td>\n<\/tr>\n<tr>\n<td align=\"left\">Weight (Kg)<\/td>\n<td style=\"background: #d6eeff;\">3,6<\/td>\n<td>3,6<\/td>\n<\/tr>\n<tr>\n<td align=\"left\">Paper clips<\/td>\n<td style=\"background: #d6eeff;\">\u2022<\/td>\n<td><\/td>\n<\/tr>\n<tr>\n<td align=\"left\">Velcro pad<\/td>\n<td style=\"background: #d6eeff;\"><\/td>\n<td>\u2022<\/td>\n<\/tr>\n<tr>\n<td align=\"left\">Self generated dust extraction<\/td>\n<td style=\"background: #d6eeff;\">\u2022<\/td>\n<td>\u2022<\/td>\n<\/tr>\n<tr>\n<td align=\"left\">Pad supplied<\/td>\n<td style=\"background: #d6eeff;\">983.002<\/td>\n<td>62.55MH<\/td>\n<\/tr>\n<\/tbody>\n<\/table>\n","product_scheda_it":"<table border=\"1\" cellspacing=\"1\" cellpadding=\"1\">\n<tbody>\n<tr>\n<td><\/td>\n<td style=\"background: #d6eeff;\"><b>SSCA<\/b><\/td>\n<td>SSCAVR<\/td>\n<\/tr>\n<tr>\n<td align=\"left\">\u00d8 orbita (mm)<\/td>\n<td style=\"background: #d6eeff;\">5<\/td>\n<td>5<\/td>\n<\/tr>\n<tr>\n<td align=\"left\">Dimensioni piastra (mm)<\/td>\n<td style=\"background: #d6eeff;\">210&#215;115<\/td>\n<td>225&#215;115<\/td>\n<\/tr>\n<tr>\n<td align=\"left\">Potenza (W)<\/td>\n<td style=\"background: #d6eeff;\">350<\/td>\n<td>350<\/td>\n<\/tr>\n<tr>\n<td align=\"left\">R.P.M.<\/td>\n<td style=\"background: #d6eeff;\">6000<\/td>\n<td>6000<\/td>\n<\/tr>\n<tr>\n<td align=\"left\">Peso (Kg)<\/td>\n<td style=\"background: #d6eeff;\">3,6<\/td>\n<td>3,6<\/td>\n<\/tr>\n<tr>\n<td align=\"left\">Clip fermacarta<\/td>\n<td style=\"background: #d6eeff;\">\u2022<\/td>\n<td><\/td>\n<\/tr>\n<tr>\n<td align=\"left\">Piastra Velcro<\/td>\n<td style=\"background: #d6eeff;\"><\/td>\n<td>\u2022<\/td>\n<\/tr>\n<tr>\n<td align=\"left\">Aspirazione incorporata<\/td>\n<td style=\"background: #d6eeff;\">\u2022<\/td>\n<td>\u2022<\/td>\n<\/tr>\n<tr>\n<td align=\"left\">Piastra in dotazione<\/td>\n<td style=\"background: #d6eeff;\">983.002<\/td>\n<td>62.55MH<\/td>\n<\/tr>\n<\/tbody>\n<\/table>\n","product_scheda_de":"<table border=\"1\" cellspacing=\"1\" cellpadding=\"1\">\n<tbody>\n<tr>\n<td><\/td>\n<td style=\"background: #d6eeff;\"><b>SSCA<\/b><\/td>\n<td>SSCAVR<\/td>\n<\/tr>\n<tr>\n<td align=\"left\">\u00d8 Hub (mm)<\/td>\n<td style=\"background: #d6eeff;\">5<\/td>\n<td>5<\/td>\n<\/tr>\n<tr>\n<td align=\"left\">Plattengr\u00f6\u00dfe (mm)<\/td>\n<td style=\"background: #d6eeff;\">210&#215;115<\/td>\n<td>225&#215;115<\/td>\n<\/tr>\n<tr>\n<td align=\"left\">Leistung (W)<\/td>\n<td style=\"background: #d6eeff;\">350<\/td>\n<td>350<\/td>\n<\/tr>\n<tr>\n<td align=\"left\">R.P.M.<\/td>\n<td style=\"background: #d6eeff;\">6000<\/td>\n<td>6000<\/td>\n<\/tr>\n<tr>\n<td align=\"left\">Gewicht (Kg)<\/td>\n<td style=\"background: #d6eeff;\">3,6<\/td>\n<td>3,6<\/td>\n<\/tr>\n<tr>\n<td align=\"left\">Papierhalterung<\/td>\n<td style=\"background: #d6eeff;\">\u2022<\/td>\n<td><\/td>\n<\/tr>\n<tr>\n<td align=\"left\">Klettplatte<\/td>\n<td style=\"background: #d6eeff;\"><\/td>\n<td>\u2022<\/td>\n<\/tr>\n<tr>\n<td align=\"left\">Eigenabsaugung<\/td>\n<td style=\"background: #d6eeff;\">\u2022<\/td>\n<td>\u2022<\/td>\n<\/tr>\n<tr>\n<td align=\"left\">Platte enthalten<\/td>\n<td style=\"background: #d6eeff;\">983.002<\/td>\n<td>62.55MH<\/td>\n<\/tr>\n<\/tbody>\n<\/table>\n","product_scheda_fr":"<table border=\"1\" cellspacing=\"1\" cellpadding=\"1\">\n<tbody>\n<tr>\n<td><\/td>\n<td style=\"background: #d6eeff;\"><b>SSCA<\/b><\/td>\n<td>SSCAVR<\/td>\n<\/tr>\n<tr>\n<td align=\"left\">\u00d8 orbite (mm)<\/td>\n<td style=\"background: #d6eeff;\">5<\/td>\n<td>5<\/td>\n<\/tr>\n<tr>\n<td align=\"left\">Dimensions patin (mm)<\/td>\n<td style=\"background: #d6eeff;\">210&#215;115<\/td>\n<td>225&#215;115<\/td>\n<\/tr>\n<tr>\n<td align=\"left\">Puissance (W)<\/td>\n<td style=\"background: #d6eeff;\">350<\/td>\n<td>350<\/td>\n<\/tr>\n<tr>\n<td align=\"left\">R.P.M.<\/td>\n<td style=\"background: #d6eeff;\">6000<\/td>\n<td>6000<\/td>\n<\/tr>\n<tr>\n<td align=\"left\">Poids (Kg)<\/td>\n<td style=\"background: #d6eeff;\">3,6<\/td>\n<td>3,6<\/td>\n<\/tr>\n<tr>\n<td align=\"left\">Trombones<\/td>\n<td style=\"background: #d6eeff;\">\u2022<\/td>\n<td><\/td>\n<\/tr>\n<tr>\n<td align=\"left\">Patin Velcro<\/td>\n<td style=\"background: #d6eeff;\"><\/td>\n<td>\u2022<\/td>\n<\/tr>\n<tr>\n<td align=\"left\">Extract. pouss. automat<\/td>\n<td style=\"background: #d6eeff;\">\u2022<\/td>\n<td>\u2022<\/td>\n<\/tr>\n<tr>\n<td align=\"left\">Patin fourni<\/td>\n<td style=\"background: #d6eeff;\">983.002<\/td>\n<td>62.55MH<\/td>\n<\/tr>\n<\/tbody>\n<\/table>\n","product_scheda_es":"<table border=\"1\" cellspacing=\"1\" cellpadding=\"1\">\n<tbody>\n<tr>\n<td><\/td>\n<td style=\"background: #d6eeff;\"><b>SSCA<\/b><\/td>\n<td>SSCAVR<\/td>\n<\/tr>\n<tr>\n<td align=\"left\">\u00d8 \u00f3rbita (mm)<\/td>\n<td style=\"background: #d6eeff;\">5<\/td>\n<td>5<\/td>\n<\/tr>\n<tr>\n<td align=\"left\">Medida de la base (mm)<\/td>\n<td style=\"background: #d6eeff;\">210&#215;115<\/td>\n<td>225&#215;115<\/td>\n<\/tr>\n<tr>\n<td align=\"left\">Potencia (W)<\/td>\n<td style=\"background: #d6eeff;\">350<\/td>\n<td>350<\/td>\n<\/tr>\n<tr>\n<td align=\"left\">R.P.M.<\/td>\n<td style=\"background: #d6eeff;\">6000<\/td>\n<td>6000<\/td>\n<\/tr>\n<tr>\n<td align=\"left\">Peso (Kg)<\/td>\n<td style=\"background: #d6eeff;\">3,6<\/td>\n<td>3,6<\/td>\n<\/tr>\n<tr>\n<td align=\"left\">Clips para papel<\/td>\n<td style=\"background: #d6eeff;\">\u2022<\/td>\n<td><\/td>\n<\/tr>\n<tr>\n<td align=\"left\">Base de velcro<\/td>\n<td style=\"background: #d6eeff;\"><\/td>\n<td>\u2022<\/td>\n<\/tr>\n<tr>\n<td align=\"left\">Autoaspiraci\u00f3n de polvo<\/td>\n<td style=\"background: #d6eeff;\">\u2022<\/td>\n<td>\u2022<\/td>\n<\/tr>\n<tr>\n<td align=\"left\">Base suministrada<\/td>\n<td style=\"background: #d6eeff;\">983.002<\/td>\n<td>62.55MH<\/td>\n<\/tr>\n<\/tbody>\n<\/table>\n","thumb":false,"gallery":[{"ID":1001394785,"id":1001394785,"title":"ssca_orbital_sander_self_vacuum","filename":"ssca_orbital_sander_self_vacuum.jpg","filesize":45312,"url":"https:\/\/www.rupes.com\/wp-content\/uploads\/2019\/03\/ssca_orbital_sander_self_vacuum.jpg","link":"https:\/\/www.rupes.com\/es\/product\/orbital-sander-115-x-225-orbit-5mm-with-self-vacuum\/ssca_orbital_sander_self_vacuum-2\/","alt":"","author":"1","description":"","caption":"","name":"ssca_orbital_sander_self_vacuum-2","status":"inherit","uploaded_to":1001384944,"date":"2020-11-06 15:44:14","modified":"2020-11-06 15:44:28","menu_order":0,"mime_type":"image\/jpeg","type":"image","subtype":"jpeg","icon":"https:\/\/www.rupes.com\/wp-includes\/images\/media\/default.png","width":560,"height":560,"sizes":{"thumbnail":"https:\/\/www.rupes.com\/wp-content\/uploads\/2019\/03\/ssca_orbital_sander_self_vacuum-150x150.jpg","thumbnail-width":150,"thumbnail-height":150,"medium":"https:\/\/www.rupes.com\/wp-content\/uploads\/2019\/03\/ssca_orbital_sander_self_vacuum-300x300.jpg","medium-width":300,"medium-height":300,"medium_large":"https:\/\/www.rupes.com\/wp-content\/uploads\/2019\/03\/ssca_orbital_sander_self_vacuum.jpg","medium_large-width":560,"medium_large-height":560,"large":"https:\/\/www.rupes.com\/wp-content\/uploads\/2019\/03\/ssca_orbital_sander_self_vacuum.jpg","large-width":560,"large-height":560,"1536x1536":"https:\/\/www.rupes.com\/wp-content\/uploads\/2019\/03\/ssca_orbital_sander_self_vacuum.jpg","1536x1536-width":560,"1536x1536-height":560,"2048x2048":"https:\/\/www.rupes.com\/wp-content\/uploads\/2019\/03\/ssca_orbital_sander_self_vacuum.jpg","2048x2048-width":560,"2048x2048-height":560,"thumb_news":"https:\/\/www.rupes.com\/wp-content\/uploads\/2019\/03\/ssca_orbital_sander_self_vacuum-350x200.jpg","thumb_news-width":350,"thumb_news-height":200,"boxhome_small":"https:\/\/www.rupes.com\/wp-content\/uploads\/2019\/03\/ssca_orbital_sander_self_vacuum-200x100.jpg","boxhome_small-width":200,"boxhome_small-height":100,"boxhome_medium":"https:\/\/www.rupes.com\/wp-content\/uploads\/2019\/03\/ssca_orbital_sander_self_vacuum-300x150.jpg","boxhome_medium-width":300,"boxhome_medium-height":150,"boxhome_large":"https:\/\/www.rupes.com\/wp-content\/uploads\/2019\/03\/ssca_orbital_sander_self_vacuum-450x200.jpg","boxhome_large-width":450,"boxhome_large-height":200,"boxproducts_large":"https:\/\/www.rupes.com\/wp-content\/uploads\/2019\/03\/ssca_orbital_sander_self_vacuum.jpg","boxproducts_large-width":560,"boxproducts_large-height":560,"boxproducts_midlarge":"https:\/\/www.rupes.com\/wp-content\/uploads\/2019\/03\/ssca_orbital_sander_self_vacuum.jpg","boxproducts_midlarge-width":560,"boxproducts_midlarge-height":560,"boxproducts_medium":"https:\/\/www.rupes.com\/wp-content\/uploads\/2019\/03\/ssca_orbital_sander_self_vacuum-560x450.jpg","boxproducts_medium-width":560,"boxproducts_medium-height":450,"boxproducts_small":"https:\/\/www.rupes.com\/wp-content\/uploads\/2019\/03\/ssca_orbital_sander_self_vacuum-560x305.jpg","boxproducts_small-width":560,"boxproducts_small-height":305,"boxproducts_mobile":"https:\/\/www.rupes.com\/wp-content\/uploads\/2019\/03\/ssca_orbital_sander_self_vacuum-400x175.jpg","boxproducts_mobile-width":400,"boxproducts_mobile-height":175,"product_thumb":"https:\/\/www.rupes.com\/wp-content\/uploads\/2019\/03\/ssca_orbital_sander_self_vacuum-200x200.jpg","product_thumb-width":200,"product_thumb-height":200,"product_home":"https:\/\/www.rupes.com\/wp-content\/uploads\/2019\/03\/ssca_orbital_sander_self_vacuum.jpg","product_home-width":560,"product_home-height":560,"gallery_first":"https:\/\/www.rupes.com\/wp-content\/uploads\/2019\/03\/ssca_orbital_sander_self_vacuum-500x500.jpg","gallery_first-width":500,"gallery_first-height":500,"gallery_thumb":"https:\/\/www.rupes.com\/wp-content\/uploads\/2019\/03\/ssca_orbital_sander_self_vacuum-80x80.jpg","gallery_thumb-width":80,"gallery_thumb-height":80,"category_image":"https:\/\/www.rupes.com\/wp-content\/uploads\/2019\/03\/ssca_orbital_sander_self_vacuum-200x200.jpg","category_image-width":200,"category_image-height":200,"category_thumb":"https:\/\/www.rupes.com\/wp-content\/uploads\/2019\/03\/ssca_orbital_sander_self_vacuum-100x100.jpg","category_thumb-width":100,"category_thumb-height":100}}],"videos":false,"files":false,"product_b2b_code":"SSCA#220\/H5\/DE\/STD","blocco_dimensione":false,"varianti":false,"kit_vendita":false,"blocchi_prodotti_correlati":[{"iconablocco":"fas fa-retweet","seleziona_i_prodotti":[1001401948],"label":"alternatives","titolo_correlato_en":"","titolo_correlato_it":"","titolo_correlato_de":"","titolo_correlato_fr":"","titolo_correlato_es":""}],"seleziona_tag_notizie":false,"seleziona_le_recensioni":"","product_b2b_pdf":"https:\/\/b2b.rupes.com\/cdn\/b2b.rupes.com\/areaftp\/esplosipdf\/SSCARIC000.pdf","google_review_link":"","attiva_collegamento":false,"attiva_voice_speech":false,"code_usermanuals":"9.2490","code_usermanuals_usa":""},"_links":{"self":[{"href":"https:\/\/www.rupes.com\/es\/wp-json\/wp\/v2\/products\/1001384944","targetHints":{"allow":["GET"]}}],"collection":[{"href":"https:\/\/www.rupes.com\/es\/wp-json\/wp\/v2\/products"}],"about":[{"href":"https:\/\/www.rupes.com\/es\/wp-json\/wp\/v2\/types\/product"}],"wp:attachment":[{"href":"https:\/\/www.rupes.com\/es\/wp-json\/wp\/v2\/media?parent=1001384944"}],"wp:term":[{"taxonomy":"category_product","embeddable":true,"href":"https:\/\/www.rupes.com\/es\/wp-json\/wp\/v2\/categoryproduct?post=1001384944"}],"curies":[{"name":"wp","href":"https:\/\/api.w.org\/{rel}","templated":true}]}}