{"id":1001384888,"date":"2019-03-08T02:19:48","date_gmt":"2019-03-08T02:19:48","guid":{"rendered":""},"modified":"2024-09-25T09:46:45","modified_gmt":"2024-09-25T07:46:45","slug":"pneumatic-orbit-palm-sander-80x130-velcro-pad-and-3mm-orbit-re21acm","status":"publish","type":"product","link":"https:\/\/www.rupes.com\/es\/product\/pneumatic-orbit-palm-sander-80x130-velcro-pad-and-3mm-orbit-re21acm\/","title":{"rendered":"Pneumatic orbit palm sander 80X130mm velcro pad and 3mm orbit &#8211; RE21ACM"},"content":{"rendered":"<p>Pneumatic orbit palm sander 80X130mm, top quality palm sanders<br \/>\nDesigned for connection to extraction systems<br \/>\nDesigned for high abrasive power and for an optimal level of finish<br \/>\nSupport and base in light alloy to ensure strength and absence of vibration<br \/>\nAvailable with both velcro pad and hooks<br \/>\nSpeed regulation valve<br \/>\nDesigned for connection to dust extraction systems<br \/>\nParticularly compact and handle body<\/p>\n<p><img fetchpriority=\"high\" decoding=\"async\" class=\"aligncenter size-medium wp-image-1001395143\" src=\"https:\/\/www.rupes.com\/wp-content\/uploads\/2019\/03\/RE21ACM_Pneumatic-orbit-palm-sander-80X130-velcro-pad-and-3mm-orbit-300x200.jpg\" alt=\"RE21ACM - Pneumatic orbit palm sander 80X130 velcro pad and 3mm orbit\" width=\"300\" height=\"200\" srcset=\"https:\/\/www.rupes.com\/wp-content\/uploads\/2019\/03\/RE21ACM_Pneumatic-orbit-palm-sander-80X130-velcro-pad-and-3mm-orbit-300x200.jpg 300w, https:\/\/www.rupes.com\/wp-content\/uploads\/2019\/03\/RE21ACM_Pneumatic-orbit-palm-sander-80X130-velcro-pad-and-3mm-orbit-1024x683.jpg 1024w, https:\/\/www.rupes.com\/wp-content\/uploads\/2019\/03\/RE21ACM_Pneumatic-orbit-palm-sander-80X130-velcro-pad-and-3mm-orbit-768x512.jpg 768w, https:\/\/www.rupes.com\/wp-content\/uploads\/2019\/03\/RE21ACM_Pneumatic-orbit-palm-sander-80X130-velcro-pad-and-3mm-orbit-750x500.jpg 750w, https:\/\/www.rupes.com\/wp-content\/uploads\/2019\/03\/RE21ACM_Pneumatic-orbit-palm-sander-80X130-velcro-pad-and-3mm-orbit-105x70.jpg 105w, https:\/\/www.rupes.com\/wp-content\/uploads\/2019\/03\/RE21ACM_Pneumatic-orbit-palm-sander-80X130-velcro-pad-and-3mm-orbit-200x133.jpg 200w, https:\/\/www.rupes.com\/wp-content\/uploads\/2019\/03\/RE21ACM_Pneumatic-orbit-palm-sander-80X130-velcro-pad-and-3mm-orbit-100x67.jpg 100w, https:\/\/www.rupes.com\/wp-content\/uploads\/2019\/03\/RE21ACM_Pneumatic-orbit-palm-sander-80X130-velcro-pad-and-3mm-orbit.jpg 1200w\" sizes=\"(max-width: 300px) 100vw, 300px\" \/><\/p>\n<p><b>Pneumatic orbit palm sander 80X130mm applications<\/b><\/p>\n<ul>\n<li>Universal application for sanding wood, plastics, metals and painted surfaces<\/li>\n<li>Sanding and finishing wooden articles such as shutters, furnishings, fixtures<\/li>\n<li>Ideal for sanding inaccessible areas<\/li>\n<\/ul>\n","protected":false},"featured_media":0,"template":"","meta":{"_acf_changed":false},"categoryproduct":[888965181,888965184],"class_list":["post-1001384888","product","type-product","status-publish","hentry","category_product-pneumatic-tools","category_product-pneumatic-tools-sanders"],"acf":{"product_codice":"RE21ACM","scheda_nuova":true,"contact_form":true,"attiva_flag_new_product":false,"product_home":"0","attiva_special_message":"disattivo","product_titolo_it":"LEVIGATRICE ORBITALE PALMARE PNEUMATICA RE21ACM 80 X 130 VELCRO ORB. 3mm ","product_titolo_de":"PNEUMATISCHER EINHAND-EXZENTERSCHLEIFER RA21ACM 80X130 KLETT HUB 3mm","product_titolo_fr":"PONCEUSE ORBITALE A MAIN RE21ACM 80X130 VELCRO CLIPS  ORB 3mm ","product_titolo_es":"LIJADORA ORBITAL  DE PALMA NEUMATICA RE21ACM 80X130 VELCRO ORB 3mm RE21ACM","product_descrizione_en":"","product_descrizione_it":"<p>Levigatrice orbitale pneumatica 80X130mm, levigatrici palmari di alta qualit\u00e0<br \/>\nProgettato per il collegamento a sistemi di aspirazione<br \/>\nProgettato per un elevato potere abrasivo e per un livello di finitura ottimale<br \/>\nSupporto e base in lega leggera per garantire robustezza e assenza di vibrazioni<br \/>\nDisponibile con imbottitura in velcro e ganci<br \/>\nValvola di regolazione della velocit\u00e0<br \/>\nProgettato per il collegamento a sistemi di aspirazione della polvere<br \/>\nCorpo particolarmente compatto e manico<\/p>\n<p><b> Levigatrice orbitale pneumatica palmare applicazioni 80X130mm <\/b><\/p>\n<ul>\n<li>Applicazione universale per levigare legno, plastica, metalli e superfici verniciate<\/li>\n<li>Levigatura e finitura di articoli in legno come persiane, arredi, infissi<\/li>\n<li>Ideale per levigare aree inaccessibili<\/li>\n<\/ul>\n","product_descrizione_de":"<p>Pneumatischer Orbit-Palmenschleifer 80X130mm, hochwertige Palmenschleifer<br \/>\nEntwickelt f\u00fcr den Anschluss an Absaugsysteme<br \/>\nEntwickelt f\u00fcr hohe Schleifkraft und ein optimales Finish<br \/>\nUnterst\u00fctzung und Unterlage aus Leichtmetall, um Festigkeit und Vibrationsfreiheit zu gew\u00e4hrleisten<br \/>\nErh\u00e4ltlich mit Klettverschluss und Haken<br \/>\nDrehzahlregelventil<br \/>\nEntwickelt f\u00fcr den Anschluss an Staubabsaugsysteme<br \/>\nBesonders kompakter und griffiger K\u00f6rper<\/p>\n<p><b> Anwendungen mit pneumatischem Orbit-Palmenschleifer 80 x 130 mm &lt;\/ b&gt;<\/b><\/p>\n<ul>\n<li>Universelle Anwendung zum Schleifen von Holz, Kunststoffen, Metallen und lackierten Oberfl\u00e4chen &lt;\/ li&gt;<\/li>\n<li>Schleifen und Veredeln von Holzartikeln wie Fensterl\u00e4den, Einrichtungsgegenst\u00e4nden, Armaturen &lt;\/ li&gt;<\/li>\n<li>Ideal zum Schleifen unzug\u00e4nglicher Bereiche &lt;\/ li&gt;<br \/>\n&lt;\/ ul&gt;<\/li>\n<\/ul>\n","product_descrizione_fr":"<p>Ponceuse pneumatique orbite 80X130mm, ponceuses palme de qualit\u00e9 sup\u00e9rieure<br \/>\nCon\u00e7u pour la connexion aux syst\u00e8mes d&#8217;extraction<br \/>\nCon\u00e7u pour un pouvoir abrasif \u00e9lev\u00e9 et pour un niveau de finition optimal<br \/>\nSupport et base en alliage l\u00e9ger pour assurer la r\u00e9sistance et l&#8217;absence de vibrations<br \/>\nDisponible avec patin velcro et crochets<br \/>\nVanne de r\u00e9gulation de vitesse<br \/>\nCon\u00e7u pour la connexion aux syst\u00e8mes d&#8217;extraction de poussi\u00e8re<br \/>\nCorps particuli\u00e8rement compact et poign\u00e9e<\/p>\n<p><b> Applications de la ponceuse pneumatique orbite 80X130mm <\/b><\/p>\n<ul>\n<li>Application universelle pour le pon\u00e7age du bois, des plastiques, des m\u00e9taux et des surfaces peintes<\/li>\n<li>Pon\u00e7age et finition d&#8217;articles en bois tels que volets, meubles, accessoires<\/li>\n<li>Id\u00e9al pour le pon\u00e7age des zones inaccessibles<\/li>\n<\/ul>\n","product_descrizione_es":"<p>Lijadora de palma neum\u00e1tica orbital 80X130mm, lijadoras de palma de primera calidad<br \/>\nDise\u00f1ado para conexi\u00f3n a sistemas de extracci\u00f3n<br \/>\nDise\u00f1ado para un alto poder abrasivo y para un nivel \u00f3ptimo de acabado<br \/>\nSoporte y base en aleaci\u00f3n ligera para asegurar resistencia y ausencia de vibraciones.<br \/>\nDisponible con almohadilla de velcro y ganchos<br \/>\nV\u00e1lvula reguladora de velocidad<br \/>\nDise\u00f1ado para conexi\u00f3n a sistemas de extracci\u00f3n de polvo<br \/>\nCuerpo especialmente compacto y con asa<\/p>\n<p><b> Aplicaciones de la lijadora de palma orbital neum\u00e1tica de 80X130 mm <\/b><\/p>\n<ul>\n<li>Aplicaci\u00f3n universal para lijar madera, pl\u00e1sticos, metales y superficies pintadas<\/li>\n<li>Lijado y acabado de art\u00edculos de madera como contraventanas, muebles, accesorios<\/li>\n<li>Ideal para lijar \u00e1reas inaccesibles<\/li>\n<\/ul>\n","product_scheda_en":"<table border=\"1\" cellspacing=\"1\" cellpadding=\"1\">\n<tbody>\n<tr>\n<td>Size rectangular pad (mm)<\/td>\n<td>80&#215;130<\/td>\n<\/tr>\n<tr>\n<td>Velcro plate<\/td>\n<td>\u2022<\/td>\n<\/tr>\n<tr>\n<td>Abrasive paper clips<\/td>\n<td>\u2022<\/td>\n<\/tr>\n<tr>\n<td>Speed control<\/td>\n<td>\u2022<\/td>\n<\/tr>\n<tr>\n<td>Max consumption air (l\/min)<\/td>\n<td>360<\/td>\n<\/tr>\n<tr>\n<td>Weight (kg)<\/td>\n<td>0,870<\/td>\n<\/tr>\n<tr>\n<td>R.P.M.<\/td>\n<td>0 &#8211; 11000<\/td>\n<\/tr>\n<tr>\n<td>Working pressure (bar)<\/td>\n<td>6<\/td>\n<\/tr>\n<tr>\n<td>\u00d8 orbit (mm)<\/td>\n<td>3<\/td>\n<\/tr>\n<\/tbody>\n<\/table>\n","product_scheda_it":"<table border=\"1\" cellspacing=\"1\" cellpadding=\"1\">\n<tbody>\n<tr>\n<td>Dimensioni Piastra (mm)<\/td>\n<td>80&#215;130<\/td>\n<\/tr>\n<tr>\n<td>Piastra Velcro<\/td>\n<td>\u2022<\/td>\n<\/tr>\n<tr>\n<td>Clip fermacarta<\/td>\n<td>\u2022<\/td>\n<\/tr>\n<tr>\n<td>Regolazione di velocit\u00e0<\/td>\n<td>\u2022<\/td>\n<\/tr>\n<tr>\n<td>Consumo d&#8217;aria max (l\/min)<\/td>\n<td>360<\/td>\n<\/tr>\n<tr>\n<td>Peso (kg)<\/td>\n<td>0,870<\/td>\n<\/tr>\n<tr>\n<td>R.P.M.<\/td>\n<td>0 &#8211; 11000<\/td>\n<\/tr>\n<tr>\n<td>Pressione d&#8217;esercizio (bar)<\/td>\n<td>6<\/td>\n<\/tr>\n<tr>\n<td>\u00d8 Orbita (mm)<\/td>\n<td>3<\/td>\n<\/tr>\n<\/tbody>\n<\/table>\n","product_scheda_de":"<table border=\"1\" cellspacing=\"1\" cellpadding=\"1\">\n<tbody>\n<tr>\n<td>Gr\u00f6\u00dfe Schleifplatte (mm)<\/td>\n<td>80&#215;130<\/td>\n<\/tr>\n<tr>\n<td>Klettplatte<\/td>\n<td>\u2022<\/td>\n<\/tr>\n<tr>\n<td>Schleifpapierhalter<\/td>\n<td>\u2022<\/td>\n<\/tr>\n<tr>\n<td>Regulierung der Geschwindigkeit<\/td>\n<td>\u2022<\/td>\n<\/tr>\n<tr>\n<td>Luftverbrauch (l\/min)<\/td>\n<td>360<\/td>\n<\/tr>\n<tr>\n<td>Gewicht (kg)<\/td>\n<td>0,870<\/td>\n<\/tr>\n<tr>\n<td>R.P.M.<\/td>\n<td>0 &#8211; 11000<\/td>\n<\/tr>\n<tr>\n<td>Betriebsdruck (bar)<\/td>\n<td>6<\/td>\n<\/tr>\n<tr>\n<td>\u00d8 Schleifhub (mm)<\/td>\n<td>3<\/td>\n<\/tr>\n<\/tbody>\n<\/table>\n","product_scheda_fr":"<table border=\"1\" cellspacing=\"1\" cellpadding=\"1\">\n<tbody>\n<tr>\n<td>Dimensions plateau rectangulaire (mm)<\/td>\n<td>80&#215;130<\/td>\n<\/tr>\n<tr>\n<td>Plateau velcro<\/td>\n<td>\u2022<\/td>\n<\/tr>\n<tr>\n<td>Pinces d\u2019immobilisation papier<\/td>\n<td>\u2022<\/td>\n<\/tr>\n<tr>\n<td>R\u00e9glage de la vitesse<\/td>\n<td>\u2022<\/td>\n<\/tr>\n<tr>\n<td>Consommation max d\u2019air (l\/min)<\/td>\n<td>360<\/td>\n<\/tr>\n<tr>\n<td>Poids (kg)<\/td>\n<td>0,870<\/td>\n<\/tr>\n<tr>\n<td>R.P.M.<\/td>\n<td>0 &#8211; 11000<\/td>\n<\/tr>\n<tr>\n<td>Pression de service (bar)<\/td>\n<td>6<\/td>\n<\/tr>\n<tr>\n<td>\u00d8 orbite (mm)<\/td>\n<td>3<\/td>\n<\/tr>\n<\/tbody>\n<\/table>\n","product_scheda_es":"<table border=\"1\" cellspacing=\"1\" cellpadding=\"1\">\n<tbody>\n<tr>\n<td>Tama\u00f1o plancha rectangular (mm)<\/td>\n<td>80&#215;130<\/td>\n<\/tr>\n<tr>\n<td>Placa velcro<\/td>\n<td>\u2022<\/td>\n<\/tr>\n<tr>\n<td>Pinzas para lija<\/td>\n<td>\u2022<\/td>\n<\/tr>\n<tr>\n<td>Regulaci\u00f3n de la velocidad<\/td>\n<td>\u2022<\/td>\n<\/tr>\n<tr>\n<td>Consumo max de aire (l\/min)<\/td>\n<td>360<\/td>\n<\/tr>\n<tr>\n<td>Peso (kg)<\/td>\n<td>0,870<\/td>\n<\/tr>\n<tr>\n<td>R.P.M.<\/td>\n<td>0 &#8211; 11000<\/td>\n<\/tr>\n<tr>\n<td>Presi\u00f3n de trabajo (bar)<\/td>\n<td>6<\/td>\n<\/tr>\n<tr>\n<td>\u00d8 \u00f3rbita (mm)<\/td>\n<td>3<\/td>\n<\/tr>\n<\/tbody>\n<\/table>\n","thumb":false,"gallery":[{"ID":1001395147,"id":1001395147,"title":"RE21ACM_Pneumatic-orbit-palm-sander-80X130-velcro-pad-and-3mm-orbit","filename":"RE21ACM_Pneumatic-orbit-palm-sander-80X130-velcro-pad-and-3mm-orbit.jpg","filesize":55209,"url":"https:\/\/www.rupes.com\/wp-content\/uploads\/2019\/03\/RE21ACM_Pneumatic-orbit-palm-sander-80X130-velcro-pad-and-3mm-orbit.jpg","link":"https:\/\/www.rupes.com\/es\/product\/pneumatic-orbit-palm-sander-80x130-velcro-pad-and-3mm-orbit-re21acm\/re21acm_pneumatic-orbit-palm-sander-80x130-velcro-pad-and-3mm-orbit-2\/","alt":"RE21ACM - Pneumatic orbit palm sander 80X130 velcro pad and 3mm orbit","author":"1","description":"RE21ACM - Pneumatic orbit palm sander 80X130 velcro pad and 3mm orbit","caption":"","name":"re21acm_pneumatic-orbit-palm-sander-80x130-velcro-pad-and-3mm-orbit-2","status":"inherit","uploaded_to":1001384888,"date":"2020-11-13 10:19:58","modified":"2020-11-13 10:20:34","menu_order":0,"mime_type":"image\/jpeg","type":"image","subtype":"jpeg","icon":"https:\/\/www.rupes.com\/wp-includes\/images\/media\/default.png","width":1200,"height":800,"sizes":{"thumbnail":"https:\/\/www.rupes.com\/wp-content\/uploads\/2019\/03\/RE21ACM_Pneumatic-orbit-palm-sander-80X130-velcro-pad-and-3mm-orbit-150x150.jpg","thumbnail-width":150,"thumbnail-height":150,"medium":"https:\/\/www.rupes.com\/wp-content\/uploads\/2019\/03\/RE21ACM_Pneumatic-orbit-palm-sander-80X130-velcro-pad-and-3mm-orbit-300x200.jpg","medium-width":300,"medium-height":200,"medium_large":"https:\/\/www.rupes.com\/wp-content\/uploads\/2019\/03\/RE21ACM_Pneumatic-orbit-palm-sander-80X130-velcro-pad-and-3mm-orbit-768x512.jpg","medium_large-width":768,"medium_large-height":512,"large":"https:\/\/www.rupes.com\/wp-content\/uploads\/2019\/03\/RE21ACM_Pneumatic-orbit-palm-sander-80X130-velcro-pad-and-3mm-orbit-1024x683.jpg","large-width":1024,"large-height":683,"1536x1536":"https:\/\/www.rupes.com\/wp-content\/uploads\/2019\/03\/RE21ACM_Pneumatic-orbit-palm-sander-80X130-velcro-pad-and-3mm-orbit.jpg","1536x1536-width":1200,"1536x1536-height":800,"2048x2048":"https:\/\/www.rupes.com\/wp-content\/uploads\/2019\/03\/RE21ACM_Pneumatic-orbit-palm-sander-80X130-velcro-pad-and-3mm-orbit.jpg","2048x2048-width":1200,"2048x2048-height":800,"thumb_news":"https:\/\/www.rupes.com\/wp-content\/uploads\/2019\/03\/RE21ACM_Pneumatic-orbit-palm-sander-80X130-velcro-pad-and-3mm-orbit-350x200.jpg","thumb_news-width":350,"thumb_news-height":200,"boxhome_small":"https:\/\/www.rupes.com\/wp-content\/uploads\/2019\/03\/RE21ACM_Pneumatic-orbit-palm-sander-80X130-velcro-pad-and-3mm-orbit-200x100.jpg","boxhome_small-width":200,"boxhome_small-height":100,"boxhome_medium":"https:\/\/www.rupes.com\/wp-content\/uploads\/2019\/03\/RE21ACM_Pneumatic-orbit-palm-sander-80X130-velcro-pad-and-3mm-orbit-300x150.jpg","boxhome_medium-width":300,"boxhome_medium-height":150,"boxhome_large":"https:\/\/www.rupes.com\/wp-content\/uploads\/2019\/03\/RE21ACM_Pneumatic-orbit-palm-sander-80X130-velcro-pad-and-3mm-orbit-450x200.jpg","boxhome_large-width":450,"boxhome_large-height":200,"boxproducts_large":"https:\/\/www.rupes.com\/wp-content\/uploads\/2019\/03\/RE21ACM_Pneumatic-orbit-palm-sander-80X130-velcro-pad-and-3mm-orbit-1200x700.jpg","boxproducts_large-width":1200,"boxproducts_large-height":700,"boxproducts_midlarge":"https:\/\/www.rupes.com\/wp-content\/uploads\/2019\/03\/RE21ACM_Pneumatic-orbit-palm-sander-80X130-velcro-pad-and-3mm-orbit-1200x560.jpg","boxproducts_midlarge-width":1200,"boxproducts_midlarge-height":560,"boxproducts_medium":"https:\/\/www.rupes.com\/wp-content\/uploads\/2019\/03\/RE21ACM_Pneumatic-orbit-palm-sander-80X130-velcro-pad-and-3mm-orbit-1024x450.jpg","boxproducts_medium-width":1024,"boxproducts_medium-height":450,"boxproducts_small":"https:\/\/www.rupes.com\/wp-content\/uploads\/2019\/03\/RE21ACM_Pneumatic-orbit-palm-sander-80X130-velcro-pad-and-3mm-orbit-700x305.jpg","boxproducts_small-width":700,"boxproducts_small-height":305,"boxproducts_mobile":"https:\/\/www.rupes.com\/wp-content\/uploads\/2019\/03\/RE21ACM_Pneumatic-orbit-palm-sander-80X130-velcro-pad-and-3mm-orbit-400x175.jpg","boxproducts_mobile-width":400,"boxproducts_mobile-height":175,"product_thumb":"https:\/\/www.rupes.com\/wp-content\/uploads\/2019\/03\/RE21ACM_Pneumatic-orbit-palm-sander-80X130-velcro-pad-and-3mm-orbit-300x200.jpg","product_thumb-width":300,"product_thumb-height":200,"product_home":"https:\/\/www.rupes.com\/wp-content\/uploads\/2019\/03\/RE21ACM_Pneumatic-orbit-palm-sander-80X130-velcro-pad-and-3mm-orbit-1200x700.jpg","product_home-width":1200,"product_home-height":700,"gallery_first":"https:\/\/www.rupes.com\/wp-content\/uploads\/2019\/03\/RE21ACM_Pneumatic-orbit-palm-sander-80X130-velcro-pad-and-3mm-orbit-750x500.jpg","gallery_first-width":750,"gallery_first-height":500,"gallery_thumb":"https:\/\/www.rupes.com\/wp-content\/uploads\/2019\/03\/RE21ACM_Pneumatic-orbit-palm-sander-80X130-velcro-pad-and-3mm-orbit-105x70.jpg","gallery_thumb-width":105,"gallery_thumb-height":70,"category_image":"https:\/\/www.rupes.com\/wp-content\/uploads\/2019\/03\/RE21ACM_Pneumatic-orbit-palm-sander-80X130-velcro-pad-and-3mm-orbit-200x133.jpg","category_image-width":200,"category_image-height":133,"category_thumb":"https:\/\/www.rupes.com\/wp-content\/uploads\/2019\/03\/RE21ACM_Pneumatic-orbit-palm-sander-80X130-velcro-pad-and-3mm-orbit-100x67.jpg","category_thumb-width":100,"category_thumb-height":67}}],"videos":false,"files":[{"label":"diagram","etichetta_en":"","etichetta_it":"","etichetta_de":"","etichetta_fr":"","etichetta_es":"","multilingua":"no","file":{"ID":1001400534,"id":1001400534,"title":"RE21ACM-RS21A","filename":"RE21ACM-RS21A.pdf","filesize":160965,"url":"https:\/\/www.rupes.com\/wp-content\/uploads\/2019\/03\/RE21ACM-RS21A.pdf","link":"https:\/\/www.rupes.com\/es\/product\/pneumatic-orbit-palm-sander-80x130-velcro-pad-and-3mm-orbit-re21acm\/re21acm-rs21a-2\/","alt":"","author":"1","description":"","caption":"","name":"re21acm-rs21a-2","status":"inherit","uploaded_to":1001384888,"date":"2022-04-04 06:18:06","modified":"2022-04-04 06:18:06","menu_order":0,"mime_type":"application\/pdf","type":"application","subtype":"pdf","icon":"https:\/\/www.rupes.com\/wp-includes\/images\/media\/document.png"},"url_file":"","file_or_url":"file","file_it":false,"url_it":"","file_or_url_it":"file","file_de":false,"url_de":"","file_or_url_de":"file","file_fr":false,"url_fr":"","file_or_url_fr":"file","file_es":false,"url_es":"","file_or_url_es":"file"}],"product_b2b_code":"RE21ACM","blocco_dimensione":false,"varianti":false,"kit_vendita":false,"blocchi_prodotti_correlati":false,"seleziona_tag_notizie":false,"seleziona_le_recensioni":"","product_b2b_pdf":"","google_review_link":"","attiva_collegamento":false,"attiva_voice_speech":false,"code_usermanuals":"9.2180","code_usermanuals_usa":""},"_links":{"self":[{"href":"https:\/\/www.rupes.com\/es\/wp-json\/wp\/v2\/products\/1001384888","targetHints":{"allow":["GET"]}}],"collection":[{"href":"https:\/\/www.rupes.com\/es\/wp-json\/wp\/v2\/products"}],"about":[{"href":"https:\/\/www.rupes.com\/es\/wp-json\/wp\/v2\/types\/product"}],"wp:attachment":[{"href":"https:\/\/www.rupes.com\/es\/wp-json\/wp\/v2\/media?parent=1001384888"}],"wp:term":[{"taxonomy":"category_product","embeddable":true,"href":"https:\/\/www.rupes.com\/es\/wp-json\/wp\/v2\/categoryproduct?post=1001384888"}],"curies":[{"name":"wp","href":"https:\/\/api.w.org\/{rel}","templated":true}]}}