{"id":1001384800,"date":"2019-03-08T02:19:11","date_gmt":"2019-03-08T02:19:11","guid":{"rendered":""},"modified":"2024-03-20T18:09:21","modified_gmt":"2024-03-20T17:09:21","slug":"vacuum-tower-hte300-400","status":"publish","type":"product","link":"https:\/\/www.rupes.com\/es\/product\/vacuum-tower-hte300-400\/","title":{"rendered":"Vacuum tower HTE300 400V"},"content":{"rendered":"","protected":false},"featured_media":0,"template":"","meta":{"_acf_changed":false},"categoryproduct":[888965165,888965887],"class_list":["post-1001384800","product","type-product","status-publish","hentry","category_product-dust-extraction-systems","category_product-vacuum-tower"],"acf":{"product_codice":"HTE300","scheda_nuova":true,"contact_form":true,"attiva_flag_new_product":false,"product_home":"0","attiva_special_message":"disattivo","product_titolo_it":"Colonna aspirante HTE300 400V","product_titolo_de":"ABSAUG-TOWER HTE300 400V","product_titolo_fr":"TOUR DE VIDE HTE300 400V","product_titolo_es":"COLUMNA ASPIRANTE HTE300 400V","product_descrizione_en":"<p>Vacuum Tower for extracting micro-dust generated during a sanding process or different industrial processes and for connecting pneumatic and electric tools.<br \/>\nDesign to support 2 users simultaneously,\u00a0<strong>Excellent vacuum performance,<\/strong>\u00a0<strong>High reliability<\/strong> (up to 20.000 hours without maintenance), <strong>High filtering efficiency<\/strong> (99.5% with micro-dust with 0.3 [\u03bcm] dimension),\u00a0<strong>Cyclonic<\/strong> pre-filtration system and filter cartridge protection,\u00a0<strong>Electronic control panel<\/strong> for managing the unit;<\/p>\n<p><strong>Multi-function unit to display<\/strong>:<\/p>\n<ul>\n<li>Total pump working hours;<\/li>\n<li>Total filter working hours;<\/li>\n<li>Useful notices for installation and use.<\/li>\n<\/ul>\n<p>Efficient automatic filter <strong>cleaning system with Rotor Jet System,<\/strong>\u00a0<strong>High safety<\/strong> level thanks to integrated protection devices,\u00a0<strong>High silence<\/strong> thanks to integrated silencer and soundproofing panels,\u00a0<strong>Easy and fast extraction<\/strong> of dust container with automatic and pneumatic lifting system, <strong>High dust container capacity<\/strong>: 26 [L]<\/p>\n<p>Automatic electric sockets for tools,\u00a0Automatic compressed air connections for tools, Service electric plugs,\u00a0Regulated compressed air connection,\u00a0Manual and Automatic remote start-up of the unit,\u00a0Easy and quick installation plug and play, Cabinets for storage tools and flexible vacuum hoses,\u00a0Wall or flush mounting.<\/p>\n","product_descrizione_it":"<p>Colonna aspirante per estrazione di micro-polveri generate durante un processo di levigatura o da diverse lavorazione industriali. Progettata per supportare 2 utenti contemporaneamente.<br \/>\n<strong>Eccellenti prestazioni <\/strong>di aspirazione, <strong>Elevata affidabilit&agrave;<\/strong> (fino a 20.000 ore senza manutenzione), <strong>Elevata efficienza<\/strong> filtrante (99,5% con polveri fino a 0,3 [&mu;m] di diametro).<br \/>\n<strong>Sistema ciclonico<\/strong> di pre-filtrazione e <strong>protezione cartuccia filtrante<\/strong>, Quadro elettronico di controllo e di gestione.<\/p>\n<p>\n<strong>Display multifunzione<\/strong> per visualizzazione:<\/p>\n<ul>\n<li>Ore totali di funzionamento dell&rsquo;unit&agrave; centralizzata;<\/li>\n<li>Ore totali filtro;<\/li>\n<li>Avvisi utili per l&rsquo;installazione ed utilizzo.<\/li>\n<\/ul>\n<p>Pulizia automatica del filtro con il sistema <strong>alta efficienza Rotor Jet System<\/strong>, <strong>Elevata sicurezza<\/strong> grazie a dispositivi di protezione integrati nell&rsquo;unit&agrave;, <strong>Elevata silenziosit&agrave;<\/strong> grazie a sistemi fonoassorbenti integrati, <strong>Facile e veloce<\/strong> estrazione del secchio contenitore polveri, grazie ad un sistema automatico e pneumatico di sollevamento, Contenitore polveri ad <strong>alta capacit&agrave;<\/strong>: 26 [L].&nbsp;<\/p>\n<p>Prese elettriche per utensili elettrici, Prese pneumatiche per utensili pneumatici, Prese di servizio elettriche, Presa pneumatica di servizio regolarizzata.<br \/>\nAvviamento a distanza Manuale e Automatico colonna aspirante, Facile e veloce installazione, Armadietti per collocare e riporre utensili e manichette flessibili di aspirazione, Montaggio a parete o ad incasso;<\/p>\n","product_descrizione_de":"<p>Vakuumturm zum Absaugen von Mikrostaub, der w\u00e4hrend eines Schleifprozesses oder verschiedener industrieller Prozesse entsteht, und zum Verbinden von pneumatischen und elektrischen Werkzeugen.<br \/>\nDesign zur gleichzeitigen Unterst\u00fctzung von 2 Benutzern, <strong> hervorragende Vakuumleistung, <\/ strong> <strong> hohe Zuverl\u00e4ssigkeit <\/ strong> (bis zu 20.000 Stunden ohne Wartung), <strong> hohe Filtereffizienz <\/ strong> (99,5% mit Mikrostaub mit einer Abmessung von 0,3 [\u03bcm]), <strong> Zyklon <\/ strong> Vorfiltersystem und Filterpatronenschutz, <strong> elektronisches Bedienfeld <\/ strong> zur Verwaltung des Ger\u00e4ts;<\/p>\n<p><strong> Multifunktionseinheit zur Anzeige <\/ strong>:<\/p>\n<ul>\n<li> Gesamtarbeitszeit der Pumpe; <\/ li> <\/ ul>\n<li> Gesamtarbeitszeit des Filters; <\/ li> <\/ ul>\n<li> N\u00fctzliche Hinweise zur Installation und Verwendung. <\/ Li><br \/>\n<\/ ul><br \/>\nEffizientes automatisches Filter <strong> Reinigungssystem mit Rotor Jet System, <\/ strong> <strong> Hohe Sicherheit <\/ strong> dank integrierter Schutzvorrichtungen, <strong> Hohe Ger\u00e4uschlosigkeit <\/ strong> dank integriertem Schalld\u00e4mpfer und Schallschutzplatten, <strong> Einfache und schnelle Entnahme <\/ strong> von Staubbeh\u00e4ltern mit automatischem und pneumatischem Hebesystem, <strong> Hohe Staubbeh\u00e4lterkapazit\u00e4t <\/ strong>: 26 [L]<\/p>\n<p>Automatische Steckdosen f\u00fcr Werkzeuge, Automatische Druckluftanschl\u00fcsse f\u00fcr Werkzeuge, Service-Steckdosen, Geregelter Druckluftanschluss, Manuelle und automatische Fernstart des Ger\u00e4ts, Einfache und schnelle Installation Plug-and-Play, Schr\u00e4nke f\u00fcr Aufbewahrungswerkzeuge und flexible Vakuumschl\u00e4uche, Wand- oder Unterputzmontage.<\/p>\n","product_descrizione_fr":"<p>Tour \u00e0 vide pour l&#8217;extraction des micro-poussi\u00e8res g\u00e9n\u00e9r\u00e9es lors d&#8217;un processus de pon\u00e7age ou de diff\u00e9rents processus industriels et pour le raccordement d&#8217;outils pneumatiques et \u00e9lectriques.<br \/>\nCon\u00e7u pour prendre en charge 2 utilisateurs simultan\u00e9ment, <strong> Excellentes performances d&#8217;aspiration, <\/strong> <strong> Haute fiabilit\u00e9 <\/strong> (jusqu&#8217;\u00e0 20 000 heures sans maintenance), <strong> Haute efficacit\u00e9 de filtrage <\/strong> (99,5% avec micro-poussi\u00e8re de 0,3 [\u03bcm] dimension), syst\u00e8me de pr\u00e9filtration <strong> cyclonique <\/strong> et protection de la cartouche filtrante, <strong> panneau de commande \u00e9lectronique <\/strong> pour la gestion de l&#8217;unit\u00e9;<\/p>\n<p><strong> Unit\u00e9 multifonction \u00e0 afficher <\/strong>:<\/p>\n<ul>\n<li> Nombre total d&#8217;heures de fonctionnement de la pompe; <\/li>\n<li> Nombre total d&#8217;heures de travail du filtre; <\/li>\n<li> Avis utiles pour l&#8217;installation et l&#8217;utilisation. <\/li>\n<\/ul>\n<p>Filtre automatique efficace <strong> syst\u00e8me de nettoyage avec Rotor Jet System, <\/strong> <strong> S\u00e9curit\u00e9 \u00e9lev\u00e9e <\/strong> gr\u00e2ce \u00e0 des dispositifs de protection int\u00e9gr\u00e9s, <strong> Silence \u00e9lev\u00e9 <\/strong> gr\u00e2ce au silencieux int\u00e9gr\u00e9 et panneaux d&#8217;insonorisation, <strong> Extraction facile et rapide <\/strong> du bac \u00e0 poussi\u00e8re avec syst\u00e8me de levage automatique et pneumatique, <strong> Capacit\u00e9 du bac \u00e0 poussi\u00e8re \u00e9lev\u00e9e <\/strong>: 26 [L]<\/p>\n<p>Prises \u00e9lectriques automatiques pour outils, Connexions d&#8217;air comprim\u00e9 automatiques pour outils, Prises \u00e9lectriques de service, Connexion d&#8217;air comprim\u00e9 r\u00e9gul\u00e9, D\u00e9marrage manuel et automatique \u00e0 distance de l&#8217;unit\u00e9, Installation simple et rapide plug and play, Armoires pour outils de stockage et tuyaux flexibles de vide, Montage mural ou encastr\u00e9.<\/p>\n","product_descrizione_es":"<p>Torre de vac\u00edo para la extracci\u00f3n de micropolvos generados durante un proceso de lijado o diferentes procesos industriales y para la conexi\u00f3n de herramientas neum\u00e1ticas y el\u00e9ctricas.<br \/>\nDise\u00f1o para soportar 2 usuarios simult\u00e1neamente, <strong> Excelente rendimiento de vac\u00edo <\/strong>, <strong> Alta confiabilidad <\/strong> (hasta 20.000 horas sin mantenimiento), <strong> Alta eficiencia de filtrado <\/strong> (99.5% con micropolvo con dimensi\u00f3n de 0,3 [\u03bcm]), sistema de prefiltraci\u00f3n <strong> cicl\u00f3nica <\/strong> y protecci\u00f3n del cartucho filtrante, <strong> panel de control electr\u00f3nico <\/strong> para la gesti\u00f3n de la unidad;<\/p>\n<p><strong> Unidad multifunci\u00f3n para mostrar <\/strong>:<\/p>\n<ul>\n<li> Total de horas de trabajo de la bomba; <\/li>\n<li> Total de horas de trabajo del filtro; <\/li>\n<li> Avisos \u00fatiles para la instalaci\u00f3n y el uso. <\/li>\n<\/ul>\n<p>Filtro autom\u00e1tico <strong> sistema de limpieza con Rotor Jet System <\/strong>, <strong> Alto nivel de seguridad <\/strong> gracias a los dispositivos de protecci\u00f3n integrados, <strong> Alto silencio <\/strong> gracias al silenciador integrado y paneles de insonorizaci\u00f3n, <strong> Extracci\u00f3n f\u00e1cil y r\u00e1pida <\/strong> del dep\u00f3sito de polvo con sistema de elevaci\u00f3n autom\u00e1tico y neum\u00e1tico, <strong> Gran capacidad del dep\u00f3sito de polvo <\/strong>: 26 [L]<\/p>\n<p>Enchufes el\u00e9ctricos autom\u00e1ticos para herramientas, Conexiones autom\u00e1ticas de aire comprimido para herramientas, Enchufes el\u00e9ctricos de servicio, Conexi\u00f3n de aire comprimido regulado, Arranque remoto manual y autom\u00e1tico de la unidad, Instalaci\u00f3n f\u00e1cil y r\u00e1pida plug and play, Armarios para almacenamiento de herramientas y mangueras de vac\u00edo flexibles Montaje mural o empotrado.<\/p>\n","product_scheda_en":"<table border=\"0\" cellpadding=\"0\" cellspacing=\"0\">\n<tbody>\n<tr>\n<td>Side channel pump<\/td>\n<td>\u2022<\/td>\n<\/tr>\n<tr>\n<td>Electric supply<\/td>\n<td>380V 3ph+N<\/td>\n<\/tr>\n<tr>\n<td>Power (W\/hp)<\/td>\n<td>2200\/3<\/td>\n<\/tr>\n<tr>\n<td>Weight (kg)<\/td>\n<td>163<\/td>\n<\/tr>\n<tr>\n<td>Max power sockets (W)<\/td>\n<td>3600<\/td>\n<\/tr>\n<tr>\n<td>Vacuum max (mmHO)<\/td>\n<td>2900<\/td>\n<\/tr>\n<tr>\n<td>Noise dB(A)<\/td>\n<td>68<\/td>\n<\/tr>\n<tr>\n<td>Tank capacity (l)<\/td>\n<td>26<\/td>\n<\/tr>\n<tr>\n<td>Flow capacity (m3\/h)<\/td>\n<td>360<\/td>\n<\/tr>\n<tr>\n<td>Filter surface (m2)<\/td>\n<td>3<\/td>\n<\/tr>\n<tr>\n<td>Tools<\/td>\n<td>2<\/td>\n<\/tr>\n<tr>\n<td>Working pressure (bar)<\/td>\n<td>6<\/td>\n<\/tr>\n<tr>\n<td>Electric tool sockets<\/td>\n<td>2<\/td>\n<\/tr>\n<tr>\n<td>Airquick couplings for tools<\/td>\n<td>2<\/td>\n<\/tr>\n<tr>\n<td>Electric service sockets<\/td>\n<td>2<\/td>\n<\/tr>\n<tr>\n<td>Service air quick couplings<\/td>\n<td>2<\/td>\n<\/tr>\n<tr>\n<td>Automatic filter cleaning<\/td>\n<td>\u2022<\/td>\n<\/tr>\n<tr>\n<td>Multifunctional display<\/td>\n<td>\u2022<\/td>\n<\/tr>\n<tr>\n<td>ID Vacuum nozzle (mm)<\/td>\n<td>36<\/td>\n<\/tr>\n<tr>\n<td>Size (cm) <small>(HxWxD)<\/small><\/td>\n<td>180x90x47<\/td>\n<\/tr>\n<\/tbody>\n<\/table>\n","product_scheda_it":"<table border=\"0\" cellpadding=\"0\" cellspacing=\"0\">\n<tbody>\n<tr>\n<td>Pompa a canale laterale<\/td>\n<td>\u2022<\/td>\n<\/tr>\n<tr>\n<td>Alimentazione<\/td>\n<td>380V trifase+N<\/td>\n<\/tr>\n<tr>\n<td>Potenza (W\/CV)<\/td>\n<td>2200\/3<\/td>\n<\/tr>\n<tr>\n<td>Peso (kg)<\/td>\n<td>163<\/td>\n<\/tr>\n<tr>\n<td>Potenza max alle prese (W)<\/td>\n<td>3600<\/td>\n<\/tr>\n<tr>\n<td>Depressione max (mmHO)<\/td>\n<td>2900<\/td>\n<\/tr>\n<tr>\n<td>Rumorosit&agrave; dB(A)<\/td>\n<td>68<\/td>\n<\/tr>\n<tr>\n<td>Cap. serbatoio (l)<\/td>\n<td>26<\/td>\n<\/tr>\n<tr>\n<td>Portata d&rsquo;aria (m3\/h)<\/td>\n<td>360<\/td>\n<\/tr>\n<tr>\n<td>Superficie filtrante (m2)<\/td>\n<td>3<\/td>\n<\/tr>\n<tr>\n<td>Utensili collegabili<\/td>\n<td>2<\/td>\n<\/tr>\n<tr>\n<td>Pressione d&#39;esercizio (bar)<\/td>\n<td>6<\/td>\n<\/tr>\n<tr>\n<td>Prese elettriche per utensili<\/td>\n<td>2<\/td>\n<\/tr>\n<tr>\n<td>Attacchi rapidi aria per utensili<\/td>\n<td>2<\/td>\n<\/tr>\n<tr>\n<td>Prese elettriche per utensili<\/td>\n<td>2<\/td>\n<\/tr>\n<tr>\n<td>Attacchi aria regolata<\/td>\n<td>2<\/td>\n<\/tr>\n<tr>\n<td>Pulizia filtro automatica<\/td>\n<td>\u2022<\/td>\n<\/tr>\n<tr>\n<td>Display multifunzione<\/td>\n<td>\u2022<\/td>\n<\/tr>\n<tr>\n<td>&Oslash; interno raccordo aspirazione (mm)<\/td>\n<td>36<\/td>\n<\/tr>\n<tr>\n<td>Dimensioni (cm) <small>(A x L x P)<\/small><\/td>\n<td>180x90x47<\/td>\n<\/tr>\n<\/tbody>\n<\/table>\n","product_scheda_de":"<table border=\"0\" cellpadding=\"0\" cellspacing=\"0\">\n<tbody>\n<tr>\n<td>Seitenkanalpumpe<\/td>\n<td>\u2022<\/td>\n<\/tr>\n<tr>\n<td>Elektrische Versorgung<\/td>\n<td>380V 3PS+N<\/td>\n<\/tr>\n<tr>\n<td>Leistung (W\/PS)<\/td>\n<td>2200\/3<\/td>\n<\/tr>\n<tr>\n<td>Gewicht (kg)<\/td>\n<td>163<\/td>\n<\/tr>\n<tr>\n<td>Maximale Anschlussleistung (W)<\/td>\n<td>3600<\/td>\n<\/tr>\n<tr>\n<td>Vakuum max. (mmHO)<\/td>\n<td>2900<\/td>\n<\/tr>\n<tr>\n<td>Ger&auml;uschpegel dB(A)<\/td>\n<td>68<\/td>\n<\/tr>\n<tr>\n<td>Tankkapazit&auml;t (l)<\/td>\n<td>26<\/td>\n<\/tr>\n<tr>\n<td>Str&ouml;mungskapazit&auml;t (m3\/h)<\/td>\n<td>360<\/td>\n<\/tr>\n<tr>\n<td>Filterfl&auml;che (m2)<\/td>\n<td>3<\/td>\n<\/tr>\n<tr>\n<td>Werkzeuganschl&uuml;sse<\/td>\n<td>2<\/td>\n<\/tr>\n<tr>\n<td>Betriebsdruck (bar)<\/td>\n<td>6<\/td>\n<\/tr>\n<tr>\n<td>Anschluss f&uuml;r Elektrowerkzeuge<\/td>\n<td>2<\/td>\n<\/tr>\n<tr>\n<td>Luft-Schnellkupplung f&uuml;r Werkzeuge<\/td>\n<td>2<\/td>\n<\/tr>\n<tr>\n<td>Steckdosen<\/td>\n<td>2<\/td>\n<\/tr>\n<tr>\n<td>Zuleitung Druckluft<\/td>\n<td>2<\/td>\n<\/tr>\n<tr>\n<td>Automatische Filterreinigung<\/td>\n<td>\u2022<\/td>\n<\/tr>\n<tr>\n<td>Multifunktions-Display<\/td>\n<td>\u2022<\/td>\n<\/tr>\n<tr>\n<td>ID Vakuumd&uuml;se (mm)<\/td>\n<td>36<\/td>\n<\/tr>\n<tr>\n<td>Abmessungen (cm) <small>(HxBxT)<\/small><\/td>\n<td>180x90x47<\/td>\n<\/tr>\n<\/tbody>\n<\/table>\n","product_scheda_fr":"<table border=\"0\" cellpadding=\"0\" cellspacing=\"0\">\n<tbody>\n<tr>\n<td>Pompe canal lat&eacute;ral<\/td>\n<td>\u2022<\/td>\n<\/tr>\n<tr>\n<td>Alimentation &eacute;lectrique<\/td>\n<td>380V 3ph+N<\/td>\n<\/tr>\n<tr>\n<td>Puissance (W\/hp)<\/td>\n<td>2200\/3<\/td>\n<\/tr>\n<tr>\n<td>Poids (kg)<\/td>\n<td>163<\/td>\n<\/tr>\n<tr>\n<td>Prise de courant maxi (W)<\/td>\n<td>3600<\/td>\n<\/tr>\n<tr>\n<td>Vide maxi (mmHO)<\/td>\n<td>2900<\/td>\n<\/tr>\n<tr>\n<td>Bruit dB(A)<\/td>\n<td>68<\/td>\n<\/tr>\n<tr>\n<td>Capacit&eacute; r&eacute;servoir (l)<\/td>\n<td>26<\/td>\n<\/tr>\n<tr>\n<td>D&eacute;bit (m3\/h)<\/td>\n<td>360<\/td>\n<\/tr>\n<tr>\n<td>Surface de filtration (m2)<\/td>\n<td>3<\/td>\n<\/tr>\n<tr>\n<td>Outils<\/td>\n<td>2<\/td>\n<\/tr>\n<tr>\n<td>Pression de travail (bar)<\/td>\n<td>6<\/td>\n<\/tr>\n<tr>\n<td>Prise outill. &eacute;lec.<\/td>\n<td>2<\/td>\n<\/tr>\n<tr>\n<td>Outils racc. rapide air<\/td>\n<td>2<\/td>\n<\/tr>\n<tr>\n<td>Prises outillages &eacute;lectriques<\/td>\n<td>2<\/td>\n<\/tr>\n<tr>\n<td>Raccord. rap. air service<\/td>\n<td>2<\/td>\n<\/tr>\n<tr>\n<td>Nettoyage automatique du filtre<\/td>\n<td>\u2022<\/td>\n<\/tr>\n<tr>\n<td>Affichage multifonctions<\/td>\n<td>\u2022<\/td>\n<\/tr>\n<tr>\n<td>ID buse de vide (mm)<\/td>\n<td>36<\/td>\n<\/tr>\n<tr>\n<td>Dimensions (cm) <small>(Hxlxp)<\/small><\/td>\n<td>180x90x47<\/td>\n<\/tr>\n<\/tbody>\n<\/table>\n","product_scheda_es":"<table border=\"0\" cellpadding=\"0\" cellspacing=\"0\">\n<tbody>\n<tr>\n<td>Bomba de canal lateral<\/td>\n<td>\u2022<\/td>\n<\/tr>\n<tr>\n<td>Alimentaci&oacute;n el&eacute;ctrica<\/td>\n<td>380V 3ph+N<\/td>\n<\/tr>\n<tr>\n<td>Potencia (W\/hp)<\/td>\n<td>2200\/3<\/td>\n<\/tr>\n<tr>\n<td>Peso (kg)<\/td>\n<td>163<\/td>\n<\/tr>\n<tr>\n<td>Potencia m&aacute;x. en las tomas (W)<\/td>\n<td>3600<\/td>\n<\/tr>\n<tr>\n<td>Aspiraci&oacute;n m&aacute;x. (mmHO)<\/td>\n<td>2900<\/td>\n<\/tr>\n<tr>\n<td>Ruido dB(A)<\/td>\n<td>68<\/td>\n<\/tr>\n<tr>\n<td>Capacidad del dep&oacute;sito (l)<\/td>\n<td>26<\/td>\n<\/tr>\n<tr>\n<td>Caudal (m3\/h)<\/td>\n<td>360<\/td>\n<\/tr>\n<tr>\n<td>Superficie filtrante (m2)<\/td>\n<td>3<\/td>\n<\/tr>\n<tr>\n<td>Herramientas<\/td>\n<td>2<\/td>\n<\/tr>\n<tr>\n<td>Presi&oacute;n de funcionamiento (bar)<\/td>\n<td>6<\/td>\n<\/tr>\n<tr>\n<td>Tomas para herramientas el&eacute;ctricas<\/td>\n<td>2<\/td>\n<\/tr>\n<tr>\n<td>Acoplamientos r&aacute;pidos para herramientas neum&aacute;ticas<\/td>\n<td>2<\/td>\n<\/tr>\n<tr>\n<td>Tomas el&eacute;ctricas de servicio<\/td>\n<td>2<\/td>\n<\/tr>\n<tr>\n<td>Acoplamientos r&aacute;pidos para aire de servicio<\/td>\n<td>2<\/td>\n<\/tr>\n<tr>\n<td>Limpieza autom&aacute;tica del filtro<\/td>\n<td>\u2022<\/td>\n<\/tr>\n<tr>\n<td>Display multifunci&oacute;n<\/td>\n<td>\u2022<\/td>\n<\/tr>\n<tr>\n<td>Boquilla de aspiraci&oacute;n ID (mm)<\/td>\n<td>36<\/td>\n<\/tr>\n<tr>\n<td>Medidas (cm) <small>(Alt. x Anch. x Prof.)<\/small><\/td>\n<td>180x90x47<\/td>\n<\/tr>\n<\/tbody>\n<\/table>\n","thumb":false,"gallery":[{"ID":1001394251,"id":1001394251,"title":"HTE300_vacuum_tower","filename":"HTE300_vacuum_tower.jpg","filesize":49122,"url":"https:\/\/www.rupes.com\/wp-content\/uploads\/2019\/03\/HTE300_vacuum_tower.jpg","link":"https:\/\/www.rupes.com\/es\/product\/vacuum-tower-hte300-400\/hte300_vacuum_tower-2\/","alt":"HTE300 vacuum tower","author":"1","description":"HTE300 vacuum tower","caption":"HTE300 vacuum tower","name":"hte300_vacuum_tower-2","status":"inherit","uploaded_to":1001384800,"date":"2020-11-02 09:02:24","modified":"2020-11-02 09:02:53","menu_order":0,"mime_type":"image\/jpeg","type":"image","subtype":"jpeg","icon":"https:\/\/www.rupes.com\/wp-includes\/images\/media\/default.png","width":1200,"height":800,"sizes":{"thumbnail":"https:\/\/www.rupes.com\/wp-content\/uploads\/2019\/03\/HTE300_vacuum_tower-150x150.jpg","thumbnail-width":150,"thumbnail-height":150,"medium":"https:\/\/www.rupes.com\/wp-content\/uploads\/2019\/03\/HTE300_vacuum_tower-300x200.jpg","medium-width":300,"medium-height":200,"medium_large":"https:\/\/www.rupes.com\/wp-content\/uploads\/2019\/03\/HTE300_vacuum_tower-768x512.jpg","medium_large-width":768,"medium_large-height":512,"large":"https:\/\/www.rupes.com\/wp-content\/uploads\/2019\/03\/HTE300_vacuum_tower-1024x683.jpg","large-width":1024,"large-height":683,"1536x1536":"https:\/\/www.rupes.com\/wp-content\/uploads\/2019\/03\/HTE300_vacuum_tower.jpg","1536x1536-width":1200,"1536x1536-height":800,"2048x2048":"https:\/\/www.rupes.com\/wp-content\/uploads\/2019\/03\/HTE300_vacuum_tower.jpg","2048x2048-width":1200,"2048x2048-height":800,"thumb_news":"https:\/\/www.rupes.com\/wp-content\/uploads\/2019\/03\/HTE300_vacuum_tower-350x200.jpg","thumb_news-width":350,"thumb_news-height":200,"boxhome_small":"https:\/\/www.rupes.com\/wp-content\/uploads\/2019\/03\/HTE300_vacuum_tower-200x100.jpg","boxhome_small-width":200,"boxhome_small-height":100,"boxhome_medium":"https:\/\/www.rupes.com\/wp-content\/uploads\/2019\/03\/HTE300_vacuum_tower-300x150.jpg","boxhome_medium-width":300,"boxhome_medium-height":150,"boxhome_large":"https:\/\/www.rupes.com\/wp-content\/uploads\/2019\/03\/HTE300_vacuum_tower-450x200.jpg","boxhome_large-width":450,"boxhome_large-height":200,"boxproducts_large":"https:\/\/www.rupes.com\/wp-content\/uploads\/2019\/03\/HTE300_vacuum_tower-1200x700.jpg","boxproducts_large-width":1200,"boxproducts_large-height":700,"boxproducts_midlarge":"https:\/\/www.rupes.com\/wp-content\/uploads\/2019\/03\/HTE300_vacuum_tower-1200x560.jpg","boxproducts_midlarge-width":1200,"boxproducts_midlarge-height":560,"boxproducts_medium":"https:\/\/www.rupes.com\/wp-content\/uploads\/2019\/03\/HTE300_vacuum_tower-1024x450.jpg","boxproducts_medium-width":1024,"boxproducts_medium-height":450,"boxproducts_small":"https:\/\/www.rupes.com\/wp-content\/uploads\/2019\/03\/HTE300_vacuum_tower-700x305.jpg","boxproducts_small-width":700,"boxproducts_small-height":305,"boxproducts_mobile":"https:\/\/www.rupes.com\/wp-content\/uploads\/2019\/03\/HTE300_vacuum_tower-400x175.jpg","boxproducts_mobile-width":400,"boxproducts_mobile-height":175,"product_thumb":"https:\/\/www.rupes.com\/wp-content\/uploads\/2019\/03\/HTE300_vacuum_tower-300x200.jpg","product_thumb-width":300,"product_thumb-height":200,"product_home":"https:\/\/www.rupes.com\/wp-content\/uploads\/2019\/03\/HTE300_vacuum_tower-1200x700.jpg","product_home-width":1200,"product_home-height":700,"gallery_first":"https:\/\/www.rupes.com\/wp-content\/uploads\/2019\/03\/HTE300_vacuum_tower-750x500.jpg","gallery_first-width":750,"gallery_first-height":500,"gallery_thumb":"https:\/\/www.rupes.com\/wp-content\/uploads\/2019\/03\/HTE300_vacuum_tower-105x70.jpg","gallery_thumb-width":105,"gallery_thumb-height":70,"category_image":"https:\/\/www.rupes.com\/wp-content\/uploads\/2019\/03\/HTE300_vacuum_tower-200x133.jpg","category_image-width":200,"category_image-height":133,"category_thumb":"https:\/\/www.rupes.com\/wp-content\/uploads\/2019\/03\/HTE300_vacuum_tower-100x67.jpg","category_thumb-width":100,"category_thumb-height":67}},{"ID":1001394256,"id":1001394256,"title":"HTE300_vacuum_tower_detail","filename":"HTE300_vacuum_tower_detail.jpg","filesize":68288,"url":"https:\/\/www.rupes.com\/wp-content\/uploads\/2019\/03\/HTE300_vacuum_tower_detail.jpg","link":"https:\/\/www.rupes.com\/es\/product\/vacuum-tower-hte300-400\/hte300_vacuum_tower_detail-2\/","alt":"HTE300 vacuum tower detail","author":"1","description":"HTE300 vacuum tower detail","caption":"HTE300 vacuum tower detail","name":"hte300_vacuum_tower_detail-2","status":"inherit","uploaded_to":1001384800,"date":"2020-11-02 09:02:26","modified":"2020-11-02 09:02:45","menu_order":0,"mime_type":"image\/jpeg","type":"image","subtype":"jpeg","icon":"https:\/\/www.rupes.com\/wp-includes\/images\/media\/default.png","width":1200,"height":800,"sizes":{"thumbnail":"https:\/\/www.rupes.com\/wp-content\/uploads\/2019\/03\/HTE300_vacuum_tower_detail-150x150.jpg","thumbnail-width":150,"thumbnail-height":150,"medium":"https:\/\/www.rupes.com\/wp-content\/uploads\/2019\/03\/HTE300_vacuum_tower_detail-300x200.jpg","medium-width":300,"medium-height":200,"medium_large":"https:\/\/www.rupes.com\/wp-content\/uploads\/2019\/03\/HTE300_vacuum_tower_detail-768x512.jpg","medium_large-width":768,"medium_large-height":512,"large":"https:\/\/www.rupes.com\/wp-content\/uploads\/2019\/03\/HTE300_vacuum_tower_detail-1024x683.jpg","large-width":1024,"large-height":683,"1536x1536":"https:\/\/www.rupes.com\/wp-content\/uploads\/2019\/03\/HTE300_vacuum_tower_detail.jpg","1536x1536-width":1200,"1536x1536-height":800,"2048x2048":"https:\/\/www.rupes.com\/wp-content\/uploads\/2019\/03\/HTE300_vacuum_tower_detail.jpg","2048x2048-width":1200,"2048x2048-height":800,"thumb_news":"https:\/\/www.rupes.com\/wp-content\/uploads\/2019\/03\/HTE300_vacuum_tower_detail-350x200.jpg","thumb_news-width":350,"thumb_news-height":200,"boxhome_small":"https:\/\/www.rupes.com\/wp-content\/uploads\/2019\/03\/HTE300_vacuum_tower_detail-200x100.jpg","boxhome_small-width":200,"boxhome_small-height":100,"boxhome_medium":"https:\/\/www.rupes.com\/wp-content\/uploads\/2019\/03\/HTE300_vacuum_tower_detail-300x150.jpg","boxhome_medium-width":300,"boxhome_medium-height":150,"boxhome_large":"https:\/\/www.rupes.com\/wp-content\/uploads\/2019\/03\/HTE300_vacuum_tower_detail-450x200.jpg","boxhome_large-width":450,"boxhome_large-height":200,"boxproducts_large":"https:\/\/www.rupes.com\/wp-content\/uploads\/2019\/03\/HTE300_vacuum_tower_detail-1200x700.jpg","boxproducts_large-width":1200,"boxproducts_large-height":700,"boxproducts_midlarge":"https:\/\/www.rupes.com\/wp-content\/uploads\/2019\/03\/HTE300_vacuum_tower_detail-1200x560.jpg","boxproducts_midlarge-width":1200,"boxproducts_midlarge-height":560,"boxproducts_medium":"https:\/\/www.rupes.com\/wp-content\/uploads\/2019\/03\/HTE300_vacuum_tower_detail-1024x450.jpg","boxproducts_medium-width":1024,"boxproducts_medium-height":450,"boxproducts_small":"https:\/\/www.rupes.com\/wp-content\/uploads\/2019\/03\/HTE300_vacuum_tower_detail-700x305.jpg","boxproducts_small-width":700,"boxproducts_small-height":305,"boxproducts_mobile":"https:\/\/www.rupes.com\/wp-content\/uploads\/2019\/03\/HTE300_vacuum_tower_detail-400x175.jpg","boxproducts_mobile-width":400,"boxproducts_mobile-height":175,"product_thumb":"https:\/\/www.rupes.com\/wp-content\/uploads\/2019\/03\/HTE300_vacuum_tower_detail-300x200.jpg","product_thumb-width":300,"product_thumb-height":200,"product_home":"https:\/\/www.rupes.com\/wp-content\/uploads\/2019\/03\/HTE300_vacuum_tower_detail-1200x700.jpg","product_home-width":1200,"product_home-height":700,"gallery_first":"https:\/\/www.rupes.com\/wp-content\/uploads\/2019\/03\/HTE300_vacuum_tower_detail-750x500.jpg","gallery_first-width":750,"gallery_first-height":500,"gallery_thumb":"https:\/\/www.rupes.com\/wp-content\/uploads\/2019\/03\/HTE300_vacuum_tower_detail-105x70.jpg","gallery_thumb-width":105,"gallery_thumb-height":70,"category_image":"https:\/\/www.rupes.com\/wp-content\/uploads\/2019\/03\/HTE300_vacuum_tower_detail-200x133.jpg","category_image-width":200,"category_image-height":133,"category_thumb":"https:\/\/www.rupes.com\/wp-content\/uploads\/2019\/03\/HTE300_vacuum_tower_detail-100x67.jpg","category_thumb-width":100,"category_thumb-height":67}}],"videos":false,"files":false,"product_b2b_code":"HTE300","blocco_dimensione":false,"varianti":false,"kit_vendita":false,"blocchi_prodotti_correlati":false,"seleziona_tag_notizie":false,"seleziona_le_recensioni":"","product_b2b_pdf":"","attiva_collegamento":false,"attiva_voice_speech":false,"google_review_link":"","code_usermanuals":"","code_usermanuals_usa":""},"_links":{"self":[{"href":"https:\/\/www.rupes.com\/es\/wp-json\/wp\/v2\/products\/1001384800","targetHints":{"allow":["GET"]}}],"collection":[{"href":"https:\/\/www.rupes.com\/es\/wp-json\/wp\/v2\/products"}],"about":[{"href":"https:\/\/www.rupes.com\/es\/wp-json\/wp\/v2\/types\/product"}],"wp:attachment":[{"href":"https:\/\/www.rupes.com\/es\/wp-json\/wp\/v2\/media?parent=1001384800"}],"wp:term":[{"taxonomy":"category_product","embeddable":true,"href":"https:\/\/www.rupes.com\/es\/wp-json\/wp\/v2\/categoryproduct?post=1001384800"}],"curies":[{"name":"wp","href":"https:\/\/api.w.org\/{rel}","templated":true}]}}