{"id":1001384756,"date":"2019-03-08T02:18:49","date_gmt":"2019-03-08T02:18:49","guid":{"rendered":""},"modified":"2024-03-21T08:55:42","modified_gmt":"2024-03-21T07:55:42","slug":"manual-terminal-dc2","status":"publish","type":"product","link":"https:\/\/www.rupes.com\/es\/product\/manual-terminal-dc2\/","title":{"rendered":"Manual Terminal"},"content":{"rendered":"<p>Simple, economical work terminals for centralized equipment<br \/>\nPermit the connection of extraction hoses and manual opening\/closing of the extraction flow<\/p>\n<p><strong>Applications<\/strong><\/p>\n<ul>\n<li>Suitable for all centralized extraction equipment for which automatic starting of extraction is not required<\/li>\n<\/ul>\n","protected":false},"featured_media":0,"template":"","meta":{"_acf_changed":false},"categoryproduct":[888965165,888965170],"class_list":["post-1001384756","product","type-product","status-publish","hentry","category_product-dust-extraction-systems","category_product-dust-extraction-systems-terminals"],"acf":{"product_codice":"DC2 - DC2W","scheda_nuova":true,"contact_form":true,"attiva_flag_new_product":false,"product_home":"0","attiva_special_message":"disattivo","product_titolo_it":"TERMINALE MANUALE","product_titolo_de":"MANUELLES TERMINAL","product_titolo_fr":"TERMINAL MANUEL","product_titolo_es":"TERMINAL MANUAL","product_descrizione_en":"<p>Simple, economical work terminals for centralized equipment<br \/>\nPermit the connection of extraction hoses and manual opening\/closing of the extraction flow<\/p>\n<p><strong>Applications<\/strong><\/p>\n<ul>\n<li>Suitable for all centralized extraction equipment for which automatic starting of extraction is not required<\/li>\n<\/ul>\n","product_descrizione_it":"<p>Terminale di servizio semplice ed economico per impianti centralizzati<br \/>\nConsente l\u2019allacciamento delle manichette di aspirazione e<br \/>\nl\u2019apertura\/chiusura manuale del flusso di aspirazione<\/p>\n<p><strong>Applicazioni<\/strong><\/p>\n<ul>\n<li>Adatto a tutte le apparecchiature di aspirazione centralizzate per le quali non \u00e8 richiesta avviamento automatico di estrazione<\/li>\n<\/ul>\n","product_descrizione_de":"<p>Einfache und wirtschaftliche Bedienterminals f\u00fcr zentrale Anlagen<br \/>\nMit ihnen k\u00f6nnen der Anschluss der Absaugschl\u00e4uche und das manuelle \u00d6ffnen\/Schlie\u00dfen des Ansaugstroms gesteuert werden<\/p>\n<p><strong>Anwendungen<\/strong><\/p>\n<ul>\n<li>Geeignet f\u00fcr alle zentralen Absauganlagen, bei denen ein automatisches Starten der Absaugung nicht gefordert ist<\/li>\n<\/ul>\n","product_descrizione_fr":"<p>Terminaux de travail simples et \u00e9conomiques pour \u00e9quipements centralis\u00e9s<br \/>\nPermet le raccordement des tuyaux d&#8217;extraction et l&#8217;ouverture \/ fermeture manuelle du flux d&#8217;extraction<\/p>\n<p><strong> Applications <\/strong><\/p>\n<ul>\n<li> Convient \u00e0 tous les \u00e9quipements d&#8217;extraction centralis\u00e9s pour lesquels le d\u00e9marrage automatique de l&#8217;extraction n&#8217;est pas n\u00e9cessaire <\/li>\n<\/ul>\n","product_descrizione_es":"<p>Terminales de trabajo simples y econ\u00f3micos para equipos centralizados<br \/>\nPermitir la conexi\u00f3n de mangueras de extracci\u00f3n y apertura \/ cierre manual del flujo de extracci\u00f3n<\/p>\n<p><strong> Aplicaciones <\/strong><\/p>\n<ul>\n<li> Adecuado para todos los equipos de extracci\u00f3n centralizados para los que no se requiere el inicio autom\u00e1tico de la extracci\u00f3n <\/li>\n<\/ul>\n","product_scheda_en":"<table border=\"0\" cellpadding=\"0\" cellspacing=\"0\">\n<thead>\n<tr>\n<td><\/td>\n<td><b>DC2<\/b><\/td>\n<td><b>DC2W<\/b><\/td>\n<\/tr>\n<\/thead>\n<tbody>\n<tr>\n<td>Air quick coupling tools<\/td>\n<td>&#8211;<\/td>\n<td>\u2022<\/td>\n<\/tr>\n<tr>\n<td>ID Vacuum nozzle (mm)<\/td>\n<td>2&#215;34<\/td>\n<td>2&#215;34<\/td>\n<\/tr>\n<\/tbody>\n<\/table>\n","product_scheda_it":"<table border=\"0\" cellpadding=\"0\" cellspacing=\"0\">\n<thead>\n<tr>\n<td><\/td>\n<td><b>DC2<\/b><\/td>\n<td><b>DC2W<\/b><\/td>\n<\/tr>\n<\/thead>\n<tbody>\n<tr>\n<td>Attacchi aria per utensili<\/td>\n<td>&#8211;<\/td>\n<td>\u2022<\/td>\n<\/tr>\n<tr>\n<td>&Oslash; interno raccordo aspirazione (mm)<\/td>\n<td>2&#215;34<\/td>\n<td>2&#215;34<\/td>\n<\/tr>\n<\/tbody>\n<\/table>\n","product_scheda_de":"<table border=\"0\" cellpadding=\"0\" cellspacing=\"0\">\n<thead>\n<tr>\n<td><\/td>\n<td><b>DC2<\/b><\/td>\n<td><b>DC2W<\/b><\/td>\n<\/tr>\n<\/thead>\n<tbody>\n<tr>\n<td>Luft-Schnellkupplung f&uuml;r Werkzeuge<\/td>\n<td>&#8211;<\/td>\n<td>\u2022<\/td>\n<\/tr>\n<tr>\n<td>ID Vakuumd&uuml;se (mm)<\/td>\n<td>2&#215;34<\/td>\n<td>2&#215;34<\/td>\n<\/tr>\n<\/tbody>\n<\/table>\n","product_scheda_fr":"<table border=\"0\" cellpadding=\"0\" cellspacing=\"0\">\n<thead>\n<tr>\n<td><\/td>\n<td><b>DC2<\/b><\/td>\n<td><b>DC2W<\/b><\/td>\n<\/tr>\n<\/thead>\n<tbody>\n<tr>\n<td>Outils racc. rapide air<\/td>\n<td>&#8211;<\/td>\n<td>\u2022<\/td>\n<\/tr>\n<tr>\n<td>ID&nbsp;buse&nbsp;de&nbsp;vide (mm)<\/td>\n<td>2&#215;34<\/td>\n<td>2&#215;34<\/td>\n<\/tr>\n<\/tbody>\n<\/table>\n","product_scheda_es":"<table border=\"0\" cellpadding=\"0\" cellspacing=\"0\">\n<thead>\n<tr>\n<td><\/td>\n<td><b>DC2<\/b><\/td>\n<td><b>DC2W<\/b><\/td>\n<\/tr>\n<\/thead>\n<tbody>\n<tr>\n<td>Acoplamiento r&aacute;pido para herramientas neum&aacute;ticas<\/td>\n<td>&#8211;<\/td>\n<td>\u2022<\/td>\n<\/tr>\n<tr>\n<td>Boquilla de aspiraci&oacute;n ID (mm)<\/td>\n<td>2&#215;34<\/td>\n<td>2&#215;34<\/td>\n<\/tr>\n<\/tbody>\n<\/table>\n","thumb":false,"gallery":[{"ID":1001395936,"id":1001395936,"title":"DC2","filename":"DC2.jpg","filesize":126383,"url":"https:\/\/www.rupes.com\/wp-content\/uploads\/2019\/03\/DC2.jpg","link":"https:\/\/www.rupes.com\/es\/product\/manual-terminal-dc2\/dc2-2\/","alt":"","author":"1","description":"","caption":"","name":"dc2-2","status":"inherit","uploaded_to":1001384756,"date":"2021-01-07 09:28:18","modified":"2021-01-07 09:28:18","menu_order":0,"mime_type":"image\/jpeg","type":"image","subtype":"jpeg","icon":"https:\/\/www.rupes.com\/wp-includes\/images\/media\/default.png","width":560,"height":560,"sizes":{"thumbnail":"https:\/\/www.rupes.com\/wp-content\/uploads\/2019\/03\/DC2-150x150.jpg","thumbnail-width":150,"thumbnail-height":150,"medium":"https:\/\/www.rupes.com\/wp-content\/uploads\/2019\/03\/DC2-300x300.jpg","medium-width":300,"medium-height":300,"medium_large":"https:\/\/www.rupes.com\/wp-content\/uploads\/2019\/03\/DC2.jpg","medium_large-width":560,"medium_large-height":560,"large":"https:\/\/www.rupes.com\/wp-content\/uploads\/2019\/03\/DC2.jpg","large-width":560,"large-height":560,"1536x1536":"https:\/\/www.rupes.com\/wp-content\/uploads\/2019\/03\/DC2.jpg","1536x1536-width":560,"1536x1536-height":560,"2048x2048":"https:\/\/www.rupes.com\/wp-content\/uploads\/2019\/03\/DC2.jpg","2048x2048-width":560,"2048x2048-height":560,"thumb_news":"https:\/\/www.rupes.com\/wp-content\/uploads\/2019\/03\/DC2-350x200.jpg","thumb_news-width":350,"thumb_news-height":200,"boxhome_small":"https:\/\/www.rupes.com\/wp-content\/uploads\/2019\/03\/DC2-200x100.jpg","boxhome_small-width":200,"boxhome_small-height":100,"boxhome_medium":"https:\/\/www.rupes.com\/wp-content\/uploads\/2019\/03\/DC2-300x150.jpg","boxhome_medium-width":300,"boxhome_medium-height":150,"boxhome_large":"https:\/\/www.rupes.com\/wp-content\/uploads\/2019\/03\/DC2-450x200.jpg","boxhome_large-width":450,"boxhome_large-height":200,"boxproducts_large":"https:\/\/www.rupes.com\/wp-content\/uploads\/2019\/03\/DC2.jpg","boxproducts_large-width":560,"boxproducts_large-height":560,"boxproducts_midlarge":"https:\/\/www.rupes.com\/wp-content\/uploads\/2019\/03\/DC2.jpg","boxproducts_midlarge-width":560,"boxproducts_midlarge-height":560,"boxproducts_medium":"https:\/\/www.rupes.com\/wp-content\/uploads\/2019\/03\/DC2-560x450.jpg","boxproducts_medium-width":560,"boxproducts_medium-height":450,"boxproducts_small":"https:\/\/www.rupes.com\/wp-content\/uploads\/2019\/03\/DC2-560x305.jpg","boxproducts_small-width":560,"boxproducts_small-height":305,"boxproducts_mobile":"https:\/\/www.rupes.com\/wp-content\/uploads\/2019\/03\/DC2-400x175.jpg","boxproducts_mobile-width":400,"boxproducts_mobile-height":175,"product_thumb":"https:\/\/www.rupes.com\/wp-content\/uploads\/2019\/03\/DC2-200x200.jpg","product_thumb-width":200,"product_thumb-height":200,"product_home":"https:\/\/www.rupes.com\/wp-content\/uploads\/2019\/03\/DC2.jpg","product_home-width":560,"product_home-height":560,"gallery_first":"https:\/\/www.rupes.com\/wp-content\/uploads\/2019\/03\/DC2-500x500.jpg","gallery_first-width":500,"gallery_first-height":500,"gallery_thumb":"https:\/\/www.rupes.com\/wp-content\/uploads\/2019\/03\/DC2-80x80.jpg","gallery_thumb-width":80,"gallery_thumb-height":80,"category_image":"https:\/\/www.rupes.com\/wp-content\/uploads\/2019\/03\/DC2-200x200.jpg","category_image-width":200,"category_image-height":200,"category_thumb":"https:\/\/www.rupes.com\/wp-content\/uploads\/2019\/03\/DC2-100x100.jpg","category_thumb-width":100,"category_thumb-height":100}},{"ID":1001395941,"id":1001395941,"title":"DC2W","filename":"DC2W.jpg","filesize":158148,"url":"https:\/\/www.rupes.com\/wp-content\/uploads\/2019\/03\/DC2W.jpg","link":"https:\/\/www.rupes.com\/es\/dc2w-2\/","alt":"","author":"1","description":"","caption":"","name":"dc2w-2","status":"inherit","uploaded_to":0,"date":"2021-01-07 09:31:59","modified":"2024-03-21 07:48:12","menu_order":0,"mime_type":"image\/jpeg","type":"image","subtype":"jpeg","icon":"https:\/\/www.rupes.com\/wp-includes\/images\/media\/default.png","width":560,"height":560,"sizes":{"thumbnail":"https:\/\/www.rupes.com\/wp-content\/uploads\/2019\/03\/DC2W-150x150.jpg","thumbnail-width":150,"thumbnail-height":150,"medium":"https:\/\/www.rupes.com\/wp-content\/uploads\/2019\/03\/DC2W-300x300.jpg","medium-width":300,"medium-height":300,"medium_large":"https:\/\/www.rupes.com\/wp-content\/uploads\/2019\/03\/DC2W.jpg","medium_large-width":560,"medium_large-height":560,"large":"https:\/\/www.rupes.com\/wp-content\/uploads\/2019\/03\/DC2W.jpg","large-width":560,"large-height":560,"1536x1536":"https:\/\/www.rupes.com\/wp-content\/uploads\/2019\/03\/DC2W.jpg","1536x1536-width":560,"1536x1536-height":560,"2048x2048":"https:\/\/www.rupes.com\/wp-content\/uploads\/2019\/03\/DC2W.jpg","2048x2048-width":560,"2048x2048-height":560,"thumb_news":"https:\/\/www.rupes.com\/wp-content\/uploads\/2019\/03\/DC2W-350x200.jpg","thumb_news-width":350,"thumb_news-height":200,"boxhome_small":"https:\/\/www.rupes.com\/wp-content\/uploads\/2019\/03\/DC2W-200x100.jpg","boxhome_small-width":200,"boxhome_small-height":100,"boxhome_medium":"https:\/\/www.rupes.com\/wp-content\/uploads\/2019\/03\/DC2W-300x150.jpg","boxhome_medium-width":300,"boxhome_medium-height":150,"boxhome_large":"https:\/\/www.rupes.com\/wp-content\/uploads\/2019\/03\/DC2W-450x200.jpg","boxhome_large-width":450,"boxhome_large-height":200,"boxproducts_large":"https:\/\/www.rupes.com\/wp-content\/uploads\/2019\/03\/DC2W.jpg","boxproducts_large-width":560,"boxproducts_large-height":560,"boxproducts_midlarge":"https:\/\/www.rupes.com\/wp-content\/uploads\/2019\/03\/DC2W.jpg","boxproducts_midlarge-width":560,"boxproducts_midlarge-height":560,"boxproducts_medium":"https:\/\/www.rupes.com\/wp-content\/uploads\/2019\/03\/DC2W-560x450.jpg","boxproducts_medium-width":560,"boxproducts_medium-height":450,"boxproducts_small":"https:\/\/www.rupes.com\/wp-content\/uploads\/2019\/03\/DC2W-560x305.jpg","boxproducts_small-width":560,"boxproducts_small-height":305,"boxproducts_mobile":"https:\/\/www.rupes.com\/wp-content\/uploads\/2019\/03\/DC2W-400x175.jpg","boxproducts_mobile-width":400,"boxproducts_mobile-height":175,"product_thumb":"https:\/\/www.rupes.com\/wp-content\/uploads\/2019\/03\/DC2W-200x200.jpg","product_thumb-width":200,"product_thumb-height":200,"product_home":"https:\/\/www.rupes.com\/wp-content\/uploads\/2019\/03\/DC2W.jpg","product_home-width":560,"product_home-height":560,"gallery_first":"https:\/\/www.rupes.com\/wp-content\/uploads\/2019\/03\/DC2W-500x500.jpg","gallery_first-width":500,"gallery_first-height":500,"gallery_thumb":"https:\/\/www.rupes.com\/wp-content\/uploads\/2019\/03\/DC2W-80x80.jpg","gallery_thumb-width":80,"gallery_thumb-height":80,"category_image":"https:\/\/www.rupes.com\/wp-content\/uploads\/2019\/03\/DC2W-200x200.jpg","category_image-width":200,"category_image-height":200,"category_thumb":"https:\/\/www.rupes.com\/wp-content\/uploads\/2019\/03\/DC2W-100x100.jpg","category_thumb-width":100,"category_thumb-height":100}}],"videos":false,"files":false,"product_b2b_code":"","product_b2b_pdf":"","blocco_dimensione":false,"varianti":[{"codice":"DC2","immagine":{"ID":1001395936,"id":1001395936,"title":"DC2","filename":"DC2.jpg","filesize":126383,"url":"https:\/\/www.rupes.com\/wp-content\/uploads\/2019\/03\/DC2.jpg","link":"https:\/\/www.rupes.com\/es\/product\/manual-terminal-dc2\/dc2-2\/","alt":"","author":"1","description":"","caption":"","name":"dc2-2","status":"inherit","uploaded_to":1001384756,"date":"2021-01-07 09:28:18","modified":"2021-01-07 09:28:18","menu_order":0,"mime_type":"image\/jpeg","type":"image","subtype":"jpeg","icon":"https:\/\/www.rupes.com\/wp-includes\/images\/media\/default.png","width":560,"height":560,"sizes":{"thumbnail":"https:\/\/www.rupes.com\/wp-content\/uploads\/2019\/03\/DC2-150x150.jpg","thumbnail-width":150,"thumbnail-height":150,"medium":"https:\/\/www.rupes.com\/wp-content\/uploads\/2019\/03\/DC2-300x300.jpg","medium-width":300,"medium-height":300,"medium_large":"https:\/\/www.rupes.com\/wp-content\/uploads\/2019\/03\/DC2.jpg","medium_large-width":560,"medium_large-height":560,"large":"https:\/\/www.rupes.com\/wp-content\/uploads\/2019\/03\/DC2.jpg","large-width":560,"large-height":560,"1536x1536":"https:\/\/www.rupes.com\/wp-content\/uploads\/2019\/03\/DC2.jpg","1536x1536-width":560,"1536x1536-height":560,"2048x2048":"https:\/\/www.rupes.com\/wp-content\/uploads\/2019\/03\/DC2.jpg","2048x2048-width":560,"2048x2048-height":560,"thumb_news":"https:\/\/www.rupes.com\/wp-content\/uploads\/2019\/03\/DC2-350x200.jpg","thumb_news-width":350,"thumb_news-height":200,"boxhome_small":"https:\/\/www.rupes.com\/wp-content\/uploads\/2019\/03\/DC2-200x100.jpg","boxhome_small-width":200,"boxhome_small-height":100,"boxhome_medium":"https:\/\/www.rupes.com\/wp-content\/uploads\/2019\/03\/DC2-300x150.jpg","boxhome_medium-width":300,"boxhome_medium-height":150,"boxhome_large":"https:\/\/www.rupes.com\/wp-content\/uploads\/2019\/03\/DC2-450x200.jpg","boxhome_large-width":450,"boxhome_large-height":200,"boxproducts_large":"https:\/\/www.rupes.com\/wp-content\/uploads\/2019\/03\/DC2.jpg","boxproducts_large-width":560,"boxproducts_large-height":560,"boxproducts_midlarge":"https:\/\/www.rupes.com\/wp-content\/uploads\/2019\/03\/DC2.jpg","boxproducts_midlarge-width":560,"boxproducts_midlarge-height":560,"boxproducts_medium":"https:\/\/www.rupes.com\/wp-content\/uploads\/2019\/03\/DC2-560x450.jpg","boxproducts_medium-width":560,"boxproducts_medium-height":450,"boxproducts_small":"https:\/\/www.rupes.com\/wp-content\/uploads\/2019\/03\/DC2-560x305.jpg","boxproducts_small-width":560,"boxproducts_small-height":305,"boxproducts_mobile":"https:\/\/www.rupes.com\/wp-content\/uploads\/2019\/03\/DC2-400x175.jpg","boxproducts_mobile-width":400,"boxproducts_mobile-height":175,"product_thumb":"https:\/\/www.rupes.com\/wp-content\/uploads\/2019\/03\/DC2-200x200.jpg","product_thumb-width":200,"product_thumb-height":200,"product_home":"https:\/\/www.rupes.com\/wp-content\/uploads\/2019\/03\/DC2.jpg","product_home-width":560,"product_home-height":560,"gallery_first":"https:\/\/www.rupes.com\/wp-content\/uploads\/2019\/03\/DC2-500x500.jpg","gallery_first-width":500,"gallery_first-height":500,"gallery_thumb":"https:\/\/www.rupes.com\/wp-content\/uploads\/2019\/03\/DC2-80x80.jpg","gallery_thumb-width":80,"gallery_thumb-height":80,"category_image":"https:\/\/www.rupes.com\/wp-content\/uploads\/2019\/03\/DC2-200x200.jpg","category_image-width":200,"category_image-height":200,"category_thumb":"https:\/\/www.rupes.com\/wp-content\/uploads\/2019\/03\/DC2-100x100.jpg","category_thumb-width":100,"category_thumb-height":100}},"link_a_scheda":"","caratteristica_en":"","caratteristica_it":"","caratteristica_de":"","caratteristica_fr":"","caratteristica_es":""},{"codice":"DC2W","immagine":{"ID":1001395941,"id":1001395941,"title":"DC2W","filename":"DC2W.jpg","filesize":158148,"url":"https:\/\/www.rupes.com\/wp-content\/uploads\/2019\/03\/DC2W.jpg","link":"https:\/\/www.rupes.com\/es\/dc2w-2\/","alt":"","author":"1","description":"","caption":"","name":"dc2w-2","status":"inherit","uploaded_to":0,"date":"2021-01-07 09:31:59","modified":"2024-03-21 07:48:12","menu_order":0,"mime_type":"image\/jpeg","type":"image","subtype":"jpeg","icon":"https:\/\/www.rupes.com\/wp-includes\/images\/media\/default.png","width":560,"height":560,"sizes":{"thumbnail":"https:\/\/www.rupes.com\/wp-content\/uploads\/2019\/03\/DC2W-150x150.jpg","thumbnail-width":150,"thumbnail-height":150,"medium":"https:\/\/www.rupes.com\/wp-content\/uploads\/2019\/03\/DC2W-300x300.jpg","medium-width":300,"medium-height":300,"medium_large":"https:\/\/www.rupes.com\/wp-content\/uploads\/2019\/03\/DC2W.jpg","medium_large-width":560,"medium_large-height":560,"large":"https:\/\/www.rupes.com\/wp-content\/uploads\/2019\/03\/DC2W.jpg","large-width":560,"large-height":560,"1536x1536":"https:\/\/www.rupes.com\/wp-content\/uploads\/2019\/03\/DC2W.jpg","1536x1536-width":560,"1536x1536-height":560,"2048x2048":"https:\/\/www.rupes.com\/wp-content\/uploads\/2019\/03\/DC2W.jpg","2048x2048-width":560,"2048x2048-height":560,"thumb_news":"https:\/\/www.rupes.com\/wp-content\/uploads\/2019\/03\/DC2W-350x200.jpg","thumb_news-width":350,"thumb_news-height":200,"boxhome_small":"https:\/\/www.rupes.com\/wp-content\/uploads\/2019\/03\/DC2W-200x100.jpg","boxhome_small-width":200,"boxhome_small-height":100,"boxhome_medium":"https:\/\/www.rupes.com\/wp-content\/uploads\/2019\/03\/DC2W-300x150.jpg","boxhome_medium-width":300,"boxhome_medium-height":150,"boxhome_large":"https:\/\/www.rupes.com\/wp-content\/uploads\/2019\/03\/DC2W-450x200.jpg","boxhome_large-width":450,"boxhome_large-height":200,"boxproducts_large":"https:\/\/www.rupes.com\/wp-content\/uploads\/2019\/03\/DC2W.jpg","boxproducts_large-width":560,"boxproducts_large-height":560,"boxproducts_midlarge":"https:\/\/www.rupes.com\/wp-content\/uploads\/2019\/03\/DC2W.jpg","boxproducts_midlarge-width":560,"boxproducts_midlarge-height":560,"boxproducts_medium":"https:\/\/www.rupes.com\/wp-content\/uploads\/2019\/03\/DC2W-560x450.jpg","boxproducts_medium-width":560,"boxproducts_medium-height":450,"boxproducts_small":"https:\/\/www.rupes.com\/wp-content\/uploads\/2019\/03\/DC2W-560x305.jpg","boxproducts_small-width":560,"boxproducts_small-height":305,"boxproducts_mobile":"https:\/\/www.rupes.com\/wp-content\/uploads\/2019\/03\/DC2W-400x175.jpg","boxproducts_mobile-width":400,"boxproducts_mobile-height":175,"product_thumb":"https:\/\/www.rupes.com\/wp-content\/uploads\/2019\/03\/DC2W-200x200.jpg","product_thumb-width":200,"product_thumb-height":200,"product_home":"https:\/\/www.rupes.com\/wp-content\/uploads\/2019\/03\/DC2W.jpg","product_home-width":560,"product_home-height":560,"gallery_first":"https:\/\/www.rupes.com\/wp-content\/uploads\/2019\/03\/DC2W-500x500.jpg","gallery_first-width":500,"gallery_first-height":500,"gallery_thumb":"https:\/\/www.rupes.com\/wp-content\/uploads\/2019\/03\/DC2W-80x80.jpg","gallery_thumb-width":80,"gallery_thumb-height":80,"category_image":"https:\/\/www.rupes.com\/wp-content\/uploads\/2019\/03\/DC2W-200x200.jpg","category_image-width":200,"category_image-height":200,"category_thumb":"https:\/\/www.rupes.com\/wp-content\/uploads\/2019\/03\/DC2W-100x100.jpg","category_thumb-width":100,"category_thumb-height":100}},"link_a_scheda":"","caratteristica_en":"","caratteristica_it":"","caratteristica_de":"","caratteristica_fr":"","caratteristica_es":""}],"kit_vendita":false,"blocchi_prodotti_correlati":false,"seleziona_tag_notizie":false,"seleziona_le_recensioni":"","attiva_collegamento":false,"attiva_voice_speech":false,"google_review_link":"","code_usermanuals":"","code_usermanuals_usa":""},"_links":{"self":[{"href":"https:\/\/www.rupes.com\/es\/wp-json\/wp\/v2\/products\/1001384756","targetHints":{"allow":["GET"]}}],"collection":[{"href":"https:\/\/www.rupes.com\/es\/wp-json\/wp\/v2\/products"}],"about":[{"href":"https:\/\/www.rupes.com\/es\/wp-json\/wp\/v2\/types\/product"}],"wp:attachment":[{"href":"https:\/\/www.rupes.com\/es\/wp-json\/wp\/v2\/media?parent=1001384756"}],"wp:term":[{"taxonomy":"category_product","embeddable":true,"href":"https:\/\/www.rupes.com\/es\/wp-json\/wp\/v2\/categoryproduct?post=1001384756"}],"curies":[{"name":"wp","href":"https:\/\/api.w.org\/{rel}","templated":true}]}}