{"id":1001384750,"date":"2019-03-08T02:18:48","date_gmt":"2019-03-08T02:18:48","guid":{"rendered":""},"modified":"2024-01-25T11:59:18","modified_gmt":"2024-01-25T10:59:18","slug":"br112aes","status":"publish","type":"product","link":"https:\/\/www.rupes.com\/es\/product\/br112aes\/","title":{"rendered":"Random orbital sander 150mm velcro orbit 12mm BR112AES"},"content":{"rendered":"","protected":false},"featured_media":0,"template":"","meta":{"_acf_changed":false},"categoryproduct":[888965171,888965177],"class_list":["post-1001384750","product","type-product","status-publish","hentry","category_product-electric-tools","category_product-electric-tools-sanders"],"acf":{"product_codice":"BR112AES","scheda_nuova":true,"contact_form":true,"attiva_flag_new_product":false,"product_home":"0","attiva_special_message":"disattivo","product_titolo_it":"LEVIGATRICE ROTORBITALE &Oslash; 150 VELCRO ORB 12mm BR112AES","product_titolo_de":"EXZENTERSCHLEIFER &Oslash; 150 KLETT HUB 12mm BR112AES","product_titolo_fr":"PONCEUSE ORBITALE ALEATOIRE &Oslash; 150 VELCRO ORB 12mm BR112AES","product_titolo_es":"LIJADORA ORBITAL PLATO &Oslash; 150 VELCRO ORB 12mm BR112AES","product_descrizione_en":"<p>MULTIHOLES PAD SLIM: the new RUPES pad, with reduced thickness, increases the stability the centre of gravity.<br \/>\nLight and easy handle sander<br \/>\nLow vibrations\u00a0thanks to accurate balancing<br \/>\nThe anti spinning system\u00a0accelerates the pad gradually in the start up phase, thereby avoiding surface scuffing<br \/>\nElectronic module with speed and overload control<br \/>\nVacuum flow control<\/p>\n<p><b>Applications<\/b><\/p>\n<ul>\n<li>12 mm orbit: tool with high removal capacity. Tool with ultra-high torque for removing large quantities of materials and surface preparation. Ideal for heavy duty applications where power and flexibility of the tool is required. The random orbital movement and ample orbit make this an easy tool to use while offering excellent performance. The best-suited abrasive grain is between P 40 and P 80.<\/li>\n<\/ul>\n","product_descrizione_it":"<p>MULTIHOLES PAD SLIM: il nuovo fondello RUPES, con spessore ridotto, aumenta la stabilit\u00e0 del baricentro.<br \/>\nLevigatrice leggera e maneggevole<br \/>\nVibrazioni ridotte &amp; nbsp; grazie al bilanciamento accurato<br \/>\nIl sistema anti spinning &amp; nbsp; accelera gradualmente il pad in fase di avvio, evitando cos\u00ec lo sfregamento della superficie<br \/>\nModulo elettronico con controllo velocit\u00e0 e sovraccarico<br \/>\nControllo del flusso del vuoto<\/p>\n<p><b>Applicazioni<\/b><\/p>\n<ul>\n<li>Orbita da 12 mm: utensile con elevata capacit\u00e0 di asportazione. Utensile con coppia elevatissima per la rimozione di grandi quantit\u00e0 di materiali e la preparazione della superficie. Ideale per applicazioni pesanti in cui \u00e8 richiesta potenza e flessibilit\u00e0 dell&#8217;utensile. Il movimento orbitale casuale e l&#8217;ampia orbita lo rendono uno strumento facile da usare pur offrendo prestazioni eccellenti. La grana abrasiva pi\u00f9 adatta \u00e8 compresa tra P 40 e P 80.<\/li>\n<\/ul>\n","product_descrizione_de":"<p>Mit dem vollkommen neuen Schleifteller RUPES SLIM MULTIHOLE k\u00f6nnen dank der geringen H\u00f6he auch schwer zug\u00e4ngliche Stellen bearbeitet werden. Dar\u00fcber hinaus erh\u00f6ht sich die Stabilit\u00e4t durch einen niedrigeren Schwerpunkt.<br \/>\nLeichter Exzenterschleifer mit guter Handhabung<br \/>\nSehr begrenzte Vibrationen dank optimaler Auswuchtung<br \/>\nAusstattung mit Antispinning-System zur Erreichung einer schrittweisen Beschleunigung des Schleiftellers in der Startphase, um Kratzer auf der Oberfl\u00e4che zu vermeiden<br \/>\nElektronisches Modul mit Drehzahlregelung und \u00dcberlaststeuerung<br \/>\nMit der Saugkraftregulierung wird der Effekt des \u201cAnsaugens\u201d des Schleiftellers auf der Oberfl\u00e4che ausgeschaltet<\/p>\n<p><strong>Anwendungen<\/strong><\/p>\n<ul>\n<li>Schwingkreis 12 mm: Werkzeug mit sehr hohem Materialabtrag. Werkzeug mit extrem hohen Drehmoment, geeignet f\u00fcr groben Materialabtrag und Vorbereitung der Oberfl\u00e4che. Ideal f\u00fcr beschwerliche Eins\u00e4tze, bei denen Leistung und Flexibilit\u00e4t des Werkzeugs gefragt sind. Die Exzenterbewegung und der gro\u00dfe Schwingkreis bieten ein leicht zu verwendendes Werkzeug bei hervorragenden Leistungen. Die am besten geeignete K\u00f6rnung der Schleifscheibe liegt zwischen P 40 und P 80.<\/li>\n<\/ul>\n","product_descrizione_fr":"<p><strong>Caract\u00e9ristiques techniques<\/strong><\/p>\n<table border=\"1\" cellspacing=\"1\" cellpadding=\"1\">\n<tbody>\n<tr>\n<td>\u00d8 orbite<\/td>\n<td>\u00a0mm<\/td>\n<td>\u00a012<\/td>\n<\/tr>\n<tr>\n<td>\u00d8 plateau<\/td>\n<td>\u00a0mm<\/td>\n<td>\u00a0150<\/td>\n<\/tr>\n<tr>\n<td>Percage<\/td>\n<td><\/td>\n<td>\u00a0MULTIHOLE SLIM<\/td>\n<\/tr>\n<tr>\n<td>Puissance max<\/td>\n<td>\u00a0W<\/td>\n<td>\u00a0550<\/td>\n<\/tr>\n<tr>\n<td>R.P.M.<\/td>\n<td><\/td>\n<td>\u00a03000-7000<\/td>\n<\/tr>\n<tr>\n<td>Poids<\/td>\n<td>\u00a0Kg<\/td>\n<td>\u00a02,2<\/td>\n<\/tr>\n<tr>\n<td>R\u00e9glage de la vitesse<\/td>\n<td><\/td>\n<td>\u00a0\u221a<\/td>\n<\/tr>\n<tr>\n<td>Filetage arbre porte-rouleau<\/td>\n<td><\/td>\n<td>\u00a0M8-F<\/td>\n<\/tr>\n<tr>\n<td>Aspiration centrale<\/td>\n<td><\/td>\n<td>\u00a0\u221a<\/td>\n<\/tr>\n<\/tbody>\n<\/table>\n<p>Gr\u00e2ce \u00e0 sa hauteur r\u00e9duite, le tout nouveau plateau RUPES MULTIHOLE SLIM permet d\u2019atteindre facilement les points difficiles d\u2019acc\u00e8s et augmente la stabilit\u00e9 de l\u2019outil en abaissant son centre de gravit\u00e9<br \/>\nPonceuses angulaires l\u00e9g\u00e8res et maniables<br \/>\nVibrations tr\u00e8s limit\u00e9es gr\u00e2ce \u00e0 l\u2019excellent \u00e9quilibrage<br \/>\n\u00c9quip\u00e9es d\u2019un syst\u00e8me anti-patinage rendant l\u2019acc\u00e9l\u00e9ration du plateau progressive dans la phase de d\u00e9marrage, afin d\u2019\u00e9viter les \u00e9raflures sur la surface<br \/>\nModule \u00e9lectronique avec r\u00e9glage de la vitesse et contr\u00f4le de la surcharge<br \/>\nR\u00e9gulateur de d\u00e9pression \u00e9liminant l\u2019effet \u00ab ventouse \u00bb du plateau sur la surface<\/p>\n<p><strong>Applications<\/strong><\/p>\n<ul>\n<li>Outil \u00e0 tr\u00e8s basse capacit\u00e9 d\u2019enl\u00e8vement. Gr\u00e2ce \u00e0 son tr\u00e8s haut couple, il est plus particuli\u00e8rement indiqu\u00e9 pour de gros enl\u00e8vements de mat\u00e9riel et la pr\u00e9paration des surfaces. Id\u00e9al pour les applications ingrates r\u00e9clamant un outil \u00e0 la fois<\/li>\n<li>puissant et ductile. Le mouvement roto-orbital et la grande orbite permettent d\u2019avoir un outil facile \u00e0<\/li>\n<li>utiliser et aux excellentes prestations.<\/li>\n<li>Le grain abrasif le plus indiqu\u00e9 est compris entre P 40 et P 80.<\/li>\n<\/ul>\n","product_descrizione_es":"<p>MULTIHOLES PAD SLIM: la nueva almohadilla RUPES, de espesor reducido, aumenta la estabilidad del centro de gravedad.<br \/>\nLijadora ligera y de f\u00e1cil manejo<br \/>\nVibraciones bajas &amp; nbsp; gracias a un equilibrado preciso<br \/>\nEl sistema anti-giro &amp; nbsp; acelera la almohadilla gradualmente en la fase de arranque, evitando as\u00ed el rayado de la superficie<br \/>\nM\u00f3dulo electr\u00f3nico con control de velocidad y sobrecarga<br \/>\nControl de flujo de vac\u00edo<\/p>\n<p><b> Aplicaciones<\/b><\/p>\n<ul>\n<li>\u00d3rbita de 12 mm: herramienta con gran capacidad de extracci\u00f3n. Herramienta con torque ultra alto para remoci\u00f3n de grandes cantidades de materiales y preparaci\u00f3n de superficies. Ideal para aplicaciones de servicio pesado donde se requiere potencia y flexibilidad de la herramienta. El movimiento orbital aleatorio y la amplia \u00f3rbita hacen que esta sea una herramienta f\u00e1cil de usar y ofrece un excelente rendimiento. El grano abrasivo m\u00e1s adecuado es entre P 40 y P 80.<\/li>\n<\/ul>\n","product_scheda_en":"<table border=\"1\" cellspacing=\"1\" cellpadding=\"1\">\n<tbody>\n<tr>\n<td align=\"left\">\u00d8 orbit (mm)<\/td>\n<td>12<\/td>\n<\/tr>\n<tr>\n<td align=\"left\">\u00d8 backing pad (mm)<\/td>\n<td>150<\/td>\n<\/tr>\n<tr>\n<td align=\"left\">Holes pad<\/td>\n<td>MULTIHOLE SLIM<\/td>\n<\/tr>\n<tr>\n<td align=\"left\">Power max (W)<\/td>\n<td>550<\/td>\n<\/tr>\n<tr>\n<td align=\"left\">R.P.M.<\/td>\n<td>3000-7000<\/td>\n<\/tr>\n<tr>\n<td align=\"left\">Weight (Kg)<\/td>\n<td>2,2<\/td>\n<\/tr>\n<tr>\n<td align=\"left\">Speed control<\/td>\n<td>\u2022<\/td>\n<\/tr>\n<tr>\n<td align=\"left\">Wheel spindle thread<\/td>\n<td>M8-F<\/td>\n<\/tr>\n<tr>\n<td align=\"left\">Central vacuum<\/td>\n<td>\u2022<\/td>\n<\/tr>\n<\/tbody>\n<\/table>\n","product_scheda_it":"<table border=\"1\" cellspacing=\"1\" cellpadding=\"1\">\n<tbody>\n<tr>\n<td align=\"left\">\u00d8 orbita (mm)<\/td>\n<td>12<\/td>\n<\/tr>\n<tr>\n<td align=\"left\">\u00d8 platorello (mm)<\/td>\n<td>150<\/td>\n<\/tr>\n<tr>\n<td align=\"left\">Foratura<\/td>\n<td>MULTIHOLE SLIM<\/td>\n<\/tr>\n<tr>\n<td align=\"left\">Potenza max (W)<\/td>\n<td>550<\/td>\n<\/tr>\n<tr>\n<td align=\"left\">R.P.M.<\/td>\n<td>3000-7000<\/td>\n<\/tr>\n<tr>\n<td align=\"left\">Peso (Kg)<\/td>\n<td>2,2<\/td>\n<\/tr>\n<tr>\n<td align=\"left\">Regolazione di velocit\u00e0<\/td>\n<td>\u2022<\/td>\n<\/tr>\n<tr>\n<td align=\"left\">Filettatura dell&#8217;albero<\/td>\n<td>M8-F<\/td>\n<\/tr>\n<tr>\n<td align=\"left\">Aspirazione centralizzata<\/td>\n<td>\u2022<\/td>\n<\/tr>\n<\/tbody>\n<\/table>\n","product_scheda_de":"<table border=\"1\" cellspacing=\"1\" cellpadding=\"1\">\n<tbody>\n<tr>\n<td align=\"left\">\u00d8 Schleifhub (mm)<\/td>\n<td>12<\/td>\n<\/tr>\n<tr>\n<td align=\"left\">\u00d8 Klett Schleifteller (mm)<\/td>\n<td>150<\/td>\n<\/tr>\n<tr>\n<td align=\"left\">L\u00c3\u201c\u00c2\u00a7cher<\/td>\n<td>MULTIHOLE SLIM<\/td>\n<\/tr>\n<tr>\n<td align=\"left\">Leistung max (W)<\/td>\n<td>550<\/td>\n<\/tr>\n<tr>\n<td align=\"left\">R.P.M.<\/td>\n<td>3000-7000<\/td>\n<\/tr>\n<tr>\n<td align=\"left\">Gewicht (Kg)<\/td>\n<td>2,2<\/td>\n<\/tr>\n<tr>\n<td align=\"left\">Regulierung der Geschwindigkeit<\/td>\n<td>\u2022<\/td>\n<\/tr>\n<tr>\n<td align=\"left\">Gewinde der Welle<\/td>\n<td>M8-F<\/td>\n<\/tr>\n<tr>\n<td align=\"left\">Zentrales Vacuum<\/td>\n<td>\u2022<\/td>\n<\/tr>\n<\/tbody>\n<\/table>\n","product_scheda_fr":"<table border=\"1\" cellspacing=\"1\" cellpadding=\"1\">\n<tbody>\n<tr>\n<td align=\"left\">\u00d8 orbite (mm)<\/td>\n<td>12<\/td>\n<\/tr>\n<tr>\n<td align=\"left\">\u00d8 plateau (mm)<\/td>\n<td>150<\/td>\n<\/tr>\n<tr>\n<td align=\"left\">Percage<\/td>\n<td>MULTIHOLE SLIM<\/td>\n<\/tr>\n<tr>\n<td align=\"left\">Puissance max (W)<\/td>\n<td>550<\/td>\n<\/tr>\n<tr>\n<td align=\"left\">R.P.M.<\/td>\n<td>3000-7000<\/td>\n<\/tr>\n<tr>\n<td align=\"left\">Poids (Kg)<\/td>\n<td>2,2<\/td>\n<\/tr>\n<tr>\n<td align=\"left\">R\u00e9glage de la vitesse<\/td>\n<td>\u2022<\/td>\n<\/tr>\n<tr>\n<td align=\"left\">Filetage arbre porte-rouleau<\/td>\n<td>M8-F<\/td>\n<\/tr>\n<tr>\n<td align=\"left\">Aspiration centrale<\/td>\n<td>\u2022<\/td>\n<\/tr>\n<\/tbody>\n<\/table>\n","product_scheda_es":"<table border=\"1\" cellspacing=\"1\" cellpadding=\"1\">\n<tbody>\n<tr>\n<td align=\"left\">\u00d8 \u00f3rbita (mm)<\/td>\n<td>12<\/td>\n<\/tr>\n<tr>\n<td align=\"left\">\u00d8 almohadilla de respaldo (mm)<\/td>\n<td>150<\/td>\n<\/tr>\n<tr>\n<td align=\"left\">Almohadilla para agujeros<\/td>\n<td>MULTIHOLE SLIM<\/td>\n<\/tr>\n<tr>\n<td align=\"left\">Potencia m\u00e1xima (W)<\/td>\n<td>550<\/td>\n<\/tr>\n<tr>\n<td align=\"left\">R.P.M.<\/td>\n<td>3000-7000<\/td>\n<\/tr>\n<tr>\n<td align=\"left\">Peso (Kg)<\/td>\n<td>2,2<\/td>\n<\/tr>\n<tr>\n<td align=\"left\">Control de velocidad<\/td>\n<td>\u2022<\/td>\n<\/tr>\n<tr>\n<td align=\"left\">Rosca del eje de la rueda<\/td>\n<td>M8-F<\/td>\n<\/tr>\n<tr>\n<td align=\"left\">Aspiradora central<\/td>\n<td>\u2022<\/td>\n<\/tr>\n<\/tbody>\n<\/table>\n","thumb":false,"gallery":[{"ID":1001394936,"id":1001394936,"title":"BR112AES_Random-orbital-sander-150mm-velcro-orbit-12mm","filename":"BR112AES_Random-orbital-sander-150mm-velcro-orbit-12mm.jpg","filesize":40588,"url":"https:\/\/www.rupes.com\/wp-content\/uploads\/2019\/03\/BR112AES_Random-orbital-sander-150mm-velcro-orbit-12mm.jpg","link":"https:\/\/www.rupes.com\/es\/product\/br112aes\/br112aes_random-orbital-sander-150mm-velcro-orbit-12mm-2\/","alt":"BR112AES - Random orbital sander 150mm velcro orbit 12mm","author":"1","description":"BR112AES - Random orbital sander 150mm velcro orbit 12mm","caption":"BR112AES - Random orbital sander 150mm velcro orbit 12mm","name":"br112aes_random-orbital-sander-150mm-velcro-orbit-12mm-2","status":"inherit","uploaded_to":1001384750,"date":"2020-11-09 15:32:45","modified":"2020-11-09 15:33:16","menu_order":0,"mime_type":"image\/jpeg","type":"image","subtype":"jpeg","icon":"https:\/\/www.rupes.com\/wp-includes\/images\/media\/default.png","width":560,"height":375,"sizes":{"thumbnail":"https:\/\/www.rupes.com\/wp-content\/uploads\/2019\/03\/BR112AES_Random-orbital-sander-150mm-velcro-orbit-12mm-150x150.jpg","thumbnail-width":150,"thumbnail-height":150,"medium":"https:\/\/www.rupes.com\/wp-content\/uploads\/2019\/03\/BR112AES_Random-orbital-sander-150mm-velcro-orbit-12mm-300x201.jpg","medium-width":300,"medium-height":201,"medium_large":"https:\/\/www.rupes.com\/wp-content\/uploads\/2019\/03\/BR112AES_Random-orbital-sander-150mm-velcro-orbit-12mm.jpg","medium_large-width":560,"medium_large-height":375,"large":"https:\/\/www.rupes.com\/wp-content\/uploads\/2019\/03\/BR112AES_Random-orbital-sander-150mm-velcro-orbit-12mm.jpg","large-width":560,"large-height":375,"1536x1536":"https:\/\/www.rupes.com\/wp-content\/uploads\/2019\/03\/BR112AES_Random-orbital-sander-150mm-velcro-orbit-12mm.jpg","1536x1536-width":560,"1536x1536-height":375,"2048x2048":"https:\/\/www.rupes.com\/wp-content\/uploads\/2019\/03\/BR112AES_Random-orbital-sander-150mm-velcro-orbit-12mm.jpg","2048x2048-width":560,"2048x2048-height":375,"thumb_news":"https:\/\/www.rupes.com\/wp-content\/uploads\/2019\/03\/BR112AES_Random-orbital-sander-150mm-velcro-orbit-12mm-350x200.jpg","thumb_news-width":350,"thumb_news-height":200,"boxhome_small":"https:\/\/www.rupes.com\/wp-content\/uploads\/2019\/03\/BR112AES_Random-orbital-sander-150mm-velcro-orbit-12mm-200x100.jpg","boxhome_small-width":200,"boxhome_small-height":100,"boxhome_medium":"https:\/\/www.rupes.com\/wp-content\/uploads\/2019\/03\/BR112AES_Random-orbital-sander-150mm-velcro-orbit-12mm-300x150.jpg","boxhome_medium-width":300,"boxhome_medium-height":150,"boxhome_large":"https:\/\/www.rupes.com\/wp-content\/uploads\/2019\/03\/BR112AES_Random-orbital-sander-150mm-velcro-orbit-12mm-450x200.jpg","boxhome_large-width":450,"boxhome_large-height":200,"boxproducts_large":"https:\/\/www.rupes.com\/wp-content\/uploads\/2019\/03\/BR112AES_Random-orbital-sander-150mm-velcro-orbit-12mm.jpg","boxproducts_large-width":560,"boxproducts_large-height":375,"boxproducts_midlarge":"https:\/\/www.rupes.com\/wp-content\/uploads\/2019\/03\/BR112AES_Random-orbital-sander-150mm-velcro-orbit-12mm.jpg","boxproducts_midlarge-width":560,"boxproducts_midlarge-height":375,"boxproducts_medium":"https:\/\/www.rupes.com\/wp-content\/uploads\/2019\/03\/BR112AES_Random-orbital-sander-150mm-velcro-orbit-12mm.jpg","boxproducts_medium-width":560,"boxproducts_medium-height":375,"boxproducts_small":"https:\/\/www.rupes.com\/wp-content\/uploads\/2019\/03\/BR112AES_Random-orbital-sander-150mm-velcro-orbit-12mm-560x305.jpg","boxproducts_small-width":560,"boxproducts_small-height":305,"boxproducts_mobile":"https:\/\/www.rupes.com\/wp-content\/uploads\/2019\/03\/BR112AES_Random-orbital-sander-150mm-velcro-orbit-12mm-400x175.jpg","boxproducts_mobile-width":400,"boxproducts_mobile-height":175,"product_thumb":"https:\/\/www.rupes.com\/wp-content\/uploads\/2019\/03\/BR112AES_Random-orbital-sander-150mm-velcro-orbit-12mm-300x200.jpg","product_thumb-width":300,"product_thumb-height":200,"product_home":"https:\/\/www.rupes.com\/wp-content\/uploads\/2019\/03\/BR112AES_Random-orbital-sander-150mm-velcro-orbit-12mm.jpg","product_home-width":560,"product_home-height":375,"gallery_first":"https:\/\/www.rupes.com\/wp-content\/uploads\/2019\/03\/BR112AES_Random-orbital-sander-150mm-velcro-orbit-12mm.jpg","gallery_first-width":560,"gallery_first-height":375,"gallery_thumb":"https:\/\/www.rupes.com\/wp-content\/uploads\/2019\/03\/BR112AES_Random-orbital-sander-150mm-velcro-orbit-12mm-105x70.jpg","gallery_thumb-width":105,"gallery_thumb-height":70,"category_image":"https:\/\/www.rupes.com\/wp-content\/uploads\/2019\/03\/BR112AES_Random-orbital-sander-150mm-velcro-orbit-12mm-200x134.jpg","category_image-width":200,"category_image-height":134,"category_thumb":"https:\/\/www.rupes.com\/wp-content\/uploads\/2019\/03\/BR112AES_Random-orbital-sander-150mm-velcro-orbit-12mm-100x67.jpg","category_thumb-width":100,"category_thumb-height":67}}],"videos":false,"files":false,"product_b2b_code":"BR112AES#230\/H5\/DE\/STD","blocco_dimensione":false,"varianti":false,"kit_vendita":false,"blocchi_prodotti_correlati":false,"seleziona_tag_notizie":false,"seleziona_le_recensioni":"","product_b2b_pdf":"https:\/\/b2b.rupes.com\/cdn\/b2b.rupes.com\/areaftp\/esplosipdf\/BR106AESRIC000.pdf","google_review_link":"","attiva_collegamento":false,"attiva_voice_speech":false,"code_usermanuals":"9.2588","code_usermanuals_usa":""},"_links":{"self":[{"href":"https:\/\/www.rupes.com\/es\/wp-json\/wp\/v2\/products\/1001384750","targetHints":{"allow":["GET"]}}],"collection":[{"href":"https:\/\/www.rupes.com\/es\/wp-json\/wp\/v2\/products"}],"about":[{"href":"https:\/\/www.rupes.com\/es\/wp-json\/wp\/v2\/types\/product"}],"wp:attachment":[{"href":"https:\/\/www.rupes.com\/es\/wp-json\/wp\/v2\/media?parent=1001384750"}],"wp:term":[{"taxonomy":"category_product","embeddable":true,"href":"https:\/\/www.rupes.com\/es\/wp-json\/wp\/v2\/categoryproduct?post=1001384750"}],"curies":[{"name":"wp","href":"https:\/\/api.w.org\/{rel}","templated":true}]}}