{"id":1001384738,"date":"2019-03-08T02:18:42","date_gmt":"2019-03-08T02:18:42","guid":{"rendered":""},"modified":"2024-01-25T11:52:07","modified_gmt":"2024-01-25T10:52:07","slug":"ar38s","status":"publish","type":"product","link":"https:\/\/www.rupes.com\/es\/product\/ar38s\/","title":{"rendered":"Straight grinder AR38S"},"content":{"rendered":"","protected":false},"featured_media":0,"template":"","meta":{"_acf_changed":false},"categoryproduct":[888965171,888965174],"class_list":["post-1001384738","product","type-product","status-publish","hentry","category_product-electric-tools","category_product-electric-tools-grinders"],"acf":{"product_codice":"AR38S","scheda_nuova":true,"contact_form":true,"attiva_flag_new_product":false,"product_home":"0","attiva_special_message":"disattivo","product_titolo_it":"SMERIGLIATRICE DRITTA AR38S ","product_titolo_de":"GERADESCHLEIFER AR38S ","product_titolo_fr":"MEULEUSE DROITE AR38S ","product_titolo_es":"AMOLADORA RECTA AR38S ","product_descrizione_en":"<p>Gear reduction to guarantee maximum torque<br \/>\nOptional chuck for accessories with shank \u00d8 3 and \u00d8 6.5 mm<\/p>\n<p>It is also equipped with Dead-man switches for applications requiring high safety standards.<\/p>\n<ul>\n<li>Oxide removal<\/li>\n<li>Precision retouching<\/li>\n<li>Polishing and grinding of metallic materials<\/li>\n<li>Grinding with pickling wheels<\/li>\n<li>Removal of glues, mastics and adhesives<\/li>\n<\/ul>\n","product_descrizione_it":"<p>Riduzione ad ingranaggi\u00a0per garantire il massimo della coppia<br \/>\nMandrino opzionale\u00a0per accessori con con gambo da\u00a0\u00d8 3 e \u00d8 6,5 mm<\/p>\n<p>Inoltre \u00e8 dotata di Dead-man switch per le applicazioni che richiedono standard di sicurezza\u00a0elevati.<\/p>\n<p>&nbsp;<\/p>\n<ul>\n<li>Rimozione ossidi<\/li>\n<li>Ritocchi di precisione<\/li>\n<li>Lucidatura e rettifica materiali metallici<\/li>\n<li>Smerigliatura con ruote di decapaggio<\/li>\n<li>Rimozione di colle, mastici e adesivi<\/li>\n<\/ul>\n","product_descrizione_de":"<p>Zahnraduntersetzung zur Gew\u00e4hrleistung des maximalen Drehmoments<br \/>\nZus\u00e4tzliches Futter f\u00fcr Zubeh\u00f6r mit Schaft zu \u00d8 3 und \u00d8 6,5 mm (Optional)<\/p>\n<p>F\u00fcr einen hohen Sicherheitsstandard verlangende Anwendungen mit Totmannschalter ausgestattet.<\/p>\n<ul>\n<li>Rostentfernung<\/li>\n<li>Pr\u00e4zisionsnachbearbeitung<\/li>\n<li>Polieren und Schleifen von Materialien aus Metall<\/li>\n<li>Schleifen mit Beizscheiben<\/li>\n<li>Abtragen von Klebstoffen, Kitt und Aufklebern<\/li>\n<\/ul>\n","product_descrizione_fr":"<p>R\u00e9duction \u00e0 engrenages pour garantir le meilleur du couple<br \/>\nMandrin en option pour accessoires avec queue de\u00a0\u00d8 3 et \u00d8 6,5\u00a0mm<\/p>\n<p>De plus, elle est \u00e9quip\u00e9e d\u2019un interrupteur Dean-man pour les applications qui requi\u00e8rent des normes de s\u00e9curit\u00e9 \u00e9lev\u00e9es.<\/p>\n<ul>\n<li>\u00c9limination des oxydes<\/li>\n<li>Retouches de pr\u00e9cision<\/li>\n<li>Lustrage et rectification des mat\u00e9riaux m\u00e9talliques<\/li>\n<li>Meulage avec roues de d\u00e9capage<\/li>\n<li>\u00c9limination des colles, des mastics et des adh\u00e9sifs<\/li>\n<\/ul>\n","product_descrizione_es":"","product_scheda_en":"<table border=\"1\" cellspacing=\"1\" cellpadding=\"1\">\n<tbody>\n<tr>\n<td align=\"left\">Power max (W)<\/td>\n<td>800<\/td>\n<\/tr>\n<tr>\n<td align=\"left\">R.P.M.<\/td>\n<td>30000<\/td>\n<\/tr>\n<tr>\n<td align=\"left\">Weight (Kg)<\/td>\n<td>1,5<\/td>\n<\/tr>\n<\/tbody>\n<\/table>\n","product_scheda_it":"<table border=\"1\" cellspacing=\"1\" cellpadding=\"1\">\n<tbody>\n<tr>\n<td align=\"left\">Potenza max (W)<\/td>\n<td>800<\/td>\n<\/tr>\n<tr>\n<td align=\"left\">R.P.M.<\/td>\n<td>30000<\/td>\n<\/tr>\n<tr>\n<td align=\"left\">Peso (Kg)<\/td>\n<td>1,5<\/td>\n<\/tr>\n<\/tbody>\n<\/table>\n","product_scheda_de":"<table border=\"1\" cellspacing=\"1\" cellpadding=\"1\">\n<tbody>\n<tr>\n<td align=\"left\">Leistung max (W)<\/td>\n<td>800<\/td>\n<\/tr>\n<tr>\n<td align=\"left\">R.P.M.<\/td>\n<td>30000<\/td>\n<\/tr>\n<tr>\n<td align=\"left\">Gewicht (Kg)<\/td>\n<td>1,5<\/td>\n<\/tr>\n<\/tbody>\n<\/table>\n","product_scheda_fr":"<table border=\"1\" cellspacing=\"1\" cellpadding=\"1\">\n<tbody>\n<tr>\n<td align=\"left\">Puissance max (W)<\/td>\n<td>800<\/td>\n<\/tr>\n<tr>\n<td align=\"left\">R.P.M.<\/td>\n<td>30000<\/td>\n<\/tr>\n<tr>\n<td align=\"left\">Poids (Kg)<\/td>\n<td>1,5<\/td>\n<\/tr>\n<\/tbody>\n<\/table>\n","product_scheda_es":"","thumb":false,"gallery":[{"ID":1001394556,"id":1001394556,"title":"AR38S_Straight-grinder","filename":"AR38S_Straight-grinder.jpg","filesize":25700,"url":"https:\/\/www.rupes.com\/wp-content\/uploads\/2019\/03\/AR38S_Straight-grinder.jpg","link":"https:\/\/www.rupes.com\/es\/product\/ar38s\/ar38s_straight-grinder-2\/","alt":"AR38S Straight grinder","author":"1","description":"AR38S Straight grinder","caption":"AR38S Straight grinder","name":"ar38s_straight-grinder-2","status":"inherit","uploaded_to":1001384738,"date":"2020-11-05 14:27:55","modified":"2020-11-05 14:28:08","menu_order":0,"mime_type":"image\/jpeg","type":"image","subtype":"jpeg","icon":"https:\/\/www.rupes.com\/wp-includes\/images\/media\/default.png","width":560,"height":560,"sizes":{"thumbnail":"https:\/\/www.rupes.com\/wp-content\/uploads\/2019\/03\/AR38S_Straight-grinder-150x150.jpg","thumbnail-width":150,"thumbnail-height":150,"medium":"https:\/\/www.rupes.com\/wp-content\/uploads\/2019\/03\/AR38S_Straight-grinder-300x300.jpg","medium-width":300,"medium-height":300,"medium_large":"https:\/\/www.rupes.com\/wp-content\/uploads\/2019\/03\/AR38S_Straight-grinder.jpg","medium_large-width":560,"medium_large-height":560,"large":"https:\/\/www.rupes.com\/wp-content\/uploads\/2019\/03\/AR38S_Straight-grinder.jpg","large-width":560,"large-height":560,"1536x1536":"https:\/\/www.rupes.com\/wp-content\/uploads\/2019\/03\/AR38S_Straight-grinder.jpg","1536x1536-width":560,"1536x1536-height":560,"2048x2048":"https:\/\/www.rupes.com\/wp-content\/uploads\/2019\/03\/AR38S_Straight-grinder.jpg","2048x2048-width":560,"2048x2048-height":560,"thumb_news":"https:\/\/www.rupes.com\/wp-content\/uploads\/2019\/03\/AR38S_Straight-grinder-350x200.jpg","thumb_news-width":350,"thumb_news-height":200,"boxhome_small":"https:\/\/www.rupes.com\/wp-content\/uploads\/2019\/03\/AR38S_Straight-grinder-200x100.jpg","boxhome_small-width":200,"boxhome_small-height":100,"boxhome_medium":"https:\/\/www.rupes.com\/wp-content\/uploads\/2019\/03\/AR38S_Straight-grinder-300x150.jpg","boxhome_medium-width":300,"boxhome_medium-height":150,"boxhome_large":"https:\/\/www.rupes.com\/wp-content\/uploads\/2019\/03\/AR38S_Straight-grinder-450x200.jpg","boxhome_large-width":450,"boxhome_large-height":200,"boxproducts_large":"https:\/\/www.rupes.com\/wp-content\/uploads\/2019\/03\/AR38S_Straight-grinder.jpg","boxproducts_large-width":560,"boxproducts_large-height":560,"boxproducts_midlarge":"https:\/\/www.rupes.com\/wp-content\/uploads\/2019\/03\/AR38S_Straight-grinder.jpg","boxproducts_midlarge-width":560,"boxproducts_midlarge-height":560,"boxproducts_medium":"https:\/\/www.rupes.com\/wp-content\/uploads\/2019\/03\/AR38S_Straight-grinder-560x450.jpg","boxproducts_medium-width":560,"boxproducts_medium-height":450,"boxproducts_small":"https:\/\/www.rupes.com\/wp-content\/uploads\/2019\/03\/AR38S_Straight-grinder-560x305.jpg","boxproducts_small-width":560,"boxproducts_small-height":305,"boxproducts_mobile":"https:\/\/www.rupes.com\/wp-content\/uploads\/2019\/03\/AR38S_Straight-grinder-400x175.jpg","boxproducts_mobile-width":400,"boxproducts_mobile-height":175,"product_thumb":"https:\/\/www.rupes.com\/wp-content\/uploads\/2019\/03\/AR38S_Straight-grinder-200x200.jpg","product_thumb-width":200,"product_thumb-height":200,"product_home":"https:\/\/www.rupes.com\/wp-content\/uploads\/2019\/03\/AR38S_Straight-grinder.jpg","product_home-width":560,"product_home-height":560,"gallery_first":"https:\/\/www.rupes.com\/wp-content\/uploads\/2019\/03\/AR38S_Straight-grinder-500x500.jpg","gallery_first-width":500,"gallery_first-height":500,"gallery_thumb":"https:\/\/www.rupes.com\/wp-content\/uploads\/2019\/03\/AR38S_Straight-grinder-80x80.jpg","gallery_thumb-width":80,"gallery_thumb-height":80,"category_image":"https:\/\/www.rupes.com\/wp-content\/uploads\/2019\/03\/AR38S_Straight-grinder-200x200.jpg","category_image-width":200,"category_image-height":200,"category_thumb":"https:\/\/www.rupes.com\/wp-content\/uploads\/2019\/03\/AR38S_Straight-grinder-100x100.jpg","category_thumb-width":100,"category_thumb-height":100}}],"videos":false,"files":false,"product_b2b_code":"AR38ES#230\/H5\/DE\/STD","blocco_dimensione":false,"varianti":false,"kit_vendita":false,"blocchi_prodotti_correlati":false,"seleziona_tag_notizie":false,"seleziona_le_recensioni":"","product_b2b_pdf":"https:\/\/b2b.rupes.com\/cdn\/b2b.rupes.com\/areaftp\/esplosipdf\/AR38SRIC000.pdf","google_review_link":"","attiva_collegamento":false,"attiva_voice_speech":false,"code_usermanuals":"9.2498","code_usermanuals_usa":""},"_links":{"self":[{"href":"https:\/\/www.rupes.com\/es\/wp-json\/wp\/v2\/products\/1001384738","targetHints":{"allow":["GET"]}}],"collection":[{"href":"https:\/\/www.rupes.com\/es\/wp-json\/wp\/v2\/products"}],"about":[{"href":"https:\/\/www.rupes.com\/es\/wp-json\/wp\/v2\/types\/product"}],"wp:attachment":[{"href":"https:\/\/www.rupes.com\/es\/wp-json\/wp\/v2\/media?parent=1001384738"}],"wp:term":[{"taxonomy":"category_product","embeddable":true,"href":"https:\/\/www.rupes.com\/es\/wp-json\/wp\/v2\/categoryproduct?post=1001384738"}],"curies":[{"name":"wp","href":"https:\/\/api.w.org\/{rel}","templated":true}]}}