{"id":1001384641,"date":"2019-03-08T02:18:07","date_gmt":"2019-03-08T02:18:07","guid":{"rendered":""},"modified":"2021-07-14T15:49:42","modified_gmt":"2021-07-14T13:49:42","slug":"rupes-3d-sticker-4-sheets-of-4-pcs-9-z916","status":"publish","type":"product","link":"https:\/\/www.rupes.com\/es\/product\/rupes-3d-sticker-4-sheets-of-4-pcs-9-z916\/","title":{"rendered":"RUPES 3D STICKER (4 sheets of 4 pcs)"},"content":{"rendered":"<p>Rupes logo 3D Sticker in Synthetic Resin.<\/p>\n","protected":false},"featured_media":0,"template":"","meta":{"_acf_changed":false},"categoryproduct":[888965420,888965424],"class_list":["post-1001384641","product","type-product","status-publish","hentry","category_product-merchandising","category_product-merchandising-various"],"acf":{"product_codice":"9.Z916\/16","scheda_nuova":true,"contact_form":true,"attiva_flag_new_product":false,"product_home":"0","attiva_special_message":"disattivo","product_titolo_it":"ADESIVO RUPES 3D (conf. 4 fogli da 4 pz)","product_titolo_de":"RUPES 3D STICKER (4 Blatt \u00e0 4 St\u00fcck)","product_titolo_fr":"STICKER 3D RUPES (4 feuilles de 4 pi\u00e8ces)","product_titolo_es":"PEGATINA 3D RUPES (4 hojas de 4 uds.)","product_descrizione_en":"<p>Rupes logo 3D Sticker in Synthetic Resin.<\/p>\n","product_descrizione_it":"<p>Adesivo 3D logo Rupes in resina sintetica.<\/p>\n","product_descrizione_de":"<p>Rupes Logo 3D Aufkleber aus Kunstharz.<\/p>\n","product_descrizione_fr":"<p>Autocollant 3D avec logo Rupes en r\u00e9sine synth\u00e9tique.<\/p>\n","product_descrizione_es":"<p>Adhesivo 3D logo Rupes en Resina Sint\u00e9tica.<\/p>\n","product_scheda_en":"<table border=\"0\" cellspacing=\"0\" cellpadding=\"0\">\n<tbody>\n<tr>\n<td>Height<\/td>\n<td>cm &#8211; inch<\/td>\n<td>4 &#8211; 1,5<\/td>\n<\/tr>\n<tr>\n<td>Width<\/td>\n<td>cm &#8211; inch<\/td>\n<td>4 &#8211; 1,5<\/td>\n<\/tr>\n<\/tbody>\n<\/table>\n","product_scheda_it":"<table border=\"0\" cellspacing=\"0\" cellpadding=\"0\">\n<tbody>\n<tr>\n<td>Altezza<\/td>\n<td>cm &#8211; inch<\/td>\n<td>4 &#8211; 1,5<\/td>\n<\/tr>\n<tr>\n<td>Larghezza<\/td>\n<td>cm &#8211; inch<\/td>\n<td>4 &#8211; 1,5<\/td>\n<\/tr>\n<\/tbody>\n<\/table>\n","product_scheda_de":"","product_scheda_fr":"","product_scheda_es":"","thumb":false,"gallery":[{"ID":1001396095,"id":1001396095,"title":"9.z916-1","filename":"9.z916-1.jpg","filesize":98643,"url":"https:\/\/www.rupes.com\/wp-content\/uploads\/2019\/03\/9.z916-1.jpg","link":"https:\/\/www.rupes.com\/es\/product\/rupes-3d-sticker-4-sheets-of-4-pcs-9-z916\/9-z916-1-2\/","alt":"","author":"1","description":"","caption":"","name":"9-z916-1-2","status":"inherit","uploaded_to":1001384641,"date":"2021-01-08 10:18:41","modified":"2021-01-08 10:18:41","menu_order":0,"mime_type":"image\/jpeg","type":"image","subtype":"jpeg","icon":"https:\/\/www.rupes.com\/wp-includes\/images\/media\/default.png","width":560,"height":357,"sizes":{"thumbnail":"https:\/\/www.rupes.com\/wp-content\/uploads\/2019\/03\/9.z916-1-150x150.jpg","thumbnail-width":150,"thumbnail-height":150,"medium":"https:\/\/www.rupes.com\/wp-content\/uploads\/2019\/03\/9.z916-1-300x191.jpg","medium-width":300,"medium-height":191,"medium_large":"https:\/\/www.rupes.com\/wp-content\/uploads\/2019\/03\/9.z916-1.jpg","medium_large-width":560,"medium_large-height":357,"large":"https:\/\/www.rupes.com\/wp-content\/uploads\/2019\/03\/9.z916-1.jpg","large-width":560,"large-height":357,"1536x1536":"https:\/\/www.rupes.com\/wp-content\/uploads\/2019\/03\/9.z916-1.jpg","1536x1536-width":560,"1536x1536-height":357,"2048x2048":"https:\/\/www.rupes.com\/wp-content\/uploads\/2019\/03\/9.z916-1.jpg","2048x2048-width":560,"2048x2048-height":357,"thumb_news":"https:\/\/www.rupes.com\/wp-content\/uploads\/2019\/03\/9.z916-1-350x200.jpg","thumb_news-width":350,"thumb_news-height":200,"boxhome_small":"https:\/\/www.rupes.com\/wp-content\/uploads\/2019\/03\/9.z916-1-200x100.jpg","boxhome_small-width":200,"boxhome_small-height":100,"boxhome_medium":"https:\/\/www.rupes.com\/wp-content\/uploads\/2019\/03\/9.z916-1-300x150.jpg","boxhome_medium-width":300,"boxhome_medium-height":150,"boxhome_large":"https:\/\/www.rupes.com\/wp-content\/uploads\/2019\/03\/9.z916-1-450x200.jpg","boxhome_large-width":450,"boxhome_large-height":200,"boxproducts_large":"https:\/\/www.rupes.com\/wp-content\/uploads\/2019\/03\/9.z916-1.jpg","boxproducts_large-width":560,"boxproducts_large-height":357,"boxproducts_midlarge":"https:\/\/www.rupes.com\/wp-content\/uploads\/2019\/03\/9.z916-1.jpg","boxproducts_midlarge-width":560,"boxproducts_midlarge-height":357,"boxproducts_medium":"https:\/\/www.rupes.com\/wp-content\/uploads\/2019\/03\/9.z916-1.jpg","boxproducts_medium-width":560,"boxproducts_medium-height":357,"boxproducts_small":"https:\/\/www.rupes.com\/wp-content\/uploads\/2019\/03\/9.z916-1-560x305.jpg","boxproducts_small-width":560,"boxproducts_small-height":305,"boxproducts_mobile":"https:\/\/www.rupes.com\/wp-content\/uploads\/2019\/03\/9.z916-1-400x175.jpg","boxproducts_mobile-width":400,"boxproducts_mobile-height":175,"product_thumb":"https:\/\/www.rupes.com\/wp-content\/uploads\/2019\/03\/9.z916-1-300x191.jpg","product_thumb-width":300,"product_thumb-height":191,"product_home":"https:\/\/www.rupes.com\/wp-content\/uploads\/2019\/03\/9.z916-1.jpg","product_home-width":560,"product_home-height":357,"gallery_first":"https:\/\/www.rupes.com\/wp-content\/uploads\/2019\/03\/9.z916-1.jpg","gallery_first-width":560,"gallery_first-height":357,"gallery_thumb":"https:\/\/www.rupes.com\/wp-content\/uploads\/2019\/03\/9.z916-1-105x67.jpg","gallery_thumb-width":105,"gallery_thumb-height":67,"category_image":"https:\/\/www.rupes.com\/wp-content\/uploads\/2019\/03\/9.z916-1-200x128.jpg","category_image-width":200,"category_image-height":128,"category_thumb":"https:\/\/www.rupes.com\/wp-content\/uploads\/2019\/03\/9.z916-1-100x64.jpg","category_thumb-width":100,"category_thumb-height":64}},{"ID":1001396090,"id":1001396090,"title":"9.z916-2","filename":"9.z916-2.jpg","filesize":131112,"url":"https:\/\/www.rupes.com\/wp-content\/uploads\/2019\/03\/9.z916-2.jpg","link":"https:\/\/www.rupes.com\/es\/product\/rupes-3d-sticker-4-sheets-of-4-pcs-9-z916\/9-z916-2-2\/","alt":"","author":"1","description":"","caption":"","name":"9-z916-2-2","status":"inherit","uploaded_to":1001384641,"date":"2021-01-08 10:18:39","modified":"2021-01-08 10:18:39","menu_order":0,"mime_type":"image\/jpeg","type":"image","subtype":"jpeg","icon":"https:\/\/www.rupes.com\/wp-includes\/images\/media\/default.png","width":560,"height":560,"sizes":{"thumbnail":"https:\/\/www.rupes.com\/wp-content\/uploads\/2019\/03\/9.z916-2-150x150.jpg","thumbnail-width":150,"thumbnail-height":150,"medium":"https:\/\/www.rupes.com\/wp-content\/uploads\/2019\/03\/9.z916-2-300x300.jpg","medium-width":300,"medium-height":300,"medium_large":"https:\/\/www.rupes.com\/wp-content\/uploads\/2019\/03\/9.z916-2.jpg","medium_large-width":560,"medium_large-height":560,"large":"https:\/\/www.rupes.com\/wp-content\/uploads\/2019\/03\/9.z916-2.jpg","large-width":560,"large-height":560,"1536x1536":"https:\/\/www.rupes.com\/wp-content\/uploads\/2019\/03\/9.z916-2.jpg","1536x1536-width":560,"1536x1536-height":560,"2048x2048":"https:\/\/www.rupes.com\/wp-content\/uploads\/2019\/03\/9.z916-2.jpg","2048x2048-width":560,"2048x2048-height":560,"thumb_news":"https:\/\/www.rupes.com\/wp-content\/uploads\/2019\/03\/9.z916-2-350x200.jpg","thumb_news-width":350,"thumb_news-height":200,"boxhome_small":"https:\/\/www.rupes.com\/wp-content\/uploads\/2019\/03\/9.z916-2-200x100.jpg","boxhome_small-width":200,"boxhome_small-height":100,"boxhome_medium":"https:\/\/www.rupes.com\/wp-content\/uploads\/2019\/03\/9.z916-2-300x150.jpg","boxhome_medium-width":300,"boxhome_medium-height":150,"boxhome_large":"https:\/\/www.rupes.com\/wp-content\/uploads\/2019\/03\/9.z916-2-450x200.jpg","boxhome_large-width":450,"boxhome_large-height":200,"boxproducts_large":"https:\/\/www.rupes.com\/wp-content\/uploads\/2019\/03\/9.z916-2.jpg","boxproducts_large-width":560,"boxproducts_large-height":560,"boxproducts_midlarge":"https:\/\/www.rupes.com\/wp-content\/uploads\/2019\/03\/9.z916-2.jpg","boxproducts_midlarge-width":560,"boxproducts_midlarge-height":560,"boxproducts_medium":"https:\/\/www.rupes.com\/wp-content\/uploads\/2019\/03\/9.z916-2-560x450.jpg","boxproducts_medium-width":560,"boxproducts_medium-height":450,"boxproducts_small":"https:\/\/www.rupes.com\/wp-content\/uploads\/2019\/03\/9.z916-2-560x305.jpg","boxproducts_small-width":560,"boxproducts_small-height":305,"boxproducts_mobile":"https:\/\/www.rupes.com\/wp-content\/uploads\/2019\/03\/9.z916-2-400x175.jpg","boxproducts_mobile-width":400,"boxproducts_mobile-height":175,"product_thumb":"https:\/\/www.rupes.com\/wp-content\/uploads\/2019\/03\/9.z916-2-200x200.jpg","product_thumb-width":200,"product_thumb-height":200,"product_home":"https:\/\/www.rupes.com\/wp-content\/uploads\/2019\/03\/9.z916-2.jpg","product_home-width":560,"product_home-height":560,"gallery_first":"https:\/\/www.rupes.com\/wp-content\/uploads\/2019\/03\/9.z916-2-500x500.jpg","gallery_first-width":500,"gallery_first-height":500,"gallery_thumb":"https:\/\/www.rupes.com\/wp-content\/uploads\/2019\/03\/9.z916-2-80x80.jpg","gallery_thumb-width":80,"gallery_thumb-height":80,"category_image":"https:\/\/www.rupes.com\/wp-content\/uploads\/2019\/03\/9.z916-2-200x200.jpg","category_image-width":200,"category_image-height":200,"category_thumb":"https:\/\/www.rupes.com\/wp-content\/uploads\/2019\/03\/9.z916-2-100x100.jpg","category_thumb-width":100,"category_thumb-height":100}}],"videos":false,"files":false,"blocco_dimensione":false,"varianti":false,"kit_vendita":false,"blocchi_prodotti_correlati":[{"iconablocco":"fas fa-share-alt","seleziona_i_prodotti":[1001384719,1001384401,1001384630,1001384444],"label":"view related products","titolo_correlato_en":"","titolo_correlato_it":"","titolo_correlato_de":"","titolo_correlato_fr":"","titolo_correlato_es":""}],"seleziona_tag_notizie":false,"seleziona_le_recensioni":"","product_b2b_code":"","product_b2b_pdf":"","attiva_collegamento":false},"_links":{"self":[{"href":"https:\/\/www.rupes.com\/es\/wp-json\/wp\/v2\/products\/1001384641","targetHints":{"allow":["GET"]}}],"collection":[{"href":"https:\/\/www.rupes.com\/es\/wp-json\/wp\/v2\/products"}],"about":[{"href":"https:\/\/www.rupes.com\/es\/wp-json\/wp\/v2\/types\/product"}],"wp:attachment":[{"href":"https:\/\/www.rupes.com\/es\/wp-json\/wp\/v2\/media?parent=1001384641"}],"wp:term":[{"taxonomy":"category_product","embeddable":true,"href":"https:\/\/www.rupes.com\/es\/wp-json\/wp\/v2\/categoryproduct?post=1001384641"}],"curies":[{"name":"wp","href":"https:\/\/api.w.org\/{rel}","templated":true}]}}