{"id":1001384625,"date":"2019-03-08T02:17:55","date_gmt":"2019-03-08T02:17:55","guid":{"rendered":""},"modified":"2021-07-14T16:32:34","modified_gmt":"2021-07-14T14:32:34","slug":"cap-rupes-70-anniversary-9-z1004","status":"publish","type":"product","link":"https:\/\/www.rupes.com\/es\/product\/cap-rupes-70-anniversary-9-z1004\/","title":{"rendered":"Cap Rupes 70\u00b0 Anniversary"},"content":{"rendered":"","protected":false},"featured_media":0,"template":"","meta":{"_acf_changed":false},"categoryproduct":[888965421,888965420],"class_list":["post-1001384625","product","type-product","status-publish","hentry","category_product-merchandising-clothing","category_product-merchandising"],"acf":{"product_codice":"9.Z1004","scheda_nuova":true,"contact_form":true,"attiva_flag_new_product":false,"product_home":"0","attiva_special_message":"disattivo","product_titolo_it":"Cappellino RUPES 70\u00b0 Anniversario","product_titolo_de":"70st. Jahrestag RUPES Hut","product_titolo_fr":"Casquette RUPES 70\u00b0 Anniversaire","product_titolo_es":"Gorra RUPES 70\u00b0 Aniversario","product_descrizione_en":"<p>The Cap Anniversary is a brushed cotton cap with adjustable strap fastening designed in occasion of the 70<sup>th<\/sup> anniversary of RUPES, to celebrate the company\u2019s long and successful life.<\/p>\n<ul>\n<li>Color: white\/red<\/li>\n<li>Material: brushed cotton<\/li>\n<\/ul>\n","product_descrizione_it":"<p>Cap Anniversary \u00e8 un berretto di cotone con cinturino regolabile ideato in occasione del 70\u00b0 anniversario di RUPES per celebrare la lunga vita di successi dell&#8217;azienda.<\/p>\n<ul>\n<li>Colore: bianco\/rosso<\/li>\n<li>Materiale: cotone<\/li>\n<\/ul>\n","product_descrizione_de":"<p>Das Cap Anniversary ist eine geb\u00fcrstete Baumwollkappe mit verstellbarem Riemenverschluss, die anl\u00e4sslich des 70-j\u00e4hrigen Jubil\u00e4ums von RUPES entworfen wurde, um das lange und erfolgreiche Leben des Unternehmens zu feiern.<\/p>\n<ul>\n<li>Farbe: wei\u00df \/ rot<\/li>\n<li>Material: geb\u00fcrstete Baumwolle<\/li>\n<\/ul>\n","product_descrizione_fr":"<p>Le Cap Anniversary est une casquette en coton bross\u00e9 avec fermeture \u00e0 sangle r\u00e9glable con\u00e7ue \u00e0 l&#8217;occasion du 70 <sup> e <\/sup> anniversaire de RUPES, pour c\u00e9l\u00e9brer la longue et fructueuse vie de l&#8217;entreprise.<\/p>\n<ul>\n<li>Couleur: blanc \/ rouge<\/li>\n<li>Mati\u00e8re: coton bross\u00e9<\/li>\n<\/ul>\n","product_descrizione_es":"<p>The Cap Anniversary es una gorra de algod\u00f3n cepillado con cierre de correa ajustable dise\u00f1ada con motivo del 70 <sup> th <\/sup> aniversario de RUPES, para celebrar la larga y exitosa vida de la empresa.<\/p>\n<ul>\n<li>Color: blanco \/ rojo<\/li>\n<li>Material: algod\u00f3n cepillado<\/li>\n<\/ul>\n","product_scheda_en":"","product_scheda_it":"","product_scheda_de":"","product_scheda_fr":"","product_scheda_es":"","thumb":false,"gallery":[{"ID":1001389006,"id":1001389006,"title":"Rupes-cap-70-anniversary-lateral","filename":"Rupes-cap-70-anniversary-lateral.jpg","filesize":73657,"url":"https:\/\/www.rupes.com\/wp-content\/uploads\/2019\/11\/Rupes-cap-70-anniversary-lateral.jpg","link":"https:\/\/www.rupes.com\/es\/rupes-cap-70-anniversary-lateral-2\/","alt":"","author":"1","description":"","caption":"","name":"rupes-cap-70-anniversary-lateral-2","status":"inherit","uploaded_to":0,"date":"2019-11-21 16:56:22","modified":"2019-11-21 16:58:41","menu_order":0,"mime_type":"image\/jpeg","type":"image","subtype":"jpeg","icon":"https:\/\/www.rupes.com\/wp-includes\/images\/media\/default.png","width":1200,"height":800,"sizes":{"thumbnail":"https:\/\/www.rupes.com\/wp-content\/uploads\/2019\/11\/Rupes-cap-70-anniversary-lateral-150x150.jpg","thumbnail-width":150,"thumbnail-height":150,"medium":"https:\/\/www.rupes.com\/wp-content\/uploads\/2019\/11\/Rupes-cap-70-anniversary-lateral-300x200.jpg","medium-width":300,"medium-height":200,"medium_large":"https:\/\/www.rupes.com\/wp-content\/uploads\/2019\/11\/Rupes-cap-70-anniversary-lateral-768x512.jpg","medium_large-width":768,"medium_large-height":512,"large":"https:\/\/www.rupes.com\/wp-content\/uploads\/2019\/11\/Rupes-cap-70-anniversary-lateral-1024x683.jpg","large-width":1024,"large-height":683,"1536x1536":"https:\/\/www.rupes.com\/wp-content\/uploads\/2019\/11\/Rupes-cap-70-anniversary-lateral.jpg","1536x1536-width":1200,"1536x1536-height":800,"2048x2048":"https:\/\/www.rupes.com\/wp-content\/uploads\/2019\/11\/Rupes-cap-70-anniversary-lateral.jpg","2048x2048-width":1200,"2048x2048-height":800,"thumb_news":"https:\/\/www.rupes.com\/wp-content\/uploads\/2019\/11\/Rupes-cap-70-anniversary-lateral-350x200.jpg","thumb_news-width":350,"thumb_news-height":200,"boxhome_small":"https:\/\/www.rupes.com\/wp-content\/uploads\/2019\/11\/Rupes-cap-70-anniversary-lateral-200x100.jpg","boxhome_small-width":200,"boxhome_small-height":100,"boxhome_medium":"https:\/\/www.rupes.com\/wp-content\/uploads\/2019\/11\/Rupes-cap-70-anniversary-lateral-300x150.jpg","boxhome_medium-width":300,"boxhome_medium-height":150,"boxhome_large":"https:\/\/www.rupes.com\/wp-content\/uploads\/2019\/11\/Rupes-cap-70-anniversary-lateral-450x200.jpg","boxhome_large-width":450,"boxhome_large-height":200,"boxproducts_large":"https:\/\/www.rupes.com\/wp-content\/uploads\/2019\/11\/Rupes-cap-70-anniversary-lateral-1200x700.jpg","boxproducts_large-width":1200,"boxproducts_large-height":700,"boxproducts_midlarge":"https:\/\/www.rupes.com\/wp-content\/uploads\/2019\/11\/Rupes-cap-70-anniversary-lateral-1200x560.jpg","boxproducts_midlarge-width":1200,"boxproducts_midlarge-height":560,"boxproducts_medium":"https:\/\/www.rupes.com\/wp-content\/uploads\/2019\/11\/Rupes-cap-70-anniversary-lateral-1024x450.jpg","boxproducts_medium-width":1024,"boxproducts_medium-height":450,"boxproducts_small":"https:\/\/www.rupes.com\/wp-content\/uploads\/2019\/11\/Rupes-cap-70-anniversary-lateral-700x305.jpg","boxproducts_small-width":700,"boxproducts_small-height":305,"boxproducts_mobile":"https:\/\/www.rupes.com\/wp-content\/uploads\/2019\/11\/Rupes-cap-70-anniversary-lateral-400x175.jpg","boxproducts_mobile-width":400,"boxproducts_mobile-height":175,"product_thumb":"https:\/\/www.rupes.com\/wp-content\/uploads\/2019\/11\/Rupes-cap-70-anniversary-lateral-300x200.jpg","product_thumb-width":300,"product_thumb-height":200,"product_home":"https:\/\/www.rupes.com\/wp-content\/uploads\/2019\/11\/Rupes-cap-70-anniversary-lateral.jpg","product_home-width":1050,"product_home-height":700,"gallery_first":"https:\/\/www.rupes.com\/wp-content\/uploads\/2019\/11\/Rupes-cap-70-anniversary-lateral-750x500.jpg","gallery_first-width":750,"gallery_first-height":500,"gallery_thumb":"https:\/\/www.rupes.com\/wp-content\/uploads\/2019\/11\/Rupes-cap-70-anniversary-lateral-105x70.jpg","gallery_thumb-width":105,"gallery_thumb-height":70,"category_image":"https:\/\/www.rupes.com\/wp-content\/uploads\/2019\/11\/Rupes-cap-70-anniversary-lateral-200x133.jpg","category_image-width":200,"category_image-height":133,"category_thumb":"https:\/\/www.rupes.com\/wp-content\/uploads\/2019\/11\/Rupes-cap-70-anniversary-lateral-100x67.jpg","category_thumb-width":100,"category_thumb-height":67}},{"ID":1001389001,"id":1001389001,"title":"Rupes-cap-70-anniversary-frontal","filename":"Rupes-cap-70-anniversary-frontal.jpg","filesize":61299,"url":"https:\/\/www.rupes.com\/wp-content\/uploads\/2019\/11\/Rupes-cap-70-anniversary-frontal.jpg","link":"https:\/\/www.rupes.com\/es\/rupes-cap-70-anniversary-frontal-2\/","alt":"","author":"1","description":"","caption":"","name":"rupes-cap-70-anniversary-frontal-2","status":"inherit","uploaded_to":0,"date":"2019-11-21 16:56:20","modified":"2019-11-21 16:56:20","menu_order":0,"mime_type":"image\/jpeg","type":"image","subtype":"jpeg","icon":"https:\/\/www.rupes.com\/wp-includes\/images\/media\/default.png","width":1200,"height":800,"sizes":{"thumbnail":"https:\/\/www.rupes.com\/wp-content\/uploads\/2019\/11\/Rupes-cap-70-anniversary-frontal-150x150.jpg","thumbnail-width":150,"thumbnail-height":150,"medium":"https:\/\/www.rupes.com\/wp-content\/uploads\/2019\/11\/Rupes-cap-70-anniversary-frontal-300x200.jpg","medium-width":300,"medium-height":200,"medium_large":"https:\/\/www.rupes.com\/wp-content\/uploads\/2019\/11\/Rupes-cap-70-anniversary-frontal-768x512.jpg","medium_large-width":768,"medium_large-height":512,"large":"https:\/\/www.rupes.com\/wp-content\/uploads\/2019\/11\/Rupes-cap-70-anniversary-frontal-1024x683.jpg","large-width":1024,"large-height":683,"1536x1536":"https:\/\/www.rupes.com\/wp-content\/uploads\/2019\/11\/Rupes-cap-70-anniversary-frontal.jpg","1536x1536-width":1200,"1536x1536-height":800,"2048x2048":"https:\/\/www.rupes.com\/wp-content\/uploads\/2019\/11\/Rupes-cap-70-anniversary-frontal.jpg","2048x2048-width":1200,"2048x2048-height":800,"thumb_news":"https:\/\/www.rupes.com\/wp-content\/uploads\/2019\/11\/Rupes-cap-70-anniversary-frontal-350x200.jpg","thumb_news-width":350,"thumb_news-height":200,"boxhome_small":"https:\/\/www.rupes.com\/wp-content\/uploads\/2019\/11\/Rupes-cap-70-anniversary-frontal-200x100.jpg","boxhome_small-width":200,"boxhome_small-height":100,"boxhome_medium":"https:\/\/www.rupes.com\/wp-content\/uploads\/2019\/11\/Rupes-cap-70-anniversary-frontal-300x150.jpg","boxhome_medium-width":300,"boxhome_medium-height":150,"boxhome_large":"https:\/\/www.rupes.com\/wp-content\/uploads\/2019\/11\/Rupes-cap-70-anniversary-frontal-450x200.jpg","boxhome_large-width":450,"boxhome_large-height":200,"boxproducts_large":"https:\/\/www.rupes.com\/wp-content\/uploads\/2019\/11\/Rupes-cap-70-anniversary-frontal-1200x700.jpg","boxproducts_large-width":1200,"boxproducts_large-height":700,"boxproducts_midlarge":"https:\/\/www.rupes.com\/wp-content\/uploads\/2019\/11\/Rupes-cap-70-anniversary-frontal-1200x560.jpg","boxproducts_midlarge-width":1200,"boxproducts_midlarge-height":560,"boxproducts_medium":"https:\/\/www.rupes.com\/wp-content\/uploads\/2019\/11\/Rupes-cap-70-anniversary-frontal-1024x450.jpg","boxproducts_medium-width":1024,"boxproducts_medium-height":450,"boxproducts_small":"https:\/\/www.rupes.com\/wp-content\/uploads\/2019\/11\/Rupes-cap-70-anniversary-frontal-700x305.jpg","boxproducts_small-width":700,"boxproducts_small-height":305,"boxproducts_mobile":"https:\/\/www.rupes.com\/wp-content\/uploads\/2019\/11\/Rupes-cap-70-anniversary-frontal-400x175.jpg","boxproducts_mobile-width":400,"boxproducts_mobile-height":175,"product_thumb":"https:\/\/www.rupes.com\/wp-content\/uploads\/2019\/11\/Rupes-cap-70-anniversary-frontal-300x200.jpg","product_thumb-width":300,"product_thumb-height":200,"product_home":"https:\/\/www.rupes.com\/wp-content\/uploads\/2019\/11\/Rupes-cap-70-anniversary-frontal.jpg","product_home-width":1050,"product_home-height":700,"gallery_first":"https:\/\/www.rupes.com\/wp-content\/uploads\/2019\/11\/Rupes-cap-70-anniversary-frontal-750x500.jpg","gallery_first-width":750,"gallery_first-height":500,"gallery_thumb":"https:\/\/www.rupes.com\/wp-content\/uploads\/2019\/11\/Rupes-cap-70-anniversary-frontal-105x70.jpg","gallery_thumb-width":105,"gallery_thumb-height":70,"category_image":"https:\/\/www.rupes.com\/wp-content\/uploads\/2019\/11\/Rupes-cap-70-anniversary-frontal-200x133.jpg","category_image-width":200,"category_image-height":133,"category_thumb":"https:\/\/www.rupes.com\/wp-content\/uploads\/2019\/11\/Rupes-cap-70-anniversary-frontal-100x67.jpg","category_thumb-width":100,"category_thumb-height":67}},{"ID":1001388996,"id":1001388996,"title":"Rupes-cap-70-anniversary-back","filename":"Rupes-cap-70-anniversary-back.jpg","filesize":75846,"url":"https:\/\/www.rupes.com\/wp-content\/uploads\/2019\/11\/Rupes-cap-70-anniversary-back.jpg","link":"https:\/\/www.rupes.com\/es\/rupes-cap-70-anniversary-back-2\/","alt":"","author":"1","description":"","caption":"","name":"rupes-cap-70-anniversary-back-2","status":"inherit","uploaded_to":0,"date":"2019-11-21 16:56:19","modified":"2019-11-21 16:56:19","menu_order":0,"mime_type":"image\/jpeg","type":"image","subtype":"jpeg","icon":"https:\/\/www.rupes.com\/wp-includes\/images\/media\/default.png","width":1200,"height":800,"sizes":{"thumbnail":"https:\/\/www.rupes.com\/wp-content\/uploads\/2019\/11\/Rupes-cap-70-anniversary-back-150x150.jpg","thumbnail-width":150,"thumbnail-height":150,"medium":"https:\/\/www.rupes.com\/wp-content\/uploads\/2019\/11\/Rupes-cap-70-anniversary-back-300x200.jpg","medium-width":300,"medium-height":200,"medium_large":"https:\/\/www.rupes.com\/wp-content\/uploads\/2019\/11\/Rupes-cap-70-anniversary-back-768x512.jpg","medium_large-width":768,"medium_large-height":512,"large":"https:\/\/www.rupes.com\/wp-content\/uploads\/2019\/11\/Rupes-cap-70-anniversary-back-1024x683.jpg","large-width":1024,"large-height":683,"1536x1536":"https:\/\/www.rupes.com\/wp-content\/uploads\/2019\/11\/Rupes-cap-70-anniversary-back.jpg","1536x1536-width":1200,"1536x1536-height":800,"2048x2048":"https:\/\/www.rupes.com\/wp-content\/uploads\/2019\/11\/Rupes-cap-70-anniversary-back.jpg","2048x2048-width":1200,"2048x2048-height":800,"thumb_news":"https:\/\/www.rupes.com\/wp-content\/uploads\/2019\/11\/Rupes-cap-70-anniversary-back-350x200.jpg","thumb_news-width":350,"thumb_news-height":200,"boxhome_small":"https:\/\/www.rupes.com\/wp-content\/uploads\/2019\/11\/Rupes-cap-70-anniversary-back-200x100.jpg","boxhome_small-width":200,"boxhome_small-height":100,"boxhome_medium":"https:\/\/www.rupes.com\/wp-content\/uploads\/2019\/11\/Rupes-cap-70-anniversary-back-300x150.jpg","boxhome_medium-width":300,"boxhome_medium-height":150,"boxhome_large":"https:\/\/www.rupes.com\/wp-content\/uploads\/2019\/11\/Rupes-cap-70-anniversary-back-450x200.jpg","boxhome_large-width":450,"boxhome_large-height":200,"boxproducts_large":"https:\/\/www.rupes.com\/wp-content\/uploads\/2019\/11\/Rupes-cap-70-anniversary-back-1200x700.jpg","boxproducts_large-width":1200,"boxproducts_large-height":700,"boxproducts_midlarge":"https:\/\/www.rupes.com\/wp-content\/uploads\/2019\/11\/Rupes-cap-70-anniversary-back-1200x560.jpg","boxproducts_midlarge-width":1200,"boxproducts_midlarge-height":560,"boxproducts_medium":"https:\/\/www.rupes.com\/wp-content\/uploads\/2019\/11\/Rupes-cap-70-anniversary-back-1024x450.jpg","boxproducts_medium-width":1024,"boxproducts_medium-height":450,"boxproducts_small":"https:\/\/www.rupes.com\/wp-content\/uploads\/2019\/11\/Rupes-cap-70-anniversary-back-700x305.jpg","boxproducts_small-width":700,"boxproducts_small-height":305,"boxproducts_mobile":"https:\/\/www.rupes.com\/wp-content\/uploads\/2019\/11\/Rupes-cap-70-anniversary-back-400x175.jpg","boxproducts_mobile-width":400,"boxproducts_mobile-height":175,"product_thumb":"https:\/\/www.rupes.com\/wp-content\/uploads\/2019\/11\/Rupes-cap-70-anniversary-back-300x200.jpg","product_thumb-width":300,"product_thumb-height":200,"product_home":"https:\/\/www.rupes.com\/wp-content\/uploads\/2019\/11\/Rupes-cap-70-anniversary-back.jpg","product_home-width":1050,"product_home-height":700,"gallery_first":"https:\/\/www.rupes.com\/wp-content\/uploads\/2019\/11\/Rupes-cap-70-anniversary-back-750x500.jpg","gallery_first-width":750,"gallery_first-height":500,"gallery_thumb":"https:\/\/www.rupes.com\/wp-content\/uploads\/2019\/11\/Rupes-cap-70-anniversary-back-105x70.jpg","gallery_thumb-width":105,"gallery_thumb-height":70,"category_image":"https:\/\/www.rupes.com\/wp-content\/uploads\/2019\/11\/Rupes-cap-70-anniversary-back-200x133.jpg","category_image-width":200,"category_image-height":133,"category_thumb":"https:\/\/www.rupes.com\/wp-content\/uploads\/2019\/11\/Rupes-cap-70-anniversary-back-100x67.jpg","category_thumb-width":100,"category_thumb-height":67}}],"videos":false,"files":false,"blocco_dimensione":false,"varianti":false,"kit_vendita":false,"blocchi_prodotti_correlati":[{"iconablocco":"fas fa-share-alt","seleziona_i_prodotti":[1001384093,1001388976],"label":"view related products","titolo_correlato_en":"","titolo_correlato_it":"","titolo_correlato_de":"","titolo_correlato_fr":"","titolo_correlato_es":""}],"seleziona_tag_notizie":false,"seleziona_le_recensioni":"","product_b2b_code":"","product_b2b_pdf":"","attiva_collegamento":true,"link_eshop":"https:\/\/shop.rupes.com\/en\/hats\/39-cap-anniversary-red-white.html","immagine_eshop":"https:\/\/shop.rupes.com\/199-home_default\/cap-anniversary-red-white.jpg","prezzo_eshop":"14.00"},"_links":{"self":[{"href":"https:\/\/www.rupes.com\/es\/wp-json\/wp\/v2\/products\/1001384625","targetHints":{"allow":["GET"]}}],"collection":[{"href":"https:\/\/www.rupes.com\/es\/wp-json\/wp\/v2\/products"}],"about":[{"href":"https:\/\/www.rupes.com\/es\/wp-json\/wp\/v2\/types\/product"}],"wp:attachment":[{"href":"https:\/\/www.rupes.com\/es\/wp-json\/wp\/v2\/media?parent=1001384625"}],"wp:term":[{"taxonomy":"category_product","embeddable":true,"href":"https:\/\/www.rupes.com\/es\/wp-json\/wp\/v2\/categoryproduct?post=1001384625"}],"curies":[{"name":"wp","href":"https:\/\/api.w.org\/{rel}","templated":true}]}}