{"id":1001384464,"date":"2019-10-01T15:16:44","date_gmt":"2019-10-01T13:16:44","guid":{"rendered":""},"modified":"2026-01-23T09:28:30","modified_gmt":"2026-01-23T08:28:30","slug":"high-concentrated-detailing-shampoo-m101","status":"publish","type":"product","link":"https:\/\/www.rupes.com\/es\/product\/high-concentrated-detailing-shampoo-m101\/","title":{"rendered":"High concentrated detailing shampoo M101"},"content":{"rendered":"","protected":false},"featured_media":0,"template":"","meta":{"_acf_changed":false},"categoryproduct":[888965158,888965156],"class_list":["post-1001384464","product","type-product","status-publish","hentry","category_product-consumables-car-care-products","category_product-consumables"],"acf":{"product_codice":"9.CCM101","scheda_nuova":true,"contact_form":true,"attiva_flag_new_product":false,"product_home":"0","attiva_special_message":"disattivo","product_titolo_it":"Shampoo ad alta concentrazione M101","product_titolo_de":"","product_titolo_fr":"","product_titolo_es":"","product_descrizione_en":"<p><strong>M101<\/strong> is an <strong>highly concentrated automotive soap<\/strong> formulated for effective, yet gentle cleaning.<\/p>\n<p>Purposely designed to combine general cleaning and the capacity to prepare the painted surfaces for the polishing and detailing process.<\/p>\n<p>The innovative formulation lifts grime safely off the surface while minimizing the opportunity for wash marks and surface damage. A powerful combination of surfactants and cleaning agents float grime safely off the surface without scratching.<\/p>\n","product_descrizione_it":"<p>Rupes <strong>M101<\/strong> \u00e8 uno <strong>shampoo per l\u2019auto altamente concentrato<\/strong>, pensato per esser estremamente efficace nella rimozione dello sporco pi\u00f9 ostinato e per preparare la carrozzeria al processo di lucidatura e di detailing.<\/p>\n<p>Due soli tappi di prodotto sono sufficienti per lavare una macchina di medie dimensioni!<\/p>\n","product_descrizione_de":"<p><strong>M101<\/strong> ist eine hoch konzentrierte Seife f\u00fcr Automobile f\u00fcr effektive aber sanfte Reinigung. Entwickelt um allgemeines Reinigen zu kombinieren mit der Vorbereitung der Lackoberfl\u00e4chen f\u00fcr das Polieren und Detailing.<\/p>\n<p>Die innovative Formel entfernt Dreck sicher und minimiert Waschflecken und Oberfl\u00e4chensch\u00e4den. Eine starke Kombination von Tensiden und Reinigungsmitteln lost Schmutz sicher ohne zu kratzen.<\/p>\n","product_descrizione_fr":"<p><strong>M101<\/strong> est un savon automobile hautement concentr\u00e9 formul\u00e9 pour un nettoyage efficace, mais doux. Volontairement con\u00e7u pour combiner le nettoyage g\u00e9n\u00e9ral et la capacit\u00e9 \u00e0 pr\u00e9parer les surfaces peintes pour le processus de polissage et de d\u00e9taillant.<\/p>\n<p>La formulation innovante retire en toute s\u00e9curit\u00e9 la salet\u00e9 de la surface, tout en minimisant la possibilit\u00e9 de laisser des marques de lavage et d\u2019endommager les surfaces. Une puissante combinaison d&#8217;agents tensioactifs et d\u2019agents de nettoyage retirent la salet\u00e9 en toute s\u00e9curit\u00e9 hors de la surface et sans rayer.<\/p>\n","product_descrizione_es":"","product_scheda_en":"","product_scheda_it":"","product_scheda_de":"","product_scheda_fr":"","product_scheda_es":"","thumb":false,"gallery":[{"ID":1001409979,"id":1001409979,"title":"CCM101","filename":"CCM101.jpg","filesize":83850,"url":"https:\/\/www.rupes.com\/wp-content\/uploads\/2022\/10\/CCM101.jpg","link":"https:\/\/www.rupes.com\/es\/product\/reveal-lite-residue-remover\/ccm101-2\/","alt":"","author":"1","description":"","caption":"","name":"ccm101-2","status":"inherit","uploaded_to":1001401373,"date":"2026-01-23 08:22:11","modified":"2026-01-23 08:22:11","menu_order":0,"mime_type":"image\/jpeg","type":"image","subtype":"jpeg","icon":"https:\/\/www.rupes.com\/wp-includes\/images\/media\/default.png","width":551,"height":827,"sizes":{"thumbnail":"https:\/\/www.rupes.com\/wp-content\/uploads\/2022\/10\/CCM101-150x150.jpg","thumbnail-width":150,"thumbnail-height":150,"medium":"https:\/\/www.rupes.com\/wp-content\/uploads\/2022\/10\/CCM101-200x300.jpg","medium-width":200,"medium-height":300,"medium_large":"https:\/\/www.rupes.com\/wp-content\/uploads\/2022\/10\/CCM101.jpg","medium_large-width":551,"medium_large-height":827,"large":"https:\/\/www.rupes.com\/wp-content\/uploads\/2022\/10\/CCM101.jpg","large-width":551,"large-height":827,"1536x1536":"https:\/\/www.rupes.com\/wp-content\/uploads\/2022\/10\/CCM101.jpg","1536x1536-width":551,"1536x1536-height":827,"2048x2048":"https:\/\/www.rupes.com\/wp-content\/uploads\/2022\/10\/CCM101.jpg","2048x2048-width":551,"2048x2048-height":827,"thumb_news":"https:\/\/www.rupes.com\/wp-content\/uploads\/2022\/10\/CCM101-350x200.jpg","thumb_news-width":350,"thumb_news-height":200,"boxhome_small":"https:\/\/www.rupes.com\/wp-content\/uploads\/2022\/10\/CCM101-200x100.jpg","boxhome_small-width":200,"boxhome_small-height":100,"boxhome_medium":"https:\/\/www.rupes.com\/wp-content\/uploads\/2022\/10\/CCM101-300x150.jpg","boxhome_medium-width":300,"boxhome_medium-height":150,"boxhome_large":"https:\/\/www.rupes.com\/wp-content\/uploads\/2022\/10\/CCM101-450x200.jpg","boxhome_large-width":450,"boxhome_large-height":200,"boxproducts_large":"https:\/\/www.rupes.com\/wp-content\/uploads\/2022\/10\/CCM101-551x700.jpg","boxproducts_large-width":551,"boxproducts_large-height":700,"boxproducts_midlarge":"https:\/\/www.rupes.com\/wp-content\/uploads\/2022\/10\/CCM101-551x560.jpg","boxproducts_midlarge-width":551,"boxproducts_midlarge-height":560,"boxproducts_medium":"https:\/\/www.rupes.com\/wp-content\/uploads\/2022\/10\/CCM101-551x450.jpg","boxproducts_medium-width":551,"boxproducts_medium-height":450,"boxproducts_small":"https:\/\/www.rupes.com\/wp-content\/uploads\/2022\/10\/CCM101-551x305.jpg","boxproducts_small-width":551,"boxproducts_small-height":305,"boxproducts_mobile":"https:\/\/www.rupes.com\/wp-content\/uploads\/2022\/10\/CCM101-400x175.jpg","boxproducts_mobile-width":400,"boxproducts_mobile-height":175,"product_thumb":"https:\/\/www.rupes.com\/wp-content\/uploads\/2022\/10\/CCM101-133x200.jpg","product_thumb-width":133,"product_thumb-height":200,"product_home":"https:\/\/www.rupes.com\/wp-content\/uploads\/2022\/10\/CCM101-551x700.jpg","product_home-width":551,"product_home-height":700,"gallery_first":"https:\/\/www.rupes.com\/wp-content\/uploads\/2022\/10\/CCM101-333x500.jpg","gallery_first-width":333,"gallery_first-height":500,"gallery_thumb":"https:\/\/www.rupes.com\/wp-content\/uploads\/2022\/10\/CCM101-53x80.jpg","gallery_thumb-width":53,"gallery_thumb-height":80,"category_image":"https:\/\/www.rupes.com\/wp-content\/uploads\/2022\/10\/CCM101-133x200.jpg","category_image-width":133,"category_image-height":200,"category_thumb":"https:\/\/www.rupes.com\/wp-content\/uploads\/2022\/10\/CCM101-67x100.jpg","category_thumb-width":67,"category_thumb-height":100}},{"ID":1001409984,"id":1001409984,"title":"CCM101T","filename":"CCM101T.jpg","filesize":386451,"url":"https:\/\/www.rupes.com\/wp-content\/uploads\/2022\/10\/CCM101T.jpg","link":"https:\/\/www.rupes.com\/es\/product\/reveal-lite-residue-remover\/ccm101t-2\/","alt":"","author":"1","description":"","caption":"","name":"ccm101t-2","status":"inherit","uploaded_to":1001401373,"date":"2026-01-23 08:22:16","modified":"2026-01-23 08:28:08","menu_order":0,"mime_type":"image\/jpeg","type":"image","subtype":"jpeg","icon":"https:\/\/www.rupes.com\/wp-includes\/images\/media\/default.png","width":1971,"height":2069,"sizes":{"thumbnail":"https:\/\/www.rupes.com\/wp-content\/uploads\/2022\/10\/CCM101T-150x150.jpg","thumbnail-width":150,"thumbnail-height":150,"medium":"https:\/\/www.rupes.com\/wp-content\/uploads\/2022\/10\/CCM101T-286x300.jpg","medium-width":286,"medium-height":300,"medium_large":"https:\/\/www.rupes.com\/wp-content\/uploads\/2022\/10\/CCM101T-768x806.jpg","medium_large-width":768,"medium_large-height":806,"large":"https:\/\/www.rupes.com\/wp-content\/uploads\/2022\/10\/CCM101T-975x1024.jpg","large-width":975,"large-height":1024,"1536x1536":"https:\/\/www.rupes.com\/wp-content\/uploads\/2022\/10\/CCM101T-1463x1536.jpg","1536x1536-width":1463,"1536x1536-height":1536,"2048x2048":"https:\/\/www.rupes.com\/wp-content\/uploads\/2022\/10\/CCM101T-1951x2048.jpg","2048x2048-width":1951,"2048x2048-height":2048,"thumb_news":"https:\/\/www.rupes.com\/wp-content\/uploads\/2022\/10\/CCM101T-350x200.jpg","thumb_news-width":350,"thumb_news-height":200,"boxhome_small":"https:\/\/www.rupes.com\/wp-content\/uploads\/2022\/10\/CCM101T-200x100.jpg","boxhome_small-width":200,"boxhome_small-height":100,"boxhome_medium":"https:\/\/www.rupes.com\/wp-content\/uploads\/2022\/10\/CCM101T-300x150.jpg","boxhome_medium-width":300,"boxhome_medium-height":150,"boxhome_large":"https:\/\/www.rupes.com\/wp-content\/uploads\/2022\/10\/CCM101T-450x200.jpg","boxhome_large-width":450,"boxhome_large-height":200,"boxproducts_large":"https:\/\/www.rupes.com\/wp-content\/uploads\/2022\/10\/CCM101T-1600x700.jpg","boxproducts_large-width":1600,"boxproducts_large-height":700,"boxproducts_midlarge":"https:\/\/www.rupes.com\/wp-content\/uploads\/2022\/10\/CCM101T-1280x560.jpg","boxproducts_midlarge-width":1280,"boxproducts_midlarge-height":560,"boxproducts_medium":"https:\/\/www.rupes.com\/wp-content\/uploads\/2022\/10\/CCM101T-1024x450.jpg","boxproducts_medium-width":1024,"boxproducts_medium-height":450,"boxproducts_small":"https:\/\/www.rupes.com\/wp-content\/uploads\/2022\/10\/CCM101T-700x305.jpg","boxproducts_small-width":700,"boxproducts_small-height":305,"boxproducts_mobile":"https:\/\/www.rupes.com\/wp-content\/uploads\/2022\/10\/CCM101T-400x175.jpg","boxproducts_mobile-width":400,"boxproducts_mobile-height":175,"product_thumb":"https:\/\/www.rupes.com\/wp-content\/uploads\/2022\/10\/CCM101T-191x200.jpg","product_thumb-width":191,"product_thumb-height":200,"product_home":"https:\/\/www.rupes.com\/wp-content\/uploads\/2022\/10\/CCM101T-1200x700.jpg","product_home-width":1200,"product_home-height":700,"gallery_first":"https:\/\/www.rupes.com\/wp-content\/uploads\/2022\/10\/CCM101T-476x500.jpg","gallery_first-width":476,"gallery_first-height":500,"gallery_thumb":"https:\/\/www.rupes.com\/wp-content\/uploads\/2022\/10\/CCM101T-76x80.jpg","gallery_thumb-width":76,"gallery_thumb-height":80,"category_image":"https:\/\/www.rupes.com\/wp-content\/uploads\/2022\/10\/CCM101T-191x200.jpg","category_image-width":191,"category_image-height":200,"category_thumb":"https:\/\/www.rupes.com\/wp-content\/uploads\/2022\/10\/CCM101T-95x100.jpg","category_thumb-width":95,"category_thumb-height":100}}],"videos":false,"files":[{"label":"msds","etichetta_en":"","etichetta_it":"","etichetta_de":"","etichetta_fr":"","etichetta_es":"","multilingua":"no","file":false,"url_file":"https:\/\/www.rupes.com\/msds\/9.CCM101_english.pdf","file_or_url":"file","file_it":false,"url_it":"","file_or_url_it":"file","file_de":false,"url_de":"","file_or_url_de":"file","file_fr":false,"url_fr":"","file_or_url_fr":"file","file_es":false,"url_es":"","file_or_url_es":"file"},{"label":"tds","etichetta_en":"","etichetta_it":"","etichetta_de":"","etichetta_fr":"","etichetta_es":"","multilingua":"no","file":false,"url_file":"https:\/\/www.rupes.com\/tds\/M101.pdf","file_or_url":"file","file_it":false,"url_it":"","file_or_url_it":"file","file_de":false,"url_de":"","file_or_url_de":"file","file_fr":false,"url_fr":"","file_or_url_fr":"file","file_es":false,"url_es":"","file_or_url_es":"file"},{"label":"brochure","etichetta_en":"","etichetta_it":"","etichetta_de":"","etichetta_fr":"","etichetta_es":"","multilingua":"no","file":{"ID":1001387798,"id":1001387798,"title":"brochure_Car_Care","filename":"brochure_Car_Care-1.pdf","filesize":678052,"url":"https:\/\/www.rupes.com\/wp-content\/uploads\/2019\/10\/brochure_Car_Care-1.pdf","link":"https:\/\/www.rupes.com\/es\/brochure_car_care-2\/","alt":"","author":"1","description":"","caption":"","name":"brochure_car_care-2","status":"inherit","uploaded_to":0,"date":"2019-10-01 14:26:31","modified":"2019-10-01 14:26:31","menu_order":0,"mime_type":"application\/pdf","type":"application","subtype":"pdf","icon":"https:\/\/www.rupes.com\/wp-includes\/images\/media\/document.png"},"url_file":"","file_or_url":"file","file_it":false,"url_it":"","file_or_url_it":"file","file_de":false,"url_de":"","file_or_url_de":"file","file_fr":false,"url_fr":"","file_or_url_fr":"file","file_es":false,"url_es":"","file_or_url_es":"file"}],"blocco_dimensione":[{"codice":"9.CCM101","dimensione":"500ml","immagine":{"ID":1001409979,"id":1001409979,"title":"CCM101","filename":"CCM101.jpg","filesize":83850,"url":"https:\/\/www.rupes.com\/wp-content\/uploads\/2022\/10\/CCM101.jpg","link":"https:\/\/www.rupes.com\/es\/product\/reveal-lite-residue-remover\/ccm101-2\/","alt":"","author":"1","description":"","caption":"","name":"ccm101-2","status":"inherit","uploaded_to":1001401373,"date":"2026-01-23 08:22:11","modified":"2026-01-23 08:22:11","menu_order":0,"mime_type":"image\/jpeg","type":"image","subtype":"jpeg","icon":"https:\/\/www.rupes.com\/wp-includes\/images\/media\/default.png","width":551,"height":827,"sizes":{"thumbnail":"https:\/\/www.rupes.com\/wp-content\/uploads\/2022\/10\/CCM101-150x150.jpg","thumbnail-width":150,"thumbnail-height":150,"medium":"https:\/\/www.rupes.com\/wp-content\/uploads\/2022\/10\/CCM101-200x300.jpg","medium-width":200,"medium-height":300,"medium_large":"https:\/\/www.rupes.com\/wp-content\/uploads\/2022\/10\/CCM101.jpg","medium_large-width":551,"medium_large-height":827,"large":"https:\/\/www.rupes.com\/wp-content\/uploads\/2022\/10\/CCM101.jpg","large-width":551,"large-height":827,"1536x1536":"https:\/\/www.rupes.com\/wp-content\/uploads\/2022\/10\/CCM101.jpg","1536x1536-width":551,"1536x1536-height":827,"2048x2048":"https:\/\/www.rupes.com\/wp-content\/uploads\/2022\/10\/CCM101.jpg","2048x2048-width":551,"2048x2048-height":827,"thumb_news":"https:\/\/www.rupes.com\/wp-content\/uploads\/2022\/10\/CCM101-350x200.jpg","thumb_news-width":350,"thumb_news-height":200,"boxhome_small":"https:\/\/www.rupes.com\/wp-content\/uploads\/2022\/10\/CCM101-200x100.jpg","boxhome_small-width":200,"boxhome_small-height":100,"boxhome_medium":"https:\/\/www.rupes.com\/wp-content\/uploads\/2022\/10\/CCM101-300x150.jpg","boxhome_medium-width":300,"boxhome_medium-height":150,"boxhome_large":"https:\/\/www.rupes.com\/wp-content\/uploads\/2022\/10\/CCM101-450x200.jpg","boxhome_large-width":450,"boxhome_large-height":200,"boxproducts_large":"https:\/\/www.rupes.com\/wp-content\/uploads\/2022\/10\/CCM101-551x700.jpg","boxproducts_large-width":551,"boxproducts_large-height":700,"boxproducts_midlarge":"https:\/\/www.rupes.com\/wp-content\/uploads\/2022\/10\/CCM101-551x560.jpg","boxproducts_midlarge-width":551,"boxproducts_midlarge-height":560,"boxproducts_medium":"https:\/\/www.rupes.com\/wp-content\/uploads\/2022\/10\/CCM101-551x450.jpg","boxproducts_medium-width":551,"boxproducts_medium-height":450,"boxproducts_small":"https:\/\/www.rupes.com\/wp-content\/uploads\/2022\/10\/CCM101-551x305.jpg","boxproducts_small-width":551,"boxproducts_small-height":305,"boxproducts_mobile":"https:\/\/www.rupes.com\/wp-content\/uploads\/2022\/10\/CCM101-400x175.jpg","boxproducts_mobile-width":400,"boxproducts_mobile-height":175,"product_thumb":"https:\/\/www.rupes.com\/wp-content\/uploads\/2022\/10\/CCM101-133x200.jpg","product_thumb-width":133,"product_thumb-height":200,"product_home":"https:\/\/www.rupes.com\/wp-content\/uploads\/2022\/10\/CCM101-551x700.jpg","product_home-width":551,"product_home-height":700,"gallery_first":"https:\/\/www.rupes.com\/wp-content\/uploads\/2022\/10\/CCM101-333x500.jpg","gallery_first-width":333,"gallery_first-height":500,"gallery_thumb":"https:\/\/www.rupes.com\/wp-content\/uploads\/2022\/10\/CCM101-53x80.jpg","gallery_thumb-width":53,"gallery_thumb-height":80,"category_image":"https:\/\/www.rupes.com\/wp-content\/uploads\/2022\/10\/CCM101-133x200.jpg","category_image-width":133,"category_image-height":200,"category_thumb":"https:\/\/www.rupes.com\/wp-content\/uploads\/2022\/10\/CCM101-67x100.jpg","category_thumb-width":67,"category_thumb-height":100}},"descrizione_en":"","descrizione_it":"","descrizione_de":"","descrizione_fr":"","descrizione_es":""},{"codice":"9.CCM101T","dimensione":"5l","immagine":{"ID":1001409984,"id":1001409984,"title":"CCM101T","filename":"CCM101T.jpg","filesize":386451,"url":"https:\/\/www.rupes.com\/wp-content\/uploads\/2022\/10\/CCM101T.jpg","link":"https:\/\/www.rupes.com\/es\/product\/reveal-lite-residue-remover\/ccm101t-2\/","alt":"","author":"1","description":"","caption":"","name":"ccm101t-2","status":"inherit","uploaded_to":1001401373,"date":"2026-01-23 08:22:16","modified":"2026-01-23 08:28:08","menu_order":0,"mime_type":"image\/jpeg","type":"image","subtype":"jpeg","icon":"https:\/\/www.rupes.com\/wp-includes\/images\/media\/default.png","width":1971,"height":2069,"sizes":{"thumbnail":"https:\/\/www.rupes.com\/wp-content\/uploads\/2022\/10\/CCM101T-150x150.jpg","thumbnail-width":150,"thumbnail-height":150,"medium":"https:\/\/www.rupes.com\/wp-content\/uploads\/2022\/10\/CCM101T-286x300.jpg","medium-width":286,"medium-height":300,"medium_large":"https:\/\/www.rupes.com\/wp-content\/uploads\/2022\/10\/CCM101T-768x806.jpg","medium_large-width":768,"medium_large-height":806,"large":"https:\/\/www.rupes.com\/wp-content\/uploads\/2022\/10\/CCM101T-975x1024.jpg","large-width":975,"large-height":1024,"1536x1536":"https:\/\/www.rupes.com\/wp-content\/uploads\/2022\/10\/CCM101T-1463x1536.jpg","1536x1536-width":1463,"1536x1536-height":1536,"2048x2048":"https:\/\/www.rupes.com\/wp-content\/uploads\/2022\/10\/CCM101T-1951x2048.jpg","2048x2048-width":1951,"2048x2048-height":2048,"thumb_news":"https:\/\/www.rupes.com\/wp-content\/uploads\/2022\/10\/CCM101T-350x200.jpg","thumb_news-width":350,"thumb_news-height":200,"boxhome_small":"https:\/\/www.rupes.com\/wp-content\/uploads\/2022\/10\/CCM101T-200x100.jpg","boxhome_small-width":200,"boxhome_small-height":100,"boxhome_medium":"https:\/\/www.rupes.com\/wp-content\/uploads\/2022\/10\/CCM101T-300x150.jpg","boxhome_medium-width":300,"boxhome_medium-height":150,"boxhome_large":"https:\/\/www.rupes.com\/wp-content\/uploads\/2022\/10\/CCM101T-450x200.jpg","boxhome_large-width":450,"boxhome_large-height":200,"boxproducts_large":"https:\/\/www.rupes.com\/wp-content\/uploads\/2022\/10\/CCM101T-1600x700.jpg","boxproducts_large-width":1600,"boxproducts_large-height":700,"boxproducts_midlarge":"https:\/\/www.rupes.com\/wp-content\/uploads\/2022\/10\/CCM101T-1280x560.jpg","boxproducts_midlarge-width":1280,"boxproducts_midlarge-height":560,"boxproducts_medium":"https:\/\/www.rupes.com\/wp-content\/uploads\/2022\/10\/CCM101T-1024x450.jpg","boxproducts_medium-width":1024,"boxproducts_medium-height":450,"boxproducts_small":"https:\/\/www.rupes.com\/wp-content\/uploads\/2022\/10\/CCM101T-700x305.jpg","boxproducts_small-width":700,"boxproducts_small-height":305,"boxproducts_mobile":"https:\/\/www.rupes.com\/wp-content\/uploads\/2022\/10\/CCM101T-400x175.jpg","boxproducts_mobile-width":400,"boxproducts_mobile-height":175,"product_thumb":"https:\/\/www.rupes.com\/wp-content\/uploads\/2022\/10\/CCM101T-191x200.jpg","product_thumb-width":191,"product_thumb-height":200,"product_home":"https:\/\/www.rupes.com\/wp-content\/uploads\/2022\/10\/CCM101T-1200x700.jpg","product_home-width":1200,"product_home-height":700,"gallery_first":"https:\/\/www.rupes.com\/wp-content\/uploads\/2022\/10\/CCM101T-476x500.jpg","gallery_first-width":476,"gallery_first-height":500,"gallery_thumb":"https:\/\/www.rupes.com\/wp-content\/uploads\/2022\/10\/CCM101T-76x80.jpg","gallery_thumb-width":76,"gallery_thumb-height":80,"category_image":"https:\/\/www.rupes.com\/wp-content\/uploads\/2022\/10\/CCM101T-191x200.jpg","category_image-width":191,"category_image-height":200,"category_thumb":"https:\/\/www.rupes.com\/wp-content\/uploads\/2022\/10\/CCM101T-95x100.jpg","category_thumb-width":95,"category_thumb-height":100}},"descrizione_en":"Tank","descrizione_it":"","descrizione_de":"","descrizione_fr":"","descrizione_es":""}],"varianti":false,"kit_vendita":false,"blocchi_prodotti_correlati":[{"iconablocco":"fas fa-share-alt","seleziona_i_prodotti":[1001384096,1001384097,1001384449,1001384174,1001384013,1001384012,1001384011,1001384010],"label":"alternatives","titolo_correlato_en":"","titolo_correlato_it":"","titolo_correlato_de":"","titolo_correlato_fr":"","titolo_correlato_es":""}],"seleziona_tag_notizie":false,"seleziona_le_recensioni":"","attiva_voice_speech":false,"product_b2b_code":"","product_b2b_pdf":"","code_usermanuals":"","code_usermanuals_usa":"","escludi_scheda_sicurezza":false,"google_review_link":"","attiva_collegamento":false},"_links":{"self":[{"href":"https:\/\/www.rupes.com\/es\/wp-json\/wp\/v2\/products\/1001384464","targetHints":{"allow":["GET"]}}],"collection":[{"href":"https:\/\/www.rupes.com\/es\/wp-json\/wp\/v2\/products"}],"about":[{"href":"https:\/\/www.rupes.com\/es\/wp-json\/wp\/v2\/types\/product"}],"wp:attachment":[{"href":"https:\/\/www.rupes.com\/es\/wp-json\/wp\/v2\/media?parent=1001384464"}],"wp:term":[{"taxonomy":"category_product","embeddable":true,"href":"https:\/\/www.rupes.com\/es\/wp-json\/wp\/v2\/categoryproduct?post=1001384464"}],"curies":[{"name":"wp","href":"https:\/\/api.w.org\/{rel}","templated":true}]}}