{"id":1001384174,"date":"2019-10-01T14:10:36","date_gmt":"2019-10-01T12:10:36","guid":{"rendered":""},"modified":"2026-01-23T09:31:46","modified_gmt":"2026-01-23T08:31:46","slug":"protective-sealant-p808","status":"publish","type":"product","link":"https:\/\/www.rupes.com\/es\/product\/protective-sealant-p808\/","title":{"rendered":"Protective sealant P808"},"content":{"rendered":"","protected":false},"featured_media":0,"template":"","meta":{"_acf_changed":false},"categoryproduct":[888965158,888965156],"class_list":["post-1001384174","product","type-product","status-publish","hentry","category_product-consumables-car-care-products","category_product-consumables"],"acf":{"product_codice":"9.CCP808","scheda_nuova":true,"contact_form":true,"attiva_flag_new_product":false,"product_home":"0","attiva_special_message":"disattivo","product_titolo_it":"Protettivo sigillante P808","product_titolo_de":"","product_titolo_fr":"","product_titolo_es":"","product_descrizione_en":"<p>RUPES <strong>P808<\/strong> is the easiest and fastest way to add substantial protection to your vehicle\u2019s exterior surfaces. This streak-free formula applies effortlessly, creating a tough barrier on the surface that shields the surface against environmental contamination, ultraviolet radiation and moisture whilst imparting a brilliant\u00a0shine and high reflectivity to the surface.<\/p>\n<p><strong>P808<\/strong> immediately goes to work upon application and buffs to a haze and streak free shine in just seconds. Advanced technology ensures that P808 cures almost immediately so exposure to rain is no problem. This product works on top of waxes, sealants or paint coatings.<\/p>\n<p>It can even be applied to wet vehicles as a drying aid!<\/p>\n","product_descrizione_it":"<p>Con una semplicissima applicazione, Il <strong>P808<\/strong> crea una sottilissima ed invisibile ma estremamente resistente pellicola protettiva sulla carrozzeria dell\u2019automobile. L\u2019evoluta formulazione protegge fino a 6 mesi dalle pi\u00f9 comuni fonti di contaminazione ambientale, rendendo le superfici trattate pi\u00f9 difficili da sporcare.<\/p>\n<p>Il <strong>P808 incrementa la brillantezza della carrozzeria<\/strong>, rendendola anche \u201csetosa\u201d al tocco, caratteristica questa che permette all\u2019acqua di scorrere agevolmente via in velocit\u00e0. \u00a0Immediatamente dopo l\u2019applicazione l\u2019automobile pu\u00f2 esser guidata normalmente!<\/p>\n<p>Il P808 rappresenta il perfetto completamento di un ciclo di lucidatura eseguito con i prodotti Bigfoot.<\/p>\n<p>Compreso nella confezione da 500 ml: uno spruzzino<\/p>\n","product_descrizione_de":"<p style=\"margin-left: 5.55pt;\">RUPES <strong>P808<\/strong> ist die einfachste und schnellster Versiegelung mit zus\u00e4tzlichem Schutz auf Aussenfl\u00e4chen. Diese streifenfreie Formel gilt als m\u00fchelos, erzeugt eine Schutzschicht gegen Umwelteinfl\u00fcsse, UV-Strahlung und Regen w\u00e4hrend strahlender Glanz und Reflex auf der Oberfl\u00e4che entsteht.<\/p>\n<p style=\"margin-left: 5.55pt;\"><strong>P808<\/strong> wirkt gleich wenige Sekunden nach Anwendung und bringt einen Schlieren und streifenfreien Glanz. Fortschrittliche Technologie sorgt daf\u00fcr, dass P808 gleich Regen ohne Probleme ausgesetzt werden kann. Dieses Produkt funktioniert auf Wachs, Versiegelungen oder Lacken.<\/p>\n<p style=\"margin-left: 5.55pt;\">Es kann auch auf nassen Fahrzeugen als Hilfsmittel zum Trockenen verwendet werden.<\/p>\n","product_descrizione_fr":"<p>RUPES <strong>P808<\/strong> est le moyen le plus simple et le plus rapide pour ajouter une protection substantielle aux surfaces ext\u00e9rieures de votre v\u00e9hicule. Cette formule anti-rayure applique sans effort, cr\u00e9ant une barri\u00e8re forte sur la surface qui prot\u00e8ge la surface contre la contamination de l&#8217;environnement, le rayonnement ultraviolet et l&#8217;humidit\u00e9 tout en conf\u00e9rant un \u00e9clat brillant et une r\u00e9flectivit\u00e9 \u00e9lev\u00e9e \u00e0 la surface.<\/p>\n<p><strong>P808<\/strong> se met imm\u00e9diatement \u00e0 travailler avec l\u2019application et polit pour un \u00e9clat de brume et sans stries en quelques secondes. La technologie avanc\u00e9e assure que P808 soigne presque imm\u00e9diatement de sorte que l&#8217;exposition \u00e0 la pluie ne pose aucun probl\u00e8me. Ce produit fonctionne sur les cires, les mastics ou les rev\u00eatements de peinture.<\/p>\n<p>Il peut m\u00eame \u00eatre appliqu\u00e9 \u00e0 des v\u00e9hicules humides comme adjuvant de s\u00e9chage\u00a0!<\/p>\n","product_descrizione_es":"","product_scheda_en":"","product_scheda_it":"","product_scheda_de":"","product_scheda_fr":"","product_scheda_es":"","thumb":false,"gallery":[{"ID":1001408469,"id":1001408469,"title":"9.CCP808","filename":"9.CCP808.jpg","filesize":149834,"url":"https:\/\/www.rupes.com\/wp-content\/uploads\/2019\/10\/9.CCP808.jpg","link":"https:\/\/www.rupes.com\/es\/product\/protective-sealant-p808\/9-ccp808-2\/","alt":"","author":"2","description":"","caption":"","name":"9-ccp808-2","status":"inherit","uploaded_to":1001384174,"date":"2024-10-02 08:45:12","modified":"2024-10-02 08:45:12","menu_order":0,"mime_type":"image\/jpeg","type":"image","subtype":"jpeg","icon":"https:\/\/www.rupes.com\/wp-includes\/images\/media\/default.png","width":1200,"height":800,"sizes":{"thumbnail":"https:\/\/www.rupes.com\/wp-content\/uploads\/2019\/10\/9.CCP808-150x150.jpg","thumbnail-width":150,"thumbnail-height":150,"medium":"https:\/\/www.rupes.com\/wp-content\/uploads\/2019\/10\/9.CCP808-300x200.jpg","medium-width":300,"medium-height":200,"medium_large":"https:\/\/www.rupes.com\/wp-content\/uploads\/2019\/10\/9.CCP808-768x512.jpg","medium_large-width":768,"medium_large-height":512,"large":"https:\/\/www.rupes.com\/wp-content\/uploads\/2019\/10\/9.CCP808-1024x683.jpg","large-width":1024,"large-height":683,"1536x1536":"https:\/\/www.rupes.com\/wp-content\/uploads\/2019\/10\/9.CCP808.jpg","1536x1536-width":1200,"1536x1536-height":800,"2048x2048":"https:\/\/www.rupes.com\/wp-content\/uploads\/2019\/10\/9.CCP808.jpg","2048x2048-width":1200,"2048x2048-height":800,"thumb_news":"https:\/\/www.rupes.com\/wp-content\/uploads\/2019\/10\/9.CCP808-350x200.jpg","thumb_news-width":350,"thumb_news-height":200,"boxhome_small":"https:\/\/www.rupes.com\/wp-content\/uploads\/2019\/10\/9.CCP808-200x100.jpg","boxhome_small-width":200,"boxhome_small-height":100,"boxhome_medium":"https:\/\/www.rupes.com\/wp-content\/uploads\/2019\/10\/9.CCP808-300x150.jpg","boxhome_medium-width":300,"boxhome_medium-height":150,"boxhome_large":"https:\/\/www.rupes.com\/wp-content\/uploads\/2019\/10\/9.CCP808-450x200.jpg","boxhome_large-width":450,"boxhome_large-height":200,"boxproducts_large":"https:\/\/www.rupes.com\/wp-content\/uploads\/2019\/10\/9.CCP808-1200x700.jpg","boxproducts_large-width":1200,"boxproducts_large-height":700,"boxproducts_midlarge":"https:\/\/www.rupes.com\/wp-content\/uploads\/2019\/10\/9.CCP808-1200x560.jpg","boxproducts_midlarge-width":1200,"boxproducts_midlarge-height":560,"boxproducts_medium":"https:\/\/www.rupes.com\/wp-content\/uploads\/2019\/10\/9.CCP808-1024x450.jpg","boxproducts_medium-width":1024,"boxproducts_medium-height":450,"boxproducts_small":"https:\/\/www.rupes.com\/wp-content\/uploads\/2019\/10\/9.CCP808-700x305.jpg","boxproducts_small-width":700,"boxproducts_small-height":305,"boxproducts_mobile":"https:\/\/www.rupes.com\/wp-content\/uploads\/2019\/10\/9.CCP808-400x175.jpg","boxproducts_mobile-width":400,"boxproducts_mobile-height":175,"product_thumb":"https:\/\/www.rupes.com\/wp-content\/uploads\/2019\/10\/9.CCP808-300x200.jpg","product_thumb-width":300,"product_thumb-height":200,"product_home":"https:\/\/www.rupes.com\/wp-content\/uploads\/2019\/10\/9.CCP808-1200x700.jpg","product_home-width":1200,"product_home-height":700,"gallery_first":"https:\/\/www.rupes.com\/wp-content\/uploads\/2019\/10\/9.CCP808-750x500.jpg","gallery_first-width":750,"gallery_first-height":500,"gallery_thumb":"https:\/\/www.rupes.com\/wp-content\/uploads\/2019\/10\/9.CCP808-105x70.jpg","gallery_thumb-width":105,"gallery_thumb-height":70,"category_image":"https:\/\/www.rupes.com\/wp-content\/uploads\/2019\/10\/9.CCP808-200x133.jpg","category_image-width":200,"category_image-height":133,"category_thumb":"https:\/\/www.rupes.com\/wp-content\/uploads\/2019\/10\/9.CCP808-100x67.jpg","category_thumb-width":100,"category_thumb-height":67}},{"ID":1001410004,"id":1001410004,"title":"CCP808T","filename":"CCP808T.jpg","filesize":362997,"url":"https:\/\/www.rupes.com\/wp-content\/uploads\/2022\/10\/CCP808T.jpg","link":"https:\/\/www.rupes.com\/es\/product\/reveal-lite-residue-remover\/ccp808t-2\/","alt":"","author":"1","description":"","caption":"","name":"ccp808t-2","status":"inherit","uploaded_to":1001401373,"date":"2026-01-23 08:22:40","modified":"2026-01-23 08:31:28","menu_order":0,"mime_type":"image\/jpeg","type":"image","subtype":"jpeg","icon":"https:\/\/www.rupes.com\/wp-includes\/images\/media\/default.png","width":1971,"height":2069,"sizes":{"thumbnail":"https:\/\/www.rupes.com\/wp-content\/uploads\/2022\/10\/CCP808T-150x150.jpg","thumbnail-width":150,"thumbnail-height":150,"medium":"https:\/\/www.rupes.com\/wp-content\/uploads\/2022\/10\/CCP808T-286x300.jpg","medium-width":286,"medium-height":300,"medium_large":"https:\/\/www.rupes.com\/wp-content\/uploads\/2022\/10\/CCP808T-768x806.jpg","medium_large-width":768,"medium_large-height":806,"large":"https:\/\/www.rupes.com\/wp-content\/uploads\/2022\/10\/CCP808T-975x1024.jpg","large-width":975,"large-height":1024,"1536x1536":"https:\/\/www.rupes.com\/wp-content\/uploads\/2022\/10\/CCP808T-1463x1536.jpg","1536x1536-width":1463,"1536x1536-height":1536,"2048x2048":"https:\/\/www.rupes.com\/wp-content\/uploads\/2022\/10\/CCP808T-1951x2048.jpg","2048x2048-width":1951,"2048x2048-height":2048,"thumb_news":"https:\/\/www.rupes.com\/wp-content\/uploads\/2022\/10\/CCP808T-350x200.jpg","thumb_news-width":350,"thumb_news-height":200,"boxhome_small":"https:\/\/www.rupes.com\/wp-content\/uploads\/2022\/10\/CCP808T-200x100.jpg","boxhome_small-width":200,"boxhome_small-height":100,"boxhome_medium":"https:\/\/www.rupes.com\/wp-content\/uploads\/2022\/10\/CCP808T-300x150.jpg","boxhome_medium-width":300,"boxhome_medium-height":150,"boxhome_large":"https:\/\/www.rupes.com\/wp-content\/uploads\/2022\/10\/CCP808T-450x200.jpg","boxhome_large-width":450,"boxhome_large-height":200,"boxproducts_large":"https:\/\/www.rupes.com\/wp-content\/uploads\/2022\/10\/CCP808T-1600x700.jpg","boxproducts_large-width":1600,"boxproducts_large-height":700,"boxproducts_midlarge":"https:\/\/www.rupes.com\/wp-content\/uploads\/2022\/10\/CCP808T-1280x560.jpg","boxproducts_midlarge-width":1280,"boxproducts_midlarge-height":560,"boxproducts_medium":"https:\/\/www.rupes.com\/wp-content\/uploads\/2022\/10\/CCP808T-1024x450.jpg","boxproducts_medium-width":1024,"boxproducts_medium-height":450,"boxproducts_small":"https:\/\/www.rupes.com\/wp-content\/uploads\/2022\/10\/CCP808T-700x305.jpg","boxproducts_small-width":700,"boxproducts_small-height":305,"boxproducts_mobile":"https:\/\/www.rupes.com\/wp-content\/uploads\/2022\/10\/CCP808T-400x175.jpg","boxproducts_mobile-width":400,"boxproducts_mobile-height":175,"product_thumb":"https:\/\/www.rupes.com\/wp-content\/uploads\/2022\/10\/CCP808T-191x200.jpg","product_thumb-width":191,"product_thumb-height":200,"product_home":"https:\/\/www.rupes.com\/wp-content\/uploads\/2022\/10\/CCP808T-1200x700.jpg","product_home-width":1200,"product_home-height":700,"gallery_first":"https:\/\/www.rupes.com\/wp-content\/uploads\/2022\/10\/CCP808T-476x500.jpg","gallery_first-width":476,"gallery_first-height":500,"gallery_thumb":"https:\/\/www.rupes.com\/wp-content\/uploads\/2022\/10\/CCP808T-76x80.jpg","gallery_thumb-width":76,"gallery_thumb-height":80,"category_image":"https:\/\/www.rupes.com\/wp-content\/uploads\/2022\/10\/CCP808T-191x200.jpg","category_image-width":191,"category_image-height":200,"category_thumb":"https:\/\/www.rupes.com\/wp-content\/uploads\/2022\/10\/CCP808T-95x100.jpg","category_thumb-width":95,"category_thumb-height":100}},{"ID":1001387763,"id":1001387763,"title":"Protective_sealant_9CCP808_application","filename":"Protective_sealant_9CCP808_application.jpg","filesize":120387,"url":"https:\/\/www.rupes.com\/wp-content\/uploads\/2019\/10\/Protective_sealant_9CCP808_application.jpg","link":"https:\/\/www.rupes.com\/es\/protective_sealant_9ccp808_application-2\/","alt":"Protective sealant P808 application","author":"1","description":"","caption":"Application  of P808 Crystal glass polish","name":"protective_sealant_9ccp808_application-2","status":"inherit","uploaded_to":0,"date":"2019-10-01 09:45:09","modified":"2019-10-01 09:46:41","menu_order":0,"mime_type":"image\/jpeg","type":"image","subtype":"jpeg","icon":"https:\/\/www.rupes.com\/wp-includes\/images\/media\/default.png","width":1200,"height":800,"sizes":{"thumbnail":"https:\/\/www.rupes.com\/wp-content\/uploads\/2019\/10\/Protective_sealant_9CCP808_application-150x150.jpg","thumbnail-width":150,"thumbnail-height":150,"medium":"https:\/\/www.rupes.com\/wp-content\/uploads\/2019\/10\/Protective_sealant_9CCP808_application-300x200.jpg","medium-width":300,"medium-height":200,"medium_large":"https:\/\/www.rupes.com\/wp-content\/uploads\/2019\/10\/Protective_sealant_9CCP808_application-768x512.jpg","medium_large-width":768,"medium_large-height":512,"large":"https:\/\/www.rupes.com\/wp-content\/uploads\/2019\/10\/Protective_sealant_9CCP808_application-1024x683.jpg","large-width":1024,"large-height":683,"1536x1536":"https:\/\/www.rupes.com\/wp-content\/uploads\/2019\/10\/Protective_sealant_9CCP808_application.jpg","1536x1536-width":1200,"1536x1536-height":800,"2048x2048":"https:\/\/www.rupes.com\/wp-content\/uploads\/2019\/10\/Protective_sealant_9CCP808_application.jpg","2048x2048-width":1200,"2048x2048-height":800,"thumb_news":"https:\/\/www.rupes.com\/wp-content\/uploads\/2019\/10\/Protective_sealant_9CCP808_application-350x200.jpg","thumb_news-width":350,"thumb_news-height":200,"boxhome_small":"https:\/\/www.rupes.com\/wp-content\/uploads\/2019\/10\/Protective_sealant_9CCP808_application-200x100.jpg","boxhome_small-width":200,"boxhome_small-height":100,"boxhome_medium":"https:\/\/www.rupes.com\/wp-content\/uploads\/2019\/10\/Protective_sealant_9CCP808_application-300x150.jpg","boxhome_medium-width":300,"boxhome_medium-height":150,"boxhome_large":"https:\/\/www.rupes.com\/wp-content\/uploads\/2019\/10\/Protective_sealant_9CCP808_application-450x200.jpg","boxhome_large-width":450,"boxhome_large-height":200,"boxproducts_large":"https:\/\/www.rupes.com\/wp-content\/uploads\/2019\/10\/Protective_sealant_9CCP808_application-1200x700.jpg","boxproducts_large-width":1200,"boxproducts_large-height":700,"boxproducts_midlarge":"https:\/\/www.rupes.com\/wp-content\/uploads\/2019\/10\/Protective_sealant_9CCP808_application-1200x560.jpg","boxproducts_midlarge-width":1200,"boxproducts_midlarge-height":560,"boxproducts_medium":"https:\/\/www.rupes.com\/wp-content\/uploads\/2019\/10\/Protective_sealant_9CCP808_application-1024x450.jpg","boxproducts_medium-width":1024,"boxproducts_medium-height":450,"boxproducts_small":"https:\/\/www.rupes.com\/wp-content\/uploads\/2019\/10\/Protective_sealant_9CCP808_application-700x305.jpg","boxproducts_small-width":700,"boxproducts_small-height":305,"boxproducts_mobile":"https:\/\/www.rupes.com\/wp-content\/uploads\/2019\/10\/Protective_sealant_9CCP808_application-400x175.jpg","boxproducts_mobile-width":400,"boxproducts_mobile-height":175,"product_thumb":"https:\/\/www.rupes.com\/wp-content\/uploads\/2019\/10\/Protective_sealant_9CCP808_application-300x200.jpg","product_thumb-width":300,"product_thumb-height":200,"product_home":"https:\/\/www.rupes.com\/wp-content\/uploads\/2019\/10\/Protective_sealant_9CCP808_application.jpg","product_home-width":1050,"product_home-height":700,"gallery_first":"https:\/\/www.rupes.com\/wp-content\/uploads\/2019\/10\/Protective_sealant_9CCP808_application-750x500.jpg","gallery_first-width":750,"gallery_first-height":500,"gallery_thumb":"https:\/\/www.rupes.com\/wp-content\/uploads\/2019\/10\/Protective_sealant_9CCP808_application-105x70.jpg","gallery_thumb-width":105,"gallery_thumb-height":70,"category_image":"https:\/\/www.rupes.com\/wp-content\/uploads\/2019\/10\/Protective_sealant_9CCP808_application.jpg","category_image-width":200,"category_image-height":133,"category_thumb":"https:\/\/www.rupes.com\/wp-content\/uploads\/2019\/10\/Protective_sealant_9CCP808_application.jpg","category_thumb-width":100,"category_thumb-height":67}}],"videos":false,"files":[{"label":"msds","etichetta_en":"","etichetta_it":"","etichetta_de":"","etichetta_fr":"","etichetta_es":"","multilingua":"no","file":false,"url_file":"https:\/\/www.rupes.com\/msds\/9.CCP808_english.pdf","file_or_url":"file","file_it":false,"url_it":"","file_or_url_it":"file","file_de":false,"url_de":"","file_or_url_de":"file","file_fr":false,"url_fr":"","file_or_url_fr":"file","file_es":false,"url_es":"","file_or_url_es":"file"},{"label":"tds","etichetta_en":"","etichetta_it":"","etichetta_de":"","etichetta_fr":"","etichetta_es":"","multilingua":"no","file":false,"url_file":"https:\/\/www.rupes.com\/tds\/P808.pdf","file_or_url":"file","file_it":false,"url_it":"","file_or_url_it":"file","file_de":false,"url_de":"","file_or_url_de":"file","file_fr":false,"url_fr":"","file_or_url_fr":"file","file_es":false,"url_es":"","file_or_url_es":"file"}],"blocco_dimensione":[{"codice":"9.CCP808","dimensione":"500ml","immagine":{"ID":1001408474,"id":1001408474,"title":"9.CCP808","filename":"9.CCP808-1.jpg","filesize":149834,"url":"https:\/\/www.rupes.com\/wp-content\/uploads\/2019\/10\/9.CCP808-1.jpg","link":"https:\/\/www.rupes.com\/es\/product\/protective-sealant-p808\/9-ccp808-2-2\/","alt":"","author":"2","description":"","caption":"","name":"9-ccp808-2-2","status":"inherit","uploaded_to":1001384174,"date":"2024-10-02 08:45:35","modified":"2024-10-02 08:45:35","menu_order":0,"mime_type":"image\/jpeg","type":"image","subtype":"jpeg","icon":"https:\/\/www.rupes.com\/wp-includes\/images\/media\/default.png","width":1200,"height":800,"sizes":{"thumbnail":"https:\/\/www.rupes.com\/wp-content\/uploads\/2019\/10\/9.CCP808-1-150x150.jpg","thumbnail-width":150,"thumbnail-height":150,"medium":"https:\/\/www.rupes.com\/wp-content\/uploads\/2019\/10\/9.CCP808-1-300x200.jpg","medium-width":300,"medium-height":200,"medium_large":"https:\/\/www.rupes.com\/wp-content\/uploads\/2019\/10\/9.CCP808-1-768x512.jpg","medium_large-width":768,"medium_large-height":512,"large":"https:\/\/www.rupes.com\/wp-content\/uploads\/2019\/10\/9.CCP808-1-1024x683.jpg","large-width":1024,"large-height":683,"1536x1536":"https:\/\/www.rupes.com\/wp-content\/uploads\/2019\/10\/9.CCP808-1.jpg","1536x1536-width":1200,"1536x1536-height":800,"2048x2048":"https:\/\/www.rupes.com\/wp-content\/uploads\/2019\/10\/9.CCP808-1.jpg","2048x2048-width":1200,"2048x2048-height":800,"thumb_news":"https:\/\/www.rupes.com\/wp-content\/uploads\/2019\/10\/9.CCP808-1-350x200.jpg","thumb_news-width":350,"thumb_news-height":200,"boxhome_small":"https:\/\/www.rupes.com\/wp-content\/uploads\/2019\/10\/9.CCP808-1-200x100.jpg","boxhome_small-width":200,"boxhome_small-height":100,"boxhome_medium":"https:\/\/www.rupes.com\/wp-content\/uploads\/2019\/10\/9.CCP808-1-300x150.jpg","boxhome_medium-width":300,"boxhome_medium-height":150,"boxhome_large":"https:\/\/www.rupes.com\/wp-content\/uploads\/2019\/10\/9.CCP808-1-450x200.jpg","boxhome_large-width":450,"boxhome_large-height":200,"boxproducts_large":"https:\/\/www.rupes.com\/wp-content\/uploads\/2019\/10\/9.CCP808-1-1200x700.jpg","boxproducts_large-width":1200,"boxproducts_large-height":700,"boxproducts_midlarge":"https:\/\/www.rupes.com\/wp-content\/uploads\/2019\/10\/9.CCP808-1-1200x560.jpg","boxproducts_midlarge-width":1200,"boxproducts_midlarge-height":560,"boxproducts_medium":"https:\/\/www.rupes.com\/wp-content\/uploads\/2019\/10\/9.CCP808-1-1024x450.jpg","boxproducts_medium-width":1024,"boxproducts_medium-height":450,"boxproducts_small":"https:\/\/www.rupes.com\/wp-content\/uploads\/2019\/10\/9.CCP808-1-700x305.jpg","boxproducts_small-width":700,"boxproducts_small-height":305,"boxproducts_mobile":"https:\/\/www.rupes.com\/wp-content\/uploads\/2019\/10\/9.CCP808-1-400x175.jpg","boxproducts_mobile-width":400,"boxproducts_mobile-height":175,"product_thumb":"https:\/\/www.rupes.com\/wp-content\/uploads\/2019\/10\/9.CCP808-1-300x200.jpg","product_thumb-width":300,"product_thumb-height":200,"product_home":"https:\/\/www.rupes.com\/wp-content\/uploads\/2019\/10\/9.CCP808-1-1200x700.jpg","product_home-width":1200,"product_home-height":700,"gallery_first":"https:\/\/www.rupes.com\/wp-content\/uploads\/2019\/10\/9.CCP808-1-750x500.jpg","gallery_first-width":750,"gallery_first-height":500,"gallery_thumb":"https:\/\/www.rupes.com\/wp-content\/uploads\/2019\/10\/9.CCP808-1-105x70.jpg","gallery_thumb-width":105,"gallery_thumb-height":70,"category_image":"https:\/\/www.rupes.com\/wp-content\/uploads\/2019\/10\/9.CCP808-1-200x133.jpg","category_image-width":200,"category_image-height":133,"category_thumb":"https:\/\/www.rupes.com\/wp-content\/uploads\/2019\/10\/9.CCP808-1-100x67.jpg","category_thumb-width":100,"category_thumb-height":67}},"descrizione_en":"","descrizione_it":"","descrizione_de":"","descrizione_fr":"","descrizione_es":""},{"codice":"9.CCP808T","dimensione":"5l","immagine":{"ID":1001410004,"id":1001410004,"title":"CCP808T","filename":"CCP808T.jpg","filesize":362997,"url":"https:\/\/www.rupes.com\/wp-content\/uploads\/2022\/10\/CCP808T.jpg","link":"https:\/\/www.rupes.com\/es\/product\/reveal-lite-residue-remover\/ccp808t-2\/","alt":"","author":"1","description":"","caption":"","name":"ccp808t-2","status":"inherit","uploaded_to":1001401373,"date":"2026-01-23 08:22:40","modified":"2026-01-23 08:31:28","menu_order":0,"mime_type":"image\/jpeg","type":"image","subtype":"jpeg","icon":"https:\/\/www.rupes.com\/wp-includes\/images\/media\/default.png","width":1971,"height":2069,"sizes":{"thumbnail":"https:\/\/www.rupes.com\/wp-content\/uploads\/2022\/10\/CCP808T-150x150.jpg","thumbnail-width":150,"thumbnail-height":150,"medium":"https:\/\/www.rupes.com\/wp-content\/uploads\/2022\/10\/CCP808T-286x300.jpg","medium-width":286,"medium-height":300,"medium_large":"https:\/\/www.rupes.com\/wp-content\/uploads\/2022\/10\/CCP808T-768x806.jpg","medium_large-width":768,"medium_large-height":806,"large":"https:\/\/www.rupes.com\/wp-content\/uploads\/2022\/10\/CCP808T-975x1024.jpg","large-width":975,"large-height":1024,"1536x1536":"https:\/\/www.rupes.com\/wp-content\/uploads\/2022\/10\/CCP808T-1463x1536.jpg","1536x1536-width":1463,"1536x1536-height":1536,"2048x2048":"https:\/\/www.rupes.com\/wp-content\/uploads\/2022\/10\/CCP808T-1951x2048.jpg","2048x2048-width":1951,"2048x2048-height":2048,"thumb_news":"https:\/\/www.rupes.com\/wp-content\/uploads\/2022\/10\/CCP808T-350x200.jpg","thumb_news-width":350,"thumb_news-height":200,"boxhome_small":"https:\/\/www.rupes.com\/wp-content\/uploads\/2022\/10\/CCP808T-200x100.jpg","boxhome_small-width":200,"boxhome_small-height":100,"boxhome_medium":"https:\/\/www.rupes.com\/wp-content\/uploads\/2022\/10\/CCP808T-300x150.jpg","boxhome_medium-width":300,"boxhome_medium-height":150,"boxhome_large":"https:\/\/www.rupes.com\/wp-content\/uploads\/2022\/10\/CCP808T-450x200.jpg","boxhome_large-width":450,"boxhome_large-height":200,"boxproducts_large":"https:\/\/www.rupes.com\/wp-content\/uploads\/2022\/10\/CCP808T-1600x700.jpg","boxproducts_large-width":1600,"boxproducts_large-height":700,"boxproducts_midlarge":"https:\/\/www.rupes.com\/wp-content\/uploads\/2022\/10\/CCP808T-1280x560.jpg","boxproducts_midlarge-width":1280,"boxproducts_midlarge-height":560,"boxproducts_medium":"https:\/\/www.rupes.com\/wp-content\/uploads\/2022\/10\/CCP808T-1024x450.jpg","boxproducts_medium-width":1024,"boxproducts_medium-height":450,"boxproducts_small":"https:\/\/www.rupes.com\/wp-content\/uploads\/2022\/10\/CCP808T-700x305.jpg","boxproducts_small-width":700,"boxproducts_small-height":305,"boxproducts_mobile":"https:\/\/www.rupes.com\/wp-content\/uploads\/2022\/10\/CCP808T-400x175.jpg","boxproducts_mobile-width":400,"boxproducts_mobile-height":175,"product_thumb":"https:\/\/www.rupes.com\/wp-content\/uploads\/2022\/10\/CCP808T-191x200.jpg","product_thumb-width":191,"product_thumb-height":200,"product_home":"https:\/\/www.rupes.com\/wp-content\/uploads\/2022\/10\/CCP808T-1200x700.jpg","product_home-width":1200,"product_home-height":700,"gallery_first":"https:\/\/www.rupes.com\/wp-content\/uploads\/2022\/10\/CCP808T-476x500.jpg","gallery_first-width":476,"gallery_first-height":500,"gallery_thumb":"https:\/\/www.rupes.com\/wp-content\/uploads\/2022\/10\/CCP808T-76x80.jpg","gallery_thumb-width":76,"gallery_thumb-height":80,"category_image":"https:\/\/www.rupes.com\/wp-content\/uploads\/2022\/10\/CCP808T-191x200.jpg","category_image-width":191,"category_image-height":200,"category_thumb":"https:\/\/www.rupes.com\/wp-content\/uploads\/2022\/10\/CCP808T-95x100.jpg","category_thumb-width":95,"category_thumb-height":100}},"descrizione_en":"Tank","descrizione_it":"","descrizione_de":"","descrizione_fr":"","descrizione_es":""}],"varianti":false,"kit_vendita":false,"blocchi_prodotti_correlati":[{"iconablocco":"fas fa-share-alt","seleziona_i_prodotti":[1001384096,1001384464,1001384097,1001384449,1001384012,1001384011,1001384013,1001384010],"label":"view related products","titolo_correlato_en":"","titolo_correlato_it":"","titolo_correlato_de":"","titolo_correlato_fr":"","titolo_correlato_es":""}],"seleziona_tag_notizie":false,"seleziona_le_recensioni":"","attiva_voice_speech":false,"product_b2b_code":"","product_b2b_pdf":"","code_usermanuals":"","code_usermanuals_usa":"","escludi_scheda_sicurezza":false,"google_review_link":"","attiva_collegamento":false},"_links":{"self":[{"href":"https:\/\/www.rupes.com\/es\/wp-json\/wp\/v2\/products\/1001384174","targetHints":{"allow":["GET"]}}],"collection":[{"href":"https:\/\/www.rupes.com\/es\/wp-json\/wp\/v2\/products"}],"about":[{"href":"https:\/\/www.rupes.com\/es\/wp-json\/wp\/v2\/types\/product"}],"wp:attachment":[{"href":"https:\/\/www.rupes.com\/es\/wp-json\/wp\/v2\/media?parent=1001384174"}],"wp:term":[{"taxonomy":"category_product","embeddable":true,"href":"https:\/\/www.rupes.com\/es\/wp-json\/wp\/v2\/categoryproduct?post=1001384174"}],"curies":[{"name":"wp","href":"https:\/\/api.w.org\/{rel}","templated":true}]}}