{"id":1001384096,"date":"2019-10-01T15:15:12","date_gmt":"2019-10-01T13:15:12","guid":{"rendered":""},"modified":"2024-10-02T10:34:06","modified_gmt":"2024-10-02T08:34:06","slug":"multi-purpose-degreaser-m501","status":"publish","type":"product","link":"https:\/\/www.rupes.com\/es\/product\/multi-purpose-degreaser-m501\/","title":{"rendered":"Multi purpose degreaser M501"},"content":{"rendered":"","protected":false},"featured_media":0,"template":"","meta":{"_acf_changed":true},"categoryproduct":[888965158,888965156],"class_list":["post-1001384096","product","type-product","status-publish","hentry","category_product-consumables-car-care-products","category_product-consumables"],"acf":{"product_codice":"9.CCM501","scheda_nuova":true,"contact_form":true,"attiva_flag_new_product":false,"product_home":"0","attiva_special_message":"disattivo","product_titolo_it":"Sgrassatore multiuso M501","product_titolo_de":"","product_titolo_fr":"","product_titolo_es":"","product_descrizione_en":"<p>RUPES <strong>M501 Multi Purpose Degreaser<\/strong> is a highly effective cleaner that removes soil from a wide variety of automotive surfaces.<\/p>\n<p>The concentrated formula is powerful enough to degrease an engine, yet safe enough for the most delicate Italian leathers.<\/p>\n<p>Multi Purpose Degreaser is highly concentrated for cost savings and can be diluted for a variety of tasks.<\/p>\n","product_descrizione_it":"<p>Rupes <strong>M501 Sgrassatore multiuso<\/strong> \u00e8 un detergente altamente concentrato, da impiegarsi opportunamente diluito con acqua, che pu\u00f2 esser utilizzato in tutta tranquillit\u00e0 e sicurezza per rimuovere lo sporco da una grande variet\u00e0 di superfici dell\u2019automobile.<\/p>\n<p>La potente formulazione \u00e8 abbastanza efficace da sgrassare il vano motore dell\u2019auto o la parte interna dei passaruota (diluizione consigliate 1:5), ma al contempo abbastanza delicata da poter esser utilizzata direttamente sulla pelle dei sedili o sulle plastiche dell\u2019abitacolo (diluzione 1:20 e in questo caso non \u00e8 necessario risciacquare).<\/p>\n","product_descrizione_de":"<p>RUPES <strong>M501 Multi Purpose Degreaser<\/strong> ist ein hoch wirksamer Reiniger, der Dreck von verschiedenen Automobiloberfl\u00e4chen l\u00f6st.<\/p>\n<p>Die konzentrierte Formel ist stark genug um den Mototraum zu entfetten und sanft genug um empfindliches<\/p>\n","product_descrizione_fr":"<p>RUPES <strong>M501 D\u00e9graissant multi-usage<\/strong> est un nettoyant tr\u00e8s efficace qui \u00e9limine la terre \u00e0 partir d&#8217;une grande vari\u00e9t\u00e9 de surfaces automobiles.<\/p>\n<p>La formule concentr\u00e9e est assez puissante pour d\u00e9graisser un moteur, mais assez s\u00e9curis\u00e9 pour les cuirs italiens les plus d\u00e9licats.<\/p>\n<p>Le d\u00e9graissant multi-usage est tr\u00e8s concentr\u00e9 pour r\u00e9aliser des \u00e9conomies et peut \u00eatre dilu\u00e9 pour une vari\u00e9t\u00e9 de t\u00e2ches.<\/p>\n","product_descrizione_es":"","product_scheda_en":"","product_scheda_it":"","product_scheda_de":"","product_scheda_fr":"","product_scheda_es":"","thumb":false,"gallery":[{"ID":1001408453,"id":1001408453,"title":"9.CCM501","filename":"9.CCM501-4.jpg","filesize":105394,"url":"https:\/\/www.rupes.com\/wp-content\/uploads\/2019\/10\/9.CCM501-4.jpg","link":"https:\/\/www.rupes.com\/es\/product\/multi-purpose-degreaser-m501\/9-ccm501-4-2\/","alt":"","author":"2","description":"","caption":"","name":"9-ccm501-4-2","status":"inherit","uploaded_to":1001384096,"date":"2024-10-02 08:24:40","modified":"2024-10-02 08:24:40","menu_order":0,"mime_type":"image\/jpeg","type":"image","subtype":"jpeg","icon":"https:\/\/www.rupes.com\/wp-includes\/images\/media\/default.png","width":1200,"height":800,"sizes":{"thumbnail":"https:\/\/www.rupes.com\/wp-content\/uploads\/2019\/10\/9.CCM501-4-150x150.jpg","thumbnail-width":150,"thumbnail-height":150,"medium":"https:\/\/www.rupes.com\/wp-content\/uploads\/2019\/10\/9.CCM501-4-300x200.jpg","medium-width":300,"medium-height":200,"medium_large":"https:\/\/www.rupes.com\/wp-content\/uploads\/2019\/10\/9.CCM501-4-768x512.jpg","medium_large-width":768,"medium_large-height":512,"large":"https:\/\/www.rupes.com\/wp-content\/uploads\/2019\/10\/9.CCM501-4-1024x683.jpg","large-width":1024,"large-height":683,"1536x1536":"https:\/\/www.rupes.com\/wp-content\/uploads\/2019\/10\/9.CCM501-4.jpg","1536x1536-width":1200,"1536x1536-height":800,"2048x2048":"https:\/\/www.rupes.com\/wp-content\/uploads\/2019\/10\/9.CCM501-4.jpg","2048x2048-width":1200,"2048x2048-height":800,"thumb_news":"https:\/\/www.rupes.com\/wp-content\/uploads\/2019\/10\/9.CCM501-4-350x200.jpg","thumb_news-width":350,"thumb_news-height":200,"boxhome_small":"https:\/\/www.rupes.com\/wp-content\/uploads\/2019\/10\/9.CCM501-4-200x100.jpg","boxhome_small-width":200,"boxhome_small-height":100,"boxhome_medium":"https:\/\/www.rupes.com\/wp-content\/uploads\/2019\/10\/9.CCM501-4-300x150.jpg","boxhome_medium-width":300,"boxhome_medium-height":150,"boxhome_large":"https:\/\/www.rupes.com\/wp-content\/uploads\/2019\/10\/9.CCM501-4-450x200.jpg","boxhome_large-width":450,"boxhome_large-height":200,"boxproducts_large":"https:\/\/www.rupes.com\/wp-content\/uploads\/2019\/10\/9.CCM501-4-1200x700.jpg","boxproducts_large-width":1200,"boxproducts_large-height":700,"boxproducts_midlarge":"https:\/\/www.rupes.com\/wp-content\/uploads\/2019\/10\/9.CCM501-4-1200x560.jpg","boxproducts_midlarge-width":1200,"boxproducts_midlarge-height":560,"boxproducts_medium":"https:\/\/www.rupes.com\/wp-content\/uploads\/2019\/10\/9.CCM501-4-1024x450.jpg","boxproducts_medium-width":1024,"boxproducts_medium-height":450,"boxproducts_small":"https:\/\/www.rupes.com\/wp-content\/uploads\/2019\/10\/9.CCM501-4-700x305.jpg","boxproducts_small-width":700,"boxproducts_small-height":305,"boxproducts_mobile":"https:\/\/www.rupes.com\/wp-content\/uploads\/2019\/10\/9.CCM501-4-400x175.jpg","boxproducts_mobile-width":400,"boxproducts_mobile-height":175,"product_thumb":"https:\/\/www.rupes.com\/wp-content\/uploads\/2019\/10\/9.CCM501-4-300x200.jpg","product_thumb-width":300,"product_thumb-height":200,"product_home":"https:\/\/www.rupes.com\/wp-content\/uploads\/2019\/10\/9.CCM501-4-1200x700.jpg","product_home-width":1200,"product_home-height":700,"gallery_first":"https:\/\/www.rupes.com\/wp-content\/uploads\/2019\/10\/9.CCM501-4-750x500.jpg","gallery_first-width":750,"gallery_first-height":500,"gallery_thumb":"https:\/\/www.rupes.com\/wp-content\/uploads\/2019\/10\/9.CCM501-4-105x70.jpg","gallery_thumb-width":105,"gallery_thumb-height":70,"category_image":"https:\/\/www.rupes.com\/wp-content\/uploads\/2019\/10\/9.CCM501-4-200x133.jpg","category_image-width":200,"category_image-height":133,"category_thumb":"https:\/\/www.rupes.com\/wp-content\/uploads\/2019\/10\/9.CCM501-4-100x67.jpg","category_thumb-width":100,"category_thumb-height":67}},{"ID":1001387660,"id":1001387660,"title":"Multi_purpose-_degreaser_9ccm501T_5L","filename":"Multi_purpose-_degreaser_9ccm501T_5L.jpg","filesize":48483,"url":"https:\/\/www.rupes.com\/wp-content\/uploads\/2019\/09\/Multi_purpose-_degreaser_9ccm501T_5L.jpg","link":"https:\/\/www.rupes.com\/es\/multi_purpose-_degreaser_9ccm501t_5l-2\/","alt":"Multi purpose degreaser M501 5l","author":"1","description":"","caption":"","name":"multi_purpose-_degreaser_9ccm501t_5l-2","status":"inherit","uploaded_to":0,"date":"2019-09-30 10:50:09","modified":"2019-09-30 10:50:22","menu_order":0,"mime_type":"image\/jpeg","type":"image","subtype":"jpeg","icon":"https:\/\/www.rupes.com\/wp-includes\/images\/media\/default.png","width":1200,"height":800,"sizes":{"thumbnail":"https:\/\/www.rupes.com\/wp-content\/uploads\/2019\/09\/Multi_purpose-_degreaser_9ccm501T_5L-150x150.jpg","thumbnail-width":150,"thumbnail-height":150,"medium":"https:\/\/www.rupes.com\/wp-content\/uploads\/2019\/09\/Multi_purpose-_degreaser_9ccm501T_5L-300x200.jpg","medium-width":300,"medium-height":200,"medium_large":"https:\/\/www.rupes.com\/wp-content\/uploads\/2019\/09\/Multi_purpose-_degreaser_9ccm501T_5L-768x512.jpg","medium_large-width":768,"medium_large-height":512,"large":"https:\/\/www.rupes.com\/wp-content\/uploads\/2019\/09\/Multi_purpose-_degreaser_9ccm501T_5L-1024x683.jpg","large-width":1024,"large-height":683,"1536x1536":"https:\/\/www.rupes.com\/wp-content\/uploads\/2019\/09\/Multi_purpose-_degreaser_9ccm501T_5L.jpg","1536x1536-width":1200,"1536x1536-height":800,"2048x2048":"https:\/\/www.rupes.com\/wp-content\/uploads\/2019\/09\/Multi_purpose-_degreaser_9ccm501T_5L.jpg","2048x2048-width":1200,"2048x2048-height":800,"thumb_news":"https:\/\/www.rupes.com\/wp-content\/uploads\/2019\/09\/Multi_purpose-_degreaser_9ccm501T_5L-350x200.jpg","thumb_news-width":350,"thumb_news-height":200,"boxhome_small":"https:\/\/www.rupes.com\/wp-content\/uploads\/2019\/09\/Multi_purpose-_degreaser_9ccm501T_5L-200x100.jpg","boxhome_small-width":200,"boxhome_small-height":100,"boxhome_medium":"https:\/\/www.rupes.com\/wp-content\/uploads\/2019\/09\/Multi_purpose-_degreaser_9ccm501T_5L-300x150.jpg","boxhome_medium-width":300,"boxhome_medium-height":150,"boxhome_large":"https:\/\/www.rupes.com\/wp-content\/uploads\/2019\/09\/Multi_purpose-_degreaser_9ccm501T_5L-450x200.jpg","boxhome_large-width":450,"boxhome_large-height":200,"boxproducts_large":"https:\/\/www.rupes.com\/wp-content\/uploads\/2019\/09\/Multi_purpose-_degreaser_9ccm501T_5L-1200x700.jpg","boxproducts_large-width":1200,"boxproducts_large-height":700,"boxproducts_midlarge":"https:\/\/www.rupes.com\/wp-content\/uploads\/2019\/09\/Multi_purpose-_degreaser_9ccm501T_5L-1200x560.jpg","boxproducts_midlarge-width":1200,"boxproducts_midlarge-height":560,"boxproducts_medium":"https:\/\/www.rupes.com\/wp-content\/uploads\/2019\/09\/Multi_purpose-_degreaser_9ccm501T_5L-1024x450.jpg","boxproducts_medium-width":1024,"boxproducts_medium-height":450,"boxproducts_small":"https:\/\/www.rupes.com\/wp-content\/uploads\/2019\/09\/Multi_purpose-_degreaser_9ccm501T_5L-700x305.jpg","boxproducts_small-width":700,"boxproducts_small-height":305,"boxproducts_mobile":"https:\/\/www.rupes.com\/wp-content\/uploads\/2019\/09\/Multi_purpose-_degreaser_9ccm501T_5L-400x175.jpg","boxproducts_mobile-width":400,"boxproducts_mobile-height":175,"product_thumb":"https:\/\/www.rupes.com\/wp-content\/uploads\/2019\/09\/Multi_purpose-_degreaser_9ccm501T_5L-300x200.jpg","product_thumb-width":300,"product_thumb-height":200,"product_home":"https:\/\/www.rupes.com\/wp-content\/uploads\/2019\/09\/Multi_purpose-_degreaser_9ccm501T_5L.jpg","product_home-width":1050,"product_home-height":700,"gallery_first":"https:\/\/www.rupes.com\/wp-content\/uploads\/2019\/09\/Multi_purpose-_degreaser_9ccm501T_5L-750x500.jpg","gallery_first-width":750,"gallery_first-height":500,"gallery_thumb":"https:\/\/www.rupes.com\/wp-content\/uploads\/2019\/09\/Multi_purpose-_degreaser_9ccm501T_5L-105x70.jpg","gallery_thumb-width":105,"gallery_thumb-height":70,"category_image":"https:\/\/www.rupes.com\/wp-content\/uploads\/2019\/09\/Multi_purpose-_degreaser_9ccm501T_5L.jpg","category_image-width":200,"category_image-height":133,"category_thumb":"https:\/\/www.rupes.com\/wp-content\/uploads\/2019\/09\/Multi_purpose-_degreaser_9ccm501T_5L.jpg","category_thumb-width":100,"category_thumb-height":67}}],"videos":false,"files":[{"label":"msds","etichetta_en":"","etichetta_it":"","etichetta_de":"","etichetta_fr":"","etichetta_es":"","multilingua":"no","file":false,"url_file":"https:\/\/www.rupes.com\/msds\/9.CCM501_english.pdf","file_or_url":"file","file_it":false,"url_it":"","file_or_url_it":"file","file_de":false,"url_de":"","file_or_url_de":"file","file_fr":false,"url_fr":"","file_or_url_fr":"file","file_es":false,"url_es":"","file_or_url_es":"file"},{"label":"tds","etichetta_en":"","etichetta_it":"","etichetta_de":"","etichetta_fr":"","etichetta_es":"","multilingua":"no","file":false,"url_file":"https:\/\/www.rupes.com\/tds\/M501.pdf","file_or_url":"file","file_it":false,"url_it":"","file_or_url_it":"file","file_de":false,"url_de":"","file_or_url_de":"file","file_fr":false,"url_fr":"","file_or_url_fr":"file","file_es":false,"url_es":"","file_or_url_es":"file"},{"label":"brochure","etichetta_en":"","etichetta_it":"","etichetta_de":"","etichetta_fr":"","etichetta_es":"","multilingua":"no","file":{"ID":1001387798,"id":1001387798,"title":"brochure_Car_Care","filename":"brochure_Car_Care-1.pdf","filesize":678052,"url":"https:\/\/www.rupes.com\/wp-content\/uploads\/2019\/10\/brochure_Car_Care-1.pdf","link":"https:\/\/www.rupes.com\/es\/brochure_car_care-2\/","alt":"","author":"1","description":"","caption":"","name":"brochure_car_care-2","status":"inherit","uploaded_to":0,"date":"2019-10-01 14:26:31","modified":"2019-10-01 14:26:31","menu_order":0,"mime_type":"application\/pdf","type":"application","subtype":"pdf","icon":"https:\/\/www.rupes.com\/wp-includes\/images\/media\/document.png"},"url_file":"","file_or_url":"file","file_it":false,"url_it":"","file_or_url_it":"file","file_de":false,"url_de":"","file_or_url_de":"file","file_fr":false,"url_fr":"","file_or_url_fr":"file","file_es":false,"url_es":"","file_or_url_es":"file"}],"blocco_dimensione":[{"codice":"9.CCM501","dimensione":"500 ml","immagine":{"ID":1001408442,"id":1001408442,"title":"9.CCM501","filename":"9.CCM501-2.jpg","filesize":40261,"url":"https:\/\/www.rupes.com\/wp-content\/uploads\/2019\/10\/9.CCM501-2.jpg","link":"https:\/\/www.rupes.com\/es\/product\/multi-purpose-degreaser-m501\/9-ccm501-2-2\/","alt":"","author":"2","description":"","caption":"","name":"9-ccm501-2-2","status":"inherit","uploaded_to":1001384096,"date":"2024-10-02 08:21:57","modified":"2024-10-02 08:21:57","menu_order":0,"mime_type":"image\/jpeg","type":"image","subtype":"jpeg","icon":"https:\/\/www.rupes.com\/wp-includes\/images\/media\/default.png","width":555,"height":370,"sizes":{"thumbnail":"https:\/\/www.rupes.com\/wp-content\/uploads\/2019\/10\/9.CCM501-2-150x150.jpg","thumbnail-width":150,"thumbnail-height":150,"medium":"https:\/\/www.rupes.com\/wp-content\/uploads\/2019\/10\/9.CCM501-2-300x200.jpg","medium-width":300,"medium-height":200,"medium_large":"https:\/\/www.rupes.com\/wp-content\/uploads\/2019\/10\/9.CCM501-2.jpg","medium_large-width":555,"medium_large-height":370,"large":"https:\/\/www.rupes.com\/wp-content\/uploads\/2019\/10\/9.CCM501-2.jpg","large-width":555,"large-height":370,"1536x1536":"https:\/\/www.rupes.com\/wp-content\/uploads\/2019\/10\/9.CCM501-2.jpg","1536x1536-width":555,"1536x1536-height":370,"2048x2048":"https:\/\/www.rupes.com\/wp-content\/uploads\/2019\/10\/9.CCM501-2.jpg","2048x2048-width":555,"2048x2048-height":370,"thumb_news":"https:\/\/www.rupes.com\/wp-content\/uploads\/2019\/10\/9.CCM501-2-350x200.jpg","thumb_news-width":350,"thumb_news-height":200,"boxhome_small":"https:\/\/www.rupes.com\/wp-content\/uploads\/2019\/10\/9.CCM501-2-200x100.jpg","boxhome_small-width":200,"boxhome_small-height":100,"boxhome_medium":"https:\/\/www.rupes.com\/wp-content\/uploads\/2019\/10\/9.CCM501-2-300x150.jpg","boxhome_medium-width":300,"boxhome_medium-height":150,"boxhome_large":"https:\/\/www.rupes.com\/wp-content\/uploads\/2019\/10\/9.CCM501-2-450x200.jpg","boxhome_large-width":450,"boxhome_large-height":200,"boxproducts_large":"https:\/\/www.rupes.com\/wp-content\/uploads\/2019\/10\/9.CCM501-2.jpg","boxproducts_large-width":555,"boxproducts_large-height":370,"boxproducts_midlarge":"https:\/\/www.rupes.com\/wp-content\/uploads\/2019\/10\/9.CCM501-2.jpg","boxproducts_midlarge-width":555,"boxproducts_midlarge-height":370,"boxproducts_medium":"https:\/\/www.rupes.com\/wp-content\/uploads\/2019\/10\/9.CCM501-2.jpg","boxproducts_medium-width":555,"boxproducts_medium-height":370,"boxproducts_small":"https:\/\/www.rupes.com\/wp-content\/uploads\/2019\/10\/9.CCM501-2-555x305.jpg","boxproducts_small-width":555,"boxproducts_small-height":305,"boxproducts_mobile":"https:\/\/www.rupes.com\/wp-content\/uploads\/2019\/10\/9.CCM501-2-400x175.jpg","boxproducts_mobile-width":400,"boxproducts_mobile-height":175,"product_thumb":"https:\/\/www.rupes.com\/wp-content\/uploads\/2019\/10\/9.CCM501-2-300x200.jpg","product_thumb-width":300,"product_thumb-height":200,"product_home":"https:\/\/www.rupes.com\/wp-content\/uploads\/2019\/10\/9.CCM501-2.jpg","product_home-width":555,"product_home-height":370,"gallery_first":"https:\/\/www.rupes.com\/wp-content\/uploads\/2019\/10\/9.CCM501-2.jpg","gallery_first-width":555,"gallery_first-height":370,"gallery_thumb":"https:\/\/www.rupes.com\/wp-content\/uploads\/2019\/10\/9.CCM501-2-105x70.jpg","gallery_thumb-width":105,"gallery_thumb-height":70,"category_image":"https:\/\/www.rupes.com\/wp-content\/uploads\/2019\/10\/9.CCM501-2-200x133.jpg","category_image-width":200,"category_image-height":133,"category_thumb":"https:\/\/www.rupes.com\/wp-content\/uploads\/2019\/10\/9.CCM501-2-100x67.jpg","category_thumb-width":100,"category_thumb-height":67}},"descrizione_en":"","descrizione_it":"","descrizione_de":"","descrizione_fr":"","descrizione_es":""},{"codice":"9.CCM501T","dimensione":"5l","immagine":{"ID":1001387660,"id":1001387660,"title":"Multi_purpose-_degreaser_9ccm501T_5L","filename":"Multi_purpose-_degreaser_9ccm501T_5L.jpg","filesize":48483,"url":"https:\/\/www.rupes.com\/wp-content\/uploads\/2019\/09\/Multi_purpose-_degreaser_9ccm501T_5L.jpg","link":"https:\/\/www.rupes.com\/es\/multi_purpose-_degreaser_9ccm501t_5l-2\/","alt":"Multi purpose degreaser M501 5l","author":"1","description":"","caption":"","name":"multi_purpose-_degreaser_9ccm501t_5l-2","status":"inherit","uploaded_to":0,"date":"2019-09-30 10:50:09","modified":"2019-09-30 10:50:22","menu_order":0,"mime_type":"image\/jpeg","type":"image","subtype":"jpeg","icon":"https:\/\/www.rupes.com\/wp-includes\/images\/media\/default.png","width":1200,"height":800,"sizes":{"thumbnail":"https:\/\/www.rupes.com\/wp-content\/uploads\/2019\/09\/Multi_purpose-_degreaser_9ccm501T_5L-150x150.jpg","thumbnail-width":150,"thumbnail-height":150,"medium":"https:\/\/www.rupes.com\/wp-content\/uploads\/2019\/09\/Multi_purpose-_degreaser_9ccm501T_5L-300x200.jpg","medium-width":300,"medium-height":200,"medium_large":"https:\/\/www.rupes.com\/wp-content\/uploads\/2019\/09\/Multi_purpose-_degreaser_9ccm501T_5L-768x512.jpg","medium_large-width":768,"medium_large-height":512,"large":"https:\/\/www.rupes.com\/wp-content\/uploads\/2019\/09\/Multi_purpose-_degreaser_9ccm501T_5L-1024x683.jpg","large-width":1024,"large-height":683,"1536x1536":"https:\/\/www.rupes.com\/wp-content\/uploads\/2019\/09\/Multi_purpose-_degreaser_9ccm501T_5L.jpg","1536x1536-width":1200,"1536x1536-height":800,"2048x2048":"https:\/\/www.rupes.com\/wp-content\/uploads\/2019\/09\/Multi_purpose-_degreaser_9ccm501T_5L.jpg","2048x2048-width":1200,"2048x2048-height":800,"thumb_news":"https:\/\/www.rupes.com\/wp-content\/uploads\/2019\/09\/Multi_purpose-_degreaser_9ccm501T_5L-350x200.jpg","thumb_news-width":350,"thumb_news-height":200,"boxhome_small":"https:\/\/www.rupes.com\/wp-content\/uploads\/2019\/09\/Multi_purpose-_degreaser_9ccm501T_5L-200x100.jpg","boxhome_small-width":200,"boxhome_small-height":100,"boxhome_medium":"https:\/\/www.rupes.com\/wp-content\/uploads\/2019\/09\/Multi_purpose-_degreaser_9ccm501T_5L-300x150.jpg","boxhome_medium-width":300,"boxhome_medium-height":150,"boxhome_large":"https:\/\/www.rupes.com\/wp-content\/uploads\/2019\/09\/Multi_purpose-_degreaser_9ccm501T_5L-450x200.jpg","boxhome_large-width":450,"boxhome_large-height":200,"boxproducts_large":"https:\/\/www.rupes.com\/wp-content\/uploads\/2019\/09\/Multi_purpose-_degreaser_9ccm501T_5L-1200x700.jpg","boxproducts_large-width":1200,"boxproducts_large-height":700,"boxproducts_midlarge":"https:\/\/www.rupes.com\/wp-content\/uploads\/2019\/09\/Multi_purpose-_degreaser_9ccm501T_5L-1200x560.jpg","boxproducts_midlarge-width":1200,"boxproducts_midlarge-height":560,"boxproducts_medium":"https:\/\/www.rupes.com\/wp-content\/uploads\/2019\/09\/Multi_purpose-_degreaser_9ccm501T_5L-1024x450.jpg","boxproducts_medium-width":1024,"boxproducts_medium-height":450,"boxproducts_small":"https:\/\/www.rupes.com\/wp-content\/uploads\/2019\/09\/Multi_purpose-_degreaser_9ccm501T_5L-700x305.jpg","boxproducts_small-width":700,"boxproducts_small-height":305,"boxproducts_mobile":"https:\/\/www.rupes.com\/wp-content\/uploads\/2019\/09\/Multi_purpose-_degreaser_9ccm501T_5L-400x175.jpg","boxproducts_mobile-width":400,"boxproducts_mobile-height":175,"product_thumb":"https:\/\/www.rupes.com\/wp-content\/uploads\/2019\/09\/Multi_purpose-_degreaser_9ccm501T_5L-300x200.jpg","product_thumb-width":300,"product_thumb-height":200,"product_home":"https:\/\/www.rupes.com\/wp-content\/uploads\/2019\/09\/Multi_purpose-_degreaser_9ccm501T_5L.jpg","product_home-width":1050,"product_home-height":700,"gallery_first":"https:\/\/www.rupes.com\/wp-content\/uploads\/2019\/09\/Multi_purpose-_degreaser_9ccm501T_5L-750x500.jpg","gallery_first-width":750,"gallery_first-height":500,"gallery_thumb":"https:\/\/www.rupes.com\/wp-content\/uploads\/2019\/09\/Multi_purpose-_degreaser_9ccm501T_5L-105x70.jpg","gallery_thumb-width":105,"gallery_thumb-height":70,"category_image":"https:\/\/www.rupes.com\/wp-content\/uploads\/2019\/09\/Multi_purpose-_degreaser_9ccm501T_5L.jpg","category_image-width":200,"category_image-height":133,"category_thumb":"https:\/\/www.rupes.com\/wp-content\/uploads\/2019\/09\/Multi_purpose-_degreaser_9ccm501T_5L.jpg","category_thumb-width":100,"category_thumb-height":67}},"descrizione_en":"Tank","descrizione_it":"","descrizione_de":"","descrizione_fr":"","descrizione_es":""}],"varianti":false,"kit_vendita":false,"blocchi_prodotti_correlati":[{"iconablocco":"fas fa-share-alt","seleziona_i_prodotti":[1001384464,1001384097,1001384449,1001384174,1001384013,1001384012,1001384011,1001384010],"label":"view related products","titolo_correlato_en":"Others","titolo_correlato_it":"","titolo_correlato_de":"","titolo_correlato_fr":"","titolo_correlato_es":""}],"seleziona_tag_notizie":false,"seleziona_le_recensioni":"","attiva_voice_speech":false,"product_b2b_code":"","product_b2b_pdf":"","code_usermanuals":"","code_usermanuals_usa":"","escludi_scheda_sicurezza":false,"google_review_link":"","attiva_collegamento":false},"_links":{"self":[{"href":"https:\/\/www.rupes.com\/es\/wp-json\/wp\/v2\/products\/1001384096","targetHints":{"allow":["GET"]}}],"collection":[{"href":"https:\/\/www.rupes.com\/es\/wp-json\/wp\/v2\/products"}],"about":[{"href":"https:\/\/www.rupes.com\/es\/wp-json\/wp\/v2\/types\/product"}],"wp:attachment":[{"href":"https:\/\/www.rupes.com\/es\/wp-json\/wp\/v2\/media?parent=1001384096"}],"wp:term":[{"taxonomy":"category_product","embeddable":true,"href":"https:\/\/www.rupes.com\/es\/wp-json\/wp\/v2\/categoryproduct?post=1001384096"}],"curies":[{"name":"wp","href":"https:\/\/api.w.org\/{rel}","templated":true}]}}