{"id":1001384013,"date":"2019-10-01T14:05:30","date_gmt":"2019-10-01T12:05:30","guid":{"rendered":""},"modified":"2024-10-02T11:13:34","modified_gmt":"2024-10-02T09:13:34","slug":"leather-fast-cleaner-l301","status":"publish","type":"product","link":"https:\/\/www.rupes.com\/es\/product\/leather-fast-cleaner-l301\/","title":{"rendered":"Leather fast cleaner L301"},"content":{"rendered":"","protected":false},"featured_media":0,"template":"","meta":{"_acf_changed":false},"categoryproduct":[888965158,888965156],"class_list":["post-1001384013","product","type-product","status-publish","hentry","category_product-consumables-car-care-products","category_product-consumables"],"acf":{"product_codice":"9.CCL301","scheda_nuova":true,"contact_form":true,"attiva_flag_new_product":false,"product_home":"0","attiva_special_message":"disattivo","product_titolo_it":"Pulitore pelle rapido L301","product_titolo_de":"","product_titolo_fr":"","product_titolo_es":"","product_descrizione_en":"<p>RUPES <strong>L301 Leather Fast Cleaner<\/strong> is the only leather care product you need. This multi-action formula is safe and effective on all smooth-finish\u00a0leather types &#8211; pigmented, semi-aniline and aniline.\u00a0The emollient detergent formula safely washes leather clean without damaging it or drying it out.<\/p>\n<p>Provides hydration and long-lasting protection against future soiling and UV radiation.\u00a0L301 Leather Fast Cleaner will not alter tanned leather\u2019s pH of 4.5-5.0.<\/p>\n<p>It will not bleach color, create a sticky feel, or lead to long-term damage like caustic cleaners do.<\/p>\n","product_descrizione_it":"<p>Formulato appositamente per un utilizzo specifico su tutti i rivestimenti in pelle dell\u2019automobile, il RUPES <strong>L301<\/strong> rimuove in sicurezza lo sporco pi\u00f9 ostinato, idratando e proteggendo al contempo le superfici, riportandole all\u2019originale splendore.<\/p>\n<p>Non lascia residui n\u00e9 aloni.<\/p>\n<p>Compreso nella confezione da 500 ml: uno spruzzino.<\/p>\n","product_descrizione_de":"<p style=\"margin-left: 7.55pt;\">RUPES <strong>L301 Leather Fast Cleaner<\/strong> ist das einzige Produkt, das Sie f\u00fcr die Lederpflege ben\u00f6tigen. Die Multi-Aktiv-Formel ist sicher und effektiv auf allen Glattledertypen, pigmentier, halb-Anilin und Anilin.<\/p>\n<p style=\"margin-left: 7.55pt;\">Die Formel des Waschmittels reinigt das Leder ohne dieses zu sch\u00e4digen oder auszutrocknen. Stellt Feuchtigkeit und Langzeitschutz gegen zuk\u00fcnftige Verschmutzung und UV-Strahlung sicher.<\/p>\n<p style=\"margin-left: 7.55pt;\"><strong>L301<\/strong> ver\u00e4ndert nicht den ph von 4,5-5,0 von gegerbtem Leder. Es wird nicht ausbleichen, kein klebriges Gef\u00fchl erzeugen, oder zu Langzeitsch\u00e4den wie bei \u00e4tzenden Reinigungsmittel.<\/p>\n","product_descrizione_fr":"<p>RUPES <strong>L301 Nettoyeur rapide<\/strong> du cuir est le seul produit de soin de cuir dont vous avez besoin. Cette formule multi-action est s\u00e9curis\u00e9e et efficace sur tous les types de cuir lisse &#8211; pigment\u00e9e, semi-aniline et aniline.\u00a0La formule du d\u00e9tergent \u00e9mollient lave en toute s\u00e9curit\u00e9 le cuir propre sans l&#8217;endommager ou le dess\u00e9cher.<\/p>\n<p>Il fournit une protection hydratante et de longue dur\u00e9e contre les salissures futures et le rayonnement UV.<\/p>\n<p><strong>L301<\/strong> Nettoyeur rapide du cuir n\u2019alt\u00e9rera pas le ph du cuir tann\u00e9 de 4.5-5.0. Il ne blanchira pas la couleur, ne cr\u00e9era pas de sensation collante, ou ne causera pas de dommages \u00e0 long terme comme le font les nettoyants caustiques.<\/p>\n","product_descrizione_es":"","product_scheda_en":"","product_scheda_it":"","product_scheda_de":"","product_scheda_fr":"","product_scheda_es":"","thumb":false,"gallery":[{"ID":1001408499,"id":1001408499,"title":"9.CCL301","filename":"9.CCL301-2.jpg","filesize":152016,"url":"https:\/\/www.rupes.com\/wp-content\/uploads\/2019\/10\/9.CCL301-2.jpg","link":"https:\/\/www.rupes.com\/es\/product\/leather-fast-cleaner-l301\/9-ccl301-3-2\/","alt":"","author":"2","description":"","caption":"","name":"9-ccl301-3-2","status":"inherit","uploaded_to":1001384013,"date":"2024-10-02 09:10:04","modified":"2024-10-02 09:10:04","menu_order":0,"mime_type":"image\/jpeg","type":"image","subtype":"jpeg","icon":"https:\/\/www.rupes.com\/wp-includes\/images\/media\/default.png","width":1200,"height":800,"sizes":{"thumbnail":"https:\/\/www.rupes.com\/wp-content\/uploads\/2019\/10\/9.CCL301-2-150x150.jpg","thumbnail-width":150,"thumbnail-height":150,"medium":"https:\/\/www.rupes.com\/wp-content\/uploads\/2019\/10\/9.CCL301-2-300x200.jpg","medium-width":300,"medium-height":200,"medium_large":"https:\/\/www.rupes.com\/wp-content\/uploads\/2019\/10\/9.CCL301-2-768x512.jpg","medium_large-width":768,"medium_large-height":512,"large":"https:\/\/www.rupes.com\/wp-content\/uploads\/2019\/10\/9.CCL301-2-1024x683.jpg","large-width":1024,"large-height":683,"1536x1536":"https:\/\/www.rupes.com\/wp-content\/uploads\/2019\/10\/9.CCL301-2.jpg","1536x1536-width":1200,"1536x1536-height":800,"2048x2048":"https:\/\/www.rupes.com\/wp-content\/uploads\/2019\/10\/9.CCL301-2.jpg","2048x2048-width":1200,"2048x2048-height":800,"thumb_news":"https:\/\/www.rupes.com\/wp-content\/uploads\/2019\/10\/9.CCL301-2-350x200.jpg","thumb_news-width":350,"thumb_news-height":200,"boxhome_small":"https:\/\/www.rupes.com\/wp-content\/uploads\/2019\/10\/9.CCL301-2-200x100.jpg","boxhome_small-width":200,"boxhome_small-height":100,"boxhome_medium":"https:\/\/www.rupes.com\/wp-content\/uploads\/2019\/10\/9.CCL301-2-300x150.jpg","boxhome_medium-width":300,"boxhome_medium-height":150,"boxhome_large":"https:\/\/www.rupes.com\/wp-content\/uploads\/2019\/10\/9.CCL301-2-450x200.jpg","boxhome_large-width":450,"boxhome_large-height":200,"boxproducts_large":"https:\/\/www.rupes.com\/wp-content\/uploads\/2019\/10\/9.CCL301-2-1200x700.jpg","boxproducts_large-width":1200,"boxproducts_large-height":700,"boxproducts_midlarge":"https:\/\/www.rupes.com\/wp-content\/uploads\/2019\/10\/9.CCL301-2-1200x560.jpg","boxproducts_midlarge-width":1200,"boxproducts_midlarge-height":560,"boxproducts_medium":"https:\/\/www.rupes.com\/wp-content\/uploads\/2019\/10\/9.CCL301-2-1024x450.jpg","boxproducts_medium-width":1024,"boxproducts_medium-height":450,"boxproducts_small":"https:\/\/www.rupes.com\/wp-content\/uploads\/2019\/10\/9.CCL301-2-700x305.jpg","boxproducts_small-width":700,"boxproducts_small-height":305,"boxproducts_mobile":"https:\/\/www.rupes.com\/wp-content\/uploads\/2019\/10\/9.CCL301-2-400x175.jpg","boxproducts_mobile-width":400,"boxproducts_mobile-height":175,"product_thumb":"https:\/\/www.rupes.com\/wp-content\/uploads\/2019\/10\/9.CCL301-2-300x200.jpg","product_thumb-width":300,"product_thumb-height":200,"product_home":"https:\/\/www.rupes.com\/wp-content\/uploads\/2019\/10\/9.CCL301-2-1200x700.jpg","product_home-width":1200,"product_home-height":700,"gallery_first":"https:\/\/www.rupes.com\/wp-content\/uploads\/2019\/10\/9.CCL301-2-750x500.jpg","gallery_first-width":750,"gallery_first-height":500,"gallery_thumb":"https:\/\/www.rupes.com\/wp-content\/uploads\/2019\/10\/9.CCL301-2-105x70.jpg","gallery_thumb-width":105,"gallery_thumb-height":70,"category_image":"https:\/\/www.rupes.com\/wp-content\/uploads\/2019\/10\/9.CCL301-2-200x133.jpg","category_image-width":200,"category_image-height":133,"category_thumb":"https:\/\/www.rupes.com\/wp-content\/uploads\/2019\/10\/9.CCL301-2-100x67.jpg","category_thumb-width":100,"category_thumb-height":67}},{"ID":1001387692,"id":1001387692,"title":"Leather_fast_cleaner_9CCL301T_5l","filename":"Leather_fast_cleaner_9CCL301T_5l.jpg","filesize":48597,"url":"https:\/\/www.rupes.com\/wp-content\/uploads\/2019\/10\/Leather_fast_cleaner_9CCL301T_5l.jpg","link":"https:\/\/www.rupes.com\/es\/leather_fast_cleaner_9ccl301t_5l-2\/","alt":"Leather fast cleaner L301 5l","author":"1","description":"","caption":"L301 Glass cleaner 5l tank format","name":"leather_fast_cleaner_9ccl301t_5l-2","status":"inherit","uploaded_to":0,"date":"2019-10-01 07:30:42","modified":"2019-10-01 07:32:26","menu_order":0,"mime_type":"image\/jpeg","type":"image","subtype":"jpeg","icon":"https:\/\/www.rupes.com\/wp-includes\/images\/media\/default.png","width":1200,"height":798,"sizes":{"thumbnail":"https:\/\/www.rupes.com\/wp-content\/uploads\/2019\/10\/Leather_fast_cleaner_9CCL301T_5l-150x150.jpg","thumbnail-width":150,"thumbnail-height":150,"medium":"https:\/\/www.rupes.com\/wp-content\/uploads\/2019\/10\/Leather_fast_cleaner_9CCL301T_5l-300x200.jpg","medium-width":300,"medium-height":200,"medium_large":"https:\/\/www.rupes.com\/wp-content\/uploads\/2019\/10\/Leather_fast_cleaner_9CCL301T_5l-768x511.jpg","medium_large-width":768,"medium_large-height":511,"large":"https:\/\/www.rupes.com\/wp-content\/uploads\/2019\/10\/Leather_fast_cleaner_9CCL301T_5l-1024x681.jpg","large-width":1024,"large-height":681,"1536x1536":"https:\/\/www.rupes.com\/wp-content\/uploads\/2019\/10\/Leather_fast_cleaner_9CCL301T_5l.jpg","1536x1536-width":1200,"1536x1536-height":798,"2048x2048":"https:\/\/www.rupes.com\/wp-content\/uploads\/2019\/10\/Leather_fast_cleaner_9CCL301T_5l.jpg","2048x2048-width":1200,"2048x2048-height":798,"thumb_news":"https:\/\/www.rupes.com\/wp-content\/uploads\/2019\/10\/Leather_fast_cleaner_9CCL301T_5l-350x200.jpg","thumb_news-width":350,"thumb_news-height":200,"boxhome_small":"https:\/\/www.rupes.com\/wp-content\/uploads\/2019\/10\/Leather_fast_cleaner_9CCL301T_5l-200x100.jpg","boxhome_small-width":200,"boxhome_small-height":100,"boxhome_medium":"https:\/\/www.rupes.com\/wp-content\/uploads\/2019\/10\/Leather_fast_cleaner_9CCL301T_5l-300x150.jpg","boxhome_medium-width":300,"boxhome_medium-height":150,"boxhome_large":"https:\/\/www.rupes.com\/wp-content\/uploads\/2019\/10\/Leather_fast_cleaner_9CCL301T_5l-450x200.jpg","boxhome_large-width":450,"boxhome_large-height":200,"boxproducts_large":"https:\/\/www.rupes.com\/wp-content\/uploads\/2019\/10\/Leather_fast_cleaner_9CCL301T_5l-1200x700.jpg","boxproducts_large-width":1200,"boxproducts_large-height":700,"boxproducts_midlarge":"https:\/\/www.rupes.com\/wp-content\/uploads\/2019\/10\/Leather_fast_cleaner_9CCL301T_5l-1200x560.jpg","boxproducts_midlarge-width":1200,"boxproducts_midlarge-height":560,"boxproducts_medium":"https:\/\/www.rupes.com\/wp-content\/uploads\/2019\/10\/Leather_fast_cleaner_9CCL301T_5l-1024x450.jpg","boxproducts_medium-width":1024,"boxproducts_medium-height":450,"boxproducts_small":"https:\/\/www.rupes.com\/wp-content\/uploads\/2019\/10\/Leather_fast_cleaner_9CCL301T_5l-700x305.jpg","boxproducts_small-width":700,"boxproducts_small-height":305,"boxproducts_mobile":"https:\/\/www.rupes.com\/wp-content\/uploads\/2019\/10\/Leather_fast_cleaner_9CCL301T_5l-400x175.jpg","boxproducts_mobile-width":400,"boxproducts_mobile-height":175,"product_thumb":"https:\/\/www.rupes.com\/wp-content\/uploads\/2019\/10\/Leather_fast_cleaner_9CCL301T_5l-300x200.jpg","product_thumb-width":300,"product_thumb-height":200,"product_home":"https:\/\/www.rupes.com\/wp-content\/uploads\/2019\/10\/Leather_fast_cleaner_9CCL301T_5l.jpg","product_home-width":1053,"product_home-height":700,"gallery_first":"https:\/\/www.rupes.com\/wp-content\/uploads\/2019\/10\/Leather_fast_cleaner_9CCL301T_5l-752x500.jpg","gallery_first-width":752,"gallery_first-height":500,"gallery_thumb":"https:\/\/www.rupes.com\/wp-content\/uploads\/2019\/10\/Leather_fast_cleaner_9CCL301T_5l-105x70.jpg","gallery_thumb-width":105,"gallery_thumb-height":70,"category_image":"https:\/\/www.rupes.com\/wp-content\/uploads\/2019\/10\/Leather_fast_cleaner_9CCL301T_5l.jpg","category_image-width":200,"category_image-height":133,"category_thumb":"https:\/\/www.rupes.com\/wp-content\/uploads\/2019\/10\/Leather_fast_cleaner_9CCL301T_5l.jpg","category_thumb-width":100,"category_thumb-height":67}}],"videos":false,"files":[{"label":"msds","etichetta_en":"","etichetta_it":"","etichetta_de":"","etichetta_fr":"","etichetta_es":"","multilingua":"no","file":false,"url_file":"https:\/\/www.rupes.com\/msds\/9.CCL301_english.pdf","file_or_url":"file","file_it":false,"url_it":"","file_or_url_it":"file","file_de":false,"url_de":"","file_or_url_de":"file","file_fr":false,"url_fr":"","file_or_url_fr":"file","file_es":false,"url_es":"","file_or_url_es":"file"},{"label":"tds","etichetta_en":"","etichetta_it":"","etichetta_de":"","etichetta_fr":"","etichetta_es":"","multilingua":"no","file":false,"url_file":"https:\/\/www.rupes.com\/tds\/L301.pdf","file_or_url":"file","file_it":false,"url_it":"","file_or_url_it":"file","file_de":false,"url_de":"","file_or_url_de":"file","file_fr":false,"url_fr":"","file_or_url_fr":"file","file_es":false,"url_es":"","file_or_url_es":"file"},{"label":"brochure","etichetta_en":"","etichetta_it":"","etichetta_de":"","etichetta_fr":"","etichetta_es":"","multilingua":"no","file":{"ID":1001387798,"id":1001387798,"title":"brochure_Car_Care","filename":"brochure_Car_Care-1.pdf","filesize":678052,"url":"https:\/\/www.rupes.com\/wp-content\/uploads\/2019\/10\/brochure_Car_Care-1.pdf","link":"https:\/\/www.rupes.com\/es\/brochure_car_care-2\/","alt":"","author":"1","description":"","caption":"","name":"brochure_car_care-2","status":"inherit","uploaded_to":0,"date":"2019-10-01 14:26:31","modified":"2019-10-01 14:26:31","menu_order":0,"mime_type":"application\/pdf","type":"application","subtype":"pdf","icon":"https:\/\/www.rupes.com\/wp-includes\/images\/media\/document.png"},"url_file":"","file_or_url":"file","file_it":false,"url_it":"","file_or_url_it":"file","file_de":false,"url_de":"","file_or_url_de":"file","file_fr":false,"url_fr":"","file_or_url_fr":"file","file_es":false,"url_es":"","file_or_url_es":"file"}],"blocco_dimensione":[{"codice":"9.CCL301","dimensione":"500 ml","immagine":{"ID":1001408494,"id":1001408494,"title":"9.CCL301","filename":"9.CCL301-1.jpg","filesize":152016,"url":"https:\/\/www.rupes.com\/wp-content\/uploads\/2019\/10\/9.CCL301-1.jpg","link":"https:\/\/www.rupes.com\/es\/product\/leather-fast-cleaner-l301\/9-ccl301-2-2\/","alt":"","author":"2","description":"","caption":"","name":"9-ccl301-2-2","status":"inherit","uploaded_to":1001384013,"date":"2024-10-02 09:09:41","modified":"2024-10-02 09:09:41","menu_order":0,"mime_type":"image\/jpeg","type":"image","subtype":"jpeg","icon":"https:\/\/www.rupes.com\/wp-includes\/images\/media\/default.png","width":1200,"height":800,"sizes":{"thumbnail":"https:\/\/www.rupes.com\/wp-content\/uploads\/2019\/10\/9.CCL301-1-150x150.jpg","thumbnail-width":150,"thumbnail-height":150,"medium":"https:\/\/www.rupes.com\/wp-content\/uploads\/2019\/10\/9.CCL301-1-300x200.jpg","medium-width":300,"medium-height":200,"medium_large":"https:\/\/www.rupes.com\/wp-content\/uploads\/2019\/10\/9.CCL301-1-768x512.jpg","medium_large-width":768,"medium_large-height":512,"large":"https:\/\/www.rupes.com\/wp-content\/uploads\/2019\/10\/9.CCL301-1-1024x683.jpg","large-width":1024,"large-height":683,"1536x1536":"https:\/\/www.rupes.com\/wp-content\/uploads\/2019\/10\/9.CCL301-1.jpg","1536x1536-width":1200,"1536x1536-height":800,"2048x2048":"https:\/\/www.rupes.com\/wp-content\/uploads\/2019\/10\/9.CCL301-1.jpg","2048x2048-width":1200,"2048x2048-height":800,"thumb_news":"https:\/\/www.rupes.com\/wp-content\/uploads\/2019\/10\/9.CCL301-1-350x200.jpg","thumb_news-width":350,"thumb_news-height":200,"boxhome_small":"https:\/\/www.rupes.com\/wp-content\/uploads\/2019\/10\/9.CCL301-1-200x100.jpg","boxhome_small-width":200,"boxhome_small-height":100,"boxhome_medium":"https:\/\/www.rupes.com\/wp-content\/uploads\/2019\/10\/9.CCL301-1-300x150.jpg","boxhome_medium-width":300,"boxhome_medium-height":150,"boxhome_large":"https:\/\/www.rupes.com\/wp-content\/uploads\/2019\/10\/9.CCL301-1-450x200.jpg","boxhome_large-width":450,"boxhome_large-height":200,"boxproducts_large":"https:\/\/www.rupes.com\/wp-content\/uploads\/2019\/10\/9.CCL301-1-1200x700.jpg","boxproducts_large-width":1200,"boxproducts_large-height":700,"boxproducts_midlarge":"https:\/\/www.rupes.com\/wp-content\/uploads\/2019\/10\/9.CCL301-1-1200x560.jpg","boxproducts_midlarge-width":1200,"boxproducts_midlarge-height":560,"boxproducts_medium":"https:\/\/www.rupes.com\/wp-content\/uploads\/2019\/10\/9.CCL301-1-1024x450.jpg","boxproducts_medium-width":1024,"boxproducts_medium-height":450,"boxproducts_small":"https:\/\/www.rupes.com\/wp-content\/uploads\/2019\/10\/9.CCL301-1-700x305.jpg","boxproducts_small-width":700,"boxproducts_small-height":305,"boxproducts_mobile":"https:\/\/www.rupes.com\/wp-content\/uploads\/2019\/10\/9.CCL301-1-400x175.jpg","boxproducts_mobile-width":400,"boxproducts_mobile-height":175,"product_thumb":"https:\/\/www.rupes.com\/wp-content\/uploads\/2019\/10\/9.CCL301-1-300x200.jpg","product_thumb-width":300,"product_thumb-height":200,"product_home":"https:\/\/www.rupes.com\/wp-content\/uploads\/2019\/10\/9.CCL301-1-1200x700.jpg","product_home-width":1200,"product_home-height":700,"gallery_first":"https:\/\/www.rupes.com\/wp-content\/uploads\/2019\/10\/9.CCL301-1-750x500.jpg","gallery_first-width":750,"gallery_first-height":500,"gallery_thumb":"https:\/\/www.rupes.com\/wp-content\/uploads\/2019\/10\/9.CCL301-1-105x70.jpg","gallery_thumb-width":105,"gallery_thumb-height":70,"category_image":"https:\/\/www.rupes.com\/wp-content\/uploads\/2019\/10\/9.CCL301-1-200x133.jpg","category_image-width":200,"category_image-height":133,"category_thumb":"https:\/\/www.rupes.com\/wp-content\/uploads\/2019\/10\/9.CCL301-1-100x67.jpg","category_thumb-width":100,"category_thumb-height":67}},"descrizione_en":"","descrizione_it":"","descrizione_de":"","descrizione_fr":"","descrizione_es":""},{"codice":"9.CCL301T","dimensione":"5l","immagine":{"ID":1001387692,"id":1001387692,"title":"Leather_fast_cleaner_9CCL301T_5l","filename":"Leather_fast_cleaner_9CCL301T_5l.jpg","filesize":48597,"url":"https:\/\/www.rupes.com\/wp-content\/uploads\/2019\/10\/Leather_fast_cleaner_9CCL301T_5l.jpg","link":"https:\/\/www.rupes.com\/es\/leather_fast_cleaner_9ccl301t_5l-2\/","alt":"Leather fast cleaner L301 5l","author":"1","description":"","caption":"L301 Glass cleaner 5l tank format","name":"leather_fast_cleaner_9ccl301t_5l-2","status":"inherit","uploaded_to":0,"date":"2019-10-01 07:30:42","modified":"2019-10-01 07:32:26","menu_order":0,"mime_type":"image\/jpeg","type":"image","subtype":"jpeg","icon":"https:\/\/www.rupes.com\/wp-includes\/images\/media\/default.png","width":1200,"height":798,"sizes":{"thumbnail":"https:\/\/www.rupes.com\/wp-content\/uploads\/2019\/10\/Leather_fast_cleaner_9CCL301T_5l-150x150.jpg","thumbnail-width":150,"thumbnail-height":150,"medium":"https:\/\/www.rupes.com\/wp-content\/uploads\/2019\/10\/Leather_fast_cleaner_9CCL301T_5l-300x200.jpg","medium-width":300,"medium-height":200,"medium_large":"https:\/\/www.rupes.com\/wp-content\/uploads\/2019\/10\/Leather_fast_cleaner_9CCL301T_5l-768x511.jpg","medium_large-width":768,"medium_large-height":511,"large":"https:\/\/www.rupes.com\/wp-content\/uploads\/2019\/10\/Leather_fast_cleaner_9CCL301T_5l-1024x681.jpg","large-width":1024,"large-height":681,"1536x1536":"https:\/\/www.rupes.com\/wp-content\/uploads\/2019\/10\/Leather_fast_cleaner_9CCL301T_5l.jpg","1536x1536-width":1200,"1536x1536-height":798,"2048x2048":"https:\/\/www.rupes.com\/wp-content\/uploads\/2019\/10\/Leather_fast_cleaner_9CCL301T_5l.jpg","2048x2048-width":1200,"2048x2048-height":798,"thumb_news":"https:\/\/www.rupes.com\/wp-content\/uploads\/2019\/10\/Leather_fast_cleaner_9CCL301T_5l-350x200.jpg","thumb_news-width":350,"thumb_news-height":200,"boxhome_small":"https:\/\/www.rupes.com\/wp-content\/uploads\/2019\/10\/Leather_fast_cleaner_9CCL301T_5l-200x100.jpg","boxhome_small-width":200,"boxhome_small-height":100,"boxhome_medium":"https:\/\/www.rupes.com\/wp-content\/uploads\/2019\/10\/Leather_fast_cleaner_9CCL301T_5l-300x150.jpg","boxhome_medium-width":300,"boxhome_medium-height":150,"boxhome_large":"https:\/\/www.rupes.com\/wp-content\/uploads\/2019\/10\/Leather_fast_cleaner_9CCL301T_5l-450x200.jpg","boxhome_large-width":450,"boxhome_large-height":200,"boxproducts_large":"https:\/\/www.rupes.com\/wp-content\/uploads\/2019\/10\/Leather_fast_cleaner_9CCL301T_5l-1200x700.jpg","boxproducts_large-width":1200,"boxproducts_large-height":700,"boxproducts_midlarge":"https:\/\/www.rupes.com\/wp-content\/uploads\/2019\/10\/Leather_fast_cleaner_9CCL301T_5l-1200x560.jpg","boxproducts_midlarge-width":1200,"boxproducts_midlarge-height":560,"boxproducts_medium":"https:\/\/www.rupes.com\/wp-content\/uploads\/2019\/10\/Leather_fast_cleaner_9CCL301T_5l-1024x450.jpg","boxproducts_medium-width":1024,"boxproducts_medium-height":450,"boxproducts_small":"https:\/\/www.rupes.com\/wp-content\/uploads\/2019\/10\/Leather_fast_cleaner_9CCL301T_5l-700x305.jpg","boxproducts_small-width":700,"boxproducts_small-height":305,"boxproducts_mobile":"https:\/\/www.rupes.com\/wp-content\/uploads\/2019\/10\/Leather_fast_cleaner_9CCL301T_5l-400x175.jpg","boxproducts_mobile-width":400,"boxproducts_mobile-height":175,"product_thumb":"https:\/\/www.rupes.com\/wp-content\/uploads\/2019\/10\/Leather_fast_cleaner_9CCL301T_5l-300x200.jpg","product_thumb-width":300,"product_thumb-height":200,"product_home":"https:\/\/www.rupes.com\/wp-content\/uploads\/2019\/10\/Leather_fast_cleaner_9CCL301T_5l.jpg","product_home-width":1053,"product_home-height":700,"gallery_first":"https:\/\/www.rupes.com\/wp-content\/uploads\/2019\/10\/Leather_fast_cleaner_9CCL301T_5l-752x500.jpg","gallery_first-width":752,"gallery_first-height":500,"gallery_thumb":"https:\/\/www.rupes.com\/wp-content\/uploads\/2019\/10\/Leather_fast_cleaner_9CCL301T_5l-105x70.jpg","gallery_thumb-width":105,"gallery_thumb-height":70,"category_image":"https:\/\/www.rupes.com\/wp-content\/uploads\/2019\/10\/Leather_fast_cleaner_9CCL301T_5l.jpg","category_image-width":200,"category_image-height":133,"category_thumb":"https:\/\/www.rupes.com\/wp-content\/uploads\/2019\/10\/Leather_fast_cleaner_9CCL301T_5l.jpg","category_thumb-width":100,"category_thumb-height":67}},"descrizione_en":"Tank","descrizione_it":"","descrizione_de":"","descrizione_fr":"","descrizione_es":""}],"varianti":false,"kit_vendita":false,"blocchi_prodotti_correlati":[{"iconablocco":"fas fa-share-alt","seleziona_i_prodotti":[1001384096,1001384012,1001384464,1001384097,1001384449,1001384174,1001384011,1001384010],"label":"view related products","titolo_correlato_en":"","titolo_correlato_it":"","titolo_correlato_de":"","titolo_correlato_fr":"","titolo_correlato_es":""}],"seleziona_tag_notizie":false,"seleziona_le_recensioni":"","attiva_voice_speech":false,"product_b2b_code":"","product_b2b_pdf":"","google_review_link":"","attiva_collegamento":false,"code_usermanuals":"","code_usermanuals_usa":"","escludi_scheda_sicurezza":false},"_links":{"self":[{"href":"https:\/\/www.rupes.com\/es\/wp-json\/wp\/v2\/products\/1001384013","targetHints":{"allow":["GET"]}}],"collection":[{"href":"https:\/\/www.rupes.com\/es\/wp-json\/wp\/v2\/products"}],"about":[{"href":"https:\/\/www.rupes.com\/es\/wp-json\/wp\/v2\/types\/product"}],"wp:attachment":[{"href":"https:\/\/www.rupes.com\/es\/wp-json\/wp\/v2\/media?parent=1001384013"}],"wp:term":[{"taxonomy":"category_product","embeddable":true,"href":"https:\/\/www.rupes.com\/es\/wp-json\/wp\/v2\/categoryproduct?post=1001384013"}],"curies":[{"name":"wp","href":"https:\/\/api.w.org\/{rel}","templated":true}]}}