{"id":1001384011,"date":"2019-10-01T14:07:29","date_gmt":"2019-10-01T12:07:29","guid":{"rendered":""},"modified":"2024-10-02T11:25:08","modified_gmt":"2024-10-02T09:25:08","slug":"crystal-glass-polish-g202","status":"publish","type":"product","link":"https:\/\/www.rupes.com\/es\/product\/crystal-glass-polish-g202\/","title":{"rendered":"Crystal glass polish G202"},"content":{"rendered":"","protected":false},"featured_media":0,"template":"","meta":{"_acf_changed":false},"categoryproduct":[888965158,888965156],"class_list":["post-1001384011","product","type-product","status-publish","hentry","category_product-consumables-car-care-products","category_product-consumables"],"acf":{"product_codice":"9.CCG202","scheda_nuova":true,"contact_form":true,"attiva_flag_new_product":false,"product_home":"0","attiva_special_message":"disattivo","product_titolo_it":"Lucidante per vetri G202","product_titolo_de":"","product_titolo_fr":"","product_titolo_es":"","product_descrizione_en":"<p><strong>G202 deep cleans and polishes glass<\/strong>\u00a0to restore perfect clarity. Ideal for use on windscreens\u00a0and exterior glass, this incredible\u00a0product eliminates hard water spots and absorbs\u00a0road film without cratching.<\/p>\n<p>Oil film and wiper marks reduce the clarity of\u00a0your glass and compromise visibility.<\/p>\n<p>Glare\u00a0from headlights or inclement weather reduces visibility further. With\u00a0a\u00a0simplehand\u00a0application,\u00a0<strong>G202 restores clarity<\/strong> to the\u00a0glass and\u00a0improves your ability to see the road clearly.<br \/>\nThis product cleans the difficult stuff that traditional\u00a0glass cleaners will not touch.<\/p>\n<p>Say \u201cgoodbye\u201d to hazy glass that is hard to see through!<\/p>\n","product_descrizione_it":"<p>Indicato per rimuovere macchie di calcare dalla superfice esterna del parabrezza e dei cristalli laterali.<\/p>\n<p>Il Rupes <strong>G202<\/strong> \u00e8 una pasta abrasiva estremamente fine che pulisce veramente in profondit\u00e0 il cristallo, senza per\u00f2 graffiarlo e quindi migliorandone in modo sostanziale la trasparenza. Utilizzato in combinazione con il G401 ne viene massimizzata l\u2019efficienza.<\/p>\n<p>Compreso nella confezione da 150ml: applicatore in spugna<\/p>\n","product_descrizione_de":"<p style=\"margin-left: 5.5pt;\"><strong>G202<\/strong> reinigt tief und poliert Glas, um perfekte Klarheit wieder herzustellen. Ideal f\u00fcr Windschutzschieben und externes Glas, dieses Produkt entfernt hartn\u00e4ckige Wasserflecken ohne Kratzer zu hinterlassen.<\/p>\n<p style=\"margin-left: 5.5pt;\">\u00d6l-Film und Wischer Markierungen reduzieren die Klarheit des Glases und die Sicht. Blenden durch Scheinwerfer oder schlechtem Wetter reduzieren die Sicht nochmals.<\/p>\n<p style=\"margin-left: 5.5pt;\">Mit einer einfachen Anwendung von Hand stellt G202 die Klarheit des Glases wieder her und verbessert die klare Sicht auf die Strasse. Dieses Produkt reinigt die hartn\u00e4ckigen Reste, die traditionelle Glasreiniger nicht entfernen.<\/p>\n<p>Sagen Sie \u201cgoodbye\u201d zu dunstigem Glas!<\/p>\n","product_descrizione_fr":"<p><strong>G202<\/strong> nettoie en profondeur et polit le verre pour r\u00e9tablir une parfaite clart\u00e9. Id\u00e9al pour une utilisation sur les pare-brise et la vitre ext\u00e9rieure, cet incroyable produit \u00e9limine les taches d&#8217;eau dure et absorbe le film de route sans rayer.<\/p>\n<p>Le film d&#8217;huile et les marques d&#8217;essuie-glace r\u00e9duisent la clart\u00e9 de votre vitre et compromet la visibilit\u00e9.<\/p>\n<p>La lumi\u00e8re \u00e9blouissante des phares ou les intemp\u00e9ries r\u00e9duit la visibilit\u00e9 \u00e0 distance. Avec une simple application, G202 restaure la clart\u00e9 du verre et am\u00e9liore votre capacit\u00e9 \u00e0 voir clairement la route.<br \/>\nCe produit nettoie les choses difficiles que les nettoyeurs de verre traditionnels n\u2019atteignent pas.<\/p>\n<p>Dites \u00ab\u00a0au revoir\u00a0\u00bb au verre brumeux au travers duquel il est difficile de voir\u00a0!<\/p>\n","product_descrizione_es":"","product_scheda_en":"","product_scheda_it":"","product_scheda_de":"","product_scheda_fr":"","product_scheda_es":"","thumb":false,"gallery":[{"ID":1001408504,"id":1001408504,"title":"9.CCG202","filename":"9.CCG202.jpg","filesize":169818,"url":"https:\/\/www.rupes.com\/wp-content\/uploads\/2019\/10\/9.CCG202.jpg","link":"https:\/\/www.rupes.com\/es\/product\/crystal-glass-polish-g202\/9-ccg202-2\/","alt":"","author":"2","description":"","caption":"","name":"9-ccg202-2","status":"inherit","uploaded_to":1001384011,"date":"2024-10-02 09:23:25","modified":"2024-10-02 09:23:25","menu_order":0,"mime_type":"image\/jpeg","type":"image","subtype":"jpeg","icon":"https:\/\/www.rupes.com\/wp-includes\/images\/media\/default.png","width":1200,"height":800,"sizes":{"thumbnail":"https:\/\/www.rupes.com\/wp-content\/uploads\/2019\/10\/9.CCG202-150x150.jpg","thumbnail-width":150,"thumbnail-height":150,"medium":"https:\/\/www.rupes.com\/wp-content\/uploads\/2019\/10\/9.CCG202-300x200.jpg","medium-width":300,"medium-height":200,"medium_large":"https:\/\/www.rupes.com\/wp-content\/uploads\/2019\/10\/9.CCG202-768x512.jpg","medium_large-width":768,"medium_large-height":512,"large":"https:\/\/www.rupes.com\/wp-content\/uploads\/2019\/10\/9.CCG202-1024x683.jpg","large-width":1024,"large-height":683,"1536x1536":"https:\/\/www.rupes.com\/wp-content\/uploads\/2019\/10\/9.CCG202.jpg","1536x1536-width":1200,"1536x1536-height":800,"2048x2048":"https:\/\/www.rupes.com\/wp-content\/uploads\/2019\/10\/9.CCG202.jpg","2048x2048-width":1200,"2048x2048-height":800,"thumb_news":"https:\/\/www.rupes.com\/wp-content\/uploads\/2019\/10\/9.CCG202-350x200.jpg","thumb_news-width":350,"thumb_news-height":200,"boxhome_small":"https:\/\/www.rupes.com\/wp-content\/uploads\/2019\/10\/9.CCG202-200x100.jpg","boxhome_small-width":200,"boxhome_small-height":100,"boxhome_medium":"https:\/\/www.rupes.com\/wp-content\/uploads\/2019\/10\/9.CCG202-300x150.jpg","boxhome_medium-width":300,"boxhome_medium-height":150,"boxhome_large":"https:\/\/www.rupes.com\/wp-content\/uploads\/2019\/10\/9.CCG202-450x200.jpg","boxhome_large-width":450,"boxhome_large-height":200,"boxproducts_large":"https:\/\/www.rupes.com\/wp-content\/uploads\/2019\/10\/9.CCG202-1200x700.jpg","boxproducts_large-width":1200,"boxproducts_large-height":700,"boxproducts_midlarge":"https:\/\/www.rupes.com\/wp-content\/uploads\/2019\/10\/9.CCG202-1200x560.jpg","boxproducts_midlarge-width":1200,"boxproducts_midlarge-height":560,"boxproducts_medium":"https:\/\/www.rupes.com\/wp-content\/uploads\/2019\/10\/9.CCG202-1024x450.jpg","boxproducts_medium-width":1024,"boxproducts_medium-height":450,"boxproducts_small":"https:\/\/www.rupes.com\/wp-content\/uploads\/2019\/10\/9.CCG202-700x305.jpg","boxproducts_small-width":700,"boxproducts_small-height":305,"boxproducts_mobile":"https:\/\/www.rupes.com\/wp-content\/uploads\/2019\/10\/9.CCG202-400x175.jpg","boxproducts_mobile-width":400,"boxproducts_mobile-height":175,"product_thumb":"https:\/\/www.rupes.com\/wp-content\/uploads\/2019\/10\/9.CCG202-300x200.jpg","product_thumb-width":300,"product_thumb-height":200,"product_home":"https:\/\/www.rupes.com\/wp-content\/uploads\/2019\/10\/9.CCG202-1200x700.jpg","product_home-width":1200,"product_home-height":700,"gallery_first":"https:\/\/www.rupes.com\/wp-content\/uploads\/2019\/10\/9.CCG202-750x500.jpg","gallery_first-width":750,"gallery_first-height":500,"gallery_thumb":"https:\/\/www.rupes.com\/wp-content\/uploads\/2019\/10\/9.CCG202-105x70.jpg","gallery_thumb-width":105,"gallery_thumb-height":70,"category_image":"https:\/\/www.rupes.com\/wp-content\/uploads\/2019\/10\/9.CCG202-200x133.jpg","category_image-width":200,"category_image-height":133,"category_thumb":"https:\/\/www.rupes.com\/wp-content\/uploads\/2019\/10\/9.CCG202-100x67.jpg","category_thumb-width":100,"category_thumb-height":67}},{"ID":1001387748,"id":1001387748,"title":"Crystal_glass_polish_G202_application2","filename":"Crystal_glass_polish_G202_application2.jpg","filesize":89267,"url":"https:\/\/www.rupes.com\/wp-content\/uploads\/2019\/10\/Crystal_glass_polish_G202_application2.jpg","link":"https:\/\/www.rupes.com\/es\/crystal_glass_polish_g202_application2-2\/","alt":"Crystal glass polish G202 application pad","author":"1","description":"","caption":"Application on pad of G202 Rapid cleaner detailer","name":"crystal_glass_polish_g202_application2-2","status":"inherit","uploaded_to":0,"date":"2019-10-01 09:30:32","modified":"2019-10-01 09:38:21","menu_order":0,"mime_type":"image\/jpeg","type":"image","subtype":"jpeg","icon":"https:\/\/www.rupes.com\/wp-includes\/images\/media\/default.png","width":1200,"height":800,"sizes":{"thumbnail":"https:\/\/www.rupes.com\/wp-content\/uploads\/2019\/10\/Crystal_glass_polish_G202_application2-150x150.jpg","thumbnail-width":150,"thumbnail-height":150,"medium":"https:\/\/www.rupes.com\/wp-content\/uploads\/2019\/10\/Crystal_glass_polish_G202_application2-300x200.jpg","medium-width":300,"medium-height":200,"medium_large":"https:\/\/www.rupes.com\/wp-content\/uploads\/2019\/10\/Crystal_glass_polish_G202_application2-768x512.jpg","medium_large-width":768,"medium_large-height":512,"large":"https:\/\/www.rupes.com\/wp-content\/uploads\/2019\/10\/Crystal_glass_polish_G202_application2-1024x683.jpg","large-width":1024,"large-height":683,"1536x1536":"https:\/\/www.rupes.com\/wp-content\/uploads\/2019\/10\/Crystal_glass_polish_G202_application2.jpg","1536x1536-width":1200,"1536x1536-height":800,"2048x2048":"https:\/\/www.rupes.com\/wp-content\/uploads\/2019\/10\/Crystal_glass_polish_G202_application2.jpg","2048x2048-width":1200,"2048x2048-height":800,"thumb_news":"https:\/\/www.rupes.com\/wp-content\/uploads\/2019\/10\/Crystal_glass_polish_G202_application2-350x200.jpg","thumb_news-width":350,"thumb_news-height":200,"boxhome_small":"https:\/\/www.rupes.com\/wp-content\/uploads\/2019\/10\/Crystal_glass_polish_G202_application2-200x100.jpg","boxhome_small-width":200,"boxhome_small-height":100,"boxhome_medium":"https:\/\/www.rupes.com\/wp-content\/uploads\/2019\/10\/Crystal_glass_polish_G202_application2-300x150.jpg","boxhome_medium-width":300,"boxhome_medium-height":150,"boxhome_large":"https:\/\/www.rupes.com\/wp-content\/uploads\/2019\/10\/Crystal_glass_polish_G202_application2-450x200.jpg","boxhome_large-width":450,"boxhome_large-height":200,"boxproducts_large":"https:\/\/www.rupes.com\/wp-content\/uploads\/2019\/10\/Crystal_glass_polish_G202_application2-1200x700.jpg","boxproducts_large-width":1200,"boxproducts_large-height":700,"boxproducts_midlarge":"https:\/\/www.rupes.com\/wp-content\/uploads\/2019\/10\/Crystal_glass_polish_G202_application2-1200x560.jpg","boxproducts_midlarge-width":1200,"boxproducts_midlarge-height":560,"boxproducts_medium":"https:\/\/www.rupes.com\/wp-content\/uploads\/2019\/10\/Crystal_glass_polish_G202_application2-1024x450.jpg","boxproducts_medium-width":1024,"boxproducts_medium-height":450,"boxproducts_small":"https:\/\/www.rupes.com\/wp-content\/uploads\/2019\/10\/Crystal_glass_polish_G202_application2-700x305.jpg","boxproducts_small-width":700,"boxproducts_small-height":305,"boxproducts_mobile":"https:\/\/www.rupes.com\/wp-content\/uploads\/2019\/10\/Crystal_glass_polish_G202_application2-400x175.jpg","boxproducts_mobile-width":400,"boxproducts_mobile-height":175,"product_thumb":"https:\/\/www.rupes.com\/wp-content\/uploads\/2019\/10\/Crystal_glass_polish_G202_application2-300x200.jpg","product_thumb-width":300,"product_thumb-height":200,"product_home":"https:\/\/www.rupes.com\/wp-content\/uploads\/2019\/10\/Crystal_glass_polish_G202_application2.jpg","product_home-width":1050,"product_home-height":700,"gallery_first":"https:\/\/www.rupes.com\/wp-content\/uploads\/2019\/10\/Crystal_glass_polish_G202_application2-750x500.jpg","gallery_first-width":750,"gallery_first-height":500,"gallery_thumb":"https:\/\/www.rupes.com\/wp-content\/uploads\/2019\/10\/Crystal_glass_polish_G202_application2-105x70.jpg","gallery_thumb-width":105,"gallery_thumb-height":70,"category_image":"https:\/\/www.rupes.com\/wp-content\/uploads\/2019\/10\/Crystal_glass_polish_G202_application2.jpg","category_image-width":200,"category_image-height":133,"category_thumb":"https:\/\/www.rupes.com\/wp-content\/uploads\/2019\/10\/Crystal_glass_polish_G202_application2.jpg","category_thumb-width":100,"category_thumb-height":67}},{"ID":1001387743,"id":1001387743,"title":"Crystal_glass_polish_G202_application1","filename":"Crystal_glass_polish_G202_application1.jpg","filesize":125385,"url":"https:\/\/www.rupes.com\/wp-content\/uploads\/2019\/10\/Crystal_glass_polish_G202_application1.jpg","link":"https:\/\/www.rupes.com\/es\/crystal_glass_polish_g202_application1-2\/","alt":"Crystal glass polish G202 application glass","author":"1","description":"","caption":"Application on glass of G202 Crystal glass polish","name":"crystal_glass_polish_g202_application1-2","status":"inherit","uploaded_to":0,"date":"2019-10-01 09:30:31","modified":"2019-10-01 09:34:30","menu_order":0,"mime_type":"image\/jpeg","type":"image","subtype":"jpeg","icon":"https:\/\/www.rupes.com\/wp-includes\/images\/media\/default.png","width":1200,"height":800,"sizes":{"thumbnail":"https:\/\/www.rupes.com\/wp-content\/uploads\/2019\/10\/Crystal_glass_polish_G202_application1-150x150.jpg","thumbnail-width":150,"thumbnail-height":150,"medium":"https:\/\/www.rupes.com\/wp-content\/uploads\/2019\/10\/Crystal_glass_polish_G202_application1-300x200.jpg","medium-width":300,"medium-height":200,"medium_large":"https:\/\/www.rupes.com\/wp-content\/uploads\/2019\/10\/Crystal_glass_polish_G202_application1-768x512.jpg","medium_large-width":768,"medium_large-height":512,"large":"https:\/\/www.rupes.com\/wp-content\/uploads\/2019\/10\/Crystal_glass_polish_G202_application1-1024x683.jpg","large-width":1024,"large-height":683,"1536x1536":"https:\/\/www.rupes.com\/wp-content\/uploads\/2019\/10\/Crystal_glass_polish_G202_application1.jpg","1536x1536-width":1200,"1536x1536-height":800,"2048x2048":"https:\/\/www.rupes.com\/wp-content\/uploads\/2019\/10\/Crystal_glass_polish_G202_application1.jpg","2048x2048-width":1200,"2048x2048-height":800,"thumb_news":"https:\/\/www.rupes.com\/wp-content\/uploads\/2019\/10\/Crystal_glass_polish_G202_application1-350x200.jpg","thumb_news-width":350,"thumb_news-height":200,"boxhome_small":"https:\/\/www.rupes.com\/wp-content\/uploads\/2019\/10\/Crystal_glass_polish_G202_application1-200x100.jpg","boxhome_small-width":200,"boxhome_small-height":100,"boxhome_medium":"https:\/\/www.rupes.com\/wp-content\/uploads\/2019\/10\/Crystal_glass_polish_G202_application1-300x150.jpg","boxhome_medium-width":300,"boxhome_medium-height":150,"boxhome_large":"https:\/\/www.rupes.com\/wp-content\/uploads\/2019\/10\/Crystal_glass_polish_G202_application1-450x200.jpg","boxhome_large-width":450,"boxhome_large-height":200,"boxproducts_large":"https:\/\/www.rupes.com\/wp-content\/uploads\/2019\/10\/Crystal_glass_polish_G202_application1-1200x700.jpg","boxproducts_large-width":1200,"boxproducts_large-height":700,"boxproducts_midlarge":"https:\/\/www.rupes.com\/wp-content\/uploads\/2019\/10\/Crystal_glass_polish_G202_application1-1200x560.jpg","boxproducts_midlarge-width":1200,"boxproducts_midlarge-height":560,"boxproducts_medium":"https:\/\/www.rupes.com\/wp-content\/uploads\/2019\/10\/Crystal_glass_polish_G202_application1-1024x450.jpg","boxproducts_medium-width":1024,"boxproducts_medium-height":450,"boxproducts_small":"https:\/\/www.rupes.com\/wp-content\/uploads\/2019\/10\/Crystal_glass_polish_G202_application1-700x305.jpg","boxproducts_small-width":700,"boxproducts_small-height":305,"boxproducts_mobile":"https:\/\/www.rupes.com\/wp-content\/uploads\/2019\/10\/Crystal_glass_polish_G202_application1-400x175.jpg","boxproducts_mobile-width":400,"boxproducts_mobile-height":175,"product_thumb":"https:\/\/www.rupes.com\/wp-content\/uploads\/2019\/10\/Crystal_glass_polish_G202_application1-300x200.jpg","product_thumb-width":300,"product_thumb-height":200,"product_home":"https:\/\/www.rupes.com\/wp-content\/uploads\/2019\/10\/Crystal_glass_polish_G202_application1.jpg","product_home-width":1050,"product_home-height":700,"gallery_first":"https:\/\/www.rupes.com\/wp-content\/uploads\/2019\/10\/Crystal_glass_polish_G202_application1-750x500.jpg","gallery_first-width":750,"gallery_first-height":500,"gallery_thumb":"https:\/\/www.rupes.com\/wp-content\/uploads\/2019\/10\/Crystal_glass_polish_G202_application1-105x70.jpg","gallery_thumb-width":105,"gallery_thumb-height":70,"category_image":"https:\/\/www.rupes.com\/wp-content\/uploads\/2019\/10\/Crystal_glass_polish_G202_application1.jpg","category_image-width":200,"category_image-height":133,"category_thumb":"https:\/\/www.rupes.com\/wp-content\/uploads\/2019\/10\/Crystal_glass_polish_G202_application1.jpg","category_thumb-width":100,"category_thumb-height":67}}],"videos":false,"files":[{"label":"msds","etichetta_en":"","etichetta_it":"","etichetta_de":"","etichetta_fr":"","etichetta_es":"","multilingua":"no","file":false,"url_file":"https:\/\/www.rupes.com\/msds\/9.CCG202_english.pdf","file_or_url":"file","file_it":false,"url_it":"","file_or_url_it":"file","file_de":false,"url_de":"","file_or_url_de":"file","file_fr":false,"url_fr":"","file_or_url_fr":"file","file_es":false,"url_es":"","file_or_url_es":"file"},{"label":"tds","etichetta_en":"","etichetta_it":"","etichetta_de":"","etichetta_fr":"","etichetta_es":"","multilingua":"no","file":false,"url_file":"https:\/\/www.rupes.com\/tds\/G202.pdf","file_or_url":"file","file_it":false,"url_it":"","file_or_url_it":"file","file_de":false,"url_de":"","file_or_url_de":"file","file_fr":false,"url_fr":"","file_or_url_fr":"file","file_es":false,"url_es":"","file_or_url_es":"file"},{"label":"brochure","etichetta_en":"","etichetta_it":"","etichetta_de":"","etichetta_fr":"","etichetta_es":"","multilingua":"no","file":{"ID":1001387798,"id":1001387798,"title":"brochure_Car_Care","filename":"brochure_Car_Care-1.pdf","filesize":678052,"url":"https:\/\/www.rupes.com\/wp-content\/uploads\/2019\/10\/brochure_Car_Care-1.pdf","link":"https:\/\/www.rupes.com\/es\/brochure_car_care-2\/","alt":"","author":"1","description":"","caption":"","name":"brochure_car_care-2","status":"inherit","uploaded_to":0,"date":"2019-10-01 14:26:31","modified":"2019-10-01 14:26:31","menu_order":0,"mime_type":"application\/pdf","type":"application","subtype":"pdf","icon":"https:\/\/www.rupes.com\/wp-includes\/images\/media\/document.png"},"url_file":"","file_or_url":"file","file_it":false,"url_it":"","file_or_url_it":"file","file_de":false,"url_de":"","file_or_url_de":"file","file_fr":false,"url_fr":"","file_or_url_fr":"file","file_es":false,"url_es":"","file_or_url_es":"file"}],"blocco_dimensione":[{"codice":"9.CCG202","dimensione":"150ml","immagine":{"ID":1001408509,"id":1001408509,"title":"9.CCG202","filename":"9.CCG202-1.jpg","filesize":169818,"url":"https:\/\/www.rupes.com\/wp-content\/uploads\/2019\/10\/9.CCG202-1.jpg","link":"https:\/\/www.rupes.com\/es\/product\/crystal-glass-polish-g202\/9-ccg202-2-2\/","alt":"","author":"2","description":"","caption":"","name":"9-ccg202-2-2","status":"inherit","uploaded_to":1001384011,"date":"2024-10-02 09:23:39","modified":"2024-10-02 09:23:39","menu_order":0,"mime_type":"image\/jpeg","type":"image","subtype":"jpeg","icon":"https:\/\/www.rupes.com\/wp-includes\/images\/media\/default.png","width":1200,"height":800,"sizes":{"thumbnail":"https:\/\/www.rupes.com\/wp-content\/uploads\/2019\/10\/9.CCG202-1-150x150.jpg","thumbnail-width":150,"thumbnail-height":150,"medium":"https:\/\/www.rupes.com\/wp-content\/uploads\/2019\/10\/9.CCG202-1-300x200.jpg","medium-width":300,"medium-height":200,"medium_large":"https:\/\/www.rupes.com\/wp-content\/uploads\/2019\/10\/9.CCG202-1-768x512.jpg","medium_large-width":768,"medium_large-height":512,"large":"https:\/\/www.rupes.com\/wp-content\/uploads\/2019\/10\/9.CCG202-1-1024x683.jpg","large-width":1024,"large-height":683,"1536x1536":"https:\/\/www.rupes.com\/wp-content\/uploads\/2019\/10\/9.CCG202-1.jpg","1536x1536-width":1200,"1536x1536-height":800,"2048x2048":"https:\/\/www.rupes.com\/wp-content\/uploads\/2019\/10\/9.CCG202-1.jpg","2048x2048-width":1200,"2048x2048-height":800,"thumb_news":"https:\/\/www.rupes.com\/wp-content\/uploads\/2019\/10\/9.CCG202-1-350x200.jpg","thumb_news-width":350,"thumb_news-height":200,"boxhome_small":"https:\/\/www.rupes.com\/wp-content\/uploads\/2019\/10\/9.CCG202-1-200x100.jpg","boxhome_small-width":200,"boxhome_small-height":100,"boxhome_medium":"https:\/\/www.rupes.com\/wp-content\/uploads\/2019\/10\/9.CCG202-1-300x150.jpg","boxhome_medium-width":300,"boxhome_medium-height":150,"boxhome_large":"https:\/\/www.rupes.com\/wp-content\/uploads\/2019\/10\/9.CCG202-1-450x200.jpg","boxhome_large-width":450,"boxhome_large-height":200,"boxproducts_large":"https:\/\/www.rupes.com\/wp-content\/uploads\/2019\/10\/9.CCG202-1-1200x700.jpg","boxproducts_large-width":1200,"boxproducts_large-height":700,"boxproducts_midlarge":"https:\/\/www.rupes.com\/wp-content\/uploads\/2019\/10\/9.CCG202-1-1200x560.jpg","boxproducts_midlarge-width":1200,"boxproducts_midlarge-height":560,"boxproducts_medium":"https:\/\/www.rupes.com\/wp-content\/uploads\/2019\/10\/9.CCG202-1-1024x450.jpg","boxproducts_medium-width":1024,"boxproducts_medium-height":450,"boxproducts_small":"https:\/\/www.rupes.com\/wp-content\/uploads\/2019\/10\/9.CCG202-1-700x305.jpg","boxproducts_small-width":700,"boxproducts_small-height":305,"boxproducts_mobile":"https:\/\/www.rupes.com\/wp-content\/uploads\/2019\/10\/9.CCG202-1-400x175.jpg","boxproducts_mobile-width":400,"boxproducts_mobile-height":175,"product_thumb":"https:\/\/www.rupes.com\/wp-content\/uploads\/2019\/10\/9.CCG202-1-300x200.jpg","product_thumb-width":300,"product_thumb-height":200,"product_home":"https:\/\/www.rupes.com\/wp-content\/uploads\/2019\/10\/9.CCG202-1-1200x700.jpg","product_home-width":1200,"product_home-height":700,"gallery_first":"https:\/\/www.rupes.com\/wp-content\/uploads\/2019\/10\/9.CCG202-1-750x500.jpg","gallery_first-width":750,"gallery_first-height":500,"gallery_thumb":"https:\/\/www.rupes.com\/wp-content\/uploads\/2019\/10\/9.CCG202-1-105x70.jpg","gallery_thumb-width":105,"gallery_thumb-height":70,"category_image":"https:\/\/www.rupes.com\/wp-content\/uploads\/2019\/10\/9.CCG202-1-200x133.jpg","category_image-width":200,"category_image-height":133,"category_thumb":"https:\/\/www.rupes.com\/wp-content\/uploads\/2019\/10\/9.CCG202-1-100x67.jpg","category_thumb-width":100,"category_thumb-height":67}},"descrizione_en":"With foam applicator","descrizione_it":"","descrizione_de":"","descrizione_fr":"","descrizione_es":""}],"varianti":false,"kit_vendita":false,"blocchi_prodotti_correlati":[{"iconablocco":"fas fa-share","seleziona_i_prodotti":[1001384012,1001384096,1001384464,1001384097,1001384449,1001384174,1001384013,1001384010],"label":"view related products","titolo_correlato_en":"","titolo_correlato_it":"","titolo_correlato_de":"","titolo_correlato_fr":"","titolo_correlato_es":""}],"seleziona_tag_notizie":false,"seleziona_le_recensioni":"","attiva_voice_speech":false,"product_b2b_code":"","product_b2b_pdf":"","code_usermanuals":"","code_usermanuals_usa":"","escludi_scheda_sicurezza":false,"google_review_link":"","attiva_collegamento":false},"_links":{"self":[{"href":"https:\/\/www.rupes.com\/es\/wp-json\/wp\/v2\/products\/1001384011","targetHints":{"allow":["GET"]}}],"collection":[{"href":"https:\/\/www.rupes.com\/es\/wp-json\/wp\/v2\/products"}],"about":[{"href":"https:\/\/www.rupes.com\/es\/wp-json\/wp\/v2\/types\/product"}],"wp:attachment":[{"href":"https:\/\/www.rupes.com\/es\/wp-json\/wp\/v2\/media?parent=1001384011"}],"wp:term":[{"taxonomy":"category_product","embeddable":true,"href":"https:\/\/www.rupes.com\/es\/wp-json\/wp\/v2\/categoryproduct?post=1001384011"}],"curies":[{"name":"wp","href":"https:\/\/api.w.org\/{rel}","templated":true}]}}