{"id":999959175,"date":"2018-05-16T11:34:14","date_gmt":"2018-05-16T09:34:14","guid":{"rendered":"https:\/\/www.rupes.com\/bigfoot-system\/"},"modified":"2018-06-20T12:36:53","modified_gmt":"2018-06-20T10:36:53","slug":"sistema-bigfoot","status":"publish","type":"page","link":"https:\/\/www.rupes.com\/es\/sistema-bigfoot\/","title":{"rendered":"EL SISTEMA BIGFOOT"},"content":{"rendered":"<h2>SISTEMA <em>PERFECTO<\/em><\/h2>\n<p>El sistema <strong>Big Foot<\/strong> es la soluci\u00f3n perfecta para el usuario principiante o el profesional en busca de un acabado perfecto. Las caracter\u00edsticas de dise\u00f1o de Big Foot la hacen \u00fanica en el mundo de las pulidoras. El balance excepcional y la falta de vibraci\u00f3n permiten al operador completo control y maximizar la maniobrabilidad de la herramienta durante la operaci\u00f3n de pulido. Normalmente las zonas dif\u00edciles, como los bordes, contornos y esquinas son de f\u00e1cil manejo con el operador que emplea un movimiento armonioso\u00a0 y consistente. Garantizar la m\u00e1xima comodidad del operador durante el uso fue un importante aspecto tomado en cuenta por los t\u00e9cnicos de <strong><em>RUPES<\/em><\/strong> desde los primeros estudios de factibilidad del proyecto. El dise\u00f1o \u00fanico y el enfoque concentrado a la ergonom\u00eda, resulta en una herramienta muy estable que es ligera y maniobrable, mientras entrega todo el poder necesario para lograr un acabado de clase mundial de meta. Con <strong>Big Foot<\/strong>, el pulido se convierte en f\u00e1cil, c\u00f3modo y se logran\u00a0 excelentes resultados.<\/p>\n<h2><\/h2>\n<h2><em>RESULTADOS PERFECTOS<\/em><br \/>\nResultados \u00f3ptimos con un solo paso!<\/h2>\n<p>Obtener una superficie perfectamente pulida en la menor cantidad de tiempo posible era un objetivo primordial del proyecto <strong>Big Foot<\/strong>. Los m\u00e9todos tradicionales de pulido requieren generalmente un t\u00e9cnico experimentado y consumen mucho tiempo debido a las diversas etapas de lijado, pulido y tratamiento de hologramas post-pulido. <strong>Big Foot<\/strong> simplifica el proceso de pulido, reduciendo sustancialmente el tiempo y produciendo un \u00f3ptimo resultado con un solo paso. Gracias al movimiento orbital aleatorio, el sistema innovador de <strong>Big Foot<\/strong> elimina hologramas y la necesidad de pasos post-pulido generalmente asociados con m\u00e9todos de pulido tradicionales.<\/p>\n","protected":false},"excerpt":{"rendered":"<p>SISTEMA PERFECTO El sistema Big Foot es la soluci\u00f3n perfecta para el usuario principiante o el profesional en busca de un acabado perfecto. Las caracter\u00edsticas de dise\u00f1o de Big Foot <\/p>\n","protected":false},"author":1,"featured_media":0,"parent":0,"menu_order":0,"comment_status":"closed","ping_status":"closed","template":"page-bigfootsystem.php","meta":{"_acf_changed":false,"footnotes":""},"class_list":["post-999959175","page","type-page","status-publish","hentry"],"acf":{"scegliSlider":"default","addVideoSlider":false,"video":"","gallery":false,"full_page":false,"php_code":""},"_links":{"self":[{"href":"https:\/\/www.rupes.com\/es\/wp-json\/wp\/v2\/pages\/999959175","targetHints":{"allow":["GET"]}}],"collection":[{"href":"https:\/\/www.rupes.com\/es\/wp-json\/wp\/v2\/pages"}],"about":[{"href":"https:\/\/www.rupes.com\/es\/wp-json\/wp\/v2\/types\/page"}],"author":[{"embeddable":true,"href":"https:\/\/www.rupes.com\/es\/wp-json\/wp\/v2\/users\/1"}],"replies":[{"embeddable":true,"href":"https:\/\/www.rupes.com\/es\/wp-json\/wp\/v2\/comments?post=999959175"}],"version-history":[{"count":0,"href":"https:\/\/www.rupes.com\/es\/wp-json\/wp\/v2\/pages\/999959175\/revisions"}],"wp:attachment":[{"href":"https:\/\/www.rupes.com\/es\/wp-json\/wp\/v2\/media?parent=999959175"}],"curies":[{"name":"wp","href":"https:\/\/api.w.org\/{rel}","templated":true}]}}