{"id":1001412301,"date":"2026-02-26T08:52:57","date_gmt":"2026-02-26T07:52:57","guid":{"rendered":"https:\/\/www.rupes.com\/?page_id=1001412301"},"modified":"2026-02-26T08:52:58","modified_gmt":"2026-02-26T07:52:58","slug":"soporte-y-servicio-posventa","status":"publish","type":"page","link":"https:\/\/www.rupes.com\/es\/soporte-y-servicio-posventa\/","title":{"rendered":"Soporte y Servicio Posventa"},"content":{"rendered":"\n<p>En RUPES, la calidad de nuestros productos se refleja en la excelencia de nuestro soporte t\u00e9cnico. Estamos a su lado para asegurar que sus herramientas mantengan un alto rendimiento a lo largo del tiempo, ofreci\u00e9ndole soluciones r\u00e1pidas y fiables.<\/p>\n\n\n\n<ul class=\"wp-block-list\">\n<li><strong><a href=\"https:\/\/repaircentres.rupes.com\/\">Centros de Servicio Autorizados<\/a>:<\/strong> Encuentre el centro colaborador m\u00e1s cercano para reparaciones y mantenimiento profesional.<\/li>\n\n\n\n<li><strong><a href=\"https:\/\/app.rupes.com\/warrantyPlus\/home.php?ln=es\" type=\"link\" id=\"https:\/\/app.rupes.com\/warrantyPlus\/home.php?ln=es\">Extensi\u00f3n de Garant\u00eda<\/a>:<\/strong> Proteja su inversi\u00f3n y active la extensi\u00f3n de garant\u00eda para sus nuevos productos RUPES.<\/li>\n<\/ul>\n\n\n\n<p><\/p>\n","protected":false},"excerpt":{"rendered":"<p>En RUPES, la calidad de nuestros productos se refleja en la excelencia de nuestro soporte t\u00e9cnico. Estamos a su lado para asegurar que sus herramientas mantengan un alto rendimiento a <\/p>\n","protected":false},"author":1,"featured_media":0,"parent":0,"menu_order":0,"comment_status":"closed","ping_status":"closed","template":"","meta":{"_acf_changed":false,"footnotes":""},"class_list":["post-1001412301","page","type-page","status-publish","hentry"],"acf":{"scegliSlider":"default","addVideoSlider":false,"btn_class":"red","video":"","gallery":false,"full_page":false,"php_code":"","buttons":false},"_links":{"self":[{"href":"https:\/\/www.rupes.com\/es\/wp-json\/wp\/v2\/pages\/1001412301","targetHints":{"allow":["GET"]}}],"collection":[{"href":"https:\/\/www.rupes.com\/es\/wp-json\/wp\/v2\/pages"}],"about":[{"href":"https:\/\/www.rupes.com\/es\/wp-json\/wp\/v2\/types\/page"}],"author":[{"embeddable":true,"href":"https:\/\/www.rupes.com\/es\/wp-json\/wp\/v2\/users\/1"}],"replies":[{"embeddable":true,"href":"https:\/\/www.rupes.com\/es\/wp-json\/wp\/v2\/comments?post=1001412301"}],"version-history":[{"count":1,"href":"https:\/\/www.rupes.com\/es\/wp-json\/wp\/v2\/pages\/1001412301\/revisions"}],"predecessor-version":[{"id":1001412302,"href":"https:\/\/www.rupes.com\/es\/wp-json\/wp\/v2\/pages\/1001412301\/revisions\/1001412302"}],"wp:attachment":[{"href":"https:\/\/www.rupes.com\/es\/wp-json\/wp\/v2\/media?parent=1001412301"}],"curies":[{"name":"wp","href":"https:\/\/api.w.org\/{rel}","templated":true}]}}