{"id":1001412202,"date":"2026-02-20T16:10:30","date_gmt":"2026-02-20T15:10:30","guid":{"rendered":"https:\/\/www.rupes.com\/?page_id=1001412202"},"modified":"2026-02-20T16:14:01","modified_gmt":"2026-02-20T15:14:01","slug":"microfinish-discos-adhesivos-para-denibbing","status":"publish","type":"page","link":"https:\/\/www.rupes.com\/es\/nouvelle-gamme-dabrasifs-rupes\/microfinish-discos-adhesivos-para-denibbing\/","title":{"rendered":"MICROFINISH Discos adhesivos para denibbing"},"content":{"rendered":"\t\t<div data-elementor-type=\"wp-page\" data-elementor-id=\"1001412202\" class=\"elementor elementor-1001412202 elementor-1001410765\" data-elementor-post-type=\"page\">\n\t\t\t\t\t\t<section class=\"elementor-section elementor-top-section elementor-element elementor-element-eed7072 elementor-section-full_width elementor-section-height-default elementor-section-height-default\" data-id=\"eed7072\" data-element_type=\"section\" data-e-type=\"section\">\n\t\t\t\t\t\t<div class=\"elementor-container elementor-column-gap-default\">\n\t\t\t\t\t<div class=\"elementor-column elementor-col-50 elementor-top-column elementor-element elementor-element-f6f312e\" data-id=\"f6f312e\" data-element_type=\"column\" data-e-type=\"column\">\n\t\t\t<div class=\"elementor-widget-wrap elementor-element-populated\">\n\t\t\t\t\t\t<div class=\"elementor-element elementor-element-7d38ae2 eael-dual-header-content-align-left elementor-widget elementor-widget-eael-dual-color-header\" data-id=\"7d38ae2\" data-element_type=\"widget\" data-e-type=\"widget\" data-widget_type=\"eael-dual-color-header.default\">\n\t\t\t\t<div class=\"elementor-widget-container\">\n\t\t\t\t\t\t\t\t<div class=\"eael-dual-header\">\n\t\t\t\t<h1 class=\"title eael-dch-title\"><span class=\"eael-dch-title-text eael-dch-title-lead lead solid-color\">MICRO<\/span> <span class=\"eael-dch-title-text\">FINISH<\/span><\/h1>\t\t\t<\/div>\n\n\t\t\t\t\t\t<\/div>\n\t\t\t\t<\/div>\n\t\t\t\t<div class=\"elementor-element elementor-element-583e9f9 elementor-widget elementor-widget-heading\" data-id=\"583e9f9\" data-element_type=\"widget\" data-e-type=\"widget\" data-widget_type=\"heading.default\">\n\t\t\t\t<div class=\"elementor-widget-container\">\n\t\t\t\t\t<h3 class=\"elementor-heading-title elementor-size-default\">Discos adhesivos para denibbing<\/h3>\t\t\t\t<\/div>\n\t\t\t\t<\/div>\n\t\t\t\t<div class=\"elementor-element elementor-element-c366626 elementor-widget elementor-widget-text-editor\" data-id=\"c366626\" data-element_type=\"widget\" data-e-type=\"widget\" data-widget_type=\"text-editor.default\">\n\t\t\t\t<div class=\"elementor-widget-container\">\n\t\t\t\t\t\t\t\t\t<p>Los discos adhesivos RUPES MICROFINISH representan una soluci\u00f3n abrasiva de vanguardia, dise\u00f1ada espec\u00edficamente para la correcci\u00f3n de defectos de pintura. El n\u00facleo de esta innovaci\u00f3n es una estructura especial de granos piramidales, desarrollada para garantizar un rendimiento de corte constante, excelente durabilidad y resultados superficiales excepcionales, con una acumulaci\u00f3n m\u00ednima de calor y una obstrucci\u00f3n reducida.<\/p><p>Gracias a la tecnolog\u00eda avanzada del soporte con film microabrasivo y al caracter\u00edstico perfil en forma de margarita, este disco es perfecto para la eliminaci\u00f3n de peque\u00f1os defectos de pintura, reduciendo visiblemente el efecto mate localizado (efecto moneda) y garantizando un lijado suave y controlado.<\/p><p>Perfecto para el uso en h\u00famedo, el disco adhesivo MICROFINISH es la herramienta ideal para una eliminaci\u00f3n eficiente de defectos de pintura con un acabado impecable.<\/p><p>\u00a0<\/p>\t\t\t\t\t\t\t\t<\/div>\n\t\t\t\t<\/div>\n\t\t\t\t<div class=\"elementor-element elementor-element-e6ff509 elementor-widget elementor-widget-text-editor\" data-id=\"e6ff509\" data-element_type=\"widget\" data-e-type=\"widget\" data-widget_type=\"text-editor.default\">\n\t\t\t\t<div class=\"elementor-widget-container\">\n\t\t\t\t\t\t\t\t\t<h4>Caracter\u00edsticas<\/h4><ul><li>Los discos adhesivos RUPES MICROFINISH est\u00e1n dise\u00f1ados espec\u00edficamente para operaciones de eliminaci\u00f3n de defectos de pintura como part\u00edculas de suciedad y escurrimientos.<\/li><li>La estructura especial de granos piramidales y el film microabrasivo garantizan un rendimiento constante, m\u00ednima obstrucci\u00f3n y excelentes resultados superficiales.<\/li><li>El perfil en forma de margarita ayuda a reducir el efecto mate localizado (efecto moneda), ofreciendo flexibilidad y control. Ideal para retoques localizados y correcciones detalladas en aplicaciones en h\u00famedo.<\/li><\/ul>\t\t\t\t\t\t\t\t<\/div>\n\t\t\t\t<\/div>\n\t\t\t\t<div class=\"elementor-element elementor-element-c19f862 elementor-widget elementor-widget-heading\" data-id=\"c19f862\" data-element_type=\"widget\" data-e-type=\"widget\" data-widget_type=\"heading.default\">\n\t\t\t\t<div class=\"elementor-widget-container\">\n\t\t\t\t\t<h3 class=\"elementor-heading-title elementor-size-default\">Estructura del grano abrasivo<\/h3>\t\t\t\t<\/div>\n\t\t\t\t<\/div>\n\t\t\t\t<div class=\"elementor-element elementor-element-704aa54 elementor-widget elementor-widget-text-editor\" data-id=\"704aa54\" data-element_type=\"widget\" data-e-type=\"widget\" data-widget_type=\"text-editor.default\">\n\t\t\t\t<div class=\"elementor-widget-container\">\n\t\t\t\t\t\t\t\t\t<ul><li>Struttura a grani piramidali microabrasivi, progettata per garantire un\u2019azione di taglio costante e una finitura di alta qualit\u00e0.<\/li><li>Grani disposti in configurazione controllata per ridurre l\u2019intasamento nella correzione di difetti di<\/li><li>Tecnologia abrasiva ideale per la correzione dei difetti di verniciatura, grazie alla progressiva esposizione dei micrograni che assicura prestazioni ottimali anche nei lavori di precisione.<\/li><\/ul>\t\t\t\t\t\t\t\t<\/div>\n\t\t\t\t<\/div>\n\t\t\t\t<section class=\"elementor-section elementor-inner-section elementor-element elementor-element-a44ed3d elementor-section-height-min-height elementor-section-boxed elementor-section-height-default\" data-id=\"a44ed3d\" data-element_type=\"section\" data-e-type=\"section\">\n\t\t\t\t\t\t<div class=\"elementor-container elementor-column-gap-default\">\n\t\t\t\t\t<div class=\"elementor-column elementor-col-100 elementor-inner-column elementor-element elementor-element-eb36608\" data-id=\"eb36608\" data-element_type=\"column\" data-e-type=\"column\" data-settings=\"{&quot;background_background&quot;:&quot;classic&quot;}\">\n\t\t\t<div class=\"elementor-widget-wrap\">\n\t\t\t\t\t\t\t<\/div>\n\t\t<\/div>\n\t\t\t\t\t<\/div>\n\t\t<\/section>\n\t\t\t\t<div class=\"elementor-element elementor-element-03b08af elementor-widget elementor-widget-text-editor\" data-id=\"03b08af\" data-element_type=\"widget\" data-e-type=\"widget\" data-widget_type=\"text-editor.default\">\n\t\t\t\t<div class=\"elementor-widget-container\">\n\t\t\t\t\t\t\t\t\t<p>Vista microsc\u00f3pica de la estructura de los granos de los abrasivos MICROFINISH.<\/p>\t\t\t\t\t\t\t\t<\/div>\n\t\t\t\t<\/div>\n\t\t\t\t<div class=\"elementor-element elementor-element-c7e28aa elementor-widget elementor-widget-image\" data-id=\"c7e28aa\" data-element_type=\"widget\" data-e-type=\"widget\" data-widget_type=\"image.default\">\n\t\t\t\t<div class=\"elementor-widget-container\">\n\t\t\t\t\t\t\t\t\t\t\t\t<figure class=\"wp-caption\">\n\t\t\t\t\t\t\t\t\t\t<img fetchpriority=\"high\" decoding=\"async\" width=\"655\" height=\"237\" src=\"https:\/\/www.rupes.com\/wp-content\/uploads\/2026\/02\/Screenshot-2026-02-03-152327.png\" class=\"attachment-large size-large wp-image-1001410880\" alt=\"\" srcset=\"https:\/\/www.rupes.com\/wp-content\/uploads\/2026\/02\/Screenshot-2026-02-03-152327.png 655w, https:\/\/www.rupes.com\/wp-content\/uploads\/2026\/02\/Screenshot-2026-02-03-152327-300x109.png 300w, https:\/\/www.rupes.com\/wp-content\/uploads\/2026\/02\/Screenshot-2026-02-03-152327-105x38.png 105w, https:\/\/www.rupes.com\/wp-content\/uploads\/2026\/02\/Screenshot-2026-02-03-152327-200x72.png 200w, https:\/\/www.rupes.com\/wp-content\/uploads\/2026\/02\/Screenshot-2026-02-03-152327-100x36.png 100w\" sizes=\"(max-width: 655px) 100vw, 655px\" \/>\t\t\t\t\t\t\t\t\t\t\t<figcaption class=\"widget-image-caption wp-caption-text\">Dibujo 2D de la estructura del grano de los abrasivos MICROFINISH.<\/figcaption>\n\t\t\t\t\t\t\t\t\t\t<\/figure>\n\t\t\t\t\t\t\t\t\t<\/div>\n\t\t\t\t<\/div>\n\t\t\t\t\t<\/div>\n\t\t<\/div>\n\t\t\t\t<div class=\"elementor-column elementor-col-50 elementor-top-column elementor-element elementor-element-289c257\" data-id=\"289c257\" data-element_type=\"column\" data-e-type=\"column\">\n\t\t\t<div class=\"elementor-widget-wrap elementor-element-populated\">\n\t\t\t\t<div class=\"elementor-element elementor-element-04bcb0d e-flex e-con-boxed e-con e-parent\" data-id=\"04bcb0d\" data-element_type=\"container\" data-e-type=\"container\" data-settings=\"{&quot;background_background&quot;:&quot;classic&quot;}\">\n\t\t\t\t\t<div class=\"e-con-inner\">\n\t\t\t\t\t<\/div>\n\t\t\t\t<\/div>\n\t\t\t\t<div class=\"elementor-element elementor-element-4b389dd1 elementor-widget elementor-widget-heading\" data-id=\"4b389dd1\" data-element_type=\"widget\" data-e-type=\"widget\" data-widget_type=\"heading.default\">\n\t\t\t\t<div class=\"elementor-widget-container\">\n\t\t\t\t\t<h3 class=\"elementor-heading-title elementor-size-default\">Todos MICROFINISH productos<\/h3>\t\t\t\t<\/div>\n\t\t\t\t<\/div>\n\t\t<div class=\"elementor-element elementor-element-ed7691a e-grid e-con-boxed e-con e-parent\" data-id=\"ed7691a\" data-element_type=\"container\" data-e-type=\"container\">\n\t\t\t\t\t<div class=\"e-con-inner\">\n\t\t<a class=\"eael-wrapper-link-f684c31 --eael-wrapper-link-tag\" href=\"https:\/\/www.rupes.com\/es\/nouvelle-gamme-dabrasifs-rupes\/microfinish-discos-adhesivos-para-denibbing\/microfinish-discos-adhesivos-para-denibbing-o35mm\/\"><\/a>\t\t<div data-eael-wrapper-link=\"eael-wrapper-link-f684c31\" class=\"elementor-element elementor-element-f684c31 elementor-position-top elementor-widget elementor-widget-image-box\" data-id=\"f684c31\" data-element_type=\"widget\" data-e-type=\"widget\" data-widget_type=\"image-box.default\">\n\t\t\t\t<div class=\"elementor-widget-container\">\n\t\t\t\t\t<div class=\"elementor-image-box-wrapper\"><figure class=\"elementor-image-box-img\"><img decoding=\"async\" width=\"250\" height=\"250\" src=\"https:\/\/www.rupes.com\/wp-content\/uploads\/2026\/01\/MICROFINISH_35mm.png\" class=\"attachment-gallery_first size-gallery_first wp-image-1001410499\" alt=\"\" srcset=\"https:\/\/www.rupes.com\/wp-content\/uploads\/2026\/01\/MICROFINISH_35mm.png 250w, https:\/\/www.rupes.com\/wp-content\/uploads\/2026\/01\/MICROFINISH_35mm-150x150.png 150w, https:\/\/www.rupes.com\/wp-content\/uploads\/2026\/01\/MICROFINISH_35mm-200x200.png 200w, https:\/\/www.rupes.com\/wp-content\/uploads\/2026\/01\/MICROFINISH_35mm-80x80.png 80w, https:\/\/www.rupes.com\/wp-content\/uploads\/2026\/01\/MICROFINISH_35mm-100x100.png 100w\" sizes=\"(max-width: 250px) 100vw, 250px\" \/><\/figure><div class=\"elementor-image-box-content\"><h3 class=\"elementor-image-box-title\">MICROFINISH DISCOS ADHESIVOS PARA DENIBBING \u00d835mm<\/h3><\/div><\/div>\t\t\t\t<\/div>\n\t\t\t\t<\/div>\n\t\t\t\t\t<\/div>\n\t\t\t\t<\/div>\n\t\t<div class=\"elementor-element elementor-element-08f77c5 e-flex e-con-boxed e-con e-parent\" data-id=\"08f77c5\" data-element_type=\"container\" data-e-type=\"container\">\n\t\t\t\t\t<div class=\"e-con-inner\">\n\t\t\t\t<div class=\"elementor-element elementor-element-a5264e6 elementor-widget elementor-widget-heading\" data-id=\"a5264e6\" data-element_type=\"widget\" data-e-type=\"widget\" data-widget_type=\"heading.default\">\n\t\t\t\t<div class=\"elementor-widget-container\">\n\t\t\t\t\t<h2 class=\"elementor-heading-title elementor-size-default\">Descargar folleto de abrasivos<\/h2>\t\t\t\t<\/div>\n\t\t\t\t<\/div>\n\t\t<div class=\"elementor-element elementor-element-e74a088 e-grid e-con-boxed e-con e-child\" data-id=\"e74a088\" data-element_type=\"container\" data-e-type=\"container\">\n\t\t\t\t\t<div class=\"e-con-inner\">\n\t\t\t\t<div class=\"elementor-element elementor-element-edf7785 elementor-align-center elementor-widget elementor-widget-button\" data-id=\"edf7785\" data-element_type=\"widget\" data-e-type=\"widget\" data-widget_type=\"button.default\">\n\t\t\t\t<div class=\"elementor-widget-container\">\n\t\t\t\t\t\t\t\t\t<div class=\"elementor-button-wrapper\">\n\t\t\t\t\t<a class=\"elementor-button elementor-button-link elementor-size-sm\" href=\"http:\/\/rupes.com\/catalogue\/abrasives\/Abrasives_Line_Brochure_EN.pdf\">\n\t\t\t\t\t\t<span class=\"elementor-button-content-wrapper\">\n\t\t\t\t\t\t\t\t\t<span class=\"elementor-button-text\">EN<\/span>\n\t\t\t\t\t<\/span>\n\t\t\t\t\t<\/a>\n\t\t\t\t<\/div>\n\t\t\t\t\t\t\t\t<\/div>\n\t\t\t\t<\/div>\n\t\t\t\t<div class=\"elementor-element elementor-element-838baef elementor-align-center elementor-widget elementor-widget-button\" data-id=\"838baef\" data-element_type=\"widget\" data-e-type=\"widget\" data-widget_type=\"button.default\">\n\t\t\t\t<div class=\"elementor-widget-container\">\n\t\t\t\t\t\t\t\t\t<div class=\"elementor-button-wrapper\">\n\t\t\t\t\t<a class=\"elementor-button elementor-button-link elementor-size-sm\" href=\"http:\/\/rupes.com\/catalogue\/abrasives\/Abrasives_Line_Brochure_IT.pdf\">\n\t\t\t\t\t\t<span class=\"elementor-button-content-wrapper\">\n\t\t\t\t\t\t\t\t\t<span class=\"elementor-button-text\">IT<\/span>\n\t\t\t\t\t<\/span>\n\t\t\t\t\t<\/a>\n\t\t\t\t<\/div>\n\t\t\t\t\t\t\t\t<\/div>\n\t\t\t\t<\/div>\n\t\t\t\t<div class=\"elementor-element elementor-element-78f5463 elementor-align-center elementor-widget elementor-widget-button\" data-id=\"78f5463\" data-element_type=\"widget\" data-e-type=\"widget\" data-widget_type=\"button.default\">\n\t\t\t\t<div class=\"elementor-widget-container\">\n\t\t\t\t\t\t\t\t\t<div class=\"elementor-button-wrapper\">\n\t\t\t\t\t<a class=\"elementor-button elementor-button-link elementor-size-sm\" href=\"http:\/\/rupes.com\/catalogue\/abrasives\/Abrasives_Line_Brochure_DE.pdf\">\n\t\t\t\t\t\t<span class=\"elementor-button-content-wrapper\">\n\t\t\t\t\t\t\t\t\t<span class=\"elementor-button-text\">DE<\/span>\n\t\t\t\t\t<\/span>\n\t\t\t\t\t<\/a>\n\t\t\t\t<\/div>\n\t\t\t\t\t\t\t\t<\/div>\n\t\t\t\t<\/div>\n\t\t\t\t<div class=\"elementor-element elementor-element-6a58e17 elementor-align-center elementor-widget elementor-widget-button\" data-id=\"6a58e17\" data-element_type=\"widget\" data-e-type=\"widget\" data-widget_type=\"button.default\">\n\t\t\t\t<div class=\"elementor-widget-container\">\n\t\t\t\t\t\t\t\t\t<div class=\"elementor-button-wrapper\">\n\t\t\t\t\t<a class=\"elementor-button elementor-button-link elementor-size-sm\" href=\"http:\/\/rupes.com\/catalogue\/abrasives\/Abrasives_Line_Brochure_FR.pdf\">\n\t\t\t\t\t\t<span class=\"elementor-button-content-wrapper\">\n\t\t\t\t\t\t\t\t\t<span class=\"elementor-button-text\">FR<\/span>\n\t\t\t\t\t<\/span>\n\t\t\t\t\t<\/a>\n\t\t\t\t<\/div>\n\t\t\t\t\t\t\t\t<\/div>\n\t\t\t\t<\/div>\n\t\t\t\t<div class=\"elementor-element elementor-element-87c5f16 elementor-align-center elementor-widget elementor-widget-button\" data-id=\"87c5f16\" data-element_type=\"widget\" data-e-type=\"widget\" data-widget_type=\"button.default\">\n\t\t\t\t<div class=\"elementor-widget-container\">\n\t\t\t\t\t\t\t\t\t<div class=\"elementor-button-wrapper\">\n\t\t\t\t\t<a class=\"elementor-button elementor-button-link elementor-size-sm\" href=\"http:\/\/rupes.com\/catalogue\/abrasives\/Abrasives_Line_Brochure_ES.pdf\">\n\t\t\t\t\t\t<span class=\"elementor-button-content-wrapper\">\n\t\t\t\t\t\t\t\t\t<span class=\"elementor-button-text\">ES<\/span>\n\t\t\t\t\t<\/span>\n\t\t\t\t\t<\/a>\n\t\t\t\t<\/div>\n\t\t\t\t\t\t\t\t<\/div>\n\t\t\t\t<\/div>\n\t\t\t\t\t<\/div>\n\t\t\t\t<\/div>\n\t\t\t\t\t<\/div>\n\t\t\t\t<\/div>\n\t\t\t\t<div class=\"elementor-element elementor-element-4010bca elementor-widget elementor-widget-heading\" data-id=\"4010bca\" data-element_type=\"widget\" data-e-type=\"widget\" data-widget_type=\"heading.default\">\n\t\t\t\t<div class=\"elementor-widget-container\">\n\t\t\t\t\t<h3 class=\"elementor-heading-title elementor-size-default\">Settori<\/h3>\t\t\t\t<\/div>\n\t\t\t\t<\/div>\n\t\t\t\t<section class=\"elementor-section elementor-inner-section elementor-element elementor-element-22dedbc elementor-section-boxed elementor-section-height-default elementor-section-height-default\" data-id=\"22dedbc\" data-element_type=\"section\" data-e-type=\"section\">\n\t\t\t\t\t\t<div class=\"elementor-container elementor-column-gap-custom\">\n\t\t\t\t\t<div class=\"elementor-column elementor-col-33 elementor-inner-column elementor-element elementor-element-278ffb3\" data-id=\"278ffb3\" data-element_type=\"column\" data-e-type=\"column\">\n\t\t\t<div class=\"elementor-widget-wrap elementor-element-populated\">\n\t\t\t\t\t\t<div class=\"elementor-element elementor-element-168d214 elementor-widget elementor-widget-image\" data-id=\"168d214\" data-element_type=\"widget\" data-e-type=\"widget\" data-widget_type=\"image.default\">\n\t\t\t\t<div class=\"elementor-widget-container\">\n\t\t\t\t\t\t\t\t\t\t\t\t\t\t\t<img decoding=\"async\" width=\"1024\" height=\"684\" src=\"https:\/\/www.rupes.com\/wp-content\/uploads\/2026\/02\/AUTOMOTIVE-1024x684.jpg\" class=\"attachment-large size-large wp-image-1001410543\" alt=\"\" srcset=\"https:\/\/www.rupes.com\/wp-content\/uploads\/2026\/02\/AUTOMOTIVE-1024x684.jpg 1024w, https:\/\/www.rupes.com\/wp-content\/uploads\/2026\/02\/AUTOMOTIVE-300x200.jpg 300w, https:\/\/www.rupes.com\/wp-content\/uploads\/2026\/02\/AUTOMOTIVE-768x513.jpg 768w, https:\/\/www.rupes.com\/wp-content\/uploads\/2026\/02\/AUTOMOTIVE-748x500.jpg 748w, https:\/\/www.rupes.com\/wp-content\/uploads\/2026\/02\/AUTOMOTIVE-105x70.jpg 105w, https:\/\/www.rupes.com\/wp-content\/uploads\/2026\/02\/AUTOMOTIVE-200x134.jpg 200w, https:\/\/www.rupes.com\/wp-content\/uploads\/2026\/02\/AUTOMOTIVE-100x67.jpg 100w, https:\/\/www.rupes.com\/wp-content\/uploads\/2026\/02\/AUTOMOTIVE.jpg 1399w\" sizes=\"(max-width: 1024px) 100vw, 1024px\" \/>\t\t\t\t\t\t\t\t\t\t\t\t\t\t\t<\/div>\n\t\t\t\t<\/div>\n\t\t\t\t<div class=\"elementor-element elementor-element-2d18117 elementor-widget elementor-widget-heading\" data-id=\"2d18117\" data-element_type=\"widget\" data-e-type=\"widget\" data-widget_type=\"heading.default\">\n\t\t\t\t<div class=\"elementor-widget-container\">\n\t\t\t\t\t<h5 class=\"elementor-heading-title elementor-size-default\">Automoci\u00f3n<\/h5>\t\t\t\t<\/div>\n\t\t\t\t<\/div>\n\t\t\t\t\t<\/div>\n\t\t<\/div>\n\t\t\t\t<div class=\"elementor-column elementor-col-33 elementor-inner-column elementor-element elementor-element-25a8f21\" data-id=\"25a8f21\" data-element_type=\"column\" data-e-type=\"column\">\n\t\t\t<div class=\"elementor-widget-wrap elementor-element-populated\">\n\t\t\t\t\t\t<div class=\"elementor-element elementor-element-6c78bf9 elementor-widget elementor-widget-image\" data-id=\"6c78bf9\" data-element_type=\"widget\" data-e-type=\"widget\" data-widget_type=\"image.default\">\n\t\t\t\t<div class=\"elementor-widget-container\">\n\t\t\t\t\t\t\t\t\t\t\t\t\t\t\t<img loading=\"lazy\" decoding=\"async\" width=\"701\" height=\"467\" src=\"https:\/\/www.rupes.com\/wp-content\/uploads\/2026\/02\/MARINE.jpg\" class=\"attachment-large size-large wp-image-1001410558\" alt=\"\" srcset=\"https:\/\/www.rupes.com\/wp-content\/uploads\/2026\/02\/MARINE.jpg 701w, https:\/\/www.rupes.com\/wp-content\/uploads\/2026\/02\/MARINE-300x200.jpg 300w, https:\/\/www.rupes.com\/wp-content\/uploads\/2026\/02\/MARINE-105x70.jpg 105w, https:\/\/www.rupes.com\/wp-content\/uploads\/2026\/02\/MARINE-200x133.jpg 200w, https:\/\/www.rupes.com\/wp-content\/uploads\/2026\/02\/MARINE-100x67.jpg 100w\" sizes=\"(max-width: 701px) 100vw, 701px\" \/>\t\t\t\t\t\t\t\t\t\t\t\t\t\t\t<\/div>\n\t\t\t\t<\/div>\n\t\t\t\t<div class=\"elementor-element elementor-element-6a8cb54 elementor-widget elementor-widget-heading\" data-id=\"6a8cb54\" data-element_type=\"widget\" data-e-type=\"widget\" data-widget_type=\"heading.default\">\n\t\t\t\t<div class=\"elementor-widget-container\">\n\t\t\t\t\t<h5 class=\"elementor-heading-title elementor-size-default\">N\u00e1utica<\/h5>\t\t\t\t<\/div>\n\t\t\t\t<\/div>\n\t\t\t\t\t<\/div>\n\t\t<\/div>\n\t\t\t\t<div class=\"elementor-column elementor-col-33 elementor-inner-column elementor-element elementor-element-435d4b4\" data-id=\"435d4b4\" data-element_type=\"column\" data-e-type=\"column\">\n\t\t\t<div class=\"elementor-widget-wrap elementor-element-populated\">\n\t\t\t\t\t\t<div class=\"elementor-element elementor-element-8e394a3 elementor-widget elementor-widget-image\" data-id=\"8e394a3\" data-element_type=\"widget\" data-e-type=\"widget\" data-widget_type=\"image.default\">\n\t\t\t\t<div class=\"elementor-widget-container\">\n\t\t\t\t\t\t\t\t\t\t\t\t\t\t\t<img loading=\"lazy\" decoding=\"async\" width=\"1024\" height=\"684\" src=\"https:\/\/www.rupes.com\/wp-content\/uploads\/2026\/02\/AVIAZIONE-1024x684.jpg\" class=\"attachment-large size-large wp-image-1001410548\" alt=\"\" srcset=\"https:\/\/www.rupes.com\/wp-content\/uploads\/2026\/02\/AVIAZIONE-1024x684.jpg 1024w, https:\/\/www.rupes.com\/wp-content\/uploads\/2026\/02\/AVIAZIONE-300x200.jpg 300w, https:\/\/www.rupes.com\/wp-content\/uploads\/2026\/02\/AVIAZIONE-768x513.jpg 768w, https:\/\/www.rupes.com\/wp-content\/uploads\/2026\/02\/AVIAZIONE-749x500.jpg 749w, https:\/\/www.rupes.com\/wp-content\/uploads\/2026\/02\/AVIAZIONE-105x70.jpg 105w, https:\/\/www.rupes.com\/wp-content\/uploads\/2026\/02\/AVIAZIONE-200x134.jpg 200w, https:\/\/www.rupes.com\/wp-content\/uploads\/2026\/02\/AVIAZIONE-100x67.jpg 100w, https:\/\/www.rupes.com\/wp-content\/uploads\/2026\/02\/AVIAZIONE.jpg 1331w\" sizes=\"(max-width: 1024px) 100vw, 1024px\" \/>\t\t\t\t\t\t\t\t\t\t\t\t\t\t\t<\/div>\n\t\t\t\t<\/div>\n\t\t\t\t<div class=\"elementor-element elementor-element-f5ac58a elementor-widget elementor-widget-heading\" data-id=\"f5ac58a\" data-element_type=\"widget\" data-e-type=\"widget\" data-widget_type=\"heading.default\">\n\t\t\t\t<div class=\"elementor-widget-container\">\n\t\t\t\t\t<h5 class=\"elementor-heading-title elementor-size-default\">Aviaci\u00f3n<\/h5>\t\t\t\t<\/div>\n\t\t\t\t<\/div>\n\t\t\t\t\t<\/div>\n\t\t<\/div>\n\t\t\t\t\t<\/div>\n\t\t<\/section>\n\t\t\t\t<div class=\"elementor-element elementor-element-dce9de8 elementor-widget elementor-widget-heading\" data-id=\"dce9de8\" data-element_type=\"widget\" data-e-type=\"widget\" data-widget_type=\"heading.default\">\n\t\t\t\t<div class=\"elementor-widget-container\">\n\t\t\t\t\t<h3 class=\"elementor-heading-title elementor-size-default\">Materiales y aplicaciones<\/h3>\t\t\t\t<\/div>\n\t\t\t\t<\/div>\n\t\t\t\t<section class=\"elementor-section elementor-inner-section elementor-element elementor-element-eed9631 elementor-section-boxed elementor-section-height-default elementor-section-height-default\" data-id=\"eed9631\" data-element_type=\"section\" data-e-type=\"section\">\n\t\t\t\t\t\t<div class=\"elementor-container elementor-column-gap-custom\">\n\t\t\t\t\t<div class=\"elementor-column elementor-col-50 elementor-inner-column elementor-element elementor-element-4173d85\" data-id=\"4173d85\" data-element_type=\"column\" data-e-type=\"column\">\n\t\t\t<div class=\"elementor-widget-wrap elementor-element-populated\">\n\t\t\t\t\t\t<section class=\"elementor-section elementor-inner-section elementor-element elementor-element-5a8f7fd elementor-section-full_width elementor-section-height-min-height elementor-section-height-default\" data-id=\"5a8f7fd\" data-element_type=\"section\" data-e-type=\"section\">\n\t\t\t\t\t\t<div class=\"elementor-container elementor-column-gap-default\">\n\t\t\t\t\t<div class=\"elementor-column elementor-col-100 elementor-inner-column elementor-element elementor-element-3db268c\" data-id=\"3db268c\" data-element_type=\"column\" data-e-type=\"column\" data-settings=\"{&quot;background_background&quot;:&quot;classic&quot;}\">\n\t\t\t<div class=\"elementor-widget-wrap\">\n\t\t\t\t\t\t\t<\/div>\n\t\t<\/div>\n\t\t\t\t\t<\/div>\n\t\t<\/section>\n\t\t\t\t\t<\/div>\n\t\t<\/div>\n\t\t\t\t<div class=\"elementor-column elementor-col-50 elementor-inner-column elementor-element elementor-element-1c9cd02\" data-id=\"1c9cd02\" data-element_type=\"column\" data-e-type=\"column\">\n\t\t\t<div class=\"elementor-widget-wrap elementor-element-populated\">\n\t\t\t\t\t\t<section class=\"elementor-section elementor-inner-section elementor-element elementor-element-a9a82d0 elementor-section-full_width elementor-section-height-min-height elementor-section-height-default\" data-id=\"a9a82d0\" data-element_type=\"section\" data-e-type=\"section\">\n\t\t\t\t\t\t<div class=\"elementor-container elementor-column-gap-default\">\n\t\t\t\t\t<div class=\"elementor-column elementor-col-100 elementor-inner-column elementor-element elementor-element-2779433\" data-id=\"2779433\" data-element_type=\"column\" data-e-type=\"column\" data-settings=\"{&quot;background_background&quot;:&quot;classic&quot;}\">\n\t\t\t<div class=\"elementor-widget-wrap\">\n\t\t\t\t\t\t\t<\/div>\n\t\t<\/div>\n\t\t\t\t\t<\/div>\n\t\t<\/section>\n\t\t\t\t\t<\/div>\n\t\t<\/div>\n\t\t\t\t\t<\/div>\n\t\t<\/section>\n\t\t\t\t<div class=\"elementor-element elementor-element-6dd3df2 elementor-widget elementor-widget-heading\" data-id=\"6dd3df2\" data-element_type=\"widget\" data-e-type=\"widget\" data-widget_type=\"heading.default\">\n\t\t\t\t<div class=\"elementor-widget-container\">\n\t\t\t\t\t<h5 class=\"elementor-heading-title elementor-size-default\">Superficies pintadas. Eliminaci\u00f3n de defectos de pintura como part\u00edculas incrustadas y escurrimientos.<\/h5>\t\t\t\t<\/div>\n\t\t\t\t<\/div>\n\t\t\t\t\t<\/div>\n\t\t<\/div>\n\t\t\t\t\t<\/div>\n\t\t<\/section>\n\t\t\t\t<\/div>\n\t\t","protected":false},"excerpt":{"rendered":"<p>MICRO FINISH Discos adhesivos para denibbing Los discos adhesivos RUPES MICROFINISH representan una soluci\u00f3n abrasiva de vanguardia, dise\u00f1ada espec\u00edficamente para la correcci\u00f3n de defectos de pintura. El n\u00facleo de esta <\/p>\n","protected":false},"author":1,"featured_media":0,"parent":1001411811,"menu_order":0,"comment_status":"closed","ping_status":"closed","template":"","meta":{"_acf_changed":false,"footnotes":""},"class_list":["post-1001412202","page","type-page","status-publish","hentry"],"acf":{"scegliSlider":"default","addVideoSlider":false,"btn_class":"red","video":"","gallery":false,"full_page":false,"php_code":"","buttons":false},"_links":{"self":[{"href":"https:\/\/www.rupes.com\/es\/wp-json\/wp\/v2\/pages\/1001412202","targetHints":{"allow":["GET"]}}],"collection":[{"href":"https:\/\/www.rupes.com\/es\/wp-json\/wp\/v2\/pages"}],"about":[{"href":"https:\/\/www.rupes.com\/es\/wp-json\/wp\/v2\/types\/page"}],"author":[{"embeddable":true,"href":"https:\/\/www.rupes.com\/es\/wp-json\/wp\/v2\/users\/1"}],"replies":[{"embeddable":true,"href":"https:\/\/www.rupes.com\/es\/wp-json\/wp\/v2\/comments?post=1001412202"}],"version-history":[{"count":7,"href":"https:\/\/www.rupes.com\/es\/wp-json\/wp\/v2\/pages\/1001412202\/revisions"}],"predecessor-version":[{"id":1001412212,"href":"https:\/\/www.rupes.com\/es\/wp-json\/wp\/v2\/pages\/1001412202\/revisions\/1001412212"}],"up":[{"embeddable":true,"href":"https:\/\/www.rupes.com\/es\/wp-json\/wp\/v2\/pages\/1001411811"}],"wp:attachment":[{"href":"https:\/\/www.rupes.com\/es\/wp-json\/wp\/v2\/media?parent=1001412202"}],"curies":[{"name":"wp","href":"https:\/\/api.w.org\/{rel}","templated":true}]}}