{"id":1001408964,"date":"2024-10-29T11:58:54","date_gmt":"2024-10-29T10:58:54","guid":{"rendered":"https:\/\/www.rupes.com\/?page_id=1001408964"},"modified":"2024-10-29T11:58:54","modified_gmt":"2024-10-29T10:58:54","slug":"privacy-policy-warranty-extension","status":"publish","type":"page","link":"https:\/\/www.rupes.com\/es\/privacy-policy-warranty-extension\/","title":{"rendered":"Privacy policy Warranty extension"},"content":{"rendered":"<p><strong>POL\u00cdTICA DE PRIVACIDAD DEL SITIO WEB RUPES WARRANTY EXTENSION<\/strong><\/p>\n<p>Esta p\u00e1gina describe la gesti\u00f3n del sitio web de RUPES S.p.A. a socio unico (\u201cRUPES\u201d) accesible en la direcci\u00f3n www.rupes.com (en adelante, el \u201cSitio\u201d) en lo que respecta al tratamiento de los datos personales de los usuarios que se registran en el mismo Sitio web y\/o en el sitio web de registro de extensi\u00f3n de garant\u00eda de Rupes para acceder a los contenidos reservados a los usuarios registrados y para suscribirse al servicio de newsletter y\/o al servicio de garant\u00eda proporcionado por RUPES.<br \/>\nLa presente informaci\u00f3n se aplica \u00fanicamente al Sitio web (incluidos los subdominios como download.rupes.com y https:\/\/app.rupes.com\/warrantyPlus\/registration.php) y no se refiere a los sitios web que un usuario pueda visitar a trav\u00e9s de enlaces de terceros contenidos en el Sitio web.<br \/>\nLa presente informaci\u00f3n se facilita tambi\u00e9n de conformidad con el art\u00edculo 13 del Reglamento (UE) 2016\/679, de 27 de abril de 2016, relativo a la protecci\u00f3n de las personas f\u00edsicas en lo que respecta al tratamiento de datos personales y a la libre circulaci\u00f3n de estos datos y por el que se deroga la Directiva 95\/46\/CE (Reglamento general de protecci\u00f3n de datos, RGPD), a cualquier entidad que tenga relaci\u00f3n con los servicios web puestos a disposici\u00f3n por RUPES. La informaci\u00f3n facilitada se basa tambi\u00e9n en las directrices contenidas en la Recomendaci\u00f3n n.\u00ba 2\/2001, adoptada el 17 de mayo de 2001 por las autoridades europeas de protecci\u00f3n de datos en el marco del Grupo de trabajo creado en virtud del art\u00edculo 29 de la Directiva europea 95\/46\/CE con el fin de establecer los requisitos m\u00ednimos para la recogida de datos personales en l\u00ednea, en particular en lo que respecta a las modalidades, los plazos y el contenido de la informaci\u00f3n que deben facilitar los responsables del tratamiento a los usuarios que visitan las p\u00e1ginas web con cualquier finalidad.<br \/>\nEl tratamiento de los datos personales del usuario del Sitio web se basar\u00e1, en todo caso, en los principios de lealtad, legalidad y transparencia, as\u00ed como en el principio de protecci\u00f3n de la confidencialidad y de los derechos del interesado, de conformidad con las disposiciones del RGPD, la legislaci\u00f3n nacional aplicable y las directrices de la Autoridad de Protecci\u00f3n de Datos Personales italiana.<\/p>\n<p><strong>1. RESPONSABLE DEL TRATAMIENTO DE LOS DATOS<\/strong><br \/>\nLa visita al Sitio web puede dar lugar al tratamiento de datos relativos a personas f\u00edsicas identificadas o identificables.<br \/>\nEl \u201cResponsable del tratamiento de los datos\u201d es RUPES S.p.A. a socio unico, con domicilio social en Via Manfredo Camperio, 9 20123 Milano (MI), sede en Via Marconi 3A, 20080 loc. Vermezzo ,Vermezzo con Zelo (MI), NIF IT05094230157, en adelante denominada \u201cRUPES\u201d o \u201cResponsable del tratamiento de los datos\u201d.<\/p>\n<p><strong>2. LUGAR DE TRATAMIENTO DE LOS DATOS Y DESTINATARIOS<br \/>\nLos tratamientos relacionados con los servicios del Sitio web se llevan a cabo en Italia, en la sede de RUPES antes mencionada, exclusivamente por parte del personal t\u00e9cnico encargado de dicho tratamiento, o en Europa (FR), en la sede de la empresa que gestiona los servidores de RUPES. RUPES no realiza transferencias de datos a terceros pa\u00edses fuera del EEE.<br \/>\nLos datos se comunican o pueden comunicarse a los siguientes destinatarios (designados como encargados del tratamiento de datos en virtud del RGPD):<\/p>\n<ul style=\"margin-left: 30px;\">\n<li>A otras empresas del grupo de empresas al que pertenece RUPES, con sede en el territorio de la UE<\/li>\n<li>A entidades que prestan a RUPES servicios de alojamiento del sitio web, su mantenimiento y actualizaci\u00f3n (exclusivamente si dicha comunicaci\u00f3n es estrictamente necesaria para garantizar la prestaci\u00f3n de los servicios demandados por los usuarios), boletines informativos, etc.<\/li>\n<li>A proveedores de servicios de consultor\u00eda relacionados con obligaciones fiscales e impositivas, en caso de que la comunicaci\u00f3n sea necesaria debido a la categor\u00eda del tratamiento de datos (por ejemplo, en los casos en que el usuario compra bienes o servicios de RUPES que dan lugar a obligaciones fiscales o impositivas).<\/li>\n<li>A otras categor\u00edas de entidades a las que RUPES tiene que comunicar datos personales para ejecutar contratos y\/o responder a solicitudes precontractuales entre RUPES y los usuarios o con vistas al cumplimiento de obligaciones legales o por solicitud de autoridades p\u00fablicas.<\/li>\n<li>A centros de reparaci\u00f3n autorizados y distribuidores que prestan los servicios de garant\u00eda de Rupes.<\/li>\n<\/ul>\n<p>&nbsp;<\/p>\n<p><strong>3. CATEGOR\u00cdAS DE DATOS TRATADOS<\/strong><br \/>\nDatos de navegaci\u00f3n. Los sistemas inform\u00e1ticos y los procedimientos de software utilizados para el funcionamiento de este sitio web adquieren datos personales como parte de su funcionamiento normal; la transmisi\u00f3n de dichos datos es una caracter\u00edstica inherente a los protocolos de comunicaci\u00f3n de Internet.<br \/>\nDicha informaci\u00f3n no se recopila con el fin de relacionarla con interesados \u200b\u200bidentificados, pero podr\u00eda permitir la identificaci\u00f3n del usuario por s\u00ed misma despu\u00e9s de ser procesada y comparada con datos en poder de terceros.<br \/>\nEsta categor\u00eda de datos incluye las direcciones IP y\/o los nombres de dominio de los ordenadores utilizados por cualquier usuario que se conecte a este sitio web, las direcciones URI (Uniform Resource Identifier) \u200b\u200bde los recursos solicitados, la hora de dichas solicitudes, el m\u00e9todo utilizado para enviar una determinada solicitud al servidor, el tama\u00f1o del archivo devuelto, un c\u00f3digo num\u00e9rico relacionado con el estado de la respuesta del servidor (ejecuci\u00f3n exitosa, error, etc.) y otros par\u00e1metros relacionados con el sistema operativo y el entorno inform\u00e1tico del usuario.<br \/>\nEstos datos se utilizan \u00fanicamente para extraer informaci\u00f3n estad\u00edstica an\u00f3nima sobre el uso del sitio web, as\u00ed como para verificar su funcionamiento; se borran inmediatamente despu\u00e9s de su procesamiento. Los datos podr\u00edan utilizarse para establecer responsabilidades en caso de que se cometan delitos inform\u00e1ticos contra el Sitio Web; salvo en este caso, actualmente los datos de los contactos web se conservan durante un m\u00e1ximo de siete d\u00edas.<br \/>\nDatos facilitados voluntariamente por los usuarios. La realizaci\u00f3n del proceso de registro y el env\u00edo de mensajes de correo electr\u00f3nico a las direcciones mencionadas en este Sitio Web o el registro en la p\u00e1gina web para la Extensi\u00f3n de la Garant\u00eda, que se realiza sobre la base de una opci\u00f3n libremente elegida, expl\u00edcita y voluntaria, implica la adquisici\u00f3n y el tratamiento de los datos personales del interesado, necesarios para permitirle acceder a los contenidos reservados disponibles en el Sitio Web y\/o para realizar el servicio de newsletter solicitado por \u00e9l mismo o para responder a cualquier solicitud del interesado presentada por correo electr\u00f3nico o chat proporcionado en el Sitio Web, o para obtener la extensi\u00f3n de la garant\u00eda, as\u00ed como de los datos personales adicionales contenidos en los correos electr\u00f3nicos o mensajes de chat.<br \/>\nEl centro de descargas de RUPES y la p\u00e1gina de Registro de la Extensi\u00f3n de la Garant\u00eda recopilar\u00e1n la siguiente informaci\u00f3n: nombre, apellido y raz\u00f3n social, informaci\u00f3n de contacto incluida la direcci\u00f3n de correo electr\u00f3nico, sector empresarial.<br \/>\nEn las p\u00e1ginas del Sitio Web que se utilizan para la prestaci\u00f3n de servicios a demanda se mostrar\u00e1n y\/o visualizar\u00e1n avisos informativos espec\u00edficos y resumidos.<br \/>\nCookies. El Sitio Web no adquiere ning\u00fan dato personal relativo a los usuarios en este sentido.<br \/>\nNo se utilizan cookies para transmitir informaci\u00f3n personal, ni se implementan las denominadas cookies persistentes (excepto las que se indican a continuaci\u00f3n) ni sistemas de seguimiento de los usuarios.<br \/>\nEl uso de las denominadas cookies de sesi\u00f3n (que no se almacenan de forma permanente en el ordenador del usuario y desaparecen al cerrar el navegador) se limita exclusivamente a la transmisi\u00f3n de los identificadores de sesi\u00f3n (que consisten en n\u00fameros aleatorios generados por el servidor) necesarios para permitir una navegaci\u00f3n segura y eficaz en el Sitio Web.<br \/>\nLas denominadas cookies de sesi\u00f3n utilizadas por este Sitio Web hacen innecesaria la implementaci\u00f3n de otras t\u00e9cnicas inform\u00e1ticas potencialmente perjudiciales para la confidencialidad de la navegaci\u00f3n del usuario, al tiempo que no permiten adquirir datos de identificaci\u00f3n personal del usuario.<br \/>\nSi elige permanecer conectado al Sitio Web, es posible que se almacene en su ordenador una cookie que le ayude a mantener la sesi\u00f3n iniciada.<br \/>\nCookies de geolocalizaci\u00f3n. Este Sitio Web utiliza sistemas de geolocalizaci\u00f3n para determinar desde d\u00f3nde accede el Usuario al Sitio Web y para decidir autom\u00e1ticamente el idioma de visualizaci\u00f3n, pudiendo almacenarse en su ordenador una cookie con dichos datos.<br \/>\nCookies de terceros. Este Sitio Web puede utilizar cookies de terceros para facilitar servicios prestados por otros sitios web, como por ejemplo para visualizar v\u00eddeos de YouTube, dependiendo de si decide utilizar dichos servicios y\/o visualizar dichos v\u00eddeos.<\/p>\n<p><strong>4. FINALIDADES DEL TRATAMIENTO DE LOS DATOS<\/strong><br \/>\nLos datos personales son recogidos y tratados por RUPES con las siguientes finalidades:<br \/>\n1) Permitir a los usuarios navegar de forma segura y eficaz por el Sitio Web;<br \/>\n2) En caso de que el usuario se registre en el Sitio Web, permitirle descargar los materiales contenidos en el centro de descargas;<br \/>\n3) Prestar el servicio de newsletter a petici\u00f3n de los usuarios a RUPES;<br \/>\n4) Prestar el servicio de contacto con RUPES o\/y sus distribuidores a petici\u00f3n de los usuarios;<br \/>\n5) Cumplir con las leyes, reglamentos o normativa comunitaria.<br \/>\n6) Brindar la extensi\u00f3n de la garant\u00eda seg\u00fan la solicitud de los usuarios a RUPES.<\/p>\n<p><strong>5. BASE JUR\u00cdDICA DEL TRATAMIENTO<\/strong><\/p>\n<p>El tratamiento de datos personales realizado por RUPES con el fin de perseguir las finalidades previstas en el art. 4 de la presente informaci\u00f3n tiene las siguientes bases jur\u00eddicas:<\/p>\n<ul style=\"margin-left: 30px;\">\n<li>(Art. 6, 1, b) del RGPD): el tratamiento es necesario para la ejecuci\u00f3n de un contrato en el que el interesado es parte o para la aplicaci\u00f3n a petici\u00f3n del interesado de medidas precontractuales (por ejemplo, para el servicio de newsletter o para permitir el acceso a contenidos reservados a los usuarios registrados en el Sitio web, el uso seguro y correcto del Sitio web); o<\/li>\n<li>(Art. 6, 1, c) del RGPD): el tratamiento es necesario para el cumplimiento de una obligaci\u00f3n legal a la que est\u00e1 sujeto el responsable (p. ej. para el cumplimiento de obligaciones fiscales y tributarias como la emisi\u00f3n de facturas, documentos aduaneros, en caso de que el usuario solicite a RUPES el suministro de bienes y\/o servicios que requieran dichas obligaciones legales); o<\/li>\n<li>(Art. 6, 1, f) del RGPD): el tratamiento es necesario para los fines de un inter\u00e9s leg\u00edtimo perseguido por el responsable (p. ej. si el interesado revela sus propios datos \u2013a trav\u00e9s del sitio web del Responsable, durante ferias o eventos del sector, por tel\u00e9fono\u2013 el Responsable tiene el inter\u00e9s leg\u00edtimo de mantener el contacto con su propio cliente o posible cliente para enviarle comunicaciones de marketing directo, incluida informaci\u00f3n de productos, ofertas especiales, invitaciones a eventos de formaci\u00f3n, etc.). En cualquier momento, el interesado puede oponerse al tratamiento de sus datos personales realizado para dichas finalidades, comunicando su oposici\u00f3n a la direcci\u00f3n de correo electr\u00f3nico info_rupes@rupes.it; o<\/li>\n<li>\u00a0(Art. 6, 1, a) del RGPD): el interesado ha dado su consentimiento para el tratamiento de sus datos personales para fines de marketing directo o indirecto (excluidos el tratamiento totalmente automatizado y la elaboraci\u00f3n de perfiles para fines comerciales), etc. En cualquier momento, el interesado puede revocar su consentimiento y oponerse al tratamiento de sus datos personales para dicha finalidad, comunicando su oposici\u00f3n a la direcci\u00f3n de correo electr\u00f3nico: info_rupes@rupes.it<\/li>\n<\/ul>\n<p>&nbsp;<\/p>\n<p><strong>6. MODALIDADES DEL TRATAMIENTO<\/strong><br \/>\nLos datos personales se tratan con medios automatizados y no automatizados durante un tiempo no superior al necesario para alcanzar los fines para los que se han recopilado.<br \/>\nSe han implementado medidas de seguridad espec\u00edficas para evitar la p\u00e9rdida de datos, su uso il\u00edcito o inadecuado y el acceso no autorizado.<br \/>\nEs importante recordar que todo lo que el titular de los datos transmita o revele en l\u00ednea puede ser recopilado y utilizado por otros o interceptado il\u00edcitamente por terceros. No se puede garantizar que ninguna transmisi\u00f3n de datos a trav\u00e9s de Internet sea 100% segura. RUPES se compromete a utilizar medios comercialmente razonables para proteger la informaci\u00f3n de los titulares de los datos, pero no puede garantizar la seguridad de la informaci\u00f3n intercambiada.<br \/>\nEl centro de descargas de RUPES est\u00e1 protegido por contrase\u00f1a. Est\u00e1 prohibido divulgar la contrase\u00f1a a nadie. En ning\u00fan momento RUPES solicitar\u00e1 la contrase\u00f1a del usuario registrado por correo electr\u00f3nico. Si alguna vez el usuario recibe una solicitud de este tipo, notif\u00edquelo a RUPES de inmediato. El usuario registrado es el \u00fanico responsable de mantener la confidencialidad de sus credenciales de autenticaci\u00f3n.<\/p>\n<p><strong>\u00a07.<\/strong> <strong>DURACI\u00d3N DEL TRATAMIENTO DE LOS DATOS<\/strong><\/p>\n<p>Los datos personales del usuario se conservar\u00e1n durante el tiempo estrictamente necesario para perseguir los fines espec\u00edficos del tratamiento de acuerdo con el apartado 4 y, en concreto:<\/p>\n<ul style=\"margin-left: 30px;\">\n<li>Los datos personales se tratar\u00e1n durante el tiempo necesario para el cumplimiento de las obligaciones precontractuales y contractuales de RUPES en virtud del suministro de los bienes y\/o servicios solicitados por el usuario (por ejemplo, la newsletter, el suministro de contenidos reservados a los usuarios registrados, el registro de la extensi\u00f3n de la garant\u00eda, etc.) y, en cualquier caso, no m\u00e1s all\u00e1 del plazo establecido por la ley italiana de prescripci\u00f3n de los derechos (por v\u00eda de responsabilidad contractual y\/o extracontractual) vinculados al suministro de los bienes y\/o servicios antes mencionados.<\/li>\n<li>Adem\u00e1s, los datos se tratar\u00e1n durante el tiempo necesario para el cumplimiento de las obligaciones legales o reglamentarias (por ejemplo, la obligaci\u00f3n de conservar los datos y los documentos fiscales), de conformidad con lo previsto por la\n<li>En caso de que el tratamiento de datos se realice para perseguir el inter\u00e9s leg\u00edtimo de un Responsable, dicho tratamiento se llevar\u00e1 a cabo hasta que exista dicho inter\u00e9s leg\u00edtimo o hasta que solicite, por su parte, que ya no se permita el tratamiento de sus datos para dichos fines.<\/li>\n<li>Si el tratamiento de datos personales se lleva a cabo en virtud del consentimiento del usuario, dicho tratamiento se llevar\u00e1 a cabo durante el tiempo necesario para cumplir con el servicio de extensi\u00f3n de la garant\u00eda, con la opci\u00f3n de reconfirmar la aceptaci\u00f3n del tratamiento de datos despu\u00e9s de cada 5 d\u00edas a partir de la primera concesi\u00f3n del consentimiento del usuario.<\/li>\n<\/ul>\n<p><strong>8. DERECHOS DEL INTERESADO<br \/>\nEn cualquier momento, las entidades cuyos datos personales hayan sido comunicados a RUPES tienen derecho a:<\/p>\n<p><strong>a.<\/strong> solicitar al Responsable del tratamiento el acceso a sus propios datos personales (es decir, saber si el Responsable est\u00e1 tratando dichos datos), obtener su rectificaci\u00f3n o supresi\u00f3n, limitar los fines para los que se tratan dichos datos u oponerse a su tratamiento, adem\u00e1s del derecho a obtener su portabilidad.<\/p>\n<p><strong>b.<\/strong> si el tratamiento se basa en el art\u00edculo 6, apartado 1, letra a) (consentimiento), o en el art\u00edculo 9, apartado 2, letra a) del RGPD, revocar su propio consentimiento en cualquier momento sin comprometer la licitud del tratamiento basado en el consentimiento otorgado antes de su retirada.<\/p>\n<p>Estos derechos pueden ejercerse mediante una solicitud del interesado que debe enviarse a la siguiente direcci\u00f3n de correo electr\u00f3nico: info_rupes@rupes.it<\/p>\n<p>Adem\u00e1s, el interesado puede presentar una reclamaci\u00f3n ante una autoridad de control, es decir, el Garante de la Protecci\u00f3n de Datos Personales (ITALIANO), mediante correo certificado con acuse de recibo enviado a la Autoridad de Protecci\u00f3n de Datos Personales (ITALIANO), Piazza Monte Citorio, 121 00186 Roma; o por correo electr\u00f3nico a la direcci\u00f3n: garante@gpdp.it, o protocollo@pec.gpdp.it; o por fax al n\u00famero: 06\/69677.3785<\/p>\n<p><strong>9. CAR\u00c1CTER VOLUNTARIO U OBLIGATORIO DEL CONSENTIMIENTO<br \/>\nPara el tratamiento de datos destinado a cumplir obligaciones contractuales o precontractuales (por ejemplo, prestaci\u00f3n del servicio de newsletter, acceso a contenidos reservados, registro de extensi\u00f3n de garant\u00eda, etc.) as\u00ed como para cumplir con la obligaci\u00f3n legal del Responsable, el otorgamiento de los datos ES OBLIGATORIO y la eventual negativa a proporcionar dichos datos puede implicar la falta o parcial prestaci\u00f3n de los servicios por parte del Responsable, siendo dichos datos fundamentales para la completa y correcta prestaci\u00f3n del mismo servicio y\/o para el cumplimiento de las obligaciones legales del Responsable.<\/p>\n<p>Para el tratamiento de datos personales destinado a perseguir el inter\u00e9s leg\u00edtimo del Responsable (por ejemplo, con el fin de mantener el contacto con sus propios clientes mediante el env\u00edo de ofertas, invitaci\u00f3n a eventos de formaci\u00f3n, etc.) EL CONSENTIMIENTO NO ES NECESARIO. Sin embargo, el usuario podr\u00e1 oponerse en cualquier momento al tratamiento de sus datos para dichas finalidades, dirigiendo su oposici\u00f3n a la siguiente direcci\u00f3n de correo electr\u00f3nico: info_rupes@rupes.it<\/p>\n<p>Para el tratamiento realizado con fines de marketing directo o indirecto y en ausencia de un inter\u00e9s leg\u00edtimo del Responsable, EL CONSENTIMIENTO ES VOLUNTARIO, y podr\u00e1 ser revocado, en cualquier momento, enviando una solicitud al Responsable a la siguiente direcci\u00f3n de correo electr\u00f3nico: info_rupes@rupes.it<\/p>\n<p>Se le informa de que la revocaci\u00f3n del consentimiento no compromete la licitud del tratamiento basado en el consentimiento otorgado antes de la revocaci\u00f3n.<\/p>\n","protected":false},"excerpt":{"rendered":"<p>POL\u00cdTICA DE PRIVACIDAD DEL SITIO WEB RUPES WARRANTY EXTENSION Esta p\u00e1gina describe la gesti\u00f3n del sitio web de RUPES S.p.A. a socio unico (\u201cRUPES\u201d) accesible en la direcci\u00f3n www.rupes.com (en <\/p>\n","protected":false},"author":1,"featured_media":0,"parent":0,"menu_order":0,"comment_status":"closed","ping_status":"closed","template":"","meta":{"_acf_changed":false,"footnotes":""},"class_list":["post-1001408964","page","type-page","status-publish","hentry"],"acf":{"addVideoSlider":false,"buttons":false,"scegliSlider":"default","video":"","full_page":false,"php_code":"","gallery":false,"btn_class":"red"},"_links":{"self":[{"href":"https:\/\/www.rupes.com\/es\/wp-json\/wp\/v2\/pages\/1001408964","targetHints":{"allow":["GET"]}}],"collection":[{"href":"https:\/\/www.rupes.com\/es\/wp-json\/wp\/v2\/pages"}],"about":[{"href":"https:\/\/www.rupes.com\/es\/wp-json\/wp\/v2\/types\/page"}],"author":[{"embeddable":true,"href":"https:\/\/www.rupes.com\/es\/wp-json\/wp\/v2\/users\/1"}],"replies":[{"embeddable":true,"href":"https:\/\/www.rupes.com\/es\/wp-json\/wp\/v2\/comments?post=1001408964"}],"version-history":[{"count":1,"href":"https:\/\/www.rupes.com\/es\/wp-json\/wp\/v2\/pages\/1001408964\/revisions"}],"predecessor-version":[{"id":1001408978,"href":"https:\/\/www.rupes.com\/es\/wp-json\/wp\/v2\/pages\/1001408964\/revisions\/1001408978"}],"wp:attachment":[{"href":"https:\/\/www.rupes.com\/es\/wp-json\/wp\/v2\/media?parent=1001408964"}],"curies":[{"name":"wp","href":"https:\/\/api.w.org\/{rel}","templated":true}]}}