{"id":1001402309,"date":"2022-10-17T12:27:50","date_gmt":"2022-10-17T10:27:50","guid":{"rendered":"https:\/\/www.rupes.com\/company-2\/"},"modified":"2023-01-10T11:16:43","modified_gmt":"2023-01-10T10:16:43","slug":"empresa","status":"publish","type":"page","link":"https:\/\/www.rupes.com\/es\/empresa\/","title":{"rendered":"Empresa"},"content":{"rendered":"<p>RUPES S.p.A. es una empresa de propiedad y operaci\u00f3n familiar, fundada en Mil\u00e1n, Italia, en 1947.<\/p>\n<p>Nuestra historia se compone de logros, desaf\u00edos, ideas y \u00e9xitos internacionales. La constante apuesta por la investigaci\u00f3n y el desarrollo, encaminada a mejorar constantemente las prestaciones de cada producto, es uno de los aspectos fundamentales que durante nuestros 70 a\u00f1os de historia han contribuido a afirmar a RUPES como una de las principales marcas de \u00e9xito en el campo de las herramientas profesionales. El enfoque en dise\u00f1ar y fabricar productos que cumplan totalmente con las normas de salud y seguridad, ofreciendo una mayor comodidad para el trabajador y brindando soluciones innovadoras es el n\u00facleo de cada nueva idea.<\/p>\n<p>Con cuatro sitios de producci\u00f3n y una red de ventas bien establecida, RUPES est\u00e1 siempre cerca de los clientes y les proporciona productos que anticipan y responden r\u00e1pidamente a las necesidades del mercado. La marca tiene una cobertura completa de los principales mercados internacionales, llevando sus sistemas por todo el mundo gracias a una red de distribuci\u00f3n formada por dos sucursales directas y numerosos distribuidores autorizados.<\/p>\n","protected":false},"excerpt":{"rendered":"<p>RUPES S.p.A. es una empresa de propiedad y operaci\u00f3n familiar, fundada en Mil\u00e1n, Italia, en 1947. Nuestra historia se compone de logros, desaf\u00edos, ideas y \u00e9xitos internacionales. La constante apuesta <\/p>\n","protected":false},"author":1,"featured_media":0,"parent":0,"menu_order":0,"comment_status":"closed","ping_status":"closed","template":"","meta":{"_acf_changed":false,"footnotes":""},"class_list":["post-1001402309","page","type-page","status-publish","hentry"],"acf":{"scegliSlider":"default","video":"","gallery":false,"full_page":false,"php_code":"","addVideoSlider":false,"buttons":false},"_links":{"self":[{"href":"https:\/\/www.rupes.com\/es\/wp-json\/wp\/v2\/pages\/1001402309","targetHints":{"allow":["GET"]}}],"collection":[{"href":"https:\/\/www.rupes.com\/es\/wp-json\/wp\/v2\/pages"}],"about":[{"href":"https:\/\/www.rupes.com\/es\/wp-json\/wp\/v2\/types\/page"}],"author":[{"embeddable":true,"href":"https:\/\/www.rupes.com\/es\/wp-json\/wp\/v2\/users\/1"}],"replies":[{"embeddable":true,"href":"https:\/\/www.rupes.com\/es\/wp-json\/wp\/v2\/comments?post=1001402309"}],"version-history":[{"count":2,"href":"https:\/\/www.rupes.com\/es\/wp-json\/wp\/v2\/pages\/1001402309\/revisions"}],"predecessor-version":[{"id":1001402797,"href":"https:\/\/www.rupes.com\/es\/wp-json\/wp\/v2\/pages\/1001402309\/revisions\/1001402797"}],"wp:attachment":[{"href":"https:\/\/www.rupes.com\/es\/wp-json\/wp\/v2\/media?parent=1001402309"}],"curies":[{"name":"wp","href":"https:\/\/api.w.org\/{rel}","templated":true}]}}