{"id":1001386070,"date":"2019-05-29T11:08:00","date_gmt":"2019-05-29T09:08:00","guid":{"rendered":"https:\/\/www.rupes.com\/?page_id=1001386070"},"modified":"2019-05-29T11:08:00","modified_gmt":"2019-05-29T09:08:00","slug":"diseno-3d","status":"publish","type":"page","link":"https:\/\/www.rupes.com\/es\/instalacion-de-aspiracion\/diseno-3d\/","title":{"rendered":"DISE\u00d1O 3D"},"content":{"rendered":"<h2>DISE\u00d1O <em>3D<\/em><\/h2>\n<p>RUPES pone a disposici\u00f3n de sus clientes su <strong>know how<\/strong> y la <strong>ampia experiencia<\/strong> en el sector para <strong>dise\u00f1ar y realizar<\/strong> soluciones a <strong>medida<\/strong> a fin de satisfacer completamente sus exigencias y necesidades. <\/p>\n<p>Por medio del soporte t\u00e9cnico 3D es posible dimensionar correctamente la instalacion garantizando <strong>excelentes performancias<\/strong> de aspiraci\u00f3n para todo puesto de trabajo. <\/p>\n<p>Los render 3D y los dise\u00f1os t\u00e9cnicos, desarrollados por los <strong>ingenieros especializados<\/strong> en el \u00e1mbito, permiten mostrar en anteprima al cliente final c\u00f3mo ser\u00e1 realizado el dise\u00f1o en el futuro. <\/p>\n<p>&nbsp;<\/p>\n<p><img decoding=\"async\" class=\"aligncenter\" src=\"https:\/\/www.rupes.com\/wp-content\/uploads\/2019\/05\/project-150x150.png\" alt=\"\" width=\"100\" height=\"100\" \/><\/p>\n<hr \/>\n<p>&nbsp;<\/p>\n<h3 style=\"text-align: center;\">Automotive<\/h3>\n<p><img decoding=\"async\" class=\"aligncenter\" src=\"https:\/\/www.rupes.com\/wp-content\/uploads\/2019\/05\/ico_automotive-150x150.png\" alt=\"\" width=\"50\" height=\"50\" \/><\/p>\n<p><img fetchpriority=\"high\" decoding=\"async\" class=\"aligncenter size-full\" src=\"https:\/\/www.rupes.com\/wp-content\/uploads\/2019\/05\/rendering_automotive.jpg\" alt=\"\" width=\"1600\" height=\"776\" \/><\/p>\n<p>&nbsp;<\/p>\n<h3 style=\"text-align: center;\">Industry<\/h3>\n<p><img loading=\"lazy\" decoding=\"async\" class=\"aligncenter\" src=\"https:\/\/www.rupes.com\/wp-content\/uploads\/2019\/05\/ico_industry-150x150.png\" alt=\"\" width=\"50\" height=\"50\" \/><\/p>\n<p><img loading=\"lazy\" decoding=\"async\" class=\"aligncenter size-full\" src=\"https:\/\/www.rupes.com\/wp-content\/uploads\/2019\/05\/rendering_industry.jpg\" alt=\"\" width=\"1600\" height=\"776\" \/><\/p>\n<p>&nbsp;<\/p>\n<h3 style=\"text-align: center;\">Aerospace<\/h3>\n<p><img loading=\"lazy\" decoding=\"async\" class=\"aligncenter\" src=\"https:\/\/www.rupes.com\/wp-content\/uploads\/2019\/05\/ico_aerospace-150x150.png\" alt=\"\" width=\"52\" height=\"52\" \/><\/p>\n<p><img loading=\"lazy\" decoding=\"async\" class=\"aligncenter size-full\" src=\"https:\/\/www.rupes.com\/wp-content\/uploads\/2019\/05\/rendering_aerospece.jpg\" alt=\"\" width=\"1600\" height=\"776\" \/><\/p>\n<p>&nbsp;<\/p>\n<h3 style=\"text-align: center;\">Railway industry<\/h3>\n<p><img loading=\"lazy\" decoding=\"async\" class=\"aligncenter\" src=\"https:\/\/www.rupes.com\/wp-content\/uploads\/2019\/05\/ico_railways-150x150.png\" alt=\"\" width=\"50\" height=\"50\" \/><\/p>\n<p><img loading=\"lazy\" decoding=\"async\" class=\"aligncenter size-full\" src=\"https:\/\/www.rupes.com\/wp-content\/uploads\/2019\/05\/rendering_railways.jpg\" alt=\"\" width=\"1600\" height=\"776\" \/><\/p>\n<p>&nbsp;<\/p>\n<h3 style=\"text-align: center;\">Naval<\/h3>\n<p><img loading=\"lazy\" decoding=\"async\" class=\"aligncenter\" src=\"https:\/\/www.rupes.com\/wp-content\/uploads\/2019\/05\/ico_naval-150x150.png\" alt=\"\" width=\"50\" height=\"50\" \/><\/p>\n<p><img loading=\"lazy\" decoding=\"async\" class=\"aligncenter size-full\" src=\"https:\/\/www.rupes.com\/wp-content\/uploads\/2019\/05\/rendering_nautica.jpg\" alt=\"\" width=\"1600\" height=\"776\" \/><\/p>\n<p>&nbsp;<\/p>\n<h3 style=\"text-align: center;\">Carpentry<\/h3>\n<p><img loading=\"lazy\" decoding=\"async\" class=\"aligncenter\" src=\"https:\/\/www.rupes.com\/wp-content\/uploads\/2019\/05\/ico_wood-industry-150x150.png\" alt=\"\" width=\"50\" height=\"50\" \/><\/p>\n<p><img loading=\"lazy\" decoding=\"async\" class=\"aligncenter size-full\" src=\"https:\/\/www.rupes.com\/wp-content\/uploads\/2019\/05\/rendering_wood-industry.jpg\" alt=\"\" width=\"1600\" height=\"776\" \/><\/p>\n<p>&nbsp;<\/p>\n","protected":false},"excerpt":{"rendered":"<p>DISE\u00d1O 3D RUPES pone a disposici\u00f3n de sus clientes su know how y la ampia experiencia en el sector para dise\u00f1ar y realizar soluciones a medida a fin de satisfacer <\/p>\n","protected":false},"author":1,"featured_media":0,"parent":1001385990,"menu_order":0,"comment_status":"closed","ping_status":"closed","template":"page-dustextractionsystem.php","meta":{"_acf_changed":false,"footnotes":""},"class_list":["post-1001386070","page","type-page","status-publish","hentry"],"acf":{"video":"","gallery":false,"full_page":false,"php_code":"","scegliSlider":"default","addVideoSlider":false,"select_form":1001385778},"_links":{"self":[{"href":"https:\/\/www.rupes.com\/es\/wp-json\/wp\/v2\/pages\/1001386070","targetHints":{"allow":["GET"]}}],"collection":[{"href":"https:\/\/www.rupes.com\/es\/wp-json\/wp\/v2\/pages"}],"about":[{"href":"https:\/\/www.rupes.com\/es\/wp-json\/wp\/v2\/types\/page"}],"author":[{"embeddable":true,"href":"https:\/\/www.rupes.com\/es\/wp-json\/wp\/v2\/users\/1"}],"replies":[{"embeddable":true,"href":"https:\/\/www.rupes.com\/es\/wp-json\/wp\/v2\/comments?post=1001386070"}],"version-history":[{"count":0,"href":"https:\/\/www.rupes.com\/es\/wp-json\/wp\/v2\/pages\/1001386070\/revisions"}],"up":[{"embeddable":true,"href":"https:\/\/www.rupes.com\/es\/wp-json\/wp\/v2\/pages\/1001385990"}],"wp:attachment":[{"href":"https:\/\/www.rupes.com\/es\/wp-json\/wp\/v2\/media?parent=1001386070"}],"curies":[{"name":"wp","href":"https:\/\/api.w.org\/{rel}","templated":true}]}}