{"id":1001386061,"date":"2019-05-29T11:08:01","date_gmt":"2019-05-29T09:08:01","guid":{"rendered":"https:\/\/www.rupes.com\/?page_id=1001386061"},"modified":"2019-07-17T11:11:28","modified_gmt":"2019-07-17T09:11:28","slug":"tecnologia-inteligente","status":"publish","type":"page","link":"https:\/\/www.rupes.com\/es\/instalacion-de-aspiracion\/tecnologia-inteligente\/","title":{"rendered":"TECNOLOG\u00cdA INTELIGENTE"},"content":{"rendered":"<h2><em>TECNOLOG\u00cdA<\/em> INTELIGENTE 4.0<\/h2>\n<p>&nbsp;<\/p>\n<p>Las nuevas t\u00e9cnicas de <strong>dise\u00f1o 4.0<\/strong>, con <strong>sensores y dispositivos inteligentes<\/strong> interconectados y dialogantes controlables a <strong>distancia<\/strong>, han permitido <strong>desarrollar y dise\u00f1ar<\/strong> un nuevo pa<strong>nel de control t\u00e1ctil<\/strong> de 15\u2019\u2019 pulgadas para el control de la central aspirante. <\/p>\n<p>Por medio de este dispositivo de <strong>\u00faltima generaci\u00f3n<\/strong> la central aspirante es <strong>monitorizada y controlada<\/strong> constantemente a <strong>distancia<\/strong>, en todo el mundo, directamente por nuestros <strong>ingenieros especializados<\/strong> que pueden ver en <strong>tiempo real<\/strong> el estado de funcionamiento de la m\u00e1quina, <strong>optimizar las prestaciones de aspiraci\u00f3n<\/strong> seg\u00fan la exigencia del cliente, <strong>planificar<\/strong> un mantenimiento programado a distancia para la <strong>prevenci\u00f3n de desperfectos<\/strong> y resolver a distancia en el caso en que se presenten.<\/p>\n<p><img decoding=\"async\" class=\" aligncenter\" src=\"http:\/\/rupes.local\/wp-content\/uploads\/2019\/05\/ico_innovazione.png\" alt=\"\" width=\"100\" height=\"100\" \/><\/p>\n<hr \/>\n<p>&nbsp;<\/p>\n<p style=\"text-align: center;\"><iframe src=\"https:\/\/www.youtube.com\/embed\/0yRFLwOGnow\" width=\"1200\" height=\"675\" frameborder=\"0\" allowfullscreen=\"allowfullscreen\"><\/iframe><\/p>\n","protected":false},"excerpt":{"rendered":"<p>TECNOLOG\u00cdA INTELIGENTE 4.0 &nbsp; Las nuevas t\u00e9cnicas de dise\u00f1o 4.0, con sensores y dispositivos inteligentes interconectados y dialogantes controlables a distancia, han permitido desarrollar y dise\u00f1ar un nuevo panel de <\/p>\n","protected":false},"author":1,"featured_media":0,"parent":1001385990,"menu_order":0,"comment_status":"closed","ping_status":"closed","template":"page-dustextractionsystem.php","meta":{"_acf_changed":false,"footnotes":""},"class_list":["post-1001386061","page","type-page","status-publish","hentry"],"acf":{"video":"","full_page":false,"php_code":"","scegliSlider":"default","addVideoSlider":false,"select_form":1001385778,"gallery":false},"_links":{"self":[{"href":"https:\/\/www.rupes.com\/es\/wp-json\/wp\/v2\/pages\/1001386061","targetHints":{"allow":["GET"]}}],"collection":[{"href":"https:\/\/www.rupes.com\/es\/wp-json\/wp\/v2\/pages"}],"about":[{"href":"https:\/\/www.rupes.com\/es\/wp-json\/wp\/v2\/types\/page"}],"author":[{"embeddable":true,"href":"https:\/\/www.rupes.com\/es\/wp-json\/wp\/v2\/users\/1"}],"replies":[{"embeddable":true,"href":"https:\/\/www.rupes.com\/es\/wp-json\/wp\/v2\/comments?post=1001386061"}],"version-history":[{"count":0,"href":"https:\/\/www.rupes.com\/es\/wp-json\/wp\/v2\/pages\/1001386061\/revisions"}],"up":[{"embeddable":true,"href":"https:\/\/www.rupes.com\/es\/wp-json\/wp\/v2\/pages\/1001385990"}],"wp:attachment":[{"href":"https:\/\/www.rupes.com\/es\/wp-json\/wp\/v2\/media?parent=1001386061"}],"curies":[{"name":"wp","href":"https:\/\/api.w.org\/{rel}","templated":true}]}}