{"id":1001386051,"date":"2019-05-29T11:08:01","date_gmt":"2019-05-29T09:08:01","guid":{"rendered":"https:\/\/www.rupes.com\/?page_id=1001386051"},"modified":"2019-05-29T11:08:01","modified_gmt":"2019-05-29T09:08:01","slug":"seguridad-y-proteccion","status":"publish","type":"page","link":"https:\/\/www.rupes.com\/es\/instalacion-de-aspiracion\/seguridad-y-proteccion\/","title":{"rendered":"SEGURIDAD Y PROTECCI\u00d3N"},"content":{"rendered":"<h2>SEGURIDAD Y <em>PROTECCI\u00d3N<\/em><\/h2>\n<p>&nbsp;<\/p>\n<p>El micro-polvo generado por los procesos de esmerilado es sumamente da\u00f1ino si es inhalado por los trabajadores. El sistema de aspiraciones localizado RUPES es la mejor elecci\u00f3n para  trabajar en modo <strong>profesional y seguro<\/strong>, manteniendo el ambiente de trabajo <strong>limpio y sano<\/strong>.<\/p>\n<p><img decoding=\"async\" class=\"aligncenter\" src=\"https:\/\/www.rupes.com\/wp-content\/uploads\/2019\/05\/ico_protezione-150x150.png\" alt=\"\" width=\"100\" height=\"100\" \/><\/p>\n<hr \/>\n<h3 style=\"text-align: center;\">M\u00c1XIMA SILENCIOSIDAD<\/h3>\n<p style=\"text-align: center;\">El empleo de materiales <strong>fonoabsorbentes de alto rendimiento<\/strong> y de dispositivos a la <strong>reducci\u00f3n del impacto ac\u00fastico<\/strong> garantizan en el lugar de trabajo una <strong>mayor silenciosidad<\/strong> que se traduce en seguridad para el operador.<\/p>\n<p style=\"text-align: center;\"><img fetchpriority=\"high\" decoding=\"async\" class=\"aligncenter\" src=\"https:\/\/www.rupes.com\/wp-content\/uploads\/2019\/05\/sicurezza_img3-300x133.jpg\" alt=\"\" width=\"600\" height=\"265\" \/><br \/>\n<small>* Los valores indicados se expresan en dB (A). Seg\u00fan la norma EN 60704-3, m\u00e1s all\u00e1 de este umbral, la obligaci\u00f3n es utilizar sistemas de protecci\u00f3n auditiva.<\/small><\/p>\n<h3><\/h3>\n<h3 style=\"text-align: center;\">DISPOSITIVOS DE SEGURIDAD y PROTECCI\u00d3N<\/h3>\n<p style=\"text-align: center;\">En el interior de toda central aspirante est\u00e1n presentes <strong>dispositivos de protecci\u00f3n y seguridad<\/strong> que monitorean constantemente la temperatura\/vac\u00edo de ejercicio <strong>para prevenir anomal\u00edas y desperfectos<\/strong> en el sistema centralizado. De este modo los <strong>costos de mantenimiento<\/strong> de la central aspirante se <strong>reducen considerablemente<\/strong>.<\/p>\n","protected":false},"excerpt":{"rendered":"<p>SEGURIDAD Y PROTECCI\u00d3N &nbsp; El micro-polvo generado por los procesos de esmerilado es sumamente da\u00f1ino si es inhalado por los trabajadores. El sistema de aspiraciones localizado RUPES es la mejor <\/p>\n","protected":false},"author":1,"featured_media":0,"parent":1001385990,"menu_order":0,"comment_status":"closed","ping_status":"closed","template":"page-dustextractionsystem.php","meta":{"_acf_changed":false,"footnotes":""},"class_list":["post-1001386051","page","type-page","status-publish","hentry"],"acf":{"video":"","gallery":false,"full_page":false,"php_code":"","scegliSlider":"default","addVideoSlider":false,"select_form":1001385778},"_links":{"self":[{"href":"https:\/\/www.rupes.com\/es\/wp-json\/wp\/v2\/pages\/1001386051","targetHints":{"allow":["GET"]}}],"collection":[{"href":"https:\/\/www.rupes.com\/es\/wp-json\/wp\/v2\/pages"}],"about":[{"href":"https:\/\/www.rupes.com\/es\/wp-json\/wp\/v2\/types\/page"}],"author":[{"embeddable":true,"href":"https:\/\/www.rupes.com\/es\/wp-json\/wp\/v2\/users\/1"}],"replies":[{"embeddable":true,"href":"https:\/\/www.rupes.com\/es\/wp-json\/wp\/v2\/comments?post=1001386051"}],"version-history":[{"count":0,"href":"https:\/\/www.rupes.com\/es\/wp-json\/wp\/v2\/pages\/1001386051\/revisions"}],"up":[{"embeddable":true,"href":"https:\/\/www.rupes.com\/es\/wp-json\/wp\/v2\/pages\/1001385990"}],"wp:attachment":[{"href":"https:\/\/www.rupes.com\/es\/wp-json\/wp\/v2\/media?parent=1001386051"}],"curies":[{"name":"wp","href":"https:\/\/api.w.org\/{rel}","templated":true}]}}