{"id":1001386042,"date":"2019-05-29T11:08:00","date_gmt":"2019-05-29T09:08:00","guid":{"rendered":"https:\/\/www.rupes.com\/?page_id=1001386042"},"modified":"2019-05-29T11:08:00","modified_gmt":"2019-05-29T09:08:00","slug":"reduccion-de-costos","status":"publish","type":"page","link":"https:\/\/www.rupes.com\/es\/instalacion-de-aspiracion\/reduccion-de-costos\/","title":{"rendered":"REDUCCI\u00d3N DE COSTOS"},"content":{"rendered":"<h2>REDUCCI\u00d3N DE <em>COSTOS<\/em><\/h2>\n<p>La instalaci\u00f3n de aspiraci\u00f3n RUPES hace el <strong>trabajo profesional<\/strong> m\u00e1s <strong>sencillo<\/strong> y <strong>r\u00e1pido<\/strong> con un gran <strong>ahorro de costos y tiempo<\/strong> durante el ciclo productivo. Por medio del uso de la instalaci\u00f3n centralizada RUPES se obtiene una <strong>organizaci\u00f3n<\/strong> del trabajo <strong>pr\u00e1ctica y funcional<\/strong> en m\u00faltiples applicaciones industriales.<\/p>\n<p><img decoding=\"async\" class=\"aligncenter\" src=\"https:\/\/www.rupes.com\/wp-content\/uploads\/2019\/05\/ico_risparmio-150x150.png\" alt=\"\" width=\"100\" height=\"100\" \/><\/p>\n<hr \/>\n<table style=\"border-spacing: 30px;\">\n<tbody>\n<tr>\n<td width=\"25%\"><img fetchpriority=\"high\" decoding=\"async\" class=\"aligncenter\" src=\"https:\/\/www.rupes.com\/wp-content\/uploads\/2019\/05\/foto3.jpg\" alt=\"\" width=\"500\" height=\"335\" \/><\/td>\n<td>\n<h3>\u00a0<strong>REDUCCI\u00d3N DEL MANTENIMIENTO DE LOS UTENSILIOS e INCREMENTO DE SU DURACI\u00d3N<\/strong><\/h3>\n<p>Un utensilio conectado a un sistema de aspiraci\u00f3n localizada tiene <strong>mayor fiabilidad y vida \u00fatil<\/strong> en el tiempo puesto que el polvo generado durante el proceso de esmerilado es aspirado inmediatamente dejando el utensilio y sus partes mec\u00e1nicas completamente limpios.<\/td>\n<\/tr>\n<\/tbody>\n<\/table>\n<table style=\"border-spacing: 30px;\">\n<tbody>\n<tr>\n<td>\n<h3><strong>REDUCCI\u00d3N DEL CONSUMO DE ABRASIVOS<\/strong><\/h3>\n<p>Estudios t\u00e9cnicos han demostrado que un utensilio conectado a un sistema de aspiraci\u00f3n localizado <strong>consume aproximadamente el 30% menos que los abrasivos<\/strong> respecto a un utensilio no no conectado a ning\u00fan sistema. Un sistema de aspiraci\u00f3n localizado <strong>reduce<\/strong> pues <strong>los costos de producci\u00f3n<\/strong> teniendo un menor uso del material de consumo.<\/td>\n<td width=\"25%\"><img decoding=\"async\" class=\"aligncenter\" src=\"https:\/\/www.rupes.com\/wp-content\/uploads\/2019\/05\/MP330-2.jpg\" alt=\"\" width=\"500\" height=\"336\" \/><\/td>\n<\/tr>\n<\/tbody>\n<\/table>\n","protected":false},"excerpt":{"rendered":"<p>REDUCCI\u00d3N DE COSTOS La instalaci\u00f3n de aspiraci\u00f3n RUPES hace el trabajo profesional m\u00e1s sencillo y r\u00e1pido con un gran ahorro de costos y tiempo durante el ciclo productivo. Por medio <\/p>\n","protected":false},"author":1,"featured_media":0,"parent":1001385990,"menu_order":0,"comment_status":"closed","ping_status":"closed","template":"page-dustextractionsystem.php","meta":{"_acf_changed":false,"footnotes":""},"class_list":["post-1001386042","page","type-page","status-publish","hentry"],"acf":{"video":"","gallery":false,"full_page":false,"php_code":"","scegliSlider":"default","addVideoSlider":false,"select_form":1001385778},"_links":{"self":[{"href":"https:\/\/www.rupes.com\/es\/wp-json\/wp\/v2\/pages\/1001386042","targetHints":{"allow":["GET"]}}],"collection":[{"href":"https:\/\/www.rupes.com\/es\/wp-json\/wp\/v2\/pages"}],"about":[{"href":"https:\/\/www.rupes.com\/es\/wp-json\/wp\/v2\/types\/page"}],"author":[{"embeddable":true,"href":"https:\/\/www.rupes.com\/es\/wp-json\/wp\/v2\/users\/1"}],"replies":[{"embeddable":true,"href":"https:\/\/www.rupes.com\/es\/wp-json\/wp\/v2\/comments?post=1001386042"}],"version-history":[{"count":0,"href":"https:\/\/www.rupes.com\/es\/wp-json\/wp\/v2\/pages\/1001386042\/revisions"}],"up":[{"embeddable":true,"href":"https:\/\/www.rupes.com\/es\/wp-json\/wp\/v2\/pages\/1001385990"}],"wp:attachment":[{"href":"https:\/\/www.rupes.com\/es\/wp-json\/wp\/v2\/media?parent=1001386042"}],"curies":[{"name":"wp","href":"https:\/\/api.w.org\/{rel}","templated":true}]}}