{"id":1001386033,"date":"2019-05-29T11:08:00","date_gmt":"2019-05-29T09:08:00","guid":{"rendered":"https:\/\/www.rupes.com\/?page_id=1001386033"},"modified":"2019-05-29T11:08:00","modified_gmt":"2019-05-29T09:08:00","slug":"alto-ahorro-energetico","status":"publish","type":"page","link":"https:\/\/www.rupes.com\/es\/instalacion-de-aspiracion\/alto-ahorro-energetico\/","title":{"rendered":"ALTO AHORRO ENERG\u00c9TICO"},"content":{"rendered":"<h2>SISTEMA DE ALTO AHORRO ENERG\u00c9TICO y <em>ALTAS PRESTACIONES DE ASPIRACI\u00d3N<\/em><\/h2>\n<p>Las centrales aspiradoras RUPES permiten realizar peque\u00f1as, medias y grandes instalaciones industriales. Las <strong>altas prestaciones<\/strong> de aspiraci\u00f3n y <strong>la alta eficiencia energ\u00e9tica<\/strong> garantizan el <strong>m\u00e1ximo ahorro energ\u00e9tico<\/strong> durante el ciclo productivo, abatiendo los costos de producci\u00f3n.<\/p>\n<p>Las centrales aspirantes RUPES con <strong>INVERTER SYSTEM<\/strong> permiten controlar los consumos energ\u00e9ticos en modo autom\u00e1tico garantizando un <strong>alto ahorro energ\u00e9tico<\/strong> y <strong>altas prestaciones<\/strong> en m\u00faltiples aplicaciones industriales.<\/p>\n<p><img decoding=\"async\" class=\"aligncenter\" src=\"https:\/\/www.rupes.com\/wp-content\/uploads\/2019\/05\/ico_energetico-150x150.png\" alt=\"\" width=\"100\" height=\"100\" \/><\/p>\n<hr \/>\n<h3 style=\"text-align: center;\"><strong>CENTRALES ASPIRANTES CON INVERTER SYSTEM<\/strong><\/h3>\n<p style=\"text-align: center;\">Soluciones ideales de <strong>alta eficiencia energ\u00e9tica<\/strong> garantizando siempre el m\u00e1ximo de las prestaciones de aspiraci\u00f3n.<\/p>\n<p>&nbsp;<\/p>\n<div class=\"clearfix\">\n<p><img fetchpriority=\"high\" decoding=\"async\" class=\"aligncenter size-full\" src=\"https:\/\/www.rupes.com\/wp-content\/uploads\/2019\/05\/foto2.jpg\" alt=\"\" width=\"1600\" height=\"800\" \/><\/p>\n<\/div>\n<p>&nbsp;<\/p>\n<p>&nbsp;<\/p>\n","protected":false},"excerpt":{"rendered":"<p>SISTEMA DE ALTO AHORRO ENERG\u00c9TICO y ALTAS PRESTACIONES DE ASPIRACI\u00d3N Las centrales aspiradoras RUPES permiten realizar peque\u00f1as, medias y grandes instalaciones industriales. Las altas prestaciones de aspiraci\u00f3n y la alta <\/p>\n","protected":false},"author":1,"featured_media":0,"parent":1001385990,"menu_order":0,"comment_status":"closed","ping_status":"closed","template":"page-dustextractionsystem.php","meta":{"_acf_changed":false,"footnotes":""},"class_list":["post-1001386033","page","type-page","status-publish","hentry"],"acf":{"video":"","gallery":false,"full_page":false,"php_code":"","scegliSlider":"default","addVideoSlider":false,"select_form":1001385778},"_links":{"self":[{"href":"https:\/\/www.rupes.com\/es\/wp-json\/wp\/v2\/pages\/1001386033","targetHints":{"allow":["GET"]}}],"collection":[{"href":"https:\/\/www.rupes.com\/es\/wp-json\/wp\/v2\/pages"}],"about":[{"href":"https:\/\/www.rupes.com\/es\/wp-json\/wp\/v2\/types\/page"}],"author":[{"embeddable":true,"href":"https:\/\/www.rupes.com\/es\/wp-json\/wp\/v2\/users\/1"}],"replies":[{"embeddable":true,"href":"https:\/\/www.rupes.com\/es\/wp-json\/wp\/v2\/comments?post=1001386033"}],"version-history":[{"count":0,"href":"https:\/\/www.rupes.com\/es\/wp-json\/wp\/v2\/pages\/1001386033\/revisions"}],"up":[{"embeddable":true,"href":"https:\/\/www.rupes.com\/es\/wp-json\/wp\/v2\/pages\/1001385990"}],"wp:attachment":[{"href":"https:\/\/www.rupes.com\/es\/wp-json\/wp\/v2\/media?parent=1001386033"}],"curies":[{"name":"wp","href":"https:\/\/api.w.org\/{rel}","templated":true}]}}