{"id":1001386019,"date":"2019-05-29T11:08:01","date_gmt":"2019-05-29T09:08:01","guid":{"rendered":"https:\/\/www.rupes.com\/?page_id=1001386019"},"modified":"2019-05-29T11:08:01","modified_gmt":"2019-05-29T09:08:01","slug":"tecnologia-filtrante","status":"publish","type":"page","link":"https:\/\/www.rupes.com\/es\/instalacion-de-aspiracion\/tecnologia-filtrante\/","title":{"rendered":"TECNOLOG\u00cdA FILTRANTE"},"content":{"rendered":"<h2>TECNOLOG\u00cdA FILTRANTE de <em>ALTA EFICIENCIA<\/em><\/h2>\n<p>Gracias a m\u00e1s de <strong>40 a\u00f1os de experiencia, investigaci\u00f3n y desarrollo<\/strong> en la clasificaci\u00f3n de los polvos y en la tecnolog\u00eda filtrante, las centrales aspirantes RUPES pueden ser instaladas en <strong>m\u00faltiples y diferentes<\/strong> aplicaciones industriales, garantizando una <strong>alta eficiencia filtrante<\/strong> (99,5 % con polvos hasta 0,3 [\u00b5m]) y <strong>una alta fiabilidad<\/strong> de uso.<br \/>\n<img decoding=\"async\" class=\"aligncenter \" src=\"https:\/\/www.rupes.com\/wp-content\/uploads\/2019\/05\/ico_filtrazione-150x150.png\" alt=\"\" width=\"130\" height=\"130\" \/><\/p>\n<hr \/>\n<div class=\"clearfix\"><\/div>\n<table style=\"border-spacing: 30px;\">\n<tbody>\n<tr>\n<td width=\"25%\"><img decoding=\"async\" class=\"size-medium aligncenter\" src=\"https:\/\/www.rupes.com\/wp-content\/uploads\/2019\/05\/tecnologia-filtrante_img1-300x300.jpg\" alt=\"\" \/><\/td>\n<td>\n<h3>SISTEMA FILTRANTE CICL\u00d3NICO<\/h3>\n<p>Gracias a un ingreso tangencial, el <strong>sistema cicl\u00f3nico RUPES<\/strong> separa los polvos del flujo del aire haciendo que las part\u00edculas se depositen en el fondo del contenedor.<\/td>\n<\/tr>\n<\/tbody>\n<\/table>\n<table style=\"border-spacing: 30px;\">\n<tbody>\n<tr>\n<td>\n<h3>ESCUDO CICL\u00d3NICO DE METAL<\/h3>\n<p>El <strong>escudo cicl\u00f3nico de metal RUPES<\/strong> ha sido dise\u00f1ado para <strong>proteger<\/strong> el filtro de las part\u00edculas y de los fragmentos que podr\u00edan da\u00f1arlo. Gracias a los <strong>micro-agujeros<\/strong> presentes en su superficie garantiza una <strong>alta eficiencia filtrante<\/strong> manteniendo <strong>altas prestaciones de aspiraci\u00f3n<\/strong>.<\/td>\n<td width=\"25%\"><img decoding=\"async\" class=\"aligncenter size-medium\" src=\"https:\/\/www.rupes.com\/wp-content\/uploads\/2019\/05\/tecnologia-filtrante_img2-300x252.jpg\" alt=\"\" \/><\/td>\n<\/tr>\n<\/tbody>\n<\/table>\n<table style=\"border-spacing: 30px;\">\n<tbody>\n<tr>\n<td width=\"25%\"><img decoding=\"async\" class=\"aligncenter size-medium \" src=\"https:\/\/www.rupes.com\/wp-content\/uploads\/2019\/05\/tecnologia-filtrante_img5-300x300.jpg\" alt=\"\" \/><\/td>\n<td>\n<h3>FILTRO DE PTFE<\/h3>\n<p><strong>Los filtros<\/strong> presentes en las centrales aspirantes RUPES han sido <strong>dise\u00f1ados y realizados<\/strong> con una <strong>estructura especial de metal<\/strong> y con <strong>material filtrante PTFE<\/strong> que garantiza m\u00faltiples aplicaciones intensivas: <\/p>\n<p>&#8211; <strong>Alta eficiencia filtrate<\/strong> (99.5% con polveros de dimensiones de hasta 0,3 \u00b5m);<br \/>\n&#8211; <strong>Alta Resistencia en el tiempo<\/strong>;<br \/>\n&#8211; <strong>Menores costos<\/strong>  de mantenimiento.\n<\/td>\n<\/tr>\n<\/tbody>\n<\/table>\n<table style=\"border-spacing: 30px;\">\n<tbody>\n<tr>\n<td>\n<h3>SISTEMA DE LIMPIEZA AUTOM\u00c1TICA ROTOR JET SYSTEM<\/h3>\n<p><strong>El Rotor-Jet System de RUPES<\/strong> es el resultado de un cuidadoso <strong>estudio de ingenier\u00eda de investigaci\u00f3n y desarrollo<\/strong> que a trav\u00e9s de un chorro de aire comprimido localizado, remueve el polvo de la superficie filtrante del filtro.<br \/>\nEste sistema de <strong>limpieza autom\u00e1tica<\/strong> del filtro asegura: <\/p>\n<p>&#8211; <strong>Una limpieza directa y local<\/strong> de la superficie filtrante a alta presi\u00f3n;<br \/>\n&#8211; <strong>Excelentes prestaciones<\/strong> de aspiraci\u00f3n durante el uso;<br \/>\n&#8211; <strong>Mayor duraci\u00f3n<\/strong> del filtro.\n<\/td>\n<td width=\"25%\"><img decoding=\"async\" class=\"aligncenter size-medium\" src=\"https:\/\/www.rupes.com\/wp-content\/uploads\/2019\/05\/tecnologia-filtrante_img6-300x300.jpg\" alt=\"\" \/><\/td>\n<\/tr>\n<\/tbody>\n<\/table>\n","protected":false},"excerpt":{"rendered":"<p>TECNOLOG\u00cdA FILTRANTE de ALTA EFICIENCIA Gracias a m\u00e1s de 40 a\u00f1os de experiencia, investigaci\u00f3n y desarrollo en la clasificaci\u00f3n de los polvos y en la tecnolog\u00eda filtrante, las centrales aspirantes <\/p>\n","protected":false},"author":1,"featured_media":0,"parent":1001385990,"menu_order":0,"comment_status":"closed","ping_status":"closed","template":"page-dustextractionsystem.php","meta":{"_acf_changed":false,"footnotes":""},"class_list":["post-1001386019","page","type-page","status-publish","hentry"],"acf":{"video":"","gallery":false,"full_page":false,"php_code":"","scegliSlider":"default","addVideoSlider":false,"select_form":1001385778},"_links":{"self":[{"href":"https:\/\/www.rupes.com\/es\/wp-json\/wp\/v2\/pages\/1001386019","targetHints":{"allow":["GET"]}}],"collection":[{"href":"https:\/\/www.rupes.com\/es\/wp-json\/wp\/v2\/pages"}],"about":[{"href":"https:\/\/www.rupes.com\/es\/wp-json\/wp\/v2\/types\/page"}],"author":[{"embeddable":true,"href":"https:\/\/www.rupes.com\/es\/wp-json\/wp\/v2\/users\/1"}],"replies":[{"embeddable":true,"href":"https:\/\/www.rupes.com\/es\/wp-json\/wp\/v2\/comments?post=1001386019"}],"version-history":[{"count":0,"href":"https:\/\/www.rupes.com\/es\/wp-json\/wp\/v2\/pages\/1001386019\/revisions"}],"up":[{"embeddable":true,"href":"https:\/\/www.rupes.com\/es\/wp-json\/wp\/v2\/pages\/1001385990"}],"wp:attachment":[{"href":"https:\/\/www.rupes.com\/es\/wp-json\/wp\/v2\/media?parent=1001386019"}],"curies":[{"name":"wp","href":"https:\/\/api.w.org\/{rel}","templated":true}]}}