{"id":1001385990,"date":"2019-05-29T10:46:31","date_gmt":"2019-05-29T08:46:31","guid":{"rendered":"https:\/\/www.rupes.com\/?page_id=1001385990"},"modified":"2019-05-29T11:09:33","modified_gmt":"2019-05-29T09:09:33","slug":"instalacion-de-aspiracion","status":"publish","type":"page","link":"https:\/\/www.rupes.com\/es\/instalacion-de-aspiracion\/","title":{"rendered":"Instalaci\u00f3n de Aspiraci\u00f3n"},"content":{"rendered":"<h2>Instalaci\u00f3n de Aspiraci\u00f3n <em>Localizada<\/em><\/h2>\n<p>La instalaci\u00f3n de aspiraci\u00f3n localizada RUPES para micro-polvos sutiles es la <strong>soluci\u00f3n ideal<\/strong> para trabajar en modo <strong>professional<\/strong>, seguro y eficiente manteniendo el ambiente de trabajo <strong>sano y limpio<\/strong>. <\/p>\n<p>Los micro-polvos generados durante el proceso de esmerilado o similares pueden ser sumamente da\u00f1inos para la salud si son inhalados por los operadores.<\/p>\n<p>La instalaci\u00f3n de aspiraci\u00f3n  localizada RUPES est\u00e1 en condiciones de <strong>eliminar completamente<\/strong> la presencia de las part\u00edculas en el ambiente gracias a su <strong>tecnolog\u00eda de filtrado<\/strong> de <strong>alta eficiencia<\/strong> y gracias a las <strong>excelentes prestaciones de aspiraci\u00f3n<\/strong> dadas en varios puntos en la zona de trabajo. <\/p>\n<div style=\"text-align: center;\">\n<div style=\"display: inline-block; margin: 0px 6px;\"><a style=\"color: #000; text-decoration: none;\" href=\"https:\/\/www.rupes.com\/es\/instalacion-de-aspiracion\/alto-ahorro-energetico\/\"><br \/>\n<img decoding=\"async\" class=\"aligncenter size-thumbnail \" src=\"https:\/\/www.rupes.com\/wp-content\/uploads\/2019\/05\/ico_energetico-150x150.png\" alt=\"\" width=\"80\" height=\"80\" \/><br \/>\n<strong>Ahorro energ\u00e9tico<\/strong><\/a><\/div>\n<div style=\"display: inline-block; margin: 0px 6px;\"><a style=\"color: #000; text-decoration: none;\" href=\"https:\/\/www.rupes.com\/es\/instalacion-de-aspiracion\/tecnologia-filtrante\/\"><br \/>\n<img decoding=\"async\" class=\"size-thumbnail  aligncenter\" src=\"https:\/\/www.rupes.com\/wp-content\/uploads\/2019\/05\/ico_filtrazione-150x150.png\" alt=\"\" width=\"80\" height=\"80\" \/><br \/>\n<strong>Tecnolog\u00eda filtrante<\/strong><\/a><\/div>\n<div style=\"display: inline-block; margin: 0px 6px;\"><a style=\"color: #000; text-decoration: none;\" href=\"https:\/\/www.rupes.com\/es\/instalacion-de-aspiracion\/seguridad-y-proteccion\/\"><br \/>\n<img decoding=\"async\" class=\"aligncenter size-thumbnail\" src=\"https:\/\/www.rupes.com\/wp-content\/uploads\/2019\/05\/ico_protezione-150x150.png\" alt=\"\" width=\"80\" height=\"80\" \/><br \/>\n<strong>Seguridad y protecci\u00f3n<\/strong><\/a><\/div>\n<div style=\"display: inline-block; margin: 0px 6px;\"><a style=\"color: #000; text-decoration: none;\" href=\"https:\/\/www.rupes.com\/es\/instalacion-de-aspiracion\/reduccion-de-costos\/\"><br \/>\n<img loading=\"lazy\" decoding=\"async\" class=\"aligncenter size-thumbnail\" src=\"https:\/\/www.rupes.com\/wp-content\/uploads\/2019\/05\/ico_risparmio-150x150.png\" alt=\"\" width=\"80\" height=\"80\" \/><br \/>\n<strong>Reducci\u00f3n de los costos<\/strong><\/a><\/div>\n<div style=\"display: inline-block; margin: 0px 6px;\"><a style=\"color: #000; text-decoration: none;\" href=\"https:\/\/www.rupes.com\/es\/instalacion-de-aspiracion\/tecnologia-inteligente\/\"><br \/>\n<img loading=\"lazy\" decoding=\"async\" class=\"aligncenter size-thumbnail \" src=\"https:\/\/www.rupes.com\/wp-content\/uploads\/2019\/05\/ico_innovazione-150x150.png\" alt=\"\" width=\"80\" height=\"80\" \/><br \/>\n<strong>Tecnolog\u00eda Inteligente 4.0<\/strong><\/a><\/div>\n<div style=\"display: inline-block; margin: 0px 8px;\"><a style=\"color: #000; text-decoration: none;\" href=\"https:\/\/www.rupes.com\/es\/instalacion-de-aspiracion\/diseno-3d\/\"><br \/>\n<img loading=\"lazy\" decoding=\"async\" class=\"size-thumbnail aligncenter\" src=\"https:\/\/www.rupes.com\/wp-content\/uploads\/2019\/05\/project-150x150.png\" alt=\"\" width=\"80\" height=\"80\" \/><br \/>\n<strong>Dise\u00f1o 3D<\/strong><\/a><\/div>\n<\/div>\n<hr \/>\n<p>&nbsp;<\/p>\n<p><img loading=\"lazy\" decoding=\"async\" class=\"aligncenter size-full\" src=\"https:\/\/www.rupes.com\/wp-content\/uploads\/2019\/05\/foto1.jpg\" alt=\"\" width=\"1600\" height=\"717\" \/><\/p>\n","protected":false},"excerpt":{"rendered":"<p>Instalaci\u00f3n de Aspiraci\u00f3n Localizada La instalaci\u00f3n de aspiraci\u00f3n localizada RUPES para micro-polvos sutiles es la soluci\u00f3n ideal para trabajar en modo professional, seguro y eficiente manteniendo el ambiente de trabajo <\/p>\n","protected":false},"author":1,"featured_media":0,"parent":0,"menu_order":0,"comment_status":"closed","ping_status":"closed","template":"page-dustextractionsystem.php","meta":{"_acf_changed":false,"footnotes":""},"class_list":["post-1001385990","page","type-page","status-publish","hentry"],"acf":{"video":"","gallery":false,"full_page":false,"php_code":"","scegliSlider":"default","addVideoSlider":false,"select_form":1001385778},"_links":{"self":[{"href":"https:\/\/www.rupes.com\/es\/wp-json\/wp\/v2\/pages\/1001385990","targetHints":{"allow":["GET"]}}],"collection":[{"href":"https:\/\/www.rupes.com\/es\/wp-json\/wp\/v2\/pages"}],"about":[{"href":"https:\/\/www.rupes.com\/es\/wp-json\/wp\/v2\/types\/page"}],"author":[{"embeddable":true,"href":"https:\/\/www.rupes.com\/es\/wp-json\/wp\/v2\/users\/1"}],"replies":[{"embeddable":true,"href":"https:\/\/www.rupes.com\/es\/wp-json\/wp\/v2\/comments?post=1001385990"}],"version-history":[{"count":0,"href":"https:\/\/www.rupes.com\/es\/wp-json\/wp\/v2\/pages\/1001385990\/revisions"}],"wp:attachment":[{"href":"https:\/\/www.rupes.com\/es\/wp-json\/wp\/v2\/media?parent=1001385990"}],"curies":[{"name":"wp","href":"https:\/\/api.w.org\/{rel}","templated":true}]}}