{"id":1001409938,"date":"2025-02-16T12:21:00","date_gmt":"2025-02-16T11:21:00","guid":{"rendered":"https:\/\/www.rupes.com\/?post_type=product&#038;p=1001409938"},"modified":"2026-04-08T15:18:49","modified_gmt":"2026-04-08T13:18:49","slug":"marine-xf-600-ultra-fine-polish","status":"publish","type":"product","link":"https:\/\/www.rupes.com\/de\/product\/marine-xf-600-ultra-fine-polish\/","title":{"rendered":"MARINE XF-600 | ULTRA-FINE POLISH"},"content":{"rendered":"","protected":false},"featured_media":0,"template":"","meta":{"_acf_changed":true},"categoryproduct":[888965156,888967260],"class_list":["post-1001409938","product","type-product","status-publish","hentry","category_product-consumables","category_product-marine"],"acf":{"product_codice":"9.XF600","scheda_nuova":true,"contact_form":true,"attiva_flag_new_product":true,"attiva_voice_speech":false,"product_home":"0","attiva_special_message":"disattivo","product_titolo_it":"MARINE XF-600 ULTRA-FINE POLISH","product_titolo_de":"MARINE XF-600 ULTRA-FINE POLISH","product_titolo_fr":"MARINE XF-600 ULTRA-FINE POLISH","product_titolo_es":"MARINE XF-600 ULTRA-FINE POLISH","product_descrizione_en":"<p><strong>FOR GLOSS ENHANCEMENT<\/strong><br \/>\nThe RUPES MARINE XF-600 Ultra-Fine Polish is a universally compatible polish for rotary, random orbital, or gear-driven orbital tools. The proprietary formula, developed in-house by RUPES, uses advanced abrasives to maximize optical clarity and reflectivity with the BigFoot system. XF-600 suits all painted boat surfaces, especially dark colours. Free of fillers, easy to use, and quick to wipe off, it ensures an excellent user experience. This silicone-free formula is the ideal solution for ultra-fine finishing across industries.<\/p>\n","product_descrizione_it":"<p><strong>PER IL MIGLIORAMENTO DELLA LUCENTEZZA<\/strong><br \/>\nRUPES MARINE XF-600 \u00e8 una pasta abrasiva ultra-fine, compatibile con tutti i tipi di lucidatrici: rotative, rotorbitali e rotoeccentriche. La formula proprietaria, sviluppata da RUPES con le pi\u00f9 recenti tecnologie abrasive, garantisce massima profondit\u00e0 di colore e maggiore gloss con il sistema di lucidatura BigFoot. Ideale per tutte le superfici verniciate di un\u2019imbarcazione, soprattutto per i colori scuri. L\u2019assenza di filler, la facilit\u00e0 d\u2019uso e la rapida rimozione assicurano la migliore esperienza all\u2019utilizzatore. La formula priva di siliconi la rende perfetta per finiture ultra-fini in diversi settori e molte applicazioni.<\/p>\n","product_descrizione_de":"<p>Das RUPES MARINE XF-600 Ultra-Fein-Poliermittel ist universell kompatibel mit Rotations-, Exzenteroder Zwangexzenter-Polierern. Die firmeneigene Formel, intern von RUPES entwickelt, nutzt moderne Schleifmittel, um mit dem BigFoot-System maximale Klarheit und h\u00f6chsten Glanz zu erzielen. XF-600 eignet sich f\u00fcr alle lackierten Bootsober fl\u00e4chen, besonders f\u00fcr dunkle Farben. F\u00fcllstofffrei, leicht anzuwenden und abzuwischen, garantiert es eine hervorragende Benutzererfahrung. Diese silikonfreie Formel ist die ideale L\u00f6sung f\u00fcr ultra feines Finish in verschiedensten Branchen.<\/p>\n","product_descrizione_fr":"<p>Le polish MARINE XF-600 Ultra-Fin de RUPES est un polish universellement compatible avec les outils rotatifs, orbitaux al\u00e9atoires ou orbitaux \u00e0 engrenage. La formule exclusive, d\u00e9velopp\u00e9e en interne par RUPES, utilise des abrasifs avanc\u00e9s pour maximiser la clart\u00e9 et la brillance avec le syst\u00e8me BigFoot. Le XF-600 convient \u00e0 toutes les surfaces peintes de bateaux, en particulier aux couleurs fonc\u00e9es. Sans charges, facile \u00e0 utiliser et \u00e0 essuyer, il garantit une excellente exp\u00e9rience utilisateur. Cette formule sans silicone est la solution id\u00e9ale pour une finition ultra-fine dans tous les secteurs.<\/p>\n","product_descrizione_es":"<p>El pulimento MARINE XF-600 Ultra-Fino de RUPES es un producto universalmente compatible con herramientas rotativas, orbitales aleatorias u orbitales de engranaje. Su f\u00f3rmula exclusiva, desarrollada internamente por RUPES, utiliza abrasivos avanzados para maximizar la claridad y el brillo con el sistema BigFoot. El XF-600 es apto para todas las superficies pintadas de embarcaciones, especialmente en colores oscuros. Sin cargas, f\u00e1cil de usar y de retirar, garantiza una excelente experiencia de uso. Esta f\u00f3rmula libre de silicona es la soluci\u00f3n ideal para un acabado ultra fino en diversos sectores.<\/p>\n","product_scheda_en":"","product_scheda_it":"","product_scheda_de":"","product_scheda_fr":"","product_scheda_es":"","thumb":false,"gallery":[{"ID":1001409915,"id":1001409915,"title":"Marine_XF-600","filename":"Marine_XF-600.jpg","filesize":659996,"url":"https:\/\/www.rupes.com\/wp-content\/uploads\/2025\/02\/Marine_XF-600.jpg","link":"https:\/\/www.rupes.com\/de\/product\/marine-xc-100-extra-cut-compound\/marine_xf-600-2\/","alt":"","author":"1","description":"","caption":"","name":"marine_xf-600-2","status":"inherit","uploaded_to":1001409136,"date":"2026-01-16 14:28:50","modified":"2026-01-16 14:38:39","menu_order":0,"mime_type":"image\/jpeg","type":"image","subtype":"jpeg","icon":"https:\/\/www.rupes.com\/wp-includes\/images\/media\/default.png","width":1080,"height":1920,"sizes":{"thumbnail":"https:\/\/www.rupes.com\/wp-content\/uploads\/2025\/02\/Marine_XF-600-150x150.jpg","thumbnail-width":150,"thumbnail-height":150,"medium":"https:\/\/www.rupes.com\/wp-content\/uploads\/2025\/02\/Marine_XF-600-169x300.jpg","medium-width":169,"medium-height":300,"medium_large":"https:\/\/www.rupes.com\/wp-content\/uploads\/2025\/02\/Marine_XF-600-768x1365.jpg","medium_large-width":768,"medium_large-height":1365,"large":"https:\/\/www.rupes.com\/wp-content\/uploads\/2025\/02\/Marine_XF-600-576x1024.jpg","large-width":576,"large-height":1024,"1536x1536":"https:\/\/www.rupes.com\/wp-content\/uploads\/2025\/02\/Marine_XF-600-864x1536.jpg","1536x1536-width":864,"1536x1536-height":1536,"2048x2048":"https:\/\/www.rupes.com\/wp-content\/uploads\/2025\/02\/Marine_XF-600.jpg","2048x2048-width":1080,"2048x2048-height":1920,"thumb_news":"https:\/\/www.rupes.com\/wp-content\/uploads\/2025\/02\/Marine_XF-600-350x200.jpg","thumb_news-width":350,"thumb_news-height":200,"boxhome_small":"https:\/\/www.rupes.com\/wp-content\/uploads\/2025\/02\/Marine_XF-600-200x100.jpg","boxhome_small-width":200,"boxhome_small-height":100,"boxhome_medium":"https:\/\/www.rupes.com\/wp-content\/uploads\/2025\/02\/Marine_XF-600-300x150.jpg","boxhome_medium-width":300,"boxhome_medium-height":150,"boxhome_large":"https:\/\/www.rupes.com\/wp-content\/uploads\/2025\/02\/Marine_XF-600-450x200.jpg","boxhome_large-width":450,"boxhome_large-height":200,"boxproducts_large":"https:\/\/www.rupes.com\/wp-content\/uploads\/2025\/02\/Marine_XF-600-1080x700.jpg","boxproducts_large-width":1080,"boxproducts_large-height":700,"boxproducts_midlarge":"https:\/\/www.rupes.com\/wp-content\/uploads\/2025\/02\/Marine_XF-600-1080x560.jpg","boxproducts_midlarge-width":1080,"boxproducts_midlarge-height":560,"boxproducts_medium":"https:\/\/www.rupes.com\/wp-content\/uploads\/2025\/02\/Marine_XF-600-1024x450.jpg","boxproducts_medium-width":1024,"boxproducts_medium-height":450,"boxproducts_small":"https:\/\/www.rupes.com\/wp-content\/uploads\/2025\/02\/Marine_XF-600-700x305.jpg","boxproducts_small-width":700,"boxproducts_small-height":305,"boxproducts_mobile":"https:\/\/www.rupes.com\/wp-content\/uploads\/2025\/02\/Marine_XF-600-400x175.jpg","boxproducts_mobile-width":400,"boxproducts_mobile-height":175,"product_thumb":"https:\/\/www.rupes.com\/wp-content\/uploads\/2025\/02\/Marine_XF-600-113x200.jpg","product_thumb-width":113,"product_thumb-height":200,"product_home":"https:\/\/www.rupes.com\/wp-content\/uploads\/2025\/02\/Marine_XF-600-1080x700.jpg","product_home-width":1080,"product_home-height":700,"gallery_first":"https:\/\/www.rupes.com\/wp-content\/uploads\/2025\/02\/Marine_XF-600-281x500.jpg","gallery_first-width":281,"gallery_first-height":500,"gallery_thumb":"https:\/\/www.rupes.com\/wp-content\/uploads\/2025\/02\/Marine_XF-600-45x80.jpg","gallery_thumb-width":45,"gallery_thumb-height":80,"category_image":"https:\/\/www.rupes.com\/wp-content\/uploads\/2025\/02\/Marine_XF-600-113x200.jpg","category_image-width":113,"category_image-height":200,"category_thumb":"https:\/\/www.rupes.com\/wp-content\/uploads\/2025\/02\/Marine_XF-600-56x100.jpg","category_thumb-width":56,"category_thumb-height":100}},{"ID":1001409957,"id":1001409957,"title":"XF600_500","filename":"XF600_500.jpg","filesize":625449,"url":"https:\/\/www.rupes.com\/wp-content\/uploads\/2025\/02\/XF600_500.jpg","link":"https:\/\/www.rupes.com\/de\/product\/marine-xf-600-ultra-fine-polish\/xf600_500-2\/","alt":"","author":"1","description":"","caption":"","name":"xf600_500-2","status":"inherit","uploaded_to":1001409938,"date":"2026-01-19 07:57:50","modified":"2026-01-19 07:58:09","menu_order":0,"mime_type":"image\/jpeg","type":"image","subtype":"jpeg","icon":"https:\/\/www.rupes.com\/wp-includes\/images\/media\/default.png","width":1080,"height":1920,"sizes":{"thumbnail":"https:\/\/www.rupes.com\/wp-content\/uploads\/2025\/02\/XF600_500-150x150.jpg","thumbnail-width":150,"thumbnail-height":150,"medium":"https:\/\/www.rupes.com\/wp-content\/uploads\/2025\/02\/XF600_500-169x300.jpg","medium-width":169,"medium-height":300,"medium_large":"https:\/\/www.rupes.com\/wp-content\/uploads\/2025\/02\/XF600_500-768x1365.jpg","medium_large-width":768,"medium_large-height":1365,"large":"https:\/\/www.rupes.com\/wp-content\/uploads\/2025\/02\/XF600_500-576x1024.jpg","large-width":576,"large-height":1024,"1536x1536":"https:\/\/www.rupes.com\/wp-content\/uploads\/2025\/02\/XF600_500-864x1536.jpg","1536x1536-width":864,"1536x1536-height":1536,"2048x2048":"https:\/\/www.rupes.com\/wp-content\/uploads\/2025\/02\/XF600_500.jpg","2048x2048-width":1080,"2048x2048-height":1920,"thumb_news":"https:\/\/www.rupes.com\/wp-content\/uploads\/2025\/02\/XF600_500-350x200.jpg","thumb_news-width":350,"thumb_news-height":200,"boxhome_small":"https:\/\/www.rupes.com\/wp-content\/uploads\/2025\/02\/XF600_500-200x100.jpg","boxhome_small-width":200,"boxhome_small-height":100,"boxhome_medium":"https:\/\/www.rupes.com\/wp-content\/uploads\/2025\/02\/XF600_500-300x150.jpg","boxhome_medium-width":300,"boxhome_medium-height":150,"boxhome_large":"https:\/\/www.rupes.com\/wp-content\/uploads\/2025\/02\/XF600_500-450x200.jpg","boxhome_large-width":450,"boxhome_large-height":200,"boxproducts_large":"https:\/\/www.rupes.com\/wp-content\/uploads\/2025\/02\/XF600_500-1080x700.jpg","boxproducts_large-width":1080,"boxproducts_large-height":700,"boxproducts_midlarge":"https:\/\/www.rupes.com\/wp-content\/uploads\/2025\/02\/XF600_500-1080x560.jpg","boxproducts_midlarge-width":1080,"boxproducts_midlarge-height":560,"boxproducts_medium":"https:\/\/www.rupes.com\/wp-content\/uploads\/2025\/02\/XF600_500-1024x450.jpg","boxproducts_medium-width":1024,"boxproducts_medium-height":450,"boxproducts_small":"https:\/\/www.rupes.com\/wp-content\/uploads\/2025\/02\/XF600_500-700x305.jpg","boxproducts_small-width":700,"boxproducts_small-height":305,"boxproducts_mobile":"https:\/\/www.rupes.com\/wp-content\/uploads\/2025\/02\/XF600_500-400x175.jpg","boxproducts_mobile-width":400,"boxproducts_mobile-height":175,"product_thumb":"https:\/\/www.rupes.com\/wp-content\/uploads\/2025\/02\/XF600_500-113x200.jpg","product_thumb-width":113,"product_thumb-height":200,"product_home":"https:\/\/www.rupes.com\/wp-content\/uploads\/2025\/02\/XF600_500-1080x700.jpg","product_home-width":1080,"product_home-height":700,"gallery_first":"https:\/\/www.rupes.com\/wp-content\/uploads\/2025\/02\/XF600_500-281x500.jpg","gallery_first-width":281,"gallery_first-height":500,"gallery_thumb":"https:\/\/www.rupes.com\/wp-content\/uploads\/2025\/02\/XF600_500-45x80.jpg","gallery_thumb-width":45,"gallery_thumb-height":80,"category_image":"https:\/\/www.rupes.com\/wp-content\/uploads\/2025\/02\/XF600_500-113x200.jpg","category_image-width":113,"category_image-height":200,"category_thumb":"https:\/\/www.rupes.com\/wp-content\/uploads\/2025\/02\/XF600_500-56x100.jpg","category_thumb-width":56,"category_thumb-height":100}},{"ID":1001412466,"id":1001412466,"title":"DA_UltraFine+XF-600","filename":"DA_UltraFineXF-600.jpg","filesize":246380,"url":"https:\/\/www.rupes.com\/wp-content\/uploads\/2025\/02\/DA_UltraFineXF-600.jpg","link":"https:\/\/www.rupes.com\/de\/product\/marine-xf-600-ultra-fine-polish\/da_ultrafinexf-600-2\/","alt":"","author":"1","description":"","caption":"","name":"da_ultrafinexf-600-2","status":"inherit","uploaded_to":1001409938,"date":"2026-04-08 13:18:41","modified":"2026-04-08 13:18:41","menu_order":0,"mime_type":"image\/jpeg","type":"image","subtype":"jpeg","icon":"https:\/\/www.rupes.com\/wp-includes\/images\/media\/default.png","width":1537,"height":1025,"sizes":{"thumbnail":"https:\/\/www.rupes.com\/wp-content\/uploads\/2025\/02\/DA_UltraFineXF-600-150x150.jpg","thumbnail-width":150,"thumbnail-height":150,"medium":"https:\/\/www.rupes.com\/wp-content\/uploads\/2025\/02\/DA_UltraFineXF-600-300x200.jpg","medium-width":300,"medium-height":200,"medium_large":"https:\/\/www.rupes.com\/wp-content\/uploads\/2025\/02\/DA_UltraFineXF-600-768x512.jpg","medium_large-width":768,"medium_large-height":512,"large":"https:\/\/www.rupes.com\/wp-content\/uploads\/2025\/02\/DA_UltraFineXF-600-1024x683.jpg","large-width":1024,"large-height":683,"1536x1536":"https:\/\/www.rupes.com\/wp-content\/uploads\/2025\/02\/DA_UltraFineXF-600.jpg","1536x1536-width":1536,"1536x1536-height":1024,"2048x2048":"https:\/\/www.rupes.com\/wp-content\/uploads\/2025\/02\/DA_UltraFineXF-600.jpg","2048x2048-width":1537,"2048x2048-height":1025,"thumb_news":"https:\/\/www.rupes.com\/wp-content\/uploads\/2025\/02\/DA_UltraFineXF-600-350x200.jpg","thumb_news-width":350,"thumb_news-height":200,"boxhome_small":"https:\/\/www.rupes.com\/wp-content\/uploads\/2025\/02\/DA_UltraFineXF-600-200x100.jpg","boxhome_small-width":200,"boxhome_small-height":100,"boxhome_medium":"https:\/\/www.rupes.com\/wp-content\/uploads\/2025\/02\/DA_UltraFineXF-600-300x150.jpg","boxhome_medium-width":300,"boxhome_medium-height":150,"boxhome_large":"https:\/\/www.rupes.com\/wp-content\/uploads\/2025\/02\/DA_UltraFineXF-600-450x200.jpg","boxhome_large-width":450,"boxhome_large-height":200,"boxproducts_large":"https:\/\/www.rupes.com\/wp-content\/uploads\/2025\/02\/DA_UltraFineXF-600-1537x700.jpg","boxproducts_large-width":1537,"boxproducts_large-height":700,"boxproducts_midlarge":"https:\/\/www.rupes.com\/wp-content\/uploads\/2025\/02\/DA_UltraFineXF-600-1280x560.jpg","boxproducts_midlarge-width":1280,"boxproducts_midlarge-height":560,"boxproducts_medium":"https:\/\/www.rupes.com\/wp-content\/uploads\/2025\/02\/DA_UltraFineXF-600-1024x450.jpg","boxproducts_medium-width":1024,"boxproducts_medium-height":450,"boxproducts_small":"https:\/\/www.rupes.com\/wp-content\/uploads\/2025\/02\/DA_UltraFineXF-600-700x305.jpg","boxproducts_small-width":700,"boxproducts_small-height":305,"boxproducts_mobile":"https:\/\/www.rupes.com\/wp-content\/uploads\/2025\/02\/DA_UltraFineXF-600-400x175.jpg","boxproducts_mobile-width":400,"boxproducts_mobile-height":175,"product_thumb":"https:\/\/www.rupes.com\/wp-content\/uploads\/2025\/02\/DA_UltraFineXF-600-300x200.jpg","product_thumb-width":300,"product_thumb-height":200,"product_home":"https:\/\/www.rupes.com\/wp-content\/uploads\/2025\/02\/DA_UltraFineXF-600-1200x700.jpg","product_home-width":1200,"product_home-height":700,"gallery_first":"https:\/\/www.rupes.com\/wp-content\/uploads\/2025\/02\/DA_UltraFineXF-600-750x500.jpg","gallery_first-width":750,"gallery_first-height":500,"gallery_thumb":"https:\/\/www.rupes.com\/wp-content\/uploads\/2025\/02\/DA_UltraFineXF-600-105x70.jpg","gallery_thumb-width":105,"gallery_thumb-height":70,"category_image":"https:\/\/www.rupes.com\/wp-content\/uploads\/2025\/02\/DA_UltraFineXF-600-200x133.jpg","category_image-width":200,"category_image-height":133,"category_thumb":"https:\/\/www.rupes.com\/wp-content\/uploads\/2025\/02\/DA_UltraFineXF-600-100x67.jpg","category_thumb-width":100,"category_thumb-height":67}}],"videos":false,"files":false,"product_b2b_code":"","product_b2b_pdf":"","code_usermanuals":"","code_usermanuals_usa":"","escludi_scheda_sicurezza":false,"blocco_dimensione":[{"codice":"9.XF600\/500","dimensione":"500 ml","immagine":{"ID":1001409957,"id":1001409957,"title":"XF600_500","filename":"XF600_500.jpg","filesize":625449,"url":"https:\/\/www.rupes.com\/wp-content\/uploads\/2025\/02\/XF600_500.jpg","link":"https:\/\/www.rupes.com\/de\/product\/marine-xf-600-ultra-fine-polish\/xf600_500-2\/","alt":"","author":"1","description":"","caption":"","name":"xf600_500-2","status":"inherit","uploaded_to":1001409938,"date":"2026-01-19 07:57:50","modified":"2026-01-19 07:58:09","menu_order":0,"mime_type":"image\/jpeg","type":"image","subtype":"jpeg","icon":"https:\/\/www.rupes.com\/wp-includes\/images\/media\/default.png","width":1080,"height":1920,"sizes":{"thumbnail":"https:\/\/www.rupes.com\/wp-content\/uploads\/2025\/02\/XF600_500-150x150.jpg","thumbnail-width":150,"thumbnail-height":150,"medium":"https:\/\/www.rupes.com\/wp-content\/uploads\/2025\/02\/XF600_500-169x300.jpg","medium-width":169,"medium-height":300,"medium_large":"https:\/\/www.rupes.com\/wp-content\/uploads\/2025\/02\/XF600_500-768x1365.jpg","medium_large-width":768,"medium_large-height":1365,"large":"https:\/\/www.rupes.com\/wp-content\/uploads\/2025\/02\/XF600_500-576x1024.jpg","large-width":576,"large-height":1024,"1536x1536":"https:\/\/www.rupes.com\/wp-content\/uploads\/2025\/02\/XF600_500-864x1536.jpg","1536x1536-width":864,"1536x1536-height":1536,"2048x2048":"https:\/\/www.rupes.com\/wp-content\/uploads\/2025\/02\/XF600_500.jpg","2048x2048-width":1080,"2048x2048-height":1920,"thumb_news":"https:\/\/www.rupes.com\/wp-content\/uploads\/2025\/02\/XF600_500-350x200.jpg","thumb_news-width":350,"thumb_news-height":200,"boxhome_small":"https:\/\/www.rupes.com\/wp-content\/uploads\/2025\/02\/XF600_500-200x100.jpg","boxhome_small-width":200,"boxhome_small-height":100,"boxhome_medium":"https:\/\/www.rupes.com\/wp-content\/uploads\/2025\/02\/XF600_500-300x150.jpg","boxhome_medium-width":300,"boxhome_medium-height":150,"boxhome_large":"https:\/\/www.rupes.com\/wp-content\/uploads\/2025\/02\/XF600_500-450x200.jpg","boxhome_large-width":450,"boxhome_large-height":200,"boxproducts_large":"https:\/\/www.rupes.com\/wp-content\/uploads\/2025\/02\/XF600_500-1080x700.jpg","boxproducts_large-width":1080,"boxproducts_large-height":700,"boxproducts_midlarge":"https:\/\/www.rupes.com\/wp-content\/uploads\/2025\/02\/XF600_500-1080x560.jpg","boxproducts_midlarge-width":1080,"boxproducts_midlarge-height":560,"boxproducts_medium":"https:\/\/www.rupes.com\/wp-content\/uploads\/2025\/02\/XF600_500-1024x450.jpg","boxproducts_medium-width":1024,"boxproducts_medium-height":450,"boxproducts_small":"https:\/\/www.rupes.com\/wp-content\/uploads\/2025\/02\/XF600_500-700x305.jpg","boxproducts_small-width":700,"boxproducts_small-height":305,"boxproducts_mobile":"https:\/\/www.rupes.com\/wp-content\/uploads\/2025\/02\/XF600_500-400x175.jpg","boxproducts_mobile-width":400,"boxproducts_mobile-height":175,"product_thumb":"https:\/\/www.rupes.com\/wp-content\/uploads\/2025\/02\/XF600_500-113x200.jpg","product_thumb-width":113,"product_thumb-height":200,"product_home":"https:\/\/www.rupes.com\/wp-content\/uploads\/2025\/02\/XF600_500-1080x700.jpg","product_home-width":1080,"product_home-height":700,"gallery_first":"https:\/\/www.rupes.com\/wp-content\/uploads\/2025\/02\/XF600_500-281x500.jpg","gallery_first-width":281,"gallery_first-height":500,"gallery_thumb":"https:\/\/www.rupes.com\/wp-content\/uploads\/2025\/02\/XF600_500-45x80.jpg","gallery_thumb-width":45,"gallery_thumb-height":80,"category_image":"https:\/\/www.rupes.com\/wp-content\/uploads\/2025\/02\/XF600_500-113x200.jpg","category_image-width":113,"category_image-height":200,"category_thumb":"https:\/\/www.rupes.com\/wp-content\/uploads\/2025\/02\/XF600_500-56x100.jpg","category_thumb-width":56,"category_thumb-height":100}},"descrizione_en":"MARINE XF-600 | ULTRA-FINE POLISH","descrizione_it":"","descrizione_de":"","descrizione_fr":"","descrizione_es":""},{"codice":"9.XF600","dimensione":"1000 ml","immagine":{"ID":1001409915,"id":1001409915,"title":"Marine_XF-600","filename":"Marine_XF-600.jpg","filesize":659996,"url":"https:\/\/www.rupes.com\/wp-content\/uploads\/2025\/02\/Marine_XF-600.jpg","link":"https:\/\/www.rupes.com\/de\/product\/marine-xc-100-extra-cut-compound\/marine_xf-600-2\/","alt":"","author":"1","description":"","caption":"","name":"marine_xf-600-2","status":"inherit","uploaded_to":1001409136,"date":"2026-01-16 14:28:50","modified":"2026-01-16 14:38:39","menu_order":0,"mime_type":"image\/jpeg","type":"image","subtype":"jpeg","icon":"https:\/\/www.rupes.com\/wp-includes\/images\/media\/default.png","width":1080,"height":1920,"sizes":{"thumbnail":"https:\/\/www.rupes.com\/wp-content\/uploads\/2025\/02\/Marine_XF-600-150x150.jpg","thumbnail-width":150,"thumbnail-height":150,"medium":"https:\/\/www.rupes.com\/wp-content\/uploads\/2025\/02\/Marine_XF-600-169x300.jpg","medium-width":169,"medium-height":300,"medium_large":"https:\/\/www.rupes.com\/wp-content\/uploads\/2025\/02\/Marine_XF-600-768x1365.jpg","medium_large-width":768,"medium_large-height":1365,"large":"https:\/\/www.rupes.com\/wp-content\/uploads\/2025\/02\/Marine_XF-600-576x1024.jpg","large-width":576,"large-height":1024,"1536x1536":"https:\/\/www.rupes.com\/wp-content\/uploads\/2025\/02\/Marine_XF-600-864x1536.jpg","1536x1536-width":864,"1536x1536-height":1536,"2048x2048":"https:\/\/www.rupes.com\/wp-content\/uploads\/2025\/02\/Marine_XF-600.jpg","2048x2048-width":1080,"2048x2048-height":1920,"thumb_news":"https:\/\/www.rupes.com\/wp-content\/uploads\/2025\/02\/Marine_XF-600-350x200.jpg","thumb_news-width":350,"thumb_news-height":200,"boxhome_small":"https:\/\/www.rupes.com\/wp-content\/uploads\/2025\/02\/Marine_XF-600-200x100.jpg","boxhome_small-width":200,"boxhome_small-height":100,"boxhome_medium":"https:\/\/www.rupes.com\/wp-content\/uploads\/2025\/02\/Marine_XF-600-300x150.jpg","boxhome_medium-width":300,"boxhome_medium-height":150,"boxhome_large":"https:\/\/www.rupes.com\/wp-content\/uploads\/2025\/02\/Marine_XF-600-450x200.jpg","boxhome_large-width":450,"boxhome_large-height":200,"boxproducts_large":"https:\/\/www.rupes.com\/wp-content\/uploads\/2025\/02\/Marine_XF-600-1080x700.jpg","boxproducts_large-width":1080,"boxproducts_large-height":700,"boxproducts_midlarge":"https:\/\/www.rupes.com\/wp-content\/uploads\/2025\/02\/Marine_XF-600-1080x560.jpg","boxproducts_midlarge-width":1080,"boxproducts_midlarge-height":560,"boxproducts_medium":"https:\/\/www.rupes.com\/wp-content\/uploads\/2025\/02\/Marine_XF-600-1024x450.jpg","boxproducts_medium-width":1024,"boxproducts_medium-height":450,"boxproducts_small":"https:\/\/www.rupes.com\/wp-content\/uploads\/2025\/02\/Marine_XF-600-700x305.jpg","boxproducts_small-width":700,"boxproducts_small-height":305,"boxproducts_mobile":"https:\/\/www.rupes.com\/wp-content\/uploads\/2025\/02\/Marine_XF-600-400x175.jpg","boxproducts_mobile-width":400,"boxproducts_mobile-height":175,"product_thumb":"https:\/\/www.rupes.com\/wp-content\/uploads\/2025\/02\/Marine_XF-600-113x200.jpg","product_thumb-width":113,"product_thumb-height":200,"product_home":"https:\/\/www.rupes.com\/wp-content\/uploads\/2025\/02\/Marine_XF-600-1080x700.jpg","product_home-width":1080,"product_home-height":700,"gallery_first":"https:\/\/www.rupes.com\/wp-content\/uploads\/2025\/02\/Marine_XF-600-281x500.jpg","gallery_first-width":281,"gallery_first-height":500,"gallery_thumb":"https:\/\/www.rupes.com\/wp-content\/uploads\/2025\/02\/Marine_XF-600-45x80.jpg","gallery_thumb-width":45,"gallery_thumb-height":80,"category_image":"https:\/\/www.rupes.com\/wp-content\/uploads\/2025\/02\/Marine_XF-600-113x200.jpg","category_image-width":113,"category_image-height":200,"category_thumb":"https:\/\/www.rupes.com\/wp-content\/uploads\/2025\/02\/Marine_XF-600-56x100.jpg","category_thumb-width":56,"category_thumb-height":100}},"descrizione_en":"MARINE XF-600 | ULTRA-FINE POLISH","descrizione_it":"","descrizione_de":"","descrizione_fr":"","descrizione_es":""}],"varianti":false,"kit_vendita":false,"blocchi_prodotti_correlati":false,"seleziona_tag_notizie":false,"google_review_link":"","seleziona_le_recensioni":"","attiva_collegamento":false},"_links":{"self":[{"href":"https:\/\/www.rupes.com\/de\/wp-json\/wp\/v2\/products\/1001409938","targetHints":{"allow":["GET"]}}],"collection":[{"href":"https:\/\/www.rupes.com\/de\/wp-json\/wp\/v2\/products"}],"about":[{"href":"https:\/\/www.rupes.com\/de\/wp-json\/wp\/v2\/types\/product"}],"wp:attachment":[{"href":"https:\/\/www.rupes.com\/de\/wp-json\/wp\/v2\/media?parent=1001409938"}],"wp:term":[{"taxonomy":"category_product","embeddable":true,"href":"https:\/\/www.rupes.com\/de\/wp-json\/wp\/v2\/categoryproduct?post=1001409938"}],"curies":[{"name":"wp","href":"https:\/\/api.w.org\/{rel}","templated":true}]}}