{"id":1001409225,"date":"2025-02-26T16:30:55","date_gmt":"2025-02-26T15:30:55","guid":{"rendered":"https:\/\/www.rupes.com\/?post_type=product&#038;p=1001409225"},"modified":"2025-02-26T17:01:31","modified_gmt":"2025-02-26T16:01:31","slug":"portable-display","status":"publish","type":"product","link":"https:\/\/www.rupes.com\/de\/product\/portable-display\/","title":{"rendered":"Portable Display"},"content":{"rendered":"<p>The <strong>RUPES Portable Display<\/strong>, crafted from durable plastic, is designed for easy assembly, positioning, and transport. Featuring reusable, eye-catching RUPES branding, it adds a professional touch to trade shows, showrooms, and retail spaces.<br \/>\nWith compact dimensions of 180 cm x 58 cm x 37 cm, it\u2019s perfect for smaller spaces while ensuring maximum visibility for your products. For added convenience, the display is foldable, and when closed, its packaging measures just 93 cm x 63 cm x 5 cm, making storage and transport even easier.<br \/>\nIncluded with the display are 8 hooks (15 cm) and 3 shelves, providing a flexible setup to showcase a wide range of products.<\/p>\n<p><strong>Features<\/strong><\/p>\n<ul>\n<li>Material: plastic<\/li>\n<li>Accessories included: 8 hooks and 3 shelves<\/li>\n<li>Display dimensions: H 180 x W 58 x D 37 cm<\/li>\n<li>Shipping box dimensions: H 93 x W 63 x D 5 cm<\/li>\n<\/ul>\n","protected":false},"featured_media":0,"template":"","meta":{"_acf_changed":false},"categoryproduct":[888965420,888965424],"class_list":["post-1001409225","product","type-product","status-publish","hentry","category_product-merchandising","category_product-merchandising-various"],"acf":{"product_codice":"9.Z1206","scheda_nuova":true,"contact_form":true,"attiva_flag_new_product":true,"attiva_voice_speech":true,"product_home":"0","attiva_special_message":"disattivo","product_titolo_it":"Espositore Portatile","product_titolo_de":"Tragbarer Aussteller","product_titolo_fr":"Pr\u00e9sentoir Portable","product_titolo_es":"Expositor Port\u00e1til","product_descrizione_en":"<p>The <strong>RUPES Portable Display<\/strong>, crafted from durable plastic, is designed for easy assembly, positioning, and transport. Featuring reusable, eye-catching RUPES branding, it adds a professional touch to trade shows, showrooms, and retail spaces.<br \/>\nWith compact dimensions of 180 cm x 58 cm x 37 cm, it\u2019s perfect for smaller spaces while ensuring maximum visibility for your products. For added convenience, the display is foldable, and when closed, its packaging measures just 93 cm x 63 cm x 5 cm, making storage and transport even easier.<br \/>\nIncluded with the display are 8 hooks (15 cm) and 3 shelves, providing a flexible setup to showcase a wide range of products.<\/p>\n<p><strong>Features<\/strong><\/p>\n<ul>\n<li>Material: plastic<\/li>\n<li>Accessories included: 8 hooks and 3 shelves<\/li>\n<li>Display dimensions: H 180 x W 58 x D 37 cm<\/li>\n<li>Shipping box dimensions: H 93 x W 63 x D 5 cm<\/li>\n<\/ul>\n","product_descrizione_it":"<p>Il nuovo <strong>Espositore Portatile RUPES,<\/strong> realizzato in materiale plastico resistente, \u00e8 progettato per un facile assemblaggio, smontaggio, posizionamento e trasporto. Con un design riutilizzabile e un branding RUPES accattivante, aggiunge un tocco professionale a fiere, showroom e punti vendita.<br \/>\nGrazie alle dimensioni compatte di 180 cm x 58 cm x 37 cm, \u00e8 ideale per spazi ridotti, garantendo al contempo la massima visibilit\u00e0 dei tuoi prodotti. Per una maggiore praticit\u00e0, l\u2019espositore \u00e8 pieghevole e, una volta chiuso, l\u2019imballo misura solo 93 cm x 63 cm x 5 cm, facilitando ulteriormente lo stoccaggio e il trasporto.<br \/>\nInclusi nell\u2019espositore troverai 8 ganci (15 cm) e 3 ripiani, offrendo una configurazione flessibile per esporre una vasta gamma di prodotti.<\/p>\n<p><strong>Caratteristiche<\/strong><\/p>\n<ul data-start=\"814\" data-end=\"1006\">\n<li data-start=\"814\" data-end=\"841\"><strong data-start=\"816\" data-end=\"830\">Materiale:<\/strong> Plastica<\/li>\n<li data-start=\"842\" data-end=\"888\"><strong data-start=\"844\" data-end=\"866\">Accessori inclusi:<\/strong> 8 ganci e 3 ripiani<\/li>\n<li data-start=\"889\" data-end=\"947\"><strong data-start=\"891\" data-end=\"922\">Dimensioni dell\u2019espositore:<\/strong> H 180 x L 58 x P 37 cm<\/li>\n<li data-start=\"948\" data-end=\"1006\"><strong data-start=\"950\" data-end=\"982\">Dimensioni dell&#8217;imballo:<\/strong> H 93 x L 63 x P 5 cm<\/li>\n<\/ul>\n","product_descrizione_de":"<p data-start=\"88\" data-end=\"889\">Der <strong>RUPES Tragbarer Aussteller<\/strong>, gefertigt aus langlebigem Kunststoff, ist f\u00fcr eine einfache Montage, Positionierung und den Transport konzipiert. Mit wiederverwendbarem und auff\u00e4lligem RUPES-Branding verleiht er Messen, Ausstellungsr\u00e4umen und Verkaufsfl\u00e4chen eine professionelle Note.<br data-start=\"376\" data-end=\"379\" \/>Mit seinen kompakten Ma\u00dfen von 180 cm x 58 cm x 37 cm eignet er sich perfekt f\u00fcr kleinere R\u00e4ume und gew\u00e4hrleistet gleichzeitig maximale Sichtbarkeit f\u00fcr Ihre Produkte.<br data-start=\"550\" data-end=\"553\" \/>F\u00fcr zus\u00e4tzlichen Komfort ist der Aussteller faltbar, und in geschlossenem Zustand misst die Verpackung nur 93 cm x 63 cm x 5 cm, was die Lagerung und den Transport noch einfacher macht.<br data-start=\"743\" data-end=\"746\" \/>Im Lieferumfang enthalten sind 8 Haken (15 cm) und 3 Regalb\u00f6den, die eine flexible Pr\u00e4sentation einer Vielzahl von Produkten erm\u00f6glichen.<\/p>\n<h4 data-start=\"891\" data-end=\"915\"><strong>Eigenschaften<\/strong><\/h4>\n<ul data-start=\"916\" data-end=\"1111\">\n<li data-start=\"916\" data-end=\"944\">Material: Kunststoff<\/li>\n<li data-start=\"945\" data-end=\"996\">Inklusive Zubeh\u00f6r: 8 Haken und 3 Regalb\u00f6den<\/li>\n<li data-start=\"997\" data-end=\"1053\">Abmessungen des Displays: H 180 x B 58 x T 37 cm<\/li>\n<li data-start=\"1054\" data-end=\"1111\">Ma\u00dfe der Versandverpackung: H 93 x B 63 x T 5 cm<\/li>\n<\/ul>\n","product_descrizione_fr":"<p data-start=\"2146\" data-end=\"2926\">Le <strong>Pr\u00e9sentoir Portable RUPES<\/strong>, fabriqu\u00e9 en plastique durable, est con\u00e7u pour un assemblage, un positionnement et un transport faciles. Avec un marquage RUPES r\u00e9utilisable et accrocheur, il apporte une touche professionnelle aux salons, showrooms et espaces de vente au d\u00e9tail.<br data-start=\"2425\" data-end=\"2428\" \/>Avec ses dimensions compactes de 180 cm x 58 cm x 37 cm, il est parfait pour les petits espaces tout en garantissant une visibilit\u00e9 maximale de vos produits.<br data-start=\"2589\" data-end=\"2592\" \/>Pour plus de commodit\u00e9, le pr\u00e9sentoir est pliable, et une fois ferm\u00e9, son emballage ne mesure que 93 cm x 63 cm x 5 cm, ce qui facilite encore davantage le stockage et le transport.<br data-start=\"2778\" data-end=\"2781\" \/>Le pr\u00e9sentoir est livr\u00e9 avec 8 crochets (15 cm) et 3 \u00e9tag\u00e8res, offrant une configuration flexible pour exposer une large gamme de produits.<\/p>\n<h4 data-start=\"2928\" data-end=\"2955\">Caract\u00e9ristiques<\/h4>\n<ul data-start=\"2956\" data-end=\"3154\">\n<li data-start=\"2956\" data-end=\"2984\">Mat\u00e9riau : Plastique<\/li>\n<li data-start=\"2985\" data-end=\"3038\">Accessoires inclus : 8 crochets et 3 \u00e9tag\u00e8res<\/li>\n<li data-start=\"3039\" data-end=\"3096\">Dimensions du pr\u00e9sentoir : H 180 x L 58 x P 37 cm<\/li>\n<li data-start=\"3097\" data-end=\"3154\">Dimensions de l\u2019emballage : H 93 x L 63 x P 5 cm<\/li>\n<\/ul>\n","product_descrizione_es":"<p data-start=\"1147\" data-end=\"1887\">El <strong>Expositor Port\u00e1til RUPES<\/strong>, fabricado en pl\u00e1stico duradero, est\u00e1 dise\u00f1ado para un montaje, posicionamiento y transporte f\u00e1ciles. Con un llamativo y reutilizable branding de RUPES, aporta un toque profesional a ferias, salas de exposici\u00f3n y espacios comerciales.<br data-start=\"1413\" data-end=\"1416\" \/>Con unas dimensiones compactas de 180 cm x 58 cm x 37 cm, es ideal para espacios reducidos, garantizando al mismo tiempo la m\u00e1xima visibilidad de sus productos.<br data-start=\"1580\" data-end=\"1583\" \/>Para mayor comodidad, el expositor es plegable y, cuando est\u00e1 cerrado, su embalaje mide solo 93 cm x 63 cm x 5 cm, lo que facilita a\u00fan m\u00e1s su almacenamiento y transporte.<br data-start=\"1758\" data-end=\"1761\" \/>Incluye 8 ganchos (15 cm) y 3 estantes, ofreciendo una configuraci\u00f3n flexible para exhibir una amplia gama de productos.<\/p>\n<h4 data-start=\"1889\" data-end=\"1915\">Caracter\u00edsticas<\/h4>\n<ul data-start=\"1916\" data-end=\"2109\">\n<li data-start=\"1916\" data-end=\"1942\">Material: Pl\u00e1stico<\/li>\n<li data-start=\"1943\" data-end=\"1995\">Accesorios incluidos: 8 ganchos y 3 estantes<\/li>\n<li data-start=\"1996\" data-end=\"2053\">Dimensiones del expositor: H 180 x W 58 x D 37 cm<\/li>\n<li data-start=\"2054\" data-end=\"2109\">Dimensiones del embalaje: H 93 x W 63 x D 5 cm<\/li>\n<\/ul>\n","product_scheda_en":"","product_scheda_it":"","product_scheda_de":"","product_scheda_fr":"","product_scheda_es":"","thumb":false,"gallery":[{"ID":1001409243,"id":1001409243,"title":"3","filename":"3.jpg","filesize":101064,"url":"https:\/\/www.rupes.com\/wp-content\/uploads\/2025\/02\/3.jpg","link":"https:\/\/www.rupes.com\/de\/product\/portable-display\/3-9-2\/","alt":"","author":"2","description":"","caption":"","name":"3-9-2","status":"inherit","uploaded_to":1001409225,"date":"2025-02-26 15:30:42","modified":"2025-02-26 15:30:45","menu_order":0,"mime_type":"image\/jpeg","type":"image","subtype":"jpeg","icon":"https:\/\/www.rupes.com\/wp-includes\/images\/media\/default.png","width":1200,"height":800,"sizes":{"thumbnail":"https:\/\/www.rupes.com\/wp-content\/uploads\/2025\/02\/3-150x150.jpg","thumbnail-width":150,"thumbnail-height":150,"medium":"https:\/\/www.rupes.com\/wp-content\/uploads\/2025\/02\/3-300x200.jpg","medium-width":300,"medium-height":200,"medium_large":"https:\/\/www.rupes.com\/wp-content\/uploads\/2025\/02\/3-768x512.jpg","medium_large-width":768,"medium_large-height":512,"large":"https:\/\/www.rupes.com\/wp-content\/uploads\/2025\/02\/3-1024x683.jpg","large-width":1024,"large-height":683,"1536x1536":"https:\/\/www.rupes.com\/wp-content\/uploads\/2025\/02\/3.jpg","1536x1536-width":1200,"1536x1536-height":800,"2048x2048":"https:\/\/www.rupes.com\/wp-content\/uploads\/2025\/02\/3.jpg","2048x2048-width":1200,"2048x2048-height":800,"thumb_news":"https:\/\/www.rupes.com\/wp-content\/uploads\/2025\/02\/3-350x200.jpg","thumb_news-width":350,"thumb_news-height":200,"boxhome_small":"https:\/\/www.rupes.com\/wp-content\/uploads\/2025\/02\/3-200x100.jpg","boxhome_small-width":200,"boxhome_small-height":100,"boxhome_medium":"https:\/\/www.rupes.com\/wp-content\/uploads\/2025\/02\/3-300x150.jpg","boxhome_medium-width":300,"boxhome_medium-height":150,"boxhome_large":"https:\/\/www.rupes.com\/wp-content\/uploads\/2025\/02\/3-450x200.jpg","boxhome_large-width":450,"boxhome_large-height":200,"boxproducts_large":"https:\/\/www.rupes.com\/wp-content\/uploads\/2025\/02\/3-1200x700.jpg","boxproducts_large-width":1200,"boxproducts_large-height":700,"boxproducts_midlarge":"https:\/\/www.rupes.com\/wp-content\/uploads\/2025\/02\/3-1200x560.jpg","boxproducts_midlarge-width":1200,"boxproducts_midlarge-height":560,"boxproducts_medium":"https:\/\/www.rupes.com\/wp-content\/uploads\/2025\/02\/3-1024x450.jpg","boxproducts_medium-width":1024,"boxproducts_medium-height":450,"boxproducts_small":"https:\/\/www.rupes.com\/wp-content\/uploads\/2025\/02\/3-700x305.jpg","boxproducts_small-width":700,"boxproducts_small-height":305,"boxproducts_mobile":"https:\/\/www.rupes.com\/wp-content\/uploads\/2025\/02\/3-400x175.jpg","boxproducts_mobile-width":400,"boxproducts_mobile-height":175,"product_thumb":"https:\/\/www.rupes.com\/wp-content\/uploads\/2025\/02\/3-300x200.jpg","product_thumb-width":300,"product_thumb-height":200,"product_home":"https:\/\/www.rupes.com\/wp-content\/uploads\/2025\/02\/3-1200x700.jpg","product_home-width":1200,"product_home-height":700,"gallery_first":"https:\/\/www.rupes.com\/wp-content\/uploads\/2025\/02\/3-750x500.jpg","gallery_first-width":750,"gallery_first-height":500,"gallery_thumb":"https:\/\/www.rupes.com\/wp-content\/uploads\/2025\/02\/3-105x70.jpg","gallery_thumb-width":105,"gallery_thumb-height":70,"category_image":"https:\/\/www.rupes.com\/wp-content\/uploads\/2025\/02\/3-200x133.jpg","category_image-width":200,"category_image-height":133,"category_thumb":"https:\/\/www.rupes.com\/wp-content\/uploads\/2025\/02\/3-100x67.jpg","category_thumb-width":100,"category_thumb-height":67}},{"ID":1001409233,"id":1001409233,"title":"1","filename":"1.jpg","filesize":160601,"url":"https:\/\/www.rupes.com\/wp-content\/uploads\/2025\/02\/1.jpg","link":"https:\/\/www.rupes.com\/de\/product\/portable-display\/1-16-2\/","alt":"","author":"2","description":"","caption":"","name":"1-16-2","status":"inherit","uploaded_to":1001409225,"date":"2025-02-26 15:30:34","modified":"2025-02-26 15:30:34","menu_order":0,"mime_type":"image\/jpeg","type":"image","subtype":"jpeg","icon":"https:\/\/www.rupes.com\/wp-includes\/images\/media\/default.png","width":1200,"height":800,"sizes":{"thumbnail":"https:\/\/www.rupes.com\/wp-content\/uploads\/2025\/02\/1-150x150.jpg","thumbnail-width":150,"thumbnail-height":150,"medium":"https:\/\/www.rupes.com\/wp-content\/uploads\/2025\/02\/1-300x200.jpg","medium-width":300,"medium-height":200,"medium_large":"https:\/\/www.rupes.com\/wp-content\/uploads\/2025\/02\/1-768x512.jpg","medium_large-width":768,"medium_large-height":512,"large":"https:\/\/www.rupes.com\/wp-content\/uploads\/2025\/02\/1-1024x683.jpg","large-width":1024,"large-height":683,"1536x1536":"https:\/\/www.rupes.com\/wp-content\/uploads\/2025\/02\/1.jpg","1536x1536-width":1200,"1536x1536-height":800,"2048x2048":"https:\/\/www.rupes.com\/wp-content\/uploads\/2025\/02\/1.jpg","2048x2048-width":1200,"2048x2048-height":800,"thumb_news":"https:\/\/www.rupes.com\/wp-content\/uploads\/2025\/02\/1-350x200.jpg","thumb_news-width":350,"thumb_news-height":200,"boxhome_small":"https:\/\/www.rupes.com\/wp-content\/uploads\/2025\/02\/1-200x100.jpg","boxhome_small-width":200,"boxhome_small-height":100,"boxhome_medium":"https:\/\/www.rupes.com\/wp-content\/uploads\/2025\/02\/1-300x150.jpg","boxhome_medium-width":300,"boxhome_medium-height":150,"boxhome_large":"https:\/\/www.rupes.com\/wp-content\/uploads\/2025\/02\/1-450x200.jpg","boxhome_large-width":450,"boxhome_large-height":200,"boxproducts_large":"https:\/\/www.rupes.com\/wp-content\/uploads\/2025\/02\/1-1200x700.jpg","boxproducts_large-width":1200,"boxproducts_large-height":700,"boxproducts_midlarge":"https:\/\/www.rupes.com\/wp-content\/uploads\/2025\/02\/1-1200x560.jpg","boxproducts_midlarge-width":1200,"boxproducts_midlarge-height":560,"boxproducts_medium":"https:\/\/www.rupes.com\/wp-content\/uploads\/2025\/02\/1-1024x450.jpg","boxproducts_medium-width":1024,"boxproducts_medium-height":450,"boxproducts_small":"https:\/\/www.rupes.com\/wp-content\/uploads\/2025\/02\/1-700x305.jpg","boxproducts_small-width":700,"boxproducts_small-height":305,"boxproducts_mobile":"https:\/\/www.rupes.com\/wp-content\/uploads\/2025\/02\/1-400x175.jpg","boxproducts_mobile-width":400,"boxproducts_mobile-height":175,"product_thumb":"https:\/\/www.rupes.com\/wp-content\/uploads\/2025\/02\/1-300x200.jpg","product_thumb-width":300,"product_thumb-height":200,"product_home":"https:\/\/www.rupes.com\/wp-content\/uploads\/2025\/02\/1-1200x700.jpg","product_home-width":1200,"product_home-height":700,"gallery_first":"https:\/\/www.rupes.com\/wp-content\/uploads\/2025\/02\/1-750x500.jpg","gallery_first-width":750,"gallery_first-height":500,"gallery_thumb":"https:\/\/www.rupes.com\/wp-content\/uploads\/2025\/02\/1-105x70.jpg","gallery_thumb-width":105,"gallery_thumb-height":70,"category_image":"https:\/\/www.rupes.com\/wp-content\/uploads\/2025\/02\/1-200x133.jpg","category_image-width":200,"category_image-height":133,"category_thumb":"https:\/\/www.rupes.com\/wp-content\/uploads\/2025\/02\/1-100x67.jpg","category_thumb-width":100,"category_thumb-height":67}},{"ID":1001409238,"id":1001409238,"title":"2","filename":"2.jpg","filesize":134306,"url":"https:\/\/www.rupes.com\/wp-content\/uploads\/2025\/02\/2.jpg","link":"https:\/\/www.rupes.com\/de\/product\/portable-display\/2-12-2\/","alt":"","author":"2","description":"","caption":"","name":"2-12-2","status":"inherit","uploaded_to":1001409225,"date":"2025-02-26 15:30:38","modified":"2025-02-26 15:30:38","menu_order":0,"mime_type":"image\/jpeg","type":"image","subtype":"jpeg","icon":"https:\/\/www.rupes.com\/wp-includes\/images\/media\/default.png","width":1200,"height":800,"sizes":{"thumbnail":"https:\/\/www.rupes.com\/wp-content\/uploads\/2025\/02\/2-150x150.jpg","thumbnail-width":150,"thumbnail-height":150,"medium":"https:\/\/www.rupes.com\/wp-content\/uploads\/2025\/02\/2-300x200.jpg","medium-width":300,"medium-height":200,"medium_large":"https:\/\/www.rupes.com\/wp-content\/uploads\/2025\/02\/2-768x512.jpg","medium_large-width":768,"medium_large-height":512,"large":"https:\/\/www.rupes.com\/wp-content\/uploads\/2025\/02\/2-1024x683.jpg","large-width":1024,"large-height":683,"1536x1536":"https:\/\/www.rupes.com\/wp-content\/uploads\/2025\/02\/2.jpg","1536x1536-width":1200,"1536x1536-height":800,"2048x2048":"https:\/\/www.rupes.com\/wp-content\/uploads\/2025\/02\/2.jpg","2048x2048-width":1200,"2048x2048-height":800,"thumb_news":"https:\/\/www.rupes.com\/wp-content\/uploads\/2025\/02\/2-350x200.jpg","thumb_news-width":350,"thumb_news-height":200,"boxhome_small":"https:\/\/www.rupes.com\/wp-content\/uploads\/2025\/02\/2-200x100.jpg","boxhome_small-width":200,"boxhome_small-height":100,"boxhome_medium":"https:\/\/www.rupes.com\/wp-content\/uploads\/2025\/02\/2-300x150.jpg","boxhome_medium-width":300,"boxhome_medium-height":150,"boxhome_large":"https:\/\/www.rupes.com\/wp-content\/uploads\/2025\/02\/2-450x200.jpg","boxhome_large-width":450,"boxhome_large-height":200,"boxproducts_large":"https:\/\/www.rupes.com\/wp-content\/uploads\/2025\/02\/2-1200x700.jpg","boxproducts_large-width":1200,"boxproducts_large-height":700,"boxproducts_midlarge":"https:\/\/www.rupes.com\/wp-content\/uploads\/2025\/02\/2-1200x560.jpg","boxproducts_midlarge-width":1200,"boxproducts_midlarge-height":560,"boxproducts_medium":"https:\/\/www.rupes.com\/wp-content\/uploads\/2025\/02\/2-1024x450.jpg","boxproducts_medium-width":1024,"boxproducts_medium-height":450,"boxproducts_small":"https:\/\/www.rupes.com\/wp-content\/uploads\/2025\/02\/2-700x305.jpg","boxproducts_small-width":700,"boxproducts_small-height":305,"boxproducts_mobile":"https:\/\/www.rupes.com\/wp-content\/uploads\/2025\/02\/2-400x175.jpg","boxproducts_mobile-width":400,"boxproducts_mobile-height":175,"product_thumb":"https:\/\/www.rupes.com\/wp-content\/uploads\/2025\/02\/2-300x200.jpg","product_thumb-width":300,"product_thumb-height":200,"product_home":"https:\/\/www.rupes.com\/wp-content\/uploads\/2025\/02\/2-1200x700.jpg","product_home-width":1200,"product_home-height":700,"gallery_first":"https:\/\/www.rupes.com\/wp-content\/uploads\/2025\/02\/2-750x500.jpg","gallery_first-width":750,"gallery_first-height":500,"gallery_thumb":"https:\/\/www.rupes.com\/wp-content\/uploads\/2025\/02\/2-105x70.jpg","gallery_thumb-width":105,"gallery_thumb-height":70,"category_image":"https:\/\/www.rupes.com\/wp-content\/uploads\/2025\/02\/2-200x133.jpg","category_image-width":200,"category_image-height":133,"category_thumb":"https:\/\/www.rupes.com\/wp-content\/uploads\/2025\/02\/2-100x67.jpg","category_thumb-width":100,"category_thumb-height":67}}],"videos":false,"files":false,"product_b2b_code":"","product_b2b_pdf":"","code_usermanuals":"","code_usermanuals_usa":"","escludi_scheda_sicurezza":false,"blocco_dimensione":false,"varianti":false,"kit_vendita":false,"blocchi_prodotti_correlati":false,"seleziona_tag_notizie":false,"google_review_link":"","seleziona_le_recensioni":"","attiva_collegamento":false},"_links":{"self":[{"href":"https:\/\/www.rupes.com\/de\/wp-json\/wp\/v2\/products\/1001409225","targetHints":{"allow":["GET"]}}],"collection":[{"href":"https:\/\/www.rupes.com\/de\/wp-json\/wp\/v2\/products"}],"about":[{"href":"https:\/\/www.rupes.com\/de\/wp-json\/wp\/v2\/types\/product"}],"wp:attachment":[{"href":"https:\/\/www.rupes.com\/de\/wp-json\/wp\/v2\/media?parent=1001409225"}],"wp:term":[{"taxonomy":"category_product","embeddable":true,"href":"https:\/\/www.rupes.com\/de\/wp-json\/wp\/v2\/categoryproduct?post=1001409225"}],"curies":[{"name":"wp","href":"https:\/\/api.w.org\/{rel}","templated":true}]}}