{"id":1001409057,"date":"2025-01-08T16:15:01","date_gmt":"2025-01-08T15:15:01","guid":{"rendered":"https:\/\/www.rupes.com\/?post_type=product&#038;p=1001409057"},"modified":"2025-01-08T16:15:01","modified_gmt":"2025-01-08T15:15:01","slug":"ceramic-denibbing-blade","status":"publish","type":"product","link":"https:\/\/www.rupes.com\/de\/product\/ceramic-denibbing-blade\/","title":{"rendered":"Ceramic Denibbing Blade"},"content":{"rendered":"<p>The RUPES Ceramic Denibbing Blade is specially designed for efficient and safer denibbing, removing paint drips, runs, sags, and bonded dirt from smooth surfaces. Made of ceramic material, synthesized at very high temperatures, for long term durability and consistent results. This highly processed block is precisely shaped to quickly and safely remove above surface paint defects.<br \/>\nBy using the chamfered edge, and slightly tilted application, more severe defects can be safely removed. Pass it over the defect to be corrected from the flat side and apply little pressure to remove above surface defects easily with reduced risk, compared to other methods. Ideal for quickly removing nibs and imperfections with minimal damage to the surrounding paint.<\/p>\n<p>Dimensions:<br \/>\n2.5cm x 2.5cm<\/p>\n","protected":false},"featured_media":0,"template":"","meta":{"_acf_changed":false},"categoryproduct":[888965151,888965152,888965420,888965424],"class_list":["post-1001409057","product","type-product","status-publish","hentry","category_product-accessories","category_product-accessories-bigfoot","category_product-merchandising","category_product-merchandising-various"],"acf":{"product_codice":"9.CBD2525","scheda_nuova":true,"contact_form":true,"attiva_flag_new_product":true,"attiva_voice_speech":false,"product_home":"0","attiva_special_message":"disattivo","product_titolo_it":"Lametta Rimuovi Sporchini","product_titolo_de":"Keramik-Entgratungsklinge","product_titolo_fr":"Lame de d\u00e9graissage en c\u00e9ramique","product_titolo_es":"Hoja de cer\u00e1mica para quitar motas","product_descrizione_en":"<p>The RUPES <strong>Ceramic Denibbing Blade<\/strong> is specially designed for <strong>efficient<\/strong> and <strong>safer denibbing<\/strong>, removing paint drips, runs, sags, and bonded dirt from smooth surfaces. Made of <strong>ceramic material<\/strong>, synthesized at very high temperatures, for long term durability and consistent results. This highly processed block is precisely shaped to quickly and safely remove above surface paint defects.<\/p>\n<p>By using the chamfered edge, and slightly tilted application, more severe defects can be safely removed. Pass it over the defect to be corrected from the flat side and apply little pressure to remove above surface defects easily with reduced risk, compared to other methods. Ideal for quickly removing nibs and imperfections with minimal damage to the surrounding paint.<\/p>\n<p>Dimensions:<br \/>\n2.5cm x 2.5cm<\/p>\n","product_descrizione_it":"<p>La nuova RUPES <strong>Ceramic Denibbing Blade<\/strong> \u00e8 una lametta progettata per <strong>rimuovere in modo rapido e sicuro difetti<\/strong> come sporchini e colature su superfici lisce. Realizzato in materiale ceramico resistente, questo strumento assicura prestazioni costanti e durature. Grazie al suo design specifico, offre un\u2019efficace correzione dei difetti della vernice, garantendo risultati di alta qualit\u00e0.<\/p>\n<p>Grazie al bordo smussato, \u00e8 possibile correggere i difetti pi\u00f9 evidenti in modo sicuro ed efficace. Basta appoggiare lo strumento in posizione piatta sulla superficie, facendo scorrere il lato lungo sopra l\u2019area da trattare con una leggera pressione. Questo permette di rimuovere le imperfezioni in modo semplice, riducendo al minimo il rischio di danneggiare la vernice circostante. Una soluzione ideale per una correzione rapida e precisa.<\/p>\n<p>Dimensioni:<br \/>\n2,5cm x 2,5cm<\/p>\n","product_descrizione_de":"<p>Die RUPES Keramik-Entgratungsklinge wurde speziell f\u00fcr effizientes und sicheres Entgraten entwickelt, um Farbtropfen, -l\u00e4ufer, -abf\u00e4lle und festsitzenden Schmutz von glatten Oberfl\u00e4chen zu entfernen. Sie besteht aus Keramikmaterial, das bei sehr hohen Temperaturen synthetisiert wurde, f\u00fcr lange Haltbarkeit und gleichbleibende Ergebnisse. Dieser hochverarbeitete Block ist pr\u00e4zise geformt, um oberfl\u00e4chliche Lackfehler schnell und sicher zu entfernen.<\/p>\n<p>Durch die Verwendung der abgeschr\u00e4gten Kante und eine leicht geneigte Anwendung k\u00f6nnen schwerwiegendere Fehler sicher entfernt werden. F\u00fchren Sie ihn von der flachen Seite \u00fcber den zu korrigierenden Fehler und wenden Sie wenig Druck an, um oberfl\u00e4chliche Fehler im Vergleich zu anderen Methoden mit geringerem Risiko leicht zu entfernen. Ideal zum schnellen Entfernen von Spitzen und Unvollkommenheiten mit minimaler Besch\u00e4digung des umgebenden Lacks.<\/p>\n<p>Abmessungen:<br \/>\n2,5 cm x 2,5 cm<\/p>\n","product_descrizione_fr":"<p>La lame de d\u00e9graissage en c\u00e9ramique RUPES est sp\u00e9cialement con\u00e7ue pour un d\u00e9graissage efficace et plus s\u00fbr, en \u00e9liminant les gouttes de peinture, les coulures, les affaissements et la salet\u00e9 coll\u00e9e sur les surfaces lisses. Fabriqu\u00e9e en c\u00e9ramique, synth\u00e9tis\u00e9e \u00e0 tr\u00e8s haute temp\u00e9rature, pour une durabilit\u00e9 \u00e0 long terme et des r\u00e9sultats coh\u00e9rents. Ce bloc hautement trait\u00e9 est pr\u00e9cis\u00e9ment fa\u00e7onn\u00e9 pour \u00e9liminer rapidement et en toute s\u00e9curit\u00e9 les d\u00e9fauts de peinture au-dessus de la surface.<\/p>\n<p>En utilisant le bord chanfrein\u00e9 et l&#8217;application l\u00e9g\u00e8rement inclin\u00e9e, les d\u00e9fauts les plus graves peuvent \u00eatre \u00e9limin\u00e9s en toute s\u00e9curit\u00e9. Passez-le sur le d\u00e9faut \u00e0 corriger depuis le c\u00f4t\u00e9 plat et appliquez une l\u00e9g\u00e8re pression pour \u00e9liminer facilement les d\u00e9fauts au-dessus de la surface avec un risque r\u00e9duit, par rapport aux autres m\u00e9thodes. Id\u00e9al pour \u00e9liminer rapidement les pointes et les imperfections avec un minimum de dommages \u00e0 la peinture environnante.<\/p>\n<p>Dimensions :<br \/>\n2,5 cm x 2,5 cm<\/p>\n","product_descrizione_es":"<p>La hoja de cer\u00e1mica para quitar motas de RUPES est\u00e1 especialmente dise\u00f1ada para quitar motas de manera eficiente y segura, eliminando gotas de pintura, manchas, descuelgues y suciedad adherida de superficies lisas. Est\u00e1 hecha de material cer\u00e1mico, sintetizado a temperaturas muy altas, para una durabilidad a largo plazo y resultados consistentes. Este bloque altamente procesado tiene una forma precisa para eliminar de manera r\u00e1pida y segura los defectos de pintura superficiales.<\/p>\n<p>Al usar el borde biselado y la aplicaci\u00f3n ligeramente inclinada, se pueden eliminar de manera segura los defectos m\u00e1s graves. P\u00e1selo sobre el defecto que se va a corregir desde el lado plano y aplique poca presi\u00f3n para eliminar los defectos superficiales f\u00e1cilmente con un riesgo reducido, en comparaci\u00f3n con otros m\u00e9todos. Ideal para eliminar r\u00e1pidamente motas e imperfecciones con un da\u00f1o m\u00ednimo a la pintura circundante.<\/p>\n<p>Dimensiones:<br \/>\n2,5 cm x 2,5 cm<\/p>\n","product_scheda_en":"","product_scheda_it":"","product_scheda_de":"","product_scheda_fr":"","product_scheda_es":"","thumb":false,"gallery":[{"ID":1001409075,"id":1001409075,"title":"ceramic-denibbing-blade","filename":"ceramic-denibbing-blade.jpg","filesize":20635,"url":"https:\/\/www.rupes.com\/wp-content\/uploads\/2025\/01\/ceramic-denibbing-blade.jpg","link":"https:\/\/www.rupes.com\/de\/product\/ceramic-denibbing-blade\/ceramic-denibbing-blade-2\/","alt":"","author":"1","description":"","caption":"","name":"ceramic-denibbing-blade-2","status":"inherit","uploaded_to":1001409057,"date":"2025-01-08 12:48:19","modified":"2025-01-08 12:48:19","menu_order":0,"mime_type":"image\/jpeg","type":"image","subtype":"jpeg","icon":"https:\/\/www.rupes.com\/wp-includes\/images\/media\/default.png","width":1200,"height":800,"sizes":{"thumbnail":"https:\/\/www.rupes.com\/wp-content\/uploads\/2025\/01\/ceramic-denibbing-blade-150x150.jpg","thumbnail-width":150,"thumbnail-height":150,"medium":"https:\/\/www.rupes.com\/wp-content\/uploads\/2025\/01\/ceramic-denibbing-blade-300x200.jpg","medium-width":300,"medium-height":200,"medium_large":"https:\/\/www.rupes.com\/wp-content\/uploads\/2025\/01\/ceramic-denibbing-blade-768x512.jpg","medium_large-width":768,"medium_large-height":512,"large":"https:\/\/www.rupes.com\/wp-content\/uploads\/2025\/01\/ceramic-denibbing-blade-1024x683.jpg","large-width":1024,"large-height":683,"1536x1536":"https:\/\/www.rupes.com\/wp-content\/uploads\/2025\/01\/ceramic-denibbing-blade.jpg","1536x1536-width":1200,"1536x1536-height":800,"2048x2048":"https:\/\/www.rupes.com\/wp-content\/uploads\/2025\/01\/ceramic-denibbing-blade.jpg","2048x2048-width":1200,"2048x2048-height":800,"thumb_news":"https:\/\/www.rupes.com\/wp-content\/uploads\/2025\/01\/ceramic-denibbing-blade-350x200.jpg","thumb_news-width":350,"thumb_news-height":200,"boxhome_small":"https:\/\/www.rupes.com\/wp-content\/uploads\/2025\/01\/ceramic-denibbing-blade-200x100.jpg","boxhome_small-width":200,"boxhome_small-height":100,"boxhome_medium":"https:\/\/www.rupes.com\/wp-content\/uploads\/2025\/01\/ceramic-denibbing-blade-300x150.jpg","boxhome_medium-width":300,"boxhome_medium-height":150,"boxhome_large":"https:\/\/www.rupes.com\/wp-content\/uploads\/2025\/01\/ceramic-denibbing-blade-450x200.jpg","boxhome_large-width":450,"boxhome_large-height":200,"boxproducts_large":"https:\/\/www.rupes.com\/wp-content\/uploads\/2025\/01\/ceramic-denibbing-blade-1200x700.jpg","boxproducts_large-width":1200,"boxproducts_large-height":700,"boxproducts_midlarge":"https:\/\/www.rupes.com\/wp-content\/uploads\/2025\/01\/ceramic-denibbing-blade-1200x560.jpg","boxproducts_midlarge-width":1200,"boxproducts_midlarge-height":560,"boxproducts_medium":"https:\/\/www.rupes.com\/wp-content\/uploads\/2025\/01\/ceramic-denibbing-blade-1024x450.jpg","boxproducts_medium-width":1024,"boxproducts_medium-height":450,"boxproducts_small":"https:\/\/www.rupes.com\/wp-content\/uploads\/2025\/01\/ceramic-denibbing-blade-700x305.jpg","boxproducts_small-width":700,"boxproducts_small-height":305,"boxproducts_mobile":"https:\/\/www.rupes.com\/wp-content\/uploads\/2025\/01\/ceramic-denibbing-blade-400x175.jpg","boxproducts_mobile-width":400,"boxproducts_mobile-height":175,"product_thumb":"https:\/\/www.rupes.com\/wp-content\/uploads\/2025\/01\/ceramic-denibbing-blade-300x200.jpg","product_thumb-width":300,"product_thumb-height":200,"product_home":"https:\/\/www.rupes.com\/wp-content\/uploads\/2025\/01\/ceramic-denibbing-blade-1200x700.jpg","product_home-width":1200,"product_home-height":700,"gallery_first":"https:\/\/www.rupes.com\/wp-content\/uploads\/2025\/01\/ceramic-denibbing-blade-750x500.jpg","gallery_first-width":750,"gallery_first-height":500,"gallery_thumb":"https:\/\/www.rupes.com\/wp-content\/uploads\/2025\/01\/ceramic-denibbing-blade-105x70.jpg","gallery_thumb-width":105,"gallery_thumb-height":70,"category_image":"https:\/\/www.rupes.com\/wp-content\/uploads\/2025\/01\/ceramic-denibbing-blade-200x133.jpg","category_image-width":200,"category_image-height":133,"category_thumb":"https:\/\/www.rupes.com\/wp-content\/uploads\/2025\/01\/ceramic-denibbing-blade-100x67.jpg","category_thumb-width":100,"category_thumb-height":67}},{"ID":1001409065,"id":1001409065,"title":"ceramic-denibbing-blade_case","filename":"ceramic-denibbing-blade_case.jpg","filesize":51047,"url":"https:\/\/www.rupes.com\/wp-content\/uploads\/2025\/01\/ceramic-denibbing-blade_case.jpg","link":"https:\/\/www.rupes.com\/de\/product\/ceramic-denibbing-blade\/ceramic-denibbing-blade_case-2\/","alt":"","author":"1","description":"","caption":"","name":"ceramic-denibbing-blade_case-2","status":"inherit","uploaded_to":1001409057,"date":"2025-01-08 12:48:10","modified":"2025-01-08 12:48:10","menu_order":0,"mime_type":"image\/jpeg","type":"image","subtype":"jpeg","icon":"https:\/\/www.rupes.com\/wp-includes\/images\/media\/default.png","width":1200,"height":800,"sizes":{"thumbnail":"https:\/\/www.rupes.com\/wp-content\/uploads\/2025\/01\/ceramic-denibbing-blade_case-150x150.jpg","thumbnail-width":150,"thumbnail-height":150,"medium":"https:\/\/www.rupes.com\/wp-content\/uploads\/2025\/01\/ceramic-denibbing-blade_case-300x200.jpg","medium-width":300,"medium-height":200,"medium_large":"https:\/\/www.rupes.com\/wp-content\/uploads\/2025\/01\/ceramic-denibbing-blade_case-768x512.jpg","medium_large-width":768,"medium_large-height":512,"large":"https:\/\/www.rupes.com\/wp-content\/uploads\/2025\/01\/ceramic-denibbing-blade_case-1024x683.jpg","large-width":1024,"large-height":683,"1536x1536":"https:\/\/www.rupes.com\/wp-content\/uploads\/2025\/01\/ceramic-denibbing-blade_case.jpg","1536x1536-width":1200,"1536x1536-height":800,"2048x2048":"https:\/\/www.rupes.com\/wp-content\/uploads\/2025\/01\/ceramic-denibbing-blade_case.jpg","2048x2048-width":1200,"2048x2048-height":800,"thumb_news":"https:\/\/www.rupes.com\/wp-content\/uploads\/2025\/01\/ceramic-denibbing-blade_case-350x200.jpg","thumb_news-width":350,"thumb_news-height":200,"boxhome_small":"https:\/\/www.rupes.com\/wp-content\/uploads\/2025\/01\/ceramic-denibbing-blade_case-200x100.jpg","boxhome_small-width":200,"boxhome_small-height":100,"boxhome_medium":"https:\/\/www.rupes.com\/wp-content\/uploads\/2025\/01\/ceramic-denibbing-blade_case-300x150.jpg","boxhome_medium-width":300,"boxhome_medium-height":150,"boxhome_large":"https:\/\/www.rupes.com\/wp-content\/uploads\/2025\/01\/ceramic-denibbing-blade_case-450x200.jpg","boxhome_large-width":450,"boxhome_large-height":200,"boxproducts_large":"https:\/\/www.rupes.com\/wp-content\/uploads\/2025\/01\/ceramic-denibbing-blade_case-1200x700.jpg","boxproducts_large-width":1200,"boxproducts_large-height":700,"boxproducts_midlarge":"https:\/\/www.rupes.com\/wp-content\/uploads\/2025\/01\/ceramic-denibbing-blade_case-1200x560.jpg","boxproducts_midlarge-width":1200,"boxproducts_midlarge-height":560,"boxproducts_medium":"https:\/\/www.rupes.com\/wp-content\/uploads\/2025\/01\/ceramic-denibbing-blade_case-1024x450.jpg","boxproducts_medium-width":1024,"boxproducts_medium-height":450,"boxproducts_small":"https:\/\/www.rupes.com\/wp-content\/uploads\/2025\/01\/ceramic-denibbing-blade_case-700x305.jpg","boxproducts_small-width":700,"boxproducts_small-height":305,"boxproducts_mobile":"https:\/\/www.rupes.com\/wp-content\/uploads\/2025\/01\/ceramic-denibbing-blade_case-400x175.jpg","boxproducts_mobile-width":400,"boxproducts_mobile-height":175,"product_thumb":"https:\/\/www.rupes.com\/wp-content\/uploads\/2025\/01\/ceramic-denibbing-blade_case-300x200.jpg","product_thumb-width":300,"product_thumb-height":200,"product_home":"https:\/\/www.rupes.com\/wp-content\/uploads\/2025\/01\/ceramic-denibbing-blade_case-1200x700.jpg","product_home-width":1200,"product_home-height":700,"gallery_first":"https:\/\/www.rupes.com\/wp-content\/uploads\/2025\/01\/ceramic-denibbing-blade_case-750x500.jpg","gallery_first-width":750,"gallery_first-height":500,"gallery_thumb":"https:\/\/www.rupes.com\/wp-content\/uploads\/2025\/01\/ceramic-denibbing-blade_case-105x70.jpg","gallery_thumb-width":105,"gallery_thumb-height":70,"category_image":"https:\/\/www.rupes.com\/wp-content\/uploads\/2025\/01\/ceramic-denibbing-blade_case-200x133.jpg","category_image-width":200,"category_image-height":133,"category_thumb":"https:\/\/www.rupes.com\/wp-content\/uploads\/2025\/01\/ceramic-denibbing-blade_case-100x67.jpg","category_thumb-width":100,"category_thumb-height":67}},{"ID":1001409070,"id":1001409070,"title":"ceramic-denibbing-blade_open-case","filename":"ceramic-denibbing-blade_open-case.jpg","filesize":52825,"url":"https:\/\/www.rupes.com\/wp-content\/uploads\/2025\/01\/ceramic-denibbing-blade_open-case.jpg","link":"https:\/\/www.rupes.com\/de\/product\/ceramic-denibbing-blade\/ceramic-denibbing-blade_open-case-2\/","alt":"","author":"1","description":"","caption":"","name":"ceramic-denibbing-blade_open-case-2","status":"inherit","uploaded_to":1001409057,"date":"2025-01-08 12:48:14","modified":"2025-01-08 12:48:14","menu_order":0,"mime_type":"image\/jpeg","type":"image","subtype":"jpeg","icon":"https:\/\/www.rupes.com\/wp-includes\/images\/media\/default.png","width":1200,"height":800,"sizes":{"thumbnail":"https:\/\/www.rupes.com\/wp-content\/uploads\/2025\/01\/ceramic-denibbing-blade_open-case-150x150.jpg","thumbnail-width":150,"thumbnail-height":150,"medium":"https:\/\/www.rupes.com\/wp-content\/uploads\/2025\/01\/ceramic-denibbing-blade_open-case-300x200.jpg","medium-width":300,"medium-height":200,"medium_large":"https:\/\/www.rupes.com\/wp-content\/uploads\/2025\/01\/ceramic-denibbing-blade_open-case-768x512.jpg","medium_large-width":768,"medium_large-height":512,"large":"https:\/\/www.rupes.com\/wp-content\/uploads\/2025\/01\/ceramic-denibbing-blade_open-case-1024x683.jpg","large-width":1024,"large-height":683,"1536x1536":"https:\/\/www.rupes.com\/wp-content\/uploads\/2025\/01\/ceramic-denibbing-blade_open-case.jpg","1536x1536-width":1200,"1536x1536-height":800,"2048x2048":"https:\/\/www.rupes.com\/wp-content\/uploads\/2025\/01\/ceramic-denibbing-blade_open-case.jpg","2048x2048-width":1200,"2048x2048-height":800,"thumb_news":"https:\/\/www.rupes.com\/wp-content\/uploads\/2025\/01\/ceramic-denibbing-blade_open-case-350x200.jpg","thumb_news-width":350,"thumb_news-height":200,"boxhome_small":"https:\/\/www.rupes.com\/wp-content\/uploads\/2025\/01\/ceramic-denibbing-blade_open-case-200x100.jpg","boxhome_small-width":200,"boxhome_small-height":100,"boxhome_medium":"https:\/\/www.rupes.com\/wp-content\/uploads\/2025\/01\/ceramic-denibbing-blade_open-case-300x150.jpg","boxhome_medium-width":300,"boxhome_medium-height":150,"boxhome_large":"https:\/\/www.rupes.com\/wp-content\/uploads\/2025\/01\/ceramic-denibbing-blade_open-case-450x200.jpg","boxhome_large-width":450,"boxhome_large-height":200,"boxproducts_large":"https:\/\/www.rupes.com\/wp-content\/uploads\/2025\/01\/ceramic-denibbing-blade_open-case-1200x700.jpg","boxproducts_large-width":1200,"boxproducts_large-height":700,"boxproducts_midlarge":"https:\/\/www.rupes.com\/wp-content\/uploads\/2025\/01\/ceramic-denibbing-blade_open-case-1200x560.jpg","boxproducts_midlarge-width":1200,"boxproducts_midlarge-height":560,"boxproducts_medium":"https:\/\/www.rupes.com\/wp-content\/uploads\/2025\/01\/ceramic-denibbing-blade_open-case-1024x450.jpg","boxproducts_medium-width":1024,"boxproducts_medium-height":450,"boxproducts_small":"https:\/\/www.rupes.com\/wp-content\/uploads\/2025\/01\/ceramic-denibbing-blade_open-case-700x305.jpg","boxproducts_small-width":700,"boxproducts_small-height":305,"boxproducts_mobile":"https:\/\/www.rupes.com\/wp-content\/uploads\/2025\/01\/ceramic-denibbing-blade_open-case-400x175.jpg","boxproducts_mobile-width":400,"boxproducts_mobile-height":175,"product_thumb":"https:\/\/www.rupes.com\/wp-content\/uploads\/2025\/01\/ceramic-denibbing-blade_open-case-300x200.jpg","product_thumb-width":300,"product_thumb-height":200,"product_home":"https:\/\/www.rupes.com\/wp-content\/uploads\/2025\/01\/ceramic-denibbing-blade_open-case-1200x700.jpg","product_home-width":1200,"product_home-height":700,"gallery_first":"https:\/\/www.rupes.com\/wp-content\/uploads\/2025\/01\/ceramic-denibbing-blade_open-case-750x500.jpg","gallery_first-width":750,"gallery_first-height":500,"gallery_thumb":"https:\/\/www.rupes.com\/wp-content\/uploads\/2025\/01\/ceramic-denibbing-blade_open-case-105x70.jpg","gallery_thumb-width":105,"gallery_thumb-height":70,"category_image":"https:\/\/www.rupes.com\/wp-content\/uploads\/2025\/01\/ceramic-denibbing-blade_open-case-200x133.jpg","category_image-width":200,"category_image-height":133,"category_thumb":"https:\/\/www.rupes.com\/wp-content\/uploads\/2025\/01\/ceramic-denibbing-blade_open-case-100x67.jpg","category_thumb-width":100,"category_thumb-height":67}},{"ID":1001409060,"id":1001409060,"title":"ceramic-denibbing-blade_application","filename":"ceramic-denibbing-blade_application.jpg","filesize":150199,"url":"https:\/\/www.rupes.com\/wp-content\/uploads\/2025\/01\/ceramic-denibbing-blade_application.jpg","link":"https:\/\/www.rupes.com\/de\/product\/ceramic-denibbing-blade\/ceramic-denibbing-blade_application-2\/","alt":"","author":"1","description":"","caption":"","name":"ceramic-denibbing-blade_application-2","status":"inherit","uploaded_to":1001409057,"date":"2025-01-08 12:48:06","modified":"2025-01-08 12:48:06","menu_order":0,"mime_type":"image\/jpeg","type":"image","subtype":"jpeg","icon":"https:\/\/www.rupes.com\/wp-includes\/images\/media\/default.png","width":1200,"height":800,"sizes":{"thumbnail":"https:\/\/www.rupes.com\/wp-content\/uploads\/2025\/01\/ceramic-denibbing-blade_application-150x150.jpg","thumbnail-width":150,"thumbnail-height":150,"medium":"https:\/\/www.rupes.com\/wp-content\/uploads\/2025\/01\/ceramic-denibbing-blade_application-300x200.jpg","medium-width":300,"medium-height":200,"medium_large":"https:\/\/www.rupes.com\/wp-content\/uploads\/2025\/01\/ceramic-denibbing-blade_application-768x512.jpg","medium_large-width":768,"medium_large-height":512,"large":"https:\/\/www.rupes.com\/wp-content\/uploads\/2025\/01\/ceramic-denibbing-blade_application-1024x683.jpg","large-width":1024,"large-height":683,"1536x1536":"https:\/\/www.rupes.com\/wp-content\/uploads\/2025\/01\/ceramic-denibbing-blade_application.jpg","1536x1536-width":1200,"1536x1536-height":800,"2048x2048":"https:\/\/www.rupes.com\/wp-content\/uploads\/2025\/01\/ceramic-denibbing-blade_application.jpg","2048x2048-width":1200,"2048x2048-height":800,"thumb_news":"https:\/\/www.rupes.com\/wp-content\/uploads\/2025\/01\/ceramic-denibbing-blade_application-350x200.jpg","thumb_news-width":350,"thumb_news-height":200,"boxhome_small":"https:\/\/www.rupes.com\/wp-content\/uploads\/2025\/01\/ceramic-denibbing-blade_application-200x100.jpg","boxhome_small-width":200,"boxhome_small-height":100,"boxhome_medium":"https:\/\/www.rupes.com\/wp-content\/uploads\/2025\/01\/ceramic-denibbing-blade_application-300x150.jpg","boxhome_medium-width":300,"boxhome_medium-height":150,"boxhome_large":"https:\/\/www.rupes.com\/wp-content\/uploads\/2025\/01\/ceramic-denibbing-blade_application-450x200.jpg","boxhome_large-width":450,"boxhome_large-height":200,"boxproducts_large":"https:\/\/www.rupes.com\/wp-content\/uploads\/2025\/01\/ceramic-denibbing-blade_application-1200x700.jpg","boxproducts_large-width":1200,"boxproducts_large-height":700,"boxproducts_midlarge":"https:\/\/www.rupes.com\/wp-content\/uploads\/2025\/01\/ceramic-denibbing-blade_application-1200x560.jpg","boxproducts_midlarge-width":1200,"boxproducts_midlarge-height":560,"boxproducts_medium":"https:\/\/www.rupes.com\/wp-content\/uploads\/2025\/01\/ceramic-denibbing-blade_application-1024x450.jpg","boxproducts_medium-width":1024,"boxproducts_medium-height":450,"boxproducts_small":"https:\/\/www.rupes.com\/wp-content\/uploads\/2025\/01\/ceramic-denibbing-blade_application-700x305.jpg","boxproducts_small-width":700,"boxproducts_small-height":305,"boxproducts_mobile":"https:\/\/www.rupes.com\/wp-content\/uploads\/2025\/01\/ceramic-denibbing-blade_application-400x175.jpg","boxproducts_mobile-width":400,"boxproducts_mobile-height":175,"product_thumb":"https:\/\/www.rupes.com\/wp-content\/uploads\/2025\/01\/ceramic-denibbing-blade_application-300x200.jpg","product_thumb-width":300,"product_thumb-height":200,"product_home":"https:\/\/www.rupes.com\/wp-content\/uploads\/2025\/01\/ceramic-denibbing-blade_application-1200x700.jpg","product_home-width":1200,"product_home-height":700,"gallery_first":"https:\/\/www.rupes.com\/wp-content\/uploads\/2025\/01\/ceramic-denibbing-blade_application-750x500.jpg","gallery_first-width":750,"gallery_first-height":500,"gallery_thumb":"https:\/\/www.rupes.com\/wp-content\/uploads\/2025\/01\/ceramic-denibbing-blade_application-105x70.jpg","gallery_thumb-width":105,"gallery_thumb-height":70,"category_image":"https:\/\/www.rupes.com\/wp-content\/uploads\/2025\/01\/ceramic-denibbing-blade_application-200x133.jpg","category_image-width":200,"category_image-height":133,"category_thumb":"https:\/\/www.rupes.com\/wp-content\/uploads\/2025\/01\/ceramic-denibbing-blade_application-100x67.jpg","category_thumb-width":100,"category_thumb-height":67}}],"videos":false,"files":false,"product_b2b_code":"","product_b2b_pdf":"","code_usermanuals":"","code_usermanuals_usa":"","escludi_scheda_sicurezza":false,"blocco_dimensione":false,"varianti":false,"kit_vendita":false,"blocchi_prodotti_correlati":[{"iconablocco":"fas fa-retweet","seleziona_i_prodotti":[1001403684,1001401861,1001384528,1001384718],"label":"view related products","titolo_correlato_en":"","titolo_correlato_it":"","titolo_correlato_de":"","titolo_correlato_fr":"","titolo_correlato_es":""}],"seleziona_tag_notizie":false,"google_review_link":"","seleziona_le_recensioni":"","attiva_collegamento":false},"_links":{"self":[{"href":"https:\/\/www.rupes.com\/de\/wp-json\/wp\/v2\/products\/1001409057","targetHints":{"allow":["GET"]}}],"collection":[{"href":"https:\/\/www.rupes.com\/de\/wp-json\/wp\/v2\/products"}],"about":[{"href":"https:\/\/www.rupes.com\/de\/wp-json\/wp\/v2\/types\/product"}],"wp:attachment":[{"href":"https:\/\/www.rupes.com\/de\/wp-json\/wp\/v2\/media?parent=1001409057"}],"wp:term":[{"taxonomy":"category_product","embeddable":true,"href":"https:\/\/www.rupes.com\/de\/wp-json\/wp\/v2\/categoryproduct?post=1001409057"}],"curies":[{"name":"wp","href":"https:\/\/api.w.org\/{rel}","templated":true}]}}