{"id":1001407806,"date":"2024-08-28T11:25:40","date_gmt":"2024-08-28T09:25:40","guid":{"rendered":"https:\/\/www.rupes.com\/?post_type=product&#038;p=1001407806"},"modified":"2024-08-28T14:46:54","modified_gmt":"2024-08-28T12:46:54","slug":"george-cardboard","status":"publish","type":"product","link":"https:\/\/www.rupes.com\/de\/product\/george-cardboard\/","title":{"rendered":"George Cardboard"},"content":{"rendered":"","protected":false},"featured_media":0,"template":"","meta":{"_acf_changed":true},"categoryproduct":[888965423,888965420,888965424],"class_list":["post-1001407806","product","type-product","status-publish","hentry","category_product-merchandising-visual","category_product-merchandising","category_product-merchandising-various"],"acf":{"product_codice":"9.Z1186","scheda_nuova":true,"contact_form":true,"attiva_flag_new_product":true,"attiva_voice_speech":true,"product_home":"0","attiva_special_message":"disattivo","product_titolo_it":"Cartonato George","product_titolo_de":"George Cardboard","product_titolo_fr":"Carton George","product_titolo_es":"George Cardboard","product_descrizione_en":"<p>Standing tall at 170 cm, foldable in two parts and crafted with high-quality corrugated cardboard, George is perfect for adding a touch of creativity to your space.<\/p>\n<p>To ensure stability, this cardboard is supplied with a support foot including Velcro for an easy assembly.<\/p>\n<p>Dimensions: (W) 96cm x (H) 170cm<\/p>\n","product_descrizione_it":"<p>Alto 170 cm, ripiegabile in 2 parti e realizzato con cartone ondulato di alta qualit\u00e0, George \u00e8 perfetto per aggiungere un tocco di creativit\u00e0 al tuo spazio.<\/p>\n<p>Per garantire stabilit\u00e0, viene fornito con un supporto in cartone con velcro per un facile montaggio.<\/p>\n<p>Dimensioni: (W) 96cm x (H) 170cm<\/p>\n","product_descrizione_de":"<p>Mit einer H\u00f6he von 170 cm, zweiteilig faltbar und aus hochwertiger Wellpappe gefertigt, ist George perfekt, um Ihrem Raum einen Hauch von Kreativit\u00e4t zu verleihen.<\/p>\n<p>Um Stabilit\u00e4t zu gew\u00e4hrleisten, wird dieser Karton mit einem St\u00fctzfu\u00df inklusive Klettverschluss f\u00fcr eine einfache Montage geliefert.<\/p>\n<p>Abmessungen: (B) 96 cm x (H) 170 cm<\/p>\n","product_descrizione_fr":"<p>D&#8217;une hauteur de 170 cm, pliable en deux parties et fabriqu\u00e9 en carton ondul\u00e9 de haute qualit\u00e9, George est parfait pour ajouter une touche de cr\u00e9ativit\u00e9 \u00e0 votre espace.<\/p>\n<p>Pour assurer la stabilit\u00e9, ce carton est fourni avec un pied de support comprenant du velcro pour un montage facile.<\/p>\n<p>Dimensions : (L) 96 cm x (H) 170 cm<\/p>\n","product_descrizione_es":"<p>Con una altura de 170 cm, plegable en dos partes y fabricado con cart\u00f3n corrugado de alta calidad, George es perfecto para agregar un toque de creatividad a su espacio.<\/p>\n<p>Para garantizar la estabilidad, este cart\u00f3n se suministra con un pie de apoyo que incluye velcro para un f\u00e1cil montaje.<\/p>\n<p>Dimensiones: (An) 96 cm x (Al) 170 cm<\/p>\n","product_scheda_en":"","product_scheda_it":"","product_scheda_de":"","product_scheda_fr":"","product_scheda_es":"","thumb":false,"gallery":[{"ID":1001407814,"id":1001407814,"title":"george-cardboard_1","filename":"george-cardboard_1.jpg","filesize":149962,"url":"https:\/\/www.rupes.com\/wp-content\/uploads\/2024\/08\/george-cardboard_1.jpg","link":"https:\/\/www.rupes.com\/de\/product\/george-cardboard\/george-cardboard_1-2\/","alt":"","author":"1","description":"","caption":"","name":"george-cardboard_1-2","status":"inherit","uploaded_to":1001407806,"date":"2024-08-28 09:24:36","modified":"2024-08-28 09:24:36","menu_order":0,"mime_type":"image\/jpeg","type":"image","subtype":"jpeg","icon":"https:\/\/www.rupes.com\/wp-includes\/images\/media\/default.png","width":1600,"height":1200,"sizes":{"thumbnail":"https:\/\/www.rupes.com\/wp-content\/uploads\/2024\/08\/george-cardboard_1-150x150.jpg","thumbnail-width":150,"thumbnail-height":150,"medium":"https:\/\/www.rupes.com\/wp-content\/uploads\/2024\/08\/george-cardboard_1-300x225.jpg","medium-width":300,"medium-height":225,"medium_large":"https:\/\/www.rupes.com\/wp-content\/uploads\/2024\/08\/george-cardboard_1-768x576.jpg","medium_large-width":768,"medium_large-height":576,"large":"https:\/\/www.rupes.com\/wp-content\/uploads\/2024\/08\/george-cardboard_1-1024x768.jpg","large-width":1024,"large-height":768,"1536x1536":"https:\/\/www.rupes.com\/wp-content\/uploads\/2024\/08\/george-cardboard_1-1536x1152.jpg","1536x1536-width":1536,"1536x1536-height":1152,"2048x2048":"https:\/\/www.rupes.com\/wp-content\/uploads\/2024\/08\/george-cardboard_1.jpg","2048x2048-width":1600,"2048x2048-height":1200,"thumb_news":"https:\/\/www.rupes.com\/wp-content\/uploads\/2024\/08\/george-cardboard_1-350x200.jpg","thumb_news-width":350,"thumb_news-height":200,"boxhome_small":"https:\/\/www.rupes.com\/wp-content\/uploads\/2024\/08\/george-cardboard_1-200x100.jpg","boxhome_small-width":200,"boxhome_small-height":100,"boxhome_medium":"https:\/\/www.rupes.com\/wp-content\/uploads\/2024\/08\/george-cardboard_1-300x150.jpg","boxhome_medium-width":300,"boxhome_medium-height":150,"boxhome_large":"https:\/\/www.rupes.com\/wp-content\/uploads\/2024\/08\/george-cardboard_1-450x200.jpg","boxhome_large-width":450,"boxhome_large-height":200,"boxproducts_large":"https:\/\/www.rupes.com\/wp-content\/uploads\/2024\/08\/george-cardboard_1-1600x700.jpg","boxproducts_large-width":1600,"boxproducts_large-height":700,"boxproducts_midlarge":"https:\/\/www.rupes.com\/wp-content\/uploads\/2024\/08\/george-cardboard_1-1280x560.jpg","boxproducts_midlarge-width":1280,"boxproducts_midlarge-height":560,"boxproducts_medium":"https:\/\/www.rupes.com\/wp-content\/uploads\/2024\/08\/george-cardboard_1-1024x450.jpg","boxproducts_medium-width":1024,"boxproducts_medium-height":450,"boxproducts_small":"https:\/\/www.rupes.com\/wp-content\/uploads\/2024\/08\/george-cardboard_1-700x305.jpg","boxproducts_small-width":700,"boxproducts_small-height":305,"boxproducts_mobile":"https:\/\/www.rupes.com\/wp-content\/uploads\/2024\/08\/george-cardboard_1-400x175.jpg","boxproducts_mobile-width":400,"boxproducts_mobile-height":175,"product_thumb":"https:\/\/www.rupes.com\/wp-content\/uploads\/2024\/08\/george-cardboard_1-267x200.jpg","product_thumb-width":267,"product_thumb-height":200,"product_home":"https:\/\/www.rupes.com\/wp-content\/uploads\/2024\/08\/george-cardboard_1-1200x700.jpg","product_home-width":1200,"product_home-height":700,"gallery_first":"https:\/\/www.rupes.com\/wp-content\/uploads\/2024\/08\/george-cardboard_1-667x500.jpg","gallery_first-width":667,"gallery_first-height":500,"gallery_thumb":"https:\/\/www.rupes.com\/wp-content\/uploads\/2024\/08\/george-cardboard_1-105x80.jpg","gallery_thumb-width":105,"gallery_thumb-height":80,"category_image":"https:\/\/www.rupes.com\/wp-content\/uploads\/2024\/08\/george-cardboard_1-200x150.jpg","category_image-width":200,"category_image-height":150,"category_thumb":"https:\/\/www.rupes.com\/wp-content\/uploads\/2024\/08\/george-cardboard_1-100x75.jpg","category_thumb-width":100,"category_thumb-height":75}},{"ID":1001407819,"id":1001407819,"title":"george-cardboard_2","filename":"george-cardboard_2.jpg","filesize":73505,"url":"https:\/\/www.rupes.com\/wp-content\/uploads\/2024\/08\/george-cardboard_2.jpg","link":"https:\/\/www.rupes.com\/de\/product\/george-cardboard\/george-cardboard_2-2\/","alt":"","author":"1","description":"","caption":"","name":"george-cardboard_2-2","status":"inherit","uploaded_to":1001407806,"date":"2024-08-28 09:24:41","modified":"2024-08-28 09:24:41","menu_order":0,"mime_type":"image\/jpeg","type":"image","subtype":"jpeg","icon":"https:\/\/www.rupes.com\/wp-includes\/images\/media\/default.png","width":1600,"height":1200,"sizes":{"thumbnail":"https:\/\/www.rupes.com\/wp-content\/uploads\/2024\/08\/george-cardboard_2-150x150.jpg","thumbnail-width":150,"thumbnail-height":150,"medium":"https:\/\/www.rupes.com\/wp-content\/uploads\/2024\/08\/george-cardboard_2-300x225.jpg","medium-width":300,"medium-height":225,"medium_large":"https:\/\/www.rupes.com\/wp-content\/uploads\/2024\/08\/george-cardboard_2-768x576.jpg","medium_large-width":768,"medium_large-height":576,"large":"https:\/\/www.rupes.com\/wp-content\/uploads\/2024\/08\/george-cardboard_2-1024x768.jpg","large-width":1024,"large-height":768,"1536x1536":"https:\/\/www.rupes.com\/wp-content\/uploads\/2024\/08\/george-cardboard_2-1536x1152.jpg","1536x1536-width":1536,"1536x1536-height":1152,"2048x2048":"https:\/\/www.rupes.com\/wp-content\/uploads\/2024\/08\/george-cardboard_2.jpg","2048x2048-width":1600,"2048x2048-height":1200,"thumb_news":"https:\/\/www.rupes.com\/wp-content\/uploads\/2024\/08\/george-cardboard_2-350x200.jpg","thumb_news-width":350,"thumb_news-height":200,"boxhome_small":"https:\/\/www.rupes.com\/wp-content\/uploads\/2024\/08\/george-cardboard_2-200x100.jpg","boxhome_small-width":200,"boxhome_small-height":100,"boxhome_medium":"https:\/\/www.rupes.com\/wp-content\/uploads\/2024\/08\/george-cardboard_2-300x150.jpg","boxhome_medium-width":300,"boxhome_medium-height":150,"boxhome_large":"https:\/\/www.rupes.com\/wp-content\/uploads\/2024\/08\/george-cardboard_2-450x200.jpg","boxhome_large-width":450,"boxhome_large-height":200,"boxproducts_large":"https:\/\/www.rupes.com\/wp-content\/uploads\/2024\/08\/george-cardboard_2-1600x700.jpg","boxproducts_large-width":1600,"boxproducts_large-height":700,"boxproducts_midlarge":"https:\/\/www.rupes.com\/wp-content\/uploads\/2024\/08\/george-cardboard_2-1280x560.jpg","boxproducts_midlarge-width":1280,"boxproducts_midlarge-height":560,"boxproducts_medium":"https:\/\/www.rupes.com\/wp-content\/uploads\/2024\/08\/george-cardboard_2-1024x450.jpg","boxproducts_medium-width":1024,"boxproducts_medium-height":450,"boxproducts_small":"https:\/\/www.rupes.com\/wp-content\/uploads\/2024\/08\/george-cardboard_2-700x305.jpg","boxproducts_small-width":700,"boxproducts_small-height":305,"boxproducts_mobile":"https:\/\/www.rupes.com\/wp-content\/uploads\/2024\/08\/george-cardboard_2-400x175.jpg","boxproducts_mobile-width":400,"boxproducts_mobile-height":175,"product_thumb":"https:\/\/www.rupes.com\/wp-content\/uploads\/2024\/08\/george-cardboard_2-267x200.jpg","product_thumb-width":267,"product_thumb-height":200,"product_home":"https:\/\/www.rupes.com\/wp-content\/uploads\/2024\/08\/george-cardboard_2-1200x700.jpg","product_home-width":1200,"product_home-height":700,"gallery_first":"https:\/\/www.rupes.com\/wp-content\/uploads\/2024\/08\/george-cardboard_2-667x500.jpg","gallery_first-width":667,"gallery_first-height":500,"gallery_thumb":"https:\/\/www.rupes.com\/wp-content\/uploads\/2024\/08\/george-cardboard_2-105x80.jpg","gallery_thumb-width":105,"gallery_thumb-height":80,"category_image":"https:\/\/www.rupes.com\/wp-content\/uploads\/2024\/08\/george-cardboard_2-200x150.jpg","category_image-width":200,"category_image-height":150,"category_thumb":"https:\/\/www.rupes.com\/wp-content\/uploads\/2024\/08\/george-cardboard_2-100x75.jpg","category_thumb-width":100,"category_thumb-height":75}},{"ID":1001407824,"id":1001407824,"title":"george-cardboard_3","filename":"george-cardboard_3.jpg","filesize":149799,"url":"https:\/\/www.rupes.com\/wp-content\/uploads\/2024\/08\/george-cardboard_3.jpg","link":"https:\/\/www.rupes.com\/de\/product\/george-cardboard\/george-cardboard_3-2\/","alt":"","author":"1","description":"","caption":"","name":"george-cardboard_3-2","status":"inherit","uploaded_to":1001407806,"date":"2024-08-28 09:24:47","modified":"2024-08-28 09:24:47","menu_order":0,"mime_type":"image\/jpeg","type":"image","subtype":"jpeg","icon":"https:\/\/www.rupes.com\/wp-includes\/images\/media\/default.png","width":1600,"height":1200,"sizes":{"thumbnail":"https:\/\/www.rupes.com\/wp-content\/uploads\/2024\/08\/george-cardboard_3-150x150.jpg","thumbnail-width":150,"thumbnail-height":150,"medium":"https:\/\/www.rupes.com\/wp-content\/uploads\/2024\/08\/george-cardboard_3-300x225.jpg","medium-width":300,"medium-height":225,"medium_large":"https:\/\/www.rupes.com\/wp-content\/uploads\/2024\/08\/george-cardboard_3-768x576.jpg","medium_large-width":768,"medium_large-height":576,"large":"https:\/\/www.rupes.com\/wp-content\/uploads\/2024\/08\/george-cardboard_3-1024x768.jpg","large-width":1024,"large-height":768,"1536x1536":"https:\/\/www.rupes.com\/wp-content\/uploads\/2024\/08\/george-cardboard_3-1536x1152.jpg","1536x1536-width":1536,"1536x1536-height":1152,"2048x2048":"https:\/\/www.rupes.com\/wp-content\/uploads\/2024\/08\/george-cardboard_3.jpg","2048x2048-width":1600,"2048x2048-height":1200,"thumb_news":"https:\/\/www.rupes.com\/wp-content\/uploads\/2024\/08\/george-cardboard_3-350x200.jpg","thumb_news-width":350,"thumb_news-height":200,"boxhome_small":"https:\/\/www.rupes.com\/wp-content\/uploads\/2024\/08\/george-cardboard_3-200x100.jpg","boxhome_small-width":200,"boxhome_small-height":100,"boxhome_medium":"https:\/\/www.rupes.com\/wp-content\/uploads\/2024\/08\/george-cardboard_3-300x150.jpg","boxhome_medium-width":300,"boxhome_medium-height":150,"boxhome_large":"https:\/\/www.rupes.com\/wp-content\/uploads\/2024\/08\/george-cardboard_3-450x200.jpg","boxhome_large-width":450,"boxhome_large-height":200,"boxproducts_large":"https:\/\/www.rupes.com\/wp-content\/uploads\/2024\/08\/george-cardboard_3-1600x700.jpg","boxproducts_large-width":1600,"boxproducts_large-height":700,"boxproducts_midlarge":"https:\/\/www.rupes.com\/wp-content\/uploads\/2024\/08\/george-cardboard_3-1280x560.jpg","boxproducts_midlarge-width":1280,"boxproducts_midlarge-height":560,"boxproducts_medium":"https:\/\/www.rupes.com\/wp-content\/uploads\/2024\/08\/george-cardboard_3-1024x450.jpg","boxproducts_medium-width":1024,"boxproducts_medium-height":450,"boxproducts_small":"https:\/\/www.rupes.com\/wp-content\/uploads\/2024\/08\/george-cardboard_3-700x305.jpg","boxproducts_small-width":700,"boxproducts_small-height":305,"boxproducts_mobile":"https:\/\/www.rupes.com\/wp-content\/uploads\/2024\/08\/george-cardboard_3-400x175.jpg","boxproducts_mobile-width":400,"boxproducts_mobile-height":175,"product_thumb":"https:\/\/www.rupes.com\/wp-content\/uploads\/2024\/08\/george-cardboard_3-267x200.jpg","product_thumb-width":267,"product_thumb-height":200,"product_home":"https:\/\/www.rupes.com\/wp-content\/uploads\/2024\/08\/george-cardboard_3-1200x700.jpg","product_home-width":1200,"product_home-height":700,"gallery_first":"https:\/\/www.rupes.com\/wp-content\/uploads\/2024\/08\/george-cardboard_3-667x500.jpg","gallery_first-width":667,"gallery_first-height":500,"gallery_thumb":"https:\/\/www.rupes.com\/wp-content\/uploads\/2024\/08\/george-cardboard_3-105x80.jpg","gallery_thumb-width":105,"gallery_thumb-height":80,"category_image":"https:\/\/www.rupes.com\/wp-content\/uploads\/2024\/08\/george-cardboard_3-200x150.jpg","category_image-width":200,"category_image-height":150,"category_thumb":"https:\/\/www.rupes.com\/wp-content\/uploads\/2024\/08\/george-cardboard_3-100x75.jpg","category_thumb-width":100,"category_thumb-height":75}},{"ID":1001407809,"id":1001407809,"title":"george-cardboard_4","filename":"george-cardboard_4.jpg","filesize":140067,"url":"https:\/\/www.rupes.com\/wp-content\/uploads\/2024\/08\/george-cardboard_4.jpg","link":"https:\/\/www.rupes.com\/de\/product\/george-cardboard\/george-cardboard_4-2\/","alt":"","author":"1","description":"","caption":"","name":"george-cardboard_4-2","status":"inherit","uploaded_to":1001407806,"date":"2024-08-28 09:24:32","modified":"2024-08-28 09:25:13","menu_order":0,"mime_type":"image\/jpeg","type":"image","subtype":"jpeg","icon":"https:\/\/www.rupes.com\/wp-includes\/images\/media\/default.png","width":1600,"height":1200,"sizes":{"thumbnail":"https:\/\/www.rupes.com\/wp-content\/uploads\/2024\/08\/george-cardboard_4-150x150.jpg","thumbnail-width":150,"thumbnail-height":150,"medium":"https:\/\/www.rupes.com\/wp-content\/uploads\/2024\/08\/george-cardboard_4-300x225.jpg","medium-width":300,"medium-height":225,"medium_large":"https:\/\/www.rupes.com\/wp-content\/uploads\/2024\/08\/george-cardboard_4-768x576.jpg","medium_large-width":768,"medium_large-height":576,"large":"https:\/\/www.rupes.com\/wp-content\/uploads\/2024\/08\/george-cardboard_4-1024x768.jpg","large-width":1024,"large-height":768,"1536x1536":"https:\/\/www.rupes.com\/wp-content\/uploads\/2024\/08\/george-cardboard_4-1536x1152.jpg","1536x1536-width":1536,"1536x1536-height":1152,"2048x2048":"https:\/\/www.rupes.com\/wp-content\/uploads\/2024\/08\/george-cardboard_4.jpg","2048x2048-width":1600,"2048x2048-height":1200,"thumb_news":"https:\/\/www.rupes.com\/wp-content\/uploads\/2024\/08\/george-cardboard_4-350x200.jpg","thumb_news-width":350,"thumb_news-height":200,"boxhome_small":"https:\/\/www.rupes.com\/wp-content\/uploads\/2024\/08\/george-cardboard_4-200x100.jpg","boxhome_small-width":200,"boxhome_small-height":100,"boxhome_medium":"https:\/\/www.rupes.com\/wp-content\/uploads\/2024\/08\/george-cardboard_4-300x150.jpg","boxhome_medium-width":300,"boxhome_medium-height":150,"boxhome_large":"https:\/\/www.rupes.com\/wp-content\/uploads\/2024\/08\/george-cardboard_4-450x200.jpg","boxhome_large-width":450,"boxhome_large-height":200,"boxproducts_large":"https:\/\/www.rupes.com\/wp-content\/uploads\/2024\/08\/george-cardboard_4-1600x700.jpg","boxproducts_large-width":1600,"boxproducts_large-height":700,"boxproducts_midlarge":"https:\/\/www.rupes.com\/wp-content\/uploads\/2024\/08\/george-cardboard_4-1280x560.jpg","boxproducts_midlarge-width":1280,"boxproducts_midlarge-height":560,"boxproducts_medium":"https:\/\/www.rupes.com\/wp-content\/uploads\/2024\/08\/george-cardboard_4-1024x450.jpg","boxproducts_medium-width":1024,"boxproducts_medium-height":450,"boxproducts_small":"https:\/\/www.rupes.com\/wp-content\/uploads\/2024\/08\/george-cardboard_4-700x305.jpg","boxproducts_small-width":700,"boxproducts_small-height":305,"boxproducts_mobile":"https:\/\/www.rupes.com\/wp-content\/uploads\/2024\/08\/george-cardboard_4-400x175.jpg","boxproducts_mobile-width":400,"boxproducts_mobile-height":175,"product_thumb":"https:\/\/www.rupes.com\/wp-content\/uploads\/2024\/08\/george-cardboard_4-267x200.jpg","product_thumb-width":267,"product_thumb-height":200,"product_home":"https:\/\/www.rupes.com\/wp-content\/uploads\/2024\/08\/george-cardboard_4-1200x700.jpg","product_home-width":1200,"product_home-height":700,"gallery_first":"https:\/\/www.rupes.com\/wp-content\/uploads\/2024\/08\/george-cardboard_4-667x500.jpg","gallery_first-width":667,"gallery_first-height":500,"gallery_thumb":"https:\/\/www.rupes.com\/wp-content\/uploads\/2024\/08\/george-cardboard_4-105x80.jpg","gallery_thumb-width":105,"gallery_thumb-height":80,"category_image":"https:\/\/www.rupes.com\/wp-content\/uploads\/2024\/08\/george-cardboard_4-200x150.jpg","category_image-width":200,"category_image-height":150,"category_thumb":"https:\/\/www.rupes.com\/wp-content\/uploads\/2024\/08\/george-cardboard_4-100x75.jpg","category_thumb-width":100,"category_thumb-height":75}}],"videos":false,"files":false,"product_b2b_code":"","product_b2b_pdf":"","code_usermanuals":"","code_usermanuals_usa":"","blocco_dimensione":false,"varianti":false,"kit_vendita":false,"blocchi_prodotti_correlati":false,"seleziona_tag_notizie":false,"google_review_link":"","seleziona_le_recensioni":"","attiva_collegamento":false},"_links":{"self":[{"href":"https:\/\/www.rupes.com\/de\/wp-json\/wp\/v2\/products\/1001407806","targetHints":{"allow":["GET"]}}],"collection":[{"href":"https:\/\/www.rupes.com\/de\/wp-json\/wp\/v2\/products"}],"about":[{"href":"https:\/\/www.rupes.com\/de\/wp-json\/wp\/v2\/types\/product"}],"wp:attachment":[{"href":"https:\/\/www.rupes.com\/de\/wp-json\/wp\/v2\/media?parent=1001407806"}],"wp:term":[{"taxonomy":"category_product","embeddable":true,"href":"https:\/\/www.rupes.com\/de\/wp-json\/wp\/v2\/categoryproduct?post=1001407806"}],"curies":[{"name":"wp","href":"https:\/\/api.w.org\/{rel}","templated":true}]}}