{"id":1001407427,"date":"2024-05-21T16:27:53","date_gmt":"2024-05-21T14:27:53","guid":{"rendered":"https:\/\/www.rupes.com\/?post_type=product&#038;p=1001407427"},"modified":"2026-01-23T12:38:11","modified_gmt":"2026-01-23T11:38:11","slug":"rupes-block-notes-deluxe","status":"publish","type":"product","link":"https:\/\/www.rupes.com\/de\/product\/rupes-block-notes-deluxe\/","title":{"rendered":"RUPES Block Notes DELUXE"},"content":{"rendered":"","protected":false},"featured_media":0,"template":"","meta":{"_acf_changed":true},"categoryproduct":[888965420,888965424],"class_list":["post-1001407427","product","type-product","status-publish","hentry","category_product-merchandising","category_product-merchandising-various"],"acf":{"product_codice":"9.Z1178","scheda_nuova":true,"contact_form":true,"attiva_flag_new_product":false,"attiva_voice_speech":false,"product_home":"0","attiva_special_message":"disattivo","product_titolo_it":"","product_titolo_de":"","product_titolo_fr":"","product_titolo_es":"","product_descrizione_en":"<p>The new <strong>RUPES Block Notes (9.Z1178\/10)<\/strong>, perfect for professionals and enthusiasts, feature a sleek, durable cover with a glossy RUPES logo and iBrid polisher profile. Inside, high-quality, smooth paper enhances your writing experience. Compact and lightweight, they&#8217;re ideal for jotting down ideas and notes on the go. Stay organized with RUPES Block Notes.<\/p>\n","product_descrizione_it":"<p>Il nuovo <strong>Block Notes RUPES (9.Z1178\/10)<\/strong>, perfetto per professionisti e appassionati, presenta una copertina elegante e resistente con un logo RUPES e il profilo della nuova lucidatrice iBrid lucidi. All&#8217;interno, la carta liscia e di alta qualit\u00e0 migliora la tua esperienza di scrittura. Compatti e leggeri, questi taccuini sono ideali per annotare idee e appunti. Rimani organizzato con il Block Notes di RUPES.<\/p>\n","product_descrizione_de":"<p>Die neuen <strong>RUPES Block Notes (9.Z1178\/10)<\/strong>, perfekt f\u00fcr Profis und Enthusiasten, verf\u00fcgen \u00fcber ein elegantes, langlebiges Cover mit einem gl\u00e4nzenden RUPES-Logo und einem iBrid-Polierprofil. Im Inneren verbessert hochwertiges, glattes Papier Ihr Schreiberlebnis. Sie sind kompakt und leicht und eignen sich ideal zum Notieren von Ideen und Notizen unterwegs. Bleiben Sie organisiert mit RUPES Block Notes.<\/p>\n","product_descrizione_fr":"<p>Les nouveaux <strong>RUPES Block Notes (9.Z1178\/10)<\/strong>, parfaits pour les professionnels et les passionn\u00e9s, pr\u00e9sentent une couverture \u00e9l\u00e9gante et durable avec un logo RUPES brillant et un profil de polisseur iBrid. \u00c0 l\u2019int\u00e9rieur, un papier lisse de haute qualit\u00e9 am\u00e9liore votre exp\u00e9rience d\u2019\u00e9criture. Compacts et l\u00e9gers, ils sont id\u00e9aux pour noter des id\u00e9es et des notes en d\u00e9placement. Restez organis\u00e9 avec RUPES Block Notes.<\/p>\n","product_descrizione_es":"<p>Los nuevos <strong>RUPES Block Notes (9.Z1178\/10)<\/strong>, perfectos para profesionales y entusiastas, cuentan con una cubierta elegante y duradera con un logotipo brillante de RUPES y un perfil pulidor iBrid. En el interior, el papel suave y de alta calidad mejora su experiencia de escritura. Compactos y livianos, son ideales para anotar ideas y notas mientras viaja. Mant\u00e9ngase organizado con RUPES Block Notes.<\/p>\n","product_scheda_en":"","product_scheda_it":"","product_scheda_de":"","product_scheda_fr":"","product_scheda_es":"","thumb":false,"gallery":[{"ID":1001407430,"id":1001407430,"title":"BLOCK-NOTES","filename":"BLOCK-NOTES.jpg","filesize":50196,"url":"https:\/\/www.rupes.com\/wp-content\/uploads\/2024\/05\/BLOCK-NOTES.jpg","link":"https:\/\/www.rupes.com\/de\/product\/rupes-block-notes-deluxe\/block-notes-2-2\/","alt":"","author":"1","description":"","caption":"","name":"block-notes-2-2","status":"inherit","uploaded_to":1001407427,"date":"2024-05-21 14:27:38","modified":"2024-05-21 14:27:38","menu_order":0,"mime_type":"image\/jpeg","type":"image","subtype":"jpeg","icon":"https:\/\/www.rupes.com\/wp-includes\/images\/media\/default.png","width":1304,"height":1304,"sizes":{"thumbnail":"https:\/\/www.rupes.com\/wp-content\/uploads\/2024\/05\/BLOCK-NOTES-150x150.jpg","thumbnail-width":150,"thumbnail-height":150,"medium":"https:\/\/www.rupes.com\/wp-content\/uploads\/2024\/05\/BLOCK-NOTES-300x300.jpg","medium-width":300,"medium-height":300,"medium_large":"https:\/\/www.rupes.com\/wp-content\/uploads\/2024\/05\/BLOCK-NOTES-768x768.jpg","medium_large-width":768,"medium_large-height":768,"large":"https:\/\/www.rupes.com\/wp-content\/uploads\/2024\/05\/BLOCK-NOTES-1024x1024.jpg","large-width":1024,"large-height":1024,"1536x1536":"https:\/\/www.rupes.com\/wp-content\/uploads\/2024\/05\/BLOCK-NOTES.jpg","1536x1536-width":1304,"1536x1536-height":1304,"2048x2048":"https:\/\/www.rupes.com\/wp-content\/uploads\/2024\/05\/BLOCK-NOTES.jpg","2048x2048-width":1304,"2048x2048-height":1304,"thumb_news":"https:\/\/www.rupes.com\/wp-content\/uploads\/2024\/05\/BLOCK-NOTES-350x200.jpg","thumb_news-width":350,"thumb_news-height":200,"boxhome_small":"https:\/\/www.rupes.com\/wp-content\/uploads\/2024\/05\/BLOCK-NOTES-200x100.jpg","boxhome_small-width":200,"boxhome_small-height":100,"boxhome_medium":"https:\/\/www.rupes.com\/wp-content\/uploads\/2024\/05\/BLOCK-NOTES-300x150.jpg","boxhome_medium-width":300,"boxhome_medium-height":150,"boxhome_large":"https:\/\/www.rupes.com\/wp-content\/uploads\/2024\/05\/BLOCK-NOTES-450x200.jpg","boxhome_large-width":450,"boxhome_large-height":200,"boxproducts_large":"https:\/\/www.rupes.com\/wp-content\/uploads\/2024\/05\/BLOCK-NOTES-1304x700.jpg","boxproducts_large-width":1304,"boxproducts_large-height":700,"boxproducts_midlarge":"https:\/\/www.rupes.com\/wp-content\/uploads\/2024\/05\/BLOCK-NOTES-1280x560.jpg","boxproducts_midlarge-width":1280,"boxproducts_midlarge-height":560,"boxproducts_medium":"https:\/\/www.rupes.com\/wp-content\/uploads\/2024\/05\/BLOCK-NOTES-1024x450.jpg","boxproducts_medium-width":1024,"boxproducts_medium-height":450,"boxproducts_small":"https:\/\/www.rupes.com\/wp-content\/uploads\/2024\/05\/BLOCK-NOTES-700x305.jpg","boxproducts_small-width":700,"boxproducts_small-height":305,"boxproducts_mobile":"https:\/\/www.rupes.com\/wp-content\/uploads\/2024\/05\/BLOCK-NOTES-400x175.jpg","boxproducts_mobile-width":400,"boxproducts_mobile-height":175,"product_thumb":"https:\/\/www.rupes.com\/wp-content\/uploads\/2024\/05\/BLOCK-NOTES-200x200.jpg","product_thumb-width":200,"product_thumb-height":200,"product_home":"https:\/\/www.rupes.com\/wp-content\/uploads\/2024\/05\/BLOCK-NOTES-1200x700.jpg","product_home-width":1200,"product_home-height":700,"gallery_first":"https:\/\/www.rupes.com\/wp-content\/uploads\/2024\/05\/BLOCK-NOTES-500x500.jpg","gallery_first-width":500,"gallery_first-height":500,"gallery_thumb":"https:\/\/www.rupes.com\/wp-content\/uploads\/2024\/05\/BLOCK-NOTES-80x80.jpg","gallery_thumb-width":80,"gallery_thumb-height":80,"category_image":"https:\/\/www.rupes.com\/wp-content\/uploads\/2024\/05\/BLOCK-NOTES-200x200.jpg","category_image-width":200,"category_image-height":200,"category_thumb":"https:\/\/www.rupes.com\/wp-content\/uploads\/2024\/05\/BLOCK-NOTES-100x100.jpg","category_thumb-width":100,"category_thumb-height":100}}],"videos":false,"files":false,"product_b2b_code":"","product_b2b_pdf":"","code_usermanuals":"","code_usermanuals_usa":"","blocco_dimensione":false,"varianti":false,"kit_vendita":false,"blocchi_prodotti_correlati":false,"seleziona_tag_notizie":false,"google_review_link":"","seleziona_le_recensioni":"","attiva_collegamento":false,"escludi_scheda_sicurezza":false},"_links":{"self":[{"href":"https:\/\/www.rupes.com\/de\/wp-json\/wp\/v2\/products\/1001407427","targetHints":{"allow":["GET"]}}],"collection":[{"href":"https:\/\/www.rupes.com\/de\/wp-json\/wp\/v2\/products"}],"about":[{"href":"https:\/\/www.rupes.com\/de\/wp-json\/wp\/v2\/types\/product"}],"wp:attachment":[{"href":"https:\/\/www.rupes.com\/de\/wp-json\/wp\/v2\/media?parent=1001407427"}],"wp:term":[{"taxonomy":"category_product","embeddable":true,"href":"https:\/\/www.rupes.com\/de\/wp-json\/wp\/v2\/categoryproduct?post=1001407427"}],"curies":[{"name":"wp","href":"https:\/\/api.w.org\/{rel}","templated":true}]}}