{"id":1001400624,"date":"2019-03-08T02:19:32","date_gmt":"2019-03-08T01:19:32","guid":{"rendered":"https:\/\/www.rupes.com\/?post_type=product&#038;p=1001400624"},"modified":"2022-07-21T12:04:31","modified_gmt":"2022-07-21T10:04:31","slug":"bigfoot-3d-keyring-lhr21-markiii","status":"publish","type":"product","link":"https:\/\/www.rupes.com\/de\/product\/bigfoot-3d-keyring-lhr21-markiii\/","title":{"rendered":"BigFoot 3D keyring LHR21 MarkIII"},"content":{"rendered":"","protected":false},"featured_media":0,"template":"","meta":{"_acf_changed":false},"categoryproduct":[888965420,888965424],"class_list":["post-1001400624","product","type-product","status-publish","hentry","category_product-merchandising","category_product-merchandising-various"],"acf":{"product_codice":"9.Z1139","scheda_nuova":true,"contact_form":true,"attiva_flag_new_product":false,"attiva_voice_speech":false,"product_home":"0","attiva_special_message":"disattivo","product_titolo_it":"Portachiavi LHR21 MarkIII","product_titolo_de":"","product_titolo_fr":"","product_titolo_es":"","product_descrizione_en":"<p>The BigFoot Keychain MarkIII is the exact copy of a real BigFoot LHR21 MarkIII random orbital polisher. It is characterized by a truly captivating and realistic design, and it is the best way to keep your keys within reach in your pocket or in your bag.<\/p>\n<p><strong>Material:<\/strong> soft PVC<br \/>\n<strong>Dimension:<\/strong>\u00a08cm<\/p>\n","product_descrizione_it":"<p>Il portachiavi BigFoot MarkIII \u00e8 la copia esatta di una vera lucidatrice rotorbitale BigFoot LHR21 MarkIII. \u00c8 caratterizzato da un design davvero accattivante e realistico ed \u00e8 il modo migliore per tenere le chiavi a portata di mano, in tasca o in borsa.<\/p>\n<p><strong>Materiale:<\/strong> PVC morbido<br \/>\n<strong>Dimensione:<\/strong>\u00a08cm<\/p>\n","product_descrizione_de":"<p>The BigFoot Keychain MarkIII is the exact copy of a real BigFoot LHR21 MarkIII random orbital polisher. It is characterized by a truly captivating and realistic design, and it is the best way to keep your keys within reach in your pocket or in your bag.<\/p>\n<p><strong>Material:<\/strong> soft PVC<br \/>\n<strong>Dimension:<\/strong>\u00a08cm<\/p>\n","product_descrizione_fr":"<p>Le porte-cl\u00e9s BigFoot MarkIII est la copie exacte d&#8217;un v\u00e9ritable polisseur orbital al\u00e9atoire BigFoot LHR21 MarkIII. Il se caract\u00e9rise par un design vraiment captivant et r\u00e9aliste, et c&#8217;est le meilleur moyen de garder vos cl\u00e9s \u00e0 port\u00e9e de main dans votre poche ou dans votre sac.<\/p>\n<p><b>Mat\u00e9riel :\u00a0<\/b>PVC<br \/>\n<b>Dimension :\u00a0<\/b>8 cm<\/p>\n","product_descrizione_es":"<p>El llavero BigFoot MarkIII es la copia exacta de un pulidor orbital aleatorio BigFoot LHR21 MarkIII real. Se caracteriza por un dise\u00f1o verdaderamente cautivador y realista.<\/p>\n<p><strong>Material:<\/strong> PVC<br \/>\n<b>Tama\u00f1o:<\/b>\u00a08cm<\/p>\n","product_scheda_en":"","product_scheda_it":"","product_scheda_de":"","product_scheda_fr":"","product_scheda_es":"","thumb":false,"gallery":[{"ID":1001401803,"id":1001401803,"title":"9Z1139_2","filename":"9Z1139_2.jpg","filesize":84736,"url":"https:\/\/www.rupes.com\/wp-content\/uploads\/2019\/03\/9Z1139_2.jpg","link":"https:\/\/www.rupes.com\/de\/product\/bigfoot-3d-keyring-lhr21-markiii\/9z1139_2-2\/","alt":"","author":"1","description":"","caption":"","name":"9z1139_2-2","status":"inherit","uploaded_to":1001400624,"date":"2022-07-15 11:58:00","modified":"2022-07-15 11:58:00","menu_order":0,"mime_type":"image\/jpeg","type":"image","subtype":"jpeg","icon":"https:\/\/www.rupes.com\/wp-includes\/images\/media\/default.png","width":2000,"height":1453,"sizes":{"thumbnail":"https:\/\/www.rupes.com\/wp-content\/uploads\/2019\/03\/9Z1139_2-150x150.jpg","thumbnail-width":150,"thumbnail-height":150,"medium":"https:\/\/www.rupes.com\/wp-content\/uploads\/2019\/03\/9Z1139_2-300x218.jpg","medium-width":300,"medium-height":218,"medium_large":"https:\/\/www.rupes.com\/wp-content\/uploads\/2019\/03\/9Z1139_2-768x558.jpg","medium_large-width":768,"medium_large-height":558,"large":"https:\/\/www.rupes.com\/wp-content\/uploads\/2019\/03\/9Z1139_2-1024x744.jpg","large-width":1024,"large-height":744,"1536x1536":"https:\/\/www.rupes.com\/wp-content\/uploads\/2019\/03\/9Z1139_2-1536x1116.jpg","1536x1536-width":1536,"1536x1536-height":1116,"2048x2048":"https:\/\/www.rupes.com\/wp-content\/uploads\/2019\/03\/9Z1139_2.jpg","2048x2048-width":2000,"2048x2048-height":1453,"thumb_news":"https:\/\/www.rupes.com\/wp-content\/uploads\/2019\/03\/9Z1139_2-350x200.jpg","thumb_news-width":350,"thumb_news-height":200,"boxhome_small":"https:\/\/www.rupes.com\/wp-content\/uploads\/2019\/03\/9Z1139_2-200x100.jpg","boxhome_small-width":200,"boxhome_small-height":100,"boxhome_medium":"https:\/\/www.rupes.com\/wp-content\/uploads\/2019\/03\/9Z1139_2-300x150.jpg","boxhome_medium-width":300,"boxhome_medium-height":150,"boxhome_large":"https:\/\/www.rupes.com\/wp-content\/uploads\/2019\/03\/9Z1139_2-450x200.jpg","boxhome_large-width":450,"boxhome_large-height":200,"boxproducts_large":"https:\/\/www.rupes.com\/wp-content\/uploads\/2019\/03\/9Z1139_2-1600x700.jpg","boxproducts_large-width":1600,"boxproducts_large-height":700,"boxproducts_midlarge":"https:\/\/www.rupes.com\/wp-content\/uploads\/2019\/03\/9Z1139_2-1280x560.jpg","boxproducts_midlarge-width":1280,"boxproducts_midlarge-height":560,"boxproducts_medium":"https:\/\/www.rupes.com\/wp-content\/uploads\/2019\/03\/9Z1139_2-1024x450.jpg","boxproducts_medium-width":1024,"boxproducts_medium-height":450,"boxproducts_small":"https:\/\/www.rupes.com\/wp-content\/uploads\/2019\/03\/9Z1139_2-700x305.jpg","boxproducts_small-width":700,"boxproducts_small-height":305,"boxproducts_mobile":"https:\/\/www.rupes.com\/wp-content\/uploads\/2019\/03\/9Z1139_2-400x175.jpg","boxproducts_mobile-width":400,"boxproducts_mobile-height":175,"product_thumb":"https:\/\/www.rupes.com\/wp-content\/uploads\/2019\/03\/9Z1139_2-275x200.jpg","product_thumb-width":275,"product_thumb-height":200,"product_home":"https:\/\/www.rupes.com\/wp-content\/uploads\/2019\/03\/9Z1139_2-1200x700.jpg","product_home-width":1200,"product_home-height":700,"gallery_first":"https:\/\/www.rupes.com\/wp-content\/uploads\/2019\/03\/9Z1139_2-688x500.jpg","gallery_first-width":688,"gallery_first-height":500,"gallery_thumb":"https:\/\/www.rupes.com\/wp-content\/uploads\/2019\/03\/9Z1139_2-105x76.jpg","gallery_thumb-width":105,"gallery_thumb-height":76,"category_image":"https:\/\/www.rupes.com\/wp-content\/uploads\/2019\/03\/9Z1139_2-200x145.jpg","category_image-width":200,"category_image-height":145,"category_thumb":"https:\/\/www.rupes.com\/wp-content\/uploads\/2019\/03\/9Z1139_2-100x73.jpg","category_thumb-width":100,"category_thumb-height":73}},{"ID":1001401808,"id":1001401808,"title":"9Z1139_1","filename":"9Z1139_1.jpg","filesize":81546,"url":"https:\/\/www.rupes.com\/wp-content\/uploads\/2019\/03\/9Z1139_1.jpg","link":"https:\/\/www.rupes.com\/de\/product\/bigfoot-3d-keyring-lhr21-markiii\/9z1139_1-2\/","alt":"","author":"1","description":"","caption":"","name":"9z1139_1-2","status":"inherit","uploaded_to":1001400624,"date":"2022-07-15 11:58:07","modified":"2022-07-15 11:58:19","menu_order":0,"mime_type":"image\/jpeg","type":"image","subtype":"jpeg","icon":"https:\/\/www.rupes.com\/wp-includes\/images\/media\/default.png","width":2000,"height":1333,"sizes":{"thumbnail":"https:\/\/www.rupes.com\/wp-content\/uploads\/2019\/03\/9Z1139_1-150x150.jpg","thumbnail-width":150,"thumbnail-height":150,"medium":"https:\/\/www.rupes.com\/wp-content\/uploads\/2019\/03\/9Z1139_1-300x200.jpg","medium-width":300,"medium-height":200,"medium_large":"https:\/\/www.rupes.com\/wp-content\/uploads\/2019\/03\/9Z1139_1-768x512.jpg","medium_large-width":768,"medium_large-height":512,"large":"https:\/\/www.rupes.com\/wp-content\/uploads\/2019\/03\/9Z1139_1-1024x682.jpg","large-width":1024,"large-height":682,"1536x1536":"https:\/\/www.rupes.com\/wp-content\/uploads\/2019\/03\/9Z1139_1-1536x1024.jpg","1536x1536-width":1536,"1536x1536-height":1024,"2048x2048":"https:\/\/www.rupes.com\/wp-content\/uploads\/2019\/03\/9Z1139_1.jpg","2048x2048-width":2000,"2048x2048-height":1333,"thumb_news":"https:\/\/www.rupes.com\/wp-content\/uploads\/2019\/03\/9Z1139_1-350x200.jpg","thumb_news-width":350,"thumb_news-height":200,"boxhome_small":"https:\/\/www.rupes.com\/wp-content\/uploads\/2019\/03\/9Z1139_1-200x100.jpg","boxhome_small-width":200,"boxhome_small-height":100,"boxhome_medium":"https:\/\/www.rupes.com\/wp-content\/uploads\/2019\/03\/9Z1139_1-300x150.jpg","boxhome_medium-width":300,"boxhome_medium-height":150,"boxhome_large":"https:\/\/www.rupes.com\/wp-content\/uploads\/2019\/03\/9Z1139_1-450x200.jpg","boxhome_large-width":450,"boxhome_large-height":200,"boxproducts_large":"https:\/\/www.rupes.com\/wp-content\/uploads\/2019\/03\/9Z1139_1-1600x700.jpg","boxproducts_large-width":1600,"boxproducts_large-height":700,"boxproducts_midlarge":"https:\/\/www.rupes.com\/wp-content\/uploads\/2019\/03\/9Z1139_1-1280x560.jpg","boxproducts_midlarge-width":1280,"boxproducts_midlarge-height":560,"boxproducts_medium":"https:\/\/www.rupes.com\/wp-content\/uploads\/2019\/03\/9Z1139_1-1024x450.jpg","boxproducts_medium-width":1024,"boxproducts_medium-height":450,"boxproducts_small":"https:\/\/www.rupes.com\/wp-content\/uploads\/2019\/03\/9Z1139_1-700x305.jpg","boxproducts_small-width":700,"boxproducts_small-height":305,"boxproducts_mobile":"https:\/\/www.rupes.com\/wp-content\/uploads\/2019\/03\/9Z1139_1-400x175.jpg","boxproducts_mobile-width":400,"boxproducts_mobile-height":175,"product_thumb":"https:\/\/www.rupes.com\/wp-content\/uploads\/2019\/03\/9Z1139_1-300x200.jpg","product_thumb-width":300,"product_thumb-height":200,"product_home":"https:\/\/www.rupes.com\/wp-content\/uploads\/2019\/03\/9Z1139_1-1200x700.jpg","product_home-width":1200,"product_home-height":700,"gallery_first":"https:\/\/www.rupes.com\/wp-content\/uploads\/2019\/03\/9Z1139_1-750x500.jpg","gallery_first-width":750,"gallery_first-height":500,"gallery_thumb":"https:\/\/www.rupes.com\/wp-content\/uploads\/2019\/03\/9Z1139_1-105x70.jpg","gallery_thumb-width":105,"gallery_thumb-height":70,"category_image":"https:\/\/www.rupes.com\/wp-content\/uploads\/2019\/03\/9Z1139_1-200x133.jpg","category_image-width":200,"category_image-height":133,"category_thumb":"https:\/\/www.rupes.com\/wp-content\/uploads\/2019\/03\/9Z1139_1-100x67.jpg","category_thumb-width":100,"category_thumb-height":67}}],"videos":false,"files":false,"product_b2b_code":"","product_b2b_pdf":"","blocco_dimensione":false,"varianti":false,"kit_vendita":false,"blocchi_prodotti_correlati":[{"iconablocco":"fas fa-retweet","seleziona_i_prodotti":[1001384719,1001384401,1001384444,1001384641,1001384642,1001384630],"label":"alternatives","titolo_correlato_en":"","titolo_correlato_it":"","titolo_correlato_de":"","titolo_correlato_fr":"","titolo_correlato_es":""}],"seleziona_tag_notizie":false,"google_review_link":"","seleziona_le_recensioni":"","attiva_collegamento":false},"_links":{"self":[{"href":"https:\/\/www.rupes.com\/de\/wp-json\/wp\/v2\/products\/1001400624","targetHints":{"allow":["GET"]}}],"collection":[{"href":"https:\/\/www.rupes.com\/de\/wp-json\/wp\/v2\/products"}],"about":[{"href":"https:\/\/www.rupes.com\/de\/wp-json\/wp\/v2\/types\/product"}],"wp:attachment":[{"href":"https:\/\/www.rupes.com\/de\/wp-json\/wp\/v2\/media?parent=1001400624"}],"wp:term":[{"taxonomy":"category_product","embeddable":true,"href":"https:\/\/www.rupes.com\/de\/wp-json\/wp\/v2\/categoryproduct?post=1001400624"}],"curies":[{"name":"wp","href":"https:\/\/api.w.org\/{rel}","templated":true}]}}