{"id":1001384951,"date":"2019-03-08T02:20:17","date_gmt":"2019-03-08T02:20:17","guid":{"rendered":""},"modified":"2024-06-04T12:18:35","modified_gmt":"2024-06-04T10:18:35","slug":"pneumatic-mini-random-orbital-sander-with-50mm-and-3mm-orbit-ta50","status":"publish","type":"product","link":"https:\/\/www.rupes.com\/de\/product\/pneumatic-mini-random-orbital-sander-with-50mm-and-3mm-orbit-ta50\/","title":{"rendered":"Pneumatic mini random orbital sander with 50mm and 3mm orbit"},"content":{"rendered":"<p>Pneumatic mini random orbital sander with \u00d8 50mm velcro pad<br \/>\nLight and accurate<br \/>\nThe angular design of the machine allows excellent grip and visibility of workpieces<\/p>\n<p><img fetchpriority=\"high\" decoding=\"async\" class=\"aligncenter size-medium wp-image-1001395173\" src=\"https:\/\/www.rupes.com\/wp-content\/uploads\/2019\/03\/TA50_Pneumatic-mini-random-orbital-sander-with-50mm-and-3mm-orbit-300x200.jpg\" alt=\"TA50 - Pneumatic mini random orbital sander with 50mm and 3mm orbit\" width=\"300\" height=\"200\" srcset=\"https:\/\/www.rupes.com\/wp-content\/uploads\/2019\/03\/TA50_Pneumatic-mini-random-orbital-sander-with-50mm-and-3mm-orbit-300x200.jpg 300w, https:\/\/www.rupes.com\/wp-content\/uploads\/2019\/03\/TA50_Pneumatic-mini-random-orbital-sander-with-50mm-and-3mm-orbit-1024x683.jpg 1024w, https:\/\/www.rupes.com\/wp-content\/uploads\/2019\/03\/TA50_Pneumatic-mini-random-orbital-sander-with-50mm-and-3mm-orbit-768x512.jpg 768w, https:\/\/www.rupes.com\/wp-content\/uploads\/2019\/03\/TA50_Pneumatic-mini-random-orbital-sander-with-50mm-and-3mm-orbit-750x500.jpg 750w, https:\/\/www.rupes.com\/wp-content\/uploads\/2019\/03\/TA50_Pneumatic-mini-random-orbital-sander-with-50mm-and-3mm-orbit-105x70.jpg 105w, https:\/\/www.rupes.com\/wp-content\/uploads\/2019\/03\/TA50_Pneumatic-mini-random-orbital-sander-with-50mm-and-3mm-orbit-200x133.jpg 200w, https:\/\/www.rupes.com\/wp-content\/uploads\/2019\/03\/TA50_Pneumatic-mini-random-orbital-sander-with-50mm-and-3mm-orbit-100x67.jpg 100w, https:\/\/www.rupes.com\/wp-content\/uploads\/2019\/03\/TA50_Pneumatic-mini-random-orbital-sander-with-50mm-and-3mm-orbit.jpg 1200w\" sizes=\"(max-width: 300px) 100vw, 300px\" \/><\/p>\n<p><b>Pneumatic mini random orbital sander Applications<\/b><\/p>\n<ul>\n<li style=\"list-style-type: none;\">\n<ul>\n<li>Designed for quick working on small surfaces, both flat and curved<\/li>\n<li>Ideal for sanding inaccessible areas<\/li>\n<li>Correction and removal of defects<\/li>\n<li>Drawer sanding<\/li>\n<\/ul>\n<\/li>\n<\/ul>\n","protected":false},"featured_media":0,"template":"","meta":{"_acf_changed":false},"categoryproduct":[888965181,888965184],"class_list":["post-1001384951","product","type-product","status-publish","hentry","category_product-pneumatic-tools","category_product-pneumatic-tools-sanders"],"acf":{"product_codice":"TA50","scheda_nuova":true,"contact_form":true,"attiva_flag_new_product":false,"product_home":"0","attiva_special_message":"disattivo","product_titolo_it":"MINI LEVIGATRICE ROTORBITALE PNEUMATICA TA50 &Oslash; 50mm ORB 3mm ","product_titolo_de":"PNEUMATISCHER MINI-EXZENTERSCHLEIFER TA50 &Oslash; 50mm HUB 3mm","product_titolo_fr":"MINI PONCEUSE ORBITALE PNEUMATIQUE TA50 &Oslash; 50mm ORB 3mm","product_titolo_es":"MINI LIJADORA ORBITAL ALEATORIA NEUMATICA TA50 &Oslash; 50mm ORB 3mm","product_descrizione_en":"<p>Pneumatic mini random orbital sander with \u00d8 50mm velcro pad<br \/>\nLight and accurate<br \/>\nThe angular design of the machine allows excellent grip and visibility of workpieces<\/p>\n<p><b>Pneumatic mini random orbital sander Applications<\/b><\/p>\n<ul>\n<li>Designed for quick working on small surfaces, both flat and curved<\/li>\n<li>Ideal for sanding inaccessible areas<\/li>\n<li>Correction and removal of defects<\/li>\n<li>Drawer sanding<\/li>\n<\/ul>\n","product_descrizione_it":"<p>Mini levigatrice orbitale pneumatica con tampone in velcro \u00d8 50mm<br \/>\nLeggero e preciso<br \/>\nIl design angolare della macchina consente un&#8217;ottima presa e visibilit\u00e0 dei pezzi<\/p>\n<p><b> Mini levigatrice orbitale casuale pneumatica Applicazioni <\/b><\/p>\n<ul>\n<li>Progettato per lavorare rapidamente su piccole superfici, sia piane che curve<\/li>\n<li>Ideale per levigare aree inaccessibili<\/li>\n<li>Correzione e rimozione dei difetti<\/li>\n<li>Levigatura a cassetto<\/li>\n<\/ul>\n","product_descrizione_de":"<p>Pneumatischer Mini-Exzenterschleifer mit \u00d8 50 mm Klettverschluss<br \/>\nLeicht und genau<br \/>\nDas eckige Design der Maschine erm\u00f6glicht eine hervorragende Griffigkeit und Sichtbarkeit der Werkst\u00fccke<\/p>\n<p><b> Pneumatische Mini-Exzenterschleifer-Anwendungen &lt;\/ b&gt;<\/b><\/p>\n<ul>\n<li>Entwickelt f\u00fcr schnelles Arbeiten auf kleinen Oberfl\u00e4chen, sowohl flach als auch gebogen &lt;\/ li&gt;<\/li>\n<li>Ideal zum Schleifen unzug\u00e4nglicher Bereiche &lt;\/ li&gt;<\/li>\n<li>Korrektur und Beseitigung von M\u00e4ngeln &lt;\/ li&gt;<\/li>\n<li>Schubladenschleifen &lt;\/ li&gt;<br \/>\n&lt;\/ ul&gt;<\/li>\n<\/ul>\n","product_descrizione_fr":"<p>Mini ponceuse orbitale al\u00e9atoire pneumatique avec patin velcro \u00d8 50 mm<br \/>\nL\u00e9ger et pr\u00e9cis<br \/>\nLa conception angulaire de la machine permet une excellente pr\u00e9hension et une excellente visibilit\u00e9 des pi\u00e8ces<\/p>\n<p><b> Applications de mini ponceuses orbitales al\u00e9atoires pneumatiques <\/b><\/p>\n<ul>\n<li>Con\u00e7u pour travailler rapidement sur de petites surfaces, \u00e0 la fois plates et courbes<\/li>\n<li>Id\u00e9al pour le pon\u00e7age des zones inaccessibles<\/li>\n<li>Correction et \u00e9limination des d\u00e9fauts<\/li>\n<li>Pon\u00e7age du tiroir<\/li>\n<\/ul>\n","product_descrizione_es":"<p>Mini lijadora orbital aleatoria neum\u00e1tica con velcro \u00d8 50 mm<br \/>\nLigero y preciso<br \/>\nEl dise\u00f1o angular de la m\u00e1quina permite un excelente agarre y visibilidad de las piezas de trabajo<\/p>\n<p><b> Aplicaciones de lijadora orbital mini aleatoria neum\u00e1tica <\/b><\/p>\n<ul>\n<li>Dise\u00f1ado para trabajar r\u00e1pidamente en superficies peque\u00f1as, tanto planas como curvas<\/li>\n<li>Ideal para lijar \u00e1reas inaccesibles<\/li>\n<li>Correcci\u00f3n y eliminaci\u00f3n de defectos<\/li>\n<li>Lijado de cajones<\/li>\n<\/ul>\n","product_scheda_en":"<table style=\"line-height: 1.6;\" border=\"1\" cellspacing=\"1\" cellpadding=\"1\">\n<tbody>\n<tr>\n<td>Backing pad thread<\/td>\n<td>M6<\/td>\n<\/tr>\n<tr>\n<td>Conveyor air hose<\/td>\n<td>\u2022<\/td>\n<\/tr>\n<tr>\n<td>Max consumption air (l\/min)<\/td>\n<td>330<\/td>\n<\/tr>\n<tr>\n<td>Weight (kg)<\/td>\n<td>0,65<\/td>\n<\/tr>\n<tr>\n<td>R.P.M.<\/td>\n<td>\u00a015000<\/td>\n<\/tr>\n<tr>\n<td>Working pressure (bar)<\/td>\n<td>6<\/td>\n<\/tr>\n<tr>\n<td>\u00d8 orbit (mm)<\/td>\n<td>3<\/td>\n<\/tr>\n<tr>\n<td>\u00d8 backing pad (mm)<\/td>\n<td>50<\/td>\n<\/tr>\n<\/tbody>\n<\/table>\n","product_scheda_it":"<table border=\"1\" cellspacing=\"1\" cellpadding=\"1\">\n<tbody>\n<tr>\n<td>Attacco<\/td>\n<td>M6<\/td>\n<\/tr>\n<tr>\n<td>Tubo convogliatore aria<\/td>\n<td>\u2022<\/td>\n<\/tr>\n<tr>\n<td>Consumo d&#8217;aria max (l\/min)<\/td>\n<td>330<\/td>\n<\/tr>\n<tr>\n<td>Peso (kg)<\/td>\n<td>0,65<\/td>\n<\/tr>\n<tr>\n<td>R.P.M.<\/td>\n<td>15000<\/td>\n<\/tr>\n<tr>\n<td>Pressione d&#8217;esercizio (bar)<\/td>\n<td>6<\/td>\n<\/tr>\n<tr>\n<td>\u00d8 orbita (mm)<\/td>\n<td>3<\/td>\n<\/tr>\n<tr>\n<td>\u00d8 platorello (mm)<\/td>\n<td>50<\/td>\n<\/tr>\n<\/tbody>\n<\/table>\n","product_scheda_de":"<table border=\"1\" cellspacing=\"1\" cellpadding=\"1\">\n<tbody>\n<tr>\n<td>Anschluss<\/td>\n<td>M6<\/td>\n<\/tr>\n<tr>\n<td>Luftschlauch<\/td>\n<td>\u2022<\/td>\n<\/tr>\n<tr>\n<td>Luftverbrauch (l\/min)<\/td>\n<td>330<\/td>\n<\/tr>\n<tr>\n<td>Gewicht (kg)<\/td>\n<td>0,65<\/td>\n<\/tr>\n<tr>\n<td>R.P.M.<\/td>\n<td>15000<\/td>\n<\/tr>\n<tr>\n<td>Betriebsdruck (bar)<\/td>\n<td>6<\/td>\n<\/tr>\n<tr>\n<td>\u00d8 Schleifhub (mm)<\/td>\n<td>3<\/td>\n<\/tr>\n<tr>\n<td>\u00d8 Klett Schleifteller (mm)<\/td>\n<td>50<\/td>\n<\/tr>\n<\/tbody>\n<\/table>\n","product_scheda_fr":"<table border=\"1\" cellspacing=\"1\" cellpadding=\"1\">\n<tbody>\n<tr>\n<td>Raccord<\/td>\n<td>M6<\/td>\n<\/tr>\n<tr>\n<td>Tube d\u2019air<\/td>\n<td>\u2022<\/td>\n<\/tr>\n<tr>\n<td>Consommation max d\u2019air (l\/min)<\/td>\n<td>330<\/td>\n<\/tr>\n<tr>\n<td>Poids (kg)<\/td>\n<td>0,65<\/td>\n<\/tr>\n<tr>\n<td>R.P.M.<\/td>\n<td>15000<\/td>\n<\/tr>\n<tr>\n<td>Pression de service (bar)<\/td>\n<td>6<\/td>\n<\/tr>\n<tr>\n<td>\u00d8 orbite (mm)<\/td>\n<td>3<\/td>\n<\/tr>\n<tr>\n<td>\u00d8 plateau (mm)<\/td>\n<td>50<\/td>\n<\/tr>\n<\/tbody>\n<\/table>\n","product_scheda_es":"<table style=\"line-height: 1.6;\" border=\"1\" cellspacing=\"1\" cellpadding=\"1\">\n<tbody>\n<tr>\n<td>Hilo de la almohadilla de respaldo<\/td>\n<td>M6<\/td>\n<\/tr>\n<tr>\n<td>Manguera de aire del transportador<\/td>\n<td>\u2022<\/td>\n<\/tr>\n<tr>\n<td>Consumo m\u00e1ximo de aire (l\/min)<\/td>\n<td>330<\/td>\n<\/tr>\n<tr>\n<td>Peso (kg)<\/td>\n<td>0,65<\/td>\n<\/tr>\n<tr>\n<td>R.P.M.<\/td>\n<td>15000<\/td>\n<\/tr>\n<tr>\n<td>Presi\u00f3n de trabajo (barra)<\/td>\n<td>6<\/td>\n<\/tr>\n<tr>\n<td>\u00d8 \u00f3rbita (mm)<\/td>\n<td>3<\/td>\n<\/tr>\n<tr>\n<td>\u00d8 almohadilla de respaldo (mm)<\/td>\n<td>50<\/td>\n<\/tr>\n<\/tbody>\n<\/table>\n","thumb":false,"gallery":[{"ID":1001395175,"id":1001395175,"title":"TA50_Pneumatic-mini--random-orbital-sander-with-50mm-and-3mm-orbit","filename":"TA50_Pneumatic-mini-random-orbital-sander-with-50mm-and-3mm-orbit.jpg","filesize":52823,"url":"https:\/\/www.rupes.com\/wp-content\/uploads\/2019\/03\/TA50_Pneumatic-mini-random-orbital-sander-with-50mm-and-3mm-orbit.jpg","link":"https:\/\/www.rupes.com\/de\/product\/pneumatic-mini-random-orbital-sander-with-50mm-and-3mm-orbit-ta50\/ta50_pneumatic-mini-random-orbital-sander-with-50mm-and-3mm-orbit-2\/","alt":"TA50 - Pneumatic mini random orbital sander with 50mm and 3mm orbit","author":"1","description":"TA50 - Pneumatic mini random orbital sander with 50mm and 3mm orbit","caption":"","name":"ta50_pneumatic-mini-random-orbital-sander-with-50mm-and-3mm-orbit-2","status":"inherit","uploaded_to":1001384951,"date":"2020-11-13 11:13:33","modified":"2020-11-13 11:14:18","menu_order":0,"mime_type":"image\/jpeg","type":"image","subtype":"jpeg","icon":"https:\/\/www.rupes.com\/wp-includes\/images\/media\/default.png","width":1200,"height":800,"sizes":{"thumbnail":"https:\/\/www.rupes.com\/wp-content\/uploads\/2019\/03\/TA50_Pneumatic-mini-random-orbital-sander-with-50mm-and-3mm-orbit-150x150.jpg","thumbnail-width":150,"thumbnail-height":150,"medium":"https:\/\/www.rupes.com\/wp-content\/uploads\/2019\/03\/TA50_Pneumatic-mini-random-orbital-sander-with-50mm-and-3mm-orbit-300x200.jpg","medium-width":300,"medium-height":200,"medium_large":"https:\/\/www.rupes.com\/wp-content\/uploads\/2019\/03\/TA50_Pneumatic-mini-random-orbital-sander-with-50mm-and-3mm-orbit-768x512.jpg","medium_large-width":768,"medium_large-height":512,"large":"https:\/\/www.rupes.com\/wp-content\/uploads\/2019\/03\/TA50_Pneumatic-mini-random-orbital-sander-with-50mm-and-3mm-orbit-1024x683.jpg","large-width":1024,"large-height":683,"1536x1536":"https:\/\/www.rupes.com\/wp-content\/uploads\/2019\/03\/TA50_Pneumatic-mini-random-orbital-sander-with-50mm-and-3mm-orbit.jpg","1536x1536-width":1200,"1536x1536-height":800,"2048x2048":"https:\/\/www.rupes.com\/wp-content\/uploads\/2019\/03\/TA50_Pneumatic-mini-random-orbital-sander-with-50mm-and-3mm-orbit.jpg","2048x2048-width":1200,"2048x2048-height":800,"thumb_news":"https:\/\/www.rupes.com\/wp-content\/uploads\/2019\/03\/TA50_Pneumatic-mini-random-orbital-sander-with-50mm-and-3mm-orbit-350x200.jpg","thumb_news-width":350,"thumb_news-height":200,"boxhome_small":"https:\/\/www.rupes.com\/wp-content\/uploads\/2019\/03\/TA50_Pneumatic-mini-random-orbital-sander-with-50mm-and-3mm-orbit-200x100.jpg","boxhome_small-width":200,"boxhome_small-height":100,"boxhome_medium":"https:\/\/www.rupes.com\/wp-content\/uploads\/2019\/03\/TA50_Pneumatic-mini-random-orbital-sander-with-50mm-and-3mm-orbit-300x150.jpg","boxhome_medium-width":300,"boxhome_medium-height":150,"boxhome_large":"https:\/\/www.rupes.com\/wp-content\/uploads\/2019\/03\/TA50_Pneumatic-mini-random-orbital-sander-with-50mm-and-3mm-orbit-450x200.jpg","boxhome_large-width":450,"boxhome_large-height":200,"boxproducts_large":"https:\/\/www.rupes.com\/wp-content\/uploads\/2019\/03\/TA50_Pneumatic-mini-random-orbital-sander-with-50mm-and-3mm-orbit-1200x700.jpg","boxproducts_large-width":1200,"boxproducts_large-height":700,"boxproducts_midlarge":"https:\/\/www.rupes.com\/wp-content\/uploads\/2019\/03\/TA50_Pneumatic-mini-random-orbital-sander-with-50mm-and-3mm-orbit-1200x560.jpg","boxproducts_midlarge-width":1200,"boxproducts_midlarge-height":560,"boxproducts_medium":"https:\/\/www.rupes.com\/wp-content\/uploads\/2019\/03\/TA50_Pneumatic-mini-random-orbital-sander-with-50mm-and-3mm-orbit-1024x450.jpg","boxproducts_medium-width":1024,"boxproducts_medium-height":450,"boxproducts_small":"https:\/\/www.rupes.com\/wp-content\/uploads\/2019\/03\/TA50_Pneumatic-mini-random-orbital-sander-with-50mm-and-3mm-orbit-700x305.jpg","boxproducts_small-width":700,"boxproducts_small-height":305,"boxproducts_mobile":"https:\/\/www.rupes.com\/wp-content\/uploads\/2019\/03\/TA50_Pneumatic-mini-random-orbital-sander-with-50mm-and-3mm-orbit-400x175.jpg","boxproducts_mobile-width":400,"boxproducts_mobile-height":175,"product_thumb":"https:\/\/www.rupes.com\/wp-content\/uploads\/2019\/03\/TA50_Pneumatic-mini-random-orbital-sander-with-50mm-and-3mm-orbit-300x200.jpg","product_thumb-width":300,"product_thumb-height":200,"product_home":"https:\/\/www.rupes.com\/wp-content\/uploads\/2019\/03\/TA50_Pneumatic-mini-random-orbital-sander-with-50mm-and-3mm-orbit-1200x700.jpg","product_home-width":1200,"product_home-height":700,"gallery_first":"https:\/\/www.rupes.com\/wp-content\/uploads\/2019\/03\/TA50_Pneumatic-mini-random-orbital-sander-with-50mm-and-3mm-orbit-750x500.jpg","gallery_first-width":750,"gallery_first-height":500,"gallery_thumb":"https:\/\/www.rupes.com\/wp-content\/uploads\/2019\/03\/TA50_Pneumatic-mini-random-orbital-sander-with-50mm-and-3mm-orbit-105x70.jpg","gallery_thumb-width":105,"gallery_thumb-height":70,"category_image":"https:\/\/www.rupes.com\/wp-content\/uploads\/2019\/03\/TA50_Pneumatic-mini-random-orbital-sander-with-50mm-and-3mm-orbit-200x133.jpg","category_image-width":200,"category_image-height":133,"category_thumb":"https:\/\/www.rupes.com\/wp-content\/uploads\/2019\/03\/TA50_Pneumatic-mini-random-orbital-sander-with-50mm-and-3mm-orbit-100x67.jpg","category_thumb-width":100,"category_thumb-height":67}}],"videos":false,"files":false,"product_b2b_code":"TA50","blocco_dimensione":false,"varianti":false,"kit_vendita":false,"blocchi_prodotti_correlati":false,"seleziona_tag_notizie":false,"seleziona_le_recensioni":"","attiva_voice_speech":true,"product_b2b_pdf":"https:\/\/b2b.rupes.com\/cdn\/b2b.rupes.com\/areaftp\/esplosipdf\/TA50RIC000.pdf","google_review_link":"","attiva_collegamento":false,"code_usermanuals":"9.2518","code_usermanuals_usa":""},"_links":{"self":[{"href":"https:\/\/www.rupes.com\/de\/wp-json\/wp\/v2\/products\/1001384951","targetHints":{"allow":["GET"]}}],"collection":[{"href":"https:\/\/www.rupes.com\/de\/wp-json\/wp\/v2\/products"}],"about":[{"href":"https:\/\/www.rupes.com\/de\/wp-json\/wp\/v2\/types\/product"}],"wp:attachment":[{"href":"https:\/\/www.rupes.com\/de\/wp-json\/wp\/v2\/media?parent=1001384951"}],"wp:term":[{"taxonomy":"category_product","embeddable":true,"href":"https:\/\/www.rupes.com\/de\/wp-json\/wp\/v2\/categoryproduct?post=1001384951"}],"curies":[{"name":"wp","href":"https:\/\/api.w.org\/{rel}","templated":true}]}}