{"id":1001384823,"date":"2018-03-08T02:19:18","date_gmt":"2018-03-08T01:19:18","guid":{"rendered":""},"modified":"2024-01-25T12:13:07","modified_gmt":"2024-01-25T11:13:07","slug":"lh31n","status":"publish","type":"product","link":"https:\/\/www.rupes.com\/de\/product\/lh31n\/","title":{"rendered":"Angle sander &#038; polisher LH31N"},"content":{"rendered":"","protected":false},"featured_media":0,"template":"","meta":{"_acf_changed":false},"categoryproduct":[888965176,888965177],"class_list":["post-1001384823","product","type-product","status-publish","hentry","category_product-electric-tools-polishers","category_product-electric-tools-sanders"],"acf":{"product_codice":"LH31N","scheda_nuova":true,"contact_form":true,"attiva_flag_new_product":false,"product_home":"0","attiva_special_message":"disattivo","product_titolo_it":"LEVIGATRICE-LUCIDATRICE LH31N ","product_titolo_de":"WINKEL-POLIERMASCHINE LH31N ","product_titolo_fr":"PONCEUSE-POLISEUSSESE LH31N ","product_titolo_es":"LIJADORA-PULIDORA  LH31N ","product_descrizione_en":"<p>Side handle reversible\u00a0right &#8211; left<br \/>\nElectrical parts insulated\u00a0with special resins for greater protection and longer life of the tool<\/p>\n<ul>\n<li>Fibreglass<\/li>\n<li>Polishing and sanding large surfaces (trucks, boats, trains)<\/li>\n<li>Sanding and removing oxides<\/li>\n<li>Polishing with wool and felt buffers<\/li>\n<li>Polishing\/sanding marble and stone<\/li>\n<\/ul>\n","product_descrizione_it":"<p>&#8211; Impugnatura laterale montabile sia a destra che a sinistra<br \/>\n&#8211; Motore progettato per applicazioni gravose.<br \/>\n&#8211; Coppia conica in acciaio<\/p>\n<ul>\n<li>Lavorazione di vetroresina<\/li>\n<li>Sgrossatura e levigatura di grandi superfici (camion, imbarcazioni, treni)<\/li>\n<li>Smerigliatura e asportazione di ossidi<\/li>\n<li>Lucidatura con tamponi in lana e feltro<\/li>\n<li>Levigatura\/lucidatura di marmo e pietre<\/li>\n<\/ul>\n","product_descrizione_de":"<p>&#8211; Soft-Start-Funktion<br \/>\n&#8211; Seitlicher Griff, rechts und links montierbar<br \/>\n&#8211; Motor f\u00fcr schwere Eins\u00e4tze ausgelegt<br \/>\n&#8211; Kegelradgetriebe aus Stahl<\/p>\n<ul>\n<li>Bearbeitung von Glasfaserkunststoff<\/li>\n<li>Vorarbeiten und Schleifen von gro\u00dfen Fl\u00e4chen (LKWs, Boote, Eisenbahnwaggons)<\/li>\n<li>Trennschleifen und Entfernung von Roststellen<\/li>\n<li>Polieren mit Polierpads aus Wolle und Filz<\/li>\n<li>Schleifen\/Polieren von Marmor und Stein<\/li>\n<\/ul>\n","product_descrizione_fr":"<p>Poign\u00e9e lat\u00e9rale mont\u00e9e \u00e0 droite ou \u00e0 gauche<br \/>\nMoteur con\u00e7u pour des applications ingrates<br \/>\nCouple conique en acier<\/p>\n<ul>\n<li>Usinage en composite verre r\u00e9sine<\/li>\n<li>D\u00e9grossissage et pon\u00e7age de grandes surfaces (camions, bateaux, trains)<\/li>\n<li>Meulage et \u00e9limination des oxydes<\/li>\n<li>Lustrage avec tampons en laine et en feutre<\/li>\n<li>Pon\u00e7age\/lustrage de marbre et de pierres<\/li>\n<\/ul>\n","product_descrizione_es":"","product_scheda_en":"<table border=\"1\" cellspacing=\"1\" cellpadding=\"1\">\n<tbody>\n<tr>\n<td align=\"left\">Backing pad thread<\/td>\n<td>M14<\/td>\n<\/tr>\n<tr>\n<td align=\"left\">Side handle<\/td>\n<td>\u2022<\/td>\n<\/tr>\n<tr>\n<td align=\"left\">Weight (Kg)<\/td>\n<td>3,300<\/td>\n<\/tr>\n<tr>\n<td align=\"left\">R.P.M.<\/td>\n<td>3400<\/td>\n<\/tr>\n<tr>\n<td align=\"left\">Power (W\/hp)<\/td>\n<td>1200<\/td>\n<\/tr>\n<tr>\n<td align=\"left\">\u00d8 max polishing pad (mm)<\/td>\n<td>178<\/td>\n<\/tr>\n<\/tbody>\n<\/table>\n","product_scheda_it":"<table border=\"1\" cellspacing=\"1\" cellpadding=\"1\">\n<tbody>\n<tr>\n<td align=\"left\">Attacco<\/td>\n<td>M14<\/td>\n<\/tr>\n<tr>\n<td align=\"left\">Impugnatura laterale<\/td>\n<td>\u2022<\/td>\n<\/tr>\n<tr>\n<td align=\"left\">Peso (Kg)<\/td>\n<td>3,300<\/td>\n<\/tr>\n<tr>\n<td align=\"left\">R.P.M.<\/td>\n<td>3400<\/td>\n<\/tr>\n<tr>\n<td align=\"left\">Potenza (W\/hp)<\/td>\n<td>1200<\/td>\n<\/tr>\n<tr>\n<td align=\"left\">\u00d8 max tampone lucidatura (mm)<\/td>\n<td>178<\/td>\n<\/tr>\n<\/tbody>\n<\/table>\n","product_scheda_de":"<table border=\"1\" cellspacing=\"1\" cellpadding=\"1\">\n<tbody>\n<tr>\n<td align=\"left\">Anschluss<\/td>\n<td>M14<\/td>\n<\/tr>\n<tr>\n<td align=\"left\">Seitlicher Griff<\/td>\n<td>\u2022<\/td>\n<\/tr>\n<tr>\n<td align=\"left\">Gewicht (Kg)<\/td>\n<td>3,300<\/td>\n<\/tr>\n<tr>\n<td align=\"left\">R.P.M.<\/td>\n<td>3400<\/td>\n<\/tr>\n<tr>\n<td align=\"left\">Leistung (W\/hp)<\/td>\n<td>1200<\/td>\n<\/tr>\n<tr>\n<td align=\"left\">\u00d8 max Polieraufsatz (mm)<\/td>\n<td>178<\/td>\n<\/tr>\n<\/tbody>\n<\/table>\n","product_scheda_fr":"<table border=\"1\" cellspacing=\"1\" cellpadding=\"1\">\n<tbody>\n<tr>\n<td align=\"left\">Raccord<\/td>\n<td>M14<\/td>\n<\/tr>\n<tr>\n<td align=\"left\">Poign\u00e9e lat\u00e9rale<\/td>\n<td>\u2022<\/td>\n<\/tr>\n<tr>\n<td align=\"left\">Poids (Kg)<\/td>\n<td>3,300<\/td>\n<\/tr>\n<tr>\n<td align=\"left\">R.P.M.<\/td>\n<td>3400<\/td>\n<\/tr>\n<tr>\n<td align=\"left\">Puissance (W\/hp)<\/td>\n<td>1200<\/td>\n<\/tr>\n<tr>\n<td align=\"left\">\u00d8 max tampon pour lustrage (mm)<\/td>\n<td>178<\/td>\n<\/tr>\n<\/tbody>\n<\/table>\n","product_scheda_es":"<table border=\"1\" cellspacing=\"1\" cellpadding=\"1\">\n<tbody>\n<tr>\n<td align=\"left\">Empalme<\/td>\n<td>M14<\/td>\n<\/tr>\n<tr>\n<td align=\"left\">Empu\u00f1adura lateral<\/td>\n<td>\u2022<\/td>\n<\/tr>\n<tr>\n<td align=\"left\">Peso (Kg)<\/td>\n<td>3,300<\/td>\n<\/tr>\n<tr>\n<td align=\"left\">R.P.M.<\/td>\n<td>3400<\/td>\n<\/tr>\n<tr>\n<td align=\"left\">Potencia (W\/hp)<\/td>\n<td>1200<\/td>\n<\/tr>\n<tr>\n<td align=\"left\">\u00d8 max plato pulidor (mm)<\/td>\n<td>178<\/td>\n<\/tr>\n<\/tbody>\n<\/table>\n","thumb":false,"gallery":[{"ID":1001394523,"id":1001394523,"title":"LH31N_Angle_sander-polisher","filename":"LH31N_Angle_sander-polisher.jpg","filesize":29406,"url":"https:\/\/www.rupes.com\/wp-content\/uploads\/2019\/03\/LH31N_Angle_sander-polisher.jpg","link":"https:\/\/www.rupes.com\/de\/product\/lh31n\/lh31n_angle_sander-polisher-2\/","alt":"LH31N Angle sander polisher","author":"1","description":"LH31N Angle sander polisher","caption":"LH31N Angle sander polisher","name":"lh31n_angle_sander-polisher-2","status":"inherit","uploaded_to":1001384823,"date":"2020-11-05 11:37:25","modified":"2020-11-05 11:40:45","menu_order":0,"mime_type":"image\/jpeg","type":"image","subtype":"jpeg","icon":"https:\/\/www.rupes.com\/wp-includes\/images\/media\/default.png","width":560,"height":373,"sizes":{"thumbnail":"https:\/\/www.rupes.com\/wp-content\/uploads\/2019\/03\/LH31N_Angle_sander-polisher-150x150.jpg","thumbnail-width":150,"thumbnail-height":150,"medium":"https:\/\/www.rupes.com\/wp-content\/uploads\/2019\/03\/LH31N_Angle_sander-polisher-300x200.jpg","medium-width":300,"medium-height":200,"medium_large":"https:\/\/www.rupes.com\/wp-content\/uploads\/2019\/03\/LH31N_Angle_sander-polisher.jpg","medium_large-width":560,"medium_large-height":373,"large":"https:\/\/www.rupes.com\/wp-content\/uploads\/2019\/03\/LH31N_Angle_sander-polisher.jpg","large-width":560,"large-height":373,"1536x1536":"https:\/\/www.rupes.com\/wp-content\/uploads\/2019\/03\/LH31N_Angle_sander-polisher.jpg","1536x1536-width":560,"1536x1536-height":373,"2048x2048":"https:\/\/www.rupes.com\/wp-content\/uploads\/2019\/03\/LH31N_Angle_sander-polisher.jpg","2048x2048-width":560,"2048x2048-height":373,"thumb_news":"https:\/\/www.rupes.com\/wp-content\/uploads\/2019\/03\/LH31N_Angle_sander-polisher-350x200.jpg","thumb_news-width":350,"thumb_news-height":200,"boxhome_small":"https:\/\/www.rupes.com\/wp-content\/uploads\/2019\/03\/LH31N_Angle_sander-polisher-200x100.jpg","boxhome_small-width":200,"boxhome_small-height":100,"boxhome_medium":"https:\/\/www.rupes.com\/wp-content\/uploads\/2019\/03\/LH31N_Angle_sander-polisher-300x150.jpg","boxhome_medium-width":300,"boxhome_medium-height":150,"boxhome_large":"https:\/\/www.rupes.com\/wp-content\/uploads\/2019\/03\/LH31N_Angle_sander-polisher-450x200.jpg","boxhome_large-width":450,"boxhome_large-height":200,"boxproducts_large":"https:\/\/www.rupes.com\/wp-content\/uploads\/2019\/03\/LH31N_Angle_sander-polisher.jpg","boxproducts_large-width":560,"boxproducts_large-height":373,"boxproducts_midlarge":"https:\/\/www.rupes.com\/wp-content\/uploads\/2019\/03\/LH31N_Angle_sander-polisher.jpg","boxproducts_midlarge-width":560,"boxproducts_midlarge-height":373,"boxproducts_medium":"https:\/\/www.rupes.com\/wp-content\/uploads\/2019\/03\/LH31N_Angle_sander-polisher.jpg","boxproducts_medium-width":560,"boxproducts_medium-height":373,"boxproducts_small":"https:\/\/www.rupes.com\/wp-content\/uploads\/2019\/03\/LH31N_Angle_sander-polisher-560x305.jpg","boxproducts_small-width":560,"boxproducts_small-height":305,"boxproducts_mobile":"https:\/\/www.rupes.com\/wp-content\/uploads\/2019\/03\/LH31N_Angle_sander-polisher-400x175.jpg","boxproducts_mobile-width":400,"boxproducts_mobile-height":175,"product_thumb":"https:\/\/www.rupes.com\/wp-content\/uploads\/2019\/03\/LH31N_Angle_sander-polisher-300x200.jpg","product_thumb-width":300,"product_thumb-height":200,"product_home":"https:\/\/www.rupes.com\/wp-content\/uploads\/2019\/03\/LH31N_Angle_sander-polisher.jpg","product_home-width":560,"product_home-height":373,"gallery_first":"https:\/\/www.rupes.com\/wp-content\/uploads\/2019\/03\/LH31N_Angle_sander-polisher.jpg","gallery_first-width":560,"gallery_first-height":373,"gallery_thumb":"https:\/\/www.rupes.com\/wp-content\/uploads\/2019\/03\/LH31N_Angle_sander-polisher-105x70.jpg","gallery_thumb-width":105,"gallery_thumb-height":70,"category_image":"https:\/\/www.rupes.com\/wp-content\/uploads\/2019\/03\/LH31N_Angle_sander-polisher-200x133.jpg","category_image-width":200,"category_image-height":133,"category_thumb":"https:\/\/www.rupes.com\/wp-content\/uploads\/2019\/03\/LH31N_Angle_sander-polisher-100x67.jpg","category_thumb-width":100,"category_thumb-height":67}}],"videos":false,"files":false,"product_b2b_code":"LH31N#230\/H5\/DE\/STD","blocco_dimensione":false,"varianti":false,"kit_vendita":false,"blocchi_prodotti_correlati":false,"seleziona_tag_notizie":false,"seleziona_le_recensioni":"","product_b2b_pdf":"https:\/\/b2b.rupes.com\/cdn\/b2b.rupes.com\/areaftp\/esplosipdf\/LH32ENRIC000.pdf","google_review_link":"","attiva_collegamento":false,"attiva_voice_speech":false,"code_usermanuals":"9.2414","code_usermanuals_usa":""},"_links":{"self":[{"href":"https:\/\/www.rupes.com\/de\/wp-json\/wp\/v2\/products\/1001384823","targetHints":{"allow":["GET"]}}],"collection":[{"href":"https:\/\/www.rupes.com\/de\/wp-json\/wp\/v2\/products"}],"about":[{"href":"https:\/\/www.rupes.com\/de\/wp-json\/wp\/v2\/types\/product"}],"wp:attachment":[{"href":"https:\/\/www.rupes.com\/de\/wp-json\/wp\/v2\/media?parent=1001384823"}],"wp:term":[{"taxonomy":"category_product","embeddable":true,"href":"https:\/\/www.rupes.com\/de\/wp-json\/wp\/v2\/categoryproduct?post=1001384823"}],"curies":[{"name":"wp","href":"https:\/\/api.w.org\/{rel}","templated":true}]}}