{"id":1001384821,"date":"2019-03-08T02:19:18","date_gmt":"2019-03-08T02:19:18","guid":{"rendered":""},"modified":"2024-01-25T12:11:54","modified_gmt":"2024-01-25T11:11:54","slug":"lh22n","status":"publish","type":"product","link":"https:\/\/www.rupes.com\/de\/product\/lh22n\/","title":{"rendered":"Angle polisher LH22N"},"content":{"rendered":"","protected":false},"featured_media":0,"template":"","meta":{"_acf_changed":false},"categoryproduct":[888965171,888965176],"class_list":["post-1001384821","product","type-product","status-publish","hentry","category_product-electric-tools","category_product-electric-tools-polishers"],"acf":{"product_codice":"LH22N","scheda_nuova":true,"contact_form":true,"attiva_flag_new_product":false,"product_home":"0","attiva_special_message":"disattivo","product_titolo_it":"LUCIDATRICE ANGOLARE LH22N ","product_titolo_de":"WINKEL-POLIERMASCHINE LH22N ","product_titolo_fr":"POLISSEUSE ANGULAIRE LH22N ","product_titolo_es":"PULIDORA ANGULAR LH22N ","product_descrizione_en":"<p>Side handle reversible\u00a0right &#8211; left<br \/>\nElectrical parts insulated\u00a0with special resins for greater protection and longer life of the tool<\/p>\n<ul>\n<li>Polishing large surfaces<\/li>\n<li>Vehicle polishing<\/li>\n<li>Polishing flat surfaces<\/li>\n<li>Waxing<\/li>\n<\/ul>\n","product_descrizione_it":"<p>Impugnatura laterale montabile\u00a0sia a destra che a sinistra<br \/>\nMotore protetto\u00a0con resina epossidica<\/p>\n<ul>\n<li>Lucidatura di grandi superfici<\/li>\n<li>Lucidature di vetture<\/li>\n<li>Lucidatura di superfici piane<\/li>\n<li>Applicazioni di cere protettive e resine<\/li>\n<\/ul>\n","product_descrizione_de":"<p>&#8211; Soft-Start-Funktion<br \/>\n&#8211; Seitlicher Griff, rechts und links montierbar<br \/>\n&#8211; Motor f\u00fcr schwere Eins\u00e4tze ausgelegt<br \/>\n&#8211; Polieren mit Schwamm und Fell<\/p>\n<p>&nbsp;<\/p>\n<ul>\n<li>Polieren von gro\u00dfen lackierten Fl\u00e4chen<\/li>\n<li>Polieren von Fahrzeugen aller Art<\/li>\n<li>Polieren von ebenen Fl\u00e4chen<\/li>\n<li>Auftragen von Schutzwachsen und Harzen<\/li>\n<\/ul>\n","product_descrizione_fr":"<p>Poign\u00e9e lat\u00e9rale mont\u00e9e \u00e0 droite ou \u00e0 gauche<br \/>\nMoteur con\u00e7u pour des applications ingrates<br \/>\nLustrage avec \u00e9ponges et peaux<\/p>\n<ul>\n<li>Lustrage de grandes surfaces laqu\u00e9es<\/li>\n<li>Lustrages de voitures<\/li>\n<li>Lustrage de surfaces plates<\/li>\n<li>Applications de cires de protection et de r\u00e9sines<\/li>\n<\/ul>\n<p>&nbsp;<\/p>\n","product_descrizione_es":"","product_scheda_en":"<table border=\"1\" cellspacing=\"1\" cellpadding=\"1\">\n<tbody>\n<tr>\n<td>Backing pad thread<\/td>\n<td>M14<\/td>\n<\/tr>\n<tr>\n<td>Shaft locking button<\/td>\n<td>\u2022<\/td>\n<\/tr>\n<tr>\n<td>Hand protection<\/td>\n<td>\u2022<\/td>\n<\/tr>\n<tr>\n<td>Side handle<\/td>\n<td>\u2022<\/td>\n<\/tr>\n<tr>\n<td>Weight (Kg)<\/td>\n<td>3,300<\/td>\n<\/tr>\n<tr>\n<td>R.P.M.<\/td>\n<td>2000<\/td>\n<\/tr>\n<tr>\n<td>Power (W\/hp)<\/td>\n<td>1020<\/td>\n<\/tr>\n<tr>\n<td>\u00d8 max polishing pad (mm)<\/td>\n<td>200<\/td>\n<\/tr>\n<\/tbody>\n<\/table>\n","product_scheda_it":"<table border=\"1\" cellspacing=\"1\" cellpadding=\"1\">\n<tbody>\n<tr>\n<td>Attacco<\/td>\n<td>M14<\/td>\n<\/tr>\n<tr>\n<td>Tasto blocca albero<\/td>\n<td>\u2022<\/td>\n<\/tr>\n<tr>\n<td>Protezione paramano<\/td>\n<td>\u2022<\/td>\n<\/tr>\n<tr>\n<td>Impugnatura laterale<\/td>\n<td>\u2022<\/td>\n<\/tr>\n<tr>\n<td>Peso (Kg)<\/td>\n<td>3,300<\/td>\n<\/tr>\n<tr>\n<td>R.P.M.<\/td>\n<td>2000<\/td>\n<\/tr>\n<tr>\n<td>Potenza (W\/hp)<\/td>\n<td>1020<\/td>\n<\/tr>\n<tr>\n<td>\u00d8 max tampone lucidatura (mm)<\/td>\n<td>200<\/td>\n<\/tr>\n<\/tbody>\n<\/table>\n","product_scheda_de":"<table border=\"1\" cellspacing=\"1\" cellpadding=\"1\">\n<tbody>\n<tr>\n<td>Anschluss<\/td>\n<td>M14<\/td>\n<\/tr>\n<tr>\n<td>Spindelarretierung Taste<\/td>\n<td>\u2022<\/td>\n<\/tr>\n<tr>\n<td>Handschutz<\/td>\n<td>\u2022<\/td>\n<\/tr>\n<tr>\n<td>Seitlicher Griff<\/td>\n<td>\u2022<\/td>\n<\/tr>\n<tr>\n<td>Gewicht (Kg)<\/td>\n<td>3,300<\/td>\n<\/tr>\n<tr>\n<td>R.P.M.<\/td>\n<td>2000<\/td>\n<\/tr>\n<tr>\n<td>Leistung (W\/hp)<\/td>\n<td>1020<\/td>\n<\/tr>\n<tr>\n<td>\u00d8 max Polieraufsatz (mm)<\/td>\n<td>200<\/td>\n<\/tr>\n<\/tbody>\n<\/table>\n","product_scheda_fr":"<table border=\"1\" cellspacing=\"1\" cellpadding=\"1\">\n<tbody>\n<tr>\n<td>Raccord<\/td>\n<td>M14<\/td>\n<\/tr>\n<tr>\n<td>Touche d\u00e9crochage du albre<\/td>\n<td>\u2022<\/td>\n<\/tr>\n<tr>\n<td>Protection pour les mains<\/td>\n<td>\u2022<\/td>\n<\/tr>\n<tr>\n<td>Poign\u00e9e lat\u00e9rale<\/td>\n<td>\u2022<\/td>\n<\/tr>\n<tr>\n<td>Poids (Kg)<\/td>\n<td>3,300<\/td>\n<\/tr>\n<tr>\n<td>R.P.M.<\/td>\n<td>2000<\/td>\n<\/tr>\n<tr>\n<td>Puissance (W\/hp)<\/td>\n<td>1020<\/td>\n<\/tr>\n<tr>\n<td>\u00d8 max tampon pour lustrage (mm)<\/td>\n<td>200<\/td>\n<\/tr>\n<\/tbody>\n<\/table>\n","product_scheda_es":"<table border=\"1\" cellspacing=\"1\" cellpadding=\"1\">\n<tbody>\n<tr>\n<td>Empalme<\/td>\n<td>M14<\/td>\n<\/tr>\n<tr>\n<td>Tecla de bloqueo de eje<\/td>\n<td>\u2022<\/td>\n<\/tr>\n<tr>\n<td>Protecci\u00f3n para mano<\/td>\n<td>\u2022<\/td>\n<\/tr>\n<tr>\n<td>Empu\u00f1adura lateral<\/td>\n<td>\u2022<\/td>\n<\/tr>\n<tr>\n<td>Peso (Kg)<\/td>\n<td>3,300<\/td>\n<\/tr>\n<tr>\n<td>R.P.M.<\/td>\n<td>2000<\/td>\n<\/tr>\n<tr>\n<td>Potencia (W\/hp)<\/td>\n<td>1020<\/td>\n<\/tr>\n<tr>\n<td>\u00d8 max plato pulidor (mm)<\/td>\n<td>200<\/td>\n<\/tr>\n<\/tbody>\n<\/table>\n","thumb":false,"gallery":[{"ID":1001394511,"id":1001394511,"title":"LH22N_angle-grinder","filename":"LH22N_angle-grinder.jpg","filesize":30500,"url":"https:\/\/www.rupes.com\/wp-content\/uploads\/2019\/03\/LH22N_angle-grinder.jpg","link":"https:\/\/www.rupes.com\/de\/product\/lh22n\/lh22n_angle-grinder-2\/","alt":"LH22N angle grinder","author":"1","description":"LH22N angle grinder","caption":"LH22N angle grinder","name":"lh22n_angle-grinder-2","status":"inherit","uploaded_to":1001384821,"date":"2020-11-05 11:25:03","modified":"2020-11-05 11:25:23","menu_order":0,"mime_type":"image\/jpeg","type":"image","subtype":"jpeg","icon":"https:\/\/www.rupes.com\/wp-includes\/images\/media\/default.png","width":560,"height":373,"sizes":{"thumbnail":"https:\/\/www.rupes.com\/wp-content\/uploads\/2019\/03\/LH22N_angle-grinder-150x150.jpg","thumbnail-width":150,"thumbnail-height":150,"medium":"https:\/\/www.rupes.com\/wp-content\/uploads\/2019\/03\/LH22N_angle-grinder-300x200.jpg","medium-width":300,"medium-height":200,"medium_large":"https:\/\/www.rupes.com\/wp-content\/uploads\/2019\/03\/LH22N_angle-grinder.jpg","medium_large-width":560,"medium_large-height":373,"large":"https:\/\/www.rupes.com\/wp-content\/uploads\/2019\/03\/LH22N_angle-grinder.jpg","large-width":560,"large-height":373,"1536x1536":"https:\/\/www.rupes.com\/wp-content\/uploads\/2019\/03\/LH22N_angle-grinder.jpg","1536x1536-width":560,"1536x1536-height":373,"2048x2048":"https:\/\/www.rupes.com\/wp-content\/uploads\/2019\/03\/LH22N_angle-grinder.jpg","2048x2048-width":560,"2048x2048-height":373,"thumb_news":"https:\/\/www.rupes.com\/wp-content\/uploads\/2019\/03\/LH22N_angle-grinder-350x200.jpg","thumb_news-width":350,"thumb_news-height":200,"boxhome_small":"https:\/\/www.rupes.com\/wp-content\/uploads\/2019\/03\/LH22N_angle-grinder-200x100.jpg","boxhome_small-width":200,"boxhome_small-height":100,"boxhome_medium":"https:\/\/www.rupes.com\/wp-content\/uploads\/2019\/03\/LH22N_angle-grinder-300x150.jpg","boxhome_medium-width":300,"boxhome_medium-height":150,"boxhome_large":"https:\/\/www.rupes.com\/wp-content\/uploads\/2019\/03\/LH22N_angle-grinder-450x200.jpg","boxhome_large-width":450,"boxhome_large-height":200,"boxproducts_large":"https:\/\/www.rupes.com\/wp-content\/uploads\/2019\/03\/LH22N_angle-grinder.jpg","boxproducts_large-width":560,"boxproducts_large-height":373,"boxproducts_midlarge":"https:\/\/www.rupes.com\/wp-content\/uploads\/2019\/03\/LH22N_angle-grinder.jpg","boxproducts_midlarge-width":560,"boxproducts_midlarge-height":373,"boxproducts_medium":"https:\/\/www.rupes.com\/wp-content\/uploads\/2019\/03\/LH22N_angle-grinder.jpg","boxproducts_medium-width":560,"boxproducts_medium-height":373,"boxproducts_small":"https:\/\/www.rupes.com\/wp-content\/uploads\/2019\/03\/LH22N_angle-grinder-560x305.jpg","boxproducts_small-width":560,"boxproducts_small-height":305,"boxproducts_mobile":"https:\/\/www.rupes.com\/wp-content\/uploads\/2019\/03\/LH22N_angle-grinder-400x175.jpg","boxproducts_mobile-width":400,"boxproducts_mobile-height":175,"product_thumb":"https:\/\/www.rupes.com\/wp-content\/uploads\/2019\/03\/LH22N_angle-grinder-300x200.jpg","product_thumb-width":300,"product_thumb-height":200,"product_home":"https:\/\/www.rupes.com\/wp-content\/uploads\/2019\/03\/LH22N_angle-grinder.jpg","product_home-width":560,"product_home-height":373,"gallery_first":"https:\/\/www.rupes.com\/wp-content\/uploads\/2019\/03\/LH22N_angle-grinder.jpg","gallery_first-width":560,"gallery_first-height":373,"gallery_thumb":"https:\/\/www.rupes.com\/wp-content\/uploads\/2019\/03\/LH22N_angle-grinder-105x70.jpg","gallery_thumb-width":105,"gallery_thumb-height":70,"category_image":"https:\/\/www.rupes.com\/wp-content\/uploads\/2019\/03\/LH22N_angle-grinder-200x133.jpg","category_image-width":200,"category_image-height":133,"category_thumb":"https:\/\/www.rupes.com\/wp-content\/uploads\/2019\/03\/LH22N_angle-grinder-100x67.jpg","category_thumb-width":100,"category_thumb-height":67}}],"videos":false,"files":false,"product_b2b_code":"LH22N#230\/H5\/DE\/STD","blocco_dimensione":false,"varianti":false,"kit_vendita":false,"blocchi_prodotti_correlati":false,"seleziona_tag_notizie":false,"seleziona_le_recensioni":"","product_b2b_pdf":"https:\/\/b2b.rupes.com\/cdn\/b2b.rupes.com\/areaftp\/esplosipdf\/LH22ENRIC000.pdf","google_review_link":"","attiva_collegamento":false,"attiva_voice_speech":false,"code_usermanuals":"9.2575","code_usermanuals_usa":""},"_links":{"self":[{"href":"https:\/\/www.rupes.com\/de\/wp-json\/wp\/v2\/products\/1001384821","targetHints":{"allow":["GET"]}}],"collection":[{"href":"https:\/\/www.rupes.com\/de\/wp-json\/wp\/v2\/products"}],"about":[{"href":"https:\/\/www.rupes.com\/de\/wp-json\/wp\/v2\/types\/product"}],"wp:attachment":[{"href":"https:\/\/www.rupes.com\/de\/wp-json\/wp\/v2\/media?parent=1001384821"}],"wp:term":[{"taxonomy":"category_product","embeddable":true,"href":"https:\/\/www.rupes.com\/de\/wp-json\/wp\/v2\/categoryproduct?post=1001384821"}],"curies":[{"name":"wp","href":"https:\/\/api.w.org\/{rel}","templated":true}]}}