{"id":1001384817,"date":"2019-03-08T02:19:17","date_gmt":"2019-03-08T02:19:17","guid":{"rendered":""},"modified":"2024-01-25T12:09:18","modified_gmt":"2024-01-25T11:09:18","slug":"lh18ens","status":"publish","type":"product","link":"https:\/\/www.rupes.com\/de\/product\/lh18ens\/","title":{"rendered":"Angle polisher LH18ENS"},"content":{"rendered":"","protected":false},"featured_media":0,"template":"","meta":{"_acf_changed":false},"categoryproduct":[888965171,888965176],"class_list":["post-1001384817","product","type-product","status-publish","hentry","category_product-electric-tools","category_product-electric-tools-polishers"],"acf":{"product_codice":"LH18ENS","scheda_nuova":true,"contact_form":true,"attiva_flag_new_product":false,"product_home":"0","attiva_special_message":"disattivo","product_titolo_it":"LUCIDATRICE ANGOLARE LH18ENS ","product_titolo_de":"WINKEL-POLIERMASCHINE LH18ENS ","product_titolo_fr":"POLISSEUSE ANGULAIRE LH18ENS ","product_titolo_es":"PULIDORA ANGULAR LH18ENS ","product_descrizione_en":"<p>New\u00a0front ergonomic grip\u00a0for comfortable and safe handling<br \/>\nSoft start<br \/>\nSide handle reversible\u00a0right &#8211; left<br \/>\nDouble gear reduction<br \/>\nElectronic speed control<br \/>\nErgonomic handle<br \/>\nLight and powerful machine<br \/>\nElectrical parts insulated\u00a0with special resins for greater protection and longer life of the tool<\/p>\n<p><strong>Applications<\/strong><\/p>\n<ul>\n<li>All polishing processes: car paint, wood panels, laquer<\/li>\n<li>Polishing &#8222;stucco veneziano&#8220;<\/li>\n<li>Waxing<\/li>\n<\/ul>\n","product_descrizione_it":"<p>Nuova impugnatura frontale ergonomica\u00a0per una presa comoda e sicura<br \/>\nSoft start<br \/>\nImpugnatura laterale montabile\u00a0sia a destra che a sinistra<br \/>\nDoppia riduzione ad ingranaggi<br \/>\nRegolazione elettronica della velocit\u00e0<br \/>\nImpugnatura ergonomica<br \/>\nMacchina potente e leggera<br \/>\nMotore protetto\u00a0con resina epossidica<\/p>\n<p><strong>Applicazioni<\/strong><\/p>\n<ul>\n<li>Lucidatura universale di tutte le superfici<\/li>\n<li>Lucidatura di &#8222;stucco veneziano&#8220;<\/li>\n<li>Applicazione cere protettive<\/li>\n<\/ul>\n","product_descrizione_de":"<p>&#8211; Neuer ergonomischer Griff f\u00fcr bequemes und sicheres Halten w\u00e4hrend<br \/>\nder Bearbeitung<br \/>\n&#8211; Soft-Start-Funktion<br \/>\n&#8211; Seitlicher Griff, rechts und links montierbar<br \/>\n&#8211; Zweifach-Untersetzungsgetriebe<br \/>\n&#8211; Elektronische Drehzahlregelung<br \/>\n&#8211; Ergonomischer Griff<br \/>\n&#8211; Leistungsstarke (1100 W) und leichte Maschine<\/p>\n<p><strong>Anwendungen<\/strong><\/p>\n<ul>\n<li>Ideal zum Polieren von Metallfl\u00e4chen<\/li>\n<li>Polieren, universell f\u00fcr alle gestrichenen oder lackierten Fl\u00e4chen<\/li>\n<li>Polieren von Fahrzeugen aller Art<\/li>\n<li>Polieren von M\u00f6beln mit B\u00fcrsten<\/li>\n<li>Polieren von Spachteltechnik (Maler)<\/li>\n<li>Auftragen von Schutzwachs<\/li>\n<\/ul>\n","product_descrizione_fr":"<p>Nouvelle poign\u00e9e frontale ergonomique pour une prise commode et s\u00fbre pendant l\u2019usinage<br \/>\nSoft start pour une acc\u00e9l\u00e9ration douce<br \/>\nPoign\u00e9e lat\u00e9rale mont\u00e9e \u00e0 droite ou \u00e0 gauche<br \/>\nDouble r\u00e9ducteur \u00e0 engrenages<br \/>\nR\u00e9glage \u00e9lectronique de la vitesse<br \/>\nPoign\u00e9e ergonomique<br \/>\nMachine puissante (1100 W) et l\u00e9g\u00e8re<\/p>\n<p><strong>Applications<\/strong><\/p>\n<ul>\n<li>Id\u00e9ale pour le lustrage de surfaces m\u00e9talliques<\/li>\n<li>Lustrage universel de toutes les surfaces peintes ou laqu\u00e9es<\/li>\n<li>Lustrages de voitures<\/li>\n<li>Lustrage de meubles avec des soies<\/li>\n<li>Lustrage d\u2019enduits<\/li>\n<li>Application de cires de protection<\/li>\n<\/ul>\n","product_descrizione_es":"<p>Nueva empu\u00f1adura ergon\u00f3mica frontal para un manejo c\u00f3modo y seguro<br \/>\nArranque suave<br \/>\nCarcasa de motor compacta<br \/>\nMango lateral reversible derecha-izquierda<br \/>\nDoble reducci\u00f3n de engranajes<br \/>\nControl electr\u00f3nico de velocidad<\/p>\n<p><strong>Aplicaciones<\/strong><\/p>\n<ul>\n<li>Ideal para pulir superficies verticales<\/li>\n<li>Pulido de \u00e1reas estrechas<\/li>\n<li>Acabado fino<\/li>\n<li>Pulido de estuco veneciano<\/li>\n<li>Encerado<\/li>\n<\/ul>\n","product_scheda_en":"<table border=\"1\" cellspacing=\"1\" cellpadding=\"1\">\n<tbody>\n<tr>\n<td align=\"left\">Shaft locking button<\/td>\n<td>\u2022<\/td>\n<\/tr>\n<tr>\n<td align=\"left\">Side handle<\/td>\n<td>\u2022<\/td>\n<\/tr>\n<tr>\n<td align=\"left\">Speed control soft start<\/td>\n<td>\u2022<\/td>\n<\/tr>\n<tr>\n<td align=\"left\">Weight (Kg)<\/td>\n<td>2,000<\/td>\n<\/tr>\n<tr>\n<td align=\"left\">R.P.M.<\/td>\n<td>700 &#8211; 1850<\/td>\n<\/tr>\n<tr>\n<td align=\"left\">Power (W\/hp)<\/td>\n<td>1100<\/td>\n<\/tr>\n<tr>\n<td align=\"left\">\u00d8 max polishing pad (mm)<\/td>\n<td>200<\/td>\n<\/tr>\n<\/tbody>\n<\/table>\n","product_scheda_it":"<table border=\"1\" cellspacing=\"1\" cellpadding=\"1\">\n<tbody>\n<tr>\n<td align=\"left\">Tasto blocca albero<\/td>\n<td>\u2022<\/td>\n<\/tr>\n<tr>\n<td align=\"left\">Impugnatura laterale<\/td>\n<td>\u2022<\/td>\n<\/tr>\n<tr>\n<td align=\"left\">Regolazione di velocit\u00e0 soft start<\/td>\n<td>\u2022<\/td>\n<\/tr>\n<tr>\n<td align=\"left\">Peso (Kg)<\/td>\n<td>2,000<\/td>\n<\/tr>\n<tr>\n<td align=\"left\">R.P.M.<\/td>\n<td>700 &#8211; 1850<\/td>\n<\/tr>\n<tr>\n<td align=\"left\">Potenza (W\/hp)<\/td>\n<td>1100<\/td>\n<\/tr>\n<tr>\n<td align=\"left\">\u00d8 max tampone lucidatura (mm)<\/td>\n<td>200<\/td>\n<\/tr>\n<\/tbody>\n<\/table>\n","product_scheda_de":"<table border=\"1\" cellspacing=\"1\" cellpadding=\"1\">\n<tbody>\n<tr>\n<td align=\"left\">Spindelarretierung Taste<\/td>\n<td>\u2022<\/td>\n<\/tr>\n<tr>\n<td align=\"left\">Seitlicher Griff<\/td>\n<td>\u2022<\/td>\n<\/tr>\n<tr>\n<td align=\"left\">Geschwindigkeitsregulierung soft start<\/td>\n<td>\u2022<\/td>\n<\/tr>\n<tr>\n<td align=\"left\">Gewicht (Kg)<\/td>\n<td>2,000<\/td>\n<\/tr>\n<tr>\n<td align=\"left\">R.P.M.<\/td>\n<td>700 &#8211; 1850<\/td>\n<\/tr>\n<tr>\n<td align=\"left\">Leistung (W\/hp)<\/td>\n<td>1100<\/td>\n<\/tr>\n<tr>\n<td align=\"left\">\u00d8 max Polieraufsatz (mm)<\/td>\n<td>200<\/td>\n<\/tr>\n<\/tbody>\n<\/table>\n","product_scheda_fr":"<table border=\"1\" cellspacing=\"1\" cellpadding=\"1\">\n<tbody>\n<tr>\n<td align=\"left\">Touche d\u00e9crochage du albre<\/td>\n<td>\u2022<\/td>\n<\/tr>\n<tr>\n<td align=\"left\">Poign\u00e9e lat\u00e9rale<\/td>\n<td>\u2022<\/td>\n<\/tr>\n<tr>\n<td align=\"left\">R\u00e9glage de la vitesse soft start<\/td>\n<td>\u2022<\/td>\n<\/tr>\n<tr>\n<td align=\"left\">Poids (Kg)<\/td>\n<td>2,000<\/td>\n<\/tr>\n<tr>\n<td align=\"left\">R.P.M.<\/td>\n<td>700 &#8211; 1850<\/td>\n<\/tr>\n<tr>\n<td align=\"left\">Puissance (W\/hp)<\/td>\n<td>1100<\/td>\n<\/tr>\n<tr>\n<td align=\"left\">\u00d8 max tampon pour lustrage (mm)<\/td>\n<td>200<\/td>\n<\/tr>\n<\/tbody>\n<\/table>\n","product_scheda_es":"<table border=\"1\" cellspacing=\"1\" cellpadding=\"1\">\n<tbody>\n<tr>\n<td align=\"left\">Tecla de bloqueo de eje<\/td>\n<td>\u2022<\/td>\n<\/tr>\n<tr>\n<td align=\"left\">Empu\u00f1adura lateral<\/td>\n<td>\u2022<\/td>\n<\/tr>\n<tr>\n<td align=\"left\">Regulaci\u00f3n de la velocidad soft start<\/td>\n<td>\u2022<\/td>\n<\/tr>\n<tr>\n<td align=\"left\">Peso (Kg)<\/td>\n<td>2,000<\/td>\n<\/tr>\n<tr>\n<td align=\"left\">R.P.M.<\/td>\n<td>700 &#8211; 1850<\/td>\n<\/tr>\n<tr>\n<td align=\"left\">Potencia (W\/hp)<\/td>\n<td>1100<\/td>\n<\/tr>\n<tr>\n<td align=\"left\">\u00d8 max plato pulidor (mm)<\/td>\n<td>200<\/td>\n<\/tr>\n<\/tbody>\n<\/table>\n","thumb":false,"gallery":[{"ID":1001394232,"id":1001394232,"title":"LH18_ANGLE_POLISHER","filename":"LH18_ANGLE_POLISHER.jpg","filesize":51016,"url":"https:\/\/www.rupes.com\/wp-content\/uploads\/2019\/03\/LH18_ANGLE_POLISHER.jpg","link":"https:\/\/www.rupes.com\/de\/product\/lh18ens\/lh18_angle_polisher-2\/","alt":"","author":"1","description":"","caption":"","name":"lh18_angle_polisher-2","status":"inherit","uploaded_to":1001384817,"date":"2020-10-30 15:21:38","modified":"2020-10-30 15:21:55","menu_order":0,"mime_type":"image\/jpeg","type":"image","subtype":"jpeg","icon":"https:\/\/www.rupes.com\/wp-includes\/images\/media\/default.png","width":1200,"height":800,"sizes":{"thumbnail":"https:\/\/www.rupes.com\/wp-content\/uploads\/2019\/03\/LH18_ANGLE_POLISHER-150x150.jpg","thumbnail-width":150,"thumbnail-height":150,"medium":"https:\/\/www.rupes.com\/wp-content\/uploads\/2019\/03\/LH18_ANGLE_POLISHER-300x200.jpg","medium-width":300,"medium-height":200,"medium_large":"https:\/\/www.rupes.com\/wp-content\/uploads\/2019\/03\/LH18_ANGLE_POLISHER-768x512.jpg","medium_large-width":768,"medium_large-height":512,"large":"https:\/\/www.rupes.com\/wp-content\/uploads\/2019\/03\/LH18_ANGLE_POLISHER-1024x683.jpg","large-width":1024,"large-height":683,"1536x1536":"https:\/\/www.rupes.com\/wp-content\/uploads\/2019\/03\/LH18_ANGLE_POLISHER.jpg","1536x1536-width":1200,"1536x1536-height":800,"2048x2048":"https:\/\/www.rupes.com\/wp-content\/uploads\/2019\/03\/LH18_ANGLE_POLISHER.jpg","2048x2048-width":1200,"2048x2048-height":800,"thumb_news":"https:\/\/www.rupes.com\/wp-content\/uploads\/2019\/03\/LH18_ANGLE_POLISHER-350x200.jpg","thumb_news-width":350,"thumb_news-height":200,"boxhome_small":"https:\/\/www.rupes.com\/wp-content\/uploads\/2019\/03\/LH18_ANGLE_POLISHER-200x100.jpg","boxhome_small-width":200,"boxhome_small-height":100,"boxhome_medium":"https:\/\/www.rupes.com\/wp-content\/uploads\/2019\/03\/LH18_ANGLE_POLISHER-300x150.jpg","boxhome_medium-width":300,"boxhome_medium-height":150,"boxhome_large":"https:\/\/www.rupes.com\/wp-content\/uploads\/2019\/03\/LH18_ANGLE_POLISHER-450x200.jpg","boxhome_large-width":450,"boxhome_large-height":200,"boxproducts_large":"https:\/\/www.rupes.com\/wp-content\/uploads\/2019\/03\/LH18_ANGLE_POLISHER-1200x700.jpg","boxproducts_large-width":1200,"boxproducts_large-height":700,"boxproducts_midlarge":"https:\/\/www.rupes.com\/wp-content\/uploads\/2019\/03\/LH18_ANGLE_POLISHER-1200x560.jpg","boxproducts_midlarge-width":1200,"boxproducts_midlarge-height":560,"boxproducts_medium":"https:\/\/www.rupes.com\/wp-content\/uploads\/2019\/03\/LH18_ANGLE_POLISHER-1024x450.jpg","boxproducts_medium-width":1024,"boxproducts_medium-height":450,"boxproducts_small":"https:\/\/www.rupes.com\/wp-content\/uploads\/2019\/03\/LH18_ANGLE_POLISHER-700x305.jpg","boxproducts_small-width":700,"boxproducts_small-height":305,"boxproducts_mobile":"https:\/\/www.rupes.com\/wp-content\/uploads\/2019\/03\/LH18_ANGLE_POLISHER-400x175.jpg","boxproducts_mobile-width":400,"boxproducts_mobile-height":175,"product_thumb":"https:\/\/www.rupes.com\/wp-content\/uploads\/2019\/03\/LH18_ANGLE_POLISHER-300x200.jpg","product_thumb-width":300,"product_thumb-height":200,"product_home":"https:\/\/www.rupes.com\/wp-content\/uploads\/2019\/03\/LH18_ANGLE_POLISHER-1200x700.jpg","product_home-width":1200,"product_home-height":700,"gallery_first":"https:\/\/www.rupes.com\/wp-content\/uploads\/2019\/03\/LH18_ANGLE_POLISHER-750x500.jpg","gallery_first-width":750,"gallery_first-height":500,"gallery_thumb":"https:\/\/www.rupes.com\/wp-content\/uploads\/2019\/03\/LH18_ANGLE_POLISHER-105x70.jpg","gallery_thumb-width":105,"gallery_thumb-height":70,"category_image":"https:\/\/www.rupes.com\/wp-content\/uploads\/2019\/03\/LH18_ANGLE_POLISHER-200x133.jpg","category_image-width":200,"category_image-height":133,"category_thumb":"https:\/\/www.rupes.com\/wp-content\/uploads\/2019\/03\/LH18_ANGLE_POLISHER-100x67.jpg","category_thumb-width":100,"category_thumb-height":67}}],"videos":false,"files":false,"product_b2b_code":"LH18ENS#230\/H5\/DE\/STD","blocco_dimensione":false,"varianti":false,"kit_vendita":false,"blocchi_prodotti_correlati":false,"seleziona_tag_notizie":false,"seleziona_le_recensioni":"","product_b2b_pdf":"https:\/\/b2b.rupes.com\/cdn\/b2b.rupes.com\/areaftp\/esplosipdf\/LH18ENSRIC000.pdf","google_review_link":"https:\/\/www.google.com\/shopping\/product\/5541636995423070133\/reviews","attiva_collegamento":false,"attiva_voice_speech":false,"code_usermanuals":"9.2575","code_usermanuals_usa":""},"_links":{"self":[{"href":"https:\/\/www.rupes.com\/de\/wp-json\/wp\/v2\/products\/1001384817","targetHints":{"allow":["GET"]}}],"collection":[{"href":"https:\/\/www.rupes.com\/de\/wp-json\/wp\/v2\/products"}],"about":[{"href":"https:\/\/www.rupes.com\/de\/wp-json\/wp\/v2\/types\/product"}],"wp:attachment":[{"href":"https:\/\/www.rupes.com\/de\/wp-json\/wp\/v2\/media?parent=1001384817"}],"wp:term":[{"taxonomy":"category_product","embeddable":true,"href":"https:\/\/www.rupes.com\/de\/wp-json\/wp\/v2\/categoryproduct?post=1001384817"}],"curies":[{"name":"wp","href":"https:\/\/api.w.org\/{rel}","templated":true}]}}