{"id":1001384748,"date":"2019-03-08T02:18:47","date_gmt":"2019-03-08T02:18:47","guid":{"rendered":""},"modified":"2024-01-25T11:57:58","modified_gmt":"2024-01-25T10:57:58","slug":"br106aes","status":"publish","type":"product","link":"https:\/\/www.rupes.com\/de\/product\/br106aes\/","title":{"rendered":"Random orbital sander 150mm velcro orbit 6mm BR106AES"},"content":{"rendered":"","protected":false},"featured_media":0,"template":"","meta":{"_acf_changed":false},"categoryproduct":[888965171,888965177],"class_list":["post-1001384748","product","type-product","status-publish","hentry","category_product-electric-tools","category_product-electric-tools-sanders"],"acf":{"product_codice":"BR106AES","scheda_nuova":true,"contact_form":true,"attiva_flag_new_product":false,"product_home":"0","attiva_special_message":"disattivo","product_titolo_it":"LEVIGATRICE ROTORBITALE &Oslash; 150 VELCRO ORB 6mm BR106AES","product_titolo_de":"EXZENTERSCHLEIFER &Oslash; 150 KLETT HUB 6mm BR106AES","product_titolo_fr":"PONCEUSE ORBITALE ALEATOIRE &Oslash; 150 VELCRO ORB 6mm BR106AES","product_titolo_es":"LIJADORA ORBITAL PLATO &Oslash; 150 VELCRO ORB 6mm BR106AES","product_descrizione_en":"<p>MULTIHOLES PAD SLIM: the new RUPES pad, with reduced thickness, increases the stability the centre of gravity.<br \/>\nLight and easy handle sander<br \/>\nLow vibrations\u00a0thanks to accurate balancing<br \/>\nThe anti spinning system\u00a0accelerates the pad gradually in the start up phase, thereby avoiding surface scuffing<br \/>\nElectronic\u00a0module with speed and overload control<br \/>\nVacuum flow control<\/p>\n<p><strong>Applications<\/strong><\/p>\n<ul>\n<li>6 mm orbit: the result of years of experience by RUPES R&amp;D department. Orbit diameter allows the best efficiency (time\/result) in plaster smothering and paint removal without affecting the final quality. 20% more cutting capacity compared to a traditional 5mm orbit. The suggested abrasive range is P180 &#8211; P360<\/li>\n<\/ul>\n","product_descrizione_it":"<p>Il nuovissimo platorello RUPES MULTIHOLE SLIM, grazie alla sua altezza ridotta, consente di raggiungere con facilit\u00e0 i punti di difficile\u00a0accesso e, abbassando il baricentro dell\u2019utensile, ne aumenta la stabilit\u00e0.<br \/>\nLevigatrici angolari leggere e maneggevoli<br \/>\nVibrazioni molto contenute grazie all\u2019ottima bilanciatura<br \/>\nDotate di sistema antispinning, che rende graduale l\u2019accelerazione del platorello nella fase di avviamento, in modo da evitare graffi sulla superficie<br \/>\nModulo elettronico con regolazione della velocit\u00e0 e controllo del sovraccarico<br \/>\nRegolatore di depressione che elimina l\u2019effetto \u201cventosa\u201d<\/p>\n<p><strong>Applicazioni<\/strong><\/p>\n<ul>\n<li>Orbita 6 mm: l\u2019orbita 6 mm \u00e8 il risultato di anni di esperienza effettuata sul campo dai tecnici RUPES. La dimensione dell\u2019orbita consente una massima efficacia (tempo\/risultato) nella spianatura degli stucchi e nella rimozione degli strati di vernice senza pregiudicare la qualit\u00e0 del risultato finale. Fino al 20% pi\u00f9 efficace di un utensile con orbita 5 mm. la grana abrasiva pi\u00f9 indicata \u00e8 compresa tra P220 e P360.<\/li>\n<\/ul>\n","product_descrizione_de":"<p>Mit dem vollkommen neuen Schleifteller RUPES SLIM MULTIHOLE k\u00f6nnen dank der geringen H\u00f6he auch schwer zug\u00e4ngliche Stellen bearbeitet werden. Dar\u00fcber hinaus erh\u00f6ht sich die Stabilit\u00e4t durch einen niedrigeren Schwerpunkt.<br \/>\nLeichter Exzenterschleifer mit guter Handhabung\u00a0Sehr begrenzte Vibrationen dank optimaler Auswuchtung<br \/>\nAusstattung mit Antispinning-System zur Erreichung einer schrittweisen Beschleunigung des Schleiftellers in der Startphase, um Kratzer auf der Oberfl\u00e4che zu vermeiden<\/p>\n<p>Elektronisches Modul mit Drehzahlregelung und \u00dcberlaststeuerung<br \/>\nMit der Saugkraftregulierung wird der Effekt des \u201cAnsaugens\u201d des Schleiftellers auf der Oberfl\u00e4che ausgeschaltet<\/p>\n<p><strong>Anwendungen<\/strong><\/p>\n<ul>\n<li>Schleifhub 6 mm: der Schleifhub von 6 mm beruht auf der langj\u00e4hrigen Erfahrung der RUPES-Techniker vor Ort in vielen Werkst\u00e4tten. Die Dimension des Schleifhubs garantiert die maximale Effizienz. Weniger Zeitaufwand f\u00fcr das gleiche Ergebnis beim Schleifen von Spachtelfl\u00e4chen oder beim Anschleifen von Altlacken, ohne die Qualit\u00e4t des Endergebnisses zu beeintr\u00e4chtigen. Die Effizienz ist bis zu 20% h\u00f6her als bei Exzenter schleifern mit einem Schleifhub von 5 mm. Die ideale K\u00f6rnung liegt zwischen P220 und P360.<\/li>\n<\/ul>\n","product_descrizione_fr":"<p>Gr\u00e2ce \u00e0 sa hauteur r\u00e9duite, le tout nouveau plateau RUPES MULTIHOLE SLIM permet d\u2019atteindre facilement les points difficiles d\u2019acc\u00e8s et augmente la stabilit\u00e9 de l\u2019outil en abaissant son centre de gravit\u00e9<br \/>\nPonceuses angulaires l\u00e9g\u00e8res et maniables<br \/>\nVibrations tr\u00e8s limit\u00e9es gr\u00e2ce \u00e0 l\u2019excellent \u00e9quilibrage<br \/>\n\u00c9quip\u00e9es d\u2019un syst\u00e8me anti-patinage rendant l\u2019acc\u00e9l\u00e9ration du plateau progressive dans la phase de d\u00e9marrage, afin d\u2019\u00e9viter les \u00e9raflures sur la surface<br \/>\nModule \u00e9lectronique avec r\u00e9glage de la vitesse et contr\u00f4le de la surcharge<br \/>\nR\u00e9gulateur de d\u00e9pression \u00e9liminant l\u2019effet \u00ab ventouse \u00bb du plateau sur la surface<\/p>\n<p><strong>Applications<\/strong><\/p>\n<ul>\n<li>L\u2019orbite de 6 mm est le r\u00e9sultat obtenu par les techniciens RUPES apr\u00e8s des ann\u00e9es d\u2019exp\u00e9rience sur le terrain. La dimension de l\u2019orbite permet une efficacit\u00e9 maximale (temps\/r\u00e9sultat) lors du planage des stucs et de l\u2019enl\u00e8vement des couches de peinture sans compromettre la qualit\u00e9 du r\u00e9sultat final. Jusqu\u2019\u00e0 20% plus efficace qu\u2019un outil avec une orbite de 5 mm.<\/li>\n<li>Le grain abrasif le plus indiqu\u00e9 est compris entre P220 et P360.<\/li>\n<\/ul>\n","product_descrizione_es":"<p>MULTIHOLES PAD SLIM: la nueva almohadilla RUPES, de espesor reducido, aumenta la estabilidad del centro de gravedad.<br \/>\nLijadora ligera y de f\u00e1cil manejo<br \/>\nVibraciones bajas &amp; nbsp; gracias a un equilibrado preciso<br \/>\nEl sistema anti-giro &amp; nbsp; acelera la almohadilla gradualmente en la fase de arranque, evitando as\u00ed el rayado de la superficie<br \/>\nM\u00f3dulo &amp; nbsp; electr\u00f3nico con control de velocidad y sobrecarga<br \/>\nControl de flujo de vac\u00edo<\/p>\n<p>&lt;\u201dAplicaciones&lt;\/\u00d7<\/p>\n<ul>\n<li>\u00d3rbita de 6 mm: fruto de a\u00f1os de experiencia del departamento de I + D de RUPES. El di\u00e1metro de la \u00f3rbita permite la mejor eficiencia (tiempo \/ resultado) en el sofocamiento del yeso y la eliminaci\u00f3n de pintura sin afectar la calidad final. 20% m\u00e1s de capacidad de corte en comparaci\u00f3n con una \u00f3rbita tradicional de 5 mm. El rango de abrasivo sugerido es P180 &#8211; P360<\/li>\n<\/ul>\n","product_scheda_en":"<table border=\"1\" cellspacing=\"1\" cellpadding=\"1\">\n<tbody>\n<tr>\n<td align=\"left\">\u00d8 orbit (mm)<\/td>\n<td>6<\/td>\n<\/tr>\n<tr>\n<td align=\"left\">\u00d8 backing pad (mm)<\/td>\n<td>150<\/td>\n<\/tr>\n<tr>\n<td align=\"left\">Holes pad<\/td>\n<td>MULTIHOLE SLIM<\/td>\n<\/tr>\n<tr>\n<td align=\"left\">Power max (W)<\/td>\n<td>550<\/td>\n<\/tr>\n<tr>\n<td align=\"left\">R.P.M.<\/td>\n<td>3000-7000<\/td>\n<\/tr>\n<tr>\n<td align=\"left\">Weight (Kg)<\/td>\n<td>2,2<\/td>\n<\/tr>\n<tr>\n<td align=\"left\">Speed control<\/td>\n<td>\u2022<\/td>\n<\/tr>\n<tr>\n<td align=\"left\">Wheel spindle thread<\/td>\n<td>M8-F<\/td>\n<\/tr>\n<tr>\n<td align=\"left\">Central vacuum<\/td>\n<td>\u2022<\/td>\n<\/tr>\n<\/tbody>\n<\/table>\n","product_scheda_it":"<table style=\"line-height: 1.6;\" border=\"1\" cellspacing=\"1\" cellpadding=\"1\">\n<tbody>\n<tr>\n<td align=\"left\">\u00d8 orbita (mm)<\/td>\n<td>6<\/td>\n<\/tr>\n<tr>\n<td align=\"left\">\u00d8 platorello (mm)<\/td>\n<td>150<\/td>\n<\/tr>\n<tr>\n<td align=\"left\">Foratura<\/td>\n<td>MULTIHOLE SLIM<\/td>\n<\/tr>\n<tr>\n<td align=\"left\">Potenza max (W)<\/td>\n<td>550<\/td>\n<\/tr>\n<tr>\n<td align=\"left\">R.P.M.<\/td>\n<td>3000-7000<\/td>\n<\/tr>\n<tr>\n<td align=\"left\">Peso (Kg)<\/td>\n<td>2,2<\/td>\n<\/tr>\n<tr>\n<td align=\"left\">Regolazione di velocit\u00e0<\/td>\n<td>\u2022<\/td>\n<\/tr>\n<tr>\n<td align=\"left\">Filettatura dell&#8217;albero<\/td>\n<td>M8-F<\/td>\n<\/tr>\n<tr>\n<td align=\"left\">Aspirazione centralizzata<\/td>\n<td>\u2022<\/td>\n<\/tr>\n<\/tbody>\n<\/table>\n","product_scheda_de":"<p><strong>Technische Daten<\/strong><\/p>\n<table border=\"1\" cellspacing=\"1\" cellpadding=\"1\">\n<tbody>\n<tr>\n<td align=\"left\">\u00d8 Schleifhub (mm)<\/td>\n<td>6<\/td>\n<\/tr>\n<tr>\n<td align=\"left\">\u00d8 Klett Schleifteller (mm)<\/td>\n<td>150<\/td>\n<\/tr>\n<tr>\n<td align=\"left\">L\u00c3\u201c\u00c2\u00a7cher<\/td>\n<td>MULTIHOLE SLIM<\/td>\n<\/tr>\n<tr>\n<td align=\"left\">Leistung max (W)<\/td>\n<td>550<\/td>\n<\/tr>\n<tr>\n<td align=\"left\">R.P.M.<\/td>\n<td>3000-7000<\/td>\n<\/tr>\n<tr>\n<td align=\"left\">Gewicht (Kg)<\/td>\n<td>2,2<\/td>\n<\/tr>\n<tr>\n<td align=\"left\">Regulierung der Geschwindigkeit<\/td>\n<td>\u2022<\/td>\n<\/tr>\n<tr>\n<td align=\"left\">Gewinde der Welle<\/td>\n<td>M8-F<\/td>\n<\/tr>\n<tr>\n<td align=\"left\">Zentrales Vacuum<\/td>\n<td>\u2022<\/td>\n<\/tr>\n<\/tbody>\n<\/table>\n","product_scheda_fr":"<table border=\"1\" cellspacing=\"1\" cellpadding=\"1\">\n<tbody>\n<tr>\n<td align=\"left\">\u00d8 orbite (mm)<\/td>\n<td>6<\/td>\n<\/tr>\n<tr>\n<td align=\"left\">\u00d8 plateau (mm)<\/td>\n<td>150<\/td>\n<\/tr>\n<tr>\n<td align=\"left\">Percage<\/td>\n<td>MULTIHOLE SLIM<\/td>\n<\/tr>\n<tr>\n<td align=\"left\">Puissance max (W)<\/td>\n<td>550<\/td>\n<\/tr>\n<tr>\n<td align=\"left\">R.P.M.<\/td>\n<td>3000-7000<\/td>\n<\/tr>\n<tr>\n<td align=\"left\">Poids (Kg)<\/td>\n<td>2,2<\/td>\n<\/tr>\n<tr>\n<td align=\"left\">R\u00e9glage de la vitesse<\/td>\n<td>\u2022<\/td>\n<\/tr>\n<tr>\n<td align=\"left\">Filetage arbre porte-rouleau<\/td>\n<td>M8-F<\/td>\n<\/tr>\n<tr>\n<td align=\"left\">Aspiration centrale<\/td>\n<td>\u2022<\/td>\n<\/tr>\n<\/tbody>\n<\/table>\n","product_scheda_es":"<table style=\"line-height: 1.6;\" border=\"1\" cellspacing=\"1\" cellpadding=\"1\">\n<tbody>\n<tr>\n<td align=\"left\">\u00d8 orbita (mm)<\/td>\n<td>6<\/td>\n<\/tr>\n<tr>\n<td align=\"left\">\u00d8 platorello (mm)<\/td>\n<td>150<\/td>\n<\/tr>\n<tr>\n<td align=\"left\">Foratura<\/td>\n<td>MULTIHOLE SLIM<\/td>\n<\/tr>\n<tr>\n<td align=\"left\">Potenza max (W)<\/td>\n<td>550<\/td>\n<\/tr>\n<tr>\n<td align=\"left\">R.P.M.<\/td>\n<td>3000-7000<\/td>\n<\/tr>\n<tr>\n<td align=\"left\">Peso (Kg)<\/td>\n<td>2,2<\/td>\n<\/tr>\n<tr>\n<td align=\"left\">Regolazione di velocit &amp; agrave;<\/td>\n<td>\u2022<\/td>\n<\/tr>\n<tr>\n<td align=\"left\">Filettatura dell &amp; # 39; albero<\/td>\n<td>M8-F<\/td>\n<\/tr>\n<tr>\n<td align=\"left\">Aspirazione centralizzata<\/td>\n<td>\u2022<\/td>\n<\/tr>\n<\/tbody>\n<\/table>\n","thumb":false,"gallery":[{"ID":1001394922,"id":1001394922,"title":"BR106AES_Random-orbital-sander-150mm-velcro-orbit-6mm","filename":"BR106AES_Random-orbital-sander-150mm-velcro-orbit-6mm.jpg","filesize":40588,"url":"https:\/\/www.rupes.com\/wp-content\/uploads\/2019\/03\/BR106AES_Random-orbital-sander-150mm-velcro-orbit-6mm.jpg","link":"https:\/\/www.rupes.com\/de\/product\/br106aes\/br106aes_random-orbital-sander-150mm-velcro-orbit-6mm-2\/","alt":"BR106AES - Random orbital sander 150mm velcro orbit 6mm","author":"1","description":"BR106AES - Random orbital sander 150mm velcro orbit 6mm","caption":"BR106AES - Random orbital sander 150mm velcro orbit 6mm","name":"br106aes_random-orbital-sander-150mm-velcro-orbit-6mm-2","status":"inherit","uploaded_to":1001384748,"date":"2020-11-09 15:12:53","modified":"2020-11-09 15:13:28","menu_order":0,"mime_type":"image\/jpeg","type":"image","subtype":"jpeg","icon":"https:\/\/www.rupes.com\/wp-includes\/images\/media\/default.png","width":560,"height":375,"sizes":{"thumbnail":"https:\/\/www.rupes.com\/wp-content\/uploads\/2019\/03\/BR106AES_Random-orbital-sander-150mm-velcro-orbit-6mm-150x150.jpg","thumbnail-width":150,"thumbnail-height":150,"medium":"https:\/\/www.rupes.com\/wp-content\/uploads\/2019\/03\/BR106AES_Random-orbital-sander-150mm-velcro-orbit-6mm-300x201.jpg","medium-width":300,"medium-height":201,"medium_large":"https:\/\/www.rupes.com\/wp-content\/uploads\/2019\/03\/BR106AES_Random-orbital-sander-150mm-velcro-orbit-6mm.jpg","medium_large-width":560,"medium_large-height":375,"large":"https:\/\/www.rupes.com\/wp-content\/uploads\/2019\/03\/BR106AES_Random-orbital-sander-150mm-velcro-orbit-6mm.jpg","large-width":560,"large-height":375,"1536x1536":"https:\/\/www.rupes.com\/wp-content\/uploads\/2019\/03\/BR106AES_Random-orbital-sander-150mm-velcro-orbit-6mm.jpg","1536x1536-width":560,"1536x1536-height":375,"2048x2048":"https:\/\/www.rupes.com\/wp-content\/uploads\/2019\/03\/BR106AES_Random-orbital-sander-150mm-velcro-orbit-6mm.jpg","2048x2048-width":560,"2048x2048-height":375,"thumb_news":"https:\/\/www.rupes.com\/wp-content\/uploads\/2019\/03\/BR106AES_Random-orbital-sander-150mm-velcro-orbit-6mm-350x200.jpg","thumb_news-width":350,"thumb_news-height":200,"boxhome_small":"https:\/\/www.rupes.com\/wp-content\/uploads\/2019\/03\/BR106AES_Random-orbital-sander-150mm-velcro-orbit-6mm-200x100.jpg","boxhome_small-width":200,"boxhome_small-height":100,"boxhome_medium":"https:\/\/www.rupes.com\/wp-content\/uploads\/2019\/03\/BR106AES_Random-orbital-sander-150mm-velcro-orbit-6mm-300x150.jpg","boxhome_medium-width":300,"boxhome_medium-height":150,"boxhome_large":"https:\/\/www.rupes.com\/wp-content\/uploads\/2019\/03\/BR106AES_Random-orbital-sander-150mm-velcro-orbit-6mm-450x200.jpg","boxhome_large-width":450,"boxhome_large-height":200,"boxproducts_large":"https:\/\/www.rupes.com\/wp-content\/uploads\/2019\/03\/BR106AES_Random-orbital-sander-150mm-velcro-orbit-6mm.jpg","boxproducts_large-width":560,"boxproducts_large-height":375,"boxproducts_midlarge":"https:\/\/www.rupes.com\/wp-content\/uploads\/2019\/03\/BR106AES_Random-orbital-sander-150mm-velcro-orbit-6mm.jpg","boxproducts_midlarge-width":560,"boxproducts_midlarge-height":375,"boxproducts_medium":"https:\/\/www.rupes.com\/wp-content\/uploads\/2019\/03\/BR106AES_Random-orbital-sander-150mm-velcro-orbit-6mm.jpg","boxproducts_medium-width":560,"boxproducts_medium-height":375,"boxproducts_small":"https:\/\/www.rupes.com\/wp-content\/uploads\/2019\/03\/BR106AES_Random-orbital-sander-150mm-velcro-orbit-6mm-560x305.jpg","boxproducts_small-width":560,"boxproducts_small-height":305,"boxproducts_mobile":"https:\/\/www.rupes.com\/wp-content\/uploads\/2019\/03\/BR106AES_Random-orbital-sander-150mm-velcro-orbit-6mm-400x175.jpg","boxproducts_mobile-width":400,"boxproducts_mobile-height":175,"product_thumb":"https:\/\/www.rupes.com\/wp-content\/uploads\/2019\/03\/BR106AES_Random-orbital-sander-150mm-velcro-orbit-6mm-300x200.jpg","product_thumb-width":300,"product_thumb-height":200,"product_home":"https:\/\/www.rupes.com\/wp-content\/uploads\/2019\/03\/BR106AES_Random-orbital-sander-150mm-velcro-orbit-6mm.jpg","product_home-width":560,"product_home-height":375,"gallery_first":"https:\/\/www.rupes.com\/wp-content\/uploads\/2019\/03\/BR106AES_Random-orbital-sander-150mm-velcro-orbit-6mm.jpg","gallery_first-width":560,"gallery_first-height":375,"gallery_thumb":"https:\/\/www.rupes.com\/wp-content\/uploads\/2019\/03\/BR106AES_Random-orbital-sander-150mm-velcro-orbit-6mm-105x70.jpg","gallery_thumb-width":105,"gallery_thumb-height":70,"category_image":"https:\/\/www.rupes.com\/wp-content\/uploads\/2019\/03\/BR106AES_Random-orbital-sander-150mm-velcro-orbit-6mm-200x134.jpg","category_image-width":200,"category_image-height":134,"category_thumb":"https:\/\/www.rupes.com\/wp-content\/uploads\/2019\/03\/BR106AES_Random-orbital-sander-150mm-velcro-orbit-6mm-100x67.jpg","category_thumb-width":100,"category_thumb-height":67}}],"videos":false,"files":false,"product_b2b_code":"BR106AES#230\/H5\/DE\/STD","blocco_dimensione":false,"varianti":false,"kit_vendita":false,"blocchi_prodotti_correlati":false,"seleziona_tag_notizie":false,"seleziona_le_recensioni":"","product_b2b_pdf":"https:\/\/b2b.rupes.com\/cdn\/b2b.rupes.com\/areaftp\/esplosipdf\/BR106AESRIC000.pdf","google_review_link":"","attiva_collegamento":false,"attiva_voice_speech":false,"code_usermanuals":"9.2588","code_usermanuals_usa":""},"_links":{"self":[{"href":"https:\/\/www.rupes.com\/de\/wp-json\/wp\/v2\/products\/1001384748","targetHints":{"allow":["GET"]}}],"collection":[{"href":"https:\/\/www.rupes.com\/de\/wp-json\/wp\/v2\/products"}],"about":[{"href":"https:\/\/www.rupes.com\/de\/wp-json\/wp\/v2\/types\/product"}],"wp:attachment":[{"href":"https:\/\/www.rupes.com\/de\/wp-json\/wp\/v2\/media?parent=1001384748"}],"wp:term":[{"taxonomy":"category_product","embeddable":true,"href":"https:\/\/www.rupes.com\/de\/wp-json\/wp\/v2\/categoryproduct?post=1001384748"}],"curies":[{"name":"wp","href":"https:\/\/api.w.org\/{rel}","templated":true}]}}