{"id":1001384742,"date":"2019-03-08T02:18:46","date_gmt":"2019-03-08T02:18:46","guid":{"rendered":""},"modified":"2022-09-22T09:51:29","modified_gmt":"2022-09-22T07:51:29","slug":"ba215s","status":"publish","type":"product","link":"https:\/\/www.rupes.com\/de\/product\/ba215s\/","title":{"rendered":"MINI ANGLE GRINDER BA215S"},"content":{"rendered":"","protected":false},"featured_media":0,"template":"","meta":{"_acf_changed":false},"categoryproduct":[888965171,888965174],"class_list":["post-1001384742","product","type-product","status-publish","hentry","category_product-electric-tools","category_product-electric-tools-grinders"],"acf":{"product_codice":"BA215S","scheda_nuova":true,"contact_form":true,"attiva_flag_new_product":false,"product_home":"0","attiva_special_message":"disattivo","product_titolo_it":"MINI SMERIGLIATRICE ANGOLARE BA215S ","product_titolo_de":"MINI WINKELSCHLEIFER BA215S ","product_titolo_fr":"MINI MEULEUSE D ANGLE BA215S ","product_titolo_es":"MINI AMOLADORA ANGULAR BA215S ","product_descrizione_en":"<p>Heavy duty motor<br \/>\nCompact size<br \/>\nShaft locking button\u00a0for easy disc removal<br \/>\nElectrical parts insulated\u00a0with special resins for greater protection and longer life of the tool<br \/>\nSide handle reversible\u00a0right &#8211; left<\/p>\n<p><strong>Applications<\/strong><\/p>\n<ul>\n<li>Light carpentry<\/li>\n<li>Tiles, ceramics and granite cutting<\/li>\n<li>Rust removal<\/li>\n<\/ul>\n","product_descrizione_it":"<p>Motore per impieghi pesanti<br \/>\nDimensioni compatte<br \/>\nTasto blocca albero\u00a0per una facile rimozione del disco<br \/>\nComponenti elettrici isolati\u00a0con speciali resine epossidiche per una maggior durata della vita dell&#8217;utensile<br \/>\nImpugnatura laterale\u00a0montabile sia a destra che a sinistra<\/p>\n<ul>\n<li>Piccoli lavori di carpenteria<\/li>\n<li>Taglio di piastrelle, ceramiche e graniti<\/li>\n<li>Rimozione ossidi<\/li>\n<\/ul>\n","product_descrizione_de":"<p>Kompakte Abmessungen<\/p>\n<p>Spindelarretierungs-Taste zum einfachen Entfernen der Scheibe<br \/>\nSchutz der Motorwicklung mit Epoxidharz<br \/>\nSeitlicher Griff, rechts und links montierbar<\/p>\n<ul>\n<li>Kleine Tischlerarbeiten<\/li>\n<li>Schneiden von Fliesen, Keramikmaterial und Granit<\/li>\n<li>Herstellung von Nuten<\/li>\n<li>Entfernung von Roststellen<\/li>\n<\/ul>\n","product_descrizione_fr":"<p>Dimensions compactes<br \/>\nTouche de verrouillage de l\u2019arbre pour faciliter le retrait du disque<br \/>\nBobinage du moteur prot\u00e9g\u00e9 par de la r\u00e9sine \u00e9poxy<br \/>\nPoign\u00e9e lat\u00e9rale mont\u00e9e \u00e0 droite ou \u00e0 gauche<\/p>\n<ul>\n<li>Petits travaux de charpenterie.<\/li>\n<li>Coupe de carreaux, de c\u00e9ramique et de granite.<\/li>\n<li>R\u00e9alisation de rainures.<\/li>\n<li>\u00c9limination des oxydes.<\/li>\n<\/ul>\n","product_descrizione_es":"","product_scheda_en":"<table border=\"1\" cellspacing=\"1\" cellpadding=\"1\">\n<tbody>\n<tr>\n<td align=\"left\">\u00d8 disc (mm)<\/td>\n<td>115<\/td>\n<\/tr>\n<tr>\n<td align=\"left\">Power max (W)<\/td>\n<td>950<\/td>\n<\/tr>\n<tr>\n<td align=\"left\">R.P.M.<\/td>\n<td>11000<\/td>\n<\/tr>\n<tr>\n<td align=\"left\">Weight (Kg)<\/td>\n<td>2<\/td>\n<\/tr>\n<tr>\n<td align=\"left\">Wheel spindle thread<\/td>\n<td>M14 &#8211; M<\/td>\n<\/tr>\n<tr>\n<td align=\"left\">Shaft locking button<\/td>\n<td>\u2022<\/td>\n<\/tr>\n<tr>\n<td align=\"left\">Turning guard<\/td>\n<td>\u2022<\/td>\n<\/tr>\n<tr>\n<td align=\"left\">Side handle<\/td>\n<td>\u2022<\/td>\n<\/tr>\n<\/tbody>\n<\/table>\n","product_scheda_it":"<table border=\"1\" cellspacing=\"1\" cellpadding=\"1\">\n<tbody>\n<tr>\n<td align=\"left\">\u00d8 disco (mm)<\/td>\n<td>115<\/td>\n<\/tr>\n<tr>\n<td align=\"left\">Potenza max (W)<\/td>\n<td>950<\/td>\n<\/tr>\n<tr>\n<td align=\"left\">R.P.M.<\/td>\n<td>11000<\/td>\n<\/tr>\n<tr>\n<td align=\"left\">Peso (Kg)<\/td>\n<td>2<\/td>\n<\/tr>\n<tr>\n<td align=\"left\">Filettatura dell&#8217;albero<\/td>\n<td>M14 &#8211; M<\/td>\n<\/tr>\n<tr>\n<td align=\"left\">Tasto blocca albero<\/td>\n<td>\u2022<\/td>\n<\/tr>\n<tr>\n<td align=\"left\">Protezione girevole<\/td>\n<td>\u2022<\/td>\n<\/tr>\n<tr>\n<td align=\"left\">Impugnatura laterale<\/td>\n<td>\u2022<\/td>\n<\/tr>\n<\/tbody>\n<\/table>\n","product_scheda_de":"<table border=\"1\" cellspacing=\"1\" cellpadding=\"1\">\n<tbody>\n<tr>\n<td align=\"left\">\u00d8 Schleifscheibe (mm)<\/td>\n<td>115<\/td>\n<\/tr>\n<tr>\n<td align=\"left\">Leistung max (W)<\/td>\n<td>950<\/td>\n<\/tr>\n<tr>\n<td align=\"left\">R.P.M.<\/td>\n<td>11000<\/td>\n<\/tr>\n<tr>\n<td align=\"left\">Gewicht (Kg)<\/td>\n<td>2<\/td>\n<\/tr>\n<tr>\n<td align=\"left\">Gewinde der Welle<\/td>\n<td>M14 &#8211; M<\/td>\n<\/tr>\n<tr>\n<td align=\"left\">Spindelarretierung Taste<\/td>\n<td>\u2022<\/td>\n<\/tr>\n<tr>\n<td align=\"left\">Drehbarer Schutz<\/td>\n<td>\u2022<\/td>\n<\/tr>\n<tr>\n<td align=\"left\">Seitlicher Griff<\/td>\n<td>\u2022<\/td>\n<\/tr>\n<\/tbody>\n<\/table>\n","product_scheda_fr":"<table border=\"1\" cellspacing=\"1\" cellpadding=\"1\">\n<tbody>\n<tr>\n<td align=\"left\">\u00d8 disque (mm)<\/td>\n<td>115<\/td>\n<\/tr>\n<tr>\n<td align=\"left\">Puissance max (W)<\/td>\n<td>950<\/td>\n<\/tr>\n<tr>\n<td align=\"left\">R.P.M.<\/td>\n<td>11000<\/td>\n<\/tr>\n<tr>\n<td align=\"left\">Poids (Kg)<\/td>\n<td>2<\/td>\n<\/tr>\n<tr>\n<td align=\"left\">Filetage arbre porte-rouleau<\/td>\n<td>M14 &#8211; M<\/td>\n<\/tr>\n<tr>\n<td align=\"left\">Touche d\u00e9crochage du albre<\/td>\n<td>\u2022<\/td>\n<\/tr>\n<tr>\n<td align=\"left\">Protection tournante<\/td>\n<td>\u2022<\/td>\n<\/tr>\n<tr>\n<td align=\"left\">Poign\u00e9e lat\u00e9rale<\/td>\n<td>\u2022<\/td>\n<\/tr>\n<\/tbody>\n<\/table>\n","product_scheda_es":"","thumb":false,"gallery":[{"ID":1001400252,"id":1001400252,"title":"BA215S-BA225S_Mini_angle_grinder","filename":"BA215S-BA225S_Mini_angle_grinder-1.jpg","filesize":67232,"url":"https:\/\/www.rupes.com\/wp-content\/uploads\/2019\/03\/BA215S-BA225S_Mini_angle_grinder-1.jpg","link":"https:\/\/www.rupes.com\/de\/product\/ba215s\/ba215s-ba225s_mini_angle_grinder-2-2\/","alt":"","author":"1","description":"","caption":"","name":"ba215s-ba225s_mini_angle_grinder-2-2","status":"inherit","uploaded_to":1001384742,"date":"2022-03-21 08:10:34","modified":"2022-03-21 08:10:45","menu_order":0,"mime_type":"image\/jpeg","type":"image","subtype":"jpeg","icon":"https:\/\/www.rupes.com\/wp-includes\/images\/media\/default.png","width":560,"height":373,"sizes":{"thumbnail":"https:\/\/www.rupes.com\/wp-content\/uploads\/2019\/03\/BA215S-BA225S_Mini_angle_grinder-1-150x150.jpg","thumbnail-width":150,"thumbnail-height":150,"medium":"https:\/\/www.rupes.com\/wp-content\/uploads\/2019\/03\/BA215S-BA225S_Mini_angle_grinder-1-300x200.jpg","medium-width":300,"medium-height":200,"medium_large":"https:\/\/www.rupes.com\/wp-content\/uploads\/2019\/03\/BA215S-BA225S_Mini_angle_grinder-1.jpg","medium_large-width":560,"medium_large-height":373,"large":"https:\/\/www.rupes.com\/wp-content\/uploads\/2019\/03\/BA215S-BA225S_Mini_angle_grinder-1.jpg","large-width":560,"large-height":373,"1536x1536":"https:\/\/www.rupes.com\/wp-content\/uploads\/2019\/03\/BA215S-BA225S_Mini_angle_grinder-1.jpg","1536x1536-width":560,"1536x1536-height":373,"2048x2048":"https:\/\/www.rupes.com\/wp-content\/uploads\/2019\/03\/BA215S-BA225S_Mini_angle_grinder-1.jpg","2048x2048-width":560,"2048x2048-height":373,"thumb_news":"https:\/\/www.rupes.com\/wp-content\/uploads\/2019\/03\/BA215S-BA225S_Mini_angle_grinder-1-350x200.jpg","thumb_news-width":350,"thumb_news-height":200,"boxhome_small":"https:\/\/www.rupes.com\/wp-content\/uploads\/2019\/03\/BA215S-BA225S_Mini_angle_grinder-1-200x100.jpg","boxhome_small-width":200,"boxhome_small-height":100,"boxhome_medium":"https:\/\/www.rupes.com\/wp-content\/uploads\/2019\/03\/BA215S-BA225S_Mini_angle_grinder-1-300x150.jpg","boxhome_medium-width":300,"boxhome_medium-height":150,"boxhome_large":"https:\/\/www.rupes.com\/wp-content\/uploads\/2019\/03\/BA215S-BA225S_Mini_angle_grinder-1-450x200.jpg","boxhome_large-width":450,"boxhome_large-height":200,"boxproducts_large":"https:\/\/www.rupes.com\/wp-content\/uploads\/2019\/03\/BA215S-BA225S_Mini_angle_grinder-1.jpg","boxproducts_large-width":560,"boxproducts_large-height":373,"boxproducts_midlarge":"https:\/\/www.rupes.com\/wp-content\/uploads\/2019\/03\/BA215S-BA225S_Mini_angle_grinder-1.jpg","boxproducts_midlarge-width":560,"boxproducts_midlarge-height":373,"boxproducts_medium":"https:\/\/www.rupes.com\/wp-content\/uploads\/2019\/03\/BA215S-BA225S_Mini_angle_grinder-1.jpg","boxproducts_medium-width":560,"boxproducts_medium-height":373,"boxproducts_small":"https:\/\/www.rupes.com\/wp-content\/uploads\/2019\/03\/BA215S-BA225S_Mini_angle_grinder-1-560x305.jpg","boxproducts_small-width":560,"boxproducts_small-height":305,"boxproducts_mobile":"https:\/\/www.rupes.com\/wp-content\/uploads\/2019\/03\/BA215S-BA225S_Mini_angle_grinder-1-400x175.jpg","boxproducts_mobile-width":400,"boxproducts_mobile-height":175,"product_thumb":"https:\/\/www.rupes.com\/wp-content\/uploads\/2019\/03\/BA215S-BA225S_Mini_angle_grinder-1-300x200.jpg","product_thumb-width":300,"product_thumb-height":200,"product_home":"https:\/\/www.rupes.com\/wp-content\/uploads\/2019\/03\/BA215S-BA225S_Mini_angle_grinder-1.jpg","product_home-width":560,"product_home-height":373,"gallery_first":"https:\/\/www.rupes.com\/wp-content\/uploads\/2019\/03\/BA215S-BA225S_Mini_angle_grinder-1.jpg","gallery_first-width":560,"gallery_first-height":373,"gallery_thumb":"https:\/\/www.rupes.com\/wp-content\/uploads\/2019\/03\/BA215S-BA225S_Mini_angle_grinder-1-105x70.jpg","gallery_thumb-width":105,"gallery_thumb-height":70,"category_image":"https:\/\/www.rupes.com\/wp-content\/uploads\/2019\/03\/BA215S-BA225S_Mini_angle_grinder-1-200x133.jpg","category_image-width":200,"category_image-height":133,"category_thumb":"https:\/\/www.rupes.com\/wp-content\/uploads\/2019\/03\/BA215S-BA225S_Mini_angle_grinder-1-100x67.jpg","category_thumb-width":100,"category_thumb-height":67}}],"videos":false,"files":false,"product_b2b_code":"BA215S#048\/H0\/S0\/STD","blocco_dimensione":false,"varianti":false,"kit_vendita":false,"blocchi_prodotti_correlati":false,"seleziona_tag_notizie":false,"seleziona_le_recensioni":"","product_b2b_pdf":"https:\/\/b2b.rupes.com\/cdn\/b2b.rupes.com\/areaftp\/esplosipdf\/BA215SBTRIC000.pdf","attiva_voice_speech":false,"google_review_link":"","attiva_collegamento":false,"code_usermanuals":"9.2497","code_usermanuals_usa":""},"_links":{"self":[{"href":"https:\/\/www.rupes.com\/de\/wp-json\/wp\/v2\/products\/1001384742","targetHints":{"allow":["GET"]}}],"collection":[{"href":"https:\/\/www.rupes.com\/de\/wp-json\/wp\/v2\/products"}],"about":[{"href":"https:\/\/www.rupes.com\/de\/wp-json\/wp\/v2\/types\/product"}],"wp:attachment":[{"href":"https:\/\/www.rupes.com\/de\/wp-json\/wp\/v2\/media?parent=1001384742"}],"wp:term":[{"taxonomy":"category_product","embeddable":true,"href":"https:\/\/www.rupes.com\/de\/wp-json\/wp\/v2\/categoryproduct?post=1001384742"}],"curies":[{"name":"wp","href":"https:\/\/api.w.org\/{rel}","templated":true}]}}